{"id":39292,"date":"2024-05-12T19:44:12","date_gmt":"2024-05-12T17:44:34","guid":{"rendered":"https:\/\/dutchmicrodosing.com\/shop\/senza-categoria\/mondo-liquido-cultura-spray\/"},"modified":"2025-02-20T14:25:10","modified_gmt":"2025-02-20T13:25:10","slug":"mondo-liquido-cultura-spray","status":"publish","type":"product","link":"https:\/\/dutchmicrodosing.com\/it\/spore-fungo\/siringhe-coltura-liquida\/mondo-liquido-cultura-spray\/","title":{"rendered":"Siringa per coltura liquida Mondo &#8211; 25 ML"},"content":{"rendered":"<p>Il prodotto <strong>Mondo Liquid Culture<\/strong> sembra effettivamente raddoppiare il tasso di colonizzazione delle spore. \u00c8 sufficiente iniettare 1 ml di spore nel flacone e agitarlo quotidianamente. Entro 2-14 giorni, potrai osservare la crescita del micelio. Un grande vantaggio \u00e8 che non \u00e8 necessario un ambiente sterile per questo processo. Inoltre, il prodotto ha una durata di conservazione fino a un anno a una temperatura compresa tra i 4 e i 6 \u00b0C. Questo lo rende una soluzione ideale per la produzione di massa, la conservazione e le culture commerciali. In altre parole, Mondo Liquid Culture offre un metodo semplice ed efficiente per la coltivazione e il mantenimento di colture fungine.<\/p>\n<h2>I passaggi per l&#8217;utilizzo di un flacone di spore di coltura liquida:<\/h2>\n<ol>\n<li><strong>Preparazione:<\/strong>\n<ul>\n<li>Assicurati che tutti i materiali e le superfici siano puliti e sterili.<\/li>\n<li>Per disinfettare le superfici e le mani si pu\u00f2 usare un panno a pressione o dell&#8217;alcol.<\/li>\n<\/ul>\n<\/li>\n<li><strong>Inoculazione:<\/strong>\n<ul>\n<li>Aggiungi le spore al liquido nella bottiglia. Questo pu\u00f2 essere fatto utilizzando una siringa sterile.<\/li>\n<li>Chiudi bene il flacone per evitare contaminazioni.<\/li>\n<\/ul>\n<\/li>\n<li><strong>Incubazione:<\/strong>\n<ul>\n<li>Metti la bottiglia in un luogo caldo e buio (idealmente tra i 21-27\u00b0C) per permettere al micelio di crescere.<\/li>\n<li>Agita il flacone ogni giorno per favorire la crescita del micelio e prevenirne l&#8217;ammassamento.<\/li>\n<\/ul>\n<\/li>\n<li><strong>Uso:<\/strong>\n<ul>\n<li>Una volta che il micelio \u00e8 cresciuto bene (possono essere necessari diversi giorni o settimane), il liquido pu\u00f2 essere utilizzato per inoculare il substrato.<\/li>\n<li>Usa una siringa sterile per aspirare una quantit\u00e0 di coltura liquida e iniettarla nel substrato sterile.<\/li>\n<\/ul>\n<\/li>\n<\/ol>\n<h2>I benefici della coltura liquida:<\/h2>\n<ul>\n<li><strong>Crescita pi\u00f9 rapida:<\/strong> il micelio in un liquido tende a crescere pi\u00f9 rapidamente rispetto al substrato solido.<\/li>\n<li><strong>Facile da moltiplicare:<\/strong> una piccola quantit\u00e0 di coltura liquida pu\u00f2 essere utilizzata per inoculare diversi vasi di substrato.<\/li>\n<li><strong>Minori possibilit\u00e0 di contaminazione:<\/strong> Poich\u00e9 il liquido \u00e8 sterile, le possibilit\u00e0 di contaminazione da parte di altri microrganismi sono minori rispetto ad altri metodi.<\/li>\n<\/ul>\n<h2>Contenuto della bottiglia di spore Mondo Liquid Culture Vial<\/h2>\n<ul>\n<li>Mondo Liquid Culture Vial 25ml<\/li>\n<li>Salviette alcoliche sterili<\/li>\n<li>Siringa sterile con ago da 18<\/li>\n<\/ul>\n<h2>Conservare il flacone di spore Mondo Liquid Culture Vial<\/h2>\n<p>Poich\u00e9 si tratta di un prodotto delicato, ti consigliamo di mettere il flacone di spore in frigorifero subito dopo averlo ricevuto per 24 ore con una temperatura compresa tra 2 e 8 gradi prima di utilizzarlo.<\/p>\n","protected":false},"excerpt":{"rendered":"<p>Il prodotto Mondo Liquid Culture sembra effettivamente raddoppiare il tasso di colonizzazione delle spore. \u00c8 sufficiente iniettare 1 ml di spore nel flacone e agitarlo quotidianamente. Entro 2-14 giorni, potrai osservare la crescita del micelio. Un grande vantaggio \u00e8 che non \u00e8 necessario un ambiente sterile per questo processo. Inoltre, il prodotto ha una durata [&hellip;]<\/p>\n","protected":false},"featured_media":39301,"comment_status":"closed","ping_status":"closed","template":"","meta":[],"product_brand":[],"product_cat":[357],"product_tag":[],"class_list":{"0":"post-39292","1":"product","2":"type-product","3":"status-publish","4":"has-post-thumbnail","6":"product_cat-siringhe-coltura-liquida","8":"first","9":"outofstock","10":"taxable","11":"shipping-taxable","12":"purchasable","13":"product-type-simple"},"yoast_head":"<!-- This site is optimized with the Yoast SEO Premium plugin v26.4 (Yoast SEO v27.4) - https:\/\/yoast.com\/product\/yoast-seo-premium-wordpress\/ -->\n<title>Siringa per coltura liquida Mondo - 25 ML - Dutchmicrodosing<\/title>\n<meta name=\"description\" content=\"Scopri i vantaggi di una bottiglia per spore in coltura liquida per una coltura efficiente del micelio nella coltivazione dei funghi. Germinazione pi\u00f9 rapida delle spore dei tuoi funghi!\" \/>\n<meta name=\"robots\" content=\"index, follow, max-snippet:-1, max-image-preview:large, max-video-preview:-1\" \/>\n<link rel=\"canonical\" href=\"https:\/\/dutchmicrodosing.com\/it\/spore-fungo\/siringhe-coltura-liquida\/mondo-liquido-cultura-spray\/\" \/>\n<meta property=\"og:locale\" content=\"it_IT\" \/>\n<meta property=\"og:type\" content=\"article\" \/>\n<meta property=\"og:title\" content=\"Siringa per coltura liquida Mondo - 25 ML\" \/>\n<meta property=\"og:description\" content=\"Il prodotto Mondo Liquid Culture sembra effettivamente raddoppiare il tasso di colonizzazione delle spore. \u00c8 sufficiente iniettare 1 ml di spore nel\" \/>\n<meta property=\"og:url\" content=\"https:\/\/dutchmicrodosing.com\/it\/spore-fungo\/siringhe-coltura-liquida\/mondo-liquido-cultura-spray\/\" \/>\n<meta property=\"og:site_name\" content=\"Dutchmicrodosing\" \/>\n<meta property=\"article:publisher\" content=\"https:\/\/www.facebook.com\/Dutchmicrodosingxp\/\" \/>\n<meta property=\"article:modified_time\" content=\"2025-02-20T13:25:10+00:00\" \/>\n<meta property=\"og:image\" content=\"https:\/\/dutchmicrodosing.com\/wp-content\/uploads\/2024\/05\/mushroom-grow-supplies-mondo-liquid-culture-vial-2.jpg\" \/>\n\t<meta property=\"og:image:width\" content=\"600\" \/>\n\t<meta property=\"og:image:height\" content=\"600\" \/>\n\t<meta property=\"og:image:type\" content=\"image\/jpeg\" \/>\n<meta name=\"twitter:card\" content=\"summary_large_image\" \/>\n<script type=\"application\/ld+json\" class=\"yoast-schema-graph\">{\"@context\":\"https:\\\/\\\/schema.org\",\"@graph\":[{\"@type\":\"WebPage\",\"@id\":\"https:\\\/\\\/dutchmicrodosing.com\\\/it\\\/spore-fungo\\\/siringhe-coltura-liquida\\\/mondo-liquido-cultura-spray\\\/\",\"url\":\"https:\\\/\\\/dutchmicrodosing.com\\\/it\\\/spore-fungo\\\/siringhe-coltura-liquida\\\/mondo-liquido-cultura-spray\\\/\",\"name\":\"Siringa per coltura liquida Mondo - 25 ML - Dutchmicrodosing\",\"isPartOf\":{\"@id\":\"https:\\\/\\\/dutchmicrodosing.com\\\/it\\\/#website\"},\"primaryImageOfPage\":{\"@id\":\"https:\\\/\\\/dutchmicrodosing.com\\\/it\\\/spore-fungo\\\/siringhe-coltura-liquida\\\/mondo-liquido-cultura-spray\\\/#primaryimage\"},\"image\":{\"@id\":\"https:\\\/\\\/dutchmicrodosing.com\\\/it\\\/spore-fungo\\\/siringhe-coltura-liquida\\\/mondo-liquido-cultura-spray\\\/#primaryimage\"},\"thumbnailUrl\":\"https:\\\/\\\/dutchmicrodosing.com\\\/wp-content\\\/uploads\\\/2024\\\/05\\\/mushroom-grow-supplies-mondo-liquid-culture-vial-2.jpg\",\"datePublished\":\"2024-05-12T17:44:34+00:00\",\"dateModified\":\"2025-02-20T13:25:10+00:00\",\"description\":\"Scopri i vantaggi di una bottiglia per spore in coltura liquida per una coltura efficiente del micelio nella coltivazione dei funghi. Germinazione pi\u00f9 rapida delle spore dei tuoi funghi!\",\"breadcrumb\":{\"@id\":\"https:\\\/\\\/dutchmicrodosing.com\\\/it\\\/spore-fungo\\\/siringhe-coltura-liquida\\\/mondo-liquido-cultura-spray\\\/#breadcrumb\"},\"inLanguage\":\"it-IT\",\"potentialAction\":[{\"@type\":\"ReadAction\",\"target\":[\"https:\\\/\\\/dutchmicrodosing.com\\\/it\\\/spore-fungo\\\/siringhe-coltura-liquida\\\/mondo-liquido-cultura-spray\\\/\"]}]},{\"@type\":\"ImageObject\",\"inLanguage\":\"it-IT\",\"@id\":\"https:\\\/\\\/dutchmicrodosing.com\\\/it\\\/spore-fungo\\\/siringhe-coltura-liquida\\\/mondo-liquido-cultura-spray\\\/#primaryimage\",\"url\":\"https:\\\/\\\/dutchmicrodosing.com\\\/wp-content\\\/uploads\\\/2024\\\/05\\\/mushroom-grow-supplies-mondo-liquid-culture-vial-2.jpg\",\"contentUrl\":\"https:\\\/\\\/dutchmicrodosing.com\\\/wp-content\\\/uploads\\\/2024\\\/05\\\/mushroom-grow-supplies-mondo-liquid-culture-vial-2.jpg\",\"width\":600,\"height\":600},{\"@type\":\"BreadcrumbList\",\"@id\":\"https:\\\/\\\/dutchmicrodosing.com\\\/it\\\/spore-fungo\\\/siringhe-coltura-liquida\\\/mondo-liquido-cultura-spray\\\/#breadcrumb\",\"itemListElement\":[{\"@type\":\"ListItem\",\"position\":1,\"name\":\"Home\",\"item\":\"https:\\\/\\\/dutchmicrodosing.com\\\/it\\\/\"},{\"@type\":\"ListItem\",\"position\":2,\"name\":\"Negozio\",\"item\":\"https:\\\/\\\/dutchmicrodosing.com\\\/it\\\/negozio\\\/\"},{\"@type\":\"ListItem\",\"position\":3,\"name\":\"Siringa per coltura liquida Mondo &#8211; 25 ML\"}]},{\"@type\":\"WebSite\",\"@id\":\"https:\\\/\\\/dutchmicrodosing.com\\\/it\\\/#website\",\"url\":\"https:\\\/\\\/dutchmicrodosing.com\\\/it\\\/\",\"name\":\"Dutchmicrodosing\",\"description\":\"\",\"publisher\":{\"@id\":\"https:\\\/\\\/dutchmicrodosing.com\\\/it\\\/#organization\"},\"potentialAction\":[{\"@type\":\"SearchAction\",\"target\":{\"@type\":\"EntryPoint\",\"urlTemplate\":\"https:\\\/\\\/dutchmicrodosing.com\\\/it\\\/?s={search_term_string}\"},\"query-input\":{\"@type\":\"PropertyValueSpecification\",\"valueRequired\":true,\"valueName\":\"search_term_string\"}}],\"inLanguage\":\"it-IT\"},{\"@type\":\"Organization\",\"@id\":\"https:\\\/\\\/dutchmicrodosing.com\\\/it\\\/#organization\",\"name\":\"Dutchmicrodosing\",\"url\":\"https:\\\/\\\/dutchmicrodosing.com\\\/it\\\/\",\"logo\":{\"@type\":\"ImageObject\",\"inLanguage\":\"it-IT\",\"@id\":\"https:\\\/\\\/dutchmicrodosing.com\\\/it\\\/#\\\/schema\\\/logo\\\/image\\\/\",\"url\":\"https:\\\/\\\/dutchmicrodosing.com\\\/wp-content\\\/uploads\\\/2021\\\/01\\\/microdosing-categorie-pic-nieuw.jpg\",\"contentUrl\":\"https:\\\/\\\/dutchmicrodosing.com\\\/wp-content\\\/uploads\\\/2021\\\/01\\\/microdosing-categorie-pic-nieuw.jpg\",\"width\":500,\"height\":500,\"caption\":\"Dutchmicrodosing\"},\"image\":{\"@id\":\"https:\\\/\\\/dutchmicrodosing.com\\\/it\\\/#\\\/schema\\\/logo\\\/image\\\/\"},\"sameAs\":[\"https:\\\/\\\/www.facebook.com\\\/Dutchmicrodosingxp\\\/\",\"https:\\\/\\\/www.instagram.com\\\/dutchmicrodosing\\\/\"]}]}<\/script>\n<meta property=\"product:price:amount\" content=\"16.95\" \/>\n<meta property=\"product:price:currency\" content=\"EUR\" \/>\n<meta property=\"og:availability\" content=\"out of stock\" \/>\n<meta property=\"product:availability\" content=\"out of stock\" \/>\n<meta property=\"product:retailer_item_id\" content=\"0212192\" \/>\n<meta property=\"product:condition\" content=\"new\" \/>\n<!-- \/ Yoast SEO Premium plugin. -->","yoast_head_json":{"title":"Siringa per coltura liquida Mondo - 25 ML - Dutchmicrodosing","description":"Scopri i vantaggi di una bottiglia per spore in coltura liquida per una coltura efficiente del micelio nella coltivazione dei funghi. Germinazione pi\u00f9 rapida delle spore dei tuoi funghi!","robots":{"index":"index","follow":"follow","max-snippet":"max-snippet:-1","max-image-preview":"max-image-preview:large","max-video-preview":"max-video-preview:-1"},"canonical":"https:\/\/dutchmicrodosing.com\/it\/spore-fungo\/siringhe-coltura-liquida\/mondo-liquido-cultura-spray\/","og_locale":"it_IT","og_type":"article","og_title":"Siringa per coltura liquida Mondo - 25 ML","og_description":"Il prodotto Mondo Liquid Culture sembra effettivamente raddoppiare il tasso di colonizzazione delle spore. \u00c8 sufficiente iniettare 1 ml di spore nel","og_url":"https:\/\/dutchmicrodosing.com\/it\/spore-fungo\/siringhe-coltura-liquida\/mondo-liquido-cultura-spray\/","og_site_name":"Dutchmicrodosing","article_publisher":"https:\/\/www.facebook.com\/Dutchmicrodosingxp\/","article_modified_time":"2025-02-20T13:25:10+00:00","og_image":[{"width":600,"height":600,"url":"https:\/\/dutchmicrodosing.com\/wp-content\/uploads\/2024\/05\/mushroom-grow-supplies-mondo-liquid-culture-vial-2.jpg","type":"image\/jpeg"}],"twitter_card":"summary_large_image","schema":{"@context":"https:\/\/schema.org","@graph":[{"@type":"WebPage","@id":"https:\/\/dutchmicrodosing.com\/it\/spore-fungo\/siringhe-coltura-liquida\/mondo-liquido-cultura-spray\/","url":"https:\/\/dutchmicrodosing.com\/it\/spore-fungo\/siringhe-coltura-liquida\/mondo-liquido-cultura-spray\/","name":"Siringa per coltura liquida Mondo - 25 ML - Dutchmicrodosing","isPartOf":{"@id":"https:\/\/dutchmicrodosing.com\/it\/#website"},"primaryImageOfPage":{"@id":"https:\/\/dutchmicrodosing.com\/it\/spore-fungo\/siringhe-coltura-liquida\/mondo-liquido-cultura-spray\/#primaryimage"},"image":{"@id":"https:\/\/dutchmicrodosing.com\/it\/spore-fungo\/siringhe-coltura-liquida\/mondo-liquido-cultura-spray\/#primaryimage"},"thumbnailUrl":"https:\/\/dutchmicrodosing.com\/wp-content\/uploads\/2024\/05\/mushroom-grow-supplies-mondo-liquid-culture-vial-2.jpg","datePublished":"2024-05-12T17:44:34+00:00","dateModified":"2025-02-20T13:25:10+00:00","description":"Scopri i vantaggi di una bottiglia per spore in coltura liquida per una coltura efficiente del micelio nella coltivazione dei funghi. Germinazione pi\u00f9 rapida delle spore dei tuoi funghi!","breadcrumb":{"@id":"https:\/\/dutchmicrodosing.com\/it\/spore-fungo\/siringhe-coltura-liquida\/mondo-liquido-cultura-spray\/#breadcrumb"},"inLanguage":"it-IT","potentialAction":[{"@type":"ReadAction","target":["https:\/\/dutchmicrodosing.com\/it\/spore-fungo\/siringhe-coltura-liquida\/mondo-liquido-cultura-spray\/"]}]},{"@type":"ImageObject","inLanguage":"it-IT","@id":"https:\/\/dutchmicrodosing.com\/it\/spore-fungo\/siringhe-coltura-liquida\/mondo-liquido-cultura-spray\/#primaryimage","url":"https:\/\/dutchmicrodosing.com\/wp-content\/uploads\/2024\/05\/mushroom-grow-supplies-mondo-liquid-culture-vial-2.jpg","contentUrl":"https:\/\/dutchmicrodosing.com\/wp-content\/uploads\/2024\/05\/mushroom-grow-supplies-mondo-liquid-culture-vial-2.jpg","width":600,"height":600},{"@type":"BreadcrumbList","@id":"https:\/\/dutchmicrodosing.com\/it\/spore-fungo\/siringhe-coltura-liquida\/mondo-liquido-cultura-spray\/#breadcrumb","itemListElement":[{"@type":"ListItem","position":1,"name":"Home","item":"https:\/\/dutchmicrodosing.com\/it\/"},{"@type":"ListItem","position":2,"name":"Negozio","item":"https:\/\/dutchmicrodosing.com\/it\/negozio\/"},{"@type":"ListItem","position":3,"name":"Siringa per coltura liquida Mondo &#8211; 25 ML"}]},{"@type":"WebSite","@id":"https:\/\/dutchmicrodosing.com\/it\/#website","url":"https:\/\/dutchmicrodosing.com\/it\/","name":"Dutchmicrodosing","description":"","publisher":{"@id":"https:\/\/dutchmicrodosing.com\/it\/#organization"},"potentialAction":[{"@type":"SearchAction","target":{"@type":"EntryPoint","urlTemplate":"https:\/\/dutchmicrodosing.com\/it\/?s={search_term_string}"},"query-input":{"@type":"PropertyValueSpecification","valueRequired":true,"valueName":"search_term_string"}}],"inLanguage":"it-IT"},{"@type":"Organization","@id":"https:\/\/dutchmicrodosing.com\/it\/#organization","name":"Dutchmicrodosing","url":"https:\/\/dutchmicrodosing.com\/it\/","logo":{"@type":"ImageObject","inLanguage":"it-IT","@id":"https:\/\/dutchmicrodosing.com\/it\/#\/schema\/logo\/image\/","url":"https:\/\/dutchmicrodosing.com\/wp-content\/uploads\/2021\/01\/microdosing-categorie-pic-nieuw.jpg","contentUrl":"https:\/\/dutchmicrodosing.com\/wp-content\/uploads\/2021\/01\/microdosing-categorie-pic-nieuw.jpg","width":500,"height":500,"caption":"Dutchmicrodosing"},"image":{"@id":"https:\/\/dutchmicrodosing.com\/it\/#\/schema\/logo\/image\/"},"sameAs":["https:\/\/www.facebook.com\/Dutchmicrodosingxp\/","https:\/\/www.instagram.com\/dutchmicrodosing\/"]}]},"product_price_amount":"16.95","product_price_currency":"EUR","og_availability":"out of stock","product_availability":"out of stock","product_retailer_item_id":"0212192","product_condition":"new"},"_links":{"self":[{"href":"https:\/\/dutchmicrodosing.com\/it\/wp-json\/wp\/v2\/product\/39292","targetHints":{"allow":["GET"]}}],"collection":[{"href":"https:\/\/dutchmicrodosing.com\/it\/wp-json\/wp\/v2\/product"}],"about":[{"href":"https:\/\/dutchmicrodosing.com\/it\/wp-json\/wp\/v2\/types\/product"}],"replies":[{"embeddable":true,"href":"https:\/\/dutchmicrodosing.com\/it\/wp-json\/wp\/v2\/comments?post=39292"}],"version-history":[{"count":0,"href":"https:\/\/dutchmicrodosing.com\/it\/wp-json\/wp\/v2\/product\/39292\/revisions"}],"wp:featuredmedia":[{"embeddable":true,"href":"https:\/\/dutchmicrodosing.com\/it\/wp-json\/wp\/v2\/media\/39301"}],"wp:attachment":[{"href":"https:\/\/dutchmicrodosing.com\/it\/wp-json\/wp\/v2\/media?parent=39292"}],"wp:term":[{"taxonomy":"product_brand","embeddable":true,"href":"https:\/\/dutchmicrodosing.com\/it\/wp-json\/wp\/v2\/product_brand?post=39292"},{"taxonomy":"product_cat","embeddable":true,"href":"https:\/\/dutchmicrodosing.com\/it\/wp-json\/wp\/v2\/product_cat?post=39292"},{"taxonomy":"product_tag","embeddable":true,"href":"https:\/\/dutchmicrodosing.com\/it\/wp-json\/wp\/v2\/product_tag?post=39292"}],"curies":[{"name":"wp","href":"https:\/\/api.w.org\/{rel}","templated":true}]}}