{"id":39326,"date":"2024-05-12T19:56:32","date_gmt":"2024-05-12T17:56:32","guid":{"rendered":"https:\/\/dutchmicrodosing.com\/shop\/senza-categoria\/set-per-cultura-hawaiana-ampoule\/"},"modified":"2025-09-02T10:09:24","modified_gmt":"2025-09-02T08:09:24","slug":"set-per-cultura-hawaiana-ampoule","status":"publish","type":"product","link":"https:\/\/dutchmicrodosing.com\/it\/spore-fungo\/siringhe-coltura-liquida\/set-per-cultura-hawaiana-ampoule\/","title":{"rendered":"Set di fiale hawaiane &#8211; Cultura"},"content":{"rendered":"<p>L&#8217;<strong>ampolla di coltura hawaiana<\/strong> \u00e8 uno strumento che ti permette di inoculare facilmente il tuo substrato con colture di funghi magici a casa tua. Rispetto ai metodi tradizionali, come le impronte di spore e le siringhe di spore, la fiala di coltura offre meno rischi di contaminazione e maggiori possibilit\u00e0 di successo nella raccolta dei funghi. La fiala contiene gi\u00e0 una coltura di funghi pronta all&#8217;uso, che potrai iniettare direttamente nel tuo substrato. Seguendo semplicemente le istruzioni fornite, potrai aspettarti un buon raccolto di funghi. Questo prodotto rende il processo di coltivazione dei funghi in casa pi\u00f9 accessibile e affidabile.<\/p>\n<h2>Segui le istruzioni per un raccolto di successo!<\/h2>\n<ol>\n<li>Lava accuratamente le mani e pulisci l&#8217;esterno della fiala di coltura con un panno pulito e umido.<\/li>\n<li>Ti consigliamo di usare una salviettina di alcool per eliminare eventuali batteri.<\/li>\n<li>La siringa inclusa \u00e8 confezionata in modo sterile. Assicurati che non venga contaminato e aprilo in un ambiente pulito.<\/li>\n<li>Allenta leggermente il tappo della fiala di coltura in modo che non faccia il vuoto durante il riempimento della siringa.<\/li>\n<li>Inserisci l&#8217;ago attraverso il sigillo di gomma e riempi la siringa.<\/li>\n<li>L&#8217;ago \u00e8 pronto e la coltura pu\u00f2 essere iniettata nel substrato desiderato. Coltivali a temperatura ambiente. Nel giro di pochi giorni, il micelio diventer\u00e0 visibile.<\/li>\n<\/ol>\n<h2>Funghi Copelandia Hawaiani Funghi pi\u00f9 forti:<\/h2>\n<p>Il fungo Copelandia (Panaeolus cyanescens o Copelandia cyanescens) \u00e8 molto pi\u00f9 forte della maggior parte dei funghi Psilocybe, come il noto Psilocybe cubensis. Ecco un confronto della loro potenza relativa:<\/p>\n<h3>Confronto di potenza<\/h3>\n<ol>\n<li><strong>Funghi Copelandia (Panaeolus Cyanescens)<\/strong>\n<ul>\n<li><strong>Potenza<\/strong>: i funghi Copelandia sono noti per il loro elevato contenuto di psilocibina e psilocina. Possono essere fino a<strong> 4-5 volte pi\u00f9 forti della Psilocybe cubensis<\/strong>. Ci\u00f2 significa che \u00e8 necessaria una quantit\u00e0 minore per ottenere un&#8217;esperienza psichedelica simile.<\/li>\n<li><strong>Dosaggio:<\/strong> una dose leggera pu\u00f2 iniziare gi\u00e0 da 0,5 grammi di funghi secchi, mentre una dose media si aggira intorno a 1 o 2 grammi. Per un&#8217;esperienza forte, possono essere sufficienti da 2 a 3 grammi di Copelandia essiccata.<\/li>\n<\/ul>\n<\/li>\n<li><strong>Funghi Psilocybe (Psilocybe Cubensis)<\/strong>\n<ul>\n<li><strong>Potenza:<\/strong> la Psilocybe cubensis \u00e8 una delle specie pi\u00f9 note e diffuse, ma \u00e8 notevolmente pi\u00f9 blanda rispetto ai funghi Copelandia. Hanno livelli pi\u00f9 bassi di psilocibina e psilocina.<\/li>\n<li><strong>Dosaggio:<\/strong> una dose leggera parte solitamente da 1 a 1,5 grammi di funghi secchi, una dose media si aggira intorno ai 2,5-3,5 grammi, mentre un&#8217;esperienza forte pu\u00f2 richiedere dai 3,5 ai 5 grammi di funghi secchi.<\/li>\n<\/ul>\n<\/li>\n<\/ol>\n<h2>Contenuto<\/h2>\n<p>Set di fiale Hawaiian Culture &#8211; 5 ml<\/p>\n","protected":false},"excerpt":{"rendered":"<p>L&#8217;ampolla di coltura hawaiana \u00e8 uno strumento che ti permette di inoculare facilmente il tuo substrato con colture di funghi magici a casa tua. Rispetto ai metodi tradizionali, come le impronte di spore e le siringhe di spore, la fiala di coltura offre meno rischi di contaminazione e maggiori possibilit\u00e0 di successo nella raccolta dei [&hellip;]<\/p>\n","protected":false},"featured_media":39322,"comment_status":"closed","ping_status":"closed","template":"","meta":[],"product_brand":[],"product_cat":[357],"product_tag":[],"class_list":{"0":"post-39326","1":"product","2":"type-product","3":"status-publish","4":"has-post-thumbnail","6":"product_cat-siringhe-coltura-liquida","8":"first","9":"instock","10":"taxable","11":"shipping-taxable","12":"purchasable","13":"product-type-simple"},"yoast_head":"<!-- This site is optimized with the Yoast SEO Premium plugin v26.4 (Yoast SEO v27.4) - https:\/\/yoast.com\/product\/yoast-seo-premium-wordpress\/ -->\n<title>Set di fiale hawaiane - Cultura - Dutchmicrodosing<\/title>\n<meta name=\"description\" content=\"Scopri i potenti effetti dei funghi hawaiani con le nostre polveri cult di alta qualit\u00e0. Cosa aspetti e inizia subito a coltivare! Clicca qui...\" \/>\n<meta name=\"robots\" content=\"index, follow, max-snippet:-1, max-image-preview:large, max-video-preview:-1\" \/>\n<link rel=\"canonical\" href=\"https:\/\/dutchmicrodosing.com\/it\/spore-fungo\/siringhe-coltura-liquida\/set-per-cultura-hawaiana-ampoule\/\" \/>\n<meta property=\"og:locale\" content=\"it_IT\" \/>\n<meta property=\"og:type\" content=\"article\" \/>\n<meta property=\"og:title\" content=\"Set di fiale hawaiane - Cultura\" \/>\n<meta property=\"og:description\" content=\"L&#039;ampolla di coltura hawaiana \u00e8 uno strumento che ti permette di inoculare facilmente il tuo substrato con colture di funghi magici a casa tua. Rispetto\" \/>\n<meta property=\"og:url\" content=\"https:\/\/dutchmicrodosing.com\/it\/spore-fungo\/siringhe-coltura-liquida\/set-per-cultura-hawaiana-ampoule\/\" \/>\n<meta property=\"og:site_name\" content=\"Dutchmicrodosing\" \/>\n<meta property=\"article:publisher\" content=\"https:\/\/www.facebook.com\/Dutchmicrodosingxp\/\" \/>\n<meta property=\"article:modified_time\" content=\"2025-09-02T08:09:24+00:00\" \/>\n<meta property=\"og:image\" content=\"https:\/\/dutchmicrodosing.com\/wp-content\/uploads\/2024\/05\/Hawaiian-Mushroom-Spore.jpg\" \/>\n\t<meta property=\"og:image:width\" content=\"420\" \/>\n\t<meta property=\"og:image:height\" content=\"400\" \/>\n\t<meta property=\"og:image:type\" content=\"image\/jpeg\" \/>\n<meta name=\"twitter:card\" content=\"summary_large_image\" \/>\n<script type=\"application\/ld+json\" class=\"yoast-schema-graph\">{\"@context\":\"https:\\\/\\\/schema.org\",\"@graph\":[{\"@type\":\"WebPage\",\"@id\":\"https:\\\/\\\/dutchmicrodosing.com\\\/it\\\/spore-fungo\\\/siringhe-coltura-liquida\\\/set-per-cultura-hawaiana-ampoule\\\/\",\"url\":\"https:\\\/\\\/dutchmicrodosing.com\\\/it\\\/spore-fungo\\\/siringhe-coltura-liquida\\\/set-per-cultura-hawaiana-ampoule\\\/\",\"name\":\"Set di fiale hawaiane - Cultura - Dutchmicrodosing\",\"isPartOf\":{\"@id\":\"https:\\\/\\\/dutchmicrodosing.com\\\/it\\\/#website\"},\"primaryImageOfPage\":{\"@id\":\"https:\\\/\\\/dutchmicrodosing.com\\\/it\\\/spore-fungo\\\/siringhe-coltura-liquida\\\/set-per-cultura-hawaiana-ampoule\\\/#primaryimage\"},\"image\":{\"@id\":\"https:\\\/\\\/dutchmicrodosing.com\\\/it\\\/spore-fungo\\\/siringhe-coltura-liquida\\\/set-per-cultura-hawaiana-ampoule\\\/#primaryimage\"},\"thumbnailUrl\":\"https:\\\/\\\/dutchmicrodosing.com\\\/wp-content\\\/uploads\\\/2024\\\/05\\\/Hawaiian-Mushroom-Spore.jpg\",\"datePublished\":\"2024-05-12T17:56:32+00:00\",\"dateModified\":\"2025-09-02T08:09:24+00:00\",\"description\":\"Scopri i potenti effetti dei funghi hawaiani con le nostre polveri cult di alta qualit\u00e0. Cosa aspetti e inizia subito a coltivare! Clicca qui...\",\"breadcrumb\":{\"@id\":\"https:\\\/\\\/dutchmicrodosing.com\\\/it\\\/spore-fungo\\\/siringhe-coltura-liquida\\\/set-per-cultura-hawaiana-ampoule\\\/#breadcrumb\"},\"inLanguage\":\"it-IT\",\"potentialAction\":[{\"@type\":\"ReadAction\",\"target\":[\"https:\\\/\\\/dutchmicrodosing.com\\\/it\\\/spore-fungo\\\/siringhe-coltura-liquida\\\/set-per-cultura-hawaiana-ampoule\\\/\"]}]},{\"@type\":\"ImageObject\",\"inLanguage\":\"it-IT\",\"@id\":\"https:\\\/\\\/dutchmicrodosing.com\\\/it\\\/spore-fungo\\\/siringhe-coltura-liquida\\\/set-per-cultura-hawaiana-ampoule\\\/#primaryimage\",\"url\":\"https:\\\/\\\/dutchmicrodosing.com\\\/wp-content\\\/uploads\\\/2024\\\/05\\\/Hawaiian-Mushroom-Spore.jpg\",\"contentUrl\":\"https:\\\/\\\/dutchmicrodosing.com\\\/wp-content\\\/uploads\\\/2024\\\/05\\\/Hawaiian-Mushroom-Spore.jpg\",\"width\":420,\"height\":400},{\"@type\":\"BreadcrumbList\",\"@id\":\"https:\\\/\\\/dutchmicrodosing.com\\\/it\\\/spore-fungo\\\/siringhe-coltura-liquida\\\/set-per-cultura-hawaiana-ampoule\\\/#breadcrumb\",\"itemListElement\":[{\"@type\":\"ListItem\",\"position\":1,\"name\":\"Home\",\"item\":\"https:\\\/\\\/dutchmicrodosing.com\\\/it\\\/\"},{\"@type\":\"ListItem\",\"position\":2,\"name\":\"Negozio\",\"item\":\"https:\\\/\\\/dutchmicrodosing.com\\\/it\\\/negozio\\\/\"},{\"@type\":\"ListItem\",\"position\":3,\"name\":\"Set di fiale hawaiane &#8211; Cultura\"}]},{\"@type\":\"WebSite\",\"@id\":\"https:\\\/\\\/dutchmicrodosing.com\\\/it\\\/#website\",\"url\":\"https:\\\/\\\/dutchmicrodosing.com\\\/it\\\/\",\"name\":\"Dutchmicrodosing\",\"description\":\"\",\"publisher\":{\"@id\":\"https:\\\/\\\/dutchmicrodosing.com\\\/it\\\/#organization\"},\"potentialAction\":[{\"@type\":\"SearchAction\",\"target\":{\"@type\":\"EntryPoint\",\"urlTemplate\":\"https:\\\/\\\/dutchmicrodosing.com\\\/it\\\/?s={search_term_string}\"},\"query-input\":{\"@type\":\"PropertyValueSpecification\",\"valueRequired\":true,\"valueName\":\"search_term_string\"}}],\"inLanguage\":\"it-IT\"},{\"@type\":\"Organization\",\"@id\":\"https:\\\/\\\/dutchmicrodosing.com\\\/it\\\/#organization\",\"name\":\"Dutchmicrodosing\",\"url\":\"https:\\\/\\\/dutchmicrodosing.com\\\/it\\\/\",\"logo\":{\"@type\":\"ImageObject\",\"inLanguage\":\"it-IT\",\"@id\":\"https:\\\/\\\/dutchmicrodosing.com\\\/it\\\/#\\\/schema\\\/logo\\\/image\\\/\",\"url\":\"https:\\\/\\\/dutchmicrodosing.com\\\/wp-content\\\/uploads\\\/2021\\\/01\\\/microdosing-categorie-pic-nieuw.jpg\",\"contentUrl\":\"https:\\\/\\\/dutchmicrodosing.com\\\/wp-content\\\/uploads\\\/2021\\\/01\\\/microdosing-categorie-pic-nieuw.jpg\",\"width\":500,\"height\":500,\"caption\":\"Dutchmicrodosing\"},\"image\":{\"@id\":\"https:\\\/\\\/dutchmicrodosing.com\\\/it\\\/#\\\/schema\\\/logo\\\/image\\\/\"},\"sameAs\":[\"https:\\\/\\\/www.facebook.com\\\/Dutchmicrodosingxp\\\/\",\"https:\\\/\\\/www.instagram.com\\\/dutchmicrodosing\\\/\"]}]}<\/script>\n<meta property=\"product:price:amount\" content=\"16.95\" \/>\n<meta property=\"product:price:currency\" content=\"EUR\" \/>\n<meta property=\"og:availability\" content=\"instock\" \/>\n<meta property=\"product:availability\" content=\"instock\" \/>\n<meta property=\"product:retailer_item_id\" content=\"7112928\" \/>\n<meta property=\"product:condition\" content=\"new\" \/>\n<!-- \/ Yoast SEO Premium plugin. -->","yoast_head_json":{"title":"Set di fiale hawaiane - Cultura - Dutchmicrodosing","description":"Scopri i potenti effetti dei funghi hawaiani con le nostre polveri cult di alta qualit\u00e0. Cosa aspetti e inizia subito a coltivare! Clicca qui...","robots":{"index":"index","follow":"follow","max-snippet":"max-snippet:-1","max-image-preview":"max-image-preview:large","max-video-preview":"max-video-preview:-1"},"canonical":"https:\/\/dutchmicrodosing.com\/it\/spore-fungo\/siringhe-coltura-liquida\/set-per-cultura-hawaiana-ampoule\/","og_locale":"it_IT","og_type":"article","og_title":"Set di fiale hawaiane - Cultura","og_description":"L'ampolla di coltura hawaiana \u00e8 uno strumento che ti permette di inoculare facilmente il tuo substrato con colture di funghi magici a casa tua. Rispetto","og_url":"https:\/\/dutchmicrodosing.com\/it\/spore-fungo\/siringhe-coltura-liquida\/set-per-cultura-hawaiana-ampoule\/","og_site_name":"Dutchmicrodosing","article_publisher":"https:\/\/www.facebook.com\/Dutchmicrodosingxp\/","article_modified_time":"2025-09-02T08:09:24+00:00","og_image":[{"width":420,"height":400,"url":"https:\/\/dutchmicrodosing.com\/wp-content\/uploads\/2024\/05\/Hawaiian-Mushroom-Spore.jpg","type":"image\/jpeg"}],"twitter_card":"summary_large_image","schema":{"@context":"https:\/\/schema.org","@graph":[{"@type":"WebPage","@id":"https:\/\/dutchmicrodosing.com\/it\/spore-fungo\/siringhe-coltura-liquida\/set-per-cultura-hawaiana-ampoule\/","url":"https:\/\/dutchmicrodosing.com\/it\/spore-fungo\/siringhe-coltura-liquida\/set-per-cultura-hawaiana-ampoule\/","name":"Set di fiale hawaiane - Cultura - Dutchmicrodosing","isPartOf":{"@id":"https:\/\/dutchmicrodosing.com\/it\/#website"},"primaryImageOfPage":{"@id":"https:\/\/dutchmicrodosing.com\/it\/spore-fungo\/siringhe-coltura-liquida\/set-per-cultura-hawaiana-ampoule\/#primaryimage"},"image":{"@id":"https:\/\/dutchmicrodosing.com\/it\/spore-fungo\/siringhe-coltura-liquida\/set-per-cultura-hawaiana-ampoule\/#primaryimage"},"thumbnailUrl":"https:\/\/dutchmicrodosing.com\/wp-content\/uploads\/2024\/05\/Hawaiian-Mushroom-Spore.jpg","datePublished":"2024-05-12T17:56:32+00:00","dateModified":"2025-09-02T08:09:24+00:00","description":"Scopri i potenti effetti dei funghi hawaiani con le nostre polveri cult di alta qualit\u00e0. Cosa aspetti e inizia subito a coltivare! Clicca qui...","breadcrumb":{"@id":"https:\/\/dutchmicrodosing.com\/it\/spore-fungo\/siringhe-coltura-liquida\/set-per-cultura-hawaiana-ampoule\/#breadcrumb"},"inLanguage":"it-IT","potentialAction":[{"@type":"ReadAction","target":["https:\/\/dutchmicrodosing.com\/it\/spore-fungo\/siringhe-coltura-liquida\/set-per-cultura-hawaiana-ampoule\/"]}]},{"@type":"ImageObject","inLanguage":"it-IT","@id":"https:\/\/dutchmicrodosing.com\/it\/spore-fungo\/siringhe-coltura-liquida\/set-per-cultura-hawaiana-ampoule\/#primaryimage","url":"https:\/\/dutchmicrodosing.com\/wp-content\/uploads\/2024\/05\/Hawaiian-Mushroom-Spore.jpg","contentUrl":"https:\/\/dutchmicrodosing.com\/wp-content\/uploads\/2024\/05\/Hawaiian-Mushroom-Spore.jpg","width":420,"height":400},{"@type":"BreadcrumbList","@id":"https:\/\/dutchmicrodosing.com\/it\/spore-fungo\/siringhe-coltura-liquida\/set-per-cultura-hawaiana-ampoule\/#breadcrumb","itemListElement":[{"@type":"ListItem","position":1,"name":"Home","item":"https:\/\/dutchmicrodosing.com\/it\/"},{"@type":"ListItem","position":2,"name":"Negozio","item":"https:\/\/dutchmicrodosing.com\/it\/negozio\/"},{"@type":"ListItem","position":3,"name":"Set di fiale hawaiane &#8211; Cultura"}]},{"@type":"WebSite","@id":"https:\/\/dutchmicrodosing.com\/it\/#website","url":"https:\/\/dutchmicrodosing.com\/it\/","name":"Dutchmicrodosing","description":"","publisher":{"@id":"https:\/\/dutchmicrodosing.com\/it\/#organization"},"potentialAction":[{"@type":"SearchAction","target":{"@type":"EntryPoint","urlTemplate":"https:\/\/dutchmicrodosing.com\/it\/?s={search_term_string}"},"query-input":{"@type":"PropertyValueSpecification","valueRequired":true,"valueName":"search_term_string"}}],"inLanguage":"it-IT"},{"@type":"Organization","@id":"https:\/\/dutchmicrodosing.com\/it\/#organization","name":"Dutchmicrodosing","url":"https:\/\/dutchmicrodosing.com\/it\/","logo":{"@type":"ImageObject","inLanguage":"it-IT","@id":"https:\/\/dutchmicrodosing.com\/it\/#\/schema\/logo\/image\/","url":"https:\/\/dutchmicrodosing.com\/wp-content\/uploads\/2021\/01\/microdosing-categorie-pic-nieuw.jpg","contentUrl":"https:\/\/dutchmicrodosing.com\/wp-content\/uploads\/2021\/01\/microdosing-categorie-pic-nieuw.jpg","width":500,"height":500,"caption":"Dutchmicrodosing"},"image":{"@id":"https:\/\/dutchmicrodosing.com\/it\/#\/schema\/logo\/image\/"},"sameAs":["https:\/\/www.facebook.com\/Dutchmicrodosingxp\/","https:\/\/www.instagram.com\/dutchmicrodosing\/"]}]},"product_price_amount":"16.95","product_price_currency":"EUR","og_availability":"instock","product_availability":"instock","product_retailer_item_id":"7112928","product_condition":"new"},"_links":{"self":[{"href":"https:\/\/dutchmicrodosing.com\/it\/wp-json\/wp\/v2\/product\/39326","targetHints":{"allow":["GET"]}}],"collection":[{"href":"https:\/\/dutchmicrodosing.com\/it\/wp-json\/wp\/v2\/product"}],"about":[{"href":"https:\/\/dutchmicrodosing.com\/it\/wp-json\/wp\/v2\/types\/product"}],"replies":[{"embeddable":true,"href":"https:\/\/dutchmicrodosing.com\/it\/wp-json\/wp\/v2\/comments?post=39326"}],"version-history":[{"count":0,"href":"https:\/\/dutchmicrodosing.com\/it\/wp-json\/wp\/v2\/product\/39326\/revisions"}],"wp:featuredmedia":[{"embeddable":true,"href":"https:\/\/dutchmicrodosing.com\/it\/wp-json\/wp\/v2\/media\/39322"}],"wp:attachment":[{"href":"https:\/\/dutchmicrodosing.com\/it\/wp-json\/wp\/v2\/media?parent=39326"}],"wp:term":[{"taxonomy":"product_brand","embeddable":true,"href":"https:\/\/dutchmicrodosing.com\/it\/wp-json\/wp\/v2\/product_brand?post=39326"},{"taxonomy":"product_cat","embeddable":true,"href":"https:\/\/dutchmicrodosing.com\/it\/wp-json\/wp\/v2\/product_cat?post=39326"},{"taxonomy":"product_tag","embeddable":true,"href":"https:\/\/dutchmicrodosing.com\/it\/wp-json\/wp\/v2\/product_tag?post=39326"}],"curies":[{"name":"wp","href":"https:\/\/api.w.org\/{rel}","templated":true}]}}