{"id":40237,"date":"2024-05-31T12:59:35","date_gmt":"2024-05-31T10:59:35","guid":{"rendered":"https:\/\/dutchmicrodosing.com\/shop\/senza-categoria\/propoli-ultra-capsule-120-pezzi-propolia\/"},"modified":"2025-11-11T20:32:38","modified_gmt":"2025-11-11T19:32:38","slug":"propoli-ultra-capsule-120-pezzi-propolia","status":"publish","type":"product","link":"https:\/\/dutchmicrodosing.com\/it\/negozio-di-salute\/integratori-per-il-sistema-immunitario\/propoli-ultra-capsule-120-pezzi-propolia\/","title":{"rendered":"Propolis Ultra Capsule 120 pezzi &#8211; Propolia"},"content":{"rendered":"<p>Le <strong>capsule Propolis Ultra<\/strong> di Propolia sono integratori senza glutine appositamente studiati per alleviare i disturbi addominali e sostenere il sistema immunitario. Contengono un&#8217;altissima concentrazione di propoli purificata al 99%, proveniente direttamente dalla regione Occitanie \/ Pyr\u00e9n\u00e9es-M\u00e9diterran\u00e9e della Francia. Convertendo la propoli in una polvere estremamente fine con una dimensione delle particelle di soli 30 PPM, il corpo pu\u00f2 assorbire i principi attivi in modo pi\u00f9 efficiente. Questo accurato metodo di lavorazione esalta le propriet\u00e0 depurative della propoli, migliorando la capacit\u00e0 dell&#8217;organismo di resistere agli agenti patogeni.<\/p>\n<h3>Quali sono le caratteristiche principali della propoli?<\/h3>\n<ul>\n<li><strong>Deriva dalle api da miele<\/strong>: la propoli viene prodotta dalle api a partire dalle resine di varie piante e alberi.<\/li>\n<li><strong>Protezione nell&#8217;alveare<\/strong>: le api usano la propoli per proteggere i loro alveari da batteri e funghi.<\/li>\n<li><strong>Prodotto versatile per la salute<\/strong>: la propoli \u00e8 ampiamente utilizzata per diversi scopi salutistici grazie alle sue propriet\u00e0 antibatteriche e antimicotiche.<\/li>\n<li><strong>Naturalmente ricco di sostanze nutritive<\/strong>: Contiene una serie di minerali e vitamine essenziali per la salute.<\/li>\n<li><strong>Contiene pi\u00f9 di 300 principi attivi<\/strong>: La sua complessa composizione contribuisce ai suoi molteplici benefici per la salute.<\/li>\n<li><strong>Ricco di composti bioattivi<\/strong>: Include una ricca miscela di flavonoidi, acidi fenolici e oli essenziali, che contribuiscono alle sue propriet\u00e0 terapeutiche.<\/li>\n<\/ul>\n<h3>Istruzioni per l&#8217;uso<\/h3>\n<p>Per rafforzare il sistema immunitario, si consiglia un ciclo di un mese, con l&#8217;assunzione di 4 capsule prima di colazione e 4 capsule prima di cena ogni giorno (8 capsule al giorno). Per una cura di un mese sono necessarie 240 capsule, oppure due barattoli da 120 capsule.<\/p>\n<h3>Raccomandazioni<\/h3>\n<p>Non \u00e8 adatto alle persone allergiche ai prodotti delle api, alle donne in gravidanza e ai bambini di et\u00e0 inferiore ai 3 anni. Un integratore alimentare non sostituisce una dieta varia ed equilibrata e uno stile di vita sano. Tenere fuori dalla portata dei bambini piccoli. Non superare la dose raccomandata. Conservare al fresco e all&#8217;asciutto. Questo prodotto non \u00e8 un farmaco.<\/p>\n<h3>Ingredienti<\/h3>\n<p>Per 8 capsule:<\/p>\n<ul>\n<li>Estratto di propoli 2,4 g (eccipiente: amido di mais 1,8 g)<\/li>\n<li>Involucro della capsula: vegetale.<\/li>\n<\/ul>\n<h3>Contenuto<\/h3>\n<p>Propolis Ultra Capsule di Propolia &#8211; 120 Capsule<\/p>\n","protected":false},"excerpt":{"rendered":"<p>Le capsule Propolis Ultra di Propolia sono integratori senza glutine appositamente studiati per alleviare i disturbi addominali e sostenere il sistema immunitario. Contengono un&#8217;altissima concentrazione di propoli purificata al 99%, proveniente direttamente dalla regione Occitanie \/ Pyr\u00e9n\u00e9es-M\u00e9diterran\u00e9e della Francia. Convertendo la propoli in una polvere estremamente fine con una dimensione delle particelle di soli 30 [&hellip;]<\/p>\n","protected":false},"featured_media":40249,"comment_status":"closed","ping_status":"closed","template":"","meta":[],"product_brand":[],"product_cat":[296,173],"product_tag":[],"class_list":{"0":"post-40237","1":"product","2":"type-product","3":"status-publish","4":"has-post-thumbnail","6":"product_cat-integratori-per-il-sistema-immunitario","7":"product_cat-vitamine-e-integratori","9":"first","10":"instock","11":"taxable","12":"shipping-taxable","13":"purchasable","14":"product-type-simple"},"yoast_head":"<!-- This site is optimized with the Yoast SEO Premium plugin v26.4 (Yoast SEO v27.4) - https:\/\/yoast.com\/product\/yoast-seo-premium-wordpress\/ -->\n<title>Propolis Ultra Capsule 120 pezzi - Propolia - Dutchmicrodosing<\/title>\n<meta name=\"description\" content=\"Appositamente studiato per alleviare i disturbi addominali e supportare il sistema immunitario. Contiene il 99% di propoli purificata dell&#039;Occitania! Clicca qui per maggiori informazioni\" \/>\n<meta name=\"robots\" content=\"index, follow, max-snippet:-1, max-image-preview:large, max-video-preview:-1\" \/>\n<link rel=\"canonical\" href=\"https:\/\/dutchmicrodosing.com\/it\/negozio-di-salute\/integratori-per-il-sistema-immunitario\/propoli-ultra-capsule-120-pezzi-propolia\/\" \/>\n<meta property=\"og:locale\" content=\"it_IT\" \/>\n<meta property=\"og:type\" content=\"article\" \/>\n<meta property=\"og:title\" content=\"Propolis Ultra Capsule 120 pezzi - Propolia\" \/>\n<meta property=\"og:description\" content=\"Le capsule Propolis Ultra di Propolia sono integratori senza glutine appositamente studiati per alleviare i disturbi addominali e sostenere il sistema\" \/>\n<meta property=\"og:url\" content=\"https:\/\/dutchmicrodosing.com\/it\/negozio-di-salute\/integratori-per-il-sistema-immunitario\/propoli-ultra-capsule-120-pezzi-propolia\/\" \/>\n<meta property=\"og:site_name\" content=\"Dutchmicrodosing\" \/>\n<meta property=\"article:publisher\" content=\"https:\/\/www.facebook.com\/Dutchmicrodosingxp\/\" \/>\n<meta property=\"article:modified_time\" content=\"2025-11-11T19:32:38+00:00\" \/>\n<meta property=\"og:image\" content=\"https:\/\/dutchmicrodosing.com\/wp-content\/uploads\/2024\/05\/capsules-propolia.png\" \/>\n\t<meta property=\"og:image:width\" content=\"500\" \/>\n\t<meta property=\"og:image:height\" content=\"500\" \/>\n\t<meta property=\"og:image:type\" content=\"image\/png\" \/>\n<meta name=\"twitter:card\" content=\"summary_large_image\" \/>\n<script type=\"application\/ld+json\" class=\"yoast-schema-graph\">{\"@context\":\"https:\\\/\\\/schema.org\",\"@graph\":[{\"@type\":\"WebPage\",\"@id\":\"https:\\\/\\\/dutchmicrodosing.com\\\/it\\\/negozio-di-salute\\\/integratori-per-il-sistema-immunitario\\\/propoli-ultra-capsule-120-pezzi-propolia\\\/\",\"url\":\"https:\\\/\\\/dutchmicrodosing.com\\\/it\\\/negozio-di-salute\\\/integratori-per-il-sistema-immunitario\\\/propoli-ultra-capsule-120-pezzi-propolia\\\/\",\"name\":\"Propolis Ultra Capsule 120 pezzi - Propolia - Dutchmicrodosing\",\"isPartOf\":{\"@id\":\"https:\\\/\\\/dutchmicrodosing.com\\\/it\\\/#website\"},\"primaryImageOfPage\":{\"@id\":\"https:\\\/\\\/dutchmicrodosing.com\\\/it\\\/negozio-di-salute\\\/integratori-per-il-sistema-immunitario\\\/propoli-ultra-capsule-120-pezzi-propolia\\\/#primaryimage\"},\"image\":{\"@id\":\"https:\\\/\\\/dutchmicrodosing.com\\\/it\\\/negozio-di-salute\\\/integratori-per-il-sistema-immunitario\\\/propoli-ultra-capsule-120-pezzi-propolia\\\/#primaryimage\"},\"thumbnailUrl\":\"https:\\\/\\\/dutchmicrodosing.com\\\/wp-content\\\/uploads\\\/2024\\\/05\\\/capsules-propolia.png\",\"datePublished\":\"2024-05-31T10:59:35+00:00\",\"dateModified\":\"2025-11-11T19:32:38+00:00\",\"description\":\"Appositamente studiato per alleviare i disturbi addominali e supportare il sistema immunitario. Contiene il 99% di propoli purificata dell'Occitania! Clicca qui per maggiori informazioni\",\"breadcrumb\":{\"@id\":\"https:\\\/\\\/dutchmicrodosing.com\\\/it\\\/negozio-di-salute\\\/integratori-per-il-sistema-immunitario\\\/propoli-ultra-capsule-120-pezzi-propolia\\\/#breadcrumb\"},\"inLanguage\":\"it-IT\",\"potentialAction\":[{\"@type\":\"ReadAction\",\"target\":[\"https:\\\/\\\/dutchmicrodosing.com\\\/it\\\/negozio-di-salute\\\/integratori-per-il-sistema-immunitario\\\/propoli-ultra-capsule-120-pezzi-propolia\\\/\"]}]},{\"@type\":\"ImageObject\",\"inLanguage\":\"it-IT\",\"@id\":\"https:\\\/\\\/dutchmicrodosing.com\\\/it\\\/negozio-di-salute\\\/integratori-per-il-sistema-immunitario\\\/propoli-ultra-capsule-120-pezzi-propolia\\\/#primaryimage\",\"url\":\"https:\\\/\\\/dutchmicrodosing.com\\\/wp-content\\\/uploads\\\/2024\\\/05\\\/capsules-propolia.png\",\"contentUrl\":\"https:\\\/\\\/dutchmicrodosing.com\\\/wp-content\\\/uploads\\\/2024\\\/05\\\/capsules-propolia.png\",\"width\":500,\"height\":500},{\"@type\":\"BreadcrumbList\",\"@id\":\"https:\\\/\\\/dutchmicrodosing.com\\\/it\\\/negozio-di-salute\\\/integratori-per-il-sistema-immunitario\\\/propoli-ultra-capsule-120-pezzi-propolia\\\/#breadcrumb\",\"itemListElement\":[{\"@type\":\"ListItem\",\"position\":1,\"name\":\"Home\",\"item\":\"https:\\\/\\\/dutchmicrodosing.com\\\/it\\\/\"},{\"@type\":\"ListItem\",\"position\":2,\"name\":\"Negozio\",\"item\":\"https:\\\/\\\/dutchmicrodosing.com\\\/it\\\/negozio\\\/\"},{\"@type\":\"ListItem\",\"position\":3,\"name\":\"Propolis Ultra Capsule 120 pezzi &#8211; Propolia\"}]},{\"@type\":\"WebSite\",\"@id\":\"https:\\\/\\\/dutchmicrodosing.com\\\/it\\\/#website\",\"url\":\"https:\\\/\\\/dutchmicrodosing.com\\\/it\\\/\",\"name\":\"Dutchmicrodosing\",\"description\":\"\",\"publisher\":{\"@id\":\"https:\\\/\\\/dutchmicrodosing.com\\\/it\\\/#organization\"},\"potentialAction\":[{\"@type\":\"SearchAction\",\"target\":{\"@type\":\"EntryPoint\",\"urlTemplate\":\"https:\\\/\\\/dutchmicrodosing.com\\\/it\\\/?s={search_term_string}\"},\"query-input\":{\"@type\":\"PropertyValueSpecification\",\"valueRequired\":true,\"valueName\":\"search_term_string\"}}],\"inLanguage\":\"it-IT\"},{\"@type\":\"Organization\",\"@id\":\"https:\\\/\\\/dutchmicrodosing.com\\\/it\\\/#organization\",\"name\":\"Dutchmicrodosing\",\"url\":\"https:\\\/\\\/dutchmicrodosing.com\\\/it\\\/\",\"logo\":{\"@type\":\"ImageObject\",\"inLanguage\":\"it-IT\",\"@id\":\"https:\\\/\\\/dutchmicrodosing.com\\\/it\\\/#\\\/schema\\\/logo\\\/image\\\/\",\"url\":\"https:\\\/\\\/dutchmicrodosing.com\\\/wp-content\\\/uploads\\\/2021\\\/01\\\/microdosing-categorie-pic-nieuw.jpg\",\"contentUrl\":\"https:\\\/\\\/dutchmicrodosing.com\\\/wp-content\\\/uploads\\\/2021\\\/01\\\/microdosing-categorie-pic-nieuw.jpg\",\"width\":500,\"height\":500,\"caption\":\"Dutchmicrodosing\"},\"image\":{\"@id\":\"https:\\\/\\\/dutchmicrodosing.com\\\/it\\\/#\\\/schema\\\/logo\\\/image\\\/\"},\"sameAs\":[\"https:\\\/\\\/www.facebook.com\\\/Dutchmicrodosingxp\\\/\",\"https:\\\/\\\/www.instagram.com\\\/dutchmicrodosing\\\/\"]}]}<\/script>\n<meta property=\"product:price:amount\" content=\"23.95\" \/>\n<meta property=\"product:price:currency\" content=\"EUR\" \/>\n<meta property=\"og:availability\" content=\"instock\" \/>\n<meta property=\"product:availability\" content=\"instock\" \/>\n<meta property=\"product:retailer_item_id\" content=\"4205435\" \/>\n<meta property=\"product:condition\" content=\"new\" \/>\n<!-- \/ Yoast SEO Premium plugin. -->","yoast_head_json":{"title":"Propolis Ultra Capsule 120 pezzi - Propolia - Dutchmicrodosing","description":"Appositamente studiato per alleviare i disturbi addominali e supportare il sistema immunitario. Contiene il 99% di propoli purificata dell'Occitania! Clicca qui per maggiori informazioni","robots":{"index":"index","follow":"follow","max-snippet":"max-snippet:-1","max-image-preview":"max-image-preview:large","max-video-preview":"max-video-preview:-1"},"canonical":"https:\/\/dutchmicrodosing.com\/it\/negozio-di-salute\/integratori-per-il-sistema-immunitario\/propoli-ultra-capsule-120-pezzi-propolia\/","og_locale":"it_IT","og_type":"article","og_title":"Propolis Ultra Capsule 120 pezzi - Propolia","og_description":"Le capsule Propolis Ultra di Propolia sono integratori senza glutine appositamente studiati per alleviare i disturbi addominali e sostenere il sistema","og_url":"https:\/\/dutchmicrodosing.com\/it\/negozio-di-salute\/integratori-per-il-sistema-immunitario\/propoli-ultra-capsule-120-pezzi-propolia\/","og_site_name":"Dutchmicrodosing","article_publisher":"https:\/\/www.facebook.com\/Dutchmicrodosingxp\/","article_modified_time":"2025-11-11T19:32:38+00:00","og_image":[{"width":500,"height":500,"url":"https:\/\/dutchmicrodosing.com\/wp-content\/uploads\/2024\/05\/capsules-propolia.png","type":"image\/png"}],"twitter_card":"summary_large_image","schema":{"@context":"https:\/\/schema.org","@graph":[{"@type":"WebPage","@id":"https:\/\/dutchmicrodosing.com\/it\/negozio-di-salute\/integratori-per-il-sistema-immunitario\/propoli-ultra-capsule-120-pezzi-propolia\/","url":"https:\/\/dutchmicrodosing.com\/it\/negozio-di-salute\/integratori-per-il-sistema-immunitario\/propoli-ultra-capsule-120-pezzi-propolia\/","name":"Propolis Ultra Capsule 120 pezzi - Propolia - Dutchmicrodosing","isPartOf":{"@id":"https:\/\/dutchmicrodosing.com\/it\/#website"},"primaryImageOfPage":{"@id":"https:\/\/dutchmicrodosing.com\/it\/negozio-di-salute\/integratori-per-il-sistema-immunitario\/propoli-ultra-capsule-120-pezzi-propolia\/#primaryimage"},"image":{"@id":"https:\/\/dutchmicrodosing.com\/it\/negozio-di-salute\/integratori-per-il-sistema-immunitario\/propoli-ultra-capsule-120-pezzi-propolia\/#primaryimage"},"thumbnailUrl":"https:\/\/dutchmicrodosing.com\/wp-content\/uploads\/2024\/05\/capsules-propolia.png","datePublished":"2024-05-31T10:59:35+00:00","dateModified":"2025-11-11T19:32:38+00:00","description":"Appositamente studiato per alleviare i disturbi addominali e supportare il sistema immunitario. Contiene il 99% di propoli purificata dell'Occitania! Clicca qui per maggiori informazioni","breadcrumb":{"@id":"https:\/\/dutchmicrodosing.com\/it\/negozio-di-salute\/integratori-per-il-sistema-immunitario\/propoli-ultra-capsule-120-pezzi-propolia\/#breadcrumb"},"inLanguage":"it-IT","potentialAction":[{"@type":"ReadAction","target":["https:\/\/dutchmicrodosing.com\/it\/negozio-di-salute\/integratori-per-il-sistema-immunitario\/propoli-ultra-capsule-120-pezzi-propolia\/"]}]},{"@type":"ImageObject","inLanguage":"it-IT","@id":"https:\/\/dutchmicrodosing.com\/it\/negozio-di-salute\/integratori-per-il-sistema-immunitario\/propoli-ultra-capsule-120-pezzi-propolia\/#primaryimage","url":"https:\/\/dutchmicrodosing.com\/wp-content\/uploads\/2024\/05\/capsules-propolia.png","contentUrl":"https:\/\/dutchmicrodosing.com\/wp-content\/uploads\/2024\/05\/capsules-propolia.png","width":500,"height":500},{"@type":"BreadcrumbList","@id":"https:\/\/dutchmicrodosing.com\/it\/negozio-di-salute\/integratori-per-il-sistema-immunitario\/propoli-ultra-capsule-120-pezzi-propolia\/#breadcrumb","itemListElement":[{"@type":"ListItem","position":1,"name":"Home","item":"https:\/\/dutchmicrodosing.com\/it\/"},{"@type":"ListItem","position":2,"name":"Negozio","item":"https:\/\/dutchmicrodosing.com\/it\/negozio\/"},{"@type":"ListItem","position":3,"name":"Propolis Ultra Capsule 120 pezzi &#8211; Propolia"}]},{"@type":"WebSite","@id":"https:\/\/dutchmicrodosing.com\/it\/#website","url":"https:\/\/dutchmicrodosing.com\/it\/","name":"Dutchmicrodosing","description":"","publisher":{"@id":"https:\/\/dutchmicrodosing.com\/it\/#organization"},"potentialAction":[{"@type":"SearchAction","target":{"@type":"EntryPoint","urlTemplate":"https:\/\/dutchmicrodosing.com\/it\/?s={search_term_string}"},"query-input":{"@type":"PropertyValueSpecification","valueRequired":true,"valueName":"search_term_string"}}],"inLanguage":"it-IT"},{"@type":"Organization","@id":"https:\/\/dutchmicrodosing.com\/it\/#organization","name":"Dutchmicrodosing","url":"https:\/\/dutchmicrodosing.com\/it\/","logo":{"@type":"ImageObject","inLanguage":"it-IT","@id":"https:\/\/dutchmicrodosing.com\/it\/#\/schema\/logo\/image\/","url":"https:\/\/dutchmicrodosing.com\/wp-content\/uploads\/2021\/01\/microdosing-categorie-pic-nieuw.jpg","contentUrl":"https:\/\/dutchmicrodosing.com\/wp-content\/uploads\/2021\/01\/microdosing-categorie-pic-nieuw.jpg","width":500,"height":500,"caption":"Dutchmicrodosing"},"image":{"@id":"https:\/\/dutchmicrodosing.com\/it\/#\/schema\/logo\/image\/"},"sameAs":["https:\/\/www.facebook.com\/Dutchmicrodosingxp\/","https:\/\/www.instagram.com\/dutchmicrodosing\/"]}]},"product_price_amount":"23.95","product_price_currency":"EUR","og_availability":"instock","product_availability":"instock","product_retailer_item_id":"4205435","product_condition":"new"},"_links":{"self":[{"href":"https:\/\/dutchmicrodosing.com\/it\/wp-json\/wp\/v2\/product\/40237","targetHints":{"allow":["GET"]}}],"collection":[{"href":"https:\/\/dutchmicrodosing.com\/it\/wp-json\/wp\/v2\/product"}],"about":[{"href":"https:\/\/dutchmicrodosing.com\/it\/wp-json\/wp\/v2\/types\/product"}],"replies":[{"embeddable":true,"href":"https:\/\/dutchmicrodosing.com\/it\/wp-json\/wp\/v2\/comments?post=40237"}],"version-history":[{"count":1,"href":"https:\/\/dutchmicrodosing.com\/it\/wp-json\/wp\/v2\/product\/40237\/revisions"}],"predecessor-version":[{"id":61739,"href":"https:\/\/dutchmicrodosing.com\/it\/wp-json\/wp\/v2\/product\/40237\/revisions\/61739"}],"wp:featuredmedia":[{"embeddable":true,"href":"https:\/\/dutchmicrodosing.com\/it\/wp-json\/wp\/v2\/media\/40249"}],"wp:attachment":[{"href":"https:\/\/dutchmicrodosing.com\/it\/wp-json\/wp\/v2\/media?parent=40237"}],"wp:term":[{"taxonomy":"product_brand","embeddable":true,"href":"https:\/\/dutchmicrodosing.com\/it\/wp-json\/wp\/v2\/product_brand?post=40237"},{"taxonomy":"product_cat","embeddable":true,"href":"https:\/\/dutchmicrodosing.com\/it\/wp-json\/wp\/v2\/product_cat?post=40237"},{"taxonomy":"product_tag","embeddable":true,"href":"https:\/\/dutchmicrodosing.com\/it\/wp-json\/wp\/v2\/product_tag?post=40237"}],"curies":[{"name":"wp","href":"https:\/\/api.w.org\/{rel}","templated":true}]}}