{"id":40760,"date":"2024-07-13T08:17:13","date_gmt":"2024-07-13T06:17:13","guid":{"rendered":"https:\/\/dutchmicrodosing.com\/?post_type=product&#038;p=40760"},"modified":"2025-09-15T15:00:17","modified_gmt":"2025-09-15T13:00:17","slug":"coda-di-tacchino-trametes-versicolor-liquid-culture-spray-20-ml","status":"publish","type":"product","link":"https:\/\/dutchmicrodosing.com\/it\/spore-fungo\/siringhe-coltura-liquida\/coda-di-tacchino-trametes-versicolor-liquid-culture-spray-20-ml\/","title":{"rendered":"Coda di tacchino (Trametes versicolor) Siringa per coltura liquida &#8211; 20 ML"},"content":{"rendered":"<p>La <strong>siringa per la coltura liquida del Turkey Tail<\/strong> rende la coltivazione dei funghi Turkey Tail a casa facile e veloce. Questa siringa contiene micelio gi\u00e0 sviluppato, che favorisce una crescita pi\u00f9 rapida e costante rispetto alle soluzioni di spore tradizionali. Il contenuto della siringa \u00e8 stato studiato appositamente per i substrati di colonizzazione e non \u00e8 destinato al consumo diretto. Uno dei principali vantaggi dell&#8217;uso della coltura liquida \u00e8 che il micelio si diffonde uniformemente in un substrato come il grano, con conseguente colonizzazione accelerata del terreno di coltura.<\/p>\n<p>La coda di tacchino, scientificamente nota come Trametes versicolor o Coriolus versicolor, \u00e8 un fungo colorato che assomiglia alla coda di piume di un tacchino, il che spiega il suo nome inglese. Nei Paesi Bassi \u00e8 conosciuta come Elfenbankje, probabilmente per il suo aspetto stratificato e multicolore. Questo modello non \u00e8 solo bello. Tradizionalmente, la coda di tacchino \u00e8 stata apprezzata per secoli in Asia, soprattutto in Cina e Giappone, dove veniva utilizzata nella medicina tradizionale. Le antiche credenze sul suo potere sono oggi supportate dalla moderna ricerca scientifica in Asia, che rende il fungo ancora popolare. I fenoli presenti, come i flavonoidi, sono solo alcuni degli ingredienti utili della coda di tacchino. Tuttavia, \u00e8 conosciuta soprattutto per la presenza di polisaccaridi-k (PSK) e peptidi polisaccaridici (PSP), sostanze che hanno ricevuto particolare attenzione nella ricerca sui loro potenziali benefici per la salute.<\/p>\n<h3><strong>Contenuto<\/strong><\/h3>\n<p>Questi articoli sono ulteriormente imballati in un sacchetto con chiusura a zip per proteggere ulteriormente dalla contaminazione.<\/p>\n<ul>\n<li>1x 20ml di coltura liquida in una siringa<\/li>\n<li>1x salvietta alcolica<\/li>\n<li>1x ago sterile<\/li>\n<\/ul>\n<h3><strong>Utilizzo<\/strong><\/h3>\n<ul>\n<li>Aggiungi 1-2ml per ogni barattolo da 1L di cereali sterilizzati.<\/li>\n<li>Agitare bene la coltura liquida prima dell&#8217;uso; il micelio della coda di tacchino potrebbe raggrumarsi.<\/li>\n<\/ul>\n<h4><strong>Dopo l&#8217;uso<\/strong><\/h4>\n<ul>\n<li>Conservare nuovamente in frigorifero.<\/li>\n<li>Asciuga accuratamente l&#8217;ago con una salvietta alcolica prima di rimettere il cappuccio protettivo per evitare la ruggine.<\/li>\n<li>Facoltativo: utilizzare un accendino per riscaldare l&#8217;ago e far evaporare l&#8217;acqua residua. Lasciare quindi che si raffreddi prima di rimettere il tappo.<\/li>\n<li>Mettere la coltura liquida in un sacchetto con chiusura a zip per una maggiore protezione e riporla in frigorifero.<\/li>\n<\/ul>\n<p>Queste istruzioni garantiscono che la coltura liquida rimanga efficace e utilizzabile il pi\u00f9 a lungo possibile.<\/p>\n<h3>Su quale substrato cresciamo?<\/h3>\n<p>Legno duro (faggio, quercia, quercia gialla, ontano, pioppo, olmo, legno di ferro, melo, ciliegio e altri alberi da frutto)<\/p>\n<h4>Condizioni di coltivazione<\/h4>\n<ul>\n<li>Fase 1: crescita miceliare<\/li>\n<li>Temperatura: 24 &#8211; 29\u00b0C<\/li>\n<li>Umidit\u00e0: 90 &#8211; 100%<\/li>\n<li>Durata: 14 &#8211; 21 giorni<\/li>\n<li>Luce: n\/a<\/li>\n<\/ul>\n<h4>Fase 2: formazione dei primordi\/fruttificazione<\/h4>\n<ul>\n<li>Temperatura: 10 &#8211; 24 (fino a 27) \u00b0C<\/li>\n<li>Umidit\u00e0: 95 &#8211; 100%<\/li>\n<li>Durata: 7 &#8211; 14 giorni<\/li>\n<li>Luce: 500 &#8211; 2.000 lux<\/li>\n<\/ul>\n<h4>Fase 3: fruttificazione e raccolta<\/h4>\n<ul>\n<li>Temperatura: 18 &#8211; 24\u00b0C<\/li>\n<li>Umidit\u00e0: 85-90 (95)%.<\/li>\n<li>Durata: 45-70 giorni<\/li>\n<li>Luce: 500 &#8211; 2.000 lux<\/li>\n<li>Ciclo colturale: due o tre voli\/fiori nell&#8217;arco di tre mesi<\/li>\n<\/ul>\n<h3><strong>Consigli per lo stoccaggio<\/strong><\/h3>\n<ul>\n<li>Utilizzare la coltura liquida entro 2 mesi.<\/li>\n<li>Conservare in frigorifero o in un altro luogo fresco e buio.<\/li>\n<li>Evitare l&#8217;esposizione ai raggi UV.<\/li>\n<\/ul>\n","protected":false},"excerpt":{"rendered":"<p>La siringa per la coltura liquida del Turkey Tail rende la coltivazione dei funghi Turkey Tail a casa facile e veloce. Questa siringa contiene micelio gi\u00e0 sviluppato, che favorisce una crescita pi\u00f9 rapida e costante rispetto alle soluzioni di spore tradizionali. Il contenuto della siringa \u00e8 stato studiato appositamente per i substrati di colonizzazione e [&hellip;]<\/p>\n","protected":false},"featured_media":27918,"comment_status":"closed","ping_status":"closed","template":"","meta":[],"product_brand":[],"product_cat":[357,175],"product_tag":[],"class_list":{"0":"post-40760","1":"product","2":"type-product","3":"status-publish","4":"has-post-thumbnail","6":"product_cat-siringhe-coltura-liquida","7":"product_cat-funghi-medicinali","9":"first","10":"outofstock","11":"taxable","12":"shipping-taxable","13":"purchasable","14":"product-type-simple"},"yoast_head":"<!-- This site is optimized with the Yoast SEO Premium plugin v26.4 (Yoast SEO v27.4) - https:\/\/yoast.com\/product\/yoast-seo-premium-wordpress\/ -->\n<title>Coda di tacchino (Trametes versicolor) Siringa per coltura liquida - 20 ML - Dutchmicrodosing<\/title>\n<meta name=\"robots\" content=\"index, follow, max-snippet:-1, max-image-preview:large, max-video-preview:-1\" \/>\n<link rel=\"canonical\" href=\"https:\/\/dutchmicrodosing.com\/it\/spore-fungo\/siringhe-coltura-liquida\/coda-di-tacchino-trametes-versicolor-liquid-culture-spray-20-ml\/\" \/>\n<meta property=\"og:locale\" content=\"it_IT\" \/>\n<meta property=\"og:type\" content=\"article\" \/>\n<meta property=\"og:title\" content=\"Coda di tacchino (Trametes versicolor) Siringa per coltura liquida - 20 ML\" \/>\n<meta property=\"og:description\" content=\"La siringa per la coltura liquida del Turkey Tail rende la coltivazione dei funghi Turkey Tail a casa facile e veloce. Questa siringa contiene micelio gi\u00e0\" \/>\n<meta property=\"og:url\" content=\"https:\/\/dutchmicrodosing.com\/it\/spore-fungo\/siringhe-coltura-liquida\/coda-di-tacchino-trametes-versicolor-liquid-culture-spray-20-ml\/\" \/>\n<meta property=\"og:site_name\" content=\"Dutchmicrodosing\" \/>\n<meta property=\"article:publisher\" content=\"https:\/\/www.facebook.com\/Dutchmicrodosingxp\/\" \/>\n<meta property=\"article:modified_time\" content=\"2025-09-15T13:00:17+00:00\" \/>\n<meta property=\"og:image\" content=\"https:\/\/dutchmicrodosing.com\/wp-content\/uploads\/2023\/09\/turkey-tail-hoekpolder-002.jpg\" \/>\n\t<meta property=\"og:image:width\" content=\"1000\" \/>\n\t<meta property=\"og:image:height\" content=\"1000\" \/>\n\t<meta property=\"og:image:type\" content=\"image\/jpeg\" \/>\n<meta name=\"twitter:card\" content=\"summary_large_image\" \/>\n<script type=\"application\/ld+json\" class=\"yoast-schema-graph\">{\"@context\":\"https:\\\/\\\/schema.org\",\"@graph\":[{\"@type\":\"WebPage\",\"@id\":\"https:\\\/\\\/dutchmicrodosing.com\\\/it\\\/spore-fungo\\\/siringhe-coltura-liquida\\\/coda-di-tacchino-trametes-versicolor-liquid-culture-spray-20-ml\\\/\",\"url\":\"https:\\\/\\\/dutchmicrodosing.com\\\/it\\\/spore-fungo\\\/siringhe-coltura-liquida\\\/coda-di-tacchino-trametes-versicolor-liquid-culture-spray-20-ml\\\/\",\"name\":\"Coda di tacchino (Trametes versicolor) Siringa per coltura liquida - 20 ML - Dutchmicrodosing\",\"isPartOf\":{\"@id\":\"https:\\\/\\\/dutchmicrodosing.com\\\/it\\\/#website\"},\"primaryImageOfPage\":{\"@id\":\"https:\\\/\\\/dutchmicrodosing.com\\\/it\\\/spore-fungo\\\/siringhe-coltura-liquida\\\/coda-di-tacchino-trametes-versicolor-liquid-culture-spray-20-ml\\\/#primaryimage\"},\"image\":{\"@id\":\"https:\\\/\\\/dutchmicrodosing.com\\\/it\\\/spore-fungo\\\/siringhe-coltura-liquida\\\/coda-di-tacchino-trametes-versicolor-liquid-culture-spray-20-ml\\\/#primaryimage\"},\"thumbnailUrl\":\"https:\\\/\\\/dutchmicrodosing.com\\\/wp-content\\\/uploads\\\/2023\\\/09\\\/turkey-tail-hoekpolder-002.jpg\",\"datePublished\":\"2024-07-13T06:17:13+00:00\",\"dateModified\":\"2025-09-15T13:00:17+00:00\",\"breadcrumb\":{\"@id\":\"https:\\\/\\\/dutchmicrodosing.com\\\/it\\\/spore-fungo\\\/siringhe-coltura-liquida\\\/coda-di-tacchino-trametes-versicolor-liquid-culture-spray-20-ml\\\/#breadcrumb\"},\"inLanguage\":\"it-IT\",\"potentialAction\":[{\"@type\":\"ReadAction\",\"target\":[\"https:\\\/\\\/dutchmicrodosing.com\\\/it\\\/spore-fungo\\\/siringhe-coltura-liquida\\\/coda-di-tacchino-trametes-versicolor-liquid-culture-spray-20-ml\\\/\"]}]},{\"@type\":\"ImageObject\",\"inLanguage\":\"it-IT\",\"@id\":\"https:\\\/\\\/dutchmicrodosing.com\\\/it\\\/spore-fungo\\\/siringhe-coltura-liquida\\\/coda-di-tacchino-trametes-versicolor-liquid-culture-spray-20-ml\\\/#primaryimage\",\"url\":\"https:\\\/\\\/dutchmicrodosing.com\\\/wp-content\\\/uploads\\\/2023\\\/09\\\/turkey-tail-hoekpolder-002.jpg\",\"contentUrl\":\"https:\\\/\\\/dutchmicrodosing.com\\\/wp-content\\\/uploads\\\/2023\\\/09\\\/turkey-tail-hoekpolder-002.jpg\",\"width\":1000,\"height\":1000},{\"@type\":\"BreadcrumbList\",\"@id\":\"https:\\\/\\\/dutchmicrodosing.com\\\/it\\\/spore-fungo\\\/siringhe-coltura-liquida\\\/coda-di-tacchino-trametes-versicolor-liquid-culture-spray-20-ml\\\/#breadcrumb\",\"itemListElement\":[{\"@type\":\"ListItem\",\"position\":1,\"name\":\"Home\",\"item\":\"https:\\\/\\\/dutchmicrodosing.com\\\/it\\\/\"},{\"@type\":\"ListItem\",\"position\":2,\"name\":\"Negozio\",\"item\":\"https:\\\/\\\/dutchmicrodosing.com\\\/it\\\/negozio\\\/\"},{\"@type\":\"ListItem\",\"position\":3,\"name\":\"Coda di tacchino (Trametes versicolor) Siringa per coltura liquida &#8211; 20 ML\"}]},{\"@type\":\"WebSite\",\"@id\":\"https:\\\/\\\/dutchmicrodosing.com\\\/it\\\/#website\",\"url\":\"https:\\\/\\\/dutchmicrodosing.com\\\/it\\\/\",\"name\":\"Dutchmicrodosing\",\"description\":\"\",\"publisher\":{\"@id\":\"https:\\\/\\\/dutchmicrodosing.com\\\/it\\\/#organization\"},\"potentialAction\":[{\"@type\":\"SearchAction\",\"target\":{\"@type\":\"EntryPoint\",\"urlTemplate\":\"https:\\\/\\\/dutchmicrodosing.com\\\/it\\\/?s={search_term_string}\"},\"query-input\":{\"@type\":\"PropertyValueSpecification\",\"valueRequired\":true,\"valueName\":\"search_term_string\"}}],\"inLanguage\":\"it-IT\"},{\"@type\":\"Organization\",\"@id\":\"https:\\\/\\\/dutchmicrodosing.com\\\/it\\\/#organization\",\"name\":\"Dutchmicrodosing\",\"url\":\"https:\\\/\\\/dutchmicrodosing.com\\\/it\\\/\",\"logo\":{\"@type\":\"ImageObject\",\"inLanguage\":\"it-IT\",\"@id\":\"https:\\\/\\\/dutchmicrodosing.com\\\/it\\\/#\\\/schema\\\/logo\\\/image\\\/\",\"url\":\"https:\\\/\\\/dutchmicrodosing.com\\\/wp-content\\\/uploads\\\/2021\\\/01\\\/microdosing-categorie-pic-nieuw.jpg\",\"contentUrl\":\"https:\\\/\\\/dutchmicrodosing.com\\\/wp-content\\\/uploads\\\/2021\\\/01\\\/microdosing-categorie-pic-nieuw.jpg\",\"width\":500,\"height\":500,\"caption\":\"Dutchmicrodosing\"},\"image\":{\"@id\":\"https:\\\/\\\/dutchmicrodosing.com\\\/it\\\/#\\\/schema\\\/logo\\\/image\\\/\"},\"sameAs\":[\"https:\\\/\\\/www.facebook.com\\\/Dutchmicrodosingxp\\\/\",\"https:\\\/\\\/www.instagram.com\\\/dutchmicrodosing\\\/\"]}]}<\/script>\n<meta property=\"product:price:amount\" content=\"15.95\" \/>\n<meta property=\"product:price:currency\" content=\"EUR\" \/>\n<meta property=\"og:availability\" content=\"out of stock\" \/>\n<meta property=\"product:availability\" content=\"out of stock\" \/>\n<meta property=\"product:retailer_item_id\" content=\"4206687\" \/>\n<meta property=\"product:condition\" content=\"new\" \/>\n<!-- \/ Yoast SEO Premium plugin. -->","yoast_head_json":{"title":"Coda di tacchino (Trametes versicolor) Siringa per coltura liquida - 20 ML - Dutchmicrodosing","robots":{"index":"index","follow":"follow","max-snippet":"max-snippet:-1","max-image-preview":"max-image-preview:large","max-video-preview":"max-video-preview:-1"},"canonical":"https:\/\/dutchmicrodosing.com\/it\/spore-fungo\/siringhe-coltura-liquida\/coda-di-tacchino-trametes-versicolor-liquid-culture-spray-20-ml\/","og_locale":"it_IT","og_type":"article","og_title":"Coda di tacchino (Trametes versicolor) Siringa per coltura liquida - 20 ML","og_description":"La siringa per la coltura liquida del Turkey Tail rende la coltivazione dei funghi Turkey Tail a casa facile e veloce. Questa siringa contiene micelio gi\u00e0","og_url":"https:\/\/dutchmicrodosing.com\/it\/spore-fungo\/siringhe-coltura-liquida\/coda-di-tacchino-trametes-versicolor-liquid-culture-spray-20-ml\/","og_site_name":"Dutchmicrodosing","article_publisher":"https:\/\/www.facebook.com\/Dutchmicrodosingxp\/","article_modified_time":"2025-09-15T13:00:17+00:00","og_image":[{"width":1000,"height":1000,"url":"https:\/\/dutchmicrodosing.com\/wp-content\/uploads\/2023\/09\/turkey-tail-hoekpolder-002.jpg","type":"image\/jpeg"}],"twitter_card":"summary_large_image","schema":{"@context":"https:\/\/schema.org","@graph":[{"@type":"WebPage","@id":"https:\/\/dutchmicrodosing.com\/it\/spore-fungo\/siringhe-coltura-liquida\/coda-di-tacchino-trametes-versicolor-liquid-culture-spray-20-ml\/","url":"https:\/\/dutchmicrodosing.com\/it\/spore-fungo\/siringhe-coltura-liquida\/coda-di-tacchino-trametes-versicolor-liquid-culture-spray-20-ml\/","name":"Coda di tacchino (Trametes versicolor) Siringa per coltura liquida - 20 ML - Dutchmicrodosing","isPartOf":{"@id":"https:\/\/dutchmicrodosing.com\/it\/#website"},"primaryImageOfPage":{"@id":"https:\/\/dutchmicrodosing.com\/it\/spore-fungo\/siringhe-coltura-liquida\/coda-di-tacchino-trametes-versicolor-liquid-culture-spray-20-ml\/#primaryimage"},"image":{"@id":"https:\/\/dutchmicrodosing.com\/it\/spore-fungo\/siringhe-coltura-liquida\/coda-di-tacchino-trametes-versicolor-liquid-culture-spray-20-ml\/#primaryimage"},"thumbnailUrl":"https:\/\/dutchmicrodosing.com\/wp-content\/uploads\/2023\/09\/turkey-tail-hoekpolder-002.jpg","datePublished":"2024-07-13T06:17:13+00:00","dateModified":"2025-09-15T13:00:17+00:00","breadcrumb":{"@id":"https:\/\/dutchmicrodosing.com\/it\/spore-fungo\/siringhe-coltura-liquida\/coda-di-tacchino-trametes-versicolor-liquid-culture-spray-20-ml\/#breadcrumb"},"inLanguage":"it-IT","potentialAction":[{"@type":"ReadAction","target":["https:\/\/dutchmicrodosing.com\/it\/spore-fungo\/siringhe-coltura-liquida\/coda-di-tacchino-trametes-versicolor-liquid-culture-spray-20-ml\/"]}]},{"@type":"ImageObject","inLanguage":"it-IT","@id":"https:\/\/dutchmicrodosing.com\/it\/spore-fungo\/siringhe-coltura-liquida\/coda-di-tacchino-trametes-versicolor-liquid-culture-spray-20-ml\/#primaryimage","url":"https:\/\/dutchmicrodosing.com\/wp-content\/uploads\/2023\/09\/turkey-tail-hoekpolder-002.jpg","contentUrl":"https:\/\/dutchmicrodosing.com\/wp-content\/uploads\/2023\/09\/turkey-tail-hoekpolder-002.jpg","width":1000,"height":1000},{"@type":"BreadcrumbList","@id":"https:\/\/dutchmicrodosing.com\/it\/spore-fungo\/siringhe-coltura-liquida\/coda-di-tacchino-trametes-versicolor-liquid-culture-spray-20-ml\/#breadcrumb","itemListElement":[{"@type":"ListItem","position":1,"name":"Home","item":"https:\/\/dutchmicrodosing.com\/it\/"},{"@type":"ListItem","position":2,"name":"Negozio","item":"https:\/\/dutchmicrodosing.com\/it\/negozio\/"},{"@type":"ListItem","position":3,"name":"Coda di tacchino (Trametes versicolor) Siringa per coltura liquida &#8211; 20 ML"}]},{"@type":"WebSite","@id":"https:\/\/dutchmicrodosing.com\/it\/#website","url":"https:\/\/dutchmicrodosing.com\/it\/","name":"Dutchmicrodosing","description":"","publisher":{"@id":"https:\/\/dutchmicrodosing.com\/it\/#organization"},"potentialAction":[{"@type":"SearchAction","target":{"@type":"EntryPoint","urlTemplate":"https:\/\/dutchmicrodosing.com\/it\/?s={search_term_string}"},"query-input":{"@type":"PropertyValueSpecification","valueRequired":true,"valueName":"search_term_string"}}],"inLanguage":"it-IT"},{"@type":"Organization","@id":"https:\/\/dutchmicrodosing.com\/it\/#organization","name":"Dutchmicrodosing","url":"https:\/\/dutchmicrodosing.com\/it\/","logo":{"@type":"ImageObject","inLanguage":"it-IT","@id":"https:\/\/dutchmicrodosing.com\/it\/#\/schema\/logo\/image\/","url":"https:\/\/dutchmicrodosing.com\/wp-content\/uploads\/2021\/01\/microdosing-categorie-pic-nieuw.jpg","contentUrl":"https:\/\/dutchmicrodosing.com\/wp-content\/uploads\/2021\/01\/microdosing-categorie-pic-nieuw.jpg","width":500,"height":500,"caption":"Dutchmicrodosing"},"image":{"@id":"https:\/\/dutchmicrodosing.com\/it\/#\/schema\/logo\/image\/"},"sameAs":["https:\/\/www.facebook.com\/Dutchmicrodosingxp\/","https:\/\/www.instagram.com\/dutchmicrodosing\/"]}]},"product_price_amount":"15.95","product_price_currency":"EUR","og_availability":"out of stock","product_availability":"out of stock","product_retailer_item_id":"4206687","product_condition":"new"},"_links":{"self":[{"href":"https:\/\/dutchmicrodosing.com\/it\/wp-json\/wp\/v2\/product\/40760","targetHints":{"allow":["GET"]}}],"collection":[{"href":"https:\/\/dutchmicrodosing.com\/it\/wp-json\/wp\/v2\/product"}],"about":[{"href":"https:\/\/dutchmicrodosing.com\/it\/wp-json\/wp\/v2\/types\/product"}],"replies":[{"embeddable":true,"href":"https:\/\/dutchmicrodosing.com\/it\/wp-json\/wp\/v2\/comments?post=40760"}],"version-history":[{"count":0,"href":"https:\/\/dutchmicrodosing.com\/it\/wp-json\/wp\/v2\/product\/40760\/revisions"}],"wp:featuredmedia":[{"embeddable":true,"href":"https:\/\/dutchmicrodosing.com\/it\/wp-json\/wp\/v2\/media\/27918"}],"wp:attachment":[{"href":"https:\/\/dutchmicrodosing.com\/it\/wp-json\/wp\/v2\/media?parent=40760"}],"wp:term":[{"taxonomy":"product_brand","embeddable":true,"href":"https:\/\/dutchmicrodosing.com\/it\/wp-json\/wp\/v2\/product_brand?post=40760"},{"taxonomy":"product_cat","embeddable":true,"href":"https:\/\/dutchmicrodosing.com\/it\/wp-json\/wp\/v2\/product_cat?post=40760"},{"taxonomy":"product_tag","embeddable":true,"href":"https:\/\/dutchmicrodosing.com\/it\/wp-json\/wp\/v2\/product_tag?post=40760"}],"curies":[{"name":"wp","href":"https:\/\/api.w.org\/{rel}","templated":true}]}}