{"id":40791,"date":"2024-07-13T08:45:25","date_gmt":"2024-07-13T06:45:25","guid":{"rendered":"https:\/\/dutchmicrodosing.com\/shop\/senza-categoria\/red-reishi-ganoderma-lucidum-liquid-culture-spray-20-ml\/"},"modified":"2025-09-22T13:49:22","modified_gmt":"2025-09-22T11:49:22","slug":"red-reishi-ganoderma-lucidum-liquid-culture-spray-20-ml","status":"publish","type":"product","link":"https:\/\/dutchmicrodosing.com\/it\/spore-fungo\/siringhe-coltura-liquida\/red-reishi-ganoderma-lucidum-liquid-culture-spray-20-ml\/","title":{"rendered":"Siringa di coltura liquida di Reishi rosso (Ganoderma lucidum) &#8211; 20 ML"},"content":{"rendered":"<p>La <strong>coltura liquida di Red Reishi<\/strong> \u00e8 preparata a partire da una coltura di funghi pura e viene realizzata utilizzando estratti di malto e lievito della massima qualit\u00e0. Il micelio liquido realizzato con colture di funghi puri \u00e8 molto pi\u00f9 efficace delle colture liquide realizzate con spore. Il vantaggio della coltura liquida \u00e8 che si diffonde in modo molto pi\u00f9 uniforme in un vaso di cereali e si assiste a una colonizzazione pi\u00f9 rapida dei cereali. Il contenuto della siringa \u00e8 destinato esclusivamente ai substrati di colonizzazione e non al consumo diretto. Prova una sensazione regale con il fungo Reishi rosso, chiamato anche &#8220;fungo dell&#8217;immortalit\u00e0&#8221; nella medicina tradizionale cinese. Da oltre 2.000 anni questo fungo \u00e8 tenuto in grande considerazione dalla medicina cinese. Questo apprezzamento \u00e8 dovuto alla ricca presenza di vitamine, nutrienti e adattogeni naturali.<\/p>\n<h3>Contenuto<\/h3>\n<p>Questi articoli sono ulteriormente imballati in un sacchetto con chiusura a zip per proteggere ulteriormente dalla contaminazione.<\/p>\n<ul>\n<li>1x 20ml di coltura liquida in una siringa<\/li>\n<li>1x salvietta alcolica<\/li>\n<li>1x ago sterile<\/li>\n<\/ul>\n<h3><strong>Utilizzo<\/strong><\/h3>\n<ul>\n<li>Aggiungi 1-2ml per ogni barattolo da 1L di cereali sterilizzati.<\/li>\n<li>Agita bene la coltura liquida prima dell&#8217;uso. Il Reishi rosso ha una crescita lenta e talvolta irregolare. Pu\u00f2 sembrare che non ci sia crescita, ma probabilmente il processo \u00e8 gi\u00e0 iniziato.<\/li>\n<\/ul>\n<h4><strong>Dopo l&#8217;<\/strong> uso<\/h4>\n<ul>\n<li>Conservare nuovamente in frigorifero.<\/li>\n<li>Asciugare accuratamente l&#8217;ago con un nuovo panno alcolico prima di rimettere il cappuccio protettivo per evitare la ruggine.<\/li>\n<li>Facoltativo: utilizzare un accendino per riscaldare l&#8217;ago e far evaporare l&#8217;acqua residua. Lasciare quindi che si raffreddi prima di rimettere il tappo.<\/li>\n<li>Mettere la coltura liquida in un sacchetto con chiusura a zip per una maggiore protezione e riporla in frigorifero.<\/li>\n<\/ul>\n<p>Queste istruzioni garantiscono che la coltura liquida rimanga efficace e utilizzabile il pi\u00f9 a lungo possibile.<\/p>\n<h3>Su quale substrato cresciamo<\/h3>\n<p>La risposta \u00e8 il legno duro (i pi\u00f9 adatti: quercia, faggio, betulla, ontano). Se si preferisce un approccio pi\u00f9 naturale, \u00e8 anche possibile coltivare il Red Reishi all&#8217;aperto direttamente su tronchi di legno duro.<\/p>\n<h3>Fase 1: condizioni di crescita<\/h3>\n<p>Fase 1: crescita miceliare<br \/>\nTemperatura: 21 &#8211; 27\u00b0C<br \/>\nUmidit\u00e0: 95 &#8211; 100%<br \/>\nDurata: 10-20 giorni<br \/>\nLuce: n\/a<\/p>\n<h3>Fase 2: formazione dei primordi\/fruttificazione<\/h3>\n<p>(Per l&#8217;uniformit\u00e0 di crescita delle corna in un sacchetto sigillato).<br \/>\nTemperatura: 18 &#8211; 24\u00b0C<br \/>\nUmidit\u00e0: 95 &#8211; 100%<br \/>\nDurata: 14 &#8211; 28 giorni<br \/>\nLuce: 200 &#8211; 500 lux per 4 &#8211; 8 ore al giorno<\/p>\n<h3>Fase 3: inizio della formazione dei frutti<\/h3>\n<p>(Per la formazione di conchiglie in sacchi aperti).<br \/>\nTemperatura: 21 &#8211; 27 \u00b0C<br \/>\nUmidit\u00e0: 95 &#8211; 100%<br \/>\nDurata: 14 &#8211; 28 giorni<br \/>\nLuce: 750 &#8211; 1.500 lux per 12 ore al giorno<\/p>\n<h3>Fase 4: fruttificazione e raccolta<\/h3>\n<p>Temperatura: 21 &#8211; 27 \u00b0C<br \/>\nUmidit\u00e0: 80 &#8211; 85%<br \/>\nDurata: 60 giorni<br \/>\nLuce: 750 &#8211; 1.500 lux<br \/>\nCiclo colturale: 1 &#8211; 2 raccolti nell&#8217;arco di 90 &#8211; 120 giorni.<\/p>\n<h3>Consigli per lo stoccaggio<\/h3>\n<ul>\n<li>Utilizzare la coltura liquida entro 2 mesi.<\/li>\n<li>Conservare in frigorifero o in un altro luogo fresco e buio.<\/li>\n<li>Evitare l&#8217;esposizione ai raggi UV.<\/li>\n<\/ul>\n","protected":false},"excerpt":{"rendered":"<p>La coltura liquida di Red Reishi \u00e8 preparata a partire da una coltura di funghi pura e viene realizzata utilizzando estratti di malto e lievito della massima qualit\u00e0. Il micelio liquido realizzato con colture di funghi puri \u00e8 molto pi\u00f9 efficace delle colture liquide realizzate con spore. Il vantaggio della coltura liquida \u00e8 che si [&hellip;]<\/p>\n","protected":false},"featured_media":27912,"comment_status":"closed","ping_status":"closed","template":"","meta":[],"product_brand":[],"product_cat":[357,175],"product_tag":[],"class_list":{"0":"post-40791","1":"product","2":"type-product","3":"status-publish","4":"has-post-thumbnail","6":"product_cat-siringhe-coltura-liquida","7":"product_cat-funghi-medicinali","9":"first","10":"outofstock","11":"taxable","12":"shipping-taxable","13":"purchasable","14":"product-type-simple"},"yoast_head":"<!-- This site is optimized with the Yoast SEO Premium plugin v26.4 (Yoast SEO v27.4) - https:\/\/yoast.com\/product\/yoast-seo-premium-wordpress\/ -->\n<title>Siringa di coltura liquida di Reishi rosso (Ganoderma lucidum) - 20 ML - Dutchmicrodosing<\/title>\n<meta name=\"robots\" content=\"index, follow, max-snippet:-1, max-image-preview:large, max-video-preview:-1\" \/>\n<link rel=\"canonical\" href=\"https:\/\/dutchmicrodosing.com\/it\/spore-fungo\/siringhe-coltura-liquida\/red-reishi-ganoderma-lucidum-liquid-culture-spray-20-ml\/\" \/>\n<meta property=\"og:locale\" content=\"it_IT\" \/>\n<meta property=\"og:type\" content=\"article\" \/>\n<meta property=\"og:title\" content=\"Siringa di coltura liquida di Reishi rosso (Ganoderma lucidum) - 20 ML\" \/>\n<meta property=\"og:description\" content=\"La coltura liquida di Red Reishi \u00e8 preparata a partire da una coltura di funghi pura e viene realizzata utilizzando estratti di malto e lievito della\" \/>\n<meta property=\"og:url\" content=\"https:\/\/dutchmicrodosing.com\/it\/spore-fungo\/siringhe-coltura-liquida\/red-reishi-ganoderma-lucidum-liquid-culture-spray-20-ml\/\" \/>\n<meta property=\"og:site_name\" content=\"Dutchmicrodosing\" \/>\n<meta property=\"article:publisher\" content=\"https:\/\/www.facebook.com\/Dutchmicrodosingxp\/\" \/>\n<meta property=\"article:modified_time\" content=\"2025-09-22T11:49:22+00:00\" \/>\n<meta property=\"og:image\" content=\"https:\/\/dutchmicrodosing.com\/wp-content\/uploads\/2023\/09\/red-reishi-hoekpolder-002.jpg\" \/>\n\t<meta property=\"og:image:width\" content=\"1000\" \/>\n\t<meta property=\"og:image:height\" content=\"1000\" \/>\n\t<meta property=\"og:image:type\" content=\"image\/jpeg\" \/>\n<meta name=\"twitter:card\" content=\"summary_large_image\" \/>\n<script type=\"application\/ld+json\" class=\"yoast-schema-graph\">{\"@context\":\"https:\\\/\\\/schema.org\",\"@graph\":[{\"@type\":\"WebPage\",\"@id\":\"https:\\\/\\\/dutchmicrodosing.com\\\/it\\\/spore-fungo\\\/siringhe-coltura-liquida\\\/red-reishi-ganoderma-lucidum-liquid-culture-spray-20-ml\\\/\",\"url\":\"https:\\\/\\\/dutchmicrodosing.com\\\/it\\\/spore-fungo\\\/siringhe-coltura-liquida\\\/red-reishi-ganoderma-lucidum-liquid-culture-spray-20-ml\\\/\",\"name\":\"Siringa di coltura liquida di Reishi rosso (Ganoderma lucidum) - 20 ML - Dutchmicrodosing\",\"isPartOf\":{\"@id\":\"https:\\\/\\\/dutchmicrodosing.com\\\/it\\\/#website\"},\"primaryImageOfPage\":{\"@id\":\"https:\\\/\\\/dutchmicrodosing.com\\\/it\\\/spore-fungo\\\/siringhe-coltura-liquida\\\/red-reishi-ganoderma-lucidum-liquid-culture-spray-20-ml\\\/#primaryimage\"},\"image\":{\"@id\":\"https:\\\/\\\/dutchmicrodosing.com\\\/it\\\/spore-fungo\\\/siringhe-coltura-liquida\\\/red-reishi-ganoderma-lucidum-liquid-culture-spray-20-ml\\\/#primaryimage\"},\"thumbnailUrl\":\"https:\\\/\\\/dutchmicrodosing.com\\\/wp-content\\\/uploads\\\/2023\\\/09\\\/red-reishi-hoekpolder-002.jpg\",\"datePublished\":\"2024-07-13T06:45:25+00:00\",\"dateModified\":\"2025-09-22T11:49:22+00:00\",\"breadcrumb\":{\"@id\":\"https:\\\/\\\/dutchmicrodosing.com\\\/it\\\/spore-fungo\\\/siringhe-coltura-liquida\\\/red-reishi-ganoderma-lucidum-liquid-culture-spray-20-ml\\\/#breadcrumb\"},\"inLanguage\":\"it-IT\",\"potentialAction\":[{\"@type\":\"ReadAction\",\"target\":[\"https:\\\/\\\/dutchmicrodosing.com\\\/it\\\/spore-fungo\\\/siringhe-coltura-liquida\\\/red-reishi-ganoderma-lucidum-liquid-culture-spray-20-ml\\\/\"]}]},{\"@type\":\"ImageObject\",\"inLanguage\":\"it-IT\",\"@id\":\"https:\\\/\\\/dutchmicrodosing.com\\\/it\\\/spore-fungo\\\/siringhe-coltura-liquida\\\/red-reishi-ganoderma-lucidum-liquid-culture-spray-20-ml\\\/#primaryimage\",\"url\":\"https:\\\/\\\/dutchmicrodosing.com\\\/wp-content\\\/uploads\\\/2023\\\/09\\\/red-reishi-hoekpolder-002.jpg\",\"contentUrl\":\"https:\\\/\\\/dutchmicrodosing.com\\\/wp-content\\\/uploads\\\/2023\\\/09\\\/red-reishi-hoekpolder-002.jpg\",\"width\":1000,\"height\":1000},{\"@type\":\"BreadcrumbList\",\"@id\":\"https:\\\/\\\/dutchmicrodosing.com\\\/it\\\/spore-fungo\\\/siringhe-coltura-liquida\\\/red-reishi-ganoderma-lucidum-liquid-culture-spray-20-ml\\\/#breadcrumb\",\"itemListElement\":[{\"@type\":\"ListItem\",\"position\":1,\"name\":\"Home\",\"item\":\"https:\\\/\\\/dutchmicrodosing.com\\\/it\\\/\"},{\"@type\":\"ListItem\",\"position\":2,\"name\":\"Negozio\",\"item\":\"https:\\\/\\\/dutchmicrodosing.com\\\/it\\\/negozio\\\/\"},{\"@type\":\"ListItem\",\"position\":3,\"name\":\"Siringa di coltura liquida di Reishi rosso (Ganoderma lucidum) &#8211; 20 ML\"}]},{\"@type\":\"WebSite\",\"@id\":\"https:\\\/\\\/dutchmicrodosing.com\\\/it\\\/#website\",\"url\":\"https:\\\/\\\/dutchmicrodosing.com\\\/it\\\/\",\"name\":\"Dutchmicrodosing\",\"description\":\"\",\"publisher\":{\"@id\":\"https:\\\/\\\/dutchmicrodosing.com\\\/it\\\/#organization\"},\"potentialAction\":[{\"@type\":\"SearchAction\",\"target\":{\"@type\":\"EntryPoint\",\"urlTemplate\":\"https:\\\/\\\/dutchmicrodosing.com\\\/it\\\/?s={search_term_string}\"},\"query-input\":{\"@type\":\"PropertyValueSpecification\",\"valueRequired\":true,\"valueName\":\"search_term_string\"}}],\"inLanguage\":\"it-IT\"},{\"@type\":\"Organization\",\"@id\":\"https:\\\/\\\/dutchmicrodosing.com\\\/it\\\/#organization\",\"name\":\"Dutchmicrodosing\",\"url\":\"https:\\\/\\\/dutchmicrodosing.com\\\/it\\\/\",\"logo\":{\"@type\":\"ImageObject\",\"inLanguage\":\"it-IT\",\"@id\":\"https:\\\/\\\/dutchmicrodosing.com\\\/it\\\/#\\\/schema\\\/logo\\\/image\\\/\",\"url\":\"https:\\\/\\\/dutchmicrodosing.com\\\/wp-content\\\/uploads\\\/2021\\\/01\\\/microdosing-categorie-pic-nieuw.jpg\",\"contentUrl\":\"https:\\\/\\\/dutchmicrodosing.com\\\/wp-content\\\/uploads\\\/2021\\\/01\\\/microdosing-categorie-pic-nieuw.jpg\",\"width\":500,\"height\":500,\"caption\":\"Dutchmicrodosing\"},\"image\":{\"@id\":\"https:\\\/\\\/dutchmicrodosing.com\\\/it\\\/#\\\/schema\\\/logo\\\/image\\\/\"},\"sameAs\":[\"https:\\\/\\\/www.facebook.com\\\/Dutchmicrodosingxp\\\/\",\"https:\\\/\\\/www.instagram.com\\\/dutchmicrodosing\\\/\"]}]}<\/script>\n<meta property=\"product:price:amount\" content=\"15.95\" \/>\n<meta property=\"product:price:currency\" content=\"EUR\" \/>\n<meta property=\"og:availability\" content=\"out of stock\" \/>\n<meta property=\"product:availability\" content=\"out of stock\" \/>\n<meta property=\"product:retailer_item_id\" content=\"4206922\" \/>\n<meta property=\"product:condition\" content=\"new\" \/>\n<!-- \/ Yoast SEO Premium plugin. -->","yoast_head_json":{"title":"Siringa di coltura liquida di Reishi rosso (Ganoderma lucidum) - 20 ML - Dutchmicrodosing","robots":{"index":"index","follow":"follow","max-snippet":"max-snippet:-1","max-image-preview":"max-image-preview:large","max-video-preview":"max-video-preview:-1"},"canonical":"https:\/\/dutchmicrodosing.com\/it\/spore-fungo\/siringhe-coltura-liquida\/red-reishi-ganoderma-lucidum-liquid-culture-spray-20-ml\/","og_locale":"it_IT","og_type":"article","og_title":"Siringa di coltura liquida di Reishi rosso (Ganoderma lucidum) - 20 ML","og_description":"La coltura liquida di Red Reishi \u00e8 preparata a partire da una coltura di funghi pura e viene realizzata utilizzando estratti di malto e lievito della","og_url":"https:\/\/dutchmicrodosing.com\/it\/spore-fungo\/siringhe-coltura-liquida\/red-reishi-ganoderma-lucidum-liquid-culture-spray-20-ml\/","og_site_name":"Dutchmicrodosing","article_publisher":"https:\/\/www.facebook.com\/Dutchmicrodosingxp\/","article_modified_time":"2025-09-22T11:49:22+00:00","og_image":[{"width":1000,"height":1000,"url":"https:\/\/dutchmicrodosing.com\/wp-content\/uploads\/2023\/09\/red-reishi-hoekpolder-002.jpg","type":"image\/jpeg"}],"twitter_card":"summary_large_image","schema":{"@context":"https:\/\/schema.org","@graph":[{"@type":"WebPage","@id":"https:\/\/dutchmicrodosing.com\/it\/spore-fungo\/siringhe-coltura-liquida\/red-reishi-ganoderma-lucidum-liquid-culture-spray-20-ml\/","url":"https:\/\/dutchmicrodosing.com\/it\/spore-fungo\/siringhe-coltura-liquida\/red-reishi-ganoderma-lucidum-liquid-culture-spray-20-ml\/","name":"Siringa di coltura liquida di Reishi rosso (Ganoderma lucidum) - 20 ML - Dutchmicrodosing","isPartOf":{"@id":"https:\/\/dutchmicrodosing.com\/it\/#website"},"primaryImageOfPage":{"@id":"https:\/\/dutchmicrodosing.com\/it\/spore-fungo\/siringhe-coltura-liquida\/red-reishi-ganoderma-lucidum-liquid-culture-spray-20-ml\/#primaryimage"},"image":{"@id":"https:\/\/dutchmicrodosing.com\/it\/spore-fungo\/siringhe-coltura-liquida\/red-reishi-ganoderma-lucidum-liquid-culture-spray-20-ml\/#primaryimage"},"thumbnailUrl":"https:\/\/dutchmicrodosing.com\/wp-content\/uploads\/2023\/09\/red-reishi-hoekpolder-002.jpg","datePublished":"2024-07-13T06:45:25+00:00","dateModified":"2025-09-22T11:49:22+00:00","breadcrumb":{"@id":"https:\/\/dutchmicrodosing.com\/it\/spore-fungo\/siringhe-coltura-liquida\/red-reishi-ganoderma-lucidum-liquid-culture-spray-20-ml\/#breadcrumb"},"inLanguage":"it-IT","potentialAction":[{"@type":"ReadAction","target":["https:\/\/dutchmicrodosing.com\/it\/spore-fungo\/siringhe-coltura-liquida\/red-reishi-ganoderma-lucidum-liquid-culture-spray-20-ml\/"]}]},{"@type":"ImageObject","inLanguage":"it-IT","@id":"https:\/\/dutchmicrodosing.com\/it\/spore-fungo\/siringhe-coltura-liquida\/red-reishi-ganoderma-lucidum-liquid-culture-spray-20-ml\/#primaryimage","url":"https:\/\/dutchmicrodosing.com\/wp-content\/uploads\/2023\/09\/red-reishi-hoekpolder-002.jpg","contentUrl":"https:\/\/dutchmicrodosing.com\/wp-content\/uploads\/2023\/09\/red-reishi-hoekpolder-002.jpg","width":1000,"height":1000},{"@type":"BreadcrumbList","@id":"https:\/\/dutchmicrodosing.com\/it\/spore-fungo\/siringhe-coltura-liquida\/red-reishi-ganoderma-lucidum-liquid-culture-spray-20-ml\/#breadcrumb","itemListElement":[{"@type":"ListItem","position":1,"name":"Home","item":"https:\/\/dutchmicrodosing.com\/it\/"},{"@type":"ListItem","position":2,"name":"Negozio","item":"https:\/\/dutchmicrodosing.com\/it\/negozio\/"},{"@type":"ListItem","position":3,"name":"Siringa di coltura liquida di Reishi rosso (Ganoderma lucidum) &#8211; 20 ML"}]},{"@type":"WebSite","@id":"https:\/\/dutchmicrodosing.com\/it\/#website","url":"https:\/\/dutchmicrodosing.com\/it\/","name":"Dutchmicrodosing","description":"","publisher":{"@id":"https:\/\/dutchmicrodosing.com\/it\/#organization"},"potentialAction":[{"@type":"SearchAction","target":{"@type":"EntryPoint","urlTemplate":"https:\/\/dutchmicrodosing.com\/it\/?s={search_term_string}"},"query-input":{"@type":"PropertyValueSpecification","valueRequired":true,"valueName":"search_term_string"}}],"inLanguage":"it-IT"},{"@type":"Organization","@id":"https:\/\/dutchmicrodosing.com\/it\/#organization","name":"Dutchmicrodosing","url":"https:\/\/dutchmicrodosing.com\/it\/","logo":{"@type":"ImageObject","inLanguage":"it-IT","@id":"https:\/\/dutchmicrodosing.com\/it\/#\/schema\/logo\/image\/","url":"https:\/\/dutchmicrodosing.com\/wp-content\/uploads\/2021\/01\/microdosing-categorie-pic-nieuw.jpg","contentUrl":"https:\/\/dutchmicrodosing.com\/wp-content\/uploads\/2021\/01\/microdosing-categorie-pic-nieuw.jpg","width":500,"height":500,"caption":"Dutchmicrodosing"},"image":{"@id":"https:\/\/dutchmicrodosing.com\/it\/#\/schema\/logo\/image\/"},"sameAs":["https:\/\/www.facebook.com\/Dutchmicrodosingxp\/","https:\/\/www.instagram.com\/dutchmicrodosing\/"]}]},"product_price_amount":"15.95","product_price_currency":"EUR","og_availability":"out of stock","product_availability":"out of stock","product_retailer_item_id":"4206922","product_condition":"new"},"_links":{"self":[{"href":"https:\/\/dutchmicrodosing.com\/it\/wp-json\/wp\/v2\/product\/40791","targetHints":{"allow":["GET"]}}],"collection":[{"href":"https:\/\/dutchmicrodosing.com\/it\/wp-json\/wp\/v2\/product"}],"about":[{"href":"https:\/\/dutchmicrodosing.com\/it\/wp-json\/wp\/v2\/types\/product"}],"replies":[{"embeddable":true,"href":"https:\/\/dutchmicrodosing.com\/it\/wp-json\/wp\/v2\/comments?post=40791"}],"version-history":[{"count":0,"href":"https:\/\/dutchmicrodosing.com\/it\/wp-json\/wp\/v2\/product\/40791\/revisions"}],"wp:featuredmedia":[{"embeddable":true,"href":"https:\/\/dutchmicrodosing.com\/it\/wp-json\/wp\/v2\/media\/27912"}],"wp:attachment":[{"href":"https:\/\/dutchmicrodosing.com\/it\/wp-json\/wp\/v2\/media?parent=40791"}],"wp:term":[{"taxonomy":"product_brand","embeddable":true,"href":"https:\/\/dutchmicrodosing.com\/it\/wp-json\/wp\/v2\/product_brand?post=40791"},{"taxonomy":"product_cat","embeddable":true,"href":"https:\/\/dutchmicrodosing.com\/it\/wp-json\/wp\/v2\/product_cat?post=40791"},{"taxonomy":"product_tag","embeddable":true,"href":"https:\/\/dutchmicrodosing.com\/it\/wp-json\/wp\/v2\/product_tag?post=40791"}],"curies":[{"name":"wp","href":"https:\/\/api.w.org\/{rel}","templated":true}]}}