{"id":41222,"date":"2024-04-12T13:43:08","date_gmt":"2024-04-12T11:43:08","guid":{"rendered":"https:\/\/dutchmicrodosing.com\/shop\/senza-categoria\/polvere-di-funghi-maitake-biologica\/"},"modified":"2025-02-20T14:19:25","modified_gmt":"2025-02-20T13:19:25","slug":"polvere-di-funghi-maitake-biologica","status":"publish","type":"product","link":"https:\/\/dutchmicrodosing.com\/it\/funghi-medicinali\/polvere-di-funghi-maitake-biologica\/","title":{"rendered":"Maitake (Grifola frondosa) &#8211; Supporto al colesterolo"},"content":{"rendered":"<p>Il <strong>maitake<\/strong>, o Grifola frondosa, \u00e8 un fungo affascinante che cresce principalmente alla base delle querce. Questo fungo, che va dal bianco al grigio-marrone, \u00e8 originario di zone come la Cina, l&#8217;Europa e il Nord America. Il nome &#8220;maitake&#8221; deriva dalle parole giapponesi &#8220;danza&#8221; (mai) e &#8220;fungo&#8221; (take) e significa &#8220;fungo danzante&#8221;. Si tratta di un riferimento all&#8217;aspetto unico e sovrapposto dei cappelli, che ricordano una montagna di foglie in movimento, simile a farfalle danzanti.<\/p>\n<p>Il Maitake \u00e8 disponibile anche sotto forma di polvere, nota per la sua fragranza e il suo sapore fresco e delicato che lo rendono un&#8217;aggiunta gradita a diversi piatti. Questa polvere \u00e8 una fonte di minerali e fibre salutari, che la rendono un&#8217;opzione nutriente per arricchire i pasti. Nella cucina asiatica, il maitake \u00e8 considerato uno dei funghi culinari pi\u00f9 importanti, spesso utilizzato per il suo sapore delizioso e i suoi benefici per la salute. Queste propriet\u00e0 rendono il maitake un ingrediente versatile e apprezzato sia nei piatti tradizionali che in quelli moderni.<\/p>\n<h3>Consigli per lo stoccaggio<\/h3>\n<p>Conservare questo prodotto in un luogo buio e fresco come un armadio della cucina e fuori dalla portata dei bambini.<\/p>\n<h3>Contenuto<\/h3>\n<p>Polvere di funghi maitake biologica &#8211; 100 grammi.<\/p>\n","protected":false},"excerpt":{"rendered":"<p>Il maitake, o Grifola frondosa, \u00e8 un fungo affascinante che cresce principalmente alla base delle querce. Questo fungo, che va dal bianco al grigio-marrone, \u00e8 originario di zone come la Cina, l&#8217;Europa e il Nord America. Il nome &#8220;maitake&#8221; deriva dalle parole giapponesi &#8220;danza&#8221; (mai) e &#8220;fungo&#8221; (take) e significa &#8220;fungo danzante&#8221;. Si tratta di [&hellip;]<\/p>\n","protected":false},"featured_media":62993,"comment_status":"closed","ping_status":"closed","template":"","meta":[],"product_brand":[],"product_cat":[175,296,282],"product_tag":[],"class_list":{"0":"post-41222","1":"product","2":"type-product","3":"status-publish","4":"has-post-thumbnail","6":"product_cat-funghi-medicinali","7":"product_cat-integratori-per-il-sistema-immunitario","8":"product_cat-superalimenti","10":"first","11":"instock","12":"taxable","13":"shipping-taxable","14":"purchasable","15":"product-type-simple"},"yoast_head":"<!-- This site is optimized with the Yoast SEO Premium plugin v26.4 (Yoast SEO v27.4) - https:\/\/yoast.com\/product\/yoast-seo-premium-wordpress\/ -->\n<title>Maitake (Grifola frondosa) - Supporto al colesterolo - Dutchmicrodosing<\/title>\n<meta name=\"robots\" content=\"index, follow, max-snippet:-1, max-image-preview:large, max-video-preview:-1\" \/>\n<link rel=\"canonical\" href=\"https:\/\/dutchmicrodosing.com\/it\/funghi-medicinali\/polvere-di-funghi-maitake-biologica\/\" \/>\n<meta property=\"og:locale\" content=\"it_IT\" \/>\n<meta property=\"og:type\" content=\"article\" \/>\n<meta property=\"og:title\" content=\"Maitake (Grifola frondosa) - Supporto al colesterolo\" \/>\n<meta property=\"og:description\" content=\"Il maitake, o Grifola frondosa, \u00e8 un fungo affascinante che cresce principalmente alla base delle querce. Questo fungo, che va dal bianco al\" \/>\n<meta property=\"og:url\" content=\"https:\/\/dutchmicrodosing.com\/it\/funghi-medicinali\/polvere-di-funghi-maitake-biologica\/\" \/>\n<meta property=\"og:site_name\" content=\"Dutchmicrodosing\" \/>\n<meta property=\"article:publisher\" content=\"https:\/\/www.facebook.com\/Dutchmicrodosingxp\/\" \/>\n<meta property=\"article:modified_time\" content=\"2025-02-20T13:19:25+00:00\" \/>\n<meta property=\"og:image\" content=\"https:\/\/dutchmicrodosing.com\/wp-content\/uploads\/2023\/10\/Maitake_1000x1000.jpg\" \/>\n\t<meta property=\"og:image:width\" content=\"1000\" \/>\n\t<meta property=\"og:image:height\" content=\"1000\" \/>\n\t<meta property=\"og:image:type\" content=\"image\/jpeg\" \/>\n<meta name=\"twitter:card\" content=\"summary_large_image\" \/>\n<script type=\"application\/ld+json\" class=\"yoast-schema-graph\">{\"@context\":\"https:\\\/\\\/schema.org\",\"@graph\":[{\"@type\":\"WebPage\",\"@id\":\"https:\\\/\\\/dutchmicrodosing.com\\\/it\\\/funghi-medicinali\\\/polvere-di-funghi-maitake-biologica\\\/\",\"url\":\"https:\\\/\\\/dutchmicrodosing.com\\\/it\\\/funghi-medicinali\\\/polvere-di-funghi-maitake-biologica\\\/\",\"name\":\"Maitake (Grifola frondosa) - Supporto al colesterolo - Dutchmicrodosing\",\"isPartOf\":{\"@id\":\"https:\\\/\\\/dutchmicrodosing.com\\\/it\\\/#website\"},\"primaryImageOfPage\":{\"@id\":\"https:\\\/\\\/dutchmicrodosing.com\\\/it\\\/funghi-medicinali\\\/polvere-di-funghi-maitake-biologica\\\/#primaryimage\"},\"image\":{\"@id\":\"https:\\\/\\\/dutchmicrodosing.com\\\/it\\\/funghi-medicinali\\\/polvere-di-funghi-maitake-biologica\\\/#primaryimage\"},\"thumbnailUrl\":\"https:\\\/\\\/dutchmicrodosing.com\\\/wp-content\\\/uploads\\\/2025\\\/11\\\/Maitake_1.jpg\",\"datePublished\":\"2024-04-12T11:43:08+00:00\",\"dateModified\":\"2025-02-20T13:19:25+00:00\",\"breadcrumb\":{\"@id\":\"https:\\\/\\\/dutchmicrodosing.com\\\/it\\\/funghi-medicinali\\\/polvere-di-funghi-maitake-biologica\\\/#breadcrumb\"},\"inLanguage\":\"it-IT\",\"potentialAction\":[{\"@type\":\"ReadAction\",\"target\":[\"https:\\\/\\\/dutchmicrodosing.com\\\/it\\\/funghi-medicinali\\\/polvere-di-funghi-maitake-biologica\\\/\"]}]},{\"@type\":\"ImageObject\",\"inLanguage\":\"it-IT\",\"@id\":\"https:\\\/\\\/dutchmicrodosing.com\\\/it\\\/funghi-medicinali\\\/polvere-di-funghi-maitake-biologica\\\/#primaryimage\",\"url\":\"https:\\\/\\\/dutchmicrodosing.com\\\/wp-content\\\/uploads\\\/2025\\\/11\\\/Maitake_1.jpg\",\"contentUrl\":\"https:\\\/\\\/dutchmicrodosing.com\\\/wp-content\\\/uploads\\\/2025\\\/11\\\/Maitake_1.jpg\",\"width\":1500,\"height\":1500,\"caption\":\"Maitake\"},{\"@type\":\"BreadcrumbList\",\"@id\":\"https:\\\/\\\/dutchmicrodosing.com\\\/it\\\/funghi-medicinali\\\/polvere-di-funghi-maitake-biologica\\\/#breadcrumb\",\"itemListElement\":[{\"@type\":\"ListItem\",\"position\":1,\"name\":\"Home\",\"item\":\"https:\\\/\\\/dutchmicrodosing.com\\\/it\\\/\"},{\"@type\":\"ListItem\",\"position\":2,\"name\":\"Negozio\",\"item\":\"https:\\\/\\\/dutchmicrodosing.com\\\/it\\\/negozio\\\/\"},{\"@type\":\"ListItem\",\"position\":3,\"name\":\"Maitake (Grifola frondosa) &#8211; Supporto al colesterolo\"}]},{\"@type\":\"WebSite\",\"@id\":\"https:\\\/\\\/dutchmicrodosing.com\\\/it\\\/#website\",\"url\":\"https:\\\/\\\/dutchmicrodosing.com\\\/it\\\/\",\"name\":\"Dutchmicrodosing\",\"description\":\"\",\"publisher\":{\"@id\":\"https:\\\/\\\/dutchmicrodosing.com\\\/it\\\/#organization\"},\"potentialAction\":[{\"@type\":\"SearchAction\",\"target\":{\"@type\":\"EntryPoint\",\"urlTemplate\":\"https:\\\/\\\/dutchmicrodosing.com\\\/it\\\/?s={search_term_string}\"},\"query-input\":{\"@type\":\"PropertyValueSpecification\",\"valueRequired\":true,\"valueName\":\"search_term_string\"}}],\"inLanguage\":\"it-IT\"},{\"@type\":\"Organization\",\"@id\":\"https:\\\/\\\/dutchmicrodosing.com\\\/it\\\/#organization\",\"name\":\"Dutchmicrodosing\",\"url\":\"https:\\\/\\\/dutchmicrodosing.com\\\/it\\\/\",\"logo\":{\"@type\":\"ImageObject\",\"inLanguage\":\"it-IT\",\"@id\":\"https:\\\/\\\/dutchmicrodosing.com\\\/it\\\/#\\\/schema\\\/logo\\\/image\\\/\",\"url\":\"https:\\\/\\\/dutchmicrodosing.com\\\/wp-content\\\/uploads\\\/2021\\\/01\\\/microdosing-categorie-pic-nieuw.jpg\",\"contentUrl\":\"https:\\\/\\\/dutchmicrodosing.com\\\/wp-content\\\/uploads\\\/2021\\\/01\\\/microdosing-categorie-pic-nieuw.jpg\",\"width\":500,\"height\":500,\"caption\":\"Dutchmicrodosing\"},\"image\":{\"@id\":\"https:\\\/\\\/dutchmicrodosing.com\\\/it\\\/#\\\/schema\\\/logo\\\/image\\\/\"},\"sameAs\":[\"https:\\\/\\\/www.facebook.com\\\/Dutchmicrodosingxp\\\/\",\"https:\\\/\\\/www.instagram.com\\\/dutchmicrodosing\\\/\"]}]}<\/script>\n<meta property=\"product:price:amount\" content=\"19.95\" \/>\n<meta property=\"product:price:currency\" content=\"EUR\" \/>\n<meta property=\"og:availability\" content=\"instock\" \/>\n<meta property=\"product:availability\" content=\"instock\" \/>\n<meta property=\"product:retailer_item_id\" content=\"4204401\" \/>\n<meta property=\"product:condition\" content=\"new\" \/>\n<!-- \/ Yoast SEO Premium plugin. -->","yoast_head_json":{"title":"Maitake (Grifola frondosa) - Supporto al colesterolo - Dutchmicrodosing","robots":{"index":"index","follow":"follow","max-snippet":"max-snippet:-1","max-image-preview":"max-image-preview:large","max-video-preview":"max-video-preview:-1"},"canonical":"https:\/\/dutchmicrodosing.com\/it\/funghi-medicinali\/polvere-di-funghi-maitake-biologica\/","og_locale":"it_IT","og_type":"article","og_title":"Maitake (Grifola frondosa) - Supporto al colesterolo","og_description":"Il maitake, o Grifola frondosa, \u00e8 un fungo affascinante che cresce principalmente alla base delle querce. Questo fungo, che va dal bianco al","og_url":"https:\/\/dutchmicrodosing.com\/it\/funghi-medicinali\/polvere-di-funghi-maitake-biologica\/","og_site_name":"Dutchmicrodosing","article_publisher":"https:\/\/www.facebook.com\/Dutchmicrodosingxp\/","article_modified_time":"2025-02-20T13:19:25+00:00","og_image":[{"width":1000,"height":1000,"url":"https:\/\/dutchmicrodosing.com\/wp-content\/uploads\/2023\/10\/Maitake_1000x1000.jpg","type":"image\/jpeg"}],"twitter_card":"summary_large_image","schema":{"@context":"https:\/\/schema.org","@graph":[{"@type":"WebPage","@id":"https:\/\/dutchmicrodosing.com\/it\/funghi-medicinali\/polvere-di-funghi-maitake-biologica\/","url":"https:\/\/dutchmicrodosing.com\/it\/funghi-medicinali\/polvere-di-funghi-maitake-biologica\/","name":"Maitake (Grifola frondosa) - Supporto al colesterolo - Dutchmicrodosing","isPartOf":{"@id":"https:\/\/dutchmicrodosing.com\/it\/#website"},"primaryImageOfPage":{"@id":"https:\/\/dutchmicrodosing.com\/it\/funghi-medicinali\/polvere-di-funghi-maitake-biologica\/#primaryimage"},"image":{"@id":"https:\/\/dutchmicrodosing.com\/it\/funghi-medicinali\/polvere-di-funghi-maitake-biologica\/#primaryimage"},"thumbnailUrl":"https:\/\/dutchmicrodosing.com\/wp-content\/uploads\/2025\/11\/Maitake_1.jpg","datePublished":"2024-04-12T11:43:08+00:00","dateModified":"2025-02-20T13:19:25+00:00","breadcrumb":{"@id":"https:\/\/dutchmicrodosing.com\/it\/funghi-medicinali\/polvere-di-funghi-maitake-biologica\/#breadcrumb"},"inLanguage":"it-IT","potentialAction":[{"@type":"ReadAction","target":["https:\/\/dutchmicrodosing.com\/it\/funghi-medicinali\/polvere-di-funghi-maitake-biologica\/"]}]},{"@type":"ImageObject","inLanguage":"it-IT","@id":"https:\/\/dutchmicrodosing.com\/it\/funghi-medicinali\/polvere-di-funghi-maitake-biologica\/#primaryimage","url":"https:\/\/dutchmicrodosing.com\/wp-content\/uploads\/2025\/11\/Maitake_1.jpg","contentUrl":"https:\/\/dutchmicrodosing.com\/wp-content\/uploads\/2025\/11\/Maitake_1.jpg","width":1500,"height":1500,"caption":"Maitake"},{"@type":"BreadcrumbList","@id":"https:\/\/dutchmicrodosing.com\/it\/funghi-medicinali\/polvere-di-funghi-maitake-biologica\/#breadcrumb","itemListElement":[{"@type":"ListItem","position":1,"name":"Home","item":"https:\/\/dutchmicrodosing.com\/it\/"},{"@type":"ListItem","position":2,"name":"Negozio","item":"https:\/\/dutchmicrodosing.com\/it\/negozio\/"},{"@type":"ListItem","position":3,"name":"Maitake (Grifola frondosa) &#8211; Supporto al colesterolo"}]},{"@type":"WebSite","@id":"https:\/\/dutchmicrodosing.com\/it\/#website","url":"https:\/\/dutchmicrodosing.com\/it\/","name":"Dutchmicrodosing","description":"","publisher":{"@id":"https:\/\/dutchmicrodosing.com\/it\/#organization"},"potentialAction":[{"@type":"SearchAction","target":{"@type":"EntryPoint","urlTemplate":"https:\/\/dutchmicrodosing.com\/it\/?s={search_term_string}"},"query-input":{"@type":"PropertyValueSpecification","valueRequired":true,"valueName":"search_term_string"}}],"inLanguage":"it-IT"},{"@type":"Organization","@id":"https:\/\/dutchmicrodosing.com\/it\/#organization","name":"Dutchmicrodosing","url":"https:\/\/dutchmicrodosing.com\/it\/","logo":{"@type":"ImageObject","inLanguage":"it-IT","@id":"https:\/\/dutchmicrodosing.com\/it\/#\/schema\/logo\/image\/","url":"https:\/\/dutchmicrodosing.com\/wp-content\/uploads\/2021\/01\/microdosing-categorie-pic-nieuw.jpg","contentUrl":"https:\/\/dutchmicrodosing.com\/wp-content\/uploads\/2021\/01\/microdosing-categorie-pic-nieuw.jpg","width":500,"height":500,"caption":"Dutchmicrodosing"},"image":{"@id":"https:\/\/dutchmicrodosing.com\/it\/#\/schema\/logo\/image\/"},"sameAs":["https:\/\/www.facebook.com\/Dutchmicrodosingxp\/","https:\/\/www.instagram.com\/dutchmicrodosing\/"]}]},"product_price_amount":"19.95","product_price_currency":"EUR","og_availability":"instock","product_availability":"instock","product_retailer_item_id":"4204401","product_condition":"new"},"_links":{"self":[{"href":"https:\/\/dutchmicrodosing.com\/it\/wp-json\/wp\/v2\/product\/41222","targetHints":{"allow":["GET"]}}],"collection":[{"href":"https:\/\/dutchmicrodosing.com\/it\/wp-json\/wp\/v2\/product"}],"about":[{"href":"https:\/\/dutchmicrodosing.com\/it\/wp-json\/wp\/v2\/types\/product"}],"replies":[{"embeddable":true,"href":"https:\/\/dutchmicrodosing.com\/it\/wp-json\/wp\/v2\/comments?post=41222"}],"version-history":[{"count":0,"href":"https:\/\/dutchmicrodosing.com\/it\/wp-json\/wp\/v2\/product\/41222\/revisions"}],"wp:featuredmedia":[{"embeddable":true,"href":"https:\/\/dutchmicrodosing.com\/it\/wp-json\/wp\/v2\/media\/62993"}],"wp:attachment":[{"href":"https:\/\/dutchmicrodosing.com\/it\/wp-json\/wp\/v2\/media?parent=41222"}],"wp:term":[{"taxonomy":"product_brand","embeddable":true,"href":"https:\/\/dutchmicrodosing.com\/it\/wp-json\/wp\/v2\/product_brand?post=41222"},{"taxonomy":"product_cat","embeddable":true,"href":"https:\/\/dutchmicrodosing.com\/it\/wp-json\/wp\/v2\/product_cat?post=41222"},{"taxonomy":"product_tag","embeddable":true,"href":"https:\/\/dutchmicrodosing.com\/it\/wp-json\/wp\/v2\/product_tag?post=41222"}],"curies":[{"name":"wp","href":"https:\/\/api.w.org\/{rel}","templated":true}]}}