{"id":41480,"date":"2024-08-19T08:42:11","date_gmt":"2024-08-19T06:42:11","guid":{"rendered":"https:\/\/dutchmicrodosing.com\/shop\/senza-categoria\/vero-mad-miele-nepal-50-grammi\/"},"modified":"2025-11-29T01:19:14","modified_gmt":"2025-11-29T00:19:14","slug":"vero-mad-miele-nepal-50-grammi","status":"publish","type":"product","link":"https:\/\/dutchmicrodosing.com\/it\/negozio-di-salute\/vitamine-e-integratori\/vero-mad-miele-nepal-50-grammi\/","title":{"rendered":"Vero miele pazzo del Nepal &#8211; 50 grammi"},"content":{"rendered":"<p>Il Mad Honey, o \u201cmiele pazzo\u201d, \u00e8 effettivamente un tipo unico di miele prodotto dalle api che raccolgono il nettare da alcune specie di fiori di rododendro, come il Rhododendron ponticum e il Rhododendron luteum. Questi fiori contengono grayanotossine, tossine che, se consumate in piccole quantit\u00e0, possono causare effetti psicoattivi come allucinazioni, vertigini ed euforia.<\/p>\n<p>La variante di <strong>Mad Honey del Nepal<\/strong> \u00e8 nota per essere pi\u00f9 forte della variante turca a causa di una maggiore concentrazione di grayanotossine. Questa differenza di potenza pu\u00f2 essere dovuta a variazioni nelle specie di rododendro, alle api che raccolgono il nettare o alla concentrazione di grayanotossine nella regione in cui viene prodotto il miele.<\/p>\n<p>Il fatto che Real Mad Honey sia testato in laboratorio e disponga di rapporti di analisi offre un ulteriore livello di sicurezza per i consumatori che cercano autentico Mad Honey con gli effetti previsti. Questo \u00e8 importante perch\u00e9 non tutto il miele venduto come Mad Honey contiene effettivamente le grayanotossine psicoattive. I test di laboratorio aiutano a confermare che il miele contiene le sostanze specifiche responsabili delle propriet\u00e0 uniche del Mad Honey.<\/p>\n<p>Quando si considera il consumo di Mad Honey, \u00e8 importante sapere che gli effetti possono variare a seconda della dose e della sensibilit\u00e0 individuale. Troppe grayanotossine possono essere pericolose e portare a sintomi come vomito, diarrea, perdita di coscienza o persino problemi cardiaci. Pertanto, \u00e8 essenziale essere cauti con l&#8217;assunzione e, se possibile, discutere il dosaggio con qualcuno che abbia familiarit\u00e0 con gli effetti di questo miele.<\/p>\n<h3>Caratteristiche del vero miele pazzo nepalese<\/h3>\n<ul>\n<li><strong>Origine:<\/strong> Raccolta ad un&#8217;altitudine di almeno 3.500 metri.<\/li>\n<li><strong>Naturalezza:<\/strong> 100% naturale, non elaborato, filtrato o con additivi.<\/li>\n<li><strong>Effetti:<\/strong> Contiene quantit\u00e0 rilevabili di grayanotossine che causano una piacevole intossicazione.<\/li>\n<li><strong>Colore e sapore:<\/strong> colore scuro con un retrogusto amaro.<\/li>\n<\/ul>\n<h3>Effetti<\/h3>\n<p>Il \u201cMad Honey\u201d deve il suo nome al fatto che ti rende un po&#8217; \u201cpazzo\u201d a causa delle grayanotossine che contiene, chiamate anche rodotossine. Tradizionalmente, il miele pazzo viene utilizzato come afrodisiaco, per abbassare l&#8217;ipertensione e per problemi digestivi. Le grayanotossine agiscono sui canali ionici del sodio e sui recettori muscarinici, in modo simile al velenoso fungo Amanita muscaria. A dosaggi normali, gli effetti possono essere:<\/p>\n<h4>Effetti <strong>positivi<\/strong>:<\/h4>\n<ul>\n<li>Sensazione di relax<\/li>\n<li>Sensazione di eccitazione<\/li>\n<li>Ammorbidimento del campo visivo<\/li>\n<li>Allucinazioni uditive e visive<\/li>\n<li>Addormentarsi pi\u00f9 velocemente<\/li>\n<li>Sollievo dalla tosse<\/li>\n<\/ul>\n<h4>Effetti fisici:<\/h4>\n<ul>\n<li>Abbassamento della pressione sanguigna<\/li>\n<li>Cambiamenti nel ritmo cardiaco<\/li>\n<li>Vertigini<\/li>\n<li>Nausea<\/li>\n<li>Sudorazione<\/li>\n<li>Mal di testa<\/li>\n<li>Difficolt\u00e0 a stare in piedi<\/li>\n<\/ul>\n<h3><strong>Utilizzo<\/strong><\/h3>\n<p>Inizia con piccole quantit\u00e0 per misurare la tua sensibilit\u00e0 al veleno. Mezzo o un cucchiaino intero di miele pazzo \u00e8 un dosaggio comune. Per un&#8217;esperienza pi\u00f9 ricreativa, si possono assumere due cucchiaini. Tuttavia, pi\u00f9 ne prendi, pi\u00f9 evidenti diventano gli effetti collaterali negativi. Assumerne troppo pu\u00f2 causare gravi malattie.<\/p>\n<h3>Avvertenze<\/h3>\n<p>Questo prodotto; Mad Honey (Miele), pu\u00f2 essere pericoloso per la salute se combinato con determinati farmaci, alcol o con IMAO. Sta prendendo dei farmaci? Consultate sempre prima il vostro medico e leggete il foglietto illustrativo del vostro farmaco per evitare rischi per la salute. Inoltre, non utilizzare questo prodotto in caso di gravidanza o allattamento. <strong>Tenere conto della possibilit\u00e0 di reazioni allergiche, soprattutto se si \u00e8 allergici ai prodotti delle api<\/strong>. Utilizza questo miele unico in modo responsabile e, pertanto, non partecipare al traffico durante l&#8217;uso. Quindi non guidare un&#8217;auto o guidare altri veicoli.<\/p>\n<h3>Consigli per lo stoccaggio<\/h3>\n<p>Conservare in un luogo fresco, buio e privato e fuori dalla portata dei bambini!<\/p>\n<h3>Contenuto<\/h3>\n<p>Real Mad Honey Nepal &#8211; 50 grammi.<\/p>\n","protected":false},"excerpt":{"rendered":"<p>Il Mad Honey, o \u201cmiele pazzo\u201d, \u00e8 effettivamente un tipo unico di miele prodotto dalle api che raccolgono il nettare da alcune specie di fiori di rododendro, come il Rhododendron ponticum e il Rhododendron luteum. Questi fiori contengono grayanotossine, tossine che, se consumate in piccole quantit\u00e0, possono causare effetti psicoattivi come allucinazioni, vertigini ed euforia. [&hellip;]<\/p>\n","protected":false},"featured_media":41474,"comment_status":"closed","ping_status":"closed","template":"","meta":[],"product_brand":[],"product_cat":[173],"product_tag":[],"class_list":{"0":"post-41480","1":"product","2":"type-product","3":"status-publish","4":"has-post-thumbnail","6":"product_cat-vitamine-e-integratori","8":"first","9":"instock","10":"taxable","11":"shipping-taxable","12":"purchasable","13":"product-type-simple"},"yoast_head":"<!-- This site is optimized with the Yoast SEO Premium plugin v26.4 (Yoast SEO v27.4) - https:\/\/yoast.com\/product\/yoast-seo-premium-wordpress\/ -->\n<title>Vero miele pazzo del Nepal - 50 grammi - Dutchmicrodosing<\/title>\n<meta name=\"robots\" content=\"index, follow, max-snippet:-1, max-image-preview:large, max-video-preview:-1\" \/>\n<link rel=\"canonical\" href=\"https:\/\/dutchmicrodosing.com\/it\/negozio-di-salute\/vitamine-e-integratori\/vero-mad-miele-nepal-50-grammi\/\" \/>\n<meta property=\"og:locale\" content=\"it_IT\" \/>\n<meta property=\"og:type\" content=\"article\" \/>\n<meta property=\"og:title\" content=\"Vero miele pazzo del Nepal - 50 grammi\" \/>\n<meta property=\"og:description\" content=\"Il Mad Honey, o \u201cmiele pazzo\u201d, \u00e8 effettivamente un tipo unico di miele prodotto dalle api che raccolgono il nettare da alcune specie di fiori di\" \/>\n<meta property=\"og:url\" content=\"https:\/\/dutchmicrodosing.com\/it\/negozio-di-salute\/vitamine-e-integratori\/vero-mad-miele-nepal-50-grammi\/\" \/>\n<meta property=\"og:site_name\" content=\"Dutchmicrodosing\" \/>\n<meta property=\"article:publisher\" content=\"https:\/\/www.facebook.com\/Dutchmicrodosingxp\/\" \/>\n<meta property=\"article:modified_time\" content=\"2025-11-29T00:19:14+00:00\" \/>\n<meta property=\"og:image\" content=\"https:\/\/dutchmicrodosing.com\/wp-content\/uploads\/2024\/08\/MadHoney.jpg\" \/>\n\t<meta property=\"og:image:width\" content=\"1000\" \/>\n\t<meta property=\"og:image:height\" content=\"1000\" \/>\n\t<meta property=\"og:image:type\" content=\"image\/jpeg\" \/>\n<meta name=\"twitter:card\" content=\"summary_large_image\" \/>\n<script type=\"application\/ld+json\" class=\"yoast-schema-graph\">{\"@context\":\"https:\\\/\\\/schema.org\",\"@graph\":[{\"@type\":\"WebPage\",\"@id\":\"https:\\\/\\\/dutchmicrodosing.com\\\/it\\\/negozio-di-salute\\\/vitamine-e-integratori\\\/vero-mad-miele-nepal-50-grammi\\\/\",\"url\":\"https:\\\/\\\/dutchmicrodosing.com\\\/it\\\/negozio-di-salute\\\/vitamine-e-integratori\\\/vero-mad-miele-nepal-50-grammi\\\/\",\"name\":\"Vero miele pazzo del Nepal - 50 grammi - Dutchmicrodosing\",\"isPartOf\":{\"@id\":\"https:\\\/\\\/dutchmicrodosing.com\\\/it\\\/#website\"},\"primaryImageOfPage\":{\"@id\":\"https:\\\/\\\/dutchmicrodosing.com\\\/it\\\/negozio-di-salute\\\/vitamine-e-integratori\\\/vero-mad-miele-nepal-50-grammi\\\/#primaryimage\"},\"image\":{\"@id\":\"https:\\\/\\\/dutchmicrodosing.com\\\/it\\\/negozio-di-salute\\\/vitamine-e-integratori\\\/vero-mad-miele-nepal-50-grammi\\\/#primaryimage\"},\"thumbnailUrl\":\"https:\\\/\\\/dutchmicrodosing.com\\\/wp-content\\\/uploads\\\/2024\\\/08\\\/MadHoney.jpg\",\"datePublished\":\"2024-08-19T06:42:11+00:00\",\"dateModified\":\"2025-11-29T00:19:14+00:00\",\"breadcrumb\":{\"@id\":\"https:\\\/\\\/dutchmicrodosing.com\\\/it\\\/negozio-di-salute\\\/vitamine-e-integratori\\\/vero-mad-miele-nepal-50-grammi\\\/#breadcrumb\"},\"inLanguage\":\"it-IT\",\"potentialAction\":[{\"@type\":\"ReadAction\",\"target\":[\"https:\\\/\\\/dutchmicrodosing.com\\\/it\\\/negozio-di-salute\\\/vitamine-e-integratori\\\/vero-mad-miele-nepal-50-grammi\\\/\"]}]},{\"@type\":\"ImageObject\",\"inLanguage\":\"it-IT\",\"@id\":\"https:\\\/\\\/dutchmicrodosing.com\\\/it\\\/negozio-di-salute\\\/vitamine-e-integratori\\\/vero-mad-miele-nepal-50-grammi\\\/#primaryimage\",\"url\":\"https:\\\/\\\/dutchmicrodosing.com\\\/wp-content\\\/uploads\\\/2024\\\/08\\\/MadHoney.jpg\",\"contentUrl\":\"https:\\\/\\\/dutchmicrodosing.com\\\/wp-content\\\/uploads\\\/2024\\\/08\\\/MadHoney.jpg\",\"width\":1000,\"height\":1000},{\"@type\":\"BreadcrumbList\",\"@id\":\"https:\\\/\\\/dutchmicrodosing.com\\\/it\\\/negozio-di-salute\\\/vitamine-e-integratori\\\/vero-mad-miele-nepal-50-grammi\\\/#breadcrumb\",\"itemListElement\":[{\"@type\":\"ListItem\",\"position\":1,\"name\":\"Home\",\"item\":\"https:\\\/\\\/dutchmicrodosing.com\\\/it\\\/\"},{\"@type\":\"ListItem\",\"position\":2,\"name\":\"Negozio\",\"item\":\"https:\\\/\\\/dutchmicrodosing.com\\\/it\\\/negozio\\\/\"},{\"@type\":\"ListItem\",\"position\":3,\"name\":\"Vero miele pazzo del Nepal &#8211; 50 grammi\"}]},{\"@type\":\"WebSite\",\"@id\":\"https:\\\/\\\/dutchmicrodosing.com\\\/it\\\/#website\",\"url\":\"https:\\\/\\\/dutchmicrodosing.com\\\/it\\\/\",\"name\":\"Dutchmicrodosing\",\"description\":\"\",\"publisher\":{\"@id\":\"https:\\\/\\\/dutchmicrodosing.com\\\/it\\\/#organization\"},\"potentialAction\":[{\"@type\":\"SearchAction\",\"target\":{\"@type\":\"EntryPoint\",\"urlTemplate\":\"https:\\\/\\\/dutchmicrodosing.com\\\/it\\\/?s={search_term_string}\"},\"query-input\":{\"@type\":\"PropertyValueSpecification\",\"valueRequired\":true,\"valueName\":\"search_term_string\"}}],\"inLanguage\":\"it-IT\"},{\"@type\":\"Organization\",\"@id\":\"https:\\\/\\\/dutchmicrodosing.com\\\/it\\\/#organization\",\"name\":\"Dutchmicrodosing\",\"url\":\"https:\\\/\\\/dutchmicrodosing.com\\\/it\\\/\",\"logo\":{\"@type\":\"ImageObject\",\"inLanguage\":\"it-IT\",\"@id\":\"https:\\\/\\\/dutchmicrodosing.com\\\/it\\\/#\\\/schema\\\/logo\\\/image\\\/\",\"url\":\"https:\\\/\\\/dutchmicrodosing.com\\\/wp-content\\\/uploads\\\/2021\\\/01\\\/microdosing-categorie-pic-nieuw.jpg\",\"contentUrl\":\"https:\\\/\\\/dutchmicrodosing.com\\\/wp-content\\\/uploads\\\/2021\\\/01\\\/microdosing-categorie-pic-nieuw.jpg\",\"width\":500,\"height\":500,\"caption\":\"Dutchmicrodosing\"},\"image\":{\"@id\":\"https:\\\/\\\/dutchmicrodosing.com\\\/it\\\/#\\\/schema\\\/logo\\\/image\\\/\"},\"sameAs\":[\"https:\\\/\\\/www.facebook.com\\\/Dutchmicrodosingxp\\\/\",\"https:\\\/\\\/www.instagram.com\\\/dutchmicrodosing\\\/\"]}]}<\/script>\n<meta property=\"product:price:amount\" content=\"31.95\" \/>\n<meta property=\"product:price:currency\" content=\"EUR\" \/>\n<meta property=\"og:availability\" content=\"instock\" \/>\n<meta property=\"product:availability\" content=\"instock\" \/>\n<meta property=\"product:retailer_item_id\" content=\"4206602\" \/>\n<meta property=\"product:condition\" content=\"new\" \/>\n<!-- \/ Yoast SEO Premium plugin. -->","yoast_head_json":{"title":"Vero miele pazzo del Nepal - 50 grammi - Dutchmicrodosing","robots":{"index":"index","follow":"follow","max-snippet":"max-snippet:-1","max-image-preview":"max-image-preview:large","max-video-preview":"max-video-preview:-1"},"canonical":"https:\/\/dutchmicrodosing.com\/it\/negozio-di-salute\/vitamine-e-integratori\/vero-mad-miele-nepal-50-grammi\/","og_locale":"it_IT","og_type":"article","og_title":"Vero miele pazzo del Nepal - 50 grammi","og_description":"Il Mad Honey, o \u201cmiele pazzo\u201d, \u00e8 effettivamente un tipo unico di miele prodotto dalle api che raccolgono il nettare da alcune specie di fiori di","og_url":"https:\/\/dutchmicrodosing.com\/it\/negozio-di-salute\/vitamine-e-integratori\/vero-mad-miele-nepal-50-grammi\/","og_site_name":"Dutchmicrodosing","article_publisher":"https:\/\/www.facebook.com\/Dutchmicrodosingxp\/","article_modified_time":"2025-11-29T00:19:14+00:00","og_image":[{"width":1000,"height":1000,"url":"https:\/\/dutchmicrodosing.com\/wp-content\/uploads\/2024\/08\/MadHoney.jpg","type":"image\/jpeg"}],"twitter_card":"summary_large_image","schema":{"@context":"https:\/\/schema.org","@graph":[{"@type":"WebPage","@id":"https:\/\/dutchmicrodosing.com\/it\/negozio-di-salute\/vitamine-e-integratori\/vero-mad-miele-nepal-50-grammi\/","url":"https:\/\/dutchmicrodosing.com\/it\/negozio-di-salute\/vitamine-e-integratori\/vero-mad-miele-nepal-50-grammi\/","name":"Vero miele pazzo del Nepal - 50 grammi - Dutchmicrodosing","isPartOf":{"@id":"https:\/\/dutchmicrodosing.com\/it\/#website"},"primaryImageOfPage":{"@id":"https:\/\/dutchmicrodosing.com\/it\/negozio-di-salute\/vitamine-e-integratori\/vero-mad-miele-nepal-50-grammi\/#primaryimage"},"image":{"@id":"https:\/\/dutchmicrodosing.com\/it\/negozio-di-salute\/vitamine-e-integratori\/vero-mad-miele-nepal-50-grammi\/#primaryimage"},"thumbnailUrl":"https:\/\/dutchmicrodosing.com\/wp-content\/uploads\/2024\/08\/MadHoney.jpg","datePublished":"2024-08-19T06:42:11+00:00","dateModified":"2025-11-29T00:19:14+00:00","breadcrumb":{"@id":"https:\/\/dutchmicrodosing.com\/it\/negozio-di-salute\/vitamine-e-integratori\/vero-mad-miele-nepal-50-grammi\/#breadcrumb"},"inLanguage":"it-IT","potentialAction":[{"@type":"ReadAction","target":["https:\/\/dutchmicrodosing.com\/it\/negozio-di-salute\/vitamine-e-integratori\/vero-mad-miele-nepal-50-grammi\/"]}]},{"@type":"ImageObject","inLanguage":"it-IT","@id":"https:\/\/dutchmicrodosing.com\/it\/negozio-di-salute\/vitamine-e-integratori\/vero-mad-miele-nepal-50-grammi\/#primaryimage","url":"https:\/\/dutchmicrodosing.com\/wp-content\/uploads\/2024\/08\/MadHoney.jpg","contentUrl":"https:\/\/dutchmicrodosing.com\/wp-content\/uploads\/2024\/08\/MadHoney.jpg","width":1000,"height":1000},{"@type":"BreadcrumbList","@id":"https:\/\/dutchmicrodosing.com\/it\/negozio-di-salute\/vitamine-e-integratori\/vero-mad-miele-nepal-50-grammi\/#breadcrumb","itemListElement":[{"@type":"ListItem","position":1,"name":"Home","item":"https:\/\/dutchmicrodosing.com\/it\/"},{"@type":"ListItem","position":2,"name":"Negozio","item":"https:\/\/dutchmicrodosing.com\/it\/negozio\/"},{"@type":"ListItem","position":3,"name":"Vero miele pazzo del Nepal &#8211; 50 grammi"}]},{"@type":"WebSite","@id":"https:\/\/dutchmicrodosing.com\/it\/#website","url":"https:\/\/dutchmicrodosing.com\/it\/","name":"Dutchmicrodosing","description":"","publisher":{"@id":"https:\/\/dutchmicrodosing.com\/it\/#organization"},"potentialAction":[{"@type":"SearchAction","target":{"@type":"EntryPoint","urlTemplate":"https:\/\/dutchmicrodosing.com\/it\/?s={search_term_string}"},"query-input":{"@type":"PropertyValueSpecification","valueRequired":true,"valueName":"search_term_string"}}],"inLanguage":"it-IT"},{"@type":"Organization","@id":"https:\/\/dutchmicrodosing.com\/it\/#organization","name":"Dutchmicrodosing","url":"https:\/\/dutchmicrodosing.com\/it\/","logo":{"@type":"ImageObject","inLanguage":"it-IT","@id":"https:\/\/dutchmicrodosing.com\/it\/#\/schema\/logo\/image\/","url":"https:\/\/dutchmicrodosing.com\/wp-content\/uploads\/2021\/01\/microdosing-categorie-pic-nieuw.jpg","contentUrl":"https:\/\/dutchmicrodosing.com\/wp-content\/uploads\/2021\/01\/microdosing-categorie-pic-nieuw.jpg","width":500,"height":500,"caption":"Dutchmicrodosing"},"image":{"@id":"https:\/\/dutchmicrodosing.com\/it\/#\/schema\/logo\/image\/"},"sameAs":["https:\/\/www.facebook.com\/Dutchmicrodosingxp\/","https:\/\/www.instagram.com\/dutchmicrodosing\/"]}]},"product_price_amount":"31.95","product_price_currency":"EUR","og_availability":"instock","product_availability":"instock","product_retailer_item_id":"4206602","product_condition":"new"},"_links":{"self":[{"href":"https:\/\/dutchmicrodosing.com\/it\/wp-json\/wp\/v2\/product\/41480","targetHints":{"allow":["GET"]}}],"collection":[{"href":"https:\/\/dutchmicrodosing.com\/it\/wp-json\/wp\/v2\/product"}],"about":[{"href":"https:\/\/dutchmicrodosing.com\/it\/wp-json\/wp\/v2\/types\/product"}],"replies":[{"embeddable":true,"href":"https:\/\/dutchmicrodosing.com\/it\/wp-json\/wp\/v2\/comments?post=41480"}],"version-history":[{"count":0,"href":"https:\/\/dutchmicrodosing.com\/it\/wp-json\/wp\/v2\/product\/41480\/revisions"}],"wp:featuredmedia":[{"embeddable":true,"href":"https:\/\/dutchmicrodosing.com\/it\/wp-json\/wp\/v2\/media\/41474"}],"wp:attachment":[{"href":"https:\/\/dutchmicrodosing.com\/it\/wp-json\/wp\/v2\/media?parent=41480"}],"wp:term":[{"taxonomy":"product_brand","embeddable":true,"href":"https:\/\/dutchmicrodosing.com\/it\/wp-json\/wp\/v2\/product_brand?post=41480"},{"taxonomy":"product_cat","embeddable":true,"href":"https:\/\/dutchmicrodosing.com\/it\/wp-json\/wp\/v2\/product_cat?post=41480"},{"taxonomy":"product_tag","embeddable":true,"href":"https:\/\/dutchmicrodosing.com\/it\/wp-json\/wp\/v2\/product_tag?post=41480"}],"curies":[{"name":"wp","href":"https:\/\/api.w.org\/{rel}","templated":true}]}}