{"id":41683,"date":"2024-07-19T09:30:37","date_gmt":"2024-07-19T07:30:37","guid":{"rendered":"https:\/\/dutchmicrodosing.com\/shop\/senza-categoria\/b-liquido-cultura-spray\/"},"modified":"2025-08-19T11:11:46","modified_gmt":"2025-08-19T09:11:46","slug":"b-liquido-cultura-spray","status":"publish","type":"product","link":"https:\/\/dutchmicrodosing.com\/it\/spore-fungo\/siringhe-coltura-liquida\/b-liquido-cultura-spray\/","title":{"rendered":"Siringa per coltura liquida B+"},"content":{"rendered":"<p>Scoprite la siringa per la coltura liquida del fungo Psilocybe Cubensis B+: la soluzione ideale per coltivare facilmente la nota variet\u00e0 B+. Adatto sia ai coltivatori principianti che a quelli esperti, questo strumento innovativo fornisce un ambiente sterile e nutriente che favorisce la crescita del micelio. Spruzzate la coltura liquida nel vostro substrato e assistete alla rapida diffusione di questi funghi speciali, che porteranno a un raccolto vigoroso e di grande impatto visivo. Godetevi la facilit\u00e0 d&#8217;uso e la precisione della siringa per coltura liquida di funghi B+, che rende accessibile a tutti la batteria domestica di questi affascinanti funghi.<\/p>\n<p>Il fungo B+ \u00e8 una variet\u00e0 popolare di psilocybe cubensis, una specie di fungo nota per i suoi effetti psicoattivi. Questa variet\u00e0 viene spesso scelta sia dai coltivatori principianti che da quelli esperti per le sue condizioni di coltivazione relativamente facili e per le buone rese.<\/p>\n<h3>Caratteristiche di B+ Paddo<\/h3>\n<p>I funghi B+ hanno di solito un cappello grande, da pubescente a marrone chiaro, che pu\u00f2 gonfiarsi in caso di clima umido. Il gambo \u00e8 sodo e di colore bianco o giallo pallido. In termini di potenza, la B+ \u00e8 spesso considerata una variet\u00e0 medio-forte. Rispetto ad altre variet\u00e0 di psilocybe cubensis, alcuni utenti tendono a dire che la B+ offre un&#8217;esperienza leggermente meno intensa, ma questo pu\u00f2 variare molto da individuo a individuo e dipendere dalle condizioni specifiche di coltivazione e dal dosaggio.<\/p>\n<h3>Contenuto<\/h3>\n<ul>\n<li>Siringa da 10 ml<\/li>\n<li>Coltura isolata<\/li>\n<li>Allevamento selettivo<\/li>\n<li>Confezionato in ambiente sterile<\/li>\n<\/ul>\n<h3>Utilizzo<\/h3>\n<p>1. Conservazione: dopo averla ricevuta, conserva la siringa per coltura liquida in frigorifero tra i 2 e gli 8 gradi Celsius (36-46\u00b0F) se non vuoi usarla subito. Una corretta conservazione aiuta a mantenere la vitalit\u00e0 delle spore.<\/p>\n<p>2. Preparazione: Lascia che la siringa raggiunga la temperatura ambiente prima dell&#8217;uso. Agita vigorosamente la siringa per garantire una distribuzione uniforme delle spore nella coltura liquida.<\/p>\n<p>3. Selezione del substrato: scegli il terreno di coltura che preferisci: grani sterilizzati o sacchetti di coltura con substrato all-in-one. Assicurati che il terreno di coltura scelto sia preparato e pronto per l&#8217;inoculazione.<\/p>\n<p>4. Iniezione: determina il volume giusto per l&#8217;iniezione in base alle dimensioni della sacca di coltura:<\/p>\n<ul>\n<li>Sacchetti piccoli: da 2 a 3 cc<\/li>\n<li>Sacchetti di medie dimensioni: da 3 a 4 cc<\/li>\n<li>Sacchetti grandi: da 4 a 5 cc<\/li>\n<\/ul>\n<p>5. Inoculazione: Inietta la coltura liquida nel substrato scelto in un ambiente pulito e sterile. Punta a una distribuzione uniforme per favorire una crescita omogenea.<\/p>\n<p>6. Incubazione: Posiziona il substrato inoculato in un ambiente caldo e buio, adatto alla crescita miceliare. La crescita dovrebbe essere visibile entro 1-2 settimane, mentre i progressi pi\u00f9 lenti si registrano entro un mese.<\/p>\n<p>7. Monitoraggio: controlla regolarmente la presenza di segni di crescita miceliare. Una volta che il substrato \u00e8 completamente colonizzato, puoi passare alla fase successiva del processo di coltura.<\/p>\n<p>8. Conservazione (se non viene utilizzata tutta): Se non usi tutta la siringa, conserva la coltura liquida rimanente in frigorifero a una temperatura compresa tra 2 e 8 gradi. Una corretta conservazione pu\u00f2 prolungare la vitalit\u00e0 delle colture liquide da 2 a 6 mesi.<\/p>\n<h4>Osservazione:<\/h4>\n<p>Garantire un ambiente pulito e sterile durante tutto il processo di inoculazione per evitare contaminazioni. La pazienza \u00e8 fondamentale; i tassi di crescita miceliare possono variare, ma si dovrebbero osservare progressi visibili entro il periodo di tempo specificato. Segui le leggi e i regolamenti locali relativi alla coltivazione e all&#8217;uso della Psilocybe Cubensis.<\/p>\n<h3>Consigli per lo stoccaggio<\/h3>\n<ul>\n<li>Utilizzare la coltura liquida entro 2 mesi.<\/li>\n<li>Conservare in frigorifero o in un altro luogo fresco e buio.<\/li>\n<li>Evitare l&#8217;esposizione ai raggi UV.<\/li>\n<li>Fuori dalla portata dei bambini.<\/li>\n<\/ul>\n","protected":false},"excerpt":{"rendered":"<p>Scoprite la siringa per la coltura liquida del fungo Psilocybe Cubensis B+: la soluzione ideale per coltivare facilmente la nota variet\u00e0 B+. Adatto sia ai coltivatori principianti che a quelli esperti, questo strumento innovativo fornisce un ambiente sterile e nutriente che favorisce la crescita del micelio. Spruzzate la coltura liquida nel vostro substrato e assistete [&hellip;]<\/p>\n","protected":false},"featured_media":46268,"comment_status":"closed","ping_status":"closed","template":"","meta":[],"product_brand":[],"product_cat":[357],"product_tag":[],"class_list":{"0":"post-41683","1":"product","2":"type-product","3":"status-publish","4":"has-post-thumbnail","6":"product_cat-siringhe-coltura-liquida","8":"first","9":"instock","10":"taxable","11":"shipping-taxable","12":"purchasable","13":"product-type-simple"},"yoast_head":"<!-- This site is optimized with the Yoast SEO Premium plugin v26.4 (Yoast SEO v27.4) - https:\/\/yoast.com\/product\/yoast-seo-premium-wordpress\/ -->\n<title>Siringa per coltura liquida B+ - Dutchmicrodosing<\/title>\n<meta name=\"description\" content=\"Scoprite la siringa per coltura liquida B+, uno strumento facile da usare per la coltivazione della popolare variet\u00e0 di funghi B+. Clicca qui per maggiori informazioni...\" \/>\n<meta name=\"robots\" content=\"index, follow, max-snippet:-1, max-image-preview:large, max-video-preview:-1\" \/>\n<link rel=\"canonical\" href=\"https:\/\/dutchmicrodosing.com\/it\/spore-fungo\/siringhe-coltura-liquida\/b-liquido-cultura-spray\/\" \/>\n<meta property=\"og:locale\" content=\"it_IT\" \/>\n<meta property=\"og:type\" content=\"article\" \/>\n<meta property=\"og:title\" content=\"Siringa per coltura liquida B+\" \/>\n<meta property=\"og:description\" content=\"Scoprite la siringa per la coltura liquida del fungo Psilocybe Cubensis B+: la soluzione ideale per coltivare facilmente la nota variet\u00e0 B+. Adatto sia ai\" \/>\n<meta property=\"og:url\" content=\"https:\/\/dutchmicrodosing.com\/it\/spore-fungo\/siringhe-coltura-liquida\/b-liquido-cultura-spray\/\" \/>\n<meta property=\"og:site_name\" content=\"Dutchmicrodosing\" \/>\n<meta property=\"article:publisher\" content=\"https:\/\/www.facebook.com\/Dutchmicrodosingxp\/\" \/>\n<meta property=\"article:modified_time\" content=\"2025-08-19T09:11:46+00:00\" \/>\n<meta property=\"og:image\" content=\"https:\/\/dutchmicrodosing.com\/wp-content\/uploads\/2025\/01\/Philosophr-Liquid-culture-packaging-_2_-1.jpg\" \/>\n\t<meta property=\"og:image:width\" content=\"1512\" \/>\n\t<meta property=\"og:image:height\" content=\"1512\" \/>\n\t<meta property=\"og:image:type\" content=\"image\/jpeg\" \/>\n<meta name=\"twitter:card\" content=\"summary_large_image\" \/>\n<script type=\"application\/ld+json\" class=\"yoast-schema-graph\">{\"@context\":\"https:\\\/\\\/schema.org\",\"@graph\":[{\"@type\":\"WebPage\",\"@id\":\"https:\\\/\\\/dutchmicrodosing.com\\\/it\\\/spore-fungo\\\/siringhe-coltura-liquida\\\/b-liquido-cultura-spray\\\/\",\"url\":\"https:\\\/\\\/dutchmicrodosing.com\\\/it\\\/spore-fungo\\\/siringhe-coltura-liquida\\\/b-liquido-cultura-spray\\\/\",\"name\":\"Siringa per coltura liquida B+ - Dutchmicrodosing\",\"isPartOf\":{\"@id\":\"https:\\\/\\\/dutchmicrodosing.com\\\/it\\\/#website\"},\"primaryImageOfPage\":{\"@id\":\"https:\\\/\\\/dutchmicrodosing.com\\\/it\\\/spore-fungo\\\/siringhe-coltura-liquida\\\/b-liquido-cultura-spray\\\/#primaryimage\"},\"image\":{\"@id\":\"https:\\\/\\\/dutchmicrodosing.com\\\/it\\\/spore-fungo\\\/siringhe-coltura-liquida\\\/b-liquido-cultura-spray\\\/#primaryimage\"},\"thumbnailUrl\":\"https:\\\/\\\/dutchmicrodosing.com\\\/wp-content\\\/uploads\\\/2025\\\/01\\\/Philosophr-Liquid-culture-packaging-_2_-1.jpg\",\"datePublished\":\"2024-07-19T07:30:37+00:00\",\"dateModified\":\"2025-08-19T09:11:46+00:00\",\"description\":\"Scoprite la siringa per coltura liquida B+, uno strumento facile da usare per la coltivazione della popolare variet\u00e0 di funghi B+. Clicca qui per maggiori informazioni...\",\"breadcrumb\":{\"@id\":\"https:\\\/\\\/dutchmicrodosing.com\\\/it\\\/spore-fungo\\\/siringhe-coltura-liquida\\\/b-liquido-cultura-spray\\\/#breadcrumb\"},\"inLanguage\":\"it-IT\",\"potentialAction\":[{\"@type\":\"ReadAction\",\"target\":[\"https:\\\/\\\/dutchmicrodosing.com\\\/it\\\/spore-fungo\\\/siringhe-coltura-liquida\\\/b-liquido-cultura-spray\\\/\"]}]},{\"@type\":\"ImageObject\",\"inLanguage\":\"it-IT\",\"@id\":\"https:\\\/\\\/dutchmicrodosing.com\\\/it\\\/spore-fungo\\\/siringhe-coltura-liquida\\\/b-liquido-cultura-spray\\\/#primaryimage\",\"url\":\"https:\\\/\\\/dutchmicrodosing.com\\\/wp-content\\\/uploads\\\/2025\\\/01\\\/Philosophr-Liquid-culture-packaging-_2_-1.jpg\",\"contentUrl\":\"https:\\\/\\\/dutchmicrodosing.com\\\/wp-content\\\/uploads\\\/2025\\\/01\\\/Philosophr-Liquid-culture-packaging-_2_-1.jpg\",\"width\":1512,\"height\":1512},{\"@type\":\"BreadcrumbList\",\"@id\":\"https:\\\/\\\/dutchmicrodosing.com\\\/it\\\/spore-fungo\\\/siringhe-coltura-liquida\\\/b-liquido-cultura-spray\\\/#breadcrumb\",\"itemListElement\":[{\"@type\":\"ListItem\",\"position\":1,\"name\":\"Home\",\"item\":\"https:\\\/\\\/dutchmicrodosing.com\\\/it\\\/\"},{\"@type\":\"ListItem\",\"position\":2,\"name\":\"Negozio\",\"item\":\"https:\\\/\\\/dutchmicrodosing.com\\\/it\\\/negozio\\\/\"},{\"@type\":\"ListItem\",\"position\":3,\"name\":\"Siringa per coltura liquida B+\"}]},{\"@type\":\"WebSite\",\"@id\":\"https:\\\/\\\/dutchmicrodosing.com\\\/it\\\/#website\",\"url\":\"https:\\\/\\\/dutchmicrodosing.com\\\/it\\\/\",\"name\":\"Dutchmicrodosing\",\"description\":\"\",\"publisher\":{\"@id\":\"https:\\\/\\\/dutchmicrodosing.com\\\/it\\\/#organization\"},\"potentialAction\":[{\"@type\":\"SearchAction\",\"target\":{\"@type\":\"EntryPoint\",\"urlTemplate\":\"https:\\\/\\\/dutchmicrodosing.com\\\/it\\\/?s={search_term_string}\"},\"query-input\":{\"@type\":\"PropertyValueSpecification\",\"valueRequired\":true,\"valueName\":\"search_term_string\"}}],\"inLanguage\":\"it-IT\"},{\"@type\":\"Organization\",\"@id\":\"https:\\\/\\\/dutchmicrodosing.com\\\/it\\\/#organization\",\"name\":\"Dutchmicrodosing\",\"url\":\"https:\\\/\\\/dutchmicrodosing.com\\\/it\\\/\",\"logo\":{\"@type\":\"ImageObject\",\"inLanguage\":\"it-IT\",\"@id\":\"https:\\\/\\\/dutchmicrodosing.com\\\/it\\\/#\\\/schema\\\/logo\\\/image\\\/\",\"url\":\"https:\\\/\\\/dutchmicrodosing.com\\\/wp-content\\\/uploads\\\/2021\\\/01\\\/microdosing-categorie-pic-nieuw.jpg\",\"contentUrl\":\"https:\\\/\\\/dutchmicrodosing.com\\\/wp-content\\\/uploads\\\/2021\\\/01\\\/microdosing-categorie-pic-nieuw.jpg\",\"width\":500,\"height\":500,\"caption\":\"Dutchmicrodosing\"},\"image\":{\"@id\":\"https:\\\/\\\/dutchmicrodosing.com\\\/it\\\/#\\\/schema\\\/logo\\\/image\\\/\"},\"sameAs\":[\"https:\\\/\\\/www.facebook.com\\\/Dutchmicrodosingxp\\\/\",\"https:\\\/\\\/www.instagram.com\\\/dutchmicrodosing\\\/\"]}]}<\/script>\n<meta property=\"product:price:amount\" content=\"18.95\" \/>\n<meta property=\"product:price:currency\" content=\"EUR\" \/>\n<meta property=\"og:availability\" content=\"instock\" \/>\n<meta property=\"product:availability\" content=\"instock\" \/>\n<meta property=\"product:retailer_item_id\" content=\"4207717\" \/>\n<meta property=\"product:condition\" content=\"new\" \/>\n<!-- \/ Yoast SEO Premium plugin. -->","yoast_head_json":{"title":"Siringa per coltura liquida B+ - Dutchmicrodosing","description":"Scoprite la siringa per coltura liquida B+, uno strumento facile da usare per la coltivazione della popolare variet\u00e0 di funghi B+. Clicca qui per maggiori informazioni...","robots":{"index":"index","follow":"follow","max-snippet":"max-snippet:-1","max-image-preview":"max-image-preview:large","max-video-preview":"max-video-preview:-1"},"canonical":"https:\/\/dutchmicrodosing.com\/it\/spore-fungo\/siringhe-coltura-liquida\/b-liquido-cultura-spray\/","og_locale":"it_IT","og_type":"article","og_title":"Siringa per coltura liquida B+","og_description":"Scoprite la siringa per la coltura liquida del fungo Psilocybe Cubensis B+: la soluzione ideale per coltivare facilmente la nota variet\u00e0 B+. Adatto sia ai","og_url":"https:\/\/dutchmicrodosing.com\/it\/spore-fungo\/siringhe-coltura-liquida\/b-liquido-cultura-spray\/","og_site_name":"Dutchmicrodosing","article_publisher":"https:\/\/www.facebook.com\/Dutchmicrodosingxp\/","article_modified_time":"2025-08-19T09:11:46+00:00","og_image":[{"width":1512,"height":1512,"url":"https:\/\/dutchmicrodosing.com\/wp-content\/uploads\/2025\/01\/Philosophr-Liquid-culture-packaging-_2_-1.jpg","type":"image\/jpeg"}],"twitter_card":"summary_large_image","schema":{"@context":"https:\/\/schema.org","@graph":[{"@type":"WebPage","@id":"https:\/\/dutchmicrodosing.com\/it\/spore-fungo\/siringhe-coltura-liquida\/b-liquido-cultura-spray\/","url":"https:\/\/dutchmicrodosing.com\/it\/spore-fungo\/siringhe-coltura-liquida\/b-liquido-cultura-spray\/","name":"Siringa per coltura liquida B+ - Dutchmicrodosing","isPartOf":{"@id":"https:\/\/dutchmicrodosing.com\/it\/#website"},"primaryImageOfPage":{"@id":"https:\/\/dutchmicrodosing.com\/it\/spore-fungo\/siringhe-coltura-liquida\/b-liquido-cultura-spray\/#primaryimage"},"image":{"@id":"https:\/\/dutchmicrodosing.com\/it\/spore-fungo\/siringhe-coltura-liquida\/b-liquido-cultura-spray\/#primaryimage"},"thumbnailUrl":"https:\/\/dutchmicrodosing.com\/wp-content\/uploads\/2025\/01\/Philosophr-Liquid-culture-packaging-_2_-1.jpg","datePublished":"2024-07-19T07:30:37+00:00","dateModified":"2025-08-19T09:11:46+00:00","description":"Scoprite la siringa per coltura liquida B+, uno strumento facile da usare per la coltivazione della popolare variet\u00e0 di funghi B+. Clicca qui per maggiori informazioni...","breadcrumb":{"@id":"https:\/\/dutchmicrodosing.com\/it\/spore-fungo\/siringhe-coltura-liquida\/b-liquido-cultura-spray\/#breadcrumb"},"inLanguage":"it-IT","potentialAction":[{"@type":"ReadAction","target":["https:\/\/dutchmicrodosing.com\/it\/spore-fungo\/siringhe-coltura-liquida\/b-liquido-cultura-spray\/"]}]},{"@type":"ImageObject","inLanguage":"it-IT","@id":"https:\/\/dutchmicrodosing.com\/it\/spore-fungo\/siringhe-coltura-liquida\/b-liquido-cultura-spray\/#primaryimage","url":"https:\/\/dutchmicrodosing.com\/wp-content\/uploads\/2025\/01\/Philosophr-Liquid-culture-packaging-_2_-1.jpg","contentUrl":"https:\/\/dutchmicrodosing.com\/wp-content\/uploads\/2025\/01\/Philosophr-Liquid-culture-packaging-_2_-1.jpg","width":1512,"height":1512},{"@type":"BreadcrumbList","@id":"https:\/\/dutchmicrodosing.com\/it\/spore-fungo\/siringhe-coltura-liquida\/b-liquido-cultura-spray\/#breadcrumb","itemListElement":[{"@type":"ListItem","position":1,"name":"Home","item":"https:\/\/dutchmicrodosing.com\/it\/"},{"@type":"ListItem","position":2,"name":"Negozio","item":"https:\/\/dutchmicrodosing.com\/it\/negozio\/"},{"@type":"ListItem","position":3,"name":"Siringa per coltura liquida B+"}]},{"@type":"WebSite","@id":"https:\/\/dutchmicrodosing.com\/it\/#website","url":"https:\/\/dutchmicrodosing.com\/it\/","name":"Dutchmicrodosing","description":"","publisher":{"@id":"https:\/\/dutchmicrodosing.com\/it\/#organization"},"potentialAction":[{"@type":"SearchAction","target":{"@type":"EntryPoint","urlTemplate":"https:\/\/dutchmicrodosing.com\/it\/?s={search_term_string}"},"query-input":{"@type":"PropertyValueSpecification","valueRequired":true,"valueName":"search_term_string"}}],"inLanguage":"it-IT"},{"@type":"Organization","@id":"https:\/\/dutchmicrodosing.com\/it\/#organization","name":"Dutchmicrodosing","url":"https:\/\/dutchmicrodosing.com\/it\/","logo":{"@type":"ImageObject","inLanguage":"it-IT","@id":"https:\/\/dutchmicrodosing.com\/it\/#\/schema\/logo\/image\/","url":"https:\/\/dutchmicrodosing.com\/wp-content\/uploads\/2021\/01\/microdosing-categorie-pic-nieuw.jpg","contentUrl":"https:\/\/dutchmicrodosing.com\/wp-content\/uploads\/2021\/01\/microdosing-categorie-pic-nieuw.jpg","width":500,"height":500,"caption":"Dutchmicrodosing"},"image":{"@id":"https:\/\/dutchmicrodosing.com\/it\/#\/schema\/logo\/image\/"},"sameAs":["https:\/\/www.facebook.com\/Dutchmicrodosingxp\/","https:\/\/www.instagram.com\/dutchmicrodosing\/"]}]},"product_price_amount":"18.95","product_price_currency":"EUR","og_availability":"instock","product_availability":"instock","product_retailer_item_id":"4207717","product_condition":"new"},"_links":{"self":[{"href":"https:\/\/dutchmicrodosing.com\/it\/wp-json\/wp\/v2\/product\/41683","targetHints":{"allow":["GET"]}}],"collection":[{"href":"https:\/\/dutchmicrodosing.com\/it\/wp-json\/wp\/v2\/product"}],"about":[{"href":"https:\/\/dutchmicrodosing.com\/it\/wp-json\/wp\/v2\/types\/product"}],"replies":[{"embeddable":true,"href":"https:\/\/dutchmicrodosing.com\/it\/wp-json\/wp\/v2\/comments?post=41683"}],"version-history":[{"count":0,"href":"https:\/\/dutchmicrodosing.com\/it\/wp-json\/wp\/v2\/product\/41683\/revisions"}],"wp:featuredmedia":[{"embeddable":true,"href":"https:\/\/dutchmicrodosing.com\/it\/wp-json\/wp\/v2\/media\/46268"}],"wp:attachment":[{"href":"https:\/\/dutchmicrodosing.com\/it\/wp-json\/wp\/v2\/media?parent=41683"}],"wp:term":[{"taxonomy":"product_brand","embeddable":true,"href":"https:\/\/dutchmicrodosing.com\/it\/wp-json\/wp\/v2\/product_brand?post=41683"},{"taxonomy":"product_cat","embeddable":true,"href":"https:\/\/dutchmicrodosing.com\/it\/wp-json\/wp\/v2\/product_cat?post=41683"},{"taxonomy":"product_tag","embeddable":true,"href":"https:\/\/dutchmicrodosing.com\/it\/wp-json\/wp\/v2\/product_tag?post=41683"}],"curies":[{"name":"wp","href":"https:\/\/api.w.org\/{rel}","templated":true}]}}