{"id":41698,"date":"2024-07-19T09:35:27","date_gmt":"2024-07-19T07:35:27","guid":{"rendered":"https:\/\/dutchmicrodosing.com\/shop\/senza-categoria\/albino-tex-pe6-liquido-cultura-siringa\/"},"modified":"2025-09-16T08:57:47","modified_gmt":"2025-09-16T06:57:47","slug":"albino-tex-pe6-liquido-cultura-siringa","status":"publish","type":"product","link":"https:\/\/dutchmicrodosing.com\/it\/spore-fungo\/siringhe-coltura-liquida\/albino-tex-pe6-liquido-cultura-siringa\/","title":{"rendered":"Siringa per coltura liquida Albino Tex Pe6"},"content":{"rendered":"<p>La <strong>siringa per coltura liquida<\/strong> Psilocybe <strong>Albino Tex Pe6<\/strong> \u00e8 una soluzione pratica per la coltivazione della famosa variet\u00e0 Albino Tex PE6. Adatto sia ai principianti che ai coltivatori esperti, questo strumento avanzato fornisce un ambiente sterile e ricco di nutrienti che favorisce la crescita del micelio. Applica una coltura liquida di funghi al tuo substrato e osserva questi straordinari funghi albini crescere rapidamente, ottenendo un raccolto potente e di grande impatto visivo. Scopri la facilit\u00e0 d&#8217;uso e la precisione del sistema di coltivazione di funghi liquidi Albino Tex PE6, che rende la coltivazione di queste affascinanti specie in casa alla portata di tutti.<\/p>\n<h3>Il Tex Albino<\/h3>\n<p>L&#8217;Albino Tex \u00e8 una variet\u00e0 di Psilocybe cubensis, una nota specie di funghi psichedelici. Come suggerisce il nome, l&#8217;Albino Tex \u00e8 una variet\u00e0 &#8220;albina&#8221;, ovvero i funghi hanno un colore pi\u00f9 chiaro, spesso quasi bianco, e talvolta un aspetto pallido che li distingue dalle altre specie.<\/p>\n<h4>Caratteristiche del Tex Albino<\/h4>\n<p>Questi funghi hanno solitamente cappelli e gambi che vanno dal bianco al grigio chiaro. Il cappello ha una forma rotonda che pu\u00f2 diventare pi\u00f9 piatta man mano che i funghi invecchiano. La potenza dell&#8217;Albino Tex pu\u00f2 variare a seconda delle condizioni di coltivazione, del substrato utilizzato e delle variazioni genetiche. In generale, le specie di Psilocybe cubensis, compreso l&#8217;Albino Tex, hanno effetti da moderati a forti.<\/p>\n<h3>Contenuto<\/h3>\n<ul>\n<li>Siringa da 10 ml<\/li>\n<li>Coltura isolata<\/li>\n<li>Cultura selettiva<\/li>\n<li>Confezionato in un ambiente sterile<\/li>\n<\/ul>\n<h3>Utilizzo<\/h3>\n<ol>\n<li>1. Conservazione: dopo averla ricevuta, conserva la siringa per coltura liquida in frigorifero tra i 2 e gli 8 gradi Celsius (36-46\u00b0F) se non vuoi usarla subito. Una corretta conservazione aiuta a mantenere la vitalit\u00e0 delle spore.2. Preparazione: Lascia che la siringa raggiunga la temperatura ambiente prima dell&#8217;uso. Agita vigorosamente la siringa per garantire una distribuzione uniforme delle spore nella coltura liquida. Selezione del substrato: scegli il terreno di coltura che preferisci: grani sterilizzati o sacchetti di coltura con substrato all-in-one. Assicurati che il terreno di coltura scelto sia preparato e pronto per l&#8217;inoculazione.\n<p>4. Iniezione: determina il volume giusto per l&#8217;iniezione in base alle dimensioni della sacca di coltura:<\/p>\n<ul>\n<li>Sacchetti piccoli: da 2 a 3 cc<\/li>\n<li>Sacchetti di medie dimensioni: da 3 a 4 cc<\/li>\n<li>Sacchetti grandi: da 4 a 5 cc<\/li>\n<\/ul>\n<p>5. Inoculazione: Inietta la coltura liquida nel substrato scelto in un ambiente pulito e sterile. Punta a una distribuzione uniforme per favorire una crescita omogenea.<\/p>\n<p>6. Incubazione: Posiziona il substrato inoculato in un ambiente caldo e buio, adatto alla crescita miceliare. La crescita dovrebbe essere visibile entro 1-2 settimane, mentre i progressi pi\u00f9 lenti si registrano entro un mese.<\/p>\n<p>7. Monitoraggio: controlla regolarmente la presenza di segni di crescita miceliare. Una volta che il substrato \u00e8 completamente colonizzato, puoi passare alla fase successiva del processo di coltura.<\/p>\n<p>8. Conservazione (se non viene utilizzata tutta): Se non usi tutta la siringa, conserva la coltura liquida rimanente in frigorifero a una temperatura compresa tra 2 e 8 gradi. Una corretta conservazione pu\u00f2 prolungare la vitalit\u00e0 delle colture liquide da 2 a 6 mesi.<\/li>\n<\/ol>\n<h3>Commento<\/h3>\n<p>Assicurati un ambiente pulito e sterile durante il processo di inoculazione per evitare la contaminazione. La pazienza \u00e8 essenziale; i tassi di crescita miceliare possono variare, ma i progressi visibili dovrebbero essere visibili entro il tempo stabilito. Segui le leggi e i regolamenti locali relativi alla coltivazione e all&#8217;uso della Psilocybe Cubensis.<\/p>\n<h3>Consigli per la conservazione<\/h3>\n<ul>\n<li>Utilizzare la coltura liquida entro 2 mesi.<\/li>\n<li>Conservalo in frigorifero o in un altro luogo fresco e buio.<\/li>\n<li>Evita l&#8217;esposizione ai raggi UV.<\/li>\n<li>Tenere fuori dalla portata dei bambini.<\/li>\n<\/ul>\n","protected":false},"excerpt":{"rendered":"<p>La siringa per coltura liquida Psilocybe Albino Tex Pe6 \u00e8 una soluzione pratica per la coltivazione della famosa variet\u00e0 Albino Tex PE6. Adatto sia ai principianti che ai coltivatori esperti, questo strumento avanzato fornisce un ambiente sterile e ricco di nutrienti che favorisce la crescita del micelio. Applica una coltura liquida di funghi al tuo [&hellip;]<\/p>\n","protected":false},"featured_media":46274,"comment_status":"closed","ping_status":"closed","template":"","meta":[],"product_brand":[],"product_cat":[357],"product_tag":[],"class_list":{"0":"post-41698","1":"product","2":"type-product","3":"status-publish","4":"has-post-thumbnail","6":"product_cat-siringhe-coltura-liquida","8":"first","9":"instock","10":"taxable","11":"shipping-taxable","12":"purchasable","13":"product-type-simple"},"yoast_head":"<!-- This site is optimized with the Yoast SEO Premium plugin v26.4 (Yoast SEO v27.2) - https:\/\/yoast.com\/product\/yoast-seo-premium-wordpress\/ -->\n<title>Siringa per coltura liquida Albino Tex Pe6 - Dutchmicrodosing<\/title>\n<meta name=\"description\" content=\"Scopri la Siringa per coltura liquida Albino Tex Pe6, una siringa di alta qualit\u00e0 riempita di coltura liquida per la coltivazione di funghi Albino Tex Pe6 unici nel loro genere....\" \/>\n<meta name=\"robots\" content=\"index, follow, max-snippet:-1, max-image-preview:large, max-video-preview:-1\" \/>\n<link rel=\"canonical\" href=\"https:\/\/dutchmicrodosing.com\/it\/spore-fungo\/siringhe-coltura-liquida\/albino-tex-pe6-liquido-cultura-siringa\/\" \/>\n<meta property=\"og:locale\" content=\"it_IT\" \/>\n<meta property=\"og:type\" content=\"article\" \/>\n<meta property=\"og:title\" content=\"Siringa per coltura liquida Albino Tex Pe6\" \/>\n<meta property=\"og:description\" content=\"La siringa per coltura liquida Psilocybe Albino Tex Pe6 \u00e8 una soluzione pratica per la coltivazione della famosa variet\u00e0 Albino Tex PE6. Adatto sia ai\" \/>\n<meta property=\"og:url\" content=\"https:\/\/dutchmicrodosing.com\/it\/spore-fungo\/siringhe-coltura-liquida\/albino-tex-pe6-liquido-cultura-siringa\/\" \/>\n<meta property=\"og:site_name\" content=\"Dutchmicrodosing\" \/>\n<meta property=\"article:publisher\" content=\"https:\/\/www.facebook.com\/Dutchmicrodosingxp\/\" \/>\n<meta property=\"article:modified_time\" content=\"2025-09-16T06:57:47+00:00\" \/>\n<meta property=\"og:image\" content=\"https:\/\/dutchmicrodosing.com\/wp-content\/uploads\/2024\/07\/Philosophr-Liquid-culture-packaging-_2_.jpg\" \/>\n\t<meta property=\"og:image:width\" content=\"1512\" \/>\n\t<meta property=\"og:image:height\" content=\"1512\" \/>\n\t<meta property=\"og:image:type\" content=\"image\/jpeg\" \/>\n<meta name=\"twitter:card\" content=\"summary_large_image\" \/>\n<script type=\"application\/ld+json\" class=\"yoast-schema-graph\">{\"@context\":\"https:\/\/schema.org\",\"@graph\":[{\"@type\":\"WebPage\",\"@id\":\"https:\/\/dutchmicrodosing.com\/it\/spore-fungo\/siringhe-coltura-liquida\/albino-tex-pe6-liquido-cultura-siringa\/\",\"url\":\"https:\/\/dutchmicrodosing.com\/it\/spore-fungo\/siringhe-coltura-liquida\/albino-tex-pe6-liquido-cultura-siringa\/\",\"name\":\"Siringa per coltura liquida Albino Tex Pe6 - Dutchmicrodosing\",\"isPartOf\":{\"@id\":\"https:\/\/dutchmicrodosing.com\/it\/#website\"},\"primaryImageOfPage\":{\"@id\":\"https:\/\/dutchmicrodosing.com\/it\/spore-fungo\/siringhe-coltura-liquida\/albino-tex-pe6-liquido-cultura-siringa\/#primaryimage\"},\"image\":{\"@id\":\"https:\/\/dutchmicrodosing.com\/it\/spore-fungo\/siringhe-coltura-liquida\/albino-tex-pe6-liquido-cultura-siringa\/#primaryimage\"},\"thumbnailUrl\":\"https:\/\/dutchmicrodosing.com\/wp-content\/uploads\/2024\/07\/Philosophr-Liquid-culture-packaging-_2_.jpg\",\"datePublished\":\"2024-07-19T07:35:27+00:00\",\"dateModified\":\"2025-09-16T06:57:47+00:00\",\"description\":\"Scopri la Siringa per coltura liquida Albino Tex Pe6, una siringa di alta qualit\u00e0 riempita di coltura liquida per la coltivazione di funghi Albino Tex Pe6 unici nel loro genere....\",\"breadcrumb\":{\"@id\":\"https:\/\/dutchmicrodosing.com\/it\/spore-fungo\/siringhe-coltura-liquida\/albino-tex-pe6-liquido-cultura-siringa\/#breadcrumb\"},\"inLanguage\":\"it-IT\",\"potentialAction\":[{\"@type\":\"ReadAction\",\"target\":[\"https:\/\/dutchmicrodosing.com\/it\/spore-fungo\/siringhe-coltura-liquida\/albino-tex-pe6-liquido-cultura-siringa\/\"]}]},{\"@type\":\"ImageObject\",\"inLanguage\":\"it-IT\",\"@id\":\"https:\/\/dutchmicrodosing.com\/it\/spore-fungo\/siringhe-coltura-liquida\/albino-tex-pe6-liquido-cultura-siringa\/#primaryimage\",\"url\":\"https:\/\/dutchmicrodosing.com\/wp-content\/uploads\/2024\/07\/Philosophr-Liquid-culture-packaging-_2_.jpg\",\"contentUrl\":\"https:\/\/dutchmicrodosing.com\/wp-content\/uploads\/2024\/07\/Philosophr-Liquid-culture-packaging-_2_.jpg\",\"width\":1512,\"height\":1512},{\"@type\":\"BreadcrumbList\",\"@id\":\"https:\/\/dutchmicrodosing.com\/it\/spore-fungo\/siringhe-coltura-liquida\/albino-tex-pe6-liquido-cultura-siringa\/#breadcrumb\",\"itemListElement\":[{\"@type\":\"ListItem\",\"position\":1,\"name\":\"Home\",\"item\":\"https:\/\/dutchmicrodosing.com\/it\/\"},{\"@type\":\"ListItem\",\"position\":2,\"name\":\"Negozio\",\"item\":\"https:\/\/dutchmicrodosing.com\/it\/negozio\/\"},{\"@type\":\"ListItem\",\"position\":3,\"name\":\"Siringa per coltura liquida Albino Tex Pe6\"}]},{\"@type\":\"WebSite\",\"@id\":\"https:\/\/dutchmicrodosing.com\/it\/#website\",\"url\":\"https:\/\/dutchmicrodosing.com\/it\/\",\"name\":\"Dutchmicrodosing\",\"description\":\"\",\"publisher\":{\"@id\":\"https:\/\/dutchmicrodosing.com\/it\/#organization\"},\"potentialAction\":[{\"@type\":\"SearchAction\",\"target\":{\"@type\":\"EntryPoint\",\"urlTemplate\":\"https:\/\/dutchmicrodosing.com\/it\/?s={search_term_string}\"},\"query-input\":{\"@type\":\"PropertyValueSpecification\",\"valueRequired\":true,\"valueName\":\"search_term_string\"}}],\"inLanguage\":\"it-IT\"},{\"@type\":\"Organization\",\"@id\":\"https:\/\/dutchmicrodosing.com\/it\/#organization\",\"name\":\"Dutchmicrodosing\",\"url\":\"https:\/\/dutchmicrodosing.com\/it\/\",\"logo\":{\"@type\":\"ImageObject\",\"inLanguage\":\"it-IT\",\"@id\":\"https:\/\/dutchmicrodosing.com\/it\/#\/schema\/logo\/image\/\",\"url\":\"https:\/\/dutchmicrodosing.com\/wp-content\/uploads\/2021\/01\/microdosing-categorie-pic-nieuw.jpg\",\"contentUrl\":\"https:\/\/dutchmicrodosing.com\/wp-content\/uploads\/2021\/01\/microdosing-categorie-pic-nieuw.jpg\",\"width\":500,\"height\":500,\"caption\":\"Dutchmicrodosing\"},\"image\":{\"@id\":\"https:\/\/dutchmicrodosing.com\/it\/#\/schema\/logo\/image\/\"},\"sameAs\":[\"https:\/\/www.facebook.com\/Dutchmicrodosingxp\/\",\"https:\/\/www.instagram.com\/dutchmicrodosing\/\"]}]}<\/script>\n<meta property=\"product:price:amount\" content=\"18.95\" \/>\n<meta property=\"product:price:currency\" content=\"EUR\" \/>\n<meta property=\"og:availability\" content=\"instock\" \/>\n<meta property=\"product:availability\" content=\"instock\" \/>\n<meta property=\"product:retailer_item_id\" content=\"4207448\" \/>\n<meta property=\"product:condition\" content=\"new\" \/>\n<!-- \/ Yoast SEO Premium plugin. -->","yoast_head_json":{"title":"Siringa per coltura liquida Albino Tex Pe6 - Dutchmicrodosing","description":"Scopri la Siringa per coltura liquida Albino Tex Pe6, una siringa di alta qualit\u00e0 riempita di coltura liquida per la coltivazione di funghi Albino Tex Pe6 unici nel loro genere....","robots":{"index":"index","follow":"follow","max-snippet":"max-snippet:-1","max-image-preview":"max-image-preview:large","max-video-preview":"max-video-preview:-1"},"canonical":"https:\/\/dutchmicrodosing.com\/it\/spore-fungo\/siringhe-coltura-liquida\/albino-tex-pe6-liquido-cultura-siringa\/","og_locale":"it_IT","og_type":"article","og_title":"Siringa per coltura liquida Albino Tex Pe6","og_description":"La siringa per coltura liquida Psilocybe Albino Tex Pe6 \u00e8 una soluzione pratica per la coltivazione della famosa variet\u00e0 Albino Tex PE6. Adatto sia ai","og_url":"https:\/\/dutchmicrodosing.com\/it\/spore-fungo\/siringhe-coltura-liquida\/albino-tex-pe6-liquido-cultura-siringa\/","og_site_name":"Dutchmicrodosing","article_publisher":"https:\/\/www.facebook.com\/Dutchmicrodosingxp\/","article_modified_time":"2025-09-16T06:57:47+00:00","og_image":[{"width":1512,"height":1512,"url":"https:\/\/dutchmicrodosing.com\/wp-content\/uploads\/2024\/07\/Philosophr-Liquid-culture-packaging-_2_.jpg","type":"image\/jpeg"}],"twitter_card":"summary_large_image","schema":{"@context":"https:\/\/schema.org","@graph":[{"@type":"WebPage","@id":"https:\/\/dutchmicrodosing.com\/it\/spore-fungo\/siringhe-coltura-liquida\/albino-tex-pe6-liquido-cultura-siringa\/","url":"https:\/\/dutchmicrodosing.com\/it\/spore-fungo\/siringhe-coltura-liquida\/albino-tex-pe6-liquido-cultura-siringa\/","name":"Siringa per coltura liquida Albino Tex Pe6 - Dutchmicrodosing","isPartOf":{"@id":"https:\/\/dutchmicrodosing.com\/it\/#website"},"primaryImageOfPage":{"@id":"https:\/\/dutchmicrodosing.com\/it\/spore-fungo\/siringhe-coltura-liquida\/albino-tex-pe6-liquido-cultura-siringa\/#primaryimage"},"image":{"@id":"https:\/\/dutchmicrodosing.com\/it\/spore-fungo\/siringhe-coltura-liquida\/albino-tex-pe6-liquido-cultura-siringa\/#primaryimage"},"thumbnailUrl":"https:\/\/dutchmicrodosing.com\/wp-content\/uploads\/2024\/07\/Philosophr-Liquid-culture-packaging-_2_.jpg","datePublished":"2024-07-19T07:35:27+00:00","dateModified":"2025-09-16T06:57:47+00:00","description":"Scopri la Siringa per coltura liquida Albino Tex Pe6, una siringa di alta qualit\u00e0 riempita di coltura liquida per la coltivazione di funghi Albino Tex Pe6 unici nel loro genere....","breadcrumb":{"@id":"https:\/\/dutchmicrodosing.com\/it\/spore-fungo\/siringhe-coltura-liquida\/albino-tex-pe6-liquido-cultura-siringa\/#breadcrumb"},"inLanguage":"it-IT","potentialAction":[{"@type":"ReadAction","target":["https:\/\/dutchmicrodosing.com\/it\/spore-fungo\/siringhe-coltura-liquida\/albino-tex-pe6-liquido-cultura-siringa\/"]}]},{"@type":"ImageObject","inLanguage":"it-IT","@id":"https:\/\/dutchmicrodosing.com\/it\/spore-fungo\/siringhe-coltura-liquida\/albino-tex-pe6-liquido-cultura-siringa\/#primaryimage","url":"https:\/\/dutchmicrodosing.com\/wp-content\/uploads\/2024\/07\/Philosophr-Liquid-culture-packaging-_2_.jpg","contentUrl":"https:\/\/dutchmicrodosing.com\/wp-content\/uploads\/2024\/07\/Philosophr-Liquid-culture-packaging-_2_.jpg","width":1512,"height":1512},{"@type":"BreadcrumbList","@id":"https:\/\/dutchmicrodosing.com\/it\/spore-fungo\/siringhe-coltura-liquida\/albino-tex-pe6-liquido-cultura-siringa\/#breadcrumb","itemListElement":[{"@type":"ListItem","position":1,"name":"Home","item":"https:\/\/dutchmicrodosing.com\/it\/"},{"@type":"ListItem","position":2,"name":"Negozio","item":"https:\/\/dutchmicrodosing.com\/it\/negozio\/"},{"@type":"ListItem","position":3,"name":"Siringa per coltura liquida Albino Tex Pe6"}]},{"@type":"WebSite","@id":"https:\/\/dutchmicrodosing.com\/it\/#website","url":"https:\/\/dutchmicrodosing.com\/it\/","name":"Dutchmicrodosing","description":"","publisher":{"@id":"https:\/\/dutchmicrodosing.com\/it\/#organization"},"potentialAction":[{"@type":"SearchAction","target":{"@type":"EntryPoint","urlTemplate":"https:\/\/dutchmicrodosing.com\/it\/?s={search_term_string}"},"query-input":{"@type":"PropertyValueSpecification","valueRequired":true,"valueName":"search_term_string"}}],"inLanguage":"it-IT"},{"@type":"Organization","@id":"https:\/\/dutchmicrodosing.com\/it\/#organization","name":"Dutchmicrodosing","url":"https:\/\/dutchmicrodosing.com\/it\/","logo":{"@type":"ImageObject","inLanguage":"it-IT","@id":"https:\/\/dutchmicrodosing.com\/it\/#\/schema\/logo\/image\/","url":"https:\/\/dutchmicrodosing.com\/wp-content\/uploads\/2021\/01\/microdosing-categorie-pic-nieuw.jpg","contentUrl":"https:\/\/dutchmicrodosing.com\/wp-content\/uploads\/2021\/01\/microdosing-categorie-pic-nieuw.jpg","width":500,"height":500,"caption":"Dutchmicrodosing"},"image":{"@id":"https:\/\/dutchmicrodosing.com\/it\/#\/schema\/logo\/image\/"},"sameAs":["https:\/\/www.facebook.com\/Dutchmicrodosingxp\/","https:\/\/www.instagram.com\/dutchmicrodosing\/"]}]},"product_price_amount":"18.95","product_price_currency":"EUR","og_availability":"instock","product_availability":"instock","product_retailer_item_id":"4207448","product_condition":"new"},"_links":{"self":[{"href":"https:\/\/dutchmicrodosing.com\/it\/wp-json\/wp\/v2\/product\/41698","targetHints":{"allow":["GET"]}}],"collection":[{"href":"https:\/\/dutchmicrodosing.com\/it\/wp-json\/wp\/v2\/product"}],"about":[{"href":"https:\/\/dutchmicrodosing.com\/it\/wp-json\/wp\/v2\/types\/product"}],"replies":[{"embeddable":true,"href":"https:\/\/dutchmicrodosing.com\/it\/wp-json\/wp\/v2\/comments?post=41698"}],"version-history":[{"count":0,"href":"https:\/\/dutchmicrodosing.com\/it\/wp-json\/wp\/v2\/product\/41698\/revisions"}],"wp:featuredmedia":[{"embeddable":true,"href":"https:\/\/dutchmicrodosing.com\/it\/wp-json\/wp\/v2\/media\/46274"}],"wp:attachment":[{"href":"https:\/\/dutchmicrodosing.com\/it\/wp-json\/wp\/v2\/media?parent=41698"}],"wp:term":[{"taxonomy":"product_brand","embeddable":true,"href":"https:\/\/dutchmicrodosing.com\/it\/wp-json\/wp\/v2\/product_brand?post=41698"},{"taxonomy":"product_cat","embeddable":true,"href":"https:\/\/dutchmicrodosing.com\/it\/wp-json\/wp\/v2\/product_cat?post=41698"},{"taxonomy":"product_tag","embeddable":true,"href":"https:\/\/dutchmicrodosing.com\/it\/wp-json\/wp\/v2\/product_tag?post=41698"}],"curies":[{"name":"wp","href":"https:\/\/api.w.org\/{rel}","templated":true}]}}