{"id":41720,"date":"2024-09-03T09:40:42","date_gmt":"2024-09-03T07:40:42","guid":{"rendered":"https:\/\/dutchmicrodosing.com\/shop\/senza-categoria\/il-trio-salutare\/"},"modified":"2026-02-03T16:43:00","modified_gmt":"2026-02-03T15:43:00","slug":"il-trio-salutare","status":"publish","type":"product","link":"https:\/\/dutchmicrodosing.com\/it\/negozio-di-salute\/commestibili-ai-funghi\/il-trio-salutare\/","title":{"rendered":"Il trio salutare"},"content":{"rendered":"<p>Le Gomme di Funghi <strong>Healthy Trio <\/strong>sono una delizia che favorisce il tuo benessere quotidiano. Ogni confezione contiene tre tipi diversi di gommosi, ciascuno arricchito con un unico fungo medicinale: Lion&#8217;s Mane, Reishi e Chaga. Questi potenti funghi sono noti per i loro effetti benefici sulla salute, come la promozione della chiarezza mentale, il supporto del sistema immunitario e l&#8217;aumento della vitalit\u00e0. Queste gommine combinano la potenza degli ingredienti naturali con un gusto piacevole, offrendo un modo semplice e gustoso per migliorare la tua salute.<\/p>\n<ul>\n<li>Le Gomme ai Funghi Reishi offrono un modo gustoso per sperimentare i benefici dei funghi Reishi. Ogni gommina contiene 250 mg di estratto di Reishi e rappresenta un modo semplice e piacevole per godere dei benefici di questo fungo. Il Reishi \u00e8 noto per le sue propriet\u00e0 stimolanti a livello cognitivo e ha una lunga storia nella medicina tradizionale cinese.  <\/li>\n<li>Le Gomme al Fungo della Criniera di Leone sono deliziose caramelle che combinano i benefici salutari dell&#8217;estratto di criniera di leone con un&#8217;esperienza gustosa. Ogni gommina contiene 250 mg di estratto di criniera di leone, offrendoti un modo facile e divertente per godere dei potenziali benefici di questo fungo. La criniera di leone \u00e8 nota per le sue propriet\u00e0 di miglioramento cognitivo ed \u00e8 stata utilizzata per secoli nella medicina tradizionale cinese. Con queste caramelle gommose puoi lavorare per supportare le tue funzioni cerebrali e il tuo benessere generale in modo gustoso.   <\/li>\n<li>L&#8217;idea di Mushroom Gummies Chaga \u00e8 un approccio innovativo per sfruttare i benefici dei funghi Chaga. Queste gommose, contenenti ciascuna 250 mg di estratto di Chaga, offrono un modo semplice e piacevole per godere dei benefici di questo fungo. Il Chaga \u00e8 noto per le sue propriet\u00e0 che possono migliorare la cognizione e ha una ricca storia nella medicina tradizionale cinese.  <\/li>\n<\/ul>\n<h3>Contenuto<\/h3>\n<p>3 vaschette di gommose ai funghi Dr Candy (Reishi, Lion&#8217;s Mane e Chaga)<\/p>\n","protected":false},"excerpt":{"rendered":"<p>Le Gomme di Funghi Healthy Trio sono una delizia che favorisce il tuo benessere quotidiano. Ogni confezione contiene tre tipi diversi di gommosi, ciascuno arricchito con un unico fungo medicinale: Lion&#8217;s Mane, Reishi e Chaga. Questi potenti funghi sono noti per i loro effetti benefici sulla salute, come la promozione della chiarezza mentale, il supporto [&hellip;]<\/p>\n","protected":false},"featured_media":41715,"comment_status":"closed","ping_status":"closed","template":"","meta":[],"product_brand":[],"product_cat":[328],"product_tag":[],"class_list":{"0":"post-41720","1":"product","2":"type-product","3":"status-publish","4":"has-post-thumbnail","6":"product_cat-commestibili-ai-funghi","8":"first","9":"instock","10":"taxable","11":"shipping-taxable","12":"purchasable","13":"product-type-simple"},"yoast_head":"<!-- This site is optimized with the Yoast SEO Premium plugin v26.4 (Yoast SEO v27.2) - https:\/\/yoast.com\/product\/yoast-seo-premium-wordpress\/ -->\n<title>Il trio salutare - Dutchmicrodosing<\/title>\n<meta name=\"description\" content=\"Scopri il trio Dr Candy The Healthy - Gomme ai funghi, ognuna arricchita con un unico fungo medicinale: Criniera di Leone, Reishi e Chaga....\" \/>\n<meta name=\"robots\" content=\"index, follow, max-snippet:-1, max-image-preview:large, max-video-preview:-1\" \/>\n<link rel=\"canonical\" href=\"https:\/\/dutchmicrodosing.com\/it\/negozio-di-salute\/commestibili-ai-funghi\/il-trio-salutare\/\" \/>\n<meta property=\"og:locale\" content=\"it_IT\" \/>\n<meta property=\"og:type\" content=\"article\" \/>\n<meta property=\"og:title\" content=\"Il trio salutare\" \/>\n<meta property=\"og:description\" content=\"Le Gomme di Funghi Healthy Trio sono una delizia che favorisce il tuo benessere quotidiano. Ogni confezione contiene tre tipi diversi di gommosi, ciascuno\" \/>\n<meta property=\"og:url\" content=\"https:\/\/dutchmicrodosing.com\/it\/negozio-di-salute\/commestibili-ai-funghi\/il-trio-salutare\/\" \/>\n<meta property=\"og:site_name\" content=\"Dutchmicrodosing\" \/>\n<meta property=\"article:publisher\" content=\"https:\/\/www.facebook.com\/Dutchmicrodosingxp\/\" \/>\n<meta property=\"article:modified_time\" content=\"2026-02-03T15:43:00+00:00\" \/>\n<meta property=\"og:image\" content=\"https:\/\/dutchmicrodosing.com\/wp-content\/uploads\/2024\/09\/Mix_gummies_mushroom_1000x1000.jpg\" \/>\n\t<meta property=\"og:image:width\" content=\"1000\" \/>\n\t<meta property=\"og:image:height\" content=\"1000\" \/>\n\t<meta property=\"og:image:type\" content=\"image\/jpeg\" \/>\n<meta name=\"twitter:card\" content=\"summary_large_image\" \/>\n<script type=\"application\/ld+json\" class=\"yoast-schema-graph\">{\"@context\":\"https:\/\/schema.org\",\"@graph\":[{\"@type\":\"WebPage\",\"@id\":\"https:\/\/dutchmicrodosing.com\/it\/negozio-di-salute\/commestibili-ai-funghi\/il-trio-salutare\/\",\"url\":\"https:\/\/dutchmicrodosing.com\/it\/negozio-di-salute\/commestibili-ai-funghi\/il-trio-salutare\/\",\"name\":\"Il trio salutare - Dutchmicrodosing\",\"isPartOf\":{\"@id\":\"https:\/\/dutchmicrodosing.com\/it\/#website\"},\"primaryImageOfPage\":{\"@id\":\"https:\/\/dutchmicrodosing.com\/it\/negozio-di-salute\/commestibili-ai-funghi\/il-trio-salutare\/#primaryimage\"},\"image\":{\"@id\":\"https:\/\/dutchmicrodosing.com\/it\/negozio-di-salute\/commestibili-ai-funghi\/il-trio-salutare\/#primaryimage\"},\"thumbnailUrl\":\"https:\/\/dutchmicrodosing.com\/wp-content\/uploads\/2024\/09\/Mix_gummies_mushroom_1000x1000.jpg\",\"datePublished\":\"2024-09-03T07:40:42+00:00\",\"dateModified\":\"2026-02-03T15:43:00+00:00\",\"description\":\"Scopri il trio Dr Candy The Healthy - Gomme ai funghi, ognuna arricchita con un unico fungo medicinale: Criniera di Leone, Reishi e Chaga....\",\"breadcrumb\":{\"@id\":\"https:\/\/dutchmicrodosing.com\/it\/negozio-di-salute\/commestibili-ai-funghi\/il-trio-salutare\/#breadcrumb\"},\"inLanguage\":\"it-IT\",\"potentialAction\":[{\"@type\":\"ReadAction\",\"target\":[\"https:\/\/dutchmicrodosing.com\/it\/negozio-di-salute\/commestibili-ai-funghi\/il-trio-salutare\/\"]}]},{\"@type\":\"ImageObject\",\"inLanguage\":\"it-IT\",\"@id\":\"https:\/\/dutchmicrodosing.com\/it\/negozio-di-salute\/commestibili-ai-funghi\/il-trio-salutare\/#primaryimage\",\"url\":\"https:\/\/dutchmicrodosing.com\/wp-content\/uploads\/2024\/09\/Mix_gummies_mushroom_1000x1000.jpg\",\"contentUrl\":\"https:\/\/dutchmicrodosing.com\/wp-content\/uploads\/2024\/09\/Mix_gummies_mushroom_1000x1000.jpg\",\"width\":1000,\"height\":1000},{\"@type\":\"BreadcrumbList\",\"@id\":\"https:\/\/dutchmicrodosing.com\/it\/negozio-di-salute\/commestibili-ai-funghi\/il-trio-salutare\/#breadcrumb\",\"itemListElement\":[{\"@type\":\"ListItem\",\"position\":1,\"name\":\"Home\",\"item\":\"https:\/\/dutchmicrodosing.com\/it\/\"},{\"@type\":\"ListItem\",\"position\":2,\"name\":\"Negozio\",\"item\":\"https:\/\/dutchmicrodosing.com\/it\/negozio\/\"},{\"@type\":\"ListItem\",\"position\":3,\"name\":\"Il trio salutare\"}]},{\"@type\":\"WebSite\",\"@id\":\"https:\/\/dutchmicrodosing.com\/it\/#website\",\"url\":\"https:\/\/dutchmicrodosing.com\/it\/\",\"name\":\"Dutchmicrodosing\",\"description\":\"\",\"publisher\":{\"@id\":\"https:\/\/dutchmicrodosing.com\/it\/#organization\"},\"potentialAction\":[{\"@type\":\"SearchAction\",\"target\":{\"@type\":\"EntryPoint\",\"urlTemplate\":\"https:\/\/dutchmicrodosing.com\/it\/?s={search_term_string}\"},\"query-input\":{\"@type\":\"PropertyValueSpecification\",\"valueRequired\":true,\"valueName\":\"search_term_string\"}}],\"inLanguage\":\"it-IT\"},{\"@type\":\"Organization\",\"@id\":\"https:\/\/dutchmicrodosing.com\/it\/#organization\",\"name\":\"Dutchmicrodosing\",\"url\":\"https:\/\/dutchmicrodosing.com\/it\/\",\"logo\":{\"@type\":\"ImageObject\",\"inLanguage\":\"it-IT\",\"@id\":\"https:\/\/dutchmicrodosing.com\/it\/#\/schema\/logo\/image\/\",\"url\":\"https:\/\/dutchmicrodosing.com\/wp-content\/uploads\/2021\/01\/microdosing-categorie-pic-nieuw.jpg\",\"contentUrl\":\"https:\/\/dutchmicrodosing.com\/wp-content\/uploads\/2021\/01\/microdosing-categorie-pic-nieuw.jpg\",\"width\":500,\"height\":500,\"caption\":\"Dutchmicrodosing\"},\"image\":{\"@id\":\"https:\/\/dutchmicrodosing.com\/it\/#\/schema\/logo\/image\/\"},\"sameAs\":[\"https:\/\/www.facebook.com\/Dutchmicrodosingxp\/\",\"https:\/\/www.instagram.com\/dutchmicrodosing\/\"]}]}<\/script>\n<meta property=\"product:price:amount\" content=\"24.95\" \/>\n<meta property=\"product:price:currency\" content=\"EUR\" \/>\n<meta property=\"og:availability\" content=\"instock\" \/>\n<meta property=\"product:availability\" content=\"instock\" \/>\n<meta property=\"product:retailer_item_id\" content=\"4209139\" \/>\n<meta property=\"product:condition\" content=\"new\" \/>\n<!-- \/ Yoast SEO Premium plugin. -->","yoast_head_json":{"title":"Il trio salutare - Dutchmicrodosing","description":"Scopri il trio Dr Candy The Healthy - Gomme ai funghi, ognuna arricchita con un unico fungo medicinale: Criniera di Leone, Reishi e Chaga....","robots":{"index":"index","follow":"follow","max-snippet":"max-snippet:-1","max-image-preview":"max-image-preview:large","max-video-preview":"max-video-preview:-1"},"canonical":"https:\/\/dutchmicrodosing.com\/it\/negozio-di-salute\/commestibili-ai-funghi\/il-trio-salutare\/","og_locale":"it_IT","og_type":"article","og_title":"Il trio salutare","og_description":"Le Gomme di Funghi Healthy Trio sono una delizia che favorisce il tuo benessere quotidiano. Ogni confezione contiene tre tipi diversi di gommosi, ciascuno","og_url":"https:\/\/dutchmicrodosing.com\/it\/negozio-di-salute\/commestibili-ai-funghi\/il-trio-salutare\/","og_site_name":"Dutchmicrodosing","article_publisher":"https:\/\/www.facebook.com\/Dutchmicrodosingxp\/","article_modified_time":"2026-02-03T15:43:00+00:00","og_image":[{"width":1000,"height":1000,"url":"https:\/\/dutchmicrodosing.com\/wp-content\/uploads\/2024\/09\/Mix_gummies_mushroom_1000x1000.jpg","type":"image\/jpeg"}],"twitter_card":"summary_large_image","schema":{"@context":"https:\/\/schema.org","@graph":[{"@type":"WebPage","@id":"https:\/\/dutchmicrodosing.com\/it\/negozio-di-salute\/commestibili-ai-funghi\/il-trio-salutare\/","url":"https:\/\/dutchmicrodosing.com\/it\/negozio-di-salute\/commestibili-ai-funghi\/il-trio-salutare\/","name":"Il trio salutare - Dutchmicrodosing","isPartOf":{"@id":"https:\/\/dutchmicrodosing.com\/it\/#website"},"primaryImageOfPage":{"@id":"https:\/\/dutchmicrodosing.com\/it\/negozio-di-salute\/commestibili-ai-funghi\/il-trio-salutare\/#primaryimage"},"image":{"@id":"https:\/\/dutchmicrodosing.com\/it\/negozio-di-salute\/commestibili-ai-funghi\/il-trio-salutare\/#primaryimage"},"thumbnailUrl":"https:\/\/dutchmicrodosing.com\/wp-content\/uploads\/2024\/09\/Mix_gummies_mushroom_1000x1000.jpg","datePublished":"2024-09-03T07:40:42+00:00","dateModified":"2026-02-03T15:43:00+00:00","description":"Scopri il trio Dr Candy The Healthy - Gomme ai funghi, ognuna arricchita con un unico fungo medicinale: Criniera di Leone, Reishi e Chaga....","breadcrumb":{"@id":"https:\/\/dutchmicrodosing.com\/it\/negozio-di-salute\/commestibili-ai-funghi\/il-trio-salutare\/#breadcrumb"},"inLanguage":"it-IT","potentialAction":[{"@type":"ReadAction","target":["https:\/\/dutchmicrodosing.com\/it\/negozio-di-salute\/commestibili-ai-funghi\/il-trio-salutare\/"]}]},{"@type":"ImageObject","inLanguage":"it-IT","@id":"https:\/\/dutchmicrodosing.com\/it\/negozio-di-salute\/commestibili-ai-funghi\/il-trio-salutare\/#primaryimage","url":"https:\/\/dutchmicrodosing.com\/wp-content\/uploads\/2024\/09\/Mix_gummies_mushroom_1000x1000.jpg","contentUrl":"https:\/\/dutchmicrodosing.com\/wp-content\/uploads\/2024\/09\/Mix_gummies_mushroom_1000x1000.jpg","width":1000,"height":1000},{"@type":"BreadcrumbList","@id":"https:\/\/dutchmicrodosing.com\/it\/negozio-di-salute\/commestibili-ai-funghi\/il-trio-salutare\/#breadcrumb","itemListElement":[{"@type":"ListItem","position":1,"name":"Home","item":"https:\/\/dutchmicrodosing.com\/it\/"},{"@type":"ListItem","position":2,"name":"Negozio","item":"https:\/\/dutchmicrodosing.com\/it\/negozio\/"},{"@type":"ListItem","position":3,"name":"Il trio salutare"}]},{"@type":"WebSite","@id":"https:\/\/dutchmicrodosing.com\/it\/#website","url":"https:\/\/dutchmicrodosing.com\/it\/","name":"Dutchmicrodosing","description":"","publisher":{"@id":"https:\/\/dutchmicrodosing.com\/it\/#organization"},"potentialAction":[{"@type":"SearchAction","target":{"@type":"EntryPoint","urlTemplate":"https:\/\/dutchmicrodosing.com\/it\/?s={search_term_string}"},"query-input":{"@type":"PropertyValueSpecification","valueRequired":true,"valueName":"search_term_string"}}],"inLanguage":"it-IT"},{"@type":"Organization","@id":"https:\/\/dutchmicrodosing.com\/it\/#organization","name":"Dutchmicrodosing","url":"https:\/\/dutchmicrodosing.com\/it\/","logo":{"@type":"ImageObject","inLanguage":"it-IT","@id":"https:\/\/dutchmicrodosing.com\/it\/#\/schema\/logo\/image\/","url":"https:\/\/dutchmicrodosing.com\/wp-content\/uploads\/2021\/01\/microdosing-categorie-pic-nieuw.jpg","contentUrl":"https:\/\/dutchmicrodosing.com\/wp-content\/uploads\/2021\/01\/microdosing-categorie-pic-nieuw.jpg","width":500,"height":500,"caption":"Dutchmicrodosing"},"image":{"@id":"https:\/\/dutchmicrodosing.com\/it\/#\/schema\/logo\/image\/"},"sameAs":["https:\/\/www.facebook.com\/Dutchmicrodosingxp\/","https:\/\/www.instagram.com\/dutchmicrodosing\/"]}]},"product_price_amount":"24.95","product_price_currency":"EUR","og_availability":"instock","product_availability":"instock","product_retailer_item_id":"4209139","product_condition":"new"},"_links":{"self":[{"href":"https:\/\/dutchmicrodosing.com\/it\/wp-json\/wp\/v2\/product\/41720","targetHints":{"allow":["GET"]}}],"collection":[{"href":"https:\/\/dutchmicrodosing.com\/it\/wp-json\/wp\/v2\/product"}],"about":[{"href":"https:\/\/dutchmicrodosing.com\/it\/wp-json\/wp\/v2\/types\/product"}],"replies":[{"embeddable":true,"href":"https:\/\/dutchmicrodosing.com\/it\/wp-json\/wp\/v2\/comments?post=41720"}],"version-history":[{"count":1,"href":"https:\/\/dutchmicrodosing.com\/it\/wp-json\/wp\/v2\/product\/41720\/revisions"}],"predecessor-version":[{"id":64329,"href":"https:\/\/dutchmicrodosing.com\/it\/wp-json\/wp\/v2\/product\/41720\/revisions\/64329"}],"wp:featuredmedia":[{"embeddable":true,"href":"https:\/\/dutchmicrodosing.com\/it\/wp-json\/wp\/v2\/media\/41715"}],"wp:attachment":[{"href":"https:\/\/dutchmicrodosing.com\/it\/wp-json\/wp\/v2\/media?parent=41720"}],"wp:term":[{"taxonomy":"product_brand","embeddable":true,"href":"https:\/\/dutchmicrodosing.com\/it\/wp-json\/wp\/v2\/product_brand?post=41720"},{"taxonomy":"product_cat","embeddable":true,"href":"https:\/\/dutchmicrodosing.com\/it\/wp-json\/wp\/v2\/product_cat?post=41720"},{"taxonomy":"product_tag","embeddable":true,"href":"https:\/\/dutchmicrodosing.com\/it\/wp-json\/wp\/v2\/product_tag?post=41720"}],"curies":[{"name":"wp","href":"https:\/\/api.w.org\/{rel}","templated":true}]}}