{"id":43654,"date":"2024-10-26T12:41:24","date_gmt":"2024-10-26T10:41:24","guid":{"rendered":"https:\/\/dutchmicrodosing.com\/shop\/senza-categoria\/marshmallow-shrooms-growkit-xl\/"},"modified":"2025-08-19T11:07:38","modified_gmt":"2025-08-19T09:07:38","slug":"marshmallow-shrooms-growkit","status":"publish","type":"product","link":"https:\/\/dutchmicrodosing.com\/it\/funghi-allucinogeni\/kit-per-la-coltivazione-all-in-one\/marshmallow-shrooms-growkit\/","title":{"rendered":"Growkit di funghi Marshmallow"},"content":{"rendered":"<p>Entra nel mondo del <strong>Growkit Marshmallow Shrooms<\/strong>! Questa particolare variet\u00e0 di funghi ibridi offre un&#8217;esperienza di coltivazione unica e tutt&#8217;altro che ordinaria. Il nome &#8220;Marshmallow&#8221; suggerisce gi\u00e0 un carattere pieno e potente. Questi funghi si distinguono per le grandi dimensioni, la struttura robusta e gli effetti intensi. Hanno un aspetto caratteristico con un gambo sodo, da bianco a giallo pallido, e un cappello che va dal marrone chiaro all&#8217;oro. Man mano che crescono, il cappello pu\u00f2 appiattirsi e, se ammaccato, spesso appare una sfumatura bluastra, segno distintivo dei funghi contenenti psilocibina. Il kit di coltivazione Marshmallow Shrooms contiene tutto il necessario per iniziare a coltivare a casa, rendendo la coltivazione accessibile e facile. Scopri i potenti effetti e le vivaci immagini di questi funghi esclusivi!<\/p>\n<h2>Quali sono gli effetti del Marshmallow Shrooms Growkit?<\/h2>\n<p>Il Marshmallow Shrooms \u00e8 un popolare kit di coltivazione della specie Psilocybe cubensis, nota per i suoi potenti effetti e la sua ricca esperienza visiva. Il viaggio pu\u00f2 variare da persona a persona, a seconda del dosaggio, dell&#8217;ambiente e della sensibilit\u00e0, ma ecco alcuni effetti comuni:<\/p>\n<h3>Effetti complessivi dei funghi Marshmallow<\/h3>\n<ul>\n<li>Allucinazioni visive<\/li>\n<li>Cambiamento di percezione<\/li>\n<li>Gioia e miglioramento dell&#8217;umore<\/li>\n<li>Auto-riflessione e intensit\u00e0 emotiva<\/li>\n<li>Sensazioni fisiche<\/li>\n<\/ul>\n<h3>Suggerimenti essenziali<\/h3>\n<ul>\n<li><strong>Dosaggio<\/strong>: inizia con una piccola dose se sei alle prime armi con questa variet\u00e0, in modo che il tuo corpo e la tua mente possano abituarsi con calma agli effetti.<\/li>\n<li><strong>Ambiente sicuro<\/strong>: usa i funghi magici in uno spazio familiare e sicuro, con persone familiari intorno a te, per vivere un&#8217;esperienza piacevole.<\/li>\n<li><strong>Accompagnatore<\/strong>: per le dosi pi\u00f9 elevate, \u00e8 consigliabile avere con s\u00e9 un accompagnatore sobrio, soprattutto se \u00e8 la prima volta.<\/li>\n<\/ul>\n<p>Con attenzione al giusto dosaggio e all&#8217;ambiente, i funghi Marshmallow possono offrire un&#8217;esperienza unica e arricchente.<\/p>\n<h2>Istruzioni per l&#8217;installazione del kit di coltivazione Marshmallow Shrooms<\/h2>\n<p>Puoi scaricare le istruzioni qui sotto. Prenditi il tempo di leggerli attentamente prima di iniziare a lavorare con il tuo kit.<\/p>\n<p><strong>SCARICA QUI: <a href=\"https:\/\/dutchmicrodosing.com\/it\/manuale_crescita\/\">Manuale del kit di coltivazione All-In-One<\/a><\/strong><\/p>\n<h2>Resa media del kit di coltivazione Marshmallow Shrooms<\/h2>\n<p>Se coltivato con successo, questo kit pu\u00f2 produrre un raccolto totale di circa 500 grammi di funghi, distribuiti in diversi cicli.<\/p>\n<h2>Consigli per lo stoccaggio<\/h2>\n<p>Per mantenere il kit di coltivazione in condizioni ottimali, quando lo ricevi mettilo subito in frigorifero per 24 ore a una temperatura compresa tra 4 e 6 gradi. Il kit pu\u00f2 essere conservato in un frigorifero pulito per un massimo di 3 mesi, ma non \u00e8 consigliabile a causa dell&#8217;aumento del rischio di contaminazione.<\/p>\n<h2>Importante<\/h2>\n<p>I composti attivi della psilocibina e della psilocina contenuti in questi funghi hanno un forte effetto di alterazione della mente che influisce sui livelli di serotonina nel cervello. Usa questi funghi in modo responsabile e conservali fuori dalla portata dei bambini.<\/p>\n<h2>Contenuto del GrowKit<\/h2>\n<ul>\n<li>Una vaschetta di coltura riempita con 1200 cc di substrato<\/li>\n<li>Un sacchetto per la coltivazione con filtri d&#8217;aria<\/li>\n<li>Due graffette per chiudere la borsa<\/li>\n<\/ul>\n","protected":false},"excerpt":{"rendered":"<p>Entra nel mondo del Growkit Marshmallow Shrooms! Questa particolare variet\u00e0 di funghi ibridi offre un&#8217;esperienza di coltivazione unica e tutt&#8217;altro che ordinaria. Il nome &#8220;Marshmallow&#8221; suggerisce gi\u00e0 un carattere pieno e potente. Questi funghi si distinguono per le grandi dimensioni, la struttura robusta e gli effetti intensi. Hanno un aspetto caratteristico con un gambo sodo, [&hellip;]<\/p>\n","protected":false},"featured_media":43346,"comment_status":"closed","ping_status":"closed","template":"","meta":[],"product_brand":[],"product_cat":[213],"product_tag":[],"class_list":{"0":"post-43654","1":"product","2":"type-product","3":"status-publish","4":"has-post-thumbnail","6":"product_cat-kit-per-la-coltivazione-all-in-one","8":"first","9":"instock","10":"taxable","11":"shipping-taxable","12":"purchasable","13":"product-type-simple"},"yoast_head":"<!-- This site is optimized with the Yoast SEO Premium plugin v26.4 (Yoast SEO v27.2) - https:\/\/yoast.com\/product\/yoast-seo-premium-wordpress\/ -->\n<title>Growkit di funghi Marshmallow - Dutchmicrodosing<\/title>\n<meta name=\"description\" content=\"Marshmallow Shrooms Growkit XL \u00e8 un kit di una speciale variet\u00e0 di funghi ibridi e offre un&#039;esperienza di coltivazione unica. Per maggiori informazioni, clicca qui\" \/>\n<meta name=\"robots\" content=\"index, follow, max-snippet:-1, max-image-preview:large, max-video-preview:-1\" \/>\n<link rel=\"canonical\" href=\"https:\/\/dutchmicrodosing.com\/it\/funghi-allucinogeni\/kit-per-la-coltivazione-all-in-one\/marshmallow-shrooms-growkit\/\" \/>\n<meta property=\"og:locale\" content=\"it_IT\" \/>\n<meta property=\"og:type\" content=\"article\" \/>\n<meta property=\"og:title\" content=\"Growkit di funghi Marshmallow\" \/>\n<meta property=\"og:description\" content=\"Entra nel mondo del Growkit Marshmallow Shrooms! Questa particolare variet\u00e0 di funghi ibridi offre un&#039;esperienza di coltivazione unica e tutt&#039;altro che\" \/>\n<meta property=\"og:url\" content=\"https:\/\/dutchmicrodosing.com\/it\/funghi-allucinogeni\/kit-per-la-coltivazione-all-in-one\/marshmallow-shrooms-growkit\/\" \/>\n<meta property=\"og:site_name\" content=\"Dutchmicrodosing\" \/>\n<meta property=\"article:publisher\" content=\"https:\/\/www.facebook.com\/Dutchmicrodosingxp\/\" \/>\n<meta property=\"article:modified_time\" content=\"2025-08-19T09:07:38+00:00\" \/>\n<meta property=\"og:image\" content=\"https:\/\/dutchmicrodosing.com\/wp-content\/uploads\/2024\/10\/PHOTO-2024-10-22-14-26-20.jpg\" \/>\n\t<meta property=\"og:image:width\" content=\"1000\" \/>\n\t<meta property=\"og:image:height\" content=\"1000\" \/>\n\t<meta property=\"og:image:type\" content=\"image\/jpeg\" \/>\n<meta name=\"twitter:card\" content=\"summary_large_image\" \/>\n<script type=\"application\/ld+json\" class=\"yoast-schema-graph\">{\"@context\":\"https:\/\/schema.org\",\"@graph\":[{\"@type\":\"WebPage\",\"@id\":\"https:\/\/dutchmicrodosing.com\/it\/funghi-allucinogeni\/kit-per-la-coltivazione-all-in-one\/marshmallow-shrooms-growkit\/\",\"url\":\"https:\/\/dutchmicrodosing.com\/it\/funghi-allucinogeni\/kit-per-la-coltivazione-all-in-one\/marshmallow-shrooms-growkit\/\",\"name\":\"Growkit di funghi Marshmallow - Dutchmicrodosing\",\"isPartOf\":{\"@id\":\"https:\/\/dutchmicrodosing.com\/it\/#website\"},\"primaryImageOfPage\":{\"@id\":\"https:\/\/dutchmicrodosing.com\/it\/funghi-allucinogeni\/kit-per-la-coltivazione-all-in-one\/marshmallow-shrooms-growkit\/#primaryimage\"},\"image\":{\"@id\":\"https:\/\/dutchmicrodosing.com\/it\/funghi-allucinogeni\/kit-per-la-coltivazione-all-in-one\/marshmallow-shrooms-growkit\/#primaryimage\"},\"thumbnailUrl\":\"https:\/\/dutchmicrodosing.com\/wp-content\/uploads\/2024\/10\/PHOTO-2024-10-22-14-26-20.jpg\",\"datePublished\":\"2024-10-26T10:41:24+00:00\",\"dateModified\":\"2025-08-19T09:07:38+00:00\",\"description\":\"Marshmallow Shrooms Growkit XL \u00e8 un kit di una speciale variet\u00e0 di funghi ibridi e offre un'esperienza di coltivazione unica. Per maggiori informazioni, clicca qui\",\"breadcrumb\":{\"@id\":\"https:\/\/dutchmicrodosing.com\/it\/funghi-allucinogeni\/kit-per-la-coltivazione-all-in-one\/marshmallow-shrooms-growkit\/#breadcrumb\"},\"inLanguage\":\"it-IT\",\"potentialAction\":[{\"@type\":\"ReadAction\",\"target\":[\"https:\/\/dutchmicrodosing.com\/it\/funghi-allucinogeni\/kit-per-la-coltivazione-all-in-one\/marshmallow-shrooms-growkit\/\"]}]},{\"@type\":\"ImageObject\",\"inLanguage\":\"it-IT\",\"@id\":\"https:\/\/dutchmicrodosing.com\/it\/funghi-allucinogeni\/kit-per-la-coltivazione-all-in-one\/marshmallow-shrooms-growkit\/#primaryimage\",\"url\":\"https:\/\/dutchmicrodosing.com\/wp-content\/uploads\/2024\/10\/PHOTO-2024-10-22-14-26-20.jpg\",\"contentUrl\":\"https:\/\/dutchmicrodosing.com\/wp-content\/uploads\/2024\/10\/PHOTO-2024-10-22-14-26-20.jpg\",\"width\":1000,\"height\":1000},{\"@type\":\"BreadcrumbList\",\"@id\":\"https:\/\/dutchmicrodosing.com\/it\/funghi-allucinogeni\/kit-per-la-coltivazione-all-in-one\/marshmallow-shrooms-growkit\/#breadcrumb\",\"itemListElement\":[{\"@type\":\"ListItem\",\"position\":1,\"name\":\"Home\",\"item\":\"https:\/\/dutchmicrodosing.com\/it\/\"},{\"@type\":\"ListItem\",\"position\":2,\"name\":\"Negozio\",\"item\":\"https:\/\/dutchmicrodosing.com\/it\/negozio\/\"},{\"@type\":\"ListItem\",\"position\":3,\"name\":\"Growkit di funghi Marshmallow\"}]},{\"@type\":\"WebSite\",\"@id\":\"https:\/\/dutchmicrodosing.com\/it\/#website\",\"url\":\"https:\/\/dutchmicrodosing.com\/it\/\",\"name\":\"Dutchmicrodosing\",\"description\":\"\",\"publisher\":{\"@id\":\"https:\/\/dutchmicrodosing.com\/it\/#organization\"},\"potentialAction\":[{\"@type\":\"SearchAction\",\"target\":{\"@type\":\"EntryPoint\",\"urlTemplate\":\"https:\/\/dutchmicrodosing.com\/it\/?s={search_term_string}\"},\"query-input\":{\"@type\":\"PropertyValueSpecification\",\"valueRequired\":true,\"valueName\":\"search_term_string\"}}],\"inLanguage\":\"it-IT\"},{\"@type\":\"Organization\",\"@id\":\"https:\/\/dutchmicrodosing.com\/it\/#organization\",\"name\":\"Dutchmicrodosing\",\"url\":\"https:\/\/dutchmicrodosing.com\/it\/\",\"logo\":{\"@type\":\"ImageObject\",\"inLanguage\":\"it-IT\",\"@id\":\"https:\/\/dutchmicrodosing.com\/it\/#\/schema\/logo\/image\/\",\"url\":\"https:\/\/dutchmicrodosing.com\/wp-content\/uploads\/2021\/01\/microdosing-categorie-pic-nieuw.jpg\",\"contentUrl\":\"https:\/\/dutchmicrodosing.com\/wp-content\/uploads\/2021\/01\/microdosing-categorie-pic-nieuw.jpg\",\"width\":500,\"height\":500,\"caption\":\"Dutchmicrodosing\"},\"image\":{\"@id\":\"https:\/\/dutchmicrodosing.com\/it\/#\/schema\/logo\/image\/\"},\"sameAs\":[\"https:\/\/www.facebook.com\/Dutchmicrodosingxp\/\",\"https:\/\/www.instagram.com\/dutchmicrodosing\/\"]}]}<\/script>\n<meta property=\"product:price:amount\" content=\"44.95\" \/>\n<meta property=\"product:price:currency\" content=\"EUR\" \/>\n<meta property=\"og:availability\" content=\"instock\" \/>\n<meta property=\"product:availability\" content=\"instock\" \/>\n<meta property=\"product:retailer_item_id\" content=\"4212194\" \/>\n<meta property=\"product:condition\" content=\"new\" \/>\n<!-- \/ Yoast SEO Premium plugin. -->","yoast_head_json":{"title":"Growkit di funghi Marshmallow - Dutchmicrodosing","description":"Marshmallow Shrooms Growkit XL \u00e8 un kit di una speciale variet\u00e0 di funghi ibridi e offre un'esperienza di coltivazione unica. Per maggiori informazioni, clicca qui","robots":{"index":"index","follow":"follow","max-snippet":"max-snippet:-1","max-image-preview":"max-image-preview:large","max-video-preview":"max-video-preview:-1"},"canonical":"https:\/\/dutchmicrodosing.com\/it\/funghi-allucinogeni\/kit-per-la-coltivazione-all-in-one\/marshmallow-shrooms-growkit\/","og_locale":"it_IT","og_type":"article","og_title":"Growkit di funghi Marshmallow","og_description":"Entra nel mondo del Growkit Marshmallow Shrooms! Questa particolare variet\u00e0 di funghi ibridi offre un'esperienza di coltivazione unica e tutt'altro che","og_url":"https:\/\/dutchmicrodosing.com\/it\/funghi-allucinogeni\/kit-per-la-coltivazione-all-in-one\/marshmallow-shrooms-growkit\/","og_site_name":"Dutchmicrodosing","article_publisher":"https:\/\/www.facebook.com\/Dutchmicrodosingxp\/","article_modified_time":"2025-08-19T09:07:38+00:00","og_image":[{"width":1000,"height":1000,"url":"https:\/\/dutchmicrodosing.com\/wp-content\/uploads\/2024\/10\/PHOTO-2024-10-22-14-26-20.jpg","type":"image\/jpeg"}],"twitter_card":"summary_large_image","schema":{"@context":"https:\/\/schema.org","@graph":[{"@type":"WebPage","@id":"https:\/\/dutchmicrodosing.com\/it\/funghi-allucinogeni\/kit-per-la-coltivazione-all-in-one\/marshmallow-shrooms-growkit\/","url":"https:\/\/dutchmicrodosing.com\/it\/funghi-allucinogeni\/kit-per-la-coltivazione-all-in-one\/marshmallow-shrooms-growkit\/","name":"Growkit di funghi Marshmallow - Dutchmicrodosing","isPartOf":{"@id":"https:\/\/dutchmicrodosing.com\/it\/#website"},"primaryImageOfPage":{"@id":"https:\/\/dutchmicrodosing.com\/it\/funghi-allucinogeni\/kit-per-la-coltivazione-all-in-one\/marshmallow-shrooms-growkit\/#primaryimage"},"image":{"@id":"https:\/\/dutchmicrodosing.com\/it\/funghi-allucinogeni\/kit-per-la-coltivazione-all-in-one\/marshmallow-shrooms-growkit\/#primaryimage"},"thumbnailUrl":"https:\/\/dutchmicrodosing.com\/wp-content\/uploads\/2024\/10\/PHOTO-2024-10-22-14-26-20.jpg","datePublished":"2024-10-26T10:41:24+00:00","dateModified":"2025-08-19T09:07:38+00:00","description":"Marshmallow Shrooms Growkit XL \u00e8 un kit di una speciale variet\u00e0 di funghi ibridi e offre un'esperienza di coltivazione unica. Per maggiori informazioni, clicca qui","breadcrumb":{"@id":"https:\/\/dutchmicrodosing.com\/it\/funghi-allucinogeni\/kit-per-la-coltivazione-all-in-one\/marshmallow-shrooms-growkit\/#breadcrumb"},"inLanguage":"it-IT","potentialAction":[{"@type":"ReadAction","target":["https:\/\/dutchmicrodosing.com\/it\/funghi-allucinogeni\/kit-per-la-coltivazione-all-in-one\/marshmallow-shrooms-growkit\/"]}]},{"@type":"ImageObject","inLanguage":"it-IT","@id":"https:\/\/dutchmicrodosing.com\/it\/funghi-allucinogeni\/kit-per-la-coltivazione-all-in-one\/marshmallow-shrooms-growkit\/#primaryimage","url":"https:\/\/dutchmicrodosing.com\/wp-content\/uploads\/2024\/10\/PHOTO-2024-10-22-14-26-20.jpg","contentUrl":"https:\/\/dutchmicrodosing.com\/wp-content\/uploads\/2024\/10\/PHOTO-2024-10-22-14-26-20.jpg","width":1000,"height":1000},{"@type":"BreadcrumbList","@id":"https:\/\/dutchmicrodosing.com\/it\/funghi-allucinogeni\/kit-per-la-coltivazione-all-in-one\/marshmallow-shrooms-growkit\/#breadcrumb","itemListElement":[{"@type":"ListItem","position":1,"name":"Home","item":"https:\/\/dutchmicrodosing.com\/it\/"},{"@type":"ListItem","position":2,"name":"Negozio","item":"https:\/\/dutchmicrodosing.com\/it\/negozio\/"},{"@type":"ListItem","position":3,"name":"Growkit di funghi Marshmallow"}]},{"@type":"WebSite","@id":"https:\/\/dutchmicrodosing.com\/it\/#website","url":"https:\/\/dutchmicrodosing.com\/it\/","name":"Dutchmicrodosing","description":"","publisher":{"@id":"https:\/\/dutchmicrodosing.com\/it\/#organization"},"potentialAction":[{"@type":"SearchAction","target":{"@type":"EntryPoint","urlTemplate":"https:\/\/dutchmicrodosing.com\/it\/?s={search_term_string}"},"query-input":{"@type":"PropertyValueSpecification","valueRequired":true,"valueName":"search_term_string"}}],"inLanguage":"it-IT"},{"@type":"Organization","@id":"https:\/\/dutchmicrodosing.com\/it\/#organization","name":"Dutchmicrodosing","url":"https:\/\/dutchmicrodosing.com\/it\/","logo":{"@type":"ImageObject","inLanguage":"it-IT","@id":"https:\/\/dutchmicrodosing.com\/it\/#\/schema\/logo\/image\/","url":"https:\/\/dutchmicrodosing.com\/wp-content\/uploads\/2021\/01\/microdosing-categorie-pic-nieuw.jpg","contentUrl":"https:\/\/dutchmicrodosing.com\/wp-content\/uploads\/2021\/01\/microdosing-categorie-pic-nieuw.jpg","width":500,"height":500,"caption":"Dutchmicrodosing"},"image":{"@id":"https:\/\/dutchmicrodosing.com\/it\/#\/schema\/logo\/image\/"},"sameAs":["https:\/\/www.facebook.com\/Dutchmicrodosingxp\/","https:\/\/www.instagram.com\/dutchmicrodosing\/"]}]},"product_price_amount":"44.95","product_price_currency":"EUR","og_availability":"instock","product_availability":"instock","product_retailer_item_id":"4212194","product_condition":"new"},"_links":{"self":[{"href":"https:\/\/dutchmicrodosing.com\/it\/wp-json\/wp\/v2\/product\/43654","targetHints":{"allow":["GET"]}}],"collection":[{"href":"https:\/\/dutchmicrodosing.com\/it\/wp-json\/wp\/v2\/product"}],"about":[{"href":"https:\/\/dutchmicrodosing.com\/it\/wp-json\/wp\/v2\/types\/product"}],"replies":[{"embeddable":true,"href":"https:\/\/dutchmicrodosing.com\/it\/wp-json\/wp\/v2\/comments?post=43654"}],"version-history":[{"count":0,"href":"https:\/\/dutchmicrodosing.com\/it\/wp-json\/wp\/v2\/product\/43654\/revisions"}],"wp:featuredmedia":[{"embeddable":true,"href":"https:\/\/dutchmicrodosing.com\/it\/wp-json\/wp\/v2\/media\/43346"}],"wp:attachment":[{"href":"https:\/\/dutchmicrodosing.com\/it\/wp-json\/wp\/v2\/media?parent=43654"}],"wp:term":[{"taxonomy":"product_brand","embeddable":true,"href":"https:\/\/dutchmicrodosing.com\/it\/wp-json\/wp\/v2\/product_brand?post=43654"},{"taxonomy":"product_cat","embeddable":true,"href":"https:\/\/dutchmicrodosing.com\/it\/wp-json\/wp\/v2\/product_cat?post=43654"},{"taxonomy":"product_tag","embeddable":true,"href":"https:\/\/dutchmicrodosing.com\/it\/wp-json\/wp\/v2\/product_tag?post=43654"}],"curies":[{"name":"wp","href":"https:\/\/api.w.org\/{rel}","templated":true}]}}