{"id":44646,"date":"2025-01-17T09:00:34","date_gmt":"2025-01-17T08:00:34","guid":{"rendered":"https:\/\/dutchmicrodosing.com\/shop\/senza-categoria\/leucitic-jmf-jedi-mind-fuck-liquid-culture-spuit\/"},"modified":"2025-12-14T04:01:24","modified_gmt":"2025-12-14T03:01:24","slug":"leucitic-jmf-jedi-mind-fuck-liquid-culture-spuit","status":"publish","type":"product","link":"https:\/\/dutchmicrodosing.com\/it\/spore-fungo\/siringhe-coltura-liquida\/leucitic-jmf-jedi-mind-fuck-liquid-culture-spuit\/","title":{"rendered":"Siringa per coltura liquida Leucitic JMF (Jedi Mind Fuck)"},"content":{"rendered":"<p>La <strong>siringa per coltura liquida Leucitic JMF (Jedi Mind Fuck)<\/strong> \u00e8 una speciale variante leucitica della popolare variet\u00e0 Jedi Mind Fuck. La perdita parziale di pigmento conferisce a questa variet\u00e0 un aspetto distintivo senza compromettere il vigore o la vigoria. \u00c8 la scelta migliore per chi cerca una variet\u00e0 affidabile con un carattere distintivo.<\/p>\n<h3>Caratteristiche<\/h3>\n<ul>\n<li>Ceppo: Psilocybe Cubensis Leucistic JMF<\/li>\n<li>Siringa sterile da 10 ml con coltura liquida ricca di sostanze nutritive<\/li>\n<li>Colonizzazione rapida ed efficiente di vari substrati<\/li>\n<li>Realizzato in condizioni di sterilit\u00e0 per la massima purezza<\/li>\n<li>Adatto sia ai principianti che ai coltivatori esperti<\/li>\n<li>Visivamente accattivante e dalle prestazioni robuste<\/li>\n<\/ul>\n<h3>Ingredienti e\/o composizione<\/h3>\n<ul>\n<li>10 ml di coltura liquida (micelio Leucistic JMF)<\/li>\n<li>1x ago sterile 18G<\/li>\n<li>1x salvietta alcolica<\/li>\n<\/ul>\n<h3>Utilizzo<\/h3>\n<ol>\n<li>Lascia che la siringa raggiunga la temperatura ambiente.<\/li>\n<li>Disinfetta la tua area di lavoro e la porta di iniezione della borsa o del vaso da coltivazione.<\/li>\n<li>Usa l \u201cago e il tampone ad alcool in dotazione per l\u201d inoculazione sterile.<\/li>\n<li>Iniettare 1-2 ml di coltura liquida nel substrato.<\/li>\n<li>Conservare in un luogo buio con una temperatura stabile tra i 20 e i 25\u00b0C.<\/li>\n<\/ol>\n<h3>Cosa ti serve per coltivare i funghi<\/h3>\n<ul>\n<li><strong>Cibo:<\/strong> cereali sterili come segale o mais.<\/li>\n<li><strong>Substrato:<\/strong> ad esempio, cocco, paglia o segatura (ben lavorata).<\/li>\n<li><strong>Coltura:<\/strong> questa coltura liquida o spore coltivate in casa.<\/li>\n<\/ul>\n<p>Assicurati sempre un&#8217;elevata umidit\u00e0 (ad esempio, tramite growbag o monotubo) e lavora in modo igienico. Usa un ago pulito per evitare contaminazioni.<\/p>\n<h3>Contenuto<\/h3>\n<ul>\n<li>1x 10 ml di coltura liquida Leucistic JMF<\/li>\n<li>1x ago sterile (18G)<\/li>\n<li>1x salvietta alcolica<\/li>\n<\/ul>\n<h3>Consigli per lo stoccaggio<\/h3>\n<p>Conservare a 2-8\u00b0C. Utilizzabile fino a 6 mesi se conservato correttamente. Tenere fuori dalla portata dei bambini.<\/p>\n","protected":false},"excerpt":{"rendered":"<p>La siringa per coltura liquida Leucitic JMF (Jedi Mind Fuck) \u00e8 una speciale variante leucitica della popolare variet\u00e0 Jedi Mind Fuck. La perdita parziale di pigmento conferisce a questa variet\u00e0 un aspetto distintivo senza compromettere il vigore o la vigoria. \u00c8 la scelta migliore per chi cerca una variet\u00e0 affidabile con un carattere distintivo. Caratteristiche [&hellip;]<\/p>\n","protected":false},"featured_media":46262,"comment_status":"closed","ping_status":"closed","template":"","meta":[],"product_brand":[],"product_cat":[357],"product_tag":[],"class_list":{"0":"post-44646","1":"product","2":"type-product","3":"status-publish","4":"has-post-thumbnail","6":"product_cat-siringhe-coltura-liquida","8":"first","9":"instock","10":"taxable","11":"shipping-taxable","12":"purchasable","13":"product-type-simple"},"yoast_head":"<!-- This site is optimized with the Yoast SEO Premium plugin v26.4 (Yoast SEO v27.4) - https:\/\/yoast.com\/product\/yoast-seo-premium-wordpress\/ -->\n<title>Siringa per coltura liquida Leucitic JMF (Jedi Mind Fuck) - Dutchmicrodosing<\/title>\n<meta name=\"description\" content=\"Siringa sterile per coltura liquida da 10 ml con micelio Leucistic JMF. Una variet\u00e0 di Psilocybe cubensis potente e di grande impatto visivo, ideale per la coltivazione...\" \/>\n<meta name=\"robots\" content=\"index, follow, max-snippet:-1, max-image-preview:large, max-video-preview:-1\" \/>\n<link rel=\"canonical\" href=\"https:\/\/dutchmicrodosing.com\/it\/spore-fungo\/siringhe-coltura-liquida\/leucitic-jmf-jedi-mind-fuck-liquid-culture-spuit\/\" \/>\n<meta property=\"og:locale\" content=\"it_IT\" \/>\n<meta property=\"og:type\" content=\"article\" \/>\n<meta property=\"og:title\" content=\"Siringa per coltura liquida Leucitic JMF (Jedi Mind Fuck)\" \/>\n<meta property=\"og:description\" content=\"La siringa per coltura liquida Leucitic JMF (Jedi Mind Fuck) \u00e8 una speciale variante leucitica della popolare variet\u00e0 Jedi Mind Fuck. La perdita parziale\" \/>\n<meta property=\"og:url\" content=\"https:\/\/dutchmicrodosing.com\/it\/spore-fungo\/siringhe-coltura-liquida\/leucitic-jmf-jedi-mind-fuck-liquid-culture-spuit\/\" \/>\n<meta property=\"og:site_name\" content=\"Dutchmicrodosing\" \/>\n<meta property=\"article:publisher\" content=\"https:\/\/www.facebook.com\/Dutchmicrodosingxp\/\" \/>\n<meta property=\"article:modified_time\" content=\"2025-12-14T03:01:24+00:00\" \/>\n<meta property=\"og:image\" content=\"https:\/\/dutchmicrodosing.com\/wp-content\/uploads\/2025\/01\/Philosophr-Liquid-culture-packaging-_2_.jpg\" \/>\n\t<meta property=\"og:image:width\" content=\"1512\" \/>\n\t<meta property=\"og:image:height\" content=\"1512\" \/>\n\t<meta property=\"og:image:type\" content=\"image\/jpeg\" \/>\n<meta name=\"twitter:card\" content=\"summary_large_image\" \/>\n<script type=\"application\/ld+json\" class=\"yoast-schema-graph\">{\"@context\":\"https:\\\/\\\/schema.org\",\"@graph\":[{\"@type\":\"WebPage\",\"@id\":\"https:\\\/\\\/dutchmicrodosing.com\\\/it\\\/spore-fungo\\\/siringhe-coltura-liquida\\\/leucitic-jmf-jedi-mind-fuck-liquid-culture-spuit\\\/\",\"url\":\"https:\\\/\\\/dutchmicrodosing.com\\\/it\\\/spore-fungo\\\/siringhe-coltura-liquida\\\/leucitic-jmf-jedi-mind-fuck-liquid-culture-spuit\\\/\",\"name\":\"Siringa per coltura liquida Leucitic JMF (Jedi Mind Fuck) - Dutchmicrodosing\",\"isPartOf\":{\"@id\":\"https:\\\/\\\/dutchmicrodosing.com\\\/it\\\/#website\"},\"primaryImageOfPage\":{\"@id\":\"https:\\\/\\\/dutchmicrodosing.com\\\/it\\\/spore-fungo\\\/siringhe-coltura-liquida\\\/leucitic-jmf-jedi-mind-fuck-liquid-culture-spuit\\\/#primaryimage\"},\"image\":{\"@id\":\"https:\\\/\\\/dutchmicrodosing.com\\\/it\\\/spore-fungo\\\/siringhe-coltura-liquida\\\/leucitic-jmf-jedi-mind-fuck-liquid-culture-spuit\\\/#primaryimage\"},\"thumbnailUrl\":\"https:\\\/\\\/dutchmicrodosing.com\\\/wp-content\\\/uploads\\\/2025\\\/01\\\/Philosophr-Liquid-culture-packaging-_2_.jpg\",\"datePublished\":\"2025-01-17T08:00:34+00:00\",\"dateModified\":\"2025-12-14T03:01:24+00:00\",\"description\":\"Siringa sterile per coltura liquida da 10 ml con micelio Leucistic JMF. Una variet\u00e0 di Psilocybe cubensis potente e di grande impatto visivo, ideale per la coltivazione...\",\"breadcrumb\":{\"@id\":\"https:\\\/\\\/dutchmicrodosing.com\\\/it\\\/spore-fungo\\\/siringhe-coltura-liquida\\\/leucitic-jmf-jedi-mind-fuck-liquid-culture-spuit\\\/#breadcrumb\"},\"inLanguage\":\"it-IT\",\"potentialAction\":[{\"@type\":\"ReadAction\",\"target\":[\"https:\\\/\\\/dutchmicrodosing.com\\\/it\\\/spore-fungo\\\/siringhe-coltura-liquida\\\/leucitic-jmf-jedi-mind-fuck-liquid-culture-spuit\\\/\"]}]},{\"@type\":\"ImageObject\",\"inLanguage\":\"it-IT\",\"@id\":\"https:\\\/\\\/dutchmicrodosing.com\\\/it\\\/spore-fungo\\\/siringhe-coltura-liquida\\\/leucitic-jmf-jedi-mind-fuck-liquid-culture-spuit\\\/#primaryimage\",\"url\":\"https:\\\/\\\/dutchmicrodosing.com\\\/wp-content\\\/uploads\\\/2025\\\/01\\\/Philosophr-Liquid-culture-packaging-_2_.jpg\",\"contentUrl\":\"https:\\\/\\\/dutchmicrodosing.com\\\/wp-content\\\/uploads\\\/2025\\\/01\\\/Philosophr-Liquid-culture-packaging-_2_.jpg\",\"width\":1512,\"height\":1512},{\"@type\":\"BreadcrumbList\",\"@id\":\"https:\\\/\\\/dutchmicrodosing.com\\\/it\\\/spore-fungo\\\/siringhe-coltura-liquida\\\/leucitic-jmf-jedi-mind-fuck-liquid-culture-spuit\\\/#breadcrumb\",\"itemListElement\":[{\"@type\":\"ListItem\",\"position\":1,\"name\":\"Home\",\"item\":\"https:\\\/\\\/dutchmicrodosing.com\\\/it\\\/\"},{\"@type\":\"ListItem\",\"position\":2,\"name\":\"Negozio\",\"item\":\"https:\\\/\\\/dutchmicrodosing.com\\\/it\\\/negozio\\\/\"},{\"@type\":\"ListItem\",\"position\":3,\"name\":\"Siringa per coltura liquida Leucitic JMF (Jedi Mind Fuck)\"}]},{\"@type\":\"WebSite\",\"@id\":\"https:\\\/\\\/dutchmicrodosing.com\\\/it\\\/#website\",\"url\":\"https:\\\/\\\/dutchmicrodosing.com\\\/it\\\/\",\"name\":\"Dutchmicrodosing\",\"description\":\"\",\"publisher\":{\"@id\":\"https:\\\/\\\/dutchmicrodosing.com\\\/it\\\/#organization\"},\"potentialAction\":[{\"@type\":\"SearchAction\",\"target\":{\"@type\":\"EntryPoint\",\"urlTemplate\":\"https:\\\/\\\/dutchmicrodosing.com\\\/it\\\/?s={search_term_string}\"},\"query-input\":{\"@type\":\"PropertyValueSpecification\",\"valueRequired\":true,\"valueName\":\"search_term_string\"}}],\"inLanguage\":\"it-IT\"},{\"@type\":\"Organization\",\"@id\":\"https:\\\/\\\/dutchmicrodosing.com\\\/it\\\/#organization\",\"name\":\"Dutchmicrodosing\",\"url\":\"https:\\\/\\\/dutchmicrodosing.com\\\/it\\\/\",\"logo\":{\"@type\":\"ImageObject\",\"inLanguage\":\"it-IT\",\"@id\":\"https:\\\/\\\/dutchmicrodosing.com\\\/it\\\/#\\\/schema\\\/logo\\\/image\\\/\",\"url\":\"https:\\\/\\\/dutchmicrodosing.com\\\/wp-content\\\/uploads\\\/2021\\\/01\\\/microdosing-categorie-pic-nieuw.jpg\",\"contentUrl\":\"https:\\\/\\\/dutchmicrodosing.com\\\/wp-content\\\/uploads\\\/2021\\\/01\\\/microdosing-categorie-pic-nieuw.jpg\",\"width\":500,\"height\":500,\"caption\":\"Dutchmicrodosing\"},\"image\":{\"@id\":\"https:\\\/\\\/dutchmicrodosing.com\\\/it\\\/#\\\/schema\\\/logo\\\/image\\\/\"},\"sameAs\":[\"https:\\\/\\\/www.facebook.com\\\/Dutchmicrodosingxp\\\/\",\"https:\\\/\\\/www.instagram.com\\\/dutchmicrodosing\\\/\"]}]}<\/script>\n<meta property=\"product:price:amount\" content=\"18.95\" \/>\n<meta property=\"product:price:currency\" content=\"EUR\" \/>\n<meta property=\"og:availability\" content=\"instock\" \/>\n<meta property=\"product:availability\" content=\"instock\" \/>\n<meta property=\"product:retailer_item_id\" content=\"5201477\" \/>\n<meta property=\"product:condition\" content=\"new\" \/>\n<!-- \/ Yoast SEO Premium plugin. -->","yoast_head_json":{"title":"Siringa per coltura liquida Leucitic JMF (Jedi Mind Fuck) - Dutchmicrodosing","description":"Siringa sterile per coltura liquida da 10 ml con micelio Leucistic JMF. Una variet\u00e0 di Psilocybe cubensis potente e di grande impatto visivo, ideale per la coltivazione...","robots":{"index":"index","follow":"follow","max-snippet":"max-snippet:-1","max-image-preview":"max-image-preview:large","max-video-preview":"max-video-preview:-1"},"canonical":"https:\/\/dutchmicrodosing.com\/it\/spore-fungo\/siringhe-coltura-liquida\/leucitic-jmf-jedi-mind-fuck-liquid-culture-spuit\/","og_locale":"it_IT","og_type":"article","og_title":"Siringa per coltura liquida Leucitic JMF (Jedi Mind Fuck)","og_description":"La siringa per coltura liquida Leucitic JMF (Jedi Mind Fuck) \u00e8 una speciale variante leucitica della popolare variet\u00e0 Jedi Mind Fuck. La perdita parziale","og_url":"https:\/\/dutchmicrodosing.com\/it\/spore-fungo\/siringhe-coltura-liquida\/leucitic-jmf-jedi-mind-fuck-liquid-culture-spuit\/","og_site_name":"Dutchmicrodosing","article_publisher":"https:\/\/www.facebook.com\/Dutchmicrodosingxp\/","article_modified_time":"2025-12-14T03:01:24+00:00","og_image":[{"width":1512,"height":1512,"url":"https:\/\/dutchmicrodosing.com\/wp-content\/uploads\/2025\/01\/Philosophr-Liquid-culture-packaging-_2_.jpg","type":"image\/jpeg"}],"twitter_card":"summary_large_image","schema":{"@context":"https:\/\/schema.org","@graph":[{"@type":"WebPage","@id":"https:\/\/dutchmicrodosing.com\/it\/spore-fungo\/siringhe-coltura-liquida\/leucitic-jmf-jedi-mind-fuck-liquid-culture-spuit\/","url":"https:\/\/dutchmicrodosing.com\/it\/spore-fungo\/siringhe-coltura-liquida\/leucitic-jmf-jedi-mind-fuck-liquid-culture-spuit\/","name":"Siringa per coltura liquida Leucitic JMF (Jedi Mind Fuck) - Dutchmicrodosing","isPartOf":{"@id":"https:\/\/dutchmicrodosing.com\/it\/#website"},"primaryImageOfPage":{"@id":"https:\/\/dutchmicrodosing.com\/it\/spore-fungo\/siringhe-coltura-liquida\/leucitic-jmf-jedi-mind-fuck-liquid-culture-spuit\/#primaryimage"},"image":{"@id":"https:\/\/dutchmicrodosing.com\/it\/spore-fungo\/siringhe-coltura-liquida\/leucitic-jmf-jedi-mind-fuck-liquid-culture-spuit\/#primaryimage"},"thumbnailUrl":"https:\/\/dutchmicrodosing.com\/wp-content\/uploads\/2025\/01\/Philosophr-Liquid-culture-packaging-_2_.jpg","datePublished":"2025-01-17T08:00:34+00:00","dateModified":"2025-12-14T03:01:24+00:00","description":"Siringa sterile per coltura liquida da 10 ml con micelio Leucistic JMF. Una variet\u00e0 di Psilocybe cubensis potente e di grande impatto visivo, ideale per la coltivazione...","breadcrumb":{"@id":"https:\/\/dutchmicrodosing.com\/it\/spore-fungo\/siringhe-coltura-liquida\/leucitic-jmf-jedi-mind-fuck-liquid-culture-spuit\/#breadcrumb"},"inLanguage":"it-IT","potentialAction":[{"@type":"ReadAction","target":["https:\/\/dutchmicrodosing.com\/it\/spore-fungo\/siringhe-coltura-liquida\/leucitic-jmf-jedi-mind-fuck-liquid-culture-spuit\/"]}]},{"@type":"ImageObject","inLanguage":"it-IT","@id":"https:\/\/dutchmicrodosing.com\/it\/spore-fungo\/siringhe-coltura-liquida\/leucitic-jmf-jedi-mind-fuck-liquid-culture-spuit\/#primaryimage","url":"https:\/\/dutchmicrodosing.com\/wp-content\/uploads\/2025\/01\/Philosophr-Liquid-culture-packaging-_2_.jpg","contentUrl":"https:\/\/dutchmicrodosing.com\/wp-content\/uploads\/2025\/01\/Philosophr-Liquid-culture-packaging-_2_.jpg","width":1512,"height":1512},{"@type":"BreadcrumbList","@id":"https:\/\/dutchmicrodosing.com\/it\/spore-fungo\/siringhe-coltura-liquida\/leucitic-jmf-jedi-mind-fuck-liquid-culture-spuit\/#breadcrumb","itemListElement":[{"@type":"ListItem","position":1,"name":"Home","item":"https:\/\/dutchmicrodosing.com\/it\/"},{"@type":"ListItem","position":2,"name":"Negozio","item":"https:\/\/dutchmicrodosing.com\/it\/negozio\/"},{"@type":"ListItem","position":3,"name":"Siringa per coltura liquida Leucitic JMF (Jedi Mind Fuck)"}]},{"@type":"WebSite","@id":"https:\/\/dutchmicrodosing.com\/it\/#website","url":"https:\/\/dutchmicrodosing.com\/it\/","name":"Dutchmicrodosing","description":"","publisher":{"@id":"https:\/\/dutchmicrodosing.com\/it\/#organization"},"potentialAction":[{"@type":"SearchAction","target":{"@type":"EntryPoint","urlTemplate":"https:\/\/dutchmicrodosing.com\/it\/?s={search_term_string}"},"query-input":{"@type":"PropertyValueSpecification","valueRequired":true,"valueName":"search_term_string"}}],"inLanguage":"it-IT"},{"@type":"Organization","@id":"https:\/\/dutchmicrodosing.com\/it\/#organization","name":"Dutchmicrodosing","url":"https:\/\/dutchmicrodosing.com\/it\/","logo":{"@type":"ImageObject","inLanguage":"it-IT","@id":"https:\/\/dutchmicrodosing.com\/it\/#\/schema\/logo\/image\/","url":"https:\/\/dutchmicrodosing.com\/wp-content\/uploads\/2021\/01\/microdosing-categorie-pic-nieuw.jpg","contentUrl":"https:\/\/dutchmicrodosing.com\/wp-content\/uploads\/2021\/01\/microdosing-categorie-pic-nieuw.jpg","width":500,"height":500,"caption":"Dutchmicrodosing"},"image":{"@id":"https:\/\/dutchmicrodosing.com\/it\/#\/schema\/logo\/image\/"},"sameAs":["https:\/\/www.facebook.com\/Dutchmicrodosingxp\/","https:\/\/www.instagram.com\/dutchmicrodosing\/"]}]},"product_price_amount":"18.95","product_price_currency":"EUR","og_availability":"instock","product_availability":"instock","product_retailer_item_id":"5201477","product_condition":"new"},"_links":{"self":[{"href":"https:\/\/dutchmicrodosing.com\/it\/wp-json\/wp\/v2\/product\/44646","targetHints":{"allow":["GET"]}}],"collection":[{"href":"https:\/\/dutchmicrodosing.com\/it\/wp-json\/wp\/v2\/product"}],"about":[{"href":"https:\/\/dutchmicrodosing.com\/it\/wp-json\/wp\/v2\/types\/product"}],"replies":[{"embeddable":true,"href":"https:\/\/dutchmicrodosing.com\/it\/wp-json\/wp\/v2\/comments?post=44646"}],"version-history":[{"count":0,"href":"https:\/\/dutchmicrodosing.com\/it\/wp-json\/wp\/v2\/product\/44646\/revisions"}],"wp:featuredmedia":[{"embeddable":true,"href":"https:\/\/dutchmicrodosing.com\/it\/wp-json\/wp\/v2\/media\/46262"}],"wp:attachment":[{"href":"https:\/\/dutchmicrodosing.com\/it\/wp-json\/wp\/v2\/media?parent=44646"}],"wp:term":[{"taxonomy":"product_brand","embeddable":true,"href":"https:\/\/dutchmicrodosing.com\/it\/wp-json\/wp\/v2\/product_brand?post=44646"},{"taxonomy":"product_cat","embeddable":true,"href":"https:\/\/dutchmicrodosing.com\/it\/wp-json\/wp\/v2\/product_cat?post=44646"},{"taxonomy":"product_tag","embeddable":true,"href":"https:\/\/dutchmicrodosing.com\/it\/wp-json\/wp\/v2\/product_tag?post=44646"}],"curies":[{"name":"wp","href":"https:\/\/api.w.org\/{rel}","templated":true}]}}