{"id":44651,"date":"2025-01-17T08:48:13","date_gmt":"2025-01-17T07:48:13","guid":{"rendered":"https:\/\/dutchmicrodosing.com\/shop\/senza-categoria\/hillbilly-pumpkin-liquid-culture-spuit\/"},"modified":"2025-09-19T20:57:39","modified_gmt":"2025-09-19T18:57:39","slug":"hillbilly-pumpkin-liquid-culture-spuit","status":"publish","type":"product","link":"https:\/\/dutchmicrodosing.com\/it\/spore-fungo\/siringhe-coltura-liquida\/hillbilly-pumpkin-liquid-culture-spuit\/","title":{"rendered":"Siringa di coltura liquida Hillbilly Pumpkin"},"content":{"rendered":"<p>La <strong>Psilocybe Cubensis Hillbilly Pumpkin<\/strong> \u00e8 una variet\u00e0 speciale che si distingue per i suoi caratteristici cappelli color zucca e per l&#8217;impressionante vigore. Questa variet\u00e0 \u00e8 amata sia dai coltivatori che dai ricercatori per il suo forte micelio e la sua capacit\u00e0 di adattarsi a diverse condizioni.<\/p>\n<p>La <strong>siringa per coltura liquida Hillbilly Pumpkin da 10 ml<\/strong> \u00e8 stata accuratamente preparata in modo sterile, per garantire la purezza e ridurre al minimo il rischio di contaminazione. Ideale sia per i principianti che per i coltivatori esperti, questa coltura fornisce una solida base per una coltivazione di successo. Grazie alla sua rapida crescita miceliare e all&#8217;ampia compatibilit\u00e0 con diversi substrati, la Hillbilly Pumpkin \u00e8 una scelta eccellente per qualsiasi progetto di coltivazione.<\/p>\n<h3>Caratteristiche principali<\/h3>\n<ul>\n<li>Stelo: Psilocybe Cubensis Hillbilly Pumpkin &#8211; uno stelo robusto con cappelli color zucca.<\/li>\n<li>Volume: siringa sterile da 10 ml con coltura liquida ricca di nutrienti.<\/li>\n<li>Purezza:<strong> isolato professionalmente<\/strong> e sterile per garantire una crescita costante e affidabile.<\/li>\n<\/ul>\n<h3>Cosa ti serve per coltivare i funghi<\/h3>\n<ol>\n<li>Grano (alimento): I funghi hanno bisogno di una fonte di nutrienti per crescere. Spesso si utilizzano cereali come la segale o il mais, perch\u00e9 sono ricchi di carboidrati e altri nutrienti essenziali per la crescita del micelio (la struttura radicale del fungo).<\/li>\n<li>Substrato (terreno): Il substrato fornisce un supporto fisico al micelio e favorisce la ritenzione idrica. Pu\u00f2 trattarsi di legno, paglia, segatura o qualsiasi altro materiale organico in cui il micelio possa crescere. Il substrato deve essere sterile o ben trattato per evitare batteri e funghi indesiderati.<\/li>\n<li>Coltura (il micelio o le spore): \u00c8 la base biologica del fungo. Il micelio \u00e8 la forma vegetativa del fungo e cresce attraverso il substrato per formare il fungo. Pu\u00f2 essere acquistata come &#8220;coltura liquida&#8221; o coltivata in casa a partire dalle spore. (si consiglia la coltura liquida)<\/li>\n<li>Con questi tre componenti puoi coltivare i funghi, a seconda del tipo che vuoi coltivare.<\/li>\n<\/ol>\n<h3>Umidit\u00e0 e igiene<\/h3>\n<p>Il processo richiede un attento controllo di fattori quali temperatura, umidit\u00e0 e igiene per ottenere un raccolto di successo.<\/p>\n<p><strong>Umidit\u00e0: <\/strong>l&#8217;umidit\u00e0 viene mantenuta coltivando i funghi in un sacchetto o in un monotubo. In questo modo il substrato rimane umido, il che \u00e8 importante per la crescita dei funghi.<\/p>\n<p><strong>Igiene: <\/strong>per evitare la contaminazione, lavoriamo con una porta di iniezione sui sacchetti. In questo modo \u00e8 facile iniettare il micelio (i &#8220;semi&#8221; del fungo) nel sacchetto senza dover ricorrere a una camera bianca speciale. I clienti devono utilizzare solo un ago pulito per garantire l&#8217;igiene.<\/p>\n<h3>Contenuto<\/h3>\n<ul>\n<li>1x siringa sterile da 10ml contenente la coltura liquida Hillbilly Pumpkin.<\/li>\n<li>1x ago sterile calibro 18 per facilitare l&#8217;inoculazione.<\/li>\n<li>1x Tampone di preparazione all&#8217;alcol per una manipolazione sterile.<\/li>\n<\/ul>\n<h3>Consigli per lo stoccaggio<\/h3>\n<p>Conservare in frigorifero a 2-8\u00b0C per garantire la vitalit\u00e0. Se conservati correttamente, rimangono utilizzabili fino a 6 mesi. Tenere fuori dalla portata dei bambini.<\/p>\n","protected":false},"excerpt":{"rendered":"<p>La Psilocybe Cubensis Hillbilly Pumpkin \u00e8 una variet\u00e0 speciale che si distingue per i suoi caratteristici cappelli color zucca e per l&#8217;impressionante vigore. Questa variet\u00e0 \u00e8 amata sia dai coltivatori che dai ricercatori per il suo forte micelio e la sua capacit\u00e0 di adattarsi a diverse condizioni. La siringa per coltura liquida Hillbilly Pumpkin da [&hellip;]<\/p>\n","protected":false},"featured_media":46262,"comment_status":"closed","ping_status":"closed","template":"","meta":[],"product_brand":[],"product_cat":[357],"product_tag":[],"class_list":{"0":"post-44651","1":"product","2":"type-product","3":"status-publish","4":"has-post-thumbnail","6":"product_cat-siringhe-coltura-liquida","8":"first","9":"instock","10":"taxable","11":"shipping-taxable","12":"purchasable","13":"product-type-simple"},"yoast_head":"<!-- This site is optimized with the Yoast SEO Premium plugin v26.4 (Yoast SEO v27.2) - https:\/\/yoast.com\/product\/yoast-seo-premium-wordpress\/ -->\n<title>Siringa di coltura liquida Hillbilly Pumpkin - Dutchmicrodosing<\/title>\n<meta name=\"robots\" content=\"index, follow, max-snippet:-1, max-image-preview:large, max-video-preview:-1\" \/>\n<link rel=\"canonical\" href=\"https:\/\/dutchmicrodosing.com\/it\/spore-fungo\/siringhe-coltura-liquida\/hillbilly-pumpkin-liquid-culture-spuit\/\" \/>\n<meta property=\"og:locale\" content=\"it_IT\" \/>\n<meta property=\"og:type\" content=\"article\" \/>\n<meta property=\"og:title\" content=\"Siringa di coltura liquida Hillbilly Pumpkin\" \/>\n<meta property=\"og:description\" content=\"La Psilocybe Cubensis Hillbilly Pumpkin \u00e8 una variet\u00e0 speciale che si distingue per i suoi caratteristici cappelli color zucca e per l&#039;impressionante\" \/>\n<meta property=\"og:url\" content=\"https:\/\/dutchmicrodosing.com\/it\/spore-fungo\/siringhe-coltura-liquida\/hillbilly-pumpkin-liquid-culture-spuit\/\" \/>\n<meta property=\"og:site_name\" content=\"Dutchmicrodosing\" \/>\n<meta property=\"article:publisher\" content=\"https:\/\/www.facebook.com\/Dutchmicrodosingxp\/\" \/>\n<meta property=\"article:modified_time\" content=\"2025-09-19T18:57:39+00:00\" \/>\n<meta property=\"og:image\" content=\"https:\/\/dutchmicrodosing.com\/wp-content\/uploads\/2025\/01\/Philosophr-Liquid-culture-packaging-_2_.jpg\" \/>\n\t<meta property=\"og:image:width\" content=\"1512\" \/>\n\t<meta property=\"og:image:height\" content=\"1512\" \/>\n\t<meta property=\"og:image:type\" content=\"image\/jpeg\" \/>\n<meta name=\"twitter:card\" content=\"summary_large_image\" \/>\n<script type=\"application\/ld+json\" class=\"yoast-schema-graph\">{\"@context\":\"https:\/\/schema.org\",\"@graph\":[{\"@type\":\"WebPage\",\"@id\":\"https:\/\/dutchmicrodosing.com\/it\/spore-fungo\/siringhe-coltura-liquida\/hillbilly-pumpkin-liquid-culture-spuit\/\",\"url\":\"https:\/\/dutchmicrodosing.com\/it\/spore-fungo\/siringhe-coltura-liquida\/hillbilly-pumpkin-liquid-culture-spuit\/\",\"name\":\"Siringa di coltura liquida Hillbilly Pumpkin - Dutchmicrodosing\",\"isPartOf\":{\"@id\":\"https:\/\/dutchmicrodosing.com\/it\/#website\"},\"primaryImageOfPage\":{\"@id\":\"https:\/\/dutchmicrodosing.com\/it\/spore-fungo\/siringhe-coltura-liquida\/hillbilly-pumpkin-liquid-culture-spuit\/#primaryimage\"},\"image\":{\"@id\":\"https:\/\/dutchmicrodosing.com\/it\/spore-fungo\/siringhe-coltura-liquida\/hillbilly-pumpkin-liquid-culture-spuit\/#primaryimage\"},\"thumbnailUrl\":\"https:\/\/dutchmicrodosing.com\/wp-content\/uploads\/2025\/01\/Philosophr-Liquid-culture-packaging-_2_.jpg\",\"datePublished\":\"2025-01-17T07:48:13+00:00\",\"dateModified\":\"2025-09-19T18:57:39+00:00\",\"breadcrumb\":{\"@id\":\"https:\/\/dutchmicrodosing.com\/it\/spore-fungo\/siringhe-coltura-liquida\/hillbilly-pumpkin-liquid-culture-spuit\/#breadcrumb\"},\"inLanguage\":\"it-IT\",\"potentialAction\":[{\"@type\":\"ReadAction\",\"target\":[\"https:\/\/dutchmicrodosing.com\/it\/spore-fungo\/siringhe-coltura-liquida\/hillbilly-pumpkin-liquid-culture-spuit\/\"]}]},{\"@type\":\"ImageObject\",\"inLanguage\":\"it-IT\",\"@id\":\"https:\/\/dutchmicrodosing.com\/it\/spore-fungo\/siringhe-coltura-liquida\/hillbilly-pumpkin-liquid-culture-spuit\/#primaryimage\",\"url\":\"https:\/\/dutchmicrodosing.com\/wp-content\/uploads\/2025\/01\/Philosophr-Liquid-culture-packaging-_2_.jpg\",\"contentUrl\":\"https:\/\/dutchmicrodosing.com\/wp-content\/uploads\/2025\/01\/Philosophr-Liquid-culture-packaging-_2_.jpg\",\"width\":1512,\"height\":1512},{\"@type\":\"BreadcrumbList\",\"@id\":\"https:\/\/dutchmicrodosing.com\/it\/spore-fungo\/siringhe-coltura-liquida\/hillbilly-pumpkin-liquid-culture-spuit\/#breadcrumb\",\"itemListElement\":[{\"@type\":\"ListItem\",\"position\":1,\"name\":\"Home\",\"item\":\"https:\/\/dutchmicrodosing.com\/it\/\"},{\"@type\":\"ListItem\",\"position\":2,\"name\":\"Negozio\",\"item\":\"https:\/\/dutchmicrodosing.com\/it\/negozio\/\"},{\"@type\":\"ListItem\",\"position\":3,\"name\":\"Siringa di coltura liquida Hillbilly Pumpkin\"}]},{\"@type\":\"WebSite\",\"@id\":\"https:\/\/dutchmicrodosing.com\/it\/#website\",\"url\":\"https:\/\/dutchmicrodosing.com\/it\/\",\"name\":\"Dutchmicrodosing\",\"description\":\"\",\"publisher\":{\"@id\":\"https:\/\/dutchmicrodosing.com\/it\/#organization\"},\"potentialAction\":[{\"@type\":\"SearchAction\",\"target\":{\"@type\":\"EntryPoint\",\"urlTemplate\":\"https:\/\/dutchmicrodosing.com\/it\/?s={search_term_string}\"},\"query-input\":{\"@type\":\"PropertyValueSpecification\",\"valueRequired\":true,\"valueName\":\"search_term_string\"}}],\"inLanguage\":\"it-IT\"},{\"@type\":\"Organization\",\"@id\":\"https:\/\/dutchmicrodosing.com\/it\/#organization\",\"name\":\"Dutchmicrodosing\",\"url\":\"https:\/\/dutchmicrodosing.com\/it\/\",\"logo\":{\"@type\":\"ImageObject\",\"inLanguage\":\"it-IT\",\"@id\":\"https:\/\/dutchmicrodosing.com\/it\/#\/schema\/logo\/image\/\",\"url\":\"https:\/\/dutchmicrodosing.com\/wp-content\/uploads\/2021\/01\/microdosing-categorie-pic-nieuw.jpg\",\"contentUrl\":\"https:\/\/dutchmicrodosing.com\/wp-content\/uploads\/2021\/01\/microdosing-categorie-pic-nieuw.jpg\",\"width\":500,\"height\":500,\"caption\":\"Dutchmicrodosing\"},\"image\":{\"@id\":\"https:\/\/dutchmicrodosing.com\/it\/#\/schema\/logo\/image\/\"},\"sameAs\":[\"https:\/\/www.facebook.com\/Dutchmicrodosingxp\/\",\"https:\/\/www.instagram.com\/dutchmicrodosing\/\"]}]}<\/script>\n<meta property=\"product:price:amount\" content=\"18.95\" \/>\n<meta property=\"product:price:currency\" content=\"EUR\" \/>\n<meta property=\"og:availability\" content=\"instock\" \/>\n<meta property=\"product:availability\" content=\"instock\" \/>\n<meta property=\"product:retailer_item_id\" content=\"5201119\" \/>\n<meta property=\"product:condition\" content=\"new\" \/>\n<!-- \/ Yoast SEO Premium plugin. -->","yoast_head_json":{"title":"Siringa di coltura liquida Hillbilly Pumpkin - Dutchmicrodosing","robots":{"index":"index","follow":"follow","max-snippet":"max-snippet:-1","max-image-preview":"max-image-preview:large","max-video-preview":"max-video-preview:-1"},"canonical":"https:\/\/dutchmicrodosing.com\/it\/spore-fungo\/siringhe-coltura-liquida\/hillbilly-pumpkin-liquid-culture-spuit\/","og_locale":"it_IT","og_type":"article","og_title":"Siringa di coltura liquida Hillbilly Pumpkin","og_description":"La Psilocybe Cubensis Hillbilly Pumpkin \u00e8 una variet\u00e0 speciale che si distingue per i suoi caratteristici cappelli color zucca e per l'impressionante","og_url":"https:\/\/dutchmicrodosing.com\/it\/spore-fungo\/siringhe-coltura-liquida\/hillbilly-pumpkin-liquid-culture-spuit\/","og_site_name":"Dutchmicrodosing","article_publisher":"https:\/\/www.facebook.com\/Dutchmicrodosingxp\/","article_modified_time":"2025-09-19T18:57:39+00:00","og_image":[{"width":1512,"height":1512,"url":"https:\/\/dutchmicrodosing.com\/wp-content\/uploads\/2025\/01\/Philosophr-Liquid-culture-packaging-_2_.jpg","type":"image\/jpeg"}],"twitter_card":"summary_large_image","schema":{"@context":"https:\/\/schema.org","@graph":[{"@type":"WebPage","@id":"https:\/\/dutchmicrodosing.com\/it\/spore-fungo\/siringhe-coltura-liquida\/hillbilly-pumpkin-liquid-culture-spuit\/","url":"https:\/\/dutchmicrodosing.com\/it\/spore-fungo\/siringhe-coltura-liquida\/hillbilly-pumpkin-liquid-culture-spuit\/","name":"Siringa di coltura liquida Hillbilly Pumpkin - Dutchmicrodosing","isPartOf":{"@id":"https:\/\/dutchmicrodosing.com\/it\/#website"},"primaryImageOfPage":{"@id":"https:\/\/dutchmicrodosing.com\/it\/spore-fungo\/siringhe-coltura-liquida\/hillbilly-pumpkin-liquid-culture-spuit\/#primaryimage"},"image":{"@id":"https:\/\/dutchmicrodosing.com\/it\/spore-fungo\/siringhe-coltura-liquida\/hillbilly-pumpkin-liquid-culture-spuit\/#primaryimage"},"thumbnailUrl":"https:\/\/dutchmicrodosing.com\/wp-content\/uploads\/2025\/01\/Philosophr-Liquid-culture-packaging-_2_.jpg","datePublished":"2025-01-17T07:48:13+00:00","dateModified":"2025-09-19T18:57:39+00:00","breadcrumb":{"@id":"https:\/\/dutchmicrodosing.com\/it\/spore-fungo\/siringhe-coltura-liquida\/hillbilly-pumpkin-liquid-culture-spuit\/#breadcrumb"},"inLanguage":"it-IT","potentialAction":[{"@type":"ReadAction","target":["https:\/\/dutchmicrodosing.com\/it\/spore-fungo\/siringhe-coltura-liquida\/hillbilly-pumpkin-liquid-culture-spuit\/"]}]},{"@type":"ImageObject","inLanguage":"it-IT","@id":"https:\/\/dutchmicrodosing.com\/it\/spore-fungo\/siringhe-coltura-liquida\/hillbilly-pumpkin-liquid-culture-spuit\/#primaryimage","url":"https:\/\/dutchmicrodosing.com\/wp-content\/uploads\/2025\/01\/Philosophr-Liquid-culture-packaging-_2_.jpg","contentUrl":"https:\/\/dutchmicrodosing.com\/wp-content\/uploads\/2025\/01\/Philosophr-Liquid-culture-packaging-_2_.jpg","width":1512,"height":1512},{"@type":"BreadcrumbList","@id":"https:\/\/dutchmicrodosing.com\/it\/spore-fungo\/siringhe-coltura-liquida\/hillbilly-pumpkin-liquid-culture-spuit\/#breadcrumb","itemListElement":[{"@type":"ListItem","position":1,"name":"Home","item":"https:\/\/dutchmicrodosing.com\/it\/"},{"@type":"ListItem","position":2,"name":"Negozio","item":"https:\/\/dutchmicrodosing.com\/it\/negozio\/"},{"@type":"ListItem","position":3,"name":"Siringa di coltura liquida Hillbilly Pumpkin"}]},{"@type":"WebSite","@id":"https:\/\/dutchmicrodosing.com\/it\/#website","url":"https:\/\/dutchmicrodosing.com\/it\/","name":"Dutchmicrodosing","description":"","publisher":{"@id":"https:\/\/dutchmicrodosing.com\/it\/#organization"},"potentialAction":[{"@type":"SearchAction","target":{"@type":"EntryPoint","urlTemplate":"https:\/\/dutchmicrodosing.com\/it\/?s={search_term_string}"},"query-input":{"@type":"PropertyValueSpecification","valueRequired":true,"valueName":"search_term_string"}}],"inLanguage":"it-IT"},{"@type":"Organization","@id":"https:\/\/dutchmicrodosing.com\/it\/#organization","name":"Dutchmicrodosing","url":"https:\/\/dutchmicrodosing.com\/it\/","logo":{"@type":"ImageObject","inLanguage":"it-IT","@id":"https:\/\/dutchmicrodosing.com\/it\/#\/schema\/logo\/image\/","url":"https:\/\/dutchmicrodosing.com\/wp-content\/uploads\/2021\/01\/microdosing-categorie-pic-nieuw.jpg","contentUrl":"https:\/\/dutchmicrodosing.com\/wp-content\/uploads\/2021\/01\/microdosing-categorie-pic-nieuw.jpg","width":500,"height":500,"caption":"Dutchmicrodosing"},"image":{"@id":"https:\/\/dutchmicrodosing.com\/it\/#\/schema\/logo\/image\/"},"sameAs":["https:\/\/www.facebook.com\/Dutchmicrodosingxp\/","https:\/\/www.instagram.com\/dutchmicrodosing\/"]}]},"product_price_amount":"18.95","product_price_currency":"EUR","og_availability":"instock","product_availability":"instock","product_retailer_item_id":"5201119","product_condition":"new"},"_links":{"self":[{"href":"https:\/\/dutchmicrodosing.com\/it\/wp-json\/wp\/v2\/product\/44651","targetHints":{"allow":["GET"]}}],"collection":[{"href":"https:\/\/dutchmicrodosing.com\/it\/wp-json\/wp\/v2\/product"}],"about":[{"href":"https:\/\/dutchmicrodosing.com\/it\/wp-json\/wp\/v2\/types\/product"}],"replies":[{"embeddable":true,"href":"https:\/\/dutchmicrodosing.com\/it\/wp-json\/wp\/v2\/comments?post=44651"}],"version-history":[{"count":0,"href":"https:\/\/dutchmicrodosing.com\/it\/wp-json\/wp\/v2\/product\/44651\/revisions"}],"wp:featuredmedia":[{"embeddable":true,"href":"https:\/\/dutchmicrodosing.com\/it\/wp-json\/wp\/v2\/media\/46262"}],"wp:attachment":[{"href":"https:\/\/dutchmicrodosing.com\/it\/wp-json\/wp\/v2\/media?parent=44651"}],"wp:term":[{"taxonomy":"product_brand","embeddable":true,"href":"https:\/\/dutchmicrodosing.com\/it\/wp-json\/wp\/v2\/product_brand?post=44651"},{"taxonomy":"product_cat","embeddable":true,"href":"https:\/\/dutchmicrodosing.com\/it\/wp-json\/wp\/v2\/product_cat?post=44651"},{"taxonomy":"product_tag","embeddable":true,"href":"https:\/\/dutchmicrodosing.com\/it\/wp-json\/wp\/v2\/product_tag?post=44651"}],"curies":[{"name":"wp","href":"https:\/\/api.w.org\/{rel}","templated":true}]}}