{"id":44663,"date":"2025-01-17T09:12:36","date_gmt":"2025-01-17T08:12:36","guid":{"rendered":"https:\/\/dutchmicrodosing.com\/shop\/senza-categoria\/mac-galactic-liquid-culture-spuit\/"},"modified":"2025-12-14T04:01:24","modified_gmt":"2025-12-14T03:01:24","slug":"mac-galactic-liquid-culture-spuit","status":"publish","type":"product","link":"https:\/\/dutchmicrodosing.com\/it\/spore-fungo\/siringhe-coltura-liquida\/mac-galactic-liquid-culture-spuit\/","title":{"rendered":"Siringa per coltura liquida Mac Galactic"},"content":{"rendered":"<p>Con la <strong>siringa per coltura liquida Mac Galactic<\/strong> di Mystic Fungi puoi portare a casa tua una variet\u00e0 di Psilocybe cubensis di alta qualit\u00e0. Questa coltura liquida \u00e8 perfetta per i coltivatori accaniti che cercano una variet\u00e0 forte, affidabile e di grande impatto visivo. Grazie alla rapida colonizzazione e ai funghi sodi, questa variet\u00e0 d\u00e0 ottimi risultati.<\/p>\n<h3>Caratteristiche<\/h3>\n<ul>\n<li>Variet\u00e0 esotica e potente: Psilocybe cubensis Mac Galactic<\/li>\n<li>Contiene 10 ml di liquido sterile con micelio attivo<\/li>\n<li>Selezionato e coltivato in condizioni sterili per una purezza ottimale<\/li>\n<li>Ideale per l&#8217;uso in sacchi, vasi o altri ambienti di coltivazione<\/li>\n<li>Pronto all&#8217;uso, con ago e panno per la pulizia<\/li>\n<li>Adatto a tecniche o esperimenti avanzati<\/li>\n<\/ul>\n<h3>Ingredienti e\/o composizione<\/h3>\n<ul>\n<li>10 ml di coltura liquida di micelio Mac Galactic<\/li>\n<li>1x ago ipodermico sterile (18G)<\/li>\n<li>1x tampone di alcol per la disinfezione<\/li>\n<\/ul>\n<h3>Utilizzo<\/h3>\n<p>Garantire un ambiente di lavoro pulito e mani disinfettate.<\/p>\n<ol>\n<li>Lascia che la siringa raggiunga la temperatura ambiente.<\/li>\n<li>Pulisci la porta di iniezione del tuo substrato con il tampone di alcol.<\/li>\n<li>Attacca l&#8217;ago e inietta con attenzione 1-2 ml di liquido nel substrato.<\/li>\n<li>Tieni il substrato iniettato al caldo e al buio (tra i 20 e i 25\u00b0C) e lascia che il micelio faccia il suo lavoro.<\/li>\n<\/ol>\n<h3>Cosa ti serve per iniziare<\/h3>\n<ul>\n<li><strong>Mangime:<\/strong> cereali sterilizzati come segale o mais.<\/li>\n<li><strong>Substrato:<\/strong> una base che mantenga l&#8217;umidit\u00e0, come fibra di cocco, segatura o paglia.<\/li>\n<li><strong>Coltura:<\/strong> questa coltura liquida con micelio attivo<\/li>\n<\/ul>\n<p>Per un raccolto di successo, \u00e8 importante mantenere costantemente la giusta temperatura, umidit\u00e0 e igiene. Grazie alla porta di iniezione, puoi lavorare in modo semplice e sicuro senza una camera bianca separata.<\/p>\n<h3>Contenuto<\/h3>\n<ul>\n<li>1x siringa da 10ml con coltura liquida (Mac Galactic)<\/li>\n<li>1x ago sterile<\/li>\n<li>1x tampone ad alcool<\/li>\n<\/ul>\n<h3>Consigli per lo stoccaggio<\/h3>\n<p>Conserva in frigorifero (da 2 a 8\u00b0C). In questo modo la coltura rimane utilizzabile fino a 6 mesi. Tenere fuori dalla portata dei bambini.<\/p>\n","protected":false},"excerpt":{"rendered":"<p>Con la siringa per coltura liquida Mac Galactic di Mystic Fungi puoi portare a casa tua una variet\u00e0 di Psilocybe cubensis di alta qualit\u00e0. Questa coltura liquida \u00e8 perfetta per i coltivatori accaniti che cercano una variet\u00e0 forte, affidabile e di grande impatto visivo. Grazie alla rapida colonizzazione e ai funghi sodi, questa variet\u00e0 d\u00e0 [&hellip;]<\/p>\n","protected":false},"featured_media":46262,"comment_status":"closed","ping_status":"closed","template":"","meta":[],"product_brand":[],"product_cat":[357],"product_tag":[],"class_list":{"0":"post-44663","1":"product","2":"type-product","3":"status-publish","4":"has-post-thumbnail","6":"product_cat-siringhe-coltura-liquida","8":"first","9":"instock","10":"taxable","11":"shipping-taxable","12":"purchasable","13":"product-type-simple"},"yoast_head":"<!-- This site is optimized with the Yoast SEO Premium plugin v26.4 (Yoast SEO v27.2) - https:\/\/yoast.com\/product\/yoast-seo-premium-wordpress\/ -->\n<title>Siringa per coltura liquida Mac Galactic - Dutchmicrodosing<\/title>\n<meta name=\"description\" content=\"Coltura liquida di alta qualit\u00e0 di Mac Galactic per la coltura del paddock. Siringa sterile da 10 ml con ago e tampone di alcol - ideale per i coltivatori esperti...\" \/>\n<meta name=\"robots\" content=\"index, follow, max-snippet:-1, max-image-preview:large, max-video-preview:-1\" \/>\n<link rel=\"canonical\" href=\"https:\/\/dutchmicrodosing.com\/it\/spore-fungo\/siringhe-coltura-liquida\/mac-galactic-liquid-culture-spuit\/\" \/>\n<meta property=\"og:locale\" content=\"it_IT\" \/>\n<meta property=\"og:type\" content=\"article\" \/>\n<meta property=\"og:title\" content=\"Siringa per coltura liquida Mac Galactic\" \/>\n<meta property=\"og:description\" content=\"Con la siringa per coltura liquida Mac Galactic di Mystic Fungi puoi portare a casa tua una variet\u00e0 di Psilocybe cubensis di alta qualit\u00e0. Questa coltura\" \/>\n<meta property=\"og:url\" content=\"https:\/\/dutchmicrodosing.com\/it\/spore-fungo\/siringhe-coltura-liquida\/mac-galactic-liquid-culture-spuit\/\" \/>\n<meta property=\"og:site_name\" content=\"Dutchmicrodosing\" \/>\n<meta property=\"article:publisher\" content=\"https:\/\/www.facebook.com\/Dutchmicrodosingxp\/\" \/>\n<meta property=\"article:modified_time\" content=\"2025-12-14T03:01:24+00:00\" \/>\n<meta property=\"og:image\" content=\"https:\/\/dutchmicrodosing.com\/wp-content\/uploads\/2025\/01\/Philosophr-Liquid-culture-packaging-_2_.jpg\" \/>\n\t<meta property=\"og:image:width\" content=\"1512\" \/>\n\t<meta property=\"og:image:height\" content=\"1512\" \/>\n\t<meta property=\"og:image:type\" content=\"image\/jpeg\" \/>\n<meta name=\"twitter:card\" content=\"summary_large_image\" \/>\n<script type=\"application\/ld+json\" class=\"yoast-schema-graph\">{\"@context\":\"https:\/\/schema.org\",\"@graph\":[{\"@type\":\"WebPage\",\"@id\":\"https:\/\/dutchmicrodosing.com\/it\/spore-fungo\/siringhe-coltura-liquida\/mac-galactic-liquid-culture-spuit\/\",\"url\":\"https:\/\/dutchmicrodosing.com\/it\/spore-fungo\/siringhe-coltura-liquida\/mac-galactic-liquid-culture-spuit\/\",\"name\":\"Siringa per coltura liquida Mac Galactic - Dutchmicrodosing\",\"isPartOf\":{\"@id\":\"https:\/\/dutchmicrodosing.com\/it\/#website\"},\"primaryImageOfPage\":{\"@id\":\"https:\/\/dutchmicrodosing.com\/it\/spore-fungo\/siringhe-coltura-liquida\/mac-galactic-liquid-culture-spuit\/#primaryimage\"},\"image\":{\"@id\":\"https:\/\/dutchmicrodosing.com\/it\/spore-fungo\/siringhe-coltura-liquida\/mac-galactic-liquid-culture-spuit\/#primaryimage\"},\"thumbnailUrl\":\"https:\/\/dutchmicrodosing.com\/wp-content\/uploads\/2025\/01\/Philosophr-Liquid-culture-packaging-_2_.jpg\",\"datePublished\":\"2025-01-17T08:12:36+00:00\",\"dateModified\":\"2025-12-14T03:01:24+00:00\",\"description\":\"Coltura liquida di alta qualit\u00e0 di Mac Galactic per la coltura del paddock. Siringa sterile da 10 ml con ago e tampone di alcol - ideale per i coltivatori esperti...\",\"breadcrumb\":{\"@id\":\"https:\/\/dutchmicrodosing.com\/it\/spore-fungo\/siringhe-coltura-liquida\/mac-galactic-liquid-culture-spuit\/#breadcrumb\"},\"inLanguage\":\"it-IT\",\"potentialAction\":[{\"@type\":\"ReadAction\",\"target\":[\"https:\/\/dutchmicrodosing.com\/it\/spore-fungo\/siringhe-coltura-liquida\/mac-galactic-liquid-culture-spuit\/\"]}]},{\"@type\":\"ImageObject\",\"inLanguage\":\"it-IT\",\"@id\":\"https:\/\/dutchmicrodosing.com\/it\/spore-fungo\/siringhe-coltura-liquida\/mac-galactic-liquid-culture-spuit\/#primaryimage\",\"url\":\"https:\/\/dutchmicrodosing.com\/wp-content\/uploads\/2025\/01\/Philosophr-Liquid-culture-packaging-_2_.jpg\",\"contentUrl\":\"https:\/\/dutchmicrodosing.com\/wp-content\/uploads\/2025\/01\/Philosophr-Liquid-culture-packaging-_2_.jpg\",\"width\":1512,\"height\":1512},{\"@type\":\"BreadcrumbList\",\"@id\":\"https:\/\/dutchmicrodosing.com\/it\/spore-fungo\/siringhe-coltura-liquida\/mac-galactic-liquid-culture-spuit\/#breadcrumb\",\"itemListElement\":[{\"@type\":\"ListItem\",\"position\":1,\"name\":\"Home\",\"item\":\"https:\/\/dutchmicrodosing.com\/it\/\"},{\"@type\":\"ListItem\",\"position\":2,\"name\":\"Negozio\",\"item\":\"https:\/\/dutchmicrodosing.com\/it\/negozio\/\"},{\"@type\":\"ListItem\",\"position\":3,\"name\":\"Siringa per coltura liquida Mac Galactic\"}]},{\"@type\":\"WebSite\",\"@id\":\"https:\/\/dutchmicrodosing.com\/it\/#website\",\"url\":\"https:\/\/dutchmicrodosing.com\/it\/\",\"name\":\"Dutchmicrodosing\",\"description\":\"\",\"publisher\":{\"@id\":\"https:\/\/dutchmicrodosing.com\/it\/#organization\"},\"potentialAction\":[{\"@type\":\"SearchAction\",\"target\":{\"@type\":\"EntryPoint\",\"urlTemplate\":\"https:\/\/dutchmicrodosing.com\/it\/?s={search_term_string}\"},\"query-input\":{\"@type\":\"PropertyValueSpecification\",\"valueRequired\":true,\"valueName\":\"search_term_string\"}}],\"inLanguage\":\"it-IT\"},{\"@type\":\"Organization\",\"@id\":\"https:\/\/dutchmicrodosing.com\/it\/#organization\",\"name\":\"Dutchmicrodosing\",\"url\":\"https:\/\/dutchmicrodosing.com\/it\/\",\"logo\":{\"@type\":\"ImageObject\",\"inLanguage\":\"it-IT\",\"@id\":\"https:\/\/dutchmicrodosing.com\/it\/#\/schema\/logo\/image\/\",\"url\":\"https:\/\/dutchmicrodosing.com\/wp-content\/uploads\/2021\/01\/microdosing-categorie-pic-nieuw.jpg\",\"contentUrl\":\"https:\/\/dutchmicrodosing.com\/wp-content\/uploads\/2021\/01\/microdosing-categorie-pic-nieuw.jpg\",\"width\":500,\"height\":500,\"caption\":\"Dutchmicrodosing\"},\"image\":{\"@id\":\"https:\/\/dutchmicrodosing.com\/it\/#\/schema\/logo\/image\/\"},\"sameAs\":[\"https:\/\/www.facebook.com\/Dutchmicrodosingxp\/\",\"https:\/\/www.instagram.com\/dutchmicrodosing\/\"]}]}<\/script>\n<meta property=\"product:price:amount\" content=\"18.95\" \/>\n<meta property=\"product:price:currency\" content=\"EUR\" \/>\n<meta property=\"og:availability\" content=\"instock\" \/>\n<meta property=\"product:availability\" content=\"instock\" \/>\n<meta property=\"product:retailer_item_id\" content=\"5201613\" \/>\n<meta property=\"product:condition\" content=\"new\" \/>\n<!-- \/ Yoast SEO Premium plugin. -->","yoast_head_json":{"title":"Siringa per coltura liquida Mac Galactic - Dutchmicrodosing","description":"Coltura liquida di alta qualit\u00e0 di Mac Galactic per la coltura del paddock. Siringa sterile da 10 ml con ago e tampone di alcol - ideale per i coltivatori esperti...","robots":{"index":"index","follow":"follow","max-snippet":"max-snippet:-1","max-image-preview":"max-image-preview:large","max-video-preview":"max-video-preview:-1"},"canonical":"https:\/\/dutchmicrodosing.com\/it\/spore-fungo\/siringhe-coltura-liquida\/mac-galactic-liquid-culture-spuit\/","og_locale":"it_IT","og_type":"article","og_title":"Siringa per coltura liquida Mac Galactic","og_description":"Con la siringa per coltura liquida Mac Galactic di Mystic Fungi puoi portare a casa tua una variet\u00e0 di Psilocybe cubensis di alta qualit\u00e0. Questa coltura","og_url":"https:\/\/dutchmicrodosing.com\/it\/spore-fungo\/siringhe-coltura-liquida\/mac-galactic-liquid-culture-spuit\/","og_site_name":"Dutchmicrodosing","article_publisher":"https:\/\/www.facebook.com\/Dutchmicrodosingxp\/","article_modified_time":"2025-12-14T03:01:24+00:00","og_image":[{"width":1512,"height":1512,"url":"https:\/\/dutchmicrodosing.com\/wp-content\/uploads\/2025\/01\/Philosophr-Liquid-culture-packaging-_2_.jpg","type":"image\/jpeg"}],"twitter_card":"summary_large_image","schema":{"@context":"https:\/\/schema.org","@graph":[{"@type":"WebPage","@id":"https:\/\/dutchmicrodosing.com\/it\/spore-fungo\/siringhe-coltura-liquida\/mac-galactic-liquid-culture-spuit\/","url":"https:\/\/dutchmicrodosing.com\/it\/spore-fungo\/siringhe-coltura-liquida\/mac-galactic-liquid-culture-spuit\/","name":"Siringa per coltura liquida Mac Galactic - Dutchmicrodosing","isPartOf":{"@id":"https:\/\/dutchmicrodosing.com\/it\/#website"},"primaryImageOfPage":{"@id":"https:\/\/dutchmicrodosing.com\/it\/spore-fungo\/siringhe-coltura-liquida\/mac-galactic-liquid-culture-spuit\/#primaryimage"},"image":{"@id":"https:\/\/dutchmicrodosing.com\/it\/spore-fungo\/siringhe-coltura-liquida\/mac-galactic-liquid-culture-spuit\/#primaryimage"},"thumbnailUrl":"https:\/\/dutchmicrodosing.com\/wp-content\/uploads\/2025\/01\/Philosophr-Liquid-culture-packaging-_2_.jpg","datePublished":"2025-01-17T08:12:36+00:00","dateModified":"2025-12-14T03:01:24+00:00","description":"Coltura liquida di alta qualit\u00e0 di Mac Galactic per la coltura del paddock. Siringa sterile da 10 ml con ago e tampone di alcol - ideale per i coltivatori esperti...","breadcrumb":{"@id":"https:\/\/dutchmicrodosing.com\/it\/spore-fungo\/siringhe-coltura-liquida\/mac-galactic-liquid-culture-spuit\/#breadcrumb"},"inLanguage":"it-IT","potentialAction":[{"@type":"ReadAction","target":["https:\/\/dutchmicrodosing.com\/it\/spore-fungo\/siringhe-coltura-liquida\/mac-galactic-liquid-culture-spuit\/"]}]},{"@type":"ImageObject","inLanguage":"it-IT","@id":"https:\/\/dutchmicrodosing.com\/it\/spore-fungo\/siringhe-coltura-liquida\/mac-galactic-liquid-culture-spuit\/#primaryimage","url":"https:\/\/dutchmicrodosing.com\/wp-content\/uploads\/2025\/01\/Philosophr-Liquid-culture-packaging-_2_.jpg","contentUrl":"https:\/\/dutchmicrodosing.com\/wp-content\/uploads\/2025\/01\/Philosophr-Liquid-culture-packaging-_2_.jpg","width":1512,"height":1512},{"@type":"BreadcrumbList","@id":"https:\/\/dutchmicrodosing.com\/it\/spore-fungo\/siringhe-coltura-liquida\/mac-galactic-liquid-culture-spuit\/#breadcrumb","itemListElement":[{"@type":"ListItem","position":1,"name":"Home","item":"https:\/\/dutchmicrodosing.com\/it\/"},{"@type":"ListItem","position":2,"name":"Negozio","item":"https:\/\/dutchmicrodosing.com\/it\/negozio\/"},{"@type":"ListItem","position":3,"name":"Siringa per coltura liquida Mac Galactic"}]},{"@type":"WebSite","@id":"https:\/\/dutchmicrodosing.com\/it\/#website","url":"https:\/\/dutchmicrodosing.com\/it\/","name":"Dutchmicrodosing","description":"","publisher":{"@id":"https:\/\/dutchmicrodosing.com\/it\/#organization"},"potentialAction":[{"@type":"SearchAction","target":{"@type":"EntryPoint","urlTemplate":"https:\/\/dutchmicrodosing.com\/it\/?s={search_term_string}"},"query-input":{"@type":"PropertyValueSpecification","valueRequired":true,"valueName":"search_term_string"}}],"inLanguage":"it-IT"},{"@type":"Organization","@id":"https:\/\/dutchmicrodosing.com\/it\/#organization","name":"Dutchmicrodosing","url":"https:\/\/dutchmicrodosing.com\/it\/","logo":{"@type":"ImageObject","inLanguage":"it-IT","@id":"https:\/\/dutchmicrodosing.com\/it\/#\/schema\/logo\/image\/","url":"https:\/\/dutchmicrodosing.com\/wp-content\/uploads\/2021\/01\/microdosing-categorie-pic-nieuw.jpg","contentUrl":"https:\/\/dutchmicrodosing.com\/wp-content\/uploads\/2021\/01\/microdosing-categorie-pic-nieuw.jpg","width":500,"height":500,"caption":"Dutchmicrodosing"},"image":{"@id":"https:\/\/dutchmicrodosing.com\/it\/#\/schema\/logo\/image\/"},"sameAs":["https:\/\/www.facebook.com\/Dutchmicrodosingxp\/","https:\/\/www.instagram.com\/dutchmicrodosing\/"]}]},"product_price_amount":"18.95","product_price_currency":"EUR","og_availability":"instock","product_availability":"instock","product_retailer_item_id":"5201613","product_condition":"new"},"_links":{"self":[{"href":"https:\/\/dutchmicrodosing.com\/it\/wp-json\/wp\/v2\/product\/44663","targetHints":{"allow":["GET"]}}],"collection":[{"href":"https:\/\/dutchmicrodosing.com\/it\/wp-json\/wp\/v2\/product"}],"about":[{"href":"https:\/\/dutchmicrodosing.com\/it\/wp-json\/wp\/v2\/types\/product"}],"replies":[{"embeddable":true,"href":"https:\/\/dutchmicrodosing.com\/it\/wp-json\/wp\/v2\/comments?post=44663"}],"version-history":[{"count":0,"href":"https:\/\/dutchmicrodosing.com\/it\/wp-json\/wp\/v2\/product\/44663\/revisions"}],"wp:featuredmedia":[{"embeddable":true,"href":"https:\/\/dutchmicrodosing.com\/it\/wp-json\/wp\/v2\/media\/46262"}],"wp:attachment":[{"href":"https:\/\/dutchmicrodosing.com\/it\/wp-json\/wp\/v2\/media?parent=44663"}],"wp:term":[{"taxonomy":"product_brand","embeddable":true,"href":"https:\/\/dutchmicrodosing.com\/it\/wp-json\/wp\/v2\/product_brand?post=44663"},{"taxonomy":"product_cat","embeddable":true,"href":"https:\/\/dutchmicrodosing.com\/it\/wp-json\/wp\/v2\/product_cat?post=44663"},{"taxonomy":"product_tag","embeddable":true,"href":"https:\/\/dutchmicrodosing.com\/it\/wp-json\/wp\/v2\/product_tag?post=44663"}],"curies":[{"name":"wp","href":"https:\/\/api.w.org\/{rel}","templated":true}]}}