{"id":44940,"date":"2025-02-01T15:34:04","date_gmt":"2025-02-01T14:34:04","guid":{"rendered":"https:\/\/dutchmicrodosing.com\/shop\/senza-categoria\/absinth-60-caps\/"},"modified":"2025-09-05T09:30:16","modified_gmt":"2025-09-05T07:30:16","slug":"absinth-60-caps","status":"publish","type":"product","link":"https:\/\/dutchmicrodosing.com\/it\/negozio-di-salute\/integratori-relaxt\/absinth-60-caps\/","title":{"rendered":"Assenzio &#8211; 60 capsule"},"content":{"rendered":"<p>Le <strong>capsule di Assenzio di Indian Elements<\/strong> contengono estratti di assenzio (Artemisia Absinthium), che nel corso dei secoli ha acquisito uno status quasi mitico. Quest&#8217;erba \u00e8 conosciuta soprattutto per la famigerata bevanda alcolica Assenzio, popolare tra i pittori come Van Gogh. Oltre a stimolare la creativit\u00e0 ed eventualmente le allucinazioni, l&#8217;assenzio viene utilizzato anche per il suo effetto calmante e per favorire la digestione e l&#8217;appetito.<\/p>\n<p>L&#8217;assenzio \u00e8 originario di gran parte dell&#8217;Europa, compresi i Paesi Bassi, anche se qui \u00e8 piuttosto raro. Pu\u00f2 crescere fino a 120 cm di altezza, ha foglie grigiastre e fiori gialli durante la fioritura. L&#8217;erba dell&#8217;assenzio ha un sapore amaro noto per i suoi effetti benefici sul sistema gastrointestinale.<\/p>\n<p>La storia dell&#8217;assenzio risale all&#8217;antichit\u00e0, dove veniva utilizzato come rimedio generale per la salute. I romani e i pellegrini usavano quest&#8217;erba per prevenire il dolore ai piedi e le infezioni durante i lunghi viaggi. Nella storia moderna, l&#8217;erba \u00e8 conosciuta soprattutto come ingrediente della bevanda Assenzio, che fu vietata per un certo periodo a causa della presunta tossicit\u00e0 di Thujon. Queste affermazioni si sono poi rivelate infondate, ma le storie persistono.<\/p>\n<p>Indian Elements offre una serie di miscele di erbe e spezie, ognuna delle quali possiede propriet\u00e0 uniche. Le capsule di assenzio sono 100% naturali e vegane, da usare come rilassante o per stimolare la creativit\u00e0.<\/p>\n<h3>Attenzione:<\/h3>\n<ul>\n<li>Da utilizzare solo da parte di adulti di et\u00e0 superiore ai 18 anni.<\/li>\n<li>Tenere fuori dalla portata dei bambini.<\/li>\n<li>Non usare questo farmaco regolarmente.<\/li>\n<li>\u00c8 fortemente sconsigliato guidare un&#8217;auto sotto l&#8217;effetto dell&#8217;Assenzio.<\/li>\n<li>Se ne sconsiglia l&#8217;uso a persone con problemi renali o cardiaci, con livelli di pressione sanguigna elevati, con diabete o sotto l&#8217;effetto di farmaci o droghe.<\/li>\n<li>L&#8217;assenzio non \u00e8 un farmaco ma un integratore alimentare.<\/li>\n<\/ul>\n<h3>Contenuto<\/h3>\n<p>60 Capsule<\/p>\n","protected":false},"excerpt":{"rendered":"<p>Le capsule di Assenzio di Indian Elements contengono estratti di assenzio (Artemisia Absinthium), che nel corso dei secoli ha acquisito uno status quasi mitico. Quest&#8217;erba \u00e8 conosciuta soprattutto per la famigerata bevanda alcolica Assenzio, popolare tra i pittori come Van Gogh. Oltre a stimolare la creativit\u00e0 ed eventualmente le allucinazioni, l&#8217;assenzio viene utilizzato anche per [&hellip;]<\/p>\n","protected":false},"featured_media":44922,"comment_status":"closed","ping_status":"closed","template":"","meta":[],"product_brand":[],"product_cat":[304],"product_tag":[],"class_list":{"0":"post-44940","1":"product","2":"type-product","3":"status-publish","4":"has-post-thumbnail","6":"product_cat-integratori-relaxt","8":"first","9":"instock","10":"taxable","11":"shipping-taxable","12":"purchasable","13":"product-type-simple"},"yoast_head":"<!-- This site is optimized with the Yoast SEO Premium plugin v26.4 (Yoast SEO v27.2) - https:\/\/yoast.com\/product\/yoast-seo-premium-wordpress\/ -->\n<title>Assenzio - 60 capsule - Dutchmicrodosing<\/title>\n<meta name=\"robots\" content=\"index, follow, max-snippet:-1, max-image-preview:large, max-video-preview:-1\" \/>\n<link rel=\"canonical\" href=\"https:\/\/dutchmicrodosing.com\/it\/negozio-di-salute\/integratori-relaxt\/absinth-60-caps\/\" \/>\n<meta property=\"og:locale\" content=\"it_IT\" \/>\n<meta property=\"og:type\" content=\"article\" \/>\n<meta property=\"og:title\" content=\"Assenzio - 60 capsule\" \/>\n<meta property=\"og:description\" content=\"Le capsule di Assenzio di Indian Elements contengono estratti di assenzio (Artemisia Absinthium), che nel corso dei secoli ha acquisito uno status quasi\" \/>\n<meta property=\"og:url\" content=\"https:\/\/dutchmicrodosing.com\/it\/negozio-di-salute\/integratori-relaxt\/absinth-60-caps\/\" \/>\n<meta property=\"og:site_name\" content=\"Dutchmicrodosing\" \/>\n<meta property=\"article:publisher\" content=\"https:\/\/www.facebook.com\/Dutchmicrodosingxp\/\" \/>\n<meta property=\"article:modified_time\" content=\"2025-09-05T07:30:16+00:00\" \/>\n<meta property=\"og:image\" content=\"https:\/\/dutchmicrodosing.com\/wp-content\/uploads\/2025\/02\/package-absinth-1.png\" \/>\n\t<meta property=\"og:image:width\" content=\"1000\" \/>\n\t<meta property=\"og:image:height\" content=\"1000\" \/>\n\t<meta property=\"og:image:type\" content=\"image\/png\" \/>\n<meta name=\"twitter:card\" content=\"summary_large_image\" \/>\n<script type=\"application\/ld+json\" class=\"yoast-schema-graph\">{\"@context\":\"https:\/\/schema.org\",\"@graph\":[{\"@type\":\"WebPage\",\"@id\":\"https:\/\/dutchmicrodosing.com\/it\/negozio-di-salute\/integratori-relaxt\/absinth-60-caps\/\",\"url\":\"https:\/\/dutchmicrodosing.com\/it\/negozio-di-salute\/integratori-relaxt\/absinth-60-caps\/\",\"name\":\"Assenzio - 60 capsule - Dutchmicrodosing\",\"isPartOf\":{\"@id\":\"https:\/\/dutchmicrodosing.com\/it\/#website\"},\"primaryImageOfPage\":{\"@id\":\"https:\/\/dutchmicrodosing.com\/it\/negozio-di-salute\/integratori-relaxt\/absinth-60-caps\/#primaryimage\"},\"image\":{\"@id\":\"https:\/\/dutchmicrodosing.com\/it\/negozio-di-salute\/integratori-relaxt\/absinth-60-caps\/#primaryimage\"},\"thumbnailUrl\":\"https:\/\/dutchmicrodosing.com\/wp-content\/uploads\/2025\/02\/package-absinth-1.png\",\"datePublished\":\"2025-02-01T14:34:04+00:00\",\"dateModified\":\"2025-09-05T07:30:16+00:00\",\"breadcrumb\":{\"@id\":\"https:\/\/dutchmicrodosing.com\/it\/negozio-di-salute\/integratori-relaxt\/absinth-60-caps\/#breadcrumb\"},\"inLanguage\":\"it-IT\",\"potentialAction\":[{\"@type\":\"ReadAction\",\"target\":[\"https:\/\/dutchmicrodosing.com\/it\/negozio-di-salute\/integratori-relaxt\/absinth-60-caps\/\"]}]},{\"@type\":\"ImageObject\",\"inLanguage\":\"it-IT\",\"@id\":\"https:\/\/dutchmicrodosing.com\/it\/negozio-di-salute\/integratori-relaxt\/absinth-60-caps\/#primaryimage\",\"url\":\"https:\/\/dutchmicrodosing.com\/wp-content\/uploads\/2025\/02\/package-absinth-1.png\",\"contentUrl\":\"https:\/\/dutchmicrodosing.com\/wp-content\/uploads\/2025\/02\/package-absinth-1.png\",\"width\":1000,\"height\":1000},{\"@type\":\"BreadcrumbList\",\"@id\":\"https:\/\/dutchmicrodosing.com\/it\/negozio-di-salute\/integratori-relaxt\/absinth-60-caps\/#breadcrumb\",\"itemListElement\":[{\"@type\":\"ListItem\",\"position\":1,\"name\":\"Home\",\"item\":\"https:\/\/dutchmicrodosing.com\/it\/\"},{\"@type\":\"ListItem\",\"position\":2,\"name\":\"Negozio\",\"item\":\"https:\/\/dutchmicrodosing.com\/it\/negozio\/\"},{\"@type\":\"ListItem\",\"position\":3,\"name\":\"Assenzio &#8211; 60 capsule\"}]},{\"@type\":\"WebSite\",\"@id\":\"https:\/\/dutchmicrodosing.com\/it\/#website\",\"url\":\"https:\/\/dutchmicrodosing.com\/it\/\",\"name\":\"Dutchmicrodosing\",\"description\":\"\",\"publisher\":{\"@id\":\"https:\/\/dutchmicrodosing.com\/it\/#organization\"},\"potentialAction\":[{\"@type\":\"SearchAction\",\"target\":{\"@type\":\"EntryPoint\",\"urlTemplate\":\"https:\/\/dutchmicrodosing.com\/it\/?s={search_term_string}\"},\"query-input\":{\"@type\":\"PropertyValueSpecification\",\"valueRequired\":true,\"valueName\":\"search_term_string\"}}],\"inLanguage\":\"it-IT\"},{\"@type\":\"Organization\",\"@id\":\"https:\/\/dutchmicrodosing.com\/it\/#organization\",\"name\":\"Dutchmicrodosing\",\"url\":\"https:\/\/dutchmicrodosing.com\/it\/\",\"logo\":{\"@type\":\"ImageObject\",\"inLanguage\":\"it-IT\",\"@id\":\"https:\/\/dutchmicrodosing.com\/it\/#\/schema\/logo\/image\/\",\"url\":\"https:\/\/dutchmicrodosing.com\/wp-content\/uploads\/2021\/01\/microdosing-categorie-pic-nieuw.jpg\",\"contentUrl\":\"https:\/\/dutchmicrodosing.com\/wp-content\/uploads\/2021\/01\/microdosing-categorie-pic-nieuw.jpg\",\"width\":500,\"height\":500,\"caption\":\"Dutchmicrodosing\"},\"image\":{\"@id\":\"https:\/\/dutchmicrodosing.com\/it\/#\/schema\/logo\/image\/\"},\"sameAs\":[\"https:\/\/www.facebook.com\/Dutchmicrodosingxp\/\",\"https:\/\/www.instagram.com\/dutchmicrodosing\/\"]}]}<\/script>\n<meta property=\"product:price:amount\" content=\"11.95\" \/>\n<meta property=\"product:price:currency\" content=\"EUR\" \/>\n<meta property=\"og:availability\" content=\"instock\" \/>\n<meta property=\"product:availability\" content=\"instock\" \/>\n<meta property=\"product:retailer_item_id\" content=\"9109534\" \/>\n<meta property=\"product:condition\" content=\"new\" \/>\n<!-- \/ Yoast SEO Premium plugin. -->","yoast_head_json":{"title":"Assenzio - 60 capsule - Dutchmicrodosing","robots":{"index":"index","follow":"follow","max-snippet":"max-snippet:-1","max-image-preview":"max-image-preview:large","max-video-preview":"max-video-preview:-1"},"canonical":"https:\/\/dutchmicrodosing.com\/it\/negozio-di-salute\/integratori-relaxt\/absinth-60-caps\/","og_locale":"it_IT","og_type":"article","og_title":"Assenzio - 60 capsule","og_description":"Le capsule di Assenzio di Indian Elements contengono estratti di assenzio (Artemisia Absinthium), che nel corso dei secoli ha acquisito uno status quasi","og_url":"https:\/\/dutchmicrodosing.com\/it\/negozio-di-salute\/integratori-relaxt\/absinth-60-caps\/","og_site_name":"Dutchmicrodosing","article_publisher":"https:\/\/www.facebook.com\/Dutchmicrodosingxp\/","article_modified_time":"2025-09-05T07:30:16+00:00","og_image":[{"width":1000,"height":1000,"url":"https:\/\/dutchmicrodosing.com\/wp-content\/uploads\/2025\/02\/package-absinth-1.png","type":"image\/png"}],"twitter_card":"summary_large_image","schema":{"@context":"https:\/\/schema.org","@graph":[{"@type":"WebPage","@id":"https:\/\/dutchmicrodosing.com\/it\/negozio-di-salute\/integratori-relaxt\/absinth-60-caps\/","url":"https:\/\/dutchmicrodosing.com\/it\/negozio-di-salute\/integratori-relaxt\/absinth-60-caps\/","name":"Assenzio - 60 capsule - Dutchmicrodosing","isPartOf":{"@id":"https:\/\/dutchmicrodosing.com\/it\/#website"},"primaryImageOfPage":{"@id":"https:\/\/dutchmicrodosing.com\/it\/negozio-di-salute\/integratori-relaxt\/absinth-60-caps\/#primaryimage"},"image":{"@id":"https:\/\/dutchmicrodosing.com\/it\/negozio-di-salute\/integratori-relaxt\/absinth-60-caps\/#primaryimage"},"thumbnailUrl":"https:\/\/dutchmicrodosing.com\/wp-content\/uploads\/2025\/02\/package-absinth-1.png","datePublished":"2025-02-01T14:34:04+00:00","dateModified":"2025-09-05T07:30:16+00:00","breadcrumb":{"@id":"https:\/\/dutchmicrodosing.com\/it\/negozio-di-salute\/integratori-relaxt\/absinth-60-caps\/#breadcrumb"},"inLanguage":"it-IT","potentialAction":[{"@type":"ReadAction","target":["https:\/\/dutchmicrodosing.com\/it\/negozio-di-salute\/integratori-relaxt\/absinth-60-caps\/"]}]},{"@type":"ImageObject","inLanguage":"it-IT","@id":"https:\/\/dutchmicrodosing.com\/it\/negozio-di-salute\/integratori-relaxt\/absinth-60-caps\/#primaryimage","url":"https:\/\/dutchmicrodosing.com\/wp-content\/uploads\/2025\/02\/package-absinth-1.png","contentUrl":"https:\/\/dutchmicrodosing.com\/wp-content\/uploads\/2025\/02\/package-absinth-1.png","width":1000,"height":1000},{"@type":"BreadcrumbList","@id":"https:\/\/dutchmicrodosing.com\/it\/negozio-di-salute\/integratori-relaxt\/absinth-60-caps\/#breadcrumb","itemListElement":[{"@type":"ListItem","position":1,"name":"Home","item":"https:\/\/dutchmicrodosing.com\/it\/"},{"@type":"ListItem","position":2,"name":"Negozio","item":"https:\/\/dutchmicrodosing.com\/it\/negozio\/"},{"@type":"ListItem","position":3,"name":"Assenzio &#8211; 60 capsule"}]},{"@type":"WebSite","@id":"https:\/\/dutchmicrodosing.com\/it\/#website","url":"https:\/\/dutchmicrodosing.com\/it\/","name":"Dutchmicrodosing","description":"","publisher":{"@id":"https:\/\/dutchmicrodosing.com\/it\/#organization"},"potentialAction":[{"@type":"SearchAction","target":{"@type":"EntryPoint","urlTemplate":"https:\/\/dutchmicrodosing.com\/it\/?s={search_term_string}"},"query-input":{"@type":"PropertyValueSpecification","valueRequired":true,"valueName":"search_term_string"}}],"inLanguage":"it-IT"},{"@type":"Organization","@id":"https:\/\/dutchmicrodosing.com\/it\/#organization","name":"Dutchmicrodosing","url":"https:\/\/dutchmicrodosing.com\/it\/","logo":{"@type":"ImageObject","inLanguage":"it-IT","@id":"https:\/\/dutchmicrodosing.com\/it\/#\/schema\/logo\/image\/","url":"https:\/\/dutchmicrodosing.com\/wp-content\/uploads\/2021\/01\/microdosing-categorie-pic-nieuw.jpg","contentUrl":"https:\/\/dutchmicrodosing.com\/wp-content\/uploads\/2021\/01\/microdosing-categorie-pic-nieuw.jpg","width":500,"height":500,"caption":"Dutchmicrodosing"},"image":{"@id":"https:\/\/dutchmicrodosing.com\/it\/#\/schema\/logo\/image\/"},"sameAs":["https:\/\/www.facebook.com\/Dutchmicrodosingxp\/","https:\/\/www.instagram.com\/dutchmicrodosing\/"]}]},"product_price_amount":"11.95","product_price_currency":"EUR","og_availability":"instock","product_availability":"instock","product_retailer_item_id":"9109534","product_condition":"new"},"_links":{"self":[{"href":"https:\/\/dutchmicrodosing.com\/it\/wp-json\/wp\/v2\/product\/44940","targetHints":{"allow":["GET"]}}],"collection":[{"href":"https:\/\/dutchmicrodosing.com\/it\/wp-json\/wp\/v2\/product"}],"about":[{"href":"https:\/\/dutchmicrodosing.com\/it\/wp-json\/wp\/v2\/types\/product"}],"replies":[{"embeddable":true,"href":"https:\/\/dutchmicrodosing.com\/it\/wp-json\/wp\/v2\/comments?post=44940"}],"version-history":[{"count":0,"href":"https:\/\/dutchmicrodosing.com\/it\/wp-json\/wp\/v2\/product\/44940\/revisions"}],"wp:featuredmedia":[{"embeddable":true,"href":"https:\/\/dutchmicrodosing.com\/it\/wp-json\/wp\/v2\/media\/44922"}],"wp:attachment":[{"href":"https:\/\/dutchmicrodosing.com\/it\/wp-json\/wp\/v2\/media?parent=44940"}],"wp:term":[{"taxonomy":"product_brand","embeddable":true,"href":"https:\/\/dutchmicrodosing.com\/it\/wp-json\/wp\/v2\/product_brand?post=44940"},{"taxonomy":"product_cat","embeddable":true,"href":"https:\/\/dutchmicrodosing.com\/it\/wp-json\/wp\/v2\/product_cat?post=44940"},{"taxonomy":"product_tag","embeddable":true,"href":"https:\/\/dutchmicrodosing.com\/it\/wp-json\/wp\/v2\/product_tag?post=44940"}],"curies":[{"name":"wp","href":"https:\/\/api.w.org\/{rel}","templated":true}]}}