{"id":46028,"date":"2024-07-13T10:48:15","date_gmt":"2024-07-13T08:48:15","guid":{"rendered":"https:\/\/dutchmicrodosing.com\/shop\/senza-categoria\/true-albino-teacher-paddo-kweekset\/"},"modified":"2026-02-03T16:43:01","modified_gmt":"2026-02-03T15:43:01","slug":"true-albino-teacher-paddo-kweekset","status":"publish","type":"product","link":"https:\/\/dutchmicrodosing.com\/it\/funghi-allucinogeni\/kit-di-coltivazione-mystic-fungi\/true-albino-teacher-paddo-kweekset\/","title":{"rendered":"Kit per la coltivazione dei funghi insegnanti albini veri e propri"},"content":{"rendered":"<p>Il <strong>Kit di coltivazione di funghi allucinogeni True Albino Teacher<\/strong> (TAT) \u00e8 una variante affascinante nel mondo dei funghi allucinogeni. Questa variet\u00e0 ha origine dalla Golden Teacher, una variet\u00e0 molto popolare di Psilocybe cubensis. Ci\u00f2 che distingue la TAT \u00e8 la sua completa assenza di pigmento, il che significa che questa variante \u00e8 veramente albina, non solo bianca.<\/p>\n<p>Il nome &#8220;Vero Albino&#8221; sottolinea questa caratteristica unica. Nonostante le ovvie differenze nell&#8217;aspetto, il Vero Maestro Albino conserva alcuni tratti caratteristici del suo antenato, il Maestro d&#8217;Oro, tra cui la forma e le dimensioni del cappello e la struttura complessiva del fungo.<\/p>\n<p>Il mito narra che il Vero Maestro Albino sia nato da una mutazione spontanea in un allevamento di Maestri d&#8217;Oro. Un micologo ha poi stabilizzato questa mutazione, dando al Vero Maestro Albino un posto permanente nella collezione di funghi psichedelici disponibili. Poich\u00e9 questa variet\u00e0 non cresce in natura, l&#8217;unico modo per trovarla \u00e8 attraverso i coltivatori o i distributori specializzati in funghi psichedelici.<\/p>\n<p>A differenza dell&#8217;Albino Penis Envy, che ha una forma molto particolare e diversa, il True Albino Teacher mantiene una forma a fungo pi\u00f9 tradizionale, che a volte pu\u00f2 causare confusione con altre varianti albine. La natura unica e rara della Vera Maestra Albina la rende un soggetto particolarmente interessante per i micologi e gli appassionati di psichedelia.<\/p>\n<h2>Coltiva il tuo Insegnante Vero Albino<\/h2>\n<p>Questo kit promette rese maggiori (700 grammi) e un maggior numero di funghi, con un minor sforzo di gestione e un minor rischio di contaminazione. Le istruzioni sono facili da seguire, quindi dovrai preoccuparti meno della crescita dei tuoi funghi. Adatto sia ai principianti che ai coltivatori esperti, il kit di coltivazione garantisce un&#8217;esperienza di coltivazione senza sforzo. Segui le nostre chiare istruzioni e nel giro di poche settimane assisterai alla nascita di questi bellissimi funghi albini. Il substrato \u00e8 gi\u00e0 inoculato con le spore, quindi non sono necessari passaggi complicati.<\/p>\n<h2>Effetti dei funghi magici Vero insegnante albino<\/h2>\n<ul>\n<li>La forza del Vero Insegnante Albino varia da leggermente superiore alla media a notevolmente forte. In questo senso, \u00e8 simile al Maestro d&#8217;Oro, ma pi\u00f9 forte. Tuttavia, gli effetti del viaggio sono simili a quelli di altre specie di Psilocybe cubensis.<\/li>\n<li>A dosi ricreative moderate, le allucinazioni possono rimanere sottili: i colori appaiono pi\u00f9 brillanti, i muri sembrano respirare e cos\u00ec via. Solo a dosi molto elevate una persona vede cose che non ci sono affatto.<\/li>\n<li>Esperienze spirituali e mistiche: Sentimenti di connessione, trascendenza e illuminazione spirituale sono certamente possibili con i funghi True Albino.<\/li>\n<\/ul>\n<h2>Istruzioni per l&#8217;allestimento del kit di coltivazione per insegnanti True Albino<\/h2>\n<p>Assicurati che il tuo spazio di lavoro sia pulito per evitare che altri microrganismi contaminino il tuo kit di coltivazione. \u00c8 importante lavorare in modo igienico. Usa sempre acqua pulita del rubinetto o minerale per nebulizzare e bagnare il tuo kit di coltivazione. Non utilizzare acqua distillata o demi, perch\u00e9 non \u00e8 adatta.<\/p>\n<ol>\n<li>Rimuovi il sacchetto dalla scatola e stendilo.<\/li>\n<li>Apri la busta rimuovendo la clip ermetica in alto. Fai prendere aria al sacchetto allungandolo delicatamente, poi richiudilo con la clip. Per evitare che i funghi crescano sui lati del substrato, puoi mettere un elastico intorno all&#8217;esterno del sacchetto all&#8217;altezza della parte superiore del substrato per ridurre la possibilit\u00e0 di spine laterali. Posiziona l&#8217;elastico a circa 1,5 cm al di sotto della parte superiore del substrato.<\/li>\n<li>Tieni d&#8217;occhio la crescita: Tieni d&#8217;occhio il sacchetto quando i funghi iniziano a crescere. Le prime due volte non \u00e8 necessario annaffiare. Quando i cappelli iniziano ad aprirsi, \u00e8 il momento di raccogliere. Si noti che non tutte le variet\u00e0 presentano veli o spore a goccia.<\/li>\n<li>Raccolta: prima della raccolta, assicurati di avere un ambiente pulito disinfettando le mani con l&#8217;alcol e indossando preferibilmente guanti in lattice. Per raccogliere, ruota i funghi in senso orario. Raccogli appena i cappelli iniziano ad aprirsi per ottenere una potenza ottimale. I frutti sono pronti per essere raccolti dopo due o quattro settimane, a seconda delle condizioni di coltivazione e della variet\u00e0 di funghi.<\/li>\n<li>Manutenzione post-raccolta: dopo aver raccolto il secondo fiore, aggiungi una piccola quantit\u00e0 d&#8217;acqua (circa 1\/3 del livello del substrato nel sacchetto). Richiudi il sacchetto con la clip e assicurati che sia ermetico. Ricordati di aggiungere aria fresca rimuovendo e riattaccando la clip. Versa l&#8217;acqua in eccesso se non \u00e8 stata assorbita entro 12 ore.<\/li>\n<li>Controlla la temperatura: assicurati che la temperatura rimanga stabile entro i 20-25 gradi Celsius (68-77\u00b0F) per ottenere i migliori risultati di crescita. Evita grandi fluttuazioni di temperatura.<\/li>\n<li>Raccolti successivi: Aspettati di ottenere almeno due raccolti da ogni sacchetto, ma potrebbe anche essere possibile ottenere tre o addirittura quattro raccolti. Dopo ogni raccolto, richiudi il sacchetto e aggiungi acqua per incoraggiare ulteriori sessioni di fioritura.<\/li>\n<\/ol>\n<h2>Contenuto Kit di allevamento Insegnante vero albino<\/h2>\n<ul>\n<li>Capacit\u00e0: 2000cc<\/li>\n<li>Dimensioni: 14 cm x 17 cm x 10 cm<\/li>\n<li>Variante: Variante albina del Maestro d&#8217;Oro<\/li>\n<li>Fase: completamente colonizzata<\/li>\n<li>Resa del raccolto: fino a 700 grammi<\/li>\n<\/ul>\n<h2>Come conservare il kit per l&#8217;allevamento di insegnanti True Albino<\/h2>\n<p>\u00c8 consigliabile iniziare subito il processo di coltivazione non appena si riceve il kit di coltivazione. Se decidi di iniziare pi\u00f9 tardi, cosa che potrebbe influire sulla qualit\u00e0 del kit, puoi conservare il kit di coltivazione in frigorifero per un massimo di 2 settimane (a temperature comprese tra 2\u00b0C e 8\u00b0C). Puoi lasciare il sacchetto di coltivazione con il micelio nella scatola e metterlo in frigorifero. Assicurati che il tuo frigorifero sia pulito e privo di muffa. Come ulteriore precauzione, puoi riporre il set in un sacchetto di plastica pulito o in una busta per la coltivazione.<\/p>\n","protected":false},"excerpt":{"rendered":"<p>Il Kit di coltivazione di funghi allucinogeni True Albino Teacher (TAT) \u00e8 una variante affascinante nel mondo dei funghi allucinogeni. Questa variet\u00e0 ha origine dalla Golden Teacher, una variet\u00e0 molto popolare di Psilocybe cubensis. Ci\u00f2 che distingue la TAT \u00e8 la sua completa assenza di pigmento, il che significa che questa variante \u00e8 veramente albina, [&hellip;]<\/p>\n","protected":false},"featured_media":40807,"comment_status":"closed","ping_status":"closed","template":"","meta":[],"product_brand":[],"product_cat":[344],"product_tag":[],"class_list":{"0":"post-46028","1":"product","2":"type-product","3":"status-publish","4":"has-post-thumbnail","6":"product_cat-kit-di-coltivazione-mystic-fungi","8":"first","9":"instock","10":"taxable","11":"shipping-taxable","12":"purchasable","13":"product-type-simple"},"yoast_head":"<!-- This site is optimized with the Yoast SEO Premium plugin v26.4 (Yoast SEO v27.2) - https:\/\/yoast.com\/product\/yoast-seo-premium-wordpress\/ -->\n<title>Kit per la coltivazione dei funghi insegnanti albini veri e propri - Dutchmicrodosing<\/title>\n<meta name=\"description\" content=\"Kit di coltivazione completa di funghi allucinogeni True Albino Teacher per uso domestico. Facile da usare, poca manutenzione e risultati rapidi.\" \/>\n<meta name=\"robots\" content=\"index, follow, max-snippet:-1, max-image-preview:large, max-video-preview:-1\" \/>\n<link rel=\"canonical\" href=\"https:\/\/dutchmicrodosing.com\/it\/funghi-allucinogeni\/kit-di-coltivazione-mystic-fungi\/true-albino-teacher-paddo-kweekset\/\" \/>\n<meta property=\"og:locale\" content=\"it_IT\" \/>\n<meta property=\"og:type\" content=\"article\" \/>\n<meta property=\"og:title\" content=\"Kit per la coltivazione dei funghi insegnanti albini veri e propri\" \/>\n<meta property=\"og:description\" content=\"Il Kit di coltivazione di funghi allucinogeni True Albino Teacher (TAT) \u00e8 una variante affascinante nel mondo dei funghi allucinogeni. Questa variet\u00e0 ha\" \/>\n<meta property=\"og:url\" content=\"https:\/\/dutchmicrodosing.com\/it\/funghi-allucinogeni\/kit-di-coltivazione-mystic-fungi\/true-albino-teacher-paddo-kweekset\/\" \/>\n<meta property=\"og:site_name\" content=\"Dutchmicrodosing\" \/>\n<meta property=\"article:publisher\" content=\"https:\/\/www.facebook.com\/Dutchmicrodosingxp\/\" \/>\n<meta property=\"article:modified_time\" content=\"2026-02-03T15:43:01+00:00\" \/>\n<meta property=\"og:image\" content=\"https:\/\/dutchmicrodosing.com\/wp-content\/uploads\/2024\/07\/True-Albino-Teacher1-002.png\" \/>\n\t<meta property=\"og:image:width\" content=\"1600\" \/>\n\t<meta property=\"og:image:height\" content=\"1600\" \/>\n\t<meta property=\"og:image:type\" content=\"image\/png\" \/>\n<meta name=\"twitter:card\" content=\"summary_large_image\" \/>\n<script type=\"application\/ld+json\" class=\"yoast-schema-graph\">{\"@context\":\"https:\/\/schema.org\",\"@graph\":[{\"@type\":\"WebPage\",\"@id\":\"https:\/\/dutchmicrodosing.com\/it\/funghi-allucinogeni\/kit-di-coltivazione-mystic-fungi\/true-albino-teacher-paddo-kweekset\/\",\"url\":\"https:\/\/dutchmicrodosing.com\/it\/funghi-allucinogeni\/kit-di-coltivazione-mystic-fungi\/true-albino-teacher-paddo-kweekset\/\",\"name\":\"Kit per la coltivazione dei funghi insegnanti albini veri e propri - Dutchmicrodosing\",\"isPartOf\":{\"@id\":\"https:\/\/dutchmicrodosing.com\/it\/#website\"},\"primaryImageOfPage\":{\"@id\":\"https:\/\/dutchmicrodosing.com\/it\/funghi-allucinogeni\/kit-di-coltivazione-mystic-fungi\/true-albino-teacher-paddo-kweekset\/#primaryimage\"},\"image\":{\"@id\":\"https:\/\/dutchmicrodosing.com\/it\/funghi-allucinogeni\/kit-di-coltivazione-mystic-fungi\/true-albino-teacher-paddo-kweekset\/#primaryimage\"},\"thumbnailUrl\":\"https:\/\/dutchmicrodosing.com\/wp-content\/uploads\/2024\/07\/True-Albino-Teacher1-002.png\",\"datePublished\":\"2024-07-13T08:48:15+00:00\",\"dateModified\":\"2026-02-03T15:43:01+00:00\",\"description\":\"Kit di coltivazione completa di funghi allucinogeni True Albino Teacher per uso domestico. Facile da usare, poca manutenzione e risultati rapidi.\",\"breadcrumb\":{\"@id\":\"https:\/\/dutchmicrodosing.com\/it\/funghi-allucinogeni\/kit-di-coltivazione-mystic-fungi\/true-albino-teacher-paddo-kweekset\/#breadcrumb\"},\"inLanguage\":\"it-IT\",\"potentialAction\":[{\"@type\":\"ReadAction\",\"target\":[\"https:\/\/dutchmicrodosing.com\/it\/funghi-allucinogeni\/kit-di-coltivazione-mystic-fungi\/true-albino-teacher-paddo-kweekset\/\"]}]},{\"@type\":\"ImageObject\",\"inLanguage\":\"it-IT\",\"@id\":\"https:\/\/dutchmicrodosing.com\/it\/funghi-allucinogeni\/kit-di-coltivazione-mystic-fungi\/true-albino-teacher-paddo-kweekset\/#primaryimage\",\"url\":\"https:\/\/dutchmicrodosing.com\/wp-content\/uploads\/2024\/07\/True-Albino-Teacher1-002.png\",\"contentUrl\":\"https:\/\/dutchmicrodosing.com\/wp-content\/uploads\/2024\/07\/True-Albino-Teacher1-002.png\",\"width\":1600,\"height\":1600,\"caption\":\"Kit per la coltivazione dei funghi insegnanti albini veri e propri\"},{\"@type\":\"BreadcrumbList\",\"@id\":\"https:\/\/dutchmicrodosing.com\/it\/funghi-allucinogeni\/kit-di-coltivazione-mystic-fungi\/true-albino-teacher-paddo-kweekset\/#breadcrumb\",\"itemListElement\":[{\"@type\":\"ListItem\",\"position\":1,\"name\":\"Home\",\"item\":\"https:\/\/dutchmicrodosing.com\/it\/\"},{\"@type\":\"ListItem\",\"position\":2,\"name\":\"Negozio\",\"item\":\"https:\/\/dutchmicrodosing.com\/it\/negozio\/\"},{\"@type\":\"ListItem\",\"position\":3,\"name\":\"Kit per la coltivazione dei funghi insegnanti albini veri e propri\"}]},{\"@type\":\"WebSite\",\"@id\":\"https:\/\/dutchmicrodosing.com\/it\/#website\",\"url\":\"https:\/\/dutchmicrodosing.com\/it\/\",\"name\":\"Dutchmicrodosing\",\"description\":\"\",\"publisher\":{\"@id\":\"https:\/\/dutchmicrodosing.com\/it\/#organization\"},\"potentialAction\":[{\"@type\":\"SearchAction\",\"target\":{\"@type\":\"EntryPoint\",\"urlTemplate\":\"https:\/\/dutchmicrodosing.com\/it\/?s={search_term_string}\"},\"query-input\":{\"@type\":\"PropertyValueSpecification\",\"valueRequired\":true,\"valueName\":\"search_term_string\"}}],\"inLanguage\":\"it-IT\"},{\"@type\":\"Organization\",\"@id\":\"https:\/\/dutchmicrodosing.com\/it\/#organization\",\"name\":\"Dutchmicrodosing\",\"url\":\"https:\/\/dutchmicrodosing.com\/it\/\",\"logo\":{\"@type\":\"ImageObject\",\"inLanguage\":\"it-IT\",\"@id\":\"https:\/\/dutchmicrodosing.com\/it\/#\/schema\/logo\/image\/\",\"url\":\"https:\/\/dutchmicrodosing.com\/wp-content\/uploads\/2021\/01\/microdosing-categorie-pic-nieuw.jpg\",\"contentUrl\":\"https:\/\/dutchmicrodosing.com\/wp-content\/uploads\/2021\/01\/microdosing-categorie-pic-nieuw.jpg\",\"width\":500,\"height\":500,\"caption\":\"Dutchmicrodosing\"},\"image\":{\"@id\":\"https:\/\/dutchmicrodosing.com\/it\/#\/schema\/logo\/image\/\"},\"sameAs\":[\"https:\/\/www.facebook.com\/Dutchmicrodosingxp\/\",\"https:\/\/www.instagram.com\/dutchmicrodosing\/\"]}]}<\/script>\n<meta property=\"product:price:amount\" content=\"44.95\" \/>\n<meta property=\"product:price:currency\" content=\"EUR\" \/>\n<meta property=\"og:availability\" content=\"instock\" \/>\n<meta property=\"product:availability\" content=\"instock\" \/>\n<meta property=\"product:retailer_item_id\" content=\"4207499\" \/>\n<meta property=\"product:condition\" content=\"new\" \/>\n<!-- \/ Yoast SEO Premium plugin. -->","yoast_head_json":{"title":"Kit per la coltivazione dei funghi insegnanti albini veri e propri - Dutchmicrodosing","description":"Kit di coltivazione completa di funghi allucinogeni True Albino Teacher per uso domestico. Facile da usare, poca manutenzione e risultati rapidi.","robots":{"index":"index","follow":"follow","max-snippet":"max-snippet:-1","max-image-preview":"max-image-preview:large","max-video-preview":"max-video-preview:-1"},"canonical":"https:\/\/dutchmicrodosing.com\/it\/funghi-allucinogeni\/kit-di-coltivazione-mystic-fungi\/true-albino-teacher-paddo-kweekset\/","og_locale":"it_IT","og_type":"article","og_title":"Kit per la coltivazione dei funghi insegnanti albini veri e propri","og_description":"Il Kit di coltivazione di funghi allucinogeni True Albino Teacher (TAT) \u00e8 una variante affascinante nel mondo dei funghi allucinogeni. Questa variet\u00e0 ha","og_url":"https:\/\/dutchmicrodosing.com\/it\/funghi-allucinogeni\/kit-di-coltivazione-mystic-fungi\/true-albino-teacher-paddo-kweekset\/","og_site_name":"Dutchmicrodosing","article_publisher":"https:\/\/www.facebook.com\/Dutchmicrodosingxp\/","article_modified_time":"2026-02-03T15:43:01+00:00","og_image":[{"width":1600,"height":1600,"url":"https:\/\/dutchmicrodosing.com\/wp-content\/uploads\/2024\/07\/True-Albino-Teacher1-002.png","type":"image\/png"}],"twitter_card":"summary_large_image","schema":{"@context":"https:\/\/schema.org","@graph":[{"@type":"WebPage","@id":"https:\/\/dutchmicrodosing.com\/it\/funghi-allucinogeni\/kit-di-coltivazione-mystic-fungi\/true-albino-teacher-paddo-kweekset\/","url":"https:\/\/dutchmicrodosing.com\/it\/funghi-allucinogeni\/kit-di-coltivazione-mystic-fungi\/true-albino-teacher-paddo-kweekset\/","name":"Kit per la coltivazione dei funghi insegnanti albini veri e propri - Dutchmicrodosing","isPartOf":{"@id":"https:\/\/dutchmicrodosing.com\/it\/#website"},"primaryImageOfPage":{"@id":"https:\/\/dutchmicrodosing.com\/it\/funghi-allucinogeni\/kit-di-coltivazione-mystic-fungi\/true-albino-teacher-paddo-kweekset\/#primaryimage"},"image":{"@id":"https:\/\/dutchmicrodosing.com\/it\/funghi-allucinogeni\/kit-di-coltivazione-mystic-fungi\/true-albino-teacher-paddo-kweekset\/#primaryimage"},"thumbnailUrl":"https:\/\/dutchmicrodosing.com\/wp-content\/uploads\/2024\/07\/True-Albino-Teacher1-002.png","datePublished":"2024-07-13T08:48:15+00:00","dateModified":"2026-02-03T15:43:01+00:00","description":"Kit di coltivazione completa di funghi allucinogeni True Albino Teacher per uso domestico. Facile da usare, poca manutenzione e risultati rapidi.","breadcrumb":{"@id":"https:\/\/dutchmicrodosing.com\/it\/funghi-allucinogeni\/kit-di-coltivazione-mystic-fungi\/true-albino-teacher-paddo-kweekset\/#breadcrumb"},"inLanguage":"it-IT","potentialAction":[{"@type":"ReadAction","target":["https:\/\/dutchmicrodosing.com\/it\/funghi-allucinogeni\/kit-di-coltivazione-mystic-fungi\/true-albino-teacher-paddo-kweekset\/"]}]},{"@type":"ImageObject","inLanguage":"it-IT","@id":"https:\/\/dutchmicrodosing.com\/it\/funghi-allucinogeni\/kit-di-coltivazione-mystic-fungi\/true-albino-teacher-paddo-kweekset\/#primaryimage","url":"https:\/\/dutchmicrodosing.com\/wp-content\/uploads\/2024\/07\/True-Albino-Teacher1-002.png","contentUrl":"https:\/\/dutchmicrodosing.com\/wp-content\/uploads\/2024\/07\/True-Albino-Teacher1-002.png","width":1600,"height":1600,"caption":"Kit per la coltivazione dei funghi insegnanti albini veri e propri"},{"@type":"BreadcrumbList","@id":"https:\/\/dutchmicrodosing.com\/it\/funghi-allucinogeni\/kit-di-coltivazione-mystic-fungi\/true-albino-teacher-paddo-kweekset\/#breadcrumb","itemListElement":[{"@type":"ListItem","position":1,"name":"Home","item":"https:\/\/dutchmicrodosing.com\/it\/"},{"@type":"ListItem","position":2,"name":"Negozio","item":"https:\/\/dutchmicrodosing.com\/it\/negozio\/"},{"@type":"ListItem","position":3,"name":"Kit per la coltivazione dei funghi insegnanti albini veri e propri"}]},{"@type":"WebSite","@id":"https:\/\/dutchmicrodosing.com\/it\/#website","url":"https:\/\/dutchmicrodosing.com\/it\/","name":"Dutchmicrodosing","description":"","publisher":{"@id":"https:\/\/dutchmicrodosing.com\/it\/#organization"},"potentialAction":[{"@type":"SearchAction","target":{"@type":"EntryPoint","urlTemplate":"https:\/\/dutchmicrodosing.com\/it\/?s={search_term_string}"},"query-input":{"@type":"PropertyValueSpecification","valueRequired":true,"valueName":"search_term_string"}}],"inLanguage":"it-IT"},{"@type":"Organization","@id":"https:\/\/dutchmicrodosing.com\/it\/#organization","name":"Dutchmicrodosing","url":"https:\/\/dutchmicrodosing.com\/it\/","logo":{"@type":"ImageObject","inLanguage":"it-IT","@id":"https:\/\/dutchmicrodosing.com\/it\/#\/schema\/logo\/image\/","url":"https:\/\/dutchmicrodosing.com\/wp-content\/uploads\/2021\/01\/microdosing-categorie-pic-nieuw.jpg","contentUrl":"https:\/\/dutchmicrodosing.com\/wp-content\/uploads\/2021\/01\/microdosing-categorie-pic-nieuw.jpg","width":500,"height":500,"caption":"Dutchmicrodosing"},"image":{"@id":"https:\/\/dutchmicrodosing.com\/it\/#\/schema\/logo\/image\/"},"sameAs":["https:\/\/www.facebook.com\/Dutchmicrodosingxp\/","https:\/\/www.instagram.com\/dutchmicrodosing\/"]}]},"product_price_amount":"44.95","product_price_currency":"EUR","og_availability":"instock","product_availability":"instock","product_retailer_item_id":"4207499","product_condition":"new"},"_links":{"self":[{"href":"https:\/\/dutchmicrodosing.com\/it\/wp-json\/wp\/v2\/product\/46028","targetHints":{"allow":["GET"]}}],"collection":[{"href":"https:\/\/dutchmicrodosing.com\/it\/wp-json\/wp\/v2\/product"}],"about":[{"href":"https:\/\/dutchmicrodosing.com\/it\/wp-json\/wp\/v2\/types\/product"}],"replies":[{"embeddable":true,"href":"https:\/\/dutchmicrodosing.com\/it\/wp-json\/wp\/v2\/comments?post=46028"}],"version-history":[{"count":1,"href":"https:\/\/dutchmicrodosing.com\/it\/wp-json\/wp\/v2\/product\/46028\/revisions"}],"predecessor-version":[{"id":64330,"href":"https:\/\/dutchmicrodosing.com\/it\/wp-json\/wp\/v2\/product\/46028\/revisions\/64330"}],"wp:featuredmedia":[{"embeddable":true,"href":"https:\/\/dutchmicrodosing.com\/it\/wp-json\/wp\/v2\/media\/40807"}],"wp:attachment":[{"href":"https:\/\/dutchmicrodosing.com\/it\/wp-json\/wp\/v2\/media?parent=46028"}],"wp:term":[{"taxonomy":"product_brand","embeddable":true,"href":"https:\/\/dutchmicrodosing.com\/it\/wp-json\/wp\/v2\/product_brand?post=46028"},{"taxonomy":"product_cat","embeddable":true,"href":"https:\/\/dutchmicrodosing.com\/it\/wp-json\/wp\/v2\/product_cat?post=46028"},{"taxonomy":"product_tag","embeddable":true,"href":"https:\/\/dutchmicrodosing.com\/it\/wp-json\/wp\/v2\/product_tag?post=46028"}],"curies":[{"name":"wp","href":"https:\/\/api.w.org\/{rel}","templated":true}]}}