{"id":46584,"date":"2025-03-12T14:43:25","date_gmt":"2025-03-12T13:43:25","guid":{"rendered":"https:\/\/dutchmicrodosing.com\/?post_type=product&#038;p=46584"},"modified":"2025-08-19T01:04:20","modified_gmt":"2025-08-18T23:04:20","slug":"panaeolus-cyanescens-jamaica-liquid-culture-spuit","status":"publish","type":"product","link":"https:\/\/dutchmicrodosing.com\/it\/spore-fungo\/siringhe-coltura-liquida\/panaeolus-cyanescens-jamaica-liquid-culture-spuit\/","title":{"rendered":"Siringa per coltura liquida di Panaeolus Cyanescens (Giamaica)"},"content":{"rendered":"<p>Il <strong>Panaeolus cyanescens &#8220;Jamaica&#8221; Siringa per coltura liquida<\/strong> \u00e8 una specie di fungo tropicale nota anche come Copelandia cyanescens. Nota per i suoi effetti molto forti, questa variet\u00e0 richiede condizioni di coltivazione specifiche. Poich\u00e9 ha esigenze diverse dalla solita Psilocybe cubensis, \u00e8 particolarmente indicata per i coltivatori esperti. Questa variet\u00e0 della Giamaica, spesso chiamata &#8220;Blue Meanies&#8221;, diventa intensamente blu quando viene toccata. Questo \u00e8 dovuto alle sue alte concentrazioni di psilocibina e psilocina, che la rendono una delle variet\u00e0 pi\u00f9 potenti della sua famiglia.<\/p>\n<h3>Purezza genetica:<\/h3>\n<p>Isolati professionalmente e preparati in condizioni sterili per ridurre al minimo i rischi di contaminazione. Una variet\u00e0 rara e di grande impatto visivo<\/p>\n<h3>Su quale substrato cresciamo?<\/h3>\n<p>Adatto a substrati a base di letame.<\/p>\n<h3>Utilizzo<\/h3>\n<p>Inoculare il tuo substrato non \u00e8 mai stato cos\u00ec facile. Con una semplice iniezione di Panaeolus cyanescens &#8220;Jamaica&#8221; Liquid Culture, potrai osservare la rete miceliare moltiplicarsi e trasformare il tuo terreno di coltura in una tela su cui far fiorire i funghi.<\/p>\n<ol>\n<li><strong>Sterilizzazione o pastorizzazione<\/strong><br \/>\nPer coltivare con successo il Panaeolus cyanescens &#8220;Jamaica&#8221; in coltura liquida, \u00e8 essenziale un substrato pulito e ricco di sostanze nutritive. Poich\u00e9 questa specie cresce principalmente sul letame, \u00e8 importante sterilizzare o pastorizzare il substrato per uccidere i batteri e i funghi indesiderati.<\/p>\n<p>Pastorizzazione (consigliata): Riscalda il substrato (ad esempio letame di cavallo o di mucca mescolato con paglia) a 60-70\u00b0C per 1-2 ore utilizzando vapore o un bagno di acqua calda.<br \/>\nSterilizzazione<strong>:<\/strong> Usa un&#8217;autoclave o una pentola a pressione per sterilizzare a fondo il substrato, soprattutto se usi substrati di cereali.<\/li>\n<li><strong>Inoculazione del substrato<\/strong><br \/>\nDopo la pastorizzazione, lascia raffreddare il substrato a temperatura ambiente. Poi puoi usare la coltura liquida di Panaeolus cyanescens &#8220;Jamaica&#8221; per inoculare il substrato. Usa una siringa sterile per distribuire la coltura liquida in modo uniforme sul substrato a base di letame. Lavorare in un ambiente pulito e sterile per evitare contaminazioni.<\/li>\n<li><strong>Incubazione &#8211; Colonizzazione del micelio<\/strong><br \/>\nOra che il substrato \u00e8 stato inoculato, il micelio ha bisogno di tempo per disperdersi e colonizzare completamente il substrato. Posiziona il substrato in una stanza buia e calda con una temperatura compresa tra i 24 e i 26\u00b0C. Entro 10-14 giorni, il micelio dovrebbe diventare visibile. Mantieni il substrato leggermente umido, ma evita di annaffiare troppo.<\/li>\n<li><strong>Fruttificazione &#8211; Condizioni ottimali di coltivazione<\/strong><br \/>\nQuando il substrato \u00e8 completamente colonizzato, spostalo in un ambiente che presenti le condizioni giuste per la crescita dei funghi: Umidit\u00e0: mantieni un&#8217;umidit\u00e0 elevata (90-95%) nebulizzando regolarmente e fornendo una ventilazione adeguata.<br \/>\nTemperatura: mantenere una temperatura stabile tra i 22 e i 26\u00b0C.<br \/>\nIlluminazione: sebbene il Panaeolus cyanescens non necessiti di luce intensa, la luce diurna indiretta o una debole luce di coltivazione stimola la formazione dei funghi.<\/li>\n<li><strong>Raccolta &#8211; Quando sono pronti i funghi?<\/strong><br \/>\nDopo 2-4 settimane iniziano a formarsi i funghi. Il Panaeolus cyanescens &#8220;Jamaica&#8221; \u00e8 noto per i suoi corpi fruttiferi piccoli ma vigorosi, con un gambo sottile e un cappello arricciato.<\/li>\n<\/ol>\n<h3>Contenuto<\/h3>\n<ul>\n<li>Siringa da 10 ml con coltura liquida di Panaeolus cyanescens &#8220;Jamaica&#8221;.<\/li>\n<li>1x ago sterile 18G per un&#8217;applicazione precisa.<\/li>\n<li>1x preparazione all&#8217;alcol per condizioni di lavoro sterili.<\/li>\n<\/ul>\n<h3>Consigli per lo stoccaggio<\/h3>\n<ul>\n<li>Utilizzare la coltura liquida entro 2 mesi.<\/li>\n<li>Conservare in frigorifero o in un altro luogo fresco e buio.<\/li>\n<li>Evitare l&#8217;esposizione ai raggi UV.<\/li>\n<li>Fuori dalla portata dei bambini.<\/li>\n<\/ul>\n","protected":false},"excerpt":{"rendered":"<p>Il Panaeolus cyanescens &#8220;Jamaica&#8221; Siringa per coltura liquida \u00e8 una specie di fungo tropicale nota anche come Copelandia cyanescens. Nota per i suoi effetti molto forti, questa variet\u00e0 richiede condizioni di coltivazione specifiche. Poich\u00e9 ha esigenze diverse dalla solita Psilocybe cubensis, \u00e8 particolarmente indicata per i coltivatori esperti. Questa variet\u00e0 della Giamaica, spesso chiamata &#8220;Blue [&hellip;]<\/p>\n","protected":false},"featured_media":46268,"comment_status":"closed","ping_status":"closed","template":"","meta":[],"product_brand":[],"product_cat":[357],"product_tag":[],"class_list":{"0":"post-46584","1":"product","2":"type-product","3":"status-publish","4":"has-post-thumbnail","6":"product_cat-siringhe-coltura-liquida","8":"first","9":"instock","10":"taxable","11":"shipping-taxable","12":"purchasable","13":"product-type-simple"},"yoast_head":"<!-- This site is optimized with the Yoast SEO Premium plugin v26.4 (Yoast SEO v27.2) - https:\/\/yoast.com\/product\/yoast-seo-premium-wordpress\/ -->\n<title>Siringa per coltura liquida di Panaeolus Cyanescens (Giamaica) - Dutchmicrodosing<\/title>\n<meta name=\"description\" content=\"Inizia con la siringa per coltura liquida di Panaeolus Cyanescens (Jamaica). Perfetta per i coltivatori esperti che vogliono sperimentare da soli con il potente .....\" \/>\n<meta name=\"robots\" content=\"index, follow, max-snippet:-1, max-image-preview:large, max-video-preview:-1\" \/>\n<link rel=\"canonical\" href=\"https:\/\/dutchmicrodosing.com\/it\/spore-fungo\/siringhe-coltura-liquida\/panaeolus-cyanescens-jamaica-liquid-culture-spuit\/\" \/>\n<meta property=\"og:locale\" content=\"it_IT\" \/>\n<meta property=\"og:type\" content=\"article\" \/>\n<meta property=\"og:title\" content=\"Siringa per coltura liquida di Panaeolus Cyanescens (Giamaica)\" \/>\n<meta property=\"og:description\" content=\"Il Panaeolus cyanescens &quot;Jamaica&quot; Siringa per coltura liquida \u00e8 una specie di fungo tropicale nota anche come Copelandia cyanescens. Nota per i suoi\" \/>\n<meta property=\"og:url\" content=\"https:\/\/dutchmicrodosing.com\/it\/spore-fungo\/siringhe-coltura-liquida\/panaeolus-cyanescens-jamaica-liquid-culture-spuit\/\" \/>\n<meta property=\"og:site_name\" content=\"Dutchmicrodosing\" \/>\n<meta property=\"article:publisher\" content=\"https:\/\/www.facebook.com\/Dutchmicrodosingxp\/\" \/>\n<meta property=\"article:modified_time\" content=\"2025-08-18T23:04:20+00:00\" \/>\n<meta property=\"og:image\" content=\"https:\/\/dutchmicrodosing.com\/wp-content\/uploads\/2025\/01\/Philosophr-Liquid-culture-packaging-_2_-1.jpg\" \/>\n\t<meta property=\"og:image:width\" content=\"1512\" \/>\n\t<meta property=\"og:image:height\" content=\"1512\" \/>\n\t<meta property=\"og:image:type\" content=\"image\/jpeg\" \/>\n<meta name=\"twitter:card\" content=\"summary_large_image\" \/>\n<script type=\"application\/ld+json\" class=\"yoast-schema-graph\">{\"@context\":\"https:\/\/schema.org\",\"@graph\":[{\"@type\":\"WebPage\",\"@id\":\"https:\/\/dutchmicrodosing.com\/it\/spore-fungo\/siringhe-coltura-liquida\/panaeolus-cyanescens-jamaica-liquid-culture-spuit\/\",\"url\":\"https:\/\/dutchmicrodosing.com\/it\/spore-fungo\/siringhe-coltura-liquida\/panaeolus-cyanescens-jamaica-liquid-culture-spuit\/\",\"name\":\"Siringa per coltura liquida di Panaeolus Cyanescens (Giamaica) - Dutchmicrodosing\",\"isPartOf\":{\"@id\":\"https:\/\/dutchmicrodosing.com\/it\/#website\"},\"primaryImageOfPage\":{\"@id\":\"https:\/\/dutchmicrodosing.com\/it\/spore-fungo\/siringhe-coltura-liquida\/panaeolus-cyanescens-jamaica-liquid-culture-spuit\/#primaryimage\"},\"image\":{\"@id\":\"https:\/\/dutchmicrodosing.com\/it\/spore-fungo\/siringhe-coltura-liquida\/panaeolus-cyanescens-jamaica-liquid-culture-spuit\/#primaryimage\"},\"thumbnailUrl\":\"https:\/\/dutchmicrodosing.com\/wp-content\/uploads\/2025\/01\/Philosophr-Liquid-culture-packaging-_2_-1.jpg\",\"datePublished\":\"2025-03-12T13:43:25+00:00\",\"dateModified\":\"2025-08-18T23:04:20+00:00\",\"description\":\"Inizia con la siringa per coltura liquida di Panaeolus Cyanescens (Jamaica). Perfetta per i coltivatori esperti che vogliono sperimentare da soli con il potente .....\",\"breadcrumb\":{\"@id\":\"https:\/\/dutchmicrodosing.com\/it\/spore-fungo\/siringhe-coltura-liquida\/panaeolus-cyanescens-jamaica-liquid-culture-spuit\/#breadcrumb\"},\"inLanguage\":\"it-IT\",\"potentialAction\":[{\"@type\":\"ReadAction\",\"target\":[\"https:\/\/dutchmicrodosing.com\/it\/spore-fungo\/siringhe-coltura-liquida\/panaeolus-cyanescens-jamaica-liquid-culture-spuit\/\"]}]},{\"@type\":\"ImageObject\",\"inLanguage\":\"it-IT\",\"@id\":\"https:\/\/dutchmicrodosing.com\/it\/spore-fungo\/siringhe-coltura-liquida\/panaeolus-cyanescens-jamaica-liquid-culture-spuit\/#primaryimage\",\"url\":\"https:\/\/dutchmicrodosing.com\/wp-content\/uploads\/2025\/01\/Philosophr-Liquid-culture-packaging-_2_-1.jpg\",\"contentUrl\":\"https:\/\/dutchmicrodosing.com\/wp-content\/uploads\/2025\/01\/Philosophr-Liquid-culture-packaging-_2_-1.jpg\",\"width\":1512,\"height\":1512},{\"@type\":\"BreadcrumbList\",\"@id\":\"https:\/\/dutchmicrodosing.com\/it\/spore-fungo\/siringhe-coltura-liquida\/panaeolus-cyanescens-jamaica-liquid-culture-spuit\/#breadcrumb\",\"itemListElement\":[{\"@type\":\"ListItem\",\"position\":1,\"name\":\"Home\",\"item\":\"https:\/\/dutchmicrodosing.com\/it\/\"},{\"@type\":\"ListItem\",\"position\":2,\"name\":\"Negozio\",\"item\":\"https:\/\/dutchmicrodosing.com\/it\/negozio\/\"},{\"@type\":\"ListItem\",\"position\":3,\"name\":\"Siringa per coltura liquida di Panaeolus Cyanescens (Giamaica)\"}]},{\"@type\":\"WebSite\",\"@id\":\"https:\/\/dutchmicrodosing.com\/it\/#website\",\"url\":\"https:\/\/dutchmicrodosing.com\/it\/\",\"name\":\"Dutchmicrodosing\",\"description\":\"\",\"publisher\":{\"@id\":\"https:\/\/dutchmicrodosing.com\/it\/#organization\"},\"potentialAction\":[{\"@type\":\"SearchAction\",\"target\":{\"@type\":\"EntryPoint\",\"urlTemplate\":\"https:\/\/dutchmicrodosing.com\/it\/?s={search_term_string}\"},\"query-input\":{\"@type\":\"PropertyValueSpecification\",\"valueRequired\":true,\"valueName\":\"search_term_string\"}}],\"inLanguage\":\"it-IT\"},{\"@type\":\"Organization\",\"@id\":\"https:\/\/dutchmicrodosing.com\/it\/#organization\",\"name\":\"Dutchmicrodosing\",\"url\":\"https:\/\/dutchmicrodosing.com\/it\/\",\"logo\":{\"@type\":\"ImageObject\",\"inLanguage\":\"it-IT\",\"@id\":\"https:\/\/dutchmicrodosing.com\/it\/#\/schema\/logo\/image\/\",\"url\":\"https:\/\/dutchmicrodosing.com\/wp-content\/uploads\/2021\/01\/microdosing-categorie-pic-nieuw.jpg\",\"contentUrl\":\"https:\/\/dutchmicrodosing.com\/wp-content\/uploads\/2021\/01\/microdosing-categorie-pic-nieuw.jpg\",\"width\":500,\"height\":500,\"caption\":\"Dutchmicrodosing\"},\"image\":{\"@id\":\"https:\/\/dutchmicrodosing.com\/it\/#\/schema\/logo\/image\/\"},\"sameAs\":[\"https:\/\/www.facebook.com\/Dutchmicrodosingxp\/\",\"https:\/\/www.instagram.com\/dutchmicrodosing\/\"]}]}<\/script>\n<meta property=\"product:price:amount\" content=\"18.95\" \/>\n<meta property=\"product:price:currency\" content=\"EUR\" \/>\n<meta property=\"og:availability\" content=\"instock\" \/>\n<meta property=\"product:availability\" content=\"instock\" \/>\n<meta property=\"product:retailer_item_id\" content=\"5203717\" \/>\n<meta property=\"product:condition\" content=\"new\" \/>\n<!-- \/ Yoast SEO Premium plugin. -->","yoast_head_json":{"title":"Siringa per coltura liquida di Panaeolus Cyanescens (Giamaica) - Dutchmicrodosing","description":"Inizia con la siringa per coltura liquida di Panaeolus Cyanescens (Jamaica). Perfetta per i coltivatori esperti che vogliono sperimentare da soli con il potente .....","robots":{"index":"index","follow":"follow","max-snippet":"max-snippet:-1","max-image-preview":"max-image-preview:large","max-video-preview":"max-video-preview:-1"},"canonical":"https:\/\/dutchmicrodosing.com\/it\/spore-fungo\/siringhe-coltura-liquida\/panaeolus-cyanescens-jamaica-liquid-culture-spuit\/","og_locale":"it_IT","og_type":"article","og_title":"Siringa per coltura liquida di Panaeolus Cyanescens (Giamaica)","og_description":"Il Panaeolus cyanescens \"Jamaica\" Siringa per coltura liquida \u00e8 una specie di fungo tropicale nota anche come Copelandia cyanescens. Nota per i suoi","og_url":"https:\/\/dutchmicrodosing.com\/it\/spore-fungo\/siringhe-coltura-liquida\/panaeolus-cyanescens-jamaica-liquid-culture-spuit\/","og_site_name":"Dutchmicrodosing","article_publisher":"https:\/\/www.facebook.com\/Dutchmicrodosingxp\/","article_modified_time":"2025-08-18T23:04:20+00:00","og_image":[{"width":1512,"height":1512,"url":"https:\/\/dutchmicrodosing.com\/wp-content\/uploads\/2025\/01\/Philosophr-Liquid-culture-packaging-_2_-1.jpg","type":"image\/jpeg"}],"twitter_card":"summary_large_image","schema":{"@context":"https:\/\/schema.org","@graph":[{"@type":"WebPage","@id":"https:\/\/dutchmicrodosing.com\/it\/spore-fungo\/siringhe-coltura-liquida\/panaeolus-cyanescens-jamaica-liquid-culture-spuit\/","url":"https:\/\/dutchmicrodosing.com\/it\/spore-fungo\/siringhe-coltura-liquida\/panaeolus-cyanescens-jamaica-liquid-culture-spuit\/","name":"Siringa per coltura liquida di Panaeolus Cyanescens (Giamaica) - Dutchmicrodosing","isPartOf":{"@id":"https:\/\/dutchmicrodosing.com\/it\/#website"},"primaryImageOfPage":{"@id":"https:\/\/dutchmicrodosing.com\/it\/spore-fungo\/siringhe-coltura-liquida\/panaeolus-cyanescens-jamaica-liquid-culture-spuit\/#primaryimage"},"image":{"@id":"https:\/\/dutchmicrodosing.com\/it\/spore-fungo\/siringhe-coltura-liquida\/panaeolus-cyanescens-jamaica-liquid-culture-spuit\/#primaryimage"},"thumbnailUrl":"https:\/\/dutchmicrodosing.com\/wp-content\/uploads\/2025\/01\/Philosophr-Liquid-culture-packaging-_2_-1.jpg","datePublished":"2025-03-12T13:43:25+00:00","dateModified":"2025-08-18T23:04:20+00:00","description":"Inizia con la siringa per coltura liquida di Panaeolus Cyanescens (Jamaica). Perfetta per i coltivatori esperti che vogliono sperimentare da soli con il potente .....","breadcrumb":{"@id":"https:\/\/dutchmicrodosing.com\/it\/spore-fungo\/siringhe-coltura-liquida\/panaeolus-cyanescens-jamaica-liquid-culture-spuit\/#breadcrumb"},"inLanguage":"it-IT","potentialAction":[{"@type":"ReadAction","target":["https:\/\/dutchmicrodosing.com\/it\/spore-fungo\/siringhe-coltura-liquida\/panaeolus-cyanescens-jamaica-liquid-culture-spuit\/"]}]},{"@type":"ImageObject","inLanguage":"it-IT","@id":"https:\/\/dutchmicrodosing.com\/it\/spore-fungo\/siringhe-coltura-liquida\/panaeolus-cyanescens-jamaica-liquid-culture-spuit\/#primaryimage","url":"https:\/\/dutchmicrodosing.com\/wp-content\/uploads\/2025\/01\/Philosophr-Liquid-culture-packaging-_2_-1.jpg","contentUrl":"https:\/\/dutchmicrodosing.com\/wp-content\/uploads\/2025\/01\/Philosophr-Liquid-culture-packaging-_2_-1.jpg","width":1512,"height":1512},{"@type":"BreadcrumbList","@id":"https:\/\/dutchmicrodosing.com\/it\/spore-fungo\/siringhe-coltura-liquida\/panaeolus-cyanescens-jamaica-liquid-culture-spuit\/#breadcrumb","itemListElement":[{"@type":"ListItem","position":1,"name":"Home","item":"https:\/\/dutchmicrodosing.com\/it\/"},{"@type":"ListItem","position":2,"name":"Negozio","item":"https:\/\/dutchmicrodosing.com\/it\/negozio\/"},{"@type":"ListItem","position":3,"name":"Siringa per coltura liquida di Panaeolus Cyanescens (Giamaica)"}]},{"@type":"WebSite","@id":"https:\/\/dutchmicrodosing.com\/it\/#website","url":"https:\/\/dutchmicrodosing.com\/it\/","name":"Dutchmicrodosing","description":"","publisher":{"@id":"https:\/\/dutchmicrodosing.com\/it\/#organization"},"potentialAction":[{"@type":"SearchAction","target":{"@type":"EntryPoint","urlTemplate":"https:\/\/dutchmicrodosing.com\/it\/?s={search_term_string}"},"query-input":{"@type":"PropertyValueSpecification","valueRequired":true,"valueName":"search_term_string"}}],"inLanguage":"it-IT"},{"@type":"Organization","@id":"https:\/\/dutchmicrodosing.com\/it\/#organization","name":"Dutchmicrodosing","url":"https:\/\/dutchmicrodosing.com\/it\/","logo":{"@type":"ImageObject","inLanguage":"it-IT","@id":"https:\/\/dutchmicrodosing.com\/it\/#\/schema\/logo\/image\/","url":"https:\/\/dutchmicrodosing.com\/wp-content\/uploads\/2021\/01\/microdosing-categorie-pic-nieuw.jpg","contentUrl":"https:\/\/dutchmicrodosing.com\/wp-content\/uploads\/2021\/01\/microdosing-categorie-pic-nieuw.jpg","width":500,"height":500,"caption":"Dutchmicrodosing"},"image":{"@id":"https:\/\/dutchmicrodosing.com\/it\/#\/schema\/logo\/image\/"},"sameAs":["https:\/\/www.facebook.com\/Dutchmicrodosingxp\/","https:\/\/www.instagram.com\/dutchmicrodosing\/"]}]},"product_price_amount":"18.95","product_price_currency":"EUR","og_availability":"instock","product_availability":"instock","product_retailer_item_id":"5203717","product_condition":"new"},"_links":{"self":[{"href":"https:\/\/dutchmicrodosing.com\/it\/wp-json\/wp\/v2\/product\/46584","targetHints":{"allow":["GET"]}}],"collection":[{"href":"https:\/\/dutchmicrodosing.com\/it\/wp-json\/wp\/v2\/product"}],"about":[{"href":"https:\/\/dutchmicrodosing.com\/it\/wp-json\/wp\/v2\/types\/product"}],"replies":[{"embeddable":true,"href":"https:\/\/dutchmicrodosing.com\/it\/wp-json\/wp\/v2\/comments?post=46584"}],"version-history":[{"count":0,"href":"https:\/\/dutchmicrodosing.com\/it\/wp-json\/wp\/v2\/product\/46584\/revisions"}],"wp:featuredmedia":[{"embeddable":true,"href":"https:\/\/dutchmicrodosing.com\/it\/wp-json\/wp\/v2\/media\/46268"}],"wp:attachment":[{"href":"https:\/\/dutchmicrodosing.com\/it\/wp-json\/wp\/v2\/media?parent=46584"}],"wp:term":[{"taxonomy":"product_brand","embeddable":true,"href":"https:\/\/dutchmicrodosing.com\/it\/wp-json\/wp\/v2\/product_brand?post=46584"},{"taxonomy":"product_cat","embeddable":true,"href":"https:\/\/dutchmicrodosing.com\/it\/wp-json\/wp\/v2\/product_cat?post=46584"},{"taxonomy":"product_tag","embeddable":true,"href":"https:\/\/dutchmicrodosing.com\/it\/wp-json\/wp\/v2\/product_tag?post=46584"}],"curies":[{"name":"wp","href":"https:\/\/api.w.org\/{rel}","templated":true}]}}