{"id":46593,"date":"2025-03-13T11:38:19","date_gmt":"2025-03-13T10:38:19","guid":{"rendered":"https:\/\/dutchmicrodosing.com\/?post_type=product&#038;p=46593"},"modified":"2025-08-18T17:54:07","modified_gmt":"2025-08-18T15:54:07","slug":"coffee-cream-liquid-culture-spuit","status":"publish","type":"product","link":"https:\/\/dutchmicrodosing.com\/it\/spore-fungo\/siringhe-coltura-liquida\/coffee-cream-liquid-culture-spuit\/","title":{"rendered":"Siringa per cultura liquida di crema di caff\u00e8"},"content":{"rendered":"<p>La <strong>Coffee Cream Liquid Culture Syringe<\/strong> \u00e8 una speciale variet\u00e0 ibrida di Psilocybe cubensis che deriva dall&#8217;incrocio delle varianti Shakti e Tidal Wave. Questa combinazione ha dato vita a un fungo dalle caratteristiche uniche e preziose per ricercatori e collezionisti. Questa specie \u00e8 nota per la sua rapida colonizzazione, il robusto sviluppo dei frutti e il colore sorprendente, che la rendono un&#8217;opzione interessante per la comunit\u00e0 micologica.<\/p>\n<p>L&#8217;unione delle propriet\u00e0 di Shakti e Tidal Wave ha dato vita a un fungo che non solo ha effetti potenti, ma cresce anche in modo affidabile con rese elevate. Questo rende la variante Coffee Cream ideale per chi cerca un ibrido ad alte prestazioni che combini la potenza di Shakti con l&#8217;efficienza di Tidal Wave. \u00c8 una scelta eccellente per le attivit\u00e0 di ricerca scientifica e di collezionismo, perch\u00e9 offre prestazioni costanti e un&#8217;estetica unica.<\/p>\n<h3>Purezza genetica:<\/h3>\n<p>Isolati professionalmente e preparati in condizioni sterili per ridurre al minimo i rischi di contaminazione.<\/p>\n<h3>Su quale substrato cresciamo?<\/h3>\n<p>Perfettamente adatto a substrati di cereali come la segale.<\/p>\n<h3>Utilizzo<\/h3>\n<p>Inoculare il tuo substrato non \u00e8 mai stato cos\u00ec facile. Con una semplice iniezione di Coffee Cream Liquid Culture, potrai osservare la rete miceliare moltiplicarsi e trasformare il tuo terreno di coltura in una tela su cui far fiorire i funghi.<\/p>\n<ol>\n<li><strong>Sterilizzazione<\/strong>: Sterilizza la miscela di substrato per uccidere eventuali batteri e funghi dannosi che potrebbero ostacolare la crescita dei funghi. Questo pu\u00f2 avvenire riscaldando la miscela di substrati in un&#8217;autoclave o pastorizzandola con il vapore.<\/li>\n<li><strong>Inoculazione del substrato<\/strong>: inizia preparando il substrato. Assicurati che il substrato sia umido ma non fradicio. Successivamente, prendi la siringa di spore con le spore di crema di caff\u00e8.<\/li>\n<li><strong>Processo di inoculazione<\/strong>: agita bene la siringa con le spore di fungo per assicurarti che le spore siano distribuite in modo uniforme. Poi usa la siringa per distribuire le spore in modo uniforme sul substrato. Questo pu\u00f2 essere fatto applicando piccole quantit\u00e0 di spore in diversi punti del substrato.<\/li>\n<li><strong>Incubazione<\/strong>: Dopo che il substrato \u00e8 stato inoculato con le spore dei funghi, \u00e8 il momento di incubare il substrato. Colloca il substrato in una stanza buia e calda con una temperatura costante tra i 22 e i 26\u00b0C. Questo favorisce la colonizzazione del substrato da parte delle spore del fungo.<\/li>\n<li><strong>Crescita e raccolta<\/strong>: dopo qualche settimana, le spore dei funghi dovrebbero iniziare a colonizzare e a svilupparsi in funghi. Continua a controllare il substrato per verificare la presenza di umidit\u00e0 e di eventuali segni di contaminazione. Una volta che i funghi sono completamente sviluppati, possono essere raccolti per il consumo.<\/li>\n<\/ol>\n<h3>Contenuto<\/h3>\n<ul>\n<li>Siringa da 10 ml riempita di coltura liquida Coffee Cream<\/li>\n<li>1x Ago sterile per vaccinazione 18G<\/li>\n<li>1x Salvietta alcolica<\/li>\n<\/ul>\n<h3>Consigli per lo stoccaggio<\/h3>\n<ul>\n<li>Utilizzare la coltura liquida entro 2 mesi.<\/li>\n<li>Conservare in frigorifero o in un altro luogo fresco e buio.<\/li>\n<li>Evitare l&#8217;esposizione ai raggi UV.<\/li>\n<li>Fuori dalla portata dei bambini.<\/li>\n<\/ul>\n","protected":false},"excerpt":{"rendered":"<p>La Coffee Cream Liquid Culture Syringe \u00e8 una speciale variet\u00e0 ibrida di Psilocybe cubensis che deriva dall&#8217;incrocio delle varianti Shakti e Tidal Wave. Questa combinazione ha dato vita a un fungo dalle caratteristiche uniche e preziose per ricercatori e collezionisti. Questa specie \u00e8 nota per la sua rapida colonizzazione, il robusto sviluppo dei frutti e [&hellip;]<\/p>\n","protected":false},"featured_media":46262,"comment_status":"closed","ping_status":"closed","template":"","meta":[],"product_brand":[],"product_cat":[357],"product_tag":[],"class_list":{"0":"post-46593","1":"product","2":"type-product","3":"status-publish","4":"has-post-thumbnail","6":"product_cat-siringhe-coltura-liquida","8":"first","9":"instock","10":"taxable","11":"shipping-taxable","12":"purchasable","13":"product-type-simple"},"yoast_head":"<!-- This site is optimized with the Yoast SEO Premium plugin v26.4 (Yoast SEO v27.4) - https:\/\/yoast.com\/product\/yoast-seo-premium-wordpress\/ -->\n<title>Siringa per cultura liquida di crema di caff\u00e8 - Dutchmicrodosing<\/title>\n<meta name=\"description\" content=\"Inizia a coltivare senza sforzo grazie alla siringa per coltura liquida Coffee Cream. Riempito con micelio vivo e ideale per il tuo progetto di funghi.\" \/>\n<meta name=\"robots\" content=\"index, follow, max-snippet:-1, max-image-preview:large, max-video-preview:-1\" \/>\n<link rel=\"canonical\" href=\"https:\/\/dutchmicrodosing.com\/it\/spore-fungo\/siringhe-coltura-liquida\/coffee-cream-liquid-culture-spuit\/\" \/>\n<meta property=\"og:locale\" content=\"it_IT\" \/>\n<meta property=\"og:type\" content=\"article\" \/>\n<meta property=\"og:title\" content=\"Siringa per cultura liquida di crema di caff\u00e8\" \/>\n<meta property=\"og:description\" content=\"La Coffee Cream Liquid Culture Syringe \u00e8 una speciale variet\u00e0 ibrida di Psilocybe cubensis che deriva dall&#039;incrocio delle varianti Shakti e Tidal Wave.\" \/>\n<meta property=\"og:url\" content=\"https:\/\/dutchmicrodosing.com\/it\/spore-fungo\/siringhe-coltura-liquida\/coffee-cream-liquid-culture-spuit\/\" \/>\n<meta property=\"og:site_name\" content=\"Dutchmicrodosing\" \/>\n<meta property=\"article:publisher\" content=\"https:\/\/www.facebook.com\/Dutchmicrodosingxp\/\" \/>\n<meta property=\"article:modified_time\" content=\"2025-08-18T15:54:07+00:00\" \/>\n<meta property=\"og:image\" content=\"https:\/\/dutchmicrodosing.com\/wp-content\/uploads\/2025\/01\/Philosophr-Liquid-culture-packaging-_2_.jpg\" \/>\n\t<meta property=\"og:image:width\" content=\"1512\" \/>\n\t<meta property=\"og:image:height\" content=\"1512\" \/>\n\t<meta property=\"og:image:type\" content=\"image\/jpeg\" \/>\n<meta name=\"twitter:card\" content=\"summary_large_image\" \/>\n<script type=\"application\/ld+json\" class=\"yoast-schema-graph\">{\"@context\":\"https:\\\/\\\/schema.org\",\"@graph\":[{\"@type\":\"WebPage\",\"@id\":\"https:\\\/\\\/dutchmicrodosing.com\\\/it\\\/spore-fungo\\\/siringhe-coltura-liquida\\\/coffee-cream-liquid-culture-spuit\\\/\",\"url\":\"https:\\\/\\\/dutchmicrodosing.com\\\/it\\\/spore-fungo\\\/siringhe-coltura-liquida\\\/coffee-cream-liquid-culture-spuit\\\/\",\"name\":\"Siringa per cultura liquida di crema di caff\u00e8 - Dutchmicrodosing\",\"isPartOf\":{\"@id\":\"https:\\\/\\\/dutchmicrodosing.com\\\/it\\\/#website\"},\"primaryImageOfPage\":{\"@id\":\"https:\\\/\\\/dutchmicrodosing.com\\\/it\\\/spore-fungo\\\/siringhe-coltura-liquida\\\/coffee-cream-liquid-culture-spuit\\\/#primaryimage\"},\"image\":{\"@id\":\"https:\\\/\\\/dutchmicrodosing.com\\\/it\\\/spore-fungo\\\/siringhe-coltura-liquida\\\/coffee-cream-liquid-culture-spuit\\\/#primaryimage\"},\"thumbnailUrl\":\"https:\\\/\\\/dutchmicrodosing.com\\\/wp-content\\\/uploads\\\/2025\\\/01\\\/Philosophr-Liquid-culture-packaging-_2_.jpg\",\"datePublished\":\"2025-03-13T10:38:19+00:00\",\"dateModified\":\"2025-08-18T15:54:07+00:00\",\"description\":\"Inizia a coltivare senza sforzo grazie alla siringa per coltura liquida Coffee Cream. Riempito con micelio vivo e ideale per il tuo progetto di funghi.\",\"breadcrumb\":{\"@id\":\"https:\\\/\\\/dutchmicrodosing.com\\\/it\\\/spore-fungo\\\/siringhe-coltura-liquida\\\/coffee-cream-liquid-culture-spuit\\\/#breadcrumb\"},\"inLanguage\":\"it-IT\",\"potentialAction\":[{\"@type\":\"ReadAction\",\"target\":[\"https:\\\/\\\/dutchmicrodosing.com\\\/it\\\/spore-fungo\\\/siringhe-coltura-liquida\\\/coffee-cream-liquid-culture-spuit\\\/\"]}]},{\"@type\":\"ImageObject\",\"inLanguage\":\"it-IT\",\"@id\":\"https:\\\/\\\/dutchmicrodosing.com\\\/it\\\/spore-fungo\\\/siringhe-coltura-liquida\\\/coffee-cream-liquid-culture-spuit\\\/#primaryimage\",\"url\":\"https:\\\/\\\/dutchmicrodosing.com\\\/wp-content\\\/uploads\\\/2025\\\/01\\\/Philosophr-Liquid-culture-packaging-_2_.jpg\",\"contentUrl\":\"https:\\\/\\\/dutchmicrodosing.com\\\/wp-content\\\/uploads\\\/2025\\\/01\\\/Philosophr-Liquid-culture-packaging-_2_.jpg\",\"width\":1512,\"height\":1512},{\"@type\":\"BreadcrumbList\",\"@id\":\"https:\\\/\\\/dutchmicrodosing.com\\\/it\\\/spore-fungo\\\/siringhe-coltura-liquida\\\/coffee-cream-liquid-culture-spuit\\\/#breadcrumb\",\"itemListElement\":[{\"@type\":\"ListItem\",\"position\":1,\"name\":\"Home\",\"item\":\"https:\\\/\\\/dutchmicrodosing.com\\\/it\\\/\"},{\"@type\":\"ListItem\",\"position\":2,\"name\":\"Negozio\",\"item\":\"https:\\\/\\\/dutchmicrodosing.com\\\/it\\\/negozio\\\/\"},{\"@type\":\"ListItem\",\"position\":3,\"name\":\"Siringa per cultura liquida di crema di caff\u00e8\"}]},{\"@type\":\"WebSite\",\"@id\":\"https:\\\/\\\/dutchmicrodosing.com\\\/it\\\/#website\",\"url\":\"https:\\\/\\\/dutchmicrodosing.com\\\/it\\\/\",\"name\":\"Dutchmicrodosing\",\"description\":\"\",\"publisher\":{\"@id\":\"https:\\\/\\\/dutchmicrodosing.com\\\/it\\\/#organization\"},\"potentialAction\":[{\"@type\":\"SearchAction\",\"target\":{\"@type\":\"EntryPoint\",\"urlTemplate\":\"https:\\\/\\\/dutchmicrodosing.com\\\/it\\\/?s={search_term_string}\"},\"query-input\":{\"@type\":\"PropertyValueSpecification\",\"valueRequired\":true,\"valueName\":\"search_term_string\"}}],\"inLanguage\":\"it-IT\"},{\"@type\":\"Organization\",\"@id\":\"https:\\\/\\\/dutchmicrodosing.com\\\/it\\\/#organization\",\"name\":\"Dutchmicrodosing\",\"url\":\"https:\\\/\\\/dutchmicrodosing.com\\\/it\\\/\",\"logo\":{\"@type\":\"ImageObject\",\"inLanguage\":\"it-IT\",\"@id\":\"https:\\\/\\\/dutchmicrodosing.com\\\/it\\\/#\\\/schema\\\/logo\\\/image\\\/\",\"url\":\"https:\\\/\\\/dutchmicrodosing.com\\\/wp-content\\\/uploads\\\/2021\\\/01\\\/microdosing-categorie-pic-nieuw.jpg\",\"contentUrl\":\"https:\\\/\\\/dutchmicrodosing.com\\\/wp-content\\\/uploads\\\/2021\\\/01\\\/microdosing-categorie-pic-nieuw.jpg\",\"width\":500,\"height\":500,\"caption\":\"Dutchmicrodosing\"},\"image\":{\"@id\":\"https:\\\/\\\/dutchmicrodosing.com\\\/it\\\/#\\\/schema\\\/logo\\\/image\\\/\"},\"sameAs\":[\"https:\\\/\\\/www.facebook.com\\\/Dutchmicrodosingxp\\\/\",\"https:\\\/\\\/www.instagram.com\\\/dutchmicrodosing\\\/\"]}]}<\/script>\n<meta property=\"product:price:amount\" content=\"18.95\" \/>\n<meta property=\"product:price:currency\" content=\"EUR\" \/>\n<meta property=\"og:availability\" content=\"instock\" \/>\n<meta property=\"product:availability\" content=\"instock\" \/>\n<meta property=\"product:retailer_item_id\" content=\"5203783\" \/>\n<meta property=\"product:condition\" content=\"new\" \/>\n<!-- \/ Yoast SEO Premium plugin. -->","yoast_head_json":{"title":"Siringa per cultura liquida di crema di caff\u00e8 - Dutchmicrodosing","description":"Inizia a coltivare senza sforzo grazie alla siringa per coltura liquida Coffee Cream. Riempito con micelio vivo e ideale per il tuo progetto di funghi.","robots":{"index":"index","follow":"follow","max-snippet":"max-snippet:-1","max-image-preview":"max-image-preview:large","max-video-preview":"max-video-preview:-1"},"canonical":"https:\/\/dutchmicrodosing.com\/it\/spore-fungo\/siringhe-coltura-liquida\/coffee-cream-liquid-culture-spuit\/","og_locale":"it_IT","og_type":"article","og_title":"Siringa per cultura liquida di crema di caff\u00e8","og_description":"La Coffee Cream Liquid Culture Syringe \u00e8 una speciale variet\u00e0 ibrida di Psilocybe cubensis che deriva dall'incrocio delle varianti Shakti e Tidal Wave.","og_url":"https:\/\/dutchmicrodosing.com\/it\/spore-fungo\/siringhe-coltura-liquida\/coffee-cream-liquid-culture-spuit\/","og_site_name":"Dutchmicrodosing","article_publisher":"https:\/\/www.facebook.com\/Dutchmicrodosingxp\/","article_modified_time":"2025-08-18T15:54:07+00:00","og_image":[{"width":1512,"height":1512,"url":"https:\/\/dutchmicrodosing.com\/wp-content\/uploads\/2025\/01\/Philosophr-Liquid-culture-packaging-_2_.jpg","type":"image\/jpeg"}],"twitter_card":"summary_large_image","schema":{"@context":"https:\/\/schema.org","@graph":[{"@type":"WebPage","@id":"https:\/\/dutchmicrodosing.com\/it\/spore-fungo\/siringhe-coltura-liquida\/coffee-cream-liquid-culture-spuit\/","url":"https:\/\/dutchmicrodosing.com\/it\/spore-fungo\/siringhe-coltura-liquida\/coffee-cream-liquid-culture-spuit\/","name":"Siringa per cultura liquida di crema di caff\u00e8 - Dutchmicrodosing","isPartOf":{"@id":"https:\/\/dutchmicrodosing.com\/it\/#website"},"primaryImageOfPage":{"@id":"https:\/\/dutchmicrodosing.com\/it\/spore-fungo\/siringhe-coltura-liquida\/coffee-cream-liquid-culture-spuit\/#primaryimage"},"image":{"@id":"https:\/\/dutchmicrodosing.com\/it\/spore-fungo\/siringhe-coltura-liquida\/coffee-cream-liquid-culture-spuit\/#primaryimage"},"thumbnailUrl":"https:\/\/dutchmicrodosing.com\/wp-content\/uploads\/2025\/01\/Philosophr-Liquid-culture-packaging-_2_.jpg","datePublished":"2025-03-13T10:38:19+00:00","dateModified":"2025-08-18T15:54:07+00:00","description":"Inizia a coltivare senza sforzo grazie alla siringa per coltura liquida Coffee Cream. Riempito con micelio vivo e ideale per il tuo progetto di funghi.","breadcrumb":{"@id":"https:\/\/dutchmicrodosing.com\/it\/spore-fungo\/siringhe-coltura-liquida\/coffee-cream-liquid-culture-spuit\/#breadcrumb"},"inLanguage":"it-IT","potentialAction":[{"@type":"ReadAction","target":["https:\/\/dutchmicrodosing.com\/it\/spore-fungo\/siringhe-coltura-liquida\/coffee-cream-liquid-culture-spuit\/"]}]},{"@type":"ImageObject","inLanguage":"it-IT","@id":"https:\/\/dutchmicrodosing.com\/it\/spore-fungo\/siringhe-coltura-liquida\/coffee-cream-liquid-culture-spuit\/#primaryimage","url":"https:\/\/dutchmicrodosing.com\/wp-content\/uploads\/2025\/01\/Philosophr-Liquid-culture-packaging-_2_.jpg","contentUrl":"https:\/\/dutchmicrodosing.com\/wp-content\/uploads\/2025\/01\/Philosophr-Liquid-culture-packaging-_2_.jpg","width":1512,"height":1512},{"@type":"BreadcrumbList","@id":"https:\/\/dutchmicrodosing.com\/it\/spore-fungo\/siringhe-coltura-liquida\/coffee-cream-liquid-culture-spuit\/#breadcrumb","itemListElement":[{"@type":"ListItem","position":1,"name":"Home","item":"https:\/\/dutchmicrodosing.com\/it\/"},{"@type":"ListItem","position":2,"name":"Negozio","item":"https:\/\/dutchmicrodosing.com\/it\/negozio\/"},{"@type":"ListItem","position":3,"name":"Siringa per cultura liquida di crema di caff\u00e8"}]},{"@type":"WebSite","@id":"https:\/\/dutchmicrodosing.com\/it\/#website","url":"https:\/\/dutchmicrodosing.com\/it\/","name":"Dutchmicrodosing","description":"","publisher":{"@id":"https:\/\/dutchmicrodosing.com\/it\/#organization"},"potentialAction":[{"@type":"SearchAction","target":{"@type":"EntryPoint","urlTemplate":"https:\/\/dutchmicrodosing.com\/it\/?s={search_term_string}"},"query-input":{"@type":"PropertyValueSpecification","valueRequired":true,"valueName":"search_term_string"}}],"inLanguage":"it-IT"},{"@type":"Organization","@id":"https:\/\/dutchmicrodosing.com\/it\/#organization","name":"Dutchmicrodosing","url":"https:\/\/dutchmicrodosing.com\/it\/","logo":{"@type":"ImageObject","inLanguage":"it-IT","@id":"https:\/\/dutchmicrodosing.com\/it\/#\/schema\/logo\/image\/","url":"https:\/\/dutchmicrodosing.com\/wp-content\/uploads\/2021\/01\/microdosing-categorie-pic-nieuw.jpg","contentUrl":"https:\/\/dutchmicrodosing.com\/wp-content\/uploads\/2021\/01\/microdosing-categorie-pic-nieuw.jpg","width":500,"height":500,"caption":"Dutchmicrodosing"},"image":{"@id":"https:\/\/dutchmicrodosing.com\/it\/#\/schema\/logo\/image\/"},"sameAs":["https:\/\/www.facebook.com\/Dutchmicrodosingxp\/","https:\/\/www.instagram.com\/dutchmicrodosing\/"]}]},"product_price_amount":"18.95","product_price_currency":"EUR","og_availability":"instock","product_availability":"instock","product_retailer_item_id":"5203783","product_condition":"new"},"_links":{"self":[{"href":"https:\/\/dutchmicrodosing.com\/it\/wp-json\/wp\/v2\/product\/46593","targetHints":{"allow":["GET"]}}],"collection":[{"href":"https:\/\/dutchmicrodosing.com\/it\/wp-json\/wp\/v2\/product"}],"about":[{"href":"https:\/\/dutchmicrodosing.com\/it\/wp-json\/wp\/v2\/types\/product"}],"replies":[{"embeddable":true,"href":"https:\/\/dutchmicrodosing.com\/it\/wp-json\/wp\/v2\/comments?post=46593"}],"version-history":[{"count":0,"href":"https:\/\/dutchmicrodosing.com\/it\/wp-json\/wp\/v2\/product\/46593\/revisions"}],"wp:featuredmedia":[{"embeddable":true,"href":"https:\/\/dutchmicrodosing.com\/it\/wp-json\/wp\/v2\/media\/46262"}],"wp:attachment":[{"href":"https:\/\/dutchmicrodosing.com\/it\/wp-json\/wp\/v2\/media?parent=46593"}],"wp:term":[{"taxonomy":"product_brand","embeddable":true,"href":"https:\/\/dutchmicrodosing.com\/it\/wp-json\/wp\/v2\/product_brand?post=46593"},{"taxonomy":"product_cat","embeddable":true,"href":"https:\/\/dutchmicrodosing.com\/it\/wp-json\/wp\/v2\/product_cat?post=46593"},{"taxonomy":"product_tag","embeddable":true,"href":"https:\/\/dutchmicrodosing.com\/it\/wp-json\/wp\/v2\/product_tag?post=46593"}],"curies":[{"name":"wp","href":"https:\/\/api.w.org\/{rel}","templated":true}]}}