{"id":46785,"date":"2025-03-26T12:50:16","date_gmt":"2025-03-26T11:50:16","guid":{"rendered":"https:\/\/dutchmicrodosing.com\/shop\/senza-categoria\/copelandia-hawaiian-paddo-kweekset\/"},"modified":"2025-12-09T19:09:18","modified_gmt":"2025-12-09T18:09:18","slug":"copelandia-hawaiian-paddo-kweekset","status":"publish","type":"product","link":"https:\/\/dutchmicrodosing.com\/it\/funghi-allucinogeni\/kit-di-coltivazione-speciali\/copelandia-hawaiian-paddo-kweekset\/","title":{"rendered":"Kit per la coltivazione di funghi hawaiani Copelandia"},"content":{"rendered":"<p>Vivi un&#8217;esperienza di coltivazione unica con il <strong>kit di coltivazione dei funghi Copelandia Hawaiian <\/strong>. Questo kit per la coltivazione dei funghi \u00e8 stato progettato appositamente per gli appassionati che cercano una sfida in pi\u00f9. La Copelandia \u00e8 nota per il suo carattere pi\u00f9 intenso rispetto, ad esempio, alla popolare Psilocybe cubensis e richiede un po&#8217; pi\u00f9 di attenzione durante la coltivazione. Ma il risultato ne vale la pena!<\/p>\n<p>Rispetto alla Psilocybe cubensis, la Copelandia Madagascar contiene in media fino a 3 volte pi\u00f9 composti attivi per grammo (come psilocina e psilocibina). Ci\u00f2 significa che \u00e8 necessaria una dose molto pi\u00f9 bassa per ottenere un&#8217;esperienza simile.<\/p>\n<h3>Caratteristiche<\/h3>\n<ul>\n<li>Adatto a coltivatori esperti<\/li>\n<li>Contiene la specie Copelandia (Panaeolus) cyanescens<\/li>\n<li>Non cresce allo stesso modo della specie cubensis: richiede un approccio leggermente differente<\/li>\n<li>Include un kit completo per la coltivazione: scatola per il substrato, sacchetto per la coltivazione e graffetta.<\/li>\n<li>La resa in pi\u00f9 lavaggi \u00e8 possibile con la giusta attenzione<\/li>\n<\/ul>\n<h3>Ingredienti e\/o composizione<\/h3>\n<p>Il kit \u00e8 composto da un substrato da 1200cc colonizzato con micelio di Copelandia, un sacchetto di coltura con filtro e una clip di fissaggio.<\/p>\n<h3>Utilizzo<\/h3>\n<p>Questo kit di coltivazione richiede un approccio leggermente diverso rispetto ai kit di coltivazione di funghi standard. \u00c8 importante seguire attentamente le istruzioni:<\/p>\n<p><strong>SCARICA QUI: <\/strong><span style=\"text-decoration: underline;color: #490bfa\"><a style=\"color: #490bfa;text-decoration: underline\" href=\"https:\/\/dutchmicrodosing.com\/wp-content\/uploads\/2025\/04\/instructies-Copelandia-NED-New.pdf\" target=\"_blank\" rel=\"noopener\">Istruzioni kit di coltivazione Copelandia Hawaiana<\/a><\/span><\/p>\n<h3>Contenuto<\/h3>\n<ul>\n<li>Kit di coltivazione da 1200cc con substrato e micelio di Copelandia Hawaiana<\/li>\n<li>Sacco di crescita con filtro dell&#8217;aria<\/li>\n<li>Graffetta per chiudere la borsa<\/li>\n<li>Manuale dettagliato<\/li>\n<\/ul>\n","protected":false},"excerpt":{"rendered":"<p>Vivi un&#8217;esperienza di coltivazione unica con il kit di coltivazione dei funghi Copelandia Hawaiian . Questo kit per la coltivazione dei funghi \u00e8 stato progettato appositamente per gli appassionati che cercano una sfida in pi\u00f9. La Copelandia \u00e8 nota per il suo carattere pi\u00f9 intenso rispetto, ad esempio, alla popolare Psilocybe cubensis e richiede un [&hellip;]<\/p>\n","protected":false},"featured_media":46780,"comment_status":"closed","ping_status":"closed","template":"","meta":[],"product_brand":[],"product_cat":[408],"product_tag":[],"class_list":{"0":"post-46785","1":"product","2":"type-product","3":"status-publish","4":"has-post-thumbnail","6":"product_cat-kit-di-coltivazione-speciali","8":"first","9":"instock","10":"taxable","11":"shipping-taxable","12":"purchasable","13":"product-type-simple"},"yoast_head":"<!-- This site is optimized with the Yoast SEO Premium plugin v26.4 (Yoast SEO v27.2) - https:\/\/yoast.com\/product\/yoast-seo-premium-wordpress\/ -->\n<title>Kit per la coltivazione di funghi hawaiani Copelandia - Dutchmicrodosing<\/title>\n<meta name=\"description\" content=\"Coltiva tu stesso i funghi esotici Copelandia Hawaiian con questo kit di coltivazione da 1200 cc. Perfetta per i coltivatori esperti che cercano una variet\u00e0 pi\u00f9 intensa,...\" \/>\n<meta name=\"robots\" content=\"index, follow, max-snippet:-1, max-image-preview:large, max-video-preview:-1\" \/>\n<link rel=\"canonical\" href=\"https:\/\/dutchmicrodosing.com\/it\/funghi-allucinogeni\/kit-di-coltivazione-speciali\/copelandia-hawaiian-paddo-kweekset\/\" \/>\n<meta property=\"og:locale\" content=\"it_IT\" \/>\n<meta property=\"og:type\" content=\"article\" \/>\n<meta property=\"og:title\" content=\"Kit per la coltivazione di funghi hawaiani Copelandia\" \/>\n<meta property=\"og:description\" content=\"Vivi un&#039;esperienza di coltivazione unica con il kit di coltivazione dei funghi Copelandia Hawaiian . Questo kit per la coltivazione dei funghi \u00e8 stato\" \/>\n<meta property=\"og:url\" content=\"https:\/\/dutchmicrodosing.com\/it\/funghi-allucinogeni\/kit-di-coltivazione-speciali\/copelandia-hawaiian-paddo-kweekset\/\" \/>\n<meta property=\"og:site_name\" content=\"Dutchmicrodosing\" \/>\n<meta property=\"article:publisher\" content=\"https:\/\/www.facebook.com\/Dutchmicrodosingxp\/\" \/>\n<meta property=\"article:modified_time\" content=\"2025-12-09T18:09:18+00:00\" \/>\n<meta property=\"og:image\" content=\"https:\/\/dutchmicrodosing.com\/wp-content\/uploads\/2025\/03\/2375-2284.jpg\" \/>\n\t<meta property=\"og:image:width\" content=\"300\" \/>\n\t<meta property=\"og:image:height\" content=\"300\" \/>\n\t<meta property=\"og:image:type\" content=\"image\/jpeg\" \/>\n<meta name=\"twitter:card\" content=\"summary_large_image\" \/>\n<script type=\"application\/ld+json\" class=\"yoast-schema-graph\">{\"@context\":\"https:\/\/schema.org\",\"@graph\":[{\"@type\":\"WebPage\",\"@id\":\"https:\/\/dutchmicrodosing.com\/it\/funghi-allucinogeni\/kit-di-coltivazione-speciali\/copelandia-hawaiian-paddo-kweekset\/\",\"url\":\"https:\/\/dutchmicrodosing.com\/it\/funghi-allucinogeni\/kit-di-coltivazione-speciali\/copelandia-hawaiian-paddo-kweekset\/\",\"name\":\"Kit per la coltivazione di funghi hawaiani Copelandia - Dutchmicrodosing\",\"isPartOf\":{\"@id\":\"https:\/\/dutchmicrodosing.com\/it\/#website\"},\"primaryImageOfPage\":{\"@id\":\"https:\/\/dutchmicrodosing.com\/it\/funghi-allucinogeni\/kit-di-coltivazione-speciali\/copelandia-hawaiian-paddo-kweekset\/#primaryimage\"},\"image\":{\"@id\":\"https:\/\/dutchmicrodosing.com\/it\/funghi-allucinogeni\/kit-di-coltivazione-speciali\/copelandia-hawaiian-paddo-kweekset\/#primaryimage\"},\"thumbnailUrl\":\"https:\/\/dutchmicrodosing.com\/wp-content\/uploads\/2025\/03\/2375-2284.jpg\",\"datePublished\":\"2025-03-26T11:50:16+00:00\",\"dateModified\":\"2025-12-09T18:09:18+00:00\",\"description\":\"Coltiva tu stesso i funghi esotici Copelandia Hawaiian con questo kit di coltivazione da 1200 cc. Perfetta per i coltivatori esperti che cercano una variet\u00e0 pi\u00f9 intensa,...\",\"breadcrumb\":{\"@id\":\"https:\/\/dutchmicrodosing.com\/it\/funghi-allucinogeni\/kit-di-coltivazione-speciali\/copelandia-hawaiian-paddo-kweekset\/#breadcrumb\"},\"inLanguage\":\"it-IT\",\"potentialAction\":[{\"@type\":\"ReadAction\",\"target\":[\"https:\/\/dutchmicrodosing.com\/it\/funghi-allucinogeni\/kit-di-coltivazione-speciali\/copelandia-hawaiian-paddo-kweekset\/\"]}]},{\"@type\":\"ImageObject\",\"inLanguage\":\"it-IT\",\"@id\":\"https:\/\/dutchmicrodosing.com\/it\/funghi-allucinogeni\/kit-di-coltivazione-speciali\/copelandia-hawaiian-paddo-kweekset\/#primaryimage\",\"url\":\"https:\/\/dutchmicrodosing.com\/wp-content\/uploads\/2025\/03\/2375-2284.jpg\",\"contentUrl\":\"https:\/\/dutchmicrodosing.com\/wp-content\/uploads\/2025\/03\/2375-2284.jpg\",\"width\":300,\"height\":300},{\"@type\":\"BreadcrumbList\",\"@id\":\"https:\/\/dutchmicrodosing.com\/it\/funghi-allucinogeni\/kit-di-coltivazione-speciali\/copelandia-hawaiian-paddo-kweekset\/#breadcrumb\",\"itemListElement\":[{\"@type\":\"ListItem\",\"position\":1,\"name\":\"Home\",\"item\":\"https:\/\/dutchmicrodosing.com\/it\/\"},{\"@type\":\"ListItem\",\"position\":2,\"name\":\"Negozio\",\"item\":\"https:\/\/dutchmicrodosing.com\/it\/negozio\/\"},{\"@type\":\"ListItem\",\"position\":3,\"name\":\"Kit per la coltivazione di funghi hawaiani Copelandia\"}]},{\"@type\":\"WebSite\",\"@id\":\"https:\/\/dutchmicrodosing.com\/it\/#website\",\"url\":\"https:\/\/dutchmicrodosing.com\/it\/\",\"name\":\"Dutchmicrodosing\",\"description\":\"\",\"publisher\":{\"@id\":\"https:\/\/dutchmicrodosing.com\/it\/#organization\"},\"potentialAction\":[{\"@type\":\"SearchAction\",\"target\":{\"@type\":\"EntryPoint\",\"urlTemplate\":\"https:\/\/dutchmicrodosing.com\/it\/?s={search_term_string}\"},\"query-input\":{\"@type\":\"PropertyValueSpecification\",\"valueRequired\":true,\"valueName\":\"search_term_string\"}}],\"inLanguage\":\"it-IT\"},{\"@type\":\"Organization\",\"@id\":\"https:\/\/dutchmicrodosing.com\/it\/#organization\",\"name\":\"Dutchmicrodosing\",\"url\":\"https:\/\/dutchmicrodosing.com\/it\/\",\"logo\":{\"@type\":\"ImageObject\",\"inLanguage\":\"it-IT\",\"@id\":\"https:\/\/dutchmicrodosing.com\/it\/#\/schema\/logo\/image\/\",\"url\":\"https:\/\/dutchmicrodosing.com\/wp-content\/uploads\/2021\/01\/microdosing-categorie-pic-nieuw.jpg\",\"contentUrl\":\"https:\/\/dutchmicrodosing.com\/wp-content\/uploads\/2021\/01\/microdosing-categorie-pic-nieuw.jpg\",\"width\":500,\"height\":500,\"caption\":\"Dutchmicrodosing\"},\"image\":{\"@id\":\"https:\/\/dutchmicrodosing.com\/it\/#\/schema\/logo\/image\/\"},\"sameAs\":[\"https:\/\/www.facebook.com\/Dutchmicrodosingxp\/\",\"https:\/\/www.instagram.com\/dutchmicrodosing\/\"]}]}<\/script>\n<meta property=\"product:price:amount\" content=\"63.95\" \/>\n<meta property=\"product:price:currency\" content=\"EUR\" \/>\n<meta property=\"og:availability\" content=\"instock\" \/>\n<meta property=\"product:availability\" content=\"instock\" \/>\n<meta property=\"product:retailer_item_id\" content=\"0201891\" \/>\n<meta property=\"product:condition\" content=\"new\" \/>\n<!-- \/ Yoast SEO Premium plugin. -->","yoast_head_json":{"title":"Kit per la coltivazione di funghi hawaiani Copelandia - Dutchmicrodosing","description":"Coltiva tu stesso i funghi esotici Copelandia Hawaiian con questo kit di coltivazione da 1200 cc. Perfetta per i coltivatori esperti che cercano una variet\u00e0 pi\u00f9 intensa,...","robots":{"index":"index","follow":"follow","max-snippet":"max-snippet:-1","max-image-preview":"max-image-preview:large","max-video-preview":"max-video-preview:-1"},"canonical":"https:\/\/dutchmicrodosing.com\/it\/funghi-allucinogeni\/kit-di-coltivazione-speciali\/copelandia-hawaiian-paddo-kweekset\/","og_locale":"it_IT","og_type":"article","og_title":"Kit per la coltivazione di funghi hawaiani Copelandia","og_description":"Vivi un'esperienza di coltivazione unica con il kit di coltivazione dei funghi Copelandia Hawaiian . Questo kit per la coltivazione dei funghi \u00e8 stato","og_url":"https:\/\/dutchmicrodosing.com\/it\/funghi-allucinogeni\/kit-di-coltivazione-speciali\/copelandia-hawaiian-paddo-kweekset\/","og_site_name":"Dutchmicrodosing","article_publisher":"https:\/\/www.facebook.com\/Dutchmicrodosingxp\/","article_modified_time":"2025-12-09T18:09:18+00:00","og_image":[{"width":300,"height":300,"url":"https:\/\/dutchmicrodosing.com\/wp-content\/uploads\/2025\/03\/2375-2284.jpg","type":"image\/jpeg"}],"twitter_card":"summary_large_image","schema":{"@context":"https:\/\/schema.org","@graph":[{"@type":"WebPage","@id":"https:\/\/dutchmicrodosing.com\/it\/funghi-allucinogeni\/kit-di-coltivazione-speciali\/copelandia-hawaiian-paddo-kweekset\/","url":"https:\/\/dutchmicrodosing.com\/it\/funghi-allucinogeni\/kit-di-coltivazione-speciali\/copelandia-hawaiian-paddo-kweekset\/","name":"Kit per la coltivazione di funghi hawaiani Copelandia - Dutchmicrodosing","isPartOf":{"@id":"https:\/\/dutchmicrodosing.com\/it\/#website"},"primaryImageOfPage":{"@id":"https:\/\/dutchmicrodosing.com\/it\/funghi-allucinogeni\/kit-di-coltivazione-speciali\/copelandia-hawaiian-paddo-kweekset\/#primaryimage"},"image":{"@id":"https:\/\/dutchmicrodosing.com\/it\/funghi-allucinogeni\/kit-di-coltivazione-speciali\/copelandia-hawaiian-paddo-kweekset\/#primaryimage"},"thumbnailUrl":"https:\/\/dutchmicrodosing.com\/wp-content\/uploads\/2025\/03\/2375-2284.jpg","datePublished":"2025-03-26T11:50:16+00:00","dateModified":"2025-12-09T18:09:18+00:00","description":"Coltiva tu stesso i funghi esotici Copelandia Hawaiian con questo kit di coltivazione da 1200 cc. Perfetta per i coltivatori esperti che cercano una variet\u00e0 pi\u00f9 intensa,...","breadcrumb":{"@id":"https:\/\/dutchmicrodosing.com\/it\/funghi-allucinogeni\/kit-di-coltivazione-speciali\/copelandia-hawaiian-paddo-kweekset\/#breadcrumb"},"inLanguage":"it-IT","potentialAction":[{"@type":"ReadAction","target":["https:\/\/dutchmicrodosing.com\/it\/funghi-allucinogeni\/kit-di-coltivazione-speciali\/copelandia-hawaiian-paddo-kweekset\/"]}]},{"@type":"ImageObject","inLanguage":"it-IT","@id":"https:\/\/dutchmicrodosing.com\/it\/funghi-allucinogeni\/kit-di-coltivazione-speciali\/copelandia-hawaiian-paddo-kweekset\/#primaryimage","url":"https:\/\/dutchmicrodosing.com\/wp-content\/uploads\/2025\/03\/2375-2284.jpg","contentUrl":"https:\/\/dutchmicrodosing.com\/wp-content\/uploads\/2025\/03\/2375-2284.jpg","width":300,"height":300},{"@type":"BreadcrumbList","@id":"https:\/\/dutchmicrodosing.com\/it\/funghi-allucinogeni\/kit-di-coltivazione-speciali\/copelandia-hawaiian-paddo-kweekset\/#breadcrumb","itemListElement":[{"@type":"ListItem","position":1,"name":"Home","item":"https:\/\/dutchmicrodosing.com\/it\/"},{"@type":"ListItem","position":2,"name":"Negozio","item":"https:\/\/dutchmicrodosing.com\/it\/negozio\/"},{"@type":"ListItem","position":3,"name":"Kit per la coltivazione di funghi hawaiani Copelandia"}]},{"@type":"WebSite","@id":"https:\/\/dutchmicrodosing.com\/it\/#website","url":"https:\/\/dutchmicrodosing.com\/it\/","name":"Dutchmicrodosing","description":"","publisher":{"@id":"https:\/\/dutchmicrodosing.com\/it\/#organization"},"potentialAction":[{"@type":"SearchAction","target":{"@type":"EntryPoint","urlTemplate":"https:\/\/dutchmicrodosing.com\/it\/?s={search_term_string}"},"query-input":{"@type":"PropertyValueSpecification","valueRequired":true,"valueName":"search_term_string"}}],"inLanguage":"it-IT"},{"@type":"Organization","@id":"https:\/\/dutchmicrodosing.com\/it\/#organization","name":"Dutchmicrodosing","url":"https:\/\/dutchmicrodosing.com\/it\/","logo":{"@type":"ImageObject","inLanguage":"it-IT","@id":"https:\/\/dutchmicrodosing.com\/it\/#\/schema\/logo\/image\/","url":"https:\/\/dutchmicrodosing.com\/wp-content\/uploads\/2021\/01\/microdosing-categorie-pic-nieuw.jpg","contentUrl":"https:\/\/dutchmicrodosing.com\/wp-content\/uploads\/2021\/01\/microdosing-categorie-pic-nieuw.jpg","width":500,"height":500,"caption":"Dutchmicrodosing"},"image":{"@id":"https:\/\/dutchmicrodosing.com\/it\/#\/schema\/logo\/image\/"},"sameAs":["https:\/\/www.facebook.com\/Dutchmicrodosingxp\/","https:\/\/www.instagram.com\/dutchmicrodosing\/"]}]},"product_price_amount":"63.95","product_price_currency":"EUR","og_availability":"instock","product_availability":"instock","product_retailer_item_id":"0201891","product_condition":"new"},"_links":{"self":[{"href":"https:\/\/dutchmicrodosing.com\/it\/wp-json\/wp\/v2\/product\/46785","targetHints":{"allow":["GET"]}}],"collection":[{"href":"https:\/\/dutchmicrodosing.com\/it\/wp-json\/wp\/v2\/product"}],"about":[{"href":"https:\/\/dutchmicrodosing.com\/it\/wp-json\/wp\/v2\/types\/product"}],"replies":[{"embeddable":true,"href":"https:\/\/dutchmicrodosing.com\/it\/wp-json\/wp\/v2\/comments?post=46785"}],"version-history":[{"count":0,"href":"https:\/\/dutchmicrodosing.com\/it\/wp-json\/wp\/v2\/product\/46785\/revisions"}],"wp:featuredmedia":[{"embeddable":true,"href":"https:\/\/dutchmicrodosing.com\/it\/wp-json\/wp\/v2\/media\/46780"}],"wp:attachment":[{"href":"https:\/\/dutchmicrodosing.com\/it\/wp-json\/wp\/v2\/media?parent=46785"}],"wp:term":[{"taxonomy":"product_brand","embeddable":true,"href":"https:\/\/dutchmicrodosing.com\/it\/wp-json\/wp\/v2\/product_brand?post=46785"},{"taxonomy":"product_cat","embeddable":true,"href":"https:\/\/dutchmicrodosing.com\/it\/wp-json\/wp\/v2\/product_cat?post=46785"},{"taxonomy":"product_tag","embeddable":true,"href":"https:\/\/dutchmicrodosing.com\/it\/wp-json\/wp\/v2\/product_tag?post=46785"}],"curies":[{"name":"wp","href":"https:\/\/api.w.org\/{rel}","templated":true}]}}