{"id":46972,"date":"2025-04-07T14:39:31","date_gmt":"2025-04-07T12:39:31","guid":{"rendered":"https:\/\/dutchmicrodosing.com\/shop\/senza-categoria\/mac-galactic-paddo-kweekset\/"},"modified":"2026-02-03T16:39:26","modified_gmt":"2026-02-03T15:39:26","slug":"mac-galactic-paddo-kweekset","status":"publish","type":"product","link":"https:\/\/dutchmicrodosing.com\/it\/funghi-allucinogeni\/kit-di-coltivazione-mystic-fungi\/mac-galactic-paddo-kweekset\/","title":{"rendered":"Kit per la coltivazione di funghi Mac Galactic"},"content":{"rendered":"<p>Il <strong>kit per la coltivazione dei funghi Mac Galactic<\/strong> di Mystic Fungi \u00e8 il tuo biglietto per un&#8217;affascinante esperienza di coltivazione. Questo kit di coltivazione facile da usare \u00e8 perfetto per chi vuole coltivare i propri funghi a casa, con rese affidabili e uno sforzo minimo. Ideale per gli appassionati che amano assistere alla crescita dei propri funghi, dall&#8217;inizio alla raccolta.<\/p>\n<h3>Caratteristiche<\/h3>\n<ul>\n<li>Crescita rapida: il primo raccolto pu\u00f2 essere visibile in soli 14-21 giorni dall&#8217;attivazione del kit.<\/li>\n<li>Frutti impressionanti: I funghi crescono in robusti steli con cappelli che possono raggiungere gli 8 cm di grandezza.<\/li>\n<li>Micelio forte: questo ceppo \u00e8 noto per la sua resistenza alle infezioni e produce risultati stabili.<\/li>\n<li>Popolare tra gli intenditori: la Mac Galactic \u00e8 tra le variet\u00e0 pi\u00f9 potenti della famiglia Psilocybe cubensis.<\/li>\n<\/ul>\n<h3>Ingredienti e\/o composizione<\/h3>\n<p>Questo kit di coltura contiene un substrato completamente colonizzato con micelio attivo, confezionato in una speciale sacca di coltura con filtro d&#8217;aria. Tutto ci\u00f2 di cui hai bisogno \u00e8 contenuto nella scatola.<\/p>\n<h3>Istruzioni per l&#8217;installazione del kit di coltivazione<\/h3>\n<p>Assicurati che il tuo spazio di lavoro sia pulito per evitare che altri microrganismi contaminino il tuo kit di coltivazione. \u00c8 importante lavorare in modo igienico. Usa sempre acqua pulita del rubinetto o minerale per nebulizzare e bagnare il tuo kit di coltivazione. Non utilizzare acqua distillata o demi, perch\u00e9 non \u00e8 adatta.<\/p>\n<ol>\n<li style=\"list-style-type: none;\">\n<ol>\n<li>Rimuovi il sacchetto dalla scatola e stendilo.<\/li>\n<li>Apri la busta rimuovendo la clip ermetica in alto. Fai prendere aria al sacchetto allungandolo delicatamente, poi richiudilo con la clip. Per evitare che i funghi crescano sui lati del substrato, puoi mettere un elastico intorno all&#8217;esterno del sacchetto all&#8217;altezza della parte superiore del substrato per ridurre la possibilit\u00e0 di spine laterali. Posiziona l&#8217;elastico a circa 1,5 cm al di sotto della parte superiore del substrato.<\/li>\n<li>Tieni d&#8217;occhio la crescita: Tieni d&#8217;occhio il sacchetto quando i funghi iniziano a crescere. Le prime due volte non \u00e8 necessario annaffiare. Quando i cappelli iniziano ad aprirsi, \u00e8 il momento di raccogliere. Si noti che non tutte le variet\u00e0 presentano veli o spore a goccia.<\/li>\n<li>Raccolta: prima della raccolta, assicurati di avere un ambiente pulito disinfettando le mani con l&#8217;alcol e indossando preferibilmente guanti in lattice. Per raccogliere, ruota i funghi in senso orario. Raccogli appena i cappelli iniziano ad aprirsi per ottenere una potenza ottimale. I frutti sono pronti per essere raccolti dopo due o quattro settimane, a seconda delle condizioni di coltivazione e della variet\u00e0 di funghi.<\/li>\n<li>Manutenzione post-raccolta: dopo aver raccolto il secondo fiore, aggiungi una piccola quantit\u00e0 d&#8217;acqua (circa 1\/3 del livello del substrato nel sacchetto). Richiudi il sacchetto con la clip e assicurati che sia ermetico. Ricordati di aggiungere aria fresca rimuovendo e riattaccando la clip. Versa l&#8217;acqua in eccesso se non \u00e8 stata assorbita entro 12 ore.<\/li>\n<li>Controlla la temperatura: assicurati che la temperatura rimanga stabile entro i 20-25 gradi Celsius (68-77\u00b0F) per ottenere i migliori risultati di crescita. Evita grandi fluttuazioni di temperatura.<\/li>\n<li>Raccolti successivi: Aspettati di ottenere almeno due raccolti da ogni sacchetto, ma potrebbe anche essere possibile ottenere tre o addirittura quattro raccolti. Dopo ogni raccolta, richiudi il sacchetto e aggiungi dell&#8217;acqua per incoraggiare ulteriori sessioni di fioritura.<\/li>\n<\/ol>\n<\/li>\n<\/ol>\n<h3>Contenuto<\/h3>\n<ul>\n<li>1 sacca di coltura da 2000 cc con substrato completamente colonizzato<\/li>\n<li>Sacchetto del filtro dell&#8217;aria<\/li>\n<li>Clip di bloccaggio<\/li>\n<li>Dimensioni: 14 x 17 x 10 cm<\/li>\n<\/ul>\n<h3>Consigli per lo stoccaggio<\/h3>\n<p>\u00c8 consigliabile iniziare subito il processo di coltivazione non appena si riceve il kit di coltivazione. Se decidi di iniziare pi\u00f9 tardi, cosa che potrebbe influire sulla qualit\u00e0 del kit, puoi conservare il kit di coltivazione in frigorifero per un massimo di 2 settimane (a temperature comprese tra 2\u00b0C e 8\u00b0C). Puoi lasciare il sacchetto di coltivazione con il micelio nella scatola e metterlo in frigorifero. Assicurati che il tuo frigorifero sia pulito e privo di muffa. Come ulteriore precauzione, puoi riporre il set in un sacchetto di plastica pulito o in una busta per la coltivazione.<\/p>\n","protected":false},"excerpt":{"rendered":"<p>Il kit per la coltivazione dei funghi Mac Galactic di Mystic Fungi \u00e8 il tuo biglietto per un&#8217;affascinante esperienza di coltivazione. Questo kit di coltivazione facile da usare \u00e8 perfetto per chi vuole coltivare i propri funghi a casa, con rese affidabili e uno sforzo minimo. Ideale per gli appassionati che amano assistere alla crescita [&hellip;]<\/p>\n","protected":false},"featured_media":46965,"comment_status":"closed","ping_status":"closed","template":"","meta":[],"product_brand":[],"product_cat":[344],"product_tag":[],"class_list":{"0":"post-46972","1":"product","2":"type-product","3":"status-publish","4":"has-post-thumbnail","6":"product_cat-kit-di-coltivazione-mystic-fungi","8":"first","9":"instock","10":"taxable","11":"shipping-taxable","12":"purchasable","13":"product-type-simple"},"yoast_head":"<!-- This site is optimized with the Yoast SEO Premium plugin v26.4 (Yoast SEO v27.2) - https:\/\/yoast.com\/product\/yoast-seo-premium-wordpress\/ -->\n<title>Kit per la coltivazione di funghi Mac Galactic - Dutchmicrodosing<\/title>\n<meta name=\"description\" content=\"Scopri il kit per la coltivazione dei funghi Mac Galactic di Mystic Fungi. Coltiva facilmente funghi potenti con questo kit di coltivazione facile da usare.\" \/>\n<meta name=\"robots\" content=\"index, follow, max-snippet:-1, max-image-preview:large, max-video-preview:-1\" \/>\n<link rel=\"canonical\" href=\"https:\/\/dutchmicrodosing.com\/it\/funghi-allucinogeni\/kit-di-coltivazione-mystic-fungi\/mac-galactic-paddo-kweekset\/\" \/>\n<meta property=\"og:locale\" content=\"it_IT\" \/>\n<meta property=\"og:type\" content=\"article\" \/>\n<meta property=\"og:title\" content=\"Kit per la coltivazione di funghi Mac Galactic\" \/>\n<meta property=\"og:description\" content=\"Il kit per la coltivazione dei funghi Mac Galactic di Mystic Fungi \u00e8 il tuo biglietto per un&#039;affascinante esperienza di coltivazione. Questo kit di\" \/>\n<meta property=\"og:url\" content=\"https:\/\/dutchmicrodosing.com\/it\/funghi-allucinogeni\/kit-di-coltivazione-mystic-fungi\/mac-galactic-paddo-kweekset\/\" \/>\n<meta property=\"og:site_name\" content=\"Dutchmicrodosing\" \/>\n<meta property=\"article:publisher\" content=\"https:\/\/www.facebook.com\/Dutchmicrodosingxp\/\" \/>\n<meta property=\"article:modified_time\" content=\"2026-02-03T15:39:26+00:00\" \/>\n<meta property=\"og:image\" content=\"https:\/\/dutchmicrodosing.com\/wp-content\/uploads\/2025\/04\/1000016499.jpg\" \/>\n\t<meta property=\"og:image:width\" content=\"1512\" \/>\n\t<meta property=\"og:image:height\" content=\"1512\" \/>\n\t<meta property=\"og:image:type\" content=\"image\/jpeg\" \/>\n<meta name=\"twitter:card\" content=\"summary_large_image\" \/>\n<script type=\"application\/ld+json\" class=\"yoast-schema-graph\">{\"@context\":\"https:\/\/schema.org\",\"@graph\":[{\"@type\":\"WebPage\",\"@id\":\"https:\/\/dutchmicrodosing.com\/it\/funghi-allucinogeni\/kit-di-coltivazione-mystic-fungi\/mac-galactic-paddo-kweekset\/\",\"url\":\"https:\/\/dutchmicrodosing.com\/it\/funghi-allucinogeni\/kit-di-coltivazione-mystic-fungi\/mac-galactic-paddo-kweekset\/\",\"name\":\"Kit per la coltivazione di funghi Mac Galactic - Dutchmicrodosing\",\"isPartOf\":{\"@id\":\"https:\/\/dutchmicrodosing.com\/it\/#website\"},\"primaryImageOfPage\":{\"@id\":\"https:\/\/dutchmicrodosing.com\/it\/funghi-allucinogeni\/kit-di-coltivazione-mystic-fungi\/mac-galactic-paddo-kweekset\/#primaryimage\"},\"image\":{\"@id\":\"https:\/\/dutchmicrodosing.com\/it\/funghi-allucinogeni\/kit-di-coltivazione-mystic-fungi\/mac-galactic-paddo-kweekset\/#primaryimage\"},\"thumbnailUrl\":\"https:\/\/dutchmicrodosing.com\/wp-content\/uploads\/2025\/04\/1000016499.jpg\",\"datePublished\":\"2025-04-07T12:39:31+00:00\",\"dateModified\":\"2026-02-03T15:39:26+00:00\",\"description\":\"Scopri il kit per la coltivazione dei funghi Mac Galactic di Mystic Fungi. Coltiva facilmente funghi potenti con questo kit di coltivazione facile da usare.\",\"breadcrumb\":{\"@id\":\"https:\/\/dutchmicrodosing.com\/it\/funghi-allucinogeni\/kit-di-coltivazione-mystic-fungi\/mac-galactic-paddo-kweekset\/#breadcrumb\"},\"inLanguage\":\"it-IT\",\"potentialAction\":[{\"@type\":\"ReadAction\",\"target\":[\"https:\/\/dutchmicrodosing.com\/it\/funghi-allucinogeni\/kit-di-coltivazione-mystic-fungi\/mac-galactic-paddo-kweekset\/\"]}]},{\"@type\":\"ImageObject\",\"inLanguage\":\"it-IT\",\"@id\":\"https:\/\/dutchmicrodosing.com\/it\/funghi-allucinogeni\/kit-di-coltivazione-mystic-fungi\/mac-galactic-paddo-kweekset\/#primaryimage\",\"url\":\"https:\/\/dutchmicrodosing.com\/wp-content\/uploads\/2025\/04\/1000016499.jpg\",\"contentUrl\":\"https:\/\/dutchmicrodosing.com\/wp-content\/uploads\/2025\/04\/1000016499.jpg\",\"width\":1512,\"height\":1512,\"caption\":\"Kit per la coltivazione di funghi Mac Galactic\"},{\"@type\":\"BreadcrumbList\",\"@id\":\"https:\/\/dutchmicrodosing.com\/it\/funghi-allucinogeni\/kit-di-coltivazione-mystic-fungi\/mac-galactic-paddo-kweekset\/#breadcrumb\",\"itemListElement\":[{\"@type\":\"ListItem\",\"position\":1,\"name\":\"Home\",\"item\":\"https:\/\/dutchmicrodosing.com\/it\/\"},{\"@type\":\"ListItem\",\"position\":2,\"name\":\"Negozio\",\"item\":\"https:\/\/dutchmicrodosing.com\/it\/negozio\/\"},{\"@type\":\"ListItem\",\"position\":3,\"name\":\"Kit per la coltivazione di funghi Mac Galactic\"}]},{\"@type\":\"WebSite\",\"@id\":\"https:\/\/dutchmicrodosing.com\/it\/#website\",\"url\":\"https:\/\/dutchmicrodosing.com\/it\/\",\"name\":\"Dutchmicrodosing\",\"description\":\"\",\"publisher\":{\"@id\":\"https:\/\/dutchmicrodosing.com\/it\/#organization\"},\"potentialAction\":[{\"@type\":\"SearchAction\",\"target\":{\"@type\":\"EntryPoint\",\"urlTemplate\":\"https:\/\/dutchmicrodosing.com\/it\/?s={search_term_string}\"},\"query-input\":{\"@type\":\"PropertyValueSpecification\",\"valueRequired\":true,\"valueName\":\"search_term_string\"}}],\"inLanguage\":\"it-IT\"},{\"@type\":\"Organization\",\"@id\":\"https:\/\/dutchmicrodosing.com\/it\/#organization\",\"name\":\"Dutchmicrodosing\",\"url\":\"https:\/\/dutchmicrodosing.com\/it\/\",\"logo\":{\"@type\":\"ImageObject\",\"inLanguage\":\"it-IT\",\"@id\":\"https:\/\/dutchmicrodosing.com\/it\/#\/schema\/logo\/image\/\",\"url\":\"https:\/\/dutchmicrodosing.com\/wp-content\/uploads\/2021\/01\/microdosing-categorie-pic-nieuw.jpg\",\"contentUrl\":\"https:\/\/dutchmicrodosing.com\/wp-content\/uploads\/2021\/01\/microdosing-categorie-pic-nieuw.jpg\",\"width\":500,\"height\":500,\"caption\":\"Dutchmicrodosing\"},\"image\":{\"@id\":\"https:\/\/dutchmicrodosing.com\/it\/#\/schema\/logo\/image\/\"},\"sameAs\":[\"https:\/\/www.facebook.com\/Dutchmicrodosingxp\/\",\"https:\/\/www.instagram.com\/dutchmicrodosing\/\"]}]}<\/script>\n<meta property=\"product:price:amount\" content=\"44.95\" \/>\n<meta property=\"product:price:currency\" content=\"EUR\" \/>\n<meta property=\"og:availability\" content=\"instock\" \/>\n<meta property=\"product:availability\" content=\"instock\" \/>\n<meta property=\"product:retailer_item_id\" content=\"5204531\" \/>\n<meta property=\"product:condition\" content=\"new\" \/>\n<!-- \/ Yoast SEO Premium plugin. -->","yoast_head_json":{"title":"Kit per la coltivazione di funghi Mac Galactic - Dutchmicrodosing","description":"Scopri il kit per la coltivazione dei funghi Mac Galactic di Mystic Fungi. Coltiva facilmente funghi potenti con questo kit di coltivazione facile da usare.","robots":{"index":"index","follow":"follow","max-snippet":"max-snippet:-1","max-image-preview":"max-image-preview:large","max-video-preview":"max-video-preview:-1"},"canonical":"https:\/\/dutchmicrodosing.com\/it\/funghi-allucinogeni\/kit-di-coltivazione-mystic-fungi\/mac-galactic-paddo-kweekset\/","og_locale":"it_IT","og_type":"article","og_title":"Kit per la coltivazione di funghi Mac Galactic","og_description":"Il kit per la coltivazione dei funghi Mac Galactic di Mystic Fungi \u00e8 il tuo biglietto per un'affascinante esperienza di coltivazione. Questo kit di","og_url":"https:\/\/dutchmicrodosing.com\/it\/funghi-allucinogeni\/kit-di-coltivazione-mystic-fungi\/mac-galactic-paddo-kweekset\/","og_site_name":"Dutchmicrodosing","article_publisher":"https:\/\/www.facebook.com\/Dutchmicrodosingxp\/","article_modified_time":"2026-02-03T15:39:26+00:00","og_image":[{"width":1512,"height":1512,"url":"https:\/\/dutchmicrodosing.com\/wp-content\/uploads\/2025\/04\/1000016499.jpg","type":"image\/jpeg"}],"twitter_card":"summary_large_image","schema":{"@context":"https:\/\/schema.org","@graph":[{"@type":"WebPage","@id":"https:\/\/dutchmicrodosing.com\/it\/funghi-allucinogeni\/kit-di-coltivazione-mystic-fungi\/mac-galactic-paddo-kweekset\/","url":"https:\/\/dutchmicrodosing.com\/it\/funghi-allucinogeni\/kit-di-coltivazione-mystic-fungi\/mac-galactic-paddo-kweekset\/","name":"Kit per la coltivazione di funghi Mac Galactic - Dutchmicrodosing","isPartOf":{"@id":"https:\/\/dutchmicrodosing.com\/it\/#website"},"primaryImageOfPage":{"@id":"https:\/\/dutchmicrodosing.com\/it\/funghi-allucinogeni\/kit-di-coltivazione-mystic-fungi\/mac-galactic-paddo-kweekset\/#primaryimage"},"image":{"@id":"https:\/\/dutchmicrodosing.com\/it\/funghi-allucinogeni\/kit-di-coltivazione-mystic-fungi\/mac-galactic-paddo-kweekset\/#primaryimage"},"thumbnailUrl":"https:\/\/dutchmicrodosing.com\/wp-content\/uploads\/2025\/04\/1000016499.jpg","datePublished":"2025-04-07T12:39:31+00:00","dateModified":"2026-02-03T15:39:26+00:00","description":"Scopri il kit per la coltivazione dei funghi Mac Galactic di Mystic Fungi. Coltiva facilmente funghi potenti con questo kit di coltivazione facile da usare.","breadcrumb":{"@id":"https:\/\/dutchmicrodosing.com\/it\/funghi-allucinogeni\/kit-di-coltivazione-mystic-fungi\/mac-galactic-paddo-kweekset\/#breadcrumb"},"inLanguage":"it-IT","potentialAction":[{"@type":"ReadAction","target":["https:\/\/dutchmicrodosing.com\/it\/funghi-allucinogeni\/kit-di-coltivazione-mystic-fungi\/mac-galactic-paddo-kweekset\/"]}]},{"@type":"ImageObject","inLanguage":"it-IT","@id":"https:\/\/dutchmicrodosing.com\/it\/funghi-allucinogeni\/kit-di-coltivazione-mystic-fungi\/mac-galactic-paddo-kweekset\/#primaryimage","url":"https:\/\/dutchmicrodosing.com\/wp-content\/uploads\/2025\/04\/1000016499.jpg","contentUrl":"https:\/\/dutchmicrodosing.com\/wp-content\/uploads\/2025\/04\/1000016499.jpg","width":1512,"height":1512,"caption":"Kit per la coltivazione di funghi Mac Galactic"},{"@type":"BreadcrumbList","@id":"https:\/\/dutchmicrodosing.com\/it\/funghi-allucinogeni\/kit-di-coltivazione-mystic-fungi\/mac-galactic-paddo-kweekset\/#breadcrumb","itemListElement":[{"@type":"ListItem","position":1,"name":"Home","item":"https:\/\/dutchmicrodosing.com\/it\/"},{"@type":"ListItem","position":2,"name":"Negozio","item":"https:\/\/dutchmicrodosing.com\/it\/negozio\/"},{"@type":"ListItem","position":3,"name":"Kit per la coltivazione di funghi Mac Galactic"}]},{"@type":"WebSite","@id":"https:\/\/dutchmicrodosing.com\/it\/#website","url":"https:\/\/dutchmicrodosing.com\/it\/","name":"Dutchmicrodosing","description":"","publisher":{"@id":"https:\/\/dutchmicrodosing.com\/it\/#organization"},"potentialAction":[{"@type":"SearchAction","target":{"@type":"EntryPoint","urlTemplate":"https:\/\/dutchmicrodosing.com\/it\/?s={search_term_string}"},"query-input":{"@type":"PropertyValueSpecification","valueRequired":true,"valueName":"search_term_string"}}],"inLanguage":"it-IT"},{"@type":"Organization","@id":"https:\/\/dutchmicrodosing.com\/it\/#organization","name":"Dutchmicrodosing","url":"https:\/\/dutchmicrodosing.com\/it\/","logo":{"@type":"ImageObject","inLanguage":"it-IT","@id":"https:\/\/dutchmicrodosing.com\/it\/#\/schema\/logo\/image\/","url":"https:\/\/dutchmicrodosing.com\/wp-content\/uploads\/2021\/01\/microdosing-categorie-pic-nieuw.jpg","contentUrl":"https:\/\/dutchmicrodosing.com\/wp-content\/uploads\/2021\/01\/microdosing-categorie-pic-nieuw.jpg","width":500,"height":500,"caption":"Dutchmicrodosing"},"image":{"@id":"https:\/\/dutchmicrodosing.com\/it\/#\/schema\/logo\/image\/"},"sameAs":["https:\/\/www.facebook.com\/Dutchmicrodosingxp\/","https:\/\/www.instagram.com\/dutchmicrodosing\/"]}]},"product_price_amount":"44.95","product_price_currency":"EUR","og_availability":"instock","product_availability":"instock","product_retailer_item_id":"5204531","product_condition":"new"},"_links":{"self":[{"href":"https:\/\/dutchmicrodosing.com\/it\/wp-json\/wp\/v2\/product\/46972","targetHints":{"allow":["GET"]}}],"collection":[{"href":"https:\/\/dutchmicrodosing.com\/it\/wp-json\/wp\/v2\/product"}],"about":[{"href":"https:\/\/dutchmicrodosing.com\/it\/wp-json\/wp\/v2\/types\/product"}],"replies":[{"embeddable":true,"href":"https:\/\/dutchmicrodosing.com\/it\/wp-json\/wp\/v2\/comments?post=46972"}],"version-history":[{"count":1,"href":"https:\/\/dutchmicrodosing.com\/it\/wp-json\/wp\/v2\/product\/46972\/revisions"}],"predecessor-version":[{"id":64264,"href":"https:\/\/dutchmicrodosing.com\/it\/wp-json\/wp\/v2\/product\/46972\/revisions\/64264"}],"wp:featuredmedia":[{"embeddable":true,"href":"https:\/\/dutchmicrodosing.com\/it\/wp-json\/wp\/v2\/media\/46965"}],"wp:attachment":[{"href":"https:\/\/dutchmicrodosing.com\/it\/wp-json\/wp\/v2\/media?parent=46972"}],"wp:term":[{"taxonomy":"product_brand","embeddable":true,"href":"https:\/\/dutchmicrodosing.com\/it\/wp-json\/wp\/v2\/product_brand?post=46972"},{"taxonomy":"product_cat","embeddable":true,"href":"https:\/\/dutchmicrodosing.com\/it\/wp-json\/wp\/v2\/product_cat?post=46972"},{"taxonomy":"product_tag","embeddable":true,"href":"https:\/\/dutchmicrodosing.com\/it\/wp-json\/wp\/v2\/product_tag?post=46972"}],"curies":[{"name":"wp","href":"https:\/\/api.w.org\/{rel}","templated":true}]}}