{"id":46990,"date":"2025-04-07T15:11:09","date_gmt":"2025-04-07T13:11:09","guid":{"rendered":"https:\/\/dutchmicrodosing.com\/shop\/senza-categoria\/cascadian-teacher-paddo-kweekset\/"},"modified":"2025-08-18T16:52:57","modified_gmt":"2025-08-18T14:52:57","slug":"cascadian-teacher-paddo-kweekset","status":"publish","type":"product","link":"https:\/\/dutchmicrodosing.com\/it\/funghi-allucinogeni\/kit-di-coltivazione-mystic-fungi\/cascadian-teacher-paddo-kweekset\/","title":{"rendered":"Kit per la coltivazione dei funghi Cascadian Teacher"},"content":{"rendered":"<p>Il <strong>kit di coltivazione per funghi Cascadian Teacher<\/strong> \u00e8 una variet\u00e0 di funghi potente e flessibile che si basa sulla reputazione della classica Golden Teacher. La sua crescita rapida e l&#8217;adattabilit\u00e0 a diversi substrati la rendono una scelta eccellente sia per i coltivatori alle prime armi che per quelli pi\u00f9 esperti. La coltura liquida \u00e8 confezionata in modo sterile per garantire una purezza ottimale e un rischio minimo di contaminazione.<\/p>\n<h3>Caratteristiche<\/h3>\n<ul>\n<li>Variet\u00e0: Psilocybe Cubensis Cascadian Teacher &#8211; ispirata all&#8217;iconica Golden Teacher<\/li>\n<li>Contiene 10 ml di coltura liquida in una siringa sterile<\/li>\n<li>Coltivato in condizioni controllate e sterili per la massima affidabilit\u00e0<\/li>\n<li>Colonizzazione rapida di vari substrati<\/li>\n<li>Facile da usare per ogni livello di coltivazione<\/li>\n<\/ul>\n<h3>Ingredienti e\/o composizione<\/h3>\n<ul>\n<li>10 ml di coltura liquida Cascadian Teacher<\/li>\n<li>1x ago sterile (18G)<\/li>\n<li>1x salvietta alcolica per la disinfezione<\/li>\n<\/ul>\n<h3>Utilizzo<\/h3>\n<ol>\n<li>Lascia che la siringa si riscaldi prima di usarla.<\/li>\n<li>Assicurati un ambiente di lavoro pulito e disinfetta la porta di iniezione.<\/li>\n<li>Attacca l \u201cago e usa la salvietta all\u201d alcol per mantenere il tutto sterile.<\/li>\n<li>Iniettare 1-2 ml di liquido nel substrato scelto.<\/li>\n<li>Posiziona il substrato in un luogo buio e caldo (20-25\u00b0C) e segui lo sviluppo del micelio.<\/li>\n<\/ol>\n<h3>Requisiti per una coltivazione di successo<\/h3>\n<ul>\n<li><strong>Cibo:<\/strong> cereali sterili come segale o mais.<\/li>\n<li><strong>Substrato:<\/strong> ad esempio fibra di cocco, segatura, paglia o altro materiale biologico.<\/li>\n<li><strong>Coltura:<\/strong> questa coltura liquida o un&#8217;altra fonte di tracce<\/li>\n<\/ul>\n<p>Nota: mantieni l&#8217;umidit\u00e0 stabile con una growbag o una monotubo. Lavora sempre in modo igienico e usa un ago pulito per evitare contaminazioni.<\/p>\n<h3>Contenuto<\/h3>\n<ul>\n<li>1x 10 ml di coltura liquida con il micelio di Cascadian Teacher<\/li>\n<li>1x ago sterile 18G<\/li>\n<li>1x salvietta alcolica<\/li>\n<\/ul>\n<h3>Consigli per lo stoccaggio<\/h3>\n<p>Conservare a una temperatura compresa tra 2 e 8\u00b0C. Se conservato correttamente, pu\u00f2 essere utilizzato fino a 6 mesi. Tenere fuori dalla portata dei bambini.<\/p>\n","protected":false},"excerpt":{"rendered":"<p>Il kit di coltivazione per funghi Cascadian Teacher \u00e8 una variet\u00e0 di funghi potente e flessibile che si basa sulla reputazione della classica Golden Teacher. La sua crescita rapida e l&#8217;adattabilit\u00e0 a diversi substrati la rendono una scelta eccellente sia per i coltivatori alle prime armi che per quelli pi\u00f9 esperti. La coltura liquida \u00e8 [&hellip;]<\/p>\n","protected":false},"featured_media":46984,"comment_status":"closed","ping_status":"closed","template":"","meta":[],"product_brand":[],"product_cat":[344],"product_tag":[],"class_list":{"0":"post-46990","1":"product","2":"type-product","3":"status-publish","4":"has-post-thumbnail","6":"product_cat-kit-di-coltivazione-mystic-fungi","8":"first","9":"outofstock","10":"taxable","11":"shipping-taxable","12":"purchasable","13":"product-type-simple"},"yoast_head":"<!-- This site is optimized with the Yoast SEO Premium plugin v26.4 (Yoast SEO v27.2) - https:\/\/yoast.com\/product\/yoast-seo-premium-wordpress\/ -->\n<title>Kit per la coltivazione dei funghi Cascadian Teacher - Dutchmicrodosing<\/title>\n<meta name=\"description\" content=\"Coltiva tu stesso funghi potenti con il kit di coltivazione Cascadian Teacher. Kit di coltivazione completo con colonizzazione affidabile e facile da usare.\" \/>\n<meta name=\"robots\" content=\"index, follow, max-snippet:-1, max-image-preview:large, max-video-preview:-1\" \/>\n<link rel=\"canonical\" href=\"https:\/\/dutchmicrodosing.com\/it\/funghi-allucinogeni\/kit-di-coltivazione-mystic-fungi\/cascadian-teacher-paddo-kweekset\/\" \/>\n<meta property=\"og:locale\" content=\"it_IT\" \/>\n<meta property=\"og:type\" content=\"article\" \/>\n<meta property=\"og:title\" content=\"Kit per la coltivazione dei funghi Cascadian Teacher\" \/>\n<meta property=\"og:description\" content=\"Il kit di coltivazione per funghi Cascadian Teacher \u00e8 una variet\u00e0 di funghi potente e flessibile che si basa sulla reputazione della classica Golden\" \/>\n<meta property=\"og:url\" content=\"https:\/\/dutchmicrodosing.com\/it\/funghi-allucinogeni\/kit-di-coltivazione-mystic-fungi\/cascadian-teacher-paddo-kweekset\/\" \/>\n<meta property=\"og:site_name\" content=\"Dutchmicrodosing\" \/>\n<meta property=\"article:publisher\" content=\"https:\/\/www.facebook.com\/Dutchmicrodosingxp\/\" \/>\n<meta property=\"article:modified_time\" content=\"2025-08-18T14:52:57+00:00\" \/>\n<meta property=\"og:image\" content=\"https:\/\/dutchmicrodosing.com\/wp-content\/uploads\/2025\/04\/Cascadian-Teacher-Photoroom1.jpg\" \/>\n\t<meta property=\"og:image:width\" content=\"1512\" \/>\n\t<meta property=\"og:image:height\" content=\"1512\" \/>\n\t<meta property=\"og:image:type\" content=\"image\/jpeg\" \/>\n<meta name=\"twitter:card\" content=\"summary_large_image\" \/>\n<script type=\"application\/ld+json\" class=\"yoast-schema-graph\">{\"@context\":\"https:\/\/schema.org\",\"@graph\":[{\"@type\":\"WebPage\",\"@id\":\"https:\/\/dutchmicrodosing.com\/it\/funghi-allucinogeni\/kit-di-coltivazione-mystic-fungi\/cascadian-teacher-paddo-kweekset\/\",\"url\":\"https:\/\/dutchmicrodosing.com\/it\/funghi-allucinogeni\/kit-di-coltivazione-mystic-fungi\/cascadian-teacher-paddo-kweekset\/\",\"name\":\"Kit per la coltivazione dei funghi Cascadian Teacher - Dutchmicrodosing\",\"isPartOf\":{\"@id\":\"https:\/\/dutchmicrodosing.com\/it\/#website\"},\"primaryImageOfPage\":{\"@id\":\"https:\/\/dutchmicrodosing.com\/it\/funghi-allucinogeni\/kit-di-coltivazione-mystic-fungi\/cascadian-teacher-paddo-kweekset\/#primaryimage\"},\"image\":{\"@id\":\"https:\/\/dutchmicrodosing.com\/it\/funghi-allucinogeni\/kit-di-coltivazione-mystic-fungi\/cascadian-teacher-paddo-kweekset\/#primaryimage\"},\"thumbnailUrl\":\"https:\/\/dutchmicrodosing.com\/wp-content\/uploads\/2025\/04\/Cascadian-Teacher-Photoroom1.jpg\",\"datePublished\":\"2025-04-07T13:11:09+00:00\",\"dateModified\":\"2025-08-18T14:52:57+00:00\",\"description\":\"Coltiva tu stesso funghi potenti con il kit di coltivazione Cascadian Teacher. Kit di coltivazione completo con colonizzazione affidabile e facile da usare.\",\"breadcrumb\":{\"@id\":\"https:\/\/dutchmicrodosing.com\/it\/funghi-allucinogeni\/kit-di-coltivazione-mystic-fungi\/cascadian-teacher-paddo-kweekset\/#breadcrumb\"},\"inLanguage\":\"it-IT\",\"potentialAction\":[{\"@type\":\"ReadAction\",\"target\":[\"https:\/\/dutchmicrodosing.com\/it\/funghi-allucinogeni\/kit-di-coltivazione-mystic-fungi\/cascadian-teacher-paddo-kweekset\/\"]}]},{\"@type\":\"ImageObject\",\"inLanguage\":\"it-IT\",\"@id\":\"https:\/\/dutchmicrodosing.com\/it\/funghi-allucinogeni\/kit-di-coltivazione-mystic-fungi\/cascadian-teacher-paddo-kweekset\/#primaryimage\",\"url\":\"https:\/\/dutchmicrodosing.com\/wp-content\/uploads\/2025\/04\/Cascadian-Teacher-Photoroom1.jpg\",\"contentUrl\":\"https:\/\/dutchmicrodosing.com\/wp-content\/uploads\/2025\/04\/Cascadian-Teacher-Photoroom1.jpg\",\"width\":1512,\"height\":1512},{\"@type\":\"BreadcrumbList\",\"@id\":\"https:\/\/dutchmicrodosing.com\/it\/funghi-allucinogeni\/kit-di-coltivazione-mystic-fungi\/cascadian-teacher-paddo-kweekset\/#breadcrumb\",\"itemListElement\":[{\"@type\":\"ListItem\",\"position\":1,\"name\":\"Home\",\"item\":\"https:\/\/dutchmicrodosing.com\/it\/\"},{\"@type\":\"ListItem\",\"position\":2,\"name\":\"Negozio\",\"item\":\"https:\/\/dutchmicrodosing.com\/it\/negozio\/\"},{\"@type\":\"ListItem\",\"position\":3,\"name\":\"Kit per la coltivazione dei funghi Cascadian Teacher\"}]},{\"@type\":\"WebSite\",\"@id\":\"https:\/\/dutchmicrodosing.com\/it\/#website\",\"url\":\"https:\/\/dutchmicrodosing.com\/it\/\",\"name\":\"Dutchmicrodosing\",\"description\":\"\",\"publisher\":{\"@id\":\"https:\/\/dutchmicrodosing.com\/it\/#organization\"},\"potentialAction\":[{\"@type\":\"SearchAction\",\"target\":{\"@type\":\"EntryPoint\",\"urlTemplate\":\"https:\/\/dutchmicrodosing.com\/it\/?s={search_term_string}\"},\"query-input\":{\"@type\":\"PropertyValueSpecification\",\"valueRequired\":true,\"valueName\":\"search_term_string\"}}],\"inLanguage\":\"it-IT\"},{\"@type\":\"Organization\",\"@id\":\"https:\/\/dutchmicrodosing.com\/it\/#organization\",\"name\":\"Dutchmicrodosing\",\"url\":\"https:\/\/dutchmicrodosing.com\/it\/\",\"logo\":{\"@type\":\"ImageObject\",\"inLanguage\":\"it-IT\",\"@id\":\"https:\/\/dutchmicrodosing.com\/it\/#\/schema\/logo\/image\/\",\"url\":\"https:\/\/dutchmicrodosing.com\/wp-content\/uploads\/2021\/01\/microdosing-categorie-pic-nieuw.jpg\",\"contentUrl\":\"https:\/\/dutchmicrodosing.com\/wp-content\/uploads\/2021\/01\/microdosing-categorie-pic-nieuw.jpg\",\"width\":500,\"height\":500,\"caption\":\"Dutchmicrodosing\"},\"image\":{\"@id\":\"https:\/\/dutchmicrodosing.com\/it\/#\/schema\/logo\/image\/\"},\"sameAs\":[\"https:\/\/www.facebook.com\/Dutchmicrodosingxp\/\",\"https:\/\/www.instagram.com\/dutchmicrodosing\/\"]}]}<\/script>\n<meta property=\"product:price:amount\" content=\"44.95\" \/>\n<meta property=\"product:price:currency\" content=\"EUR\" \/>\n<meta property=\"og:availability\" content=\"out of stock\" \/>\n<meta property=\"product:availability\" content=\"out of stock\" \/>\n<meta property=\"product:retailer_item_id\" content=\"5204986\" \/>\n<meta property=\"product:condition\" content=\"new\" \/>\n<!-- \/ Yoast SEO Premium plugin. -->","yoast_head_json":{"title":"Kit per la coltivazione dei funghi Cascadian Teacher - Dutchmicrodosing","description":"Coltiva tu stesso funghi potenti con il kit di coltivazione Cascadian Teacher. Kit di coltivazione completo con colonizzazione affidabile e facile da usare.","robots":{"index":"index","follow":"follow","max-snippet":"max-snippet:-1","max-image-preview":"max-image-preview:large","max-video-preview":"max-video-preview:-1"},"canonical":"https:\/\/dutchmicrodosing.com\/it\/funghi-allucinogeni\/kit-di-coltivazione-mystic-fungi\/cascadian-teacher-paddo-kweekset\/","og_locale":"it_IT","og_type":"article","og_title":"Kit per la coltivazione dei funghi Cascadian Teacher","og_description":"Il kit di coltivazione per funghi Cascadian Teacher \u00e8 una variet\u00e0 di funghi potente e flessibile che si basa sulla reputazione della classica Golden","og_url":"https:\/\/dutchmicrodosing.com\/it\/funghi-allucinogeni\/kit-di-coltivazione-mystic-fungi\/cascadian-teacher-paddo-kweekset\/","og_site_name":"Dutchmicrodosing","article_publisher":"https:\/\/www.facebook.com\/Dutchmicrodosingxp\/","article_modified_time":"2025-08-18T14:52:57+00:00","og_image":[{"width":1512,"height":1512,"url":"https:\/\/dutchmicrodosing.com\/wp-content\/uploads\/2025\/04\/Cascadian-Teacher-Photoroom1.jpg","type":"image\/jpeg"}],"twitter_card":"summary_large_image","schema":{"@context":"https:\/\/schema.org","@graph":[{"@type":"WebPage","@id":"https:\/\/dutchmicrodosing.com\/it\/funghi-allucinogeni\/kit-di-coltivazione-mystic-fungi\/cascadian-teacher-paddo-kweekset\/","url":"https:\/\/dutchmicrodosing.com\/it\/funghi-allucinogeni\/kit-di-coltivazione-mystic-fungi\/cascadian-teacher-paddo-kweekset\/","name":"Kit per la coltivazione dei funghi Cascadian Teacher - Dutchmicrodosing","isPartOf":{"@id":"https:\/\/dutchmicrodosing.com\/it\/#website"},"primaryImageOfPage":{"@id":"https:\/\/dutchmicrodosing.com\/it\/funghi-allucinogeni\/kit-di-coltivazione-mystic-fungi\/cascadian-teacher-paddo-kweekset\/#primaryimage"},"image":{"@id":"https:\/\/dutchmicrodosing.com\/it\/funghi-allucinogeni\/kit-di-coltivazione-mystic-fungi\/cascadian-teacher-paddo-kweekset\/#primaryimage"},"thumbnailUrl":"https:\/\/dutchmicrodosing.com\/wp-content\/uploads\/2025\/04\/Cascadian-Teacher-Photoroom1.jpg","datePublished":"2025-04-07T13:11:09+00:00","dateModified":"2025-08-18T14:52:57+00:00","description":"Coltiva tu stesso funghi potenti con il kit di coltivazione Cascadian Teacher. Kit di coltivazione completo con colonizzazione affidabile e facile da usare.","breadcrumb":{"@id":"https:\/\/dutchmicrodosing.com\/it\/funghi-allucinogeni\/kit-di-coltivazione-mystic-fungi\/cascadian-teacher-paddo-kweekset\/#breadcrumb"},"inLanguage":"it-IT","potentialAction":[{"@type":"ReadAction","target":["https:\/\/dutchmicrodosing.com\/it\/funghi-allucinogeni\/kit-di-coltivazione-mystic-fungi\/cascadian-teacher-paddo-kweekset\/"]}]},{"@type":"ImageObject","inLanguage":"it-IT","@id":"https:\/\/dutchmicrodosing.com\/it\/funghi-allucinogeni\/kit-di-coltivazione-mystic-fungi\/cascadian-teacher-paddo-kweekset\/#primaryimage","url":"https:\/\/dutchmicrodosing.com\/wp-content\/uploads\/2025\/04\/Cascadian-Teacher-Photoroom1.jpg","contentUrl":"https:\/\/dutchmicrodosing.com\/wp-content\/uploads\/2025\/04\/Cascadian-Teacher-Photoroom1.jpg","width":1512,"height":1512},{"@type":"BreadcrumbList","@id":"https:\/\/dutchmicrodosing.com\/it\/funghi-allucinogeni\/kit-di-coltivazione-mystic-fungi\/cascadian-teacher-paddo-kweekset\/#breadcrumb","itemListElement":[{"@type":"ListItem","position":1,"name":"Home","item":"https:\/\/dutchmicrodosing.com\/it\/"},{"@type":"ListItem","position":2,"name":"Negozio","item":"https:\/\/dutchmicrodosing.com\/it\/negozio\/"},{"@type":"ListItem","position":3,"name":"Kit per la coltivazione dei funghi Cascadian Teacher"}]},{"@type":"WebSite","@id":"https:\/\/dutchmicrodosing.com\/it\/#website","url":"https:\/\/dutchmicrodosing.com\/it\/","name":"Dutchmicrodosing","description":"","publisher":{"@id":"https:\/\/dutchmicrodosing.com\/it\/#organization"},"potentialAction":[{"@type":"SearchAction","target":{"@type":"EntryPoint","urlTemplate":"https:\/\/dutchmicrodosing.com\/it\/?s={search_term_string}"},"query-input":{"@type":"PropertyValueSpecification","valueRequired":true,"valueName":"search_term_string"}}],"inLanguage":"it-IT"},{"@type":"Organization","@id":"https:\/\/dutchmicrodosing.com\/it\/#organization","name":"Dutchmicrodosing","url":"https:\/\/dutchmicrodosing.com\/it\/","logo":{"@type":"ImageObject","inLanguage":"it-IT","@id":"https:\/\/dutchmicrodosing.com\/it\/#\/schema\/logo\/image\/","url":"https:\/\/dutchmicrodosing.com\/wp-content\/uploads\/2021\/01\/microdosing-categorie-pic-nieuw.jpg","contentUrl":"https:\/\/dutchmicrodosing.com\/wp-content\/uploads\/2021\/01\/microdosing-categorie-pic-nieuw.jpg","width":500,"height":500,"caption":"Dutchmicrodosing"},"image":{"@id":"https:\/\/dutchmicrodosing.com\/it\/#\/schema\/logo\/image\/"},"sameAs":["https:\/\/www.facebook.com\/Dutchmicrodosingxp\/","https:\/\/www.instagram.com\/dutchmicrodosing\/"]}]},"product_price_amount":"44.95","product_price_currency":"EUR","og_availability":"out of stock","product_availability":"out of stock","product_retailer_item_id":"5204986","product_condition":"new"},"_links":{"self":[{"href":"https:\/\/dutchmicrodosing.com\/it\/wp-json\/wp\/v2\/product\/46990","targetHints":{"allow":["GET"]}}],"collection":[{"href":"https:\/\/dutchmicrodosing.com\/it\/wp-json\/wp\/v2\/product"}],"about":[{"href":"https:\/\/dutchmicrodosing.com\/it\/wp-json\/wp\/v2\/types\/product"}],"replies":[{"embeddable":true,"href":"https:\/\/dutchmicrodosing.com\/it\/wp-json\/wp\/v2\/comments?post=46990"}],"version-history":[{"count":0,"href":"https:\/\/dutchmicrodosing.com\/it\/wp-json\/wp\/v2\/product\/46990\/revisions"}],"wp:featuredmedia":[{"embeddable":true,"href":"https:\/\/dutchmicrodosing.com\/it\/wp-json\/wp\/v2\/media\/46984"}],"wp:attachment":[{"href":"https:\/\/dutchmicrodosing.com\/it\/wp-json\/wp\/v2\/media?parent=46990"}],"wp:term":[{"taxonomy":"product_brand","embeddable":true,"href":"https:\/\/dutchmicrodosing.com\/it\/wp-json\/wp\/v2\/product_brand?post=46990"},{"taxonomy":"product_cat","embeddable":true,"href":"https:\/\/dutchmicrodosing.com\/it\/wp-json\/wp\/v2\/product_cat?post=46990"},{"taxonomy":"product_tag","embeddable":true,"href":"https:\/\/dutchmicrodosing.com\/it\/wp-json\/wp\/v2\/product_tag?post=46990"}],"curies":[{"name":"wp","href":"https:\/\/api.w.org\/{rel}","templated":true}]}}