{"id":47026,"date":"2025-04-08T11:45:58","date_gmt":"2025-04-08T09:45:58","guid":{"rendered":"https:\/\/dutchmicrodosing.com\/shop\/senza-categoria\/organic-tea-1-3-cbd-relax\/"},"modified":"2025-09-03T02:24:58","modified_gmt":"2025-09-03T00:24:58","slug":"organic-tea-1-3-cbd-relax","status":"publish","type":"product","link":"https:\/\/dutchmicrodosing.com\/it\/negozio-di-salute\/cbd-e-integratori-alimentari\/organic-tea-1-3-cbd-relax\/","title":{"rendered":"T\u00e8 organico 1-3% CBD &#8211; Relax"},"content":{"rendered":"<p>Il <strong>t\u00e8 organico 1-3% CBD &#8211; Relax<\/strong> di Plant of Remedy \u00e8 pensato per chi cerca un momento di tranquillit\u00e0 naturale. Questa tisana senza caffeina \u00e8 composta da una miscela accuratamente miscelata di ingredienti biologici ed \u00e8 adatta all&#8217;uso quotidiano sia di giorno che di sera. Un prodotto funzionale e di gusto all&#8217;interno di uno stile di vita consapevole.<\/p>\n<h3>Caratteristiche<\/h3>\n<ul>\n<li>Realizzato con una miscela di foglie di canapa, rooibos, finocchio, citronella, menta, stevia, rosa canina, mirtilli, rose e aromi naturali di frutti di bosco e limone.<\/li>\n<li>Completamente organico e senza caffeina<\/li>\n<li>Bustine di t\u00e8 riutilizzabili: utilizzabili fino a tre volte per ogni bustina<\/li>\n<li>Imballaggi realizzati con materiali provenienti da foreste gestite in modo responsabile<\/li>\n<li>Bustine di t\u00e8 biodegradabili<\/li>\n<\/ul>\n<h3>Ingredienti e\/o composizione<\/h3>\n<p>Foglie di canapa (con 1-3% di CBD), rooibos, finocchio, citronella, menta, stevia, rosa canina, mirtilli, rose, aroma naturale di frutti di bosco e limone.<\/p>\n<h3>Utilizzo<\/h3>\n<p>Metti una bustina di t\u00e8 in una tazza di acqua calda e lascia in infusione per 5-7 minuti. Il tempo di estrazione pu\u00f2 essere regolato in base alle preferenze personali. Ogni busta pu\u00f2 essere utilizzata pi\u00f9 volte, fino a tre infusioni per busta.<\/p>\n<h3>Contenuto<\/h3>\n<p>20 grammi (10 bustine da 2 grammi)<\/p>\n","protected":false},"excerpt":{"rendered":"<p>Il t\u00e8 organico 1-3% CBD &#8211; Relax di Plant of Remedy \u00e8 pensato per chi cerca un momento di tranquillit\u00e0 naturale. Questa tisana senza caffeina \u00e8 composta da una miscela accuratamente miscelata di ingredienti biologici ed \u00e8 adatta all&#8217;uso quotidiano sia di giorno che di sera. Un prodotto funzionale e di gusto all&#8217;interno di uno [&hellip;]<\/p>\n","protected":false},"featured_media":47020,"comment_status":"closed","ping_status":"closed","template":"","meta":[],"product_brand":[],"product_cat":[287,304],"product_tag":[],"class_list":{"0":"post-47026","1":"product","2":"type-product","3":"status-publish","4":"has-post-thumbnail","6":"product_cat-cbd-e-integratori-alimentari","7":"product_cat-integratori-relaxt","9":"first","10":"instock","11":"taxable","12":"shipping-taxable","13":"purchasable","14":"product-type-simple"},"yoast_head":"<!-- This site is optimized with the Yoast SEO Premium plugin v26.4 (Yoast SEO v27.4) - https:\/\/yoast.com\/product\/yoast-seo-premium-wordpress\/ -->\n<title>T\u00e8 organico 1-3% CBD - Relax - Dutchmicrodosing<\/title>\n<meta name=\"description\" content=\"Il t\u00e8 organico 1-3% CBD - Relax di Plant of Remedy \u00e8 un t\u00e8 organico senza caffeina con ingredienti naturali. Confezionato in modo durevole e adatto per...\" \/>\n<meta name=\"robots\" content=\"index, follow, max-snippet:-1, max-image-preview:large, max-video-preview:-1\" \/>\n<link rel=\"canonical\" href=\"https:\/\/dutchmicrodosing.com\/it\/negozio-di-salute\/cbd-e-integratori-alimentari\/organic-tea-1-3-cbd-relax\/\" \/>\n<meta property=\"og:locale\" content=\"it_IT\" \/>\n<meta property=\"og:type\" content=\"article\" \/>\n<meta property=\"og:title\" content=\"T\u00e8 organico 1-3% CBD - Relax\" \/>\n<meta property=\"og:description\" content=\"Il t\u00e8 organico 1-3% CBD - Relax di Plant of Remedy \u00e8 pensato per chi cerca un momento di tranquillit\u00e0 naturale. Questa tisana senza caffeina \u00e8 composta da\" \/>\n<meta property=\"og:url\" content=\"https:\/\/dutchmicrodosing.com\/it\/negozio-di-salute\/cbd-e-integratori-alimentari\/organic-tea-1-3-cbd-relax\/\" \/>\n<meta property=\"og:site_name\" content=\"Dutchmicrodosing\" \/>\n<meta property=\"article:publisher\" content=\"https:\/\/www.facebook.com\/Dutchmicrodosingxp\/\" \/>\n<meta property=\"article:modified_time\" content=\"2025-09-03T00:24:58+00:00\" \/>\n<meta property=\"og:image\" content=\"https:\/\/dutchmicrodosing.com\/wp-content\/uploads\/2025\/04\/wholesale-cbd-tea-relax-plant-of-remedy_LRG.jpg\" \/>\n\t<meta property=\"og:image:width\" content=\"1600\" \/>\n\t<meta property=\"og:image:height\" content=\"1600\" \/>\n\t<meta property=\"og:image:type\" content=\"image\/jpeg\" \/>\n<meta name=\"twitter:card\" content=\"summary_large_image\" \/>\n<script type=\"application\/ld+json\" class=\"yoast-schema-graph\">{\"@context\":\"https:\\\/\\\/schema.org\",\"@graph\":[{\"@type\":\"WebPage\",\"@id\":\"https:\\\/\\\/dutchmicrodosing.com\\\/it\\\/negozio-di-salute\\\/cbd-e-integratori-alimentari\\\/organic-tea-1-3-cbd-relax\\\/\",\"url\":\"https:\\\/\\\/dutchmicrodosing.com\\\/it\\\/negozio-di-salute\\\/cbd-e-integratori-alimentari\\\/organic-tea-1-3-cbd-relax\\\/\",\"name\":\"T\u00e8 organico 1-3% CBD - Relax - Dutchmicrodosing\",\"isPartOf\":{\"@id\":\"https:\\\/\\\/dutchmicrodosing.com\\\/it\\\/#website\"},\"primaryImageOfPage\":{\"@id\":\"https:\\\/\\\/dutchmicrodosing.com\\\/it\\\/negozio-di-salute\\\/cbd-e-integratori-alimentari\\\/organic-tea-1-3-cbd-relax\\\/#primaryimage\"},\"image\":{\"@id\":\"https:\\\/\\\/dutchmicrodosing.com\\\/it\\\/negozio-di-salute\\\/cbd-e-integratori-alimentari\\\/organic-tea-1-3-cbd-relax\\\/#primaryimage\"},\"thumbnailUrl\":\"https:\\\/\\\/dutchmicrodosing.com\\\/wp-content\\\/uploads\\\/2025\\\/04\\\/wholesale-cbd-tea-relax-plant-of-remedy_LRG.jpg\",\"datePublished\":\"2025-04-08T09:45:58+00:00\",\"dateModified\":\"2025-09-03T00:24:58+00:00\",\"description\":\"Il t\u00e8 organico 1-3% CBD - Relax di Plant of Remedy \u00e8 un t\u00e8 organico senza caffeina con ingredienti naturali. Confezionato in modo durevole e adatto per...\",\"breadcrumb\":{\"@id\":\"https:\\\/\\\/dutchmicrodosing.com\\\/it\\\/negozio-di-salute\\\/cbd-e-integratori-alimentari\\\/organic-tea-1-3-cbd-relax\\\/#breadcrumb\"},\"inLanguage\":\"it-IT\",\"potentialAction\":[{\"@type\":\"ReadAction\",\"target\":[\"https:\\\/\\\/dutchmicrodosing.com\\\/it\\\/negozio-di-salute\\\/cbd-e-integratori-alimentari\\\/organic-tea-1-3-cbd-relax\\\/\"]}]},{\"@type\":\"ImageObject\",\"inLanguage\":\"it-IT\",\"@id\":\"https:\\\/\\\/dutchmicrodosing.com\\\/it\\\/negozio-di-salute\\\/cbd-e-integratori-alimentari\\\/organic-tea-1-3-cbd-relax\\\/#primaryimage\",\"url\":\"https:\\\/\\\/dutchmicrodosing.com\\\/wp-content\\\/uploads\\\/2025\\\/04\\\/wholesale-cbd-tea-relax-plant-of-remedy_LRG.jpg\",\"contentUrl\":\"https:\\\/\\\/dutchmicrodosing.com\\\/wp-content\\\/uploads\\\/2025\\\/04\\\/wholesale-cbd-tea-relax-plant-of-remedy_LRG.jpg\",\"width\":1600,\"height\":1600,\"caption\":\"cbd tea rleaxed\"},{\"@type\":\"BreadcrumbList\",\"@id\":\"https:\\\/\\\/dutchmicrodosing.com\\\/it\\\/negozio-di-salute\\\/cbd-e-integratori-alimentari\\\/organic-tea-1-3-cbd-relax\\\/#breadcrumb\",\"itemListElement\":[{\"@type\":\"ListItem\",\"position\":1,\"name\":\"Home\",\"item\":\"https:\\\/\\\/dutchmicrodosing.com\\\/it\\\/\"},{\"@type\":\"ListItem\",\"position\":2,\"name\":\"Negozio\",\"item\":\"https:\\\/\\\/dutchmicrodosing.com\\\/it\\\/negozio\\\/\"},{\"@type\":\"ListItem\",\"position\":3,\"name\":\"T\u00e8 organico 1-3% CBD &#8211; Relax\"}]},{\"@type\":\"WebSite\",\"@id\":\"https:\\\/\\\/dutchmicrodosing.com\\\/it\\\/#website\",\"url\":\"https:\\\/\\\/dutchmicrodosing.com\\\/it\\\/\",\"name\":\"Dutchmicrodosing\",\"description\":\"\",\"publisher\":{\"@id\":\"https:\\\/\\\/dutchmicrodosing.com\\\/it\\\/#organization\"},\"potentialAction\":[{\"@type\":\"SearchAction\",\"target\":{\"@type\":\"EntryPoint\",\"urlTemplate\":\"https:\\\/\\\/dutchmicrodosing.com\\\/it\\\/?s={search_term_string}\"},\"query-input\":{\"@type\":\"PropertyValueSpecification\",\"valueRequired\":true,\"valueName\":\"search_term_string\"}}],\"inLanguage\":\"it-IT\"},{\"@type\":\"Organization\",\"@id\":\"https:\\\/\\\/dutchmicrodosing.com\\\/it\\\/#organization\",\"name\":\"Dutchmicrodosing\",\"url\":\"https:\\\/\\\/dutchmicrodosing.com\\\/it\\\/\",\"logo\":{\"@type\":\"ImageObject\",\"inLanguage\":\"it-IT\",\"@id\":\"https:\\\/\\\/dutchmicrodosing.com\\\/it\\\/#\\\/schema\\\/logo\\\/image\\\/\",\"url\":\"https:\\\/\\\/dutchmicrodosing.com\\\/wp-content\\\/uploads\\\/2021\\\/01\\\/microdosing-categorie-pic-nieuw.jpg\",\"contentUrl\":\"https:\\\/\\\/dutchmicrodosing.com\\\/wp-content\\\/uploads\\\/2021\\\/01\\\/microdosing-categorie-pic-nieuw.jpg\",\"width\":500,\"height\":500,\"caption\":\"Dutchmicrodosing\"},\"image\":{\"@id\":\"https:\\\/\\\/dutchmicrodosing.com\\\/it\\\/#\\\/schema\\\/logo\\\/image\\\/\"},\"sameAs\":[\"https:\\\/\\\/www.facebook.com\\\/Dutchmicrodosingxp\\\/\",\"https:\\\/\\\/www.instagram.com\\\/dutchmicrodosing\\\/\"]}]}<\/script>\n<meta property=\"product:price:amount\" content=\"6.95\" \/>\n<meta property=\"product:price:currency\" content=\"EUR\" \/>\n<meta property=\"og:availability\" content=\"instock\" \/>\n<meta property=\"product:availability\" content=\"instock\" \/>\n<meta property=\"product:retailer_item_id\" content=\"5204441\" \/>\n<meta property=\"product:condition\" content=\"new\" \/>\n<!-- \/ Yoast SEO Premium plugin. -->","yoast_head_json":{"title":"T\u00e8 organico 1-3% CBD - Relax - Dutchmicrodosing","description":"Il t\u00e8 organico 1-3% CBD - Relax di Plant of Remedy \u00e8 un t\u00e8 organico senza caffeina con ingredienti naturali. Confezionato in modo durevole e adatto per...","robots":{"index":"index","follow":"follow","max-snippet":"max-snippet:-1","max-image-preview":"max-image-preview:large","max-video-preview":"max-video-preview:-1"},"canonical":"https:\/\/dutchmicrodosing.com\/it\/negozio-di-salute\/cbd-e-integratori-alimentari\/organic-tea-1-3-cbd-relax\/","og_locale":"it_IT","og_type":"article","og_title":"T\u00e8 organico 1-3% CBD - Relax","og_description":"Il t\u00e8 organico 1-3% CBD - Relax di Plant of Remedy \u00e8 pensato per chi cerca un momento di tranquillit\u00e0 naturale. Questa tisana senza caffeina \u00e8 composta da","og_url":"https:\/\/dutchmicrodosing.com\/it\/negozio-di-salute\/cbd-e-integratori-alimentari\/organic-tea-1-3-cbd-relax\/","og_site_name":"Dutchmicrodosing","article_publisher":"https:\/\/www.facebook.com\/Dutchmicrodosingxp\/","article_modified_time":"2025-09-03T00:24:58+00:00","og_image":[{"width":1600,"height":1600,"url":"https:\/\/dutchmicrodosing.com\/wp-content\/uploads\/2025\/04\/wholesale-cbd-tea-relax-plant-of-remedy_LRG.jpg","type":"image\/jpeg"}],"twitter_card":"summary_large_image","schema":{"@context":"https:\/\/schema.org","@graph":[{"@type":"WebPage","@id":"https:\/\/dutchmicrodosing.com\/it\/negozio-di-salute\/cbd-e-integratori-alimentari\/organic-tea-1-3-cbd-relax\/","url":"https:\/\/dutchmicrodosing.com\/it\/negozio-di-salute\/cbd-e-integratori-alimentari\/organic-tea-1-3-cbd-relax\/","name":"T\u00e8 organico 1-3% CBD - Relax - Dutchmicrodosing","isPartOf":{"@id":"https:\/\/dutchmicrodosing.com\/it\/#website"},"primaryImageOfPage":{"@id":"https:\/\/dutchmicrodosing.com\/it\/negozio-di-salute\/cbd-e-integratori-alimentari\/organic-tea-1-3-cbd-relax\/#primaryimage"},"image":{"@id":"https:\/\/dutchmicrodosing.com\/it\/negozio-di-salute\/cbd-e-integratori-alimentari\/organic-tea-1-3-cbd-relax\/#primaryimage"},"thumbnailUrl":"https:\/\/dutchmicrodosing.com\/wp-content\/uploads\/2025\/04\/wholesale-cbd-tea-relax-plant-of-remedy_LRG.jpg","datePublished":"2025-04-08T09:45:58+00:00","dateModified":"2025-09-03T00:24:58+00:00","description":"Il t\u00e8 organico 1-3% CBD - Relax di Plant of Remedy \u00e8 un t\u00e8 organico senza caffeina con ingredienti naturali. Confezionato in modo durevole e adatto per...","breadcrumb":{"@id":"https:\/\/dutchmicrodosing.com\/it\/negozio-di-salute\/cbd-e-integratori-alimentari\/organic-tea-1-3-cbd-relax\/#breadcrumb"},"inLanguage":"it-IT","potentialAction":[{"@type":"ReadAction","target":["https:\/\/dutchmicrodosing.com\/it\/negozio-di-salute\/cbd-e-integratori-alimentari\/organic-tea-1-3-cbd-relax\/"]}]},{"@type":"ImageObject","inLanguage":"it-IT","@id":"https:\/\/dutchmicrodosing.com\/it\/negozio-di-salute\/cbd-e-integratori-alimentari\/organic-tea-1-3-cbd-relax\/#primaryimage","url":"https:\/\/dutchmicrodosing.com\/wp-content\/uploads\/2025\/04\/wholesale-cbd-tea-relax-plant-of-remedy_LRG.jpg","contentUrl":"https:\/\/dutchmicrodosing.com\/wp-content\/uploads\/2025\/04\/wholesale-cbd-tea-relax-plant-of-remedy_LRG.jpg","width":1600,"height":1600,"caption":"cbd tea rleaxed"},{"@type":"BreadcrumbList","@id":"https:\/\/dutchmicrodosing.com\/it\/negozio-di-salute\/cbd-e-integratori-alimentari\/organic-tea-1-3-cbd-relax\/#breadcrumb","itemListElement":[{"@type":"ListItem","position":1,"name":"Home","item":"https:\/\/dutchmicrodosing.com\/it\/"},{"@type":"ListItem","position":2,"name":"Negozio","item":"https:\/\/dutchmicrodosing.com\/it\/negozio\/"},{"@type":"ListItem","position":3,"name":"T\u00e8 organico 1-3% CBD &#8211; Relax"}]},{"@type":"WebSite","@id":"https:\/\/dutchmicrodosing.com\/it\/#website","url":"https:\/\/dutchmicrodosing.com\/it\/","name":"Dutchmicrodosing","description":"","publisher":{"@id":"https:\/\/dutchmicrodosing.com\/it\/#organization"},"potentialAction":[{"@type":"SearchAction","target":{"@type":"EntryPoint","urlTemplate":"https:\/\/dutchmicrodosing.com\/it\/?s={search_term_string}"},"query-input":{"@type":"PropertyValueSpecification","valueRequired":true,"valueName":"search_term_string"}}],"inLanguage":"it-IT"},{"@type":"Organization","@id":"https:\/\/dutchmicrodosing.com\/it\/#organization","name":"Dutchmicrodosing","url":"https:\/\/dutchmicrodosing.com\/it\/","logo":{"@type":"ImageObject","inLanguage":"it-IT","@id":"https:\/\/dutchmicrodosing.com\/it\/#\/schema\/logo\/image\/","url":"https:\/\/dutchmicrodosing.com\/wp-content\/uploads\/2021\/01\/microdosing-categorie-pic-nieuw.jpg","contentUrl":"https:\/\/dutchmicrodosing.com\/wp-content\/uploads\/2021\/01\/microdosing-categorie-pic-nieuw.jpg","width":500,"height":500,"caption":"Dutchmicrodosing"},"image":{"@id":"https:\/\/dutchmicrodosing.com\/it\/#\/schema\/logo\/image\/"},"sameAs":["https:\/\/www.facebook.com\/Dutchmicrodosingxp\/","https:\/\/www.instagram.com\/dutchmicrodosing\/"]}]},"product_price_amount":"6.95","product_price_currency":"EUR","og_availability":"instock","product_availability":"instock","product_retailer_item_id":"5204441","product_condition":"new"},"_links":{"self":[{"href":"https:\/\/dutchmicrodosing.com\/it\/wp-json\/wp\/v2\/product\/47026","targetHints":{"allow":["GET"]}}],"collection":[{"href":"https:\/\/dutchmicrodosing.com\/it\/wp-json\/wp\/v2\/product"}],"about":[{"href":"https:\/\/dutchmicrodosing.com\/it\/wp-json\/wp\/v2\/types\/product"}],"replies":[{"embeddable":true,"href":"https:\/\/dutchmicrodosing.com\/it\/wp-json\/wp\/v2\/comments?post=47026"}],"version-history":[{"count":0,"href":"https:\/\/dutchmicrodosing.com\/it\/wp-json\/wp\/v2\/product\/47026\/revisions"}],"wp:featuredmedia":[{"embeddable":true,"href":"https:\/\/dutchmicrodosing.com\/it\/wp-json\/wp\/v2\/media\/47020"}],"wp:attachment":[{"href":"https:\/\/dutchmicrodosing.com\/it\/wp-json\/wp\/v2\/media?parent=47026"}],"wp:term":[{"taxonomy":"product_brand","embeddable":true,"href":"https:\/\/dutchmicrodosing.com\/it\/wp-json\/wp\/v2\/product_brand?post=47026"},{"taxonomy":"product_cat","embeddable":true,"href":"https:\/\/dutchmicrodosing.com\/it\/wp-json\/wp\/v2\/product_cat?post=47026"},{"taxonomy":"product_tag","embeddable":true,"href":"https:\/\/dutchmicrodosing.com\/it\/wp-json\/wp\/v2\/product_tag?post=47026"}],"curies":[{"name":"wp","href":"https:\/\/api.w.org\/{rel}","templated":true}]}}