{"id":47169,"date":"2025-04-16T08:18:41","date_gmt":"2025-04-16T06:18:41","guid":{"rendered":"https:\/\/dutchmicrodosing.com\/shop\/senza-categoria\/copelandia-madagascar-paddo-kweekset\/"},"modified":"2026-03-31T14:11:44","modified_gmt":"2026-03-31T12:11:44","slug":"copelandia-madagascar-paddo-kweekset","status":"publish","type":"product","link":"https:\/\/dutchmicrodosing.com\/it\/funghi-allucinogeni\/kit-di-coltivazione-speciali\/copelandia-madagascar-paddo-kweekset\/","title":{"rendered":"Kit per la coltivazione di funghi Copelandia Madagascar"},"content":{"rendered":"<p>Il <strong>kit per la coltivazione dei funghi Copelandia Madagascar<\/strong> \u00e8 dedicato ai veri appassionati. Questa specie in particolare \u00e8 nota per un modello di crescita sorprendente: il primo fiore emerge spesso ai bordi del contenitore, mentre i fiori successivi si diffondono verso il centro. Il risultato? Una &#8220;giungla&#8221; di funghi densa e che cresce verso l&#8217;alto: uno spettacolo impressionante oltre che un bel raccolto.<\/p>\n<p>Questa variet\u00e0 ha origine dal clima tropicale del Madagascar. Grazie al terreno ricco e alla presenza di bestiame, questo ambiente ha creato le condizioni perfette per la comparsa di questo potente fungo psilocibinico. Il nome &#8220;Madagascar&#8221; si riferisce a una linea genetica specifica che ha avuto origine dai funghi selvatici dell&#8217;isola. Nel frattempo, questa variet\u00e0 viene coltivata per il suo portamento compatto e i suoi effetti forti.<\/p>\n<p>Rispetto alla nota <em>Psilocybe cubensis<\/em>, la Copelandia Madagascar contiene fino a tre volte pi\u00f9 sostanze attive (come psilocina e psilocibina) per grammo. Ci\u00f2 significa che una dose inferiore \u00e8 gi\u00e0 sufficiente per vivere un&#8217;esperienza profonda. Ideale per gli utenti avanzati che vogliono viaggiare in modo consapevole.<\/p>\n<h3>Caratteristiche<\/h3>\n<ul>\n<li>Specie specifiche con un modello di crescita unico: dai bordi al centro<\/li>\n<li>Forma grappoli densi per un raccolto abbondante.<\/li>\n<li>Facile da mantenere grazie a istruzioni chiare<\/li>\n<li>Adatto a pi\u00f9 cicli di crescita<\/li>\n<li>Set completo: non \u00e8 necessario acquistare nulla di aggiuntivo<\/li>\n<\/ul>\n<h3>Ingredienti e\/o composizione<\/h3>\n<ul>\n<li>Contenitore di allevamento con substrato nutritivo attivo<\/li>\n<li>Strato superiore minerale per una regolazione ottimale dell&#8217;umidit\u00e0<\/li>\n<li>Borsa di crescita ermetica con clip di chiusura<\/li>\n<\/ul>\n<h3>Utilizzo<\/h3>\n<p>Lavati accuratamente le mani con acqua e sapone. Usa preferibilmente dei guanti e possibilmente una maschera per la bocca per mantenere pulito il set. Allora segui le istruzioni riportate di seguito:<\/p>\n<p><span dir=\"ltr\" lang=\"EN-US\">1. L&#8217;igiene \u00e8 fondamentale.<\/span><br \/>\n<span dir=\"ltr\" lang=\"EN-US\">Lavati accuratamente le mani con il sapone. Usa preferibilmente dei guanti e possibilmente una maschera per la bocca.<\/span><\/p>\n<p><span dir=\"ltr\" lang=\"EN-US\">2. Preparazione.<\/span><br \/>\n<span dir=\"ltr\" lang=\"EN-US\">Stendi lo strato minerale superiore in modo uniforme sulla superficie del substrato. Usa guanti puliti o una spatola.<\/span><\/p>\n<p><span dir=\"ltr\" lang=\"EN-US\">3. Bagnatura e avvio.<\/span><br \/>\n<span dir=\"ltr\" lang=\"EN-US\">Posiziona il contenitore nel sacchetto di coltura.<\/span><br \/>\n<span dir=\"ltr\" lang=\"EN-US\">Spruzza generosamente la parte superiore e interna del sacchetto (non inzuppare). Chiudi la borsa con una clip. Assicurati che ci sia abbastanza aria fresca nella borsa.<\/span><\/p>\n<p><span dir=\"ltr\" lang=\"EN-US\">4. Manutenzione giornaliera.<\/span><br \/>\n<span dir=\"ltr\" lang=\"EN-US\">Apri la busta 1-2 volte al giorno per favorire il ricambio d&#8217;aria. Inumidisci leggermente le pareti interne del sacchetto e la superficie per evitare che si secchi.<\/span><\/p>\n<p><span dir=\"ltr\" lang=\"EN-US\">5. Importante!<\/span><br \/>\n<span dir=\"ltr\" lang=\"EN-US\">Non appena le prime strutture fruttifere diventano visibili, smetti di spruzzare.<\/span><br \/>\n<span dir=\"ltr\" lang=\"EN-US\">Da quel momento in poi \u00e8 necessario solo il ricambio d&#8217;aria (2-3 volte al giorno). La bagnatura diretta pu\u00f2 disturbare la crescita.<\/span><\/p>\n<p><span dir=\"ltr\" lang=\"EN-US\">6. Raccolta.<\/span><br \/>\n<span dir=\"ltr\" lang=\"EN-US\">Le strutture sono pronte per il raccolto dopo 5-7 giorni. Svitalo con attenzione alla base. Idealmente, il momento in cui le tracce scure diventano visibili.<\/span><\/p>\n<p><span dir=\"ltr\" lang=\"EN-US\">7. Il prossimo ciclo di crescita.<\/span><br \/>\n<span dir=\"ltr\" lang=\"EN-US\">Dopo la raccolta, inumidisci di nuovo leggermente a circa 10 cm di distanza. Un po&#8217; d&#8217;acqua sul fondo \u00e8 accettabile: elimina l&#8217;umidit\u00e0 in eccesso in un secondo momento. Il nuovo ciclo si avvia automaticamente.<\/span><\/p>\n<h3><span dir=\"ltr\" lang=\"EN-US\">Condizioni ambientali:<\/span><\/h3>\n<p><span dir=\"ltr\" lang=\"EN-US\">Fase di avvio:<\/span><br \/>\n<span dir=\"ltr\" lang=\"EN-US\">&#8211; Temperatura: 21-26 \u00b0C<\/span><br \/>\n<span dir=\"ltr\" lang=\"EN-US\">&#8211; Umidit\u00e0: 95-100%<\/span><\/p>\n<p><span dir=\"ltr\" lang=\"EN-US\">Fase di fecondazione:<\/span><br \/>\n<span dir=\"ltr\" lang=\"EN-US\">&#8211; Temperatura: 21-26 \u00b0C<\/span><br \/>\n<span dir=\"ltr\" lang=\"EN-US\">&#8211; Umidit\u00e0: 90-95%<\/span><\/p>\n<h3>Contenuto<\/h3>\n<ul>\n<li>1x vasca di riproduzione con substrato (1200cc)<\/li>\n<li>1x topcoat minerale<\/li>\n<li>1x sacchetto di coltivazione ermetico con clip<\/li>\n<\/ul>\n","protected":false},"excerpt":{"rendered":"<p>Il kit per la coltivazione dei funghi Copelandia Madagascar \u00e8 dedicato ai veri appassionati. Questa specie in particolare \u00e8 nota per un modello di crescita sorprendente: il primo fiore emerge spesso ai bordi del contenitore, mentre i fiori successivi si diffondono verso il centro. Il risultato? Una &#8220;giungla&#8221; di funghi densa e che cresce verso [&hellip;]<\/p>\n","protected":false},"featured_media":65313,"comment_status":"closed","ping_status":"closed","template":"","meta":[],"product_brand":[],"product_cat":[408],"product_tag":[],"class_list":{"0":"post-47169","1":"product","2":"type-product","3":"status-publish","4":"has-post-thumbnail","6":"product_cat-kit-di-coltivazione-speciali","8":"first","9":"instock","10":"taxable","11":"shipping-taxable","12":"purchasable","13":"product-type-simple"},"yoast_head":"<!-- This site is optimized with the Yoast SEO Premium plugin v26.4 (Yoast SEO v27.2) - https:\/\/yoast.com\/product\/yoast-seo-premium-wordpress\/ -->\n<title>Kit per la coltivazione di funghi Copelandia Madagascar - Dutchmicrodosing<\/title>\n<meta name=\"description\" content=\"Sperimenta viaggi profondi e intuizioni spirituali con il kit di coltivazione del fungo magico Copelandia Madagascar. Una variet\u00e0 di funghi unica per viaggiatori consapevoli e spirituali.\" \/>\n<meta name=\"robots\" content=\"index, follow, max-snippet:-1, max-image-preview:large, max-video-preview:-1\" \/>\n<link rel=\"canonical\" href=\"https:\/\/dutchmicrodosing.com\/it\/funghi-allucinogeni\/kit-di-coltivazione-speciali\/copelandia-madagascar-paddo-kweekset\/\" \/>\n<meta property=\"og:locale\" content=\"it_IT\" \/>\n<meta property=\"og:type\" content=\"article\" \/>\n<meta property=\"og:title\" content=\"Kit per la coltivazione di funghi Copelandia Madagascar\" \/>\n<meta property=\"og:description\" content=\"Il kit per la coltivazione dei funghi Copelandia Madagascar \u00e8 dedicato ai veri appassionati. Questa specie in particolare \u00e8 nota per un modello di\" \/>\n<meta property=\"og:url\" content=\"https:\/\/dutchmicrodosing.com\/it\/funghi-allucinogeni\/kit-di-coltivazione-speciali\/copelandia-madagascar-paddo-kweekset\/\" \/>\n<meta property=\"og:site_name\" content=\"Dutchmicrodosing\" \/>\n<meta property=\"article:publisher\" content=\"https:\/\/www.facebook.com\/Dutchmicrodosingxp\/\" \/>\n<meta property=\"article:modified_time\" content=\"2026-03-31T12:11:44+00:00\" \/>\n<meta property=\"og:image\" content=\"https:\/\/dutchmicrodosing.com\/wp-content\/uploads\/2025\/04\/4106-5079-2.jpg\" \/>\n\t<meta property=\"og:image:width\" content=\"300\" \/>\n\t<meta property=\"og:image:height\" content=\"300\" \/>\n\t<meta property=\"og:image:type\" content=\"image\/jpeg\" \/>\n<meta name=\"twitter:card\" content=\"summary_large_image\" \/>\n<script type=\"application\/ld+json\" class=\"yoast-schema-graph\">{\"@context\":\"https:\/\/schema.org\",\"@graph\":[{\"@type\":\"WebPage\",\"@id\":\"https:\/\/dutchmicrodosing.com\/it\/funghi-allucinogeni\/kit-di-coltivazione-speciali\/copelandia-madagascar-paddo-kweekset\/\",\"url\":\"https:\/\/dutchmicrodosing.com\/it\/funghi-allucinogeni\/kit-di-coltivazione-speciali\/copelandia-madagascar-paddo-kweekset\/\",\"name\":\"Kit per la coltivazione di funghi Copelandia Madagascar - Dutchmicrodosing\",\"isPartOf\":{\"@id\":\"https:\/\/dutchmicrodosing.com\/it\/#website\"},\"primaryImageOfPage\":{\"@id\":\"https:\/\/dutchmicrodosing.com\/it\/funghi-allucinogeni\/kit-di-coltivazione-speciali\/copelandia-madagascar-paddo-kweekset\/#primaryimage\"},\"image\":{\"@id\":\"https:\/\/dutchmicrodosing.com\/it\/funghi-allucinogeni\/kit-di-coltivazione-speciali\/copelandia-madagascar-paddo-kweekset\/#primaryimage\"},\"thumbnailUrl\":\"https:\/\/dutchmicrodosing.com\/wp-content\/uploads\/2025\/04\/c23581a5-9918-494b-afd2-1af44bc516c6.png\",\"datePublished\":\"2025-04-16T06:18:41+00:00\",\"dateModified\":\"2026-03-31T12:11:44+00:00\",\"description\":\"Sperimenta viaggi profondi e intuizioni spirituali con il kit di coltivazione del fungo magico Copelandia Madagascar. Una variet\u00e0 di funghi unica per viaggiatori consapevoli e spirituali.\",\"breadcrumb\":{\"@id\":\"https:\/\/dutchmicrodosing.com\/it\/funghi-allucinogeni\/kit-di-coltivazione-speciali\/copelandia-madagascar-paddo-kweekset\/#breadcrumb\"},\"inLanguage\":\"it-IT\",\"potentialAction\":[{\"@type\":\"ReadAction\",\"target\":[\"https:\/\/dutchmicrodosing.com\/it\/funghi-allucinogeni\/kit-di-coltivazione-speciali\/copelandia-madagascar-paddo-kweekset\/\"]}]},{\"@type\":\"ImageObject\",\"inLanguage\":\"it-IT\",\"@id\":\"https:\/\/dutchmicrodosing.com\/it\/funghi-allucinogeni\/kit-di-coltivazione-speciali\/copelandia-madagascar-paddo-kweekset\/#primaryimage\",\"url\":\"https:\/\/dutchmicrodosing.com\/wp-content\/uploads\/2025\/04\/c23581a5-9918-494b-afd2-1af44bc516c6.png\",\"contentUrl\":\"https:\/\/dutchmicrodosing.com\/wp-content\/uploads\/2025\/04\/c23581a5-9918-494b-afd2-1af44bc516c6.png\",\"width\":1536,\"height\":1024},{\"@type\":\"BreadcrumbList\",\"@id\":\"https:\/\/dutchmicrodosing.com\/it\/funghi-allucinogeni\/kit-di-coltivazione-speciali\/copelandia-madagascar-paddo-kweekset\/#breadcrumb\",\"itemListElement\":[{\"@type\":\"ListItem\",\"position\":1,\"name\":\"Home\",\"item\":\"https:\/\/dutchmicrodosing.com\/it\/\"},{\"@type\":\"ListItem\",\"position\":2,\"name\":\"Negozio\",\"item\":\"https:\/\/dutchmicrodosing.com\/it\/negozio\/\"},{\"@type\":\"ListItem\",\"position\":3,\"name\":\"Kit per la coltivazione di funghi Copelandia Madagascar\"}]},{\"@type\":\"WebSite\",\"@id\":\"https:\/\/dutchmicrodosing.com\/it\/#website\",\"url\":\"https:\/\/dutchmicrodosing.com\/it\/\",\"name\":\"Dutchmicrodosing\",\"description\":\"\",\"publisher\":{\"@id\":\"https:\/\/dutchmicrodosing.com\/it\/#organization\"},\"potentialAction\":[{\"@type\":\"SearchAction\",\"target\":{\"@type\":\"EntryPoint\",\"urlTemplate\":\"https:\/\/dutchmicrodosing.com\/it\/?s={search_term_string}\"},\"query-input\":{\"@type\":\"PropertyValueSpecification\",\"valueRequired\":true,\"valueName\":\"search_term_string\"}}],\"inLanguage\":\"it-IT\"},{\"@type\":\"Organization\",\"@id\":\"https:\/\/dutchmicrodosing.com\/it\/#organization\",\"name\":\"Dutchmicrodosing\",\"url\":\"https:\/\/dutchmicrodosing.com\/it\/\",\"logo\":{\"@type\":\"ImageObject\",\"inLanguage\":\"it-IT\",\"@id\":\"https:\/\/dutchmicrodosing.com\/it\/#\/schema\/logo\/image\/\",\"url\":\"https:\/\/dutchmicrodosing.com\/wp-content\/uploads\/2021\/01\/microdosing-categorie-pic-nieuw.jpg\",\"contentUrl\":\"https:\/\/dutchmicrodosing.com\/wp-content\/uploads\/2021\/01\/microdosing-categorie-pic-nieuw.jpg\",\"width\":500,\"height\":500,\"caption\":\"Dutchmicrodosing\"},\"image\":{\"@id\":\"https:\/\/dutchmicrodosing.com\/it\/#\/schema\/logo\/image\/\"},\"sameAs\":[\"https:\/\/www.facebook.com\/Dutchmicrodosingxp\/\",\"https:\/\/www.instagram.com\/dutchmicrodosing\/\"]}]}<\/script>\n<meta property=\"product:price:amount\" content=\"63.95\" \/>\n<meta property=\"product:price:currency\" content=\"EUR\" \/>\n<meta property=\"og:availability\" content=\"instock\" \/>\n<meta property=\"product:availability\" content=\"instock\" \/>\n<meta property=\"product:retailer_item_id\" content=\"5204268\" \/>\n<meta property=\"product:condition\" content=\"new\" \/>\n<!-- \/ Yoast SEO Premium plugin. -->","yoast_head_json":{"title":"Kit per la coltivazione di funghi Copelandia Madagascar - Dutchmicrodosing","description":"Sperimenta viaggi profondi e intuizioni spirituali con il kit di coltivazione del fungo magico Copelandia Madagascar. Una variet\u00e0 di funghi unica per viaggiatori consapevoli e spirituali.","robots":{"index":"index","follow":"follow","max-snippet":"max-snippet:-1","max-image-preview":"max-image-preview:large","max-video-preview":"max-video-preview:-1"},"canonical":"https:\/\/dutchmicrodosing.com\/it\/funghi-allucinogeni\/kit-di-coltivazione-speciali\/copelandia-madagascar-paddo-kweekset\/","og_locale":"it_IT","og_type":"article","og_title":"Kit per la coltivazione di funghi Copelandia Madagascar","og_description":"Il kit per la coltivazione dei funghi Copelandia Madagascar \u00e8 dedicato ai veri appassionati. Questa specie in particolare \u00e8 nota per un modello di","og_url":"https:\/\/dutchmicrodosing.com\/it\/funghi-allucinogeni\/kit-di-coltivazione-speciali\/copelandia-madagascar-paddo-kweekset\/","og_site_name":"Dutchmicrodosing","article_publisher":"https:\/\/www.facebook.com\/Dutchmicrodosingxp\/","article_modified_time":"2026-03-31T12:11:44+00:00","og_image":[{"width":300,"height":300,"url":"https:\/\/dutchmicrodosing.com\/wp-content\/uploads\/2025\/04\/4106-5079-2.jpg","type":"image\/jpeg"}],"twitter_card":"summary_large_image","schema":{"@context":"https:\/\/schema.org","@graph":[{"@type":"WebPage","@id":"https:\/\/dutchmicrodosing.com\/it\/funghi-allucinogeni\/kit-di-coltivazione-speciali\/copelandia-madagascar-paddo-kweekset\/","url":"https:\/\/dutchmicrodosing.com\/it\/funghi-allucinogeni\/kit-di-coltivazione-speciali\/copelandia-madagascar-paddo-kweekset\/","name":"Kit per la coltivazione di funghi Copelandia Madagascar - Dutchmicrodosing","isPartOf":{"@id":"https:\/\/dutchmicrodosing.com\/it\/#website"},"primaryImageOfPage":{"@id":"https:\/\/dutchmicrodosing.com\/it\/funghi-allucinogeni\/kit-di-coltivazione-speciali\/copelandia-madagascar-paddo-kweekset\/#primaryimage"},"image":{"@id":"https:\/\/dutchmicrodosing.com\/it\/funghi-allucinogeni\/kit-di-coltivazione-speciali\/copelandia-madagascar-paddo-kweekset\/#primaryimage"},"thumbnailUrl":"https:\/\/dutchmicrodosing.com\/wp-content\/uploads\/2025\/04\/c23581a5-9918-494b-afd2-1af44bc516c6.png","datePublished":"2025-04-16T06:18:41+00:00","dateModified":"2026-03-31T12:11:44+00:00","description":"Sperimenta viaggi profondi e intuizioni spirituali con il kit di coltivazione del fungo magico Copelandia Madagascar. Una variet\u00e0 di funghi unica per viaggiatori consapevoli e spirituali.","breadcrumb":{"@id":"https:\/\/dutchmicrodosing.com\/it\/funghi-allucinogeni\/kit-di-coltivazione-speciali\/copelandia-madagascar-paddo-kweekset\/#breadcrumb"},"inLanguage":"it-IT","potentialAction":[{"@type":"ReadAction","target":["https:\/\/dutchmicrodosing.com\/it\/funghi-allucinogeni\/kit-di-coltivazione-speciali\/copelandia-madagascar-paddo-kweekset\/"]}]},{"@type":"ImageObject","inLanguage":"it-IT","@id":"https:\/\/dutchmicrodosing.com\/it\/funghi-allucinogeni\/kit-di-coltivazione-speciali\/copelandia-madagascar-paddo-kweekset\/#primaryimage","url":"https:\/\/dutchmicrodosing.com\/wp-content\/uploads\/2025\/04\/c23581a5-9918-494b-afd2-1af44bc516c6.png","contentUrl":"https:\/\/dutchmicrodosing.com\/wp-content\/uploads\/2025\/04\/c23581a5-9918-494b-afd2-1af44bc516c6.png","width":1536,"height":1024},{"@type":"BreadcrumbList","@id":"https:\/\/dutchmicrodosing.com\/it\/funghi-allucinogeni\/kit-di-coltivazione-speciali\/copelandia-madagascar-paddo-kweekset\/#breadcrumb","itemListElement":[{"@type":"ListItem","position":1,"name":"Home","item":"https:\/\/dutchmicrodosing.com\/it\/"},{"@type":"ListItem","position":2,"name":"Negozio","item":"https:\/\/dutchmicrodosing.com\/it\/negozio\/"},{"@type":"ListItem","position":3,"name":"Kit per la coltivazione di funghi Copelandia Madagascar"}]},{"@type":"WebSite","@id":"https:\/\/dutchmicrodosing.com\/it\/#website","url":"https:\/\/dutchmicrodosing.com\/it\/","name":"Dutchmicrodosing","description":"","publisher":{"@id":"https:\/\/dutchmicrodosing.com\/it\/#organization"},"potentialAction":[{"@type":"SearchAction","target":{"@type":"EntryPoint","urlTemplate":"https:\/\/dutchmicrodosing.com\/it\/?s={search_term_string}"},"query-input":{"@type":"PropertyValueSpecification","valueRequired":true,"valueName":"search_term_string"}}],"inLanguage":"it-IT"},{"@type":"Organization","@id":"https:\/\/dutchmicrodosing.com\/it\/#organization","name":"Dutchmicrodosing","url":"https:\/\/dutchmicrodosing.com\/it\/","logo":{"@type":"ImageObject","inLanguage":"it-IT","@id":"https:\/\/dutchmicrodosing.com\/it\/#\/schema\/logo\/image\/","url":"https:\/\/dutchmicrodosing.com\/wp-content\/uploads\/2021\/01\/microdosing-categorie-pic-nieuw.jpg","contentUrl":"https:\/\/dutchmicrodosing.com\/wp-content\/uploads\/2021\/01\/microdosing-categorie-pic-nieuw.jpg","width":500,"height":500,"caption":"Dutchmicrodosing"},"image":{"@id":"https:\/\/dutchmicrodosing.com\/it\/#\/schema\/logo\/image\/"},"sameAs":["https:\/\/www.facebook.com\/Dutchmicrodosingxp\/","https:\/\/www.instagram.com\/dutchmicrodosing\/"]}]},"product_price_amount":"63.95","product_price_currency":"EUR","og_availability":"instock","product_availability":"instock","product_retailer_item_id":"5204268","product_condition":"new"},"_links":{"self":[{"href":"https:\/\/dutchmicrodosing.com\/it\/wp-json\/wp\/v2\/product\/47169","targetHints":{"allow":["GET"]}}],"collection":[{"href":"https:\/\/dutchmicrodosing.com\/it\/wp-json\/wp\/v2\/product"}],"about":[{"href":"https:\/\/dutchmicrodosing.com\/it\/wp-json\/wp\/v2\/types\/product"}],"replies":[{"embeddable":true,"href":"https:\/\/dutchmicrodosing.com\/it\/wp-json\/wp\/v2\/comments?post=47169"}],"version-history":[{"count":0,"href":"https:\/\/dutchmicrodosing.com\/it\/wp-json\/wp\/v2\/product\/47169\/revisions"}],"wp:featuredmedia":[{"embeddable":true,"href":"https:\/\/dutchmicrodosing.com\/it\/wp-json\/wp\/v2\/media\/65313"}],"wp:attachment":[{"href":"https:\/\/dutchmicrodosing.com\/it\/wp-json\/wp\/v2\/media?parent=47169"}],"wp:term":[{"taxonomy":"product_brand","embeddable":true,"href":"https:\/\/dutchmicrodosing.com\/it\/wp-json\/wp\/v2\/product_brand?post=47169"},{"taxonomy":"product_cat","embeddable":true,"href":"https:\/\/dutchmicrodosing.com\/it\/wp-json\/wp\/v2\/product_cat?post=47169"},{"taxonomy":"product_tag","embeddable":true,"href":"https:\/\/dutchmicrodosing.com\/it\/wp-json\/wp\/v2\/product_tag?post=47169"}],"curies":[{"name":"wp","href":"https:\/\/api.w.org\/{rel}","templated":true}]}}