{"id":47603,"date":"2025-05-09T09:49:35","date_gmt":"2025-05-09T07:49:35","guid":{"rendered":"https:\/\/dutchmicrodosing.com\/shop\/senza-categoria\/azurescens-outdoor-growkit\/"},"modified":"2025-08-18T19:52:04","modified_gmt":"2025-08-18T17:52:04","slug":"azurescens-outdoor-growkit","status":"publish","type":"product","link":"https:\/\/dutchmicrodosing.com\/it\/funghi-allucinogeni\/kit-di-coltivazione-speciali\/azurescens-outdoor-growkit\/","title":{"rendered":"Kit di coltivazione per esterni Azurescens"},"content":{"rendered":"<p>Con l&#8217;<strong>Azurescens Outdoor Growkit<\/strong> puoi creare facilmente la tua risaia naturale. Questo kit di coltivazione offre la possibilit\u00e0 di coltivare potenti funghi psilocibinici all&#8217;aperto, tornando ogni anno. Perfetto per chi ha un po&#8217; di spazio in pi\u00f9 in giardino e vuole coltivare in modo sostenibile.<\/p>\n<h3>Caratteristiche<\/h3>\n<ul>\n<li>Specialmente per l&#8217;uso all&#8217;aperto<\/li>\n<li>Substrato: trucioli di legno<\/li>\n<li>Una variet\u00e0 molto potente, non adatta ai principianti<\/li>\n<li>Periodo di semina: fine marzo-inizio giugno (Europa del Nord), settembre-dicembre (Europa del Sud).<\/li>\n<li>Colonizzazione a 16-24\u00baC, fruttificazione a circa 7\u00baC.<\/li>\n<li>Periodo di raccolta: ottobre-gennaio<\/li>\n<li>\u00c8 possibile effettuare pi\u00f9 raccolti all&#8217;anno<\/li>\n<\/ul>\n<h3>Ingredienti e composizione<\/h3>\n<p>L&#8217;Azurescens Outdoor Growkit contiene 280 ml di substrato con il 100% di micelio attivo.<\/p>\n<h3>Forniture<\/h3>\n<ul>\n<li>Un sacco da 10 litri di piccoli trucioli di faggio, dimensioni +\/- 5 mm. Sono disponibili nei negozi di animali e di giardinaggio<\/li>\n<li>Una scatola di cartone marrone, profondit\u00e0 massima 15 cm (30 x 30 x 15 cm)<\/li>\n<li>Un contenitore di plastica da 1 litro<\/li>\n<li>Un litro di terriccio (facoltativo)<\/li>\n<li>Semi di erba (facoltativo)<\/li>\n<\/ul>\n<h3>Istruzioni<\/h3>\n<ol>\n<li>Prendi un contenitore di plastica da 1 litro (con coperchio) e riempilo per 2\/3 con trucioli di legno.<\/li>\n<li>Lascia il contenitore per tutta la notte (immerso) o per 12 ore e poi scola l&#8217;acqua.<\/li>\n<li>Ora lavati le mani. Apri il kit di coltivazione e rompi delicatamente il micelio con una forchetta pulita o qualcosa di simile.<\/li>\n<li>Aggiungi il contenuto del kit di coltivazione ai trucioli di legno umidi nel contenitore di plastica. Usa una forchetta pulita o qualcosa di simile per distribuire uniformemente il micelio e i trucioli di legno.<\/li>\n<li>Una volta mescolato e distribuito, copri con uno strato di cartone bagnato. Il cartone marrone semplice \u00e8 il migliore. Posiziona il coperchio sul contenitore in modo da proteggere il micelio dalla polvere e lasciarlo respirare. Senza aria, il micelio non cresce.<\/li>\n<li>Lascia il contenitore di plastica a temperatura ambiente in una stanza pulita e priva di polvere per circa un mese, in modo da permettere ai trucioli di legno di essere completamente inoculati. Saprai quando \u00e8 stato completamente inoculato perch\u00e9 il contenuto \u00e8 diventato bianco. Il tuo substrato \u00e8 ora pronto per essere utilizzato all&#8217;aperto.<\/li>\n<li>Versa il resto dei trucioli di legno in un grande secchio o qualcosa di simile e immergili nell&#8217;acqua bollente. Puoi anche utilizzare una padella grande e metterla sul fuoco.<\/li>\n<li>Lascia i trucioli nell&#8217;acqua per tutta la notte. Al termine, scola l&#8217;acqua.<\/li>\n<li>Lavati le mani. Riempi la scatola di cartone con i trucioli di legno colonizzati dal micelio e con i trucioli di legno umidi.<\/li>\n<li>Prendi una forchetta pulita o qualcosa di simile e mescola tutto in modo uniforme.<\/li>\n<li>Sotterra la scatola di cartone (aperta) in un luogo ombreggiato sotto un cespuglio o un albero. L&#8217;ideale sarebbe, dopo aver interrato la cassetta, aggiungere uno strato superiore di 1 cm di terreno umido con sopra dei semi di erba.<\/li>\n<\/ol>\n<h3>Contenuto<\/h3>\n<ul>\n<li>280 ml di substrato con micelio attivo<\/li>\n<\/ul>\n<h3>Disclaimer<\/h3>\n<p>I funghi possono essere pericolosi per la salute se associati ad alcune droghe, all&#8217;alcol o agli IMAO. Sta prendendo dei farmaci? Consultate sempre prima il vostro medico e leggete il foglietto illustrativo del vostro farmaco per evitare rischi per la salute. Inoltre, non utilizzare i funghi in caso di gravidanza o allattamento.<\/p>\n","protected":false},"excerpt":{"rendered":"<p>Con l&#8217;Azurescens Outdoor Growkit puoi creare facilmente la tua risaia naturale. Questo kit di coltivazione offre la possibilit\u00e0 di coltivare potenti funghi psilocibinici all&#8217;aperto, tornando ogni anno. Perfetto per chi ha un po&#8217; di spazio in pi\u00f9 in giardino e vuole coltivare in modo sostenibile. Caratteristiche Specialmente per l&#8217;uso all&#8217;aperto Substrato: trucioli di legno Una [&hellip;]<\/p>\n","protected":false},"featured_media":47592,"comment_status":"closed","ping_status":"closed","template":"","meta":[],"product_brand":[],"product_cat":[408],"product_tag":[],"class_list":{"0":"post-47603","1":"product","2":"type-product","3":"status-publish","4":"has-post-thumbnail","6":"product_cat-kit-di-coltivazione-speciali","8":"first","9":"instock","10":"taxable","11":"shipping-taxable","12":"purchasable","13":"product-type-simple"},"yoast_head":"<!-- This site is optimized with the Yoast SEO Premium plugin v26.4 (Yoast SEO v27.4) - https:\/\/yoast.com\/product\/yoast-seo-premium-wordpress\/ -->\n<title>Kit di coltivazione per esterni Azurescens - Dutchmicrodosing<\/title>\n<meta name=\"robots\" content=\"index, follow, max-snippet:-1, max-image-preview:large, max-video-preview:-1\" \/>\n<link rel=\"canonical\" href=\"https:\/\/dutchmicrodosing.com\/it\/funghi-allucinogeni\/kit-di-coltivazione-speciali\/azurescens-outdoor-growkit\/\" \/>\n<meta property=\"og:locale\" content=\"it_IT\" \/>\n<meta property=\"og:type\" content=\"article\" \/>\n<meta property=\"og:title\" content=\"Kit di coltivazione per esterni Azurescens\" \/>\n<meta property=\"og:description\" content=\"Con l&#039;Azurescens Outdoor Growkit puoi creare facilmente la tua risaia naturale. Questo kit di coltivazione offre la possibilit\u00e0 di coltivare potenti\" \/>\n<meta property=\"og:url\" content=\"https:\/\/dutchmicrodosing.com\/it\/funghi-allucinogeni\/kit-di-coltivazione-speciali\/azurescens-outdoor-growkit\/\" \/>\n<meta property=\"og:site_name\" content=\"Dutchmicrodosing\" \/>\n<meta property=\"article:publisher\" content=\"https:\/\/www.facebook.com\/Dutchmicrodosingxp\/\" \/>\n<meta property=\"article:modified_time\" content=\"2025-08-18T17:52:04+00:00\" \/>\n<meta property=\"og:image\" content=\"https:\/\/dutchmicrodosing.com\/wp-content\/uploads\/2025\/05\/3009-3132.jpg\" \/>\n\t<meta property=\"og:image:width\" content=\"300\" \/>\n\t<meta property=\"og:image:height\" content=\"300\" \/>\n\t<meta property=\"og:image:type\" content=\"image\/jpeg\" \/>\n<meta name=\"twitter:card\" content=\"summary_large_image\" \/>\n<script type=\"application\/ld+json\" class=\"yoast-schema-graph\">{\"@context\":\"https:\\\/\\\/schema.org\",\"@graph\":[{\"@type\":\"WebPage\",\"@id\":\"https:\\\/\\\/dutchmicrodosing.com\\\/it\\\/funghi-allucinogeni\\\/kit-di-coltivazione-speciali\\\/azurescens-outdoor-growkit\\\/\",\"url\":\"https:\\\/\\\/dutchmicrodosing.com\\\/it\\\/funghi-allucinogeni\\\/kit-di-coltivazione-speciali\\\/azurescens-outdoor-growkit\\\/\",\"name\":\"Kit di coltivazione per esterni Azurescens - Dutchmicrodosing\",\"isPartOf\":{\"@id\":\"https:\\\/\\\/dutchmicrodosing.com\\\/it\\\/#website\"},\"primaryImageOfPage\":{\"@id\":\"https:\\\/\\\/dutchmicrodosing.com\\\/it\\\/funghi-allucinogeni\\\/kit-di-coltivazione-speciali\\\/azurescens-outdoor-growkit\\\/#primaryimage\"},\"image\":{\"@id\":\"https:\\\/\\\/dutchmicrodosing.com\\\/it\\\/funghi-allucinogeni\\\/kit-di-coltivazione-speciali\\\/azurescens-outdoor-growkit\\\/#primaryimage\"},\"thumbnailUrl\":\"https:\\\/\\\/dutchmicrodosing.com\\\/wp-content\\\/uploads\\\/2025\\\/05\\\/3009-3132.jpg\",\"datePublished\":\"2025-05-09T07:49:35+00:00\",\"dateModified\":\"2025-08-18T17:52:04+00:00\",\"breadcrumb\":{\"@id\":\"https:\\\/\\\/dutchmicrodosing.com\\\/it\\\/funghi-allucinogeni\\\/kit-di-coltivazione-speciali\\\/azurescens-outdoor-growkit\\\/#breadcrumb\"},\"inLanguage\":\"it-IT\",\"potentialAction\":[{\"@type\":\"ReadAction\",\"target\":[\"https:\\\/\\\/dutchmicrodosing.com\\\/it\\\/funghi-allucinogeni\\\/kit-di-coltivazione-speciali\\\/azurescens-outdoor-growkit\\\/\"]}]},{\"@type\":\"ImageObject\",\"inLanguage\":\"it-IT\",\"@id\":\"https:\\\/\\\/dutchmicrodosing.com\\\/it\\\/funghi-allucinogeni\\\/kit-di-coltivazione-speciali\\\/azurescens-outdoor-growkit\\\/#primaryimage\",\"url\":\"https:\\\/\\\/dutchmicrodosing.com\\\/wp-content\\\/uploads\\\/2025\\\/05\\\/3009-3132.jpg\",\"contentUrl\":\"https:\\\/\\\/dutchmicrodosing.com\\\/wp-content\\\/uploads\\\/2025\\\/05\\\/3009-3132.jpg\",\"width\":300,\"height\":300},{\"@type\":\"BreadcrumbList\",\"@id\":\"https:\\\/\\\/dutchmicrodosing.com\\\/it\\\/funghi-allucinogeni\\\/kit-di-coltivazione-speciali\\\/azurescens-outdoor-growkit\\\/#breadcrumb\",\"itemListElement\":[{\"@type\":\"ListItem\",\"position\":1,\"name\":\"Home\",\"item\":\"https:\\\/\\\/dutchmicrodosing.com\\\/it\\\/\"},{\"@type\":\"ListItem\",\"position\":2,\"name\":\"Negozio\",\"item\":\"https:\\\/\\\/dutchmicrodosing.com\\\/it\\\/negozio\\\/\"},{\"@type\":\"ListItem\",\"position\":3,\"name\":\"Kit di coltivazione per esterni Azurescens\"}]},{\"@type\":\"WebSite\",\"@id\":\"https:\\\/\\\/dutchmicrodosing.com\\\/it\\\/#website\",\"url\":\"https:\\\/\\\/dutchmicrodosing.com\\\/it\\\/\",\"name\":\"Dutchmicrodosing\",\"description\":\"\",\"publisher\":{\"@id\":\"https:\\\/\\\/dutchmicrodosing.com\\\/it\\\/#organization\"},\"potentialAction\":[{\"@type\":\"SearchAction\",\"target\":{\"@type\":\"EntryPoint\",\"urlTemplate\":\"https:\\\/\\\/dutchmicrodosing.com\\\/it\\\/?s={search_term_string}\"},\"query-input\":{\"@type\":\"PropertyValueSpecification\",\"valueRequired\":true,\"valueName\":\"search_term_string\"}}],\"inLanguage\":\"it-IT\"},{\"@type\":\"Organization\",\"@id\":\"https:\\\/\\\/dutchmicrodosing.com\\\/it\\\/#organization\",\"name\":\"Dutchmicrodosing\",\"url\":\"https:\\\/\\\/dutchmicrodosing.com\\\/it\\\/\",\"logo\":{\"@type\":\"ImageObject\",\"inLanguage\":\"it-IT\",\"@id\":\"https:\\\/\\\/dutchmicrodosing.com\\\/it\\\/#\\\/schema\\\/logo\\\/image\\\/\",\"url\":\"https:\\\/\\\/dutchmicrodosing.com\\\/wp-content\\\/uploads\\\/2021\\\/01\\\/microdosing-categorie-pic-nieuw.jpg\",\"contentUrl\":\"https:\\\/\\\/dutchmicrodosing.com\\\/wp-content\\\/uploads\\\/2021\\\/01\\\/microdosing-categorie-pic-nieuw.jpg\",\"width\":500,\"height\":500,\"caption\":\"Dutchmicrodosing\"},\"image\":{\"@id\":\"https:\\\/\\\/dutchmicrodosing.com\\\/it\\\/#\\\/schema\\\/logo\\\/image\\\/\"},\"sameAs\":[\"https:\\\/\\\/www.facebook.com\\\/Dutchmicrodosingxp\\\/\",\"https:\\\/\\\/www.instagram.com\\\/dutchmicrodosing\\\/\"]}]}<\/script>\n<meta property=\"product:price:amount\" content=\"24.95\" \/>\n<meta property=\"product:price:currency\" content=\"EUR\" \/>\n<meta property=\"og:availability\" content=\"instock\" \/>\n<meta property=\"product:availability\" content=\"instock\" \/>\n<meta property=\"product:retailer_item_id\" content=\"1201513\" \/>\n<meta property=\"product:condition\" content=\"new\" \/>\n<!-- \/ Yoast SEO Premium plugin. -->","yoast_head_json":{"title":"Kit di coltivazione per esterni Azurescens - Dutchmicrodosing","robots":{"index":"index","follow":"follow","max-snippet":"max-snippet:-1","max-image-preview":"max-image-preview:large","max-video-preview":"max-video-preview:-1"},"canonical":"https:\/\/dutchmicrodosing.com\/it\/funghi-allucinogeni\/kit-di-coltivazione-speciali\/azurescens-outdoor-growkit\/","og_locale":"it_IT","og_type":"article","og_title":"Kit di coltivazione per esterni Azurescens","og_description":"Con l'Azurescens Outdoor Growkit puoi creare facilmente la tua risaia naturale. Questo kit di coltivazione offre la possibilit\u00e0 di coltivare potenti","og_url":"https:\/\/dutchmicrodosing.com\/it\/funghi-allucinogeni\/kit-di-coltivazione-speciali\/azurescens-outdoor-growkit\/","og_site_name":"Dutchmicrodosing","article_publisher":"https:\/\/www.facebook.com\/Dutchmicrodosingxp\/","article_modified_time":"2025-08-18T17:52:04+00:00","og_image":[{"width":300,"height":300,"url":"https:\/\/dutchmicrodosing.com\/wp-content\/uploads\/2025\/05\/3009-3132.jpg","type":"image\/jpeg"}],"twitter_card":"summary_large_image","schema":{"@context":"https:\/\/schema.org","@graph":[{"@type":"WebPage","@id":"https:\/\/dutchmicrodosing.com\/it\/funghi-allucinogeni\/kit-di-coltivazione-speciali\/azurescens-outdoor-growkit\/","url":"https:\/\/dutchmicrodosing.com\/it\/funghi-allucinogeni\/kit-di-coltivazione-speciali\/azurescens-outdoor-growkit\/","name":"Kit di coltivazione per esterni Azurescens - Dutchmicrodosing","isPartOf":{"@id":"https:\/\/dutchmicrodosing.com\/it\/#website"},"primaryImageOfPage":{"@id":"https:\/\/dutchmicrodosing.com\/it\/funghi-allucinogeni\/kit-di-coltivazione-speciali\/azurescens-outdoor-growkit\/#primaryimage"},"image":{"@id":"https:\/\/dutchmicrodosing.com\/it\/funghi-allucinogeni\/kit-di-coltivazione-speciali\/azurescens-outdoor-growkit\/#primaryimage"},"thumbnailUrl":"https:\/\/dutchmicrodosing.com\/wp-content\/uploads\/2025\/05\/3009-3132.jpg","datePublished":"2025-05-09T07:49:35+00:00","dateModified":"2025-08-18T17:52:04+00:00","breadcrumb":{"@id":"https:\/\/dutchmicrodosing.com\/it\/funghi-allucinogeni\/kit-di-coltivazione-speciali\/azurescens-outdoor-growkit\/#breadcrumb"},"inLanguage":"it-IT","potentialAction":[{"@type":"ReadAction","target":["https:\/\/dutchmicrodosing.com\/it\/funghi-allucinogeni\/kit-di-coltivazione-speciali\/azurescens-outdoor-growkit\/"]}]},{"@type":"ImageObject","inLanguage":"it-IT","@id":"https:\/\/dutchmicrodosing.com\/it\/funghi-allucinogeni\/kit-di-coltivazione-speciali\/azurescens-outdoor-growkit\/#primaryimage","url":"https:\/\/dutchmicrodosing.com\/wp-content\/uploads\/2025\/05\/3009-3132.jpg","contentUrl":"https:\/\/dutchmicrodosing.com\/wp-content\/uploads\/2025\/05\/3009-3132.jpg","width":300,"height":300},{"@type":"BreadcrumbList","@id":"https:\/\/dutchmicrodosing.com\/it\/funghi-allucinogeni\/kit-di-coltivazione-speciali\/azurescens-outdoor-growkit\/#breadcrumb","itemListElement":[{"@type":"ListItem","position":1,"name":"Home","item":"https:\/\/dutchmicrodosing.com\/it\/"},{"@type":"ListItem","position":2,"name":"Negozio","item":"https:\/\/dutchmicrodosing.com\/it\/negozio\/"},{"@type":"ListItem","position":3,"name":"Kit di coltivazione per esterni Azurescens"}]},{"@type":"WebSite","@id":"https:\/\/dutchmicrodosing.com\/it\/#website","url":"https:\/\/dutchmicrodosing.com\/it\/","name":"Dutchmicrodosing","description":"","publisher":{"@id":"https:\/\/dutchmicrodosing.com\/it\/#organization"},"potentialAction":[{"@type":"SearchAction","target":{"@type":"EntryPoint","urlTemplate":"https:\/\/dutchmicrodosing.com\/it\/?s={search_term_string}"},"query-input":{"@type":"PropertyValueSpecification","valueRequired":true,"valueName":"search_term_string"}}],"inLanguage":"it-IT"},{"@type":"Organization","@id":"https:\/\/dutchmicrodosing.com\/it\/#organization","name":"Dutchmicrodosing","url":"https:\/\/dutchmicrodosing.com\/it\/","logo":{"@type":"ImageObject","inLanguage":"it-IT","@id":"https:\/\/dutchmicrodosing.com\/it\/#\/schema\/logo\/image\/","url":"https:\/\/dutchmicrodosing.com\/wp-content\/uploads\/2021\/01\/microdosing-categorie-pic-nieuw.jpg","contentUrl":"https:\/\/dutchmicrodosing.com\/wp-content\/uploads\/2021\/01\/microdosing-categorie-pic-nieuw.jpg","width":500,"height":500,"caption":"Dutchmicrodosing"},"image":{"@id":"https:\/\/dutchmicrodosing.com\/it\/#\/schema\/logo\/image\/"},"sameAs":["https:\/\/www.facebook.com\/Dutchmicrodosingxp\/","https:\/\/www.instagram.com\/dutchmicrodosing\/"]}]},"product_price_amount":"24.95","product_price_currency":"EUR","og_availability":"instock","product_availability":"instock","product_retailer_item_id":"1201513","product_condition":"new"},"_links":{"self":[{"href":"https:\/\/dutchmicrodosing.com\/it\/wp-json\/wp\/v2\/product\/47603","targetHints":{"allow":["GET"]}}],"collection":[{"href":"https:\/\/dutchmicrodosing.com\/it\/wp-json\/wp\/v2\/product"}],"about":[{"href":"https:\/\/dutchmicrodosing.com\/it\/wp-json\/wp\/v2\/types\/product"}],"replies":[{"embeddable":true,"href":"https:\/\/dutchmicrodosing.com\/it\/wp-json\/wp\/v2\/comments?post=47603"}],"version-history":[{"count":0,"href":"https:\/\/dutchmicrodosing.com\/it\/wp-json\/wp\/v2\/product\/47603\/revisions"}],"wp:featuredmedia":[{"embeddable":true,"href":"https:\/\/dutchmicrodosing.com\/it\/wp-json\/wp\/v2\/media\/47592"}],"wp:attachment":[{"href":"https:\/\/dutchmicrodosing.com\/it\/wp-json\/wp\/v2\/media?parent=47603"}],"wp:term":[{"taxonomy":"product_brand","embeddable":true,"href":"https:\/\/dutchmicrodosing.com\/it\/wp-json\/wp\/v2\/product_brand?post=47603"},{"taxonomy":"product_cat","embeddable":true,"href":"https:\/\/dutchmicrodosing.com\/it\/wp-json\/wp\/v2\/product_cat?post=47603"},{"taxonomy":"product_tag","embeddable":true,"href":"https:\/\/dutchmicrodosing.com\/it\/wp-json\/wp\/v2\/product_tag?post=47603"}],"curies":[{"name":"wp","href":"https:\/\/api.w.org\/{rel}","templated":true}]}}