{"id":47778,"date":"2025-05-19T09:35:33","date_gmt":"2025-05-19T07:35:33","guid":{"rendered":"https:\/\/dutchmicrodosing.com\/shop\/senza-categoria\/albino-a-paddo-broed\/"},"modified":"2025-11-11T15:40:35","modified_gmt":"2025-11-11T14:40:35","slug":"albino-a-paddo-broed","status":"publish","type":"product","link":"https:\/\/dutchmicrodosing.com\/it\/funghi-allucinogeni\/albino-a-paddo-broed\/","title":{"rendered":"Nidiata di funghi Albino A+"},"content":{"rendered":"<p>L&#8217;<strong>allevamento di funghi Albino A+<\/strong> \u00e8 uno dei preferiti dai coltivatori domestici, sia alle prime armi che esperti. Questa particolare variet\u00e0 si distingue per il colore bianco crema, gli steli lunghi e la crescita rapida. Una genetica forte e un micelio attivo rendono questa pianta facile da usare, ideale per chiunque voglia coltivare i propri funghi.<\/p>\n<h3>Che cos&#8217;\u00e8 una covata di funghi?<\/h3>\n<p>Lo spawn di funghi (grain spawn in inglese) \u00e8 un cereale cresciuto attraverso il micelio. Un kit di coltivazione o grow kit (che molti siti web offrono) \u00e8 costituito da covata diluita con terriccio di cocco e vermiculite. \u00c8 gi\u00e0 in un contenitore di dimensioni fisse, d\u00e0 qualche fungo e poi viene cancellato. Dato che offriamo noi stessi i gambi dei funghi, hai molte pi\u00f9 opzioni. Puoi decidere tu le dimensioni della tua coltivazione e puoi moltiplicarla facilmente. Il potente micelio dei funghi si moltiplica in modo esponenziale.<\/p>\n<p>Questo significa che puoi fare 10 vasi da un barattolo, 100 da quello e 1000 da quello ancora. E tutto in poche settimane. Questo significa che non dovrai pi\u00f9 scegliere un kit di coltivazione da 250, 1200 o 2100 ml, ma potrai scegliere quanti funghi coltivare. Chiunque pu\u00f2 farlo, con solo alcuni oggetti domestici. Non devi nemmeno lavorare in modo sterile! Ogni vasetto \u00e8 corredato da un manuale completo che spiega passo dopo passo, con tante immagini, le varie opzioni per la coltivazione dei funghi.<\/p>\n<h3>Caratteristiche<\/h3>\n<ul>\n<li>Il fungo Albino A+ si colonizza rapidamente e produce frutti sodi dall&#8217;aspetto unico.<\/li>\n<li>Utilizzando il micelio puro (senza diluirlo come nei kit di coltivazione), sarai tu a determinare la scala della tua coltivazione.<\/li>\n<li>Puoi moltiplicare facilmente un barattolo di funghi fino a diverse volte la sua quantit\u00e0 originale. In questo modo avrai un controllo maggiore e un raccolto pi\u00f9 abbondante, senza dover sottostare ai contenuti limitati dei kit di coltivazione gi\u00e0 pronti.<\/li>\n<li>Anche senza esperienza o senza un ambiente di lavoro sterile, puoi coltivare funghi con successo.<\/li>\n<\/ul>\n<h3>Ingredienti e\/o composizione<\/h3>\n<p>Funghi a base di cereali, coltivati con micelio attivo Albino A+.<\/p>\n<h3>Utilizzo<\/h3>\n<p>Usa il seme per innestare il substrato di tua scelta. Segui il manuale incluso per conoscere le diverse opzioni e tecniche di coltivazione. Apri il barattolo solo poco prima dell&#8217;uso e assicurati di essere igienico. Conserva l&#8217;uovo in frigorifero fino a quando non sarai pronto per iniziare.<\/p>\n<p><strong>SCARICA QUI<\/strong>: <strong><a href=\"https:\/\/dutchmicrodosing.com\/wp-content\/uploads\/2025\/07\/white-ENGELS-1.pdf\">Micelio di Albino A+\/spirito di Paddo<\/a><\/strong><\/p>\n<h3>Contenuto<\/h3>\n<ul>\n<li>382 ml Funghi di Albino A+<\/li>\n<li>Manuale di coltivazione completo<\/li>\n<\/ul>\n<h3>Importante<\/h3>\n<ul>\n<li>Conservare in frigorifero, fino a 3 mesi.<\/li>\n<li>Non aprire il barattolo prima dell&#8217;uso<\/li>\n<li>Leggi sempre prima il manuale fornito<\/li>\n<\/ul>\n","protected":false},"excerpt":{"rendered":"<p>L&#8217;allevamento di funghi Albino A+ \u00e8 uno dei preferiti dai coltivatori domestici, sia alle prime armi che esperti. Questa particolare variet\u00e0 si distingue per il colore bianco crema, gli steli lunghi e la crescita rapida. Una genetica forte e un micelio attivo rendono questa pianta facile da usare, ideale per chiunque voglia coltivare i propri [&hellip;]<\/p>\n","protected":false},"featured_media":47741,"comment_status":"closed","ping_status":"closed","template":"","meta":[],"product_brand":[],"product_cat":[408],"product_tag":[],"class_list":{"0":"post-47778","1":"product","2":"type-product","3":"status-publish","4":"has-post-thumbnail","6":"product_cat-kit-di-coltivazione-speciali","8":"first","9":"instock","10":"taxable","11":"shipping-taxable","12":"purchasable","13":"product-type-simple"},"yoast_head":"<!-- This site is optimized with the Yoast SEO Premium plugin v26.4 (Yoast SEO v27.2) - https:\/\/yoast.com\/product\/yoast-seo-premium-wordpress\/ -->\n<title>Nidiata di funghi Albino A+ - Dutchmicrodosing<\/title>\n<meta name=\"description\" content=\"Albino A+ Brood \u00e8 ideale per i coltivatori esperti che cercano una variet\u00e0 insolita e bianca con un&#039;alta resa e un effetto potente....\" \/>\n<meta name=\"robots\" content=\"index, follow, max-snippet:-1, max-image-preview:large, max-video-preview:-1\" \/>\n<link rel=\"canonical\" href=\"https:\/\/dutchmicrodosing.com\/it\/funghi-allucinogeni\/albino-a-paddo-broed\/\" \/>\n<meta property=\"og:locale\" content=\"it_IT\" \/>\n<meta property=\"og:type\" content=\"article\" \/>\n<meta property=\"og:title\" content=\"Nidiata di funghi Albino A+\" \/>\n<meta property=\"og:description\" content=\"L&#039;allevamento di funghi Albino A+ \u00e8 uno dei preferiti dai coltivatori domestici, sia alle prime armi che esperti. Questa particolare variet\u00e0 si distingue\" \/>\n<meta property=\"og:url\" content=\"https:\/\/dutchmicrodosing.com\/it\/funghi-allucinogeni\/albino-a-paddo-broed\/\" \/>\n<meta property=\"og:site_name\" content=\"Dutchmicrodosing\" \/>\n<meta property=\"article:publisher\" content=\"https:\/\/www.facebook.com\/Dutchmicrodosingxp\/\" \/>\n<meta property=\"article:modified_time\" content=\"2025-11-11T14:40:35+00:00\" \/>\n<meta property=\"og:image\" content=\"https:\/\/dutchmicrodosing.com\/wp-content\/uploads\/2025\/05\/4105-5095.jpg\" \/>\n\t<meta property=\"og:image:width\" content=\"300\" \/>\n\t<meta property=\"og:image:height\" content=\"300\" \/>\n\t<meta property=\"og:image:type\" content=\"image\/jpeg\" \/>\n<meta name=\"twitter:card\" content=\"summary_large_image\" \/>\n<script type=\"application\/ld+json\" class=\"yoast-schema-graph\">{\"@context\":\"https:\/\/schema.org\",\"@graph\":[{\"@type\":\"WebPage\",\"@id\":\"https:\/\/dutchmicrodosing.com\/it\/funghi-allucinogeni\/albino-a-paddo-broed\/\",\"url\":\"https:\/\/dutchmicrodosing.com\/it\/funghi-allucinogeni\/albino-a-paddo-broed\/\",\"name\":\"Nidiata di funghi Albino A+ - Dutchmicrodosing\",\"isPartOf\":{\"@id\":\"https:\/\/dutchmicrodosing.com\/it\/#website\"},\"primaryImageOfPage\":{\"@id\":\"https:\/\/dutchmicrodosing.com\/it\/funghi-allucinogeni\/albino-a-paddo-broed\/#primaryimage\"},\"image\":{\"@id\":\"https:\/\/dutchmicrodosing.com\/it\/funghi-allucinogeni\/albino-a-paddo-broed\/#primaryimage\"},\"thumbnailUrl\":\"https:\/\/dutchmicrodosing.com\/wp-content\/uploads\/2025\/05\/4105-5095.jpg\",\"datePublished\":\"2025-05-19T07:35:33+00:00\",\"dateModified\":\"2025-11-11T14:40:35+00:00\",\"description\":\"Albino A+ Brood \u00e8 ideale per i coltivatori esperti che cercano una variet\u00e0 insolita e bianca con un'alta resa e un effetto potente....\",\"breadcrumb\":{\"@id\":\"https:\/\/dutchmicrodosing.com\/it\/funghi-allucinogeni\/albino-a-paddo-broed\/#breadcrumb\"},\"inLanguage\":\"it-IT\",\"potentialAction\":[{\"@type\":\"ReadAction\",\"target\":[\"https:\/\/dutchmicrodosing.com\/it\/funghi-allucinogeni\/albino-a-paddo-broed\/\"]}]},{\"@type\":\"ImageObject\",\"inLanguage\":\"it-IT\",\"@id\":\"https:\/\/dutchmicrodosing.com\/it\/funghi-allucinogeni\/albino-a-paddo-broed\/#primaryimage\",\"url\":\"https:\/\/dutchmicrodosing.com\/wp-content\/uploads\/2025\/05\/4105-5095.jpg\",\"contentUrl\":\"https:\/\/dutchmicrodosing.com\/wp-content\/uploads\/2025\/05\/4105-5095.jpg\",\"width\":300,\"height\":300},{\"@type\":\"BreadcrumbList\",\"@id\":\"https:\/\/dutchmicrodosing.com\/it\/funghi-allucinogeni\/albino-a-paddo-broed\/#breadcrumb\",\"itemListElement\":[{\"@type\":\"ListItem\",\"position\":1,\"name\":\"Home\",\"item\":\"https:\/\/dutchmicrodosing.com\/it\/\"},{\"@type\":\"ListItem\",\"position\":2,\"name\":\"Negozio\",\"item\":\"https:\/\/dutchmicrodosing.com\/it\/negozio\/\"},{\"@type\":\"ListItem\",\"position\":3,\"name\":\"Nidiata di funghi Albino A+\"}]},{\"@type\":\"WebSite\",\"@id\":\"https:\/\/dutchmicrodosing.com\/it\/#website\",\"url\":\"https:\/\/dutchmicrodosing.com\/it\/\",\"name\":\"Dutchmicrodosing\",\"description\":\"\",\"publisher\":{\"@id\":\"https:\/\/dutchmicrodosing.com\/it\/#organization\"},\"potentialAction\":[{\"@type\":\"SearchAction\",\"target\":{\"@type\":\"EntryPoint\",\"urlTemplate\":\"https:\/\/dutchmicrodosing.com\/it\/?s={search_term_string}\"},\"query-input\":{\"@type\":\"PropertyValueSpecification\",\"valueRequired\":true,\"valueName\":\"search_term_string\"}}],\"inLanguage\":\"it-IT\"},{\"@type\":\"Organization\",\"@id\":\"https:\/\/dutchmicrodosing.com\/it\/#organization\",\"name\":\"Dutchmicrodosing\",\"url\":\"https:\/\/dutchmicrodosing.com\/it\/\",\"logo\":{\"@type\":\"ImageObject\",\"inLanguage\":\"it-IT\",\"@id\":\"https:\/\/dutchmicrodosing.com\/it\/#\/schema\/logo\/image\/\",\"url\":\"https:\/\/dutchmicrodosing.com\/wp-content\/uploads\/2021\/01\/microdosing-categorie-pic-nieuw.jpg\",\"contentUrl\":\"https:\/\/dutchmicrodosing.com\/wp-content\/uploads\/2021\/01\/microdosing-categorie-pic-nieuw.jpg\",\"width\":500,\"height\":500,\"caption\":\"Dutchmicrodosing\"},\"image\":{\"@id\":\"https:\/\/dutchmicrodosing.com\/it\/#\/schema\/logo\/image\/\"},\"sameAs\":[\"https:\/\/www.facebook.com\/Dutchmicrodosingxp\/\",\"https:\/\/www.instagram.com\/dutchmicrodosing\/\"]}]}<\/script>\n<meta property=\"product:price:amount\" content=\"24.95\" \/>\n<meta property=\"product:price:currency\" content=\"EUR\" \/>\n<meta property=\"og:availability\" content=\"instock\" \/>\n<meta property=\"product:availability\" content=\"instock\" \/>\n<meta property=\"product:retailer_item_id\" content=\"5204235\" \/>\n<meta property=\"product:condition\" content=\"new\" \/>\n<!-- \/ Yoast SEO Premium plugin. -->","yoast_head_json":{"title":"Nidiata di funghi Albino A+ - Dutchmicrodosing","description":"Albino A+ Brood \u00e8 ideale per i coltivatori esperti che cercano una variet\u00e0 insolita e bianca con un'alta resa e un effetto potente....","robots":{"index":"index","follow":"follow","max-snippet":"max-snippet:-1","max-image-preview":"max-image-preview:large","max-video-preview":"max-video-preview:-1"},"canonical":"https:\/\/dutchmicrodosing.com\/it\/funghi-allucinogeni\/albino-a-paddo-broed\/","og_locale":"it_IT","og_type":"article","og_title":"Nidiata di funghi Albino A+","og_description":"L'allevamento di funghi Albino A+ \u00e8 uno dei preferiti dai coltivatori domestici, sia alle prime armi che esperti. Questa particolare variet\u00e0 si distingue","og_url":"https:\/\/dutchmicrodosing.com\/it\/funghi-allucinogeni\/albino-a-paddo-broed\/","og_site_name":"Dutchmicrodosing","article_publisher":"https:\/\/www.facebook.com\/Dutchmicrodosingxp\/","article_modified_time":"2025-11-11T14:40:35+00:00","og_image":[{"width":300,"height":300,"url":"https:\/\/dutchmicrodosing.com\/wp-content\/uploads\/2025\/05\/4105-5095.jpg","type":"image\/jpeg"}],"twitter_card":"summary_large_image","schema":{"@context":"https:\/\/schema.org","@graph":[{"@type":"WebPage","@id":"https:\/\/dutchmicrodosing.com\/it\/funghi-allucinogeni\/albino-a-paddo-broed\/","url":"https:\/\/dutchmicrodosing.com\/it\/funghi-allucinogeni\/albino-a-paddo-broed\/","name":"Nidiata di funghi Albino A+ - Dutchmicrodosing","isPartOf":{"@id":"https:\/\/dutchmicrodosing.com\/it\/#website"},"primaryImageOfPage":{"@id":"https:\/\/dutchmicrodosing.com\/it\/funghi-allucinogeni\/albino-a-paddo-broed\/#primaryimage"},"image":{"@id":"https:\/\/dutchmicrodosing.com\/it\/funghi-allucinogeni\/albino-a-paddo-broed\/#primaryimage"},"thumbnailUrl":"https:\/\/dutchmicrodosing.com\/wp-content\/uploads\/2025\/05\/4105-5095.jpg","datePublished":"2025-05-19T07:35:33+00:00","dateModified":"2025-11-11T14:40:35+00:00","description":"Albino A+ Brood \u00e8 ideale per i coltivatori esperti che cercano una variet\u00e0 insolita e bianca con un'alta resa e un effetto potente....","breadcrumb":{"@id":"https:\/\/dutchmicrodosing.com\/it\/funghi-allucinogeni\/albino-a-paddo-broed\/#breadcrumb"},"inLanguage":"it-IT","potentialAction":[{"@type":"ReadAction","target":["https:\/\/dutchmicrodosing.com\/it\/funghi-allucinogeni\/albino-a-paddo-broed\/"]}]},{"@type":"ImageObject","inLanguage":"it-IT","@id":"https:\/\/dutchmicrodosing.com\/it\/funghi-allucinogeni\/albino-a-paddo-broed\/#primaryimage","url":"https:\/\/dutchmicrodosing.com\/wp-content\/uploads\/2025\/05\/4105-5095.jpg","contentUrl":"https:\/\/dutchmicrodosing.com\/wp-content\/uploads\/2025\/05\/4105-5095.jpg","width":300,"height":300},{"@type":"BreadcrumbList","@id":"https:\/\/dutchmicrodosing.com\/it\/funghi-allucinogeni\/albino-a-paddo-broed\/#breadcrumb","itemListElement":[{"@type":"ListItem","position":1,"name":"Home","item":"https:\/\/dutchmicrodosing.com\/it\/"},{"@type":"ListItem","position":2,"name":"Negozio","item":"https:\/\/dutchmicrodosing.com\/it\/negozio\/"},{"@type":"ListItem","position":3,"name":"Nidiata di funghi Albino A+"}]},{"@type":"WebSite","@id":"https:\/\/dutchmicrodosing.com\/it\/#website","url":"https:\/\/dutchmicrodosing.com\/it\/","name":"Dutchmicrodosing","description":"","publisher":{"@id":"https:\/\/dutchmicrodosing.com\/it\/#organization"},"potentialAction":[{"@type":"SearchAction","target":{"@type":"EntryPoint","urlTemplate":"https:\/\/dutchmicrodosing.com\/it\/?s={search_term_string}"},"query-input":{"@type":"PropertyValueSpecification","valueRequired":true,"valueName":"search_term_string"}}],"inLanguage":"it-IT"},{"@type":"Organization","@id":"https:\/\/dutchmicrodosing.com\/it\/#organization","name":"Dutchmicrodosing","url":"https:\/\/dutchmicrodosing.com\/it\/","logo":{"@type":"ImageObject","inLanguage":"it-IT","@id":"https:\/\/dutchmicrodosing.com\/it\/#\/schema\/logo\/image\/","url":"https:\/\/dutchmicrodosing.com\/wp-content\/uploads\/2021\/01\/microdosing-categorie-pic-nieuw.jpg","contentUrl":"https:\/\/dutchmicrodosing.com\/wp-content\/uploads\/2021\/01\/microdosing-categorie-pic-nieuw.jpg","width":500,"height":500,"caption":"Dutchmicrodosing"},"image":{"@id":"https:\/\/dutchmicrodosing.com\/it\/#\/schema\/logo\/image\/"},"sameAs":["https:\/\/www.facebook.com\/Dutchmicrodosingxp\/","https:\/\/www.instagram.com\/dutchmicrodosing\/"]}]},"product_price_amount":"24.95","product_price_currency":"EUR","og_availability":"instock","product_availability":"instock","product_retailer_item_id":"5204235","product_condition":"new"},"_links":{"self":[{"href":"https:\/\/dutchmicrodosing.com\/it\/wp-json\/wp\/v2\/product\/47778","targetHints":{"allow":["GET"]}}],"collection":[{"href":"https:\/\/dutchmicrodosing.com\/it\/wp-json\/wp\/v2\/product"}],"about":[{"href":"https:\/\/dutchmicrodosing.com\/it\/wp-json\/wp\/v2\/types\/product"}],"replies":[{"embeddable":true,"href":"https:\/\/dutchmicrodosing.com\/it\/wp-json\/wp\/v2\/comments?post=47778"}],"version-history":[{"count":2,"href":"https:\/\/dutchmicrodosing.com\/it\/wp-json\/wp\/v2\/product\/47778\/revisions"}],"predecessor-version":[{"id":61618,"href":"https:\/\/dutchmicrodosing.com\/it\/wp-json\/wp\/v2\/product\/47778\/revisions\/61618"}],"wp:featuredmedia":[{"embeddable":true,"href":"https:\/\/dutchmicrodosing.com\/it\/wp-json\/wp\/v2\/media\/47741"}],"wp:attachment":[{"href":"https:\/\/dutchmicrodosing.com\/it\/wp-json\/wp\/v2\/media?parent=47778"}],"wp:term":[{"taxonomy":"product_brand","embeddable":true,"href":"https:\/\/dutchmicrodosing.com\/it\/wp-json\/wp\/v2\/product_brand?post=47778"},{"taxonomy":"product_cat","embeddable":true,"href":"https:\/\/dutchmicrodosing.com\/it\/wp-json\/wp\/v2\/product_cat?post=47778"},{"taxonomy":"product_tag","embeddable":true,"href":"https:\/\/dutchmicrodosing.com\/it\/wp-json\/wp\/v2\/product_tag?post=47778"}],"curies":[{"name":"wp","href":"https:\/\/api.w.org\/{rel}","templated":true}]}}