{"id":48214,"date":"2025-05-23T12:24:01","date_gmt":"2025-05-23T10:24:01","guid":{"rendered":"https:\/\/dutchmicrodosing.com\/?post_type=product&#038;p=48214"},"modified":"2025-11-09T15:14:57","modified_gmt":"2025-11-09T14:14:57","slug":"ashwaganda-120-pezzi","status":"publish","type":"product","link":"https:\/\/dutchmicrodosing.com\/it\/negozio-di-salute\/vitamine-e-integratori\/ashwaganda-120-pezzi\/","title":{"rendered":"Ashwaganda &#8211; 120 pezzi"},"content":{"rendered":"<p>Le capsule di <strong>Ashwagandha <\/strong>di Fit4Seasons sono destinate a tutti coloro che vogliono scegliere consapevolmente un integratore naturale per sostenere il benessere quotidiano. Questo prodotto vegano contiene un estratto concentrato di Ashwagandha ed \u00e8 stato sviluppato con attenzione alla qualit\u00e0 e alla semplicit\u00e0.<\/p>\n<h3>Caratteristiche<\/h3>\n<ul>\n<li>500 mg di estratto di Ashwagandha 10:1 per capsula<\/li>\n<li>Con 15 mg di vitamina C e 2 mg di zinco bisglicinato<\/li>\n<li>Formula vegana senza additivi artificiali<\/li>\n<li>Pratiche capsule per un facile utilizzo<\/li>\n<li>Adatto a uno stile di vita consapevole<\/li>\n<\/ul>\n<h3>Ingredienti e\/o composizione<\/h3>\n<p>Estratto di Ashwagandha (Withania somnifera) (10:1), vitamina C (acido ascorbico), bisglicinato di zinco, agente di carica (farina di riso), capsula (idrossipropilmetilcellulosa &#8211; vegetale).<\/p>\n<h3>Utilizzo<\/h3>\n<p>Assumi 1 capsula al giorno con acqua, preferibilmente durante un pasto. Non superare il dosaggio consigliato.<\/p>\n<h3>Contenuto<\/h3>\n<p>120 capsule in un pratico barattolo, per un uso quotidiano di 4 mesi.<\/p>\n<h3>Disclaimer<\/h3>\n<p><em>Il contenuto di questo testo ha uno scopo puramente informativo e non sostituisce una consulenza professionale. Questo prodotto non \u00e8 un farmaco e non \u00e8 destinato a diagnosticare, trattare o curare alcuna condizione medica. Per qualsiasi domanda specifica sull&#8217;uso di questo prodotto, consulta uno specialista. Alcuni studi scientifici sugli effetti di questo prodotto sono in corso e non tutte le affermazioni sono state definitivamente confermate.<\/em><\/p>\n","protected":false},"excerpt":{"rendered":"<p>Le capsule di Ashwagandha di Fit4Seasons sono destinate a tutti coloro che vogliono scegliere consapevolmente un integratore naturale per sostenere il benessere quotidiano. Questo prodotto vegano contiene un estratto concentrato di Ashwagandha ed \u00e8 stato sviluppato con attenzione alla qualit\u00e0 e alla semplicit\u00e0. Caratteristiche 500 mg di estratto di Ashwagandha 10:1 per capsula Con 15 [&hellip;]<\/p>\n","protected":false},"featured_media":48211,"comment_status":"closed","ping_status":"closed","template":"","meta":[],"product_brand":[],"product_cat":[296,302,173],"product_tag":[],"class_list":{"0":"post-48214","1":"product","2":"type-product","3":"status-publish","4":"has-post-thumbnail","6":"product_cat-integratori-per-il-sistema-immunitario","7":"product_cat-integratori-per-il-sonno","8":"product_cat-vitamine-e-integratori","10":"first","11":"instock","12":"taxable","13":"shipping-taxable","14":"product-type-simple"},"yoast_head":"<!-- This site is optimized with the Yoast SEO Premium plugin v26.4 (Yoast SEO v27.2) - https:\/\/yoast.com\/product\/yoast-seo-premium-wordpress\/ -->\n<title>Ashwaganda - 120 pezzi - Dutchmicrodosing<\/title>\n<meta name=\"robots\" content=\"index, follow, max-snippet:-1, max-image-preview:large, max-video-preview:-1\" \/>\n<link rel=\"canonical\" href=\"https:\/\/dutchmicrodosing.com\/it\/negozio-di-salute\/vitamine-e-integratori\/ashwaganda-120-pezzi\/\" \/>\n<meta property=\"og:locale\" content=\"it_IT\" \/>\n<meta property=\"og:type\" content=\"article\" \/>\n<meta property=\"og:title\" content=\"Ashwaganda - 120 pezzi\" \/>\n<meta property=\"og:description\" content=\"Le capsule di Ashwagandha di Fit4Seasons sono destinate a tutti coloro che vogliono scegliere consapevolmente un integratore naturale per sostenere il\" \/>\n<meta property=\"og:url\" content=\"https:\/\/dutchmicrodosing.com\/it\/negozio-di-salute\/vitamine-e-integratori\/ashwaganda-120-pezzi\/\" \/>\n<meta property=\"og:site_name\" content=\"Dutchmicrodosing\" \/>\n<meta property=\"article:publisher\" content=\"https:\/\/www.facebook.com\/Dutchmicrodosingxp\/\" \/>\n<meta property=\"article:modified_time\" content=\"2025-11-09T14:14:57+00:00\" \/>\n<meta property=\"og:image\" content=\"https:\/\/dutchmicrodosing.com\/wp-content\/uploads\/2025\/05\/Ashwaganda-1.jpg\" \/>\n\t<meta property=\"og:image:width\" content=\"1000\" \/>\n\t<meta property=\"og:image:height\" content=\"1000\" \/>\n\t<meta property=\"og:image:type\" content=\"image\/jpeg\" \/>\n<meta name=\"twitter:card\" content=\"summary_large_image\" \/>\n<script type=\"application\/ld+json\" class=\"yoast-schema-graph\">{\"@context\":\"https:\/\/schema.org\",\"@graph\":[{\"@type\":\"WebPage\",\"@id\":\"https:\/\/dutchmicrodosing.com\/it\/negozio-di-salute\/vitamine-e-integratori\/ashwaganda-120-pezzi\/\",\"url\":\"https:\/\/dutchmicrodosing.com\/it\/negozio-di-salute\/vitamine-e-integratori\/ashwaganda-120-pezzi\/\",\"name\":\"Ashwaganda - 120 pezzi - Dutchmicrodosing\",\"isPartOf\":{\"@id\":\"https:\/\/dutchmicrodosing.com\/it\/#website\"},\"primaryImageOfPage\":{\"@id\":\"https:\/\/dutchmicrodosing.com\/it\/negozio-di-salute\/vitamine-e-integratori\/ashwaganda-120-pezzi\/#primaryimage\"},\"image\":{\"@id\":\"https:\/\/dutchmicrodosing.com\/it\/negozio-di-salute\/vitamine-e-integratori\/ashwaganda-120-pezzi\/#primaryimage\"},\"thumbnailUrl\":\"https:\/\/dutchmicrodosing.com\/wp-content\/uploads\/2025\/05\/Ashwaganda-1.jpg\",\"datePublished\":\"2025-05-23T10:24:01+00:00\",\"dateModified\":\"2025-11-09T14:14:57+00:00\",\"breadcrumb\":{\"@id\":\"https:\/\/dutchmicrodosing.com\/it\/negozio-di-salute\/vitamine-e-integratori\/ashwaganda-120-pezzi\/#breadcrumb\"},\"inLanguage\":\"it-IT\",\"potentialAction\":[{\"@type\":\"ReadAction\",\"target\":[\"https:\/\/dutchmicrodosing.com\/it\/negozio-di-salute\/vitamine-e-integratori\/ashwaganda-120-pezzi\/\"]}]},{\"@type\":\"ImageObject\",\"inLanguage\":\"it-IT\",\"@id\":\"https:\/\/dutchmicrodosing.com\/it\/negozio-di-salute\/vitamine-e-integratori\/ashwaganda-120-pezzi\/#primaryimage\",\"url\":\"https:\/\/dutchmicrodosing.com\/wp-content\/uploads\/2025\/05\/Ashwaganda-1.jpg\",\"contentUrl\":\"https:\/\/dutchmicrodosing.com\/wp-content\/uploads\/2025\/05\/Ashwaganda-1.jpg\",\"width\":1000,\"height\":1000},{\"@type\":\"BreadcrumbList\",\"@id\":\"https:\/\/dutchmicrodosing.com\/it\/negozio-di-salute\/vitamine-e-integratori\/ashwaganda-120-pezzi\/#breadcrumb\",\"itemListElement\":[{\"@type\":\"ListItem\",\"position\":1,\"name\":\"Home\",\"item\":\"https:\/\/dutchmicrodosing.com\/it\/\"},{\"@type\":\"ListItem\",\"position\":2,\"name\":\"Negozio\",\"item\":\"https:\/\/dutchmicrodosing.com\/it\/negozio\/\"},{\"@type\":\"ListItem\",\"position\":3,\"name\":\"Ashwaganda &#8211; 120 pezzi\"}]},{\"@type\":\"WebSite\",\"@id\":\"https:\/\/dutchmicrodosing.com\/it\/#website\",\"url\":\"https:\/\/dutchmicrodosing.com\/it\/\",\"name\":\"Dutchmicrodosing\",\"description\":\"\",\"publisher\":{\"@id\":\"https:\/\/dutchmicrodosing.com\/it\/#organization\"},\"potentialAction\":[{\"@type\":\"SearchAction\",\"target\":{\"@type\":\"EntryPoint\",\"urlTemplate\":\"https:\/\/dutchmicrodosing.com\/it\/?s={search_term_string}\"},\"query-input\":{\"@type\":\"PropertyValueSpecification\",\"valueRequired\":true,\"valueName\":\"search_term_string\"}}],\"inLanguage\":\"it-IT\"},{\"@type\":\"Organization\",\"@id\":\"https:\/\/dutchmicrodosing.com\/it\/#organization\",\"name\":\"Dutchmicrodosing\",\"url\":\"https:\/\/dutchmicrodosing.com\/it\/\",\"logo\":{\"@type\":\"ImageObject\",\"inLanguage\":\"it-IT\",\"@id\":\"https:\/\/dutchmicrodosing.com\/it\/#\/schema\/logo\/image\/\",\"url\":\"https:\/\/dutchmicrodosing.com\/wp-content\/uploads\/2021\/01\/microdosing-categorie-pic-nieuw.jpg\",\"contentUrl\":\"https:\/\/dutchmicrodosing.com\/wp-content\/uploads\/2021\/01\/microdosing-categorie-pic-nieuw.jpg\",\"width\":500,\"height\":500,\"caption\":\"Dutchmicrodosing\"},\"image\":{\"@id\":\"https:\/\/dutchmicrodosing.com\/it\/#\/schema\/logo\/image\/\"},\"sameAs\":[\"https:\/\/www.facebook.com\/Dutchmicrodosingxp\/\",\"https:\/\/www.instagram.com\/dutchmicrodosing\/\"]}]}<\/script>\n<meta property=\"product:price:currency\" content=\"EUR\" \/>\n<meta property=\"og:availability\" content=\"instock\" \/>\n<meta property=\"product:availability\" content=\"instock\" \/>\n<meta property=\"product:retailer_item_id\" content=\"5205861\" \/>\n<meta property=\"product:condition\" content=\"new\" \/>\n<!-- \/ Yoast SEO Premium plugin. -->","yoast_head_json":{"title":"Ashwaganda - 120 pezzi - Dutchmicrodosing","robots":{"index":"index","follow":"follow","max-snippet":"max-snippet:-1","max-image-preview":"max-image-preview:large","max-video-preview":"max-video-preview:-1"},"canonical":"https:\/\/dutchmicrodosing.com\/it\/negozio-di-salute\/vitamine-e-integratori\/ashwaganda-120-pezzi\/","og_locale":"it_IT","og_type":"article","og_title":"Ashwaganda - 120 pezzi","og_description":"Le capsule di Ashwagandha di Fit4Seasons sono destinate a tutti coloro che vogliono scegliere consapevolmente un integratore naturale per sostenere il","og_url":"https:\/\/dutchmicrodosing.com\/it\/negozio-di-salute\/vitamine-e-integratori\/ashwaganda-120-pezzi\/","og_site_name":"Dutchmicrodosing","article_publisher":"https:\/\/www.facebook.com\/Dutchmicrodosingxp\/","article_modified_time":"2025-11-09T14:14:57+00:00","og_image":[{"width":1000,"height":1000,"url":"https:\/\/dutchmicrodosing.com\/wp-content\/uploads\/2025\/05\/Ashwaganda-1.jpg","type":"image\/jpeg"}],"twitter_card":"summary_large_image","schema":{"@context":"https:\/\/schema.org","@graph":[{"@type":"WebPage","@id":"https:\/\/dutchmicrodosing.com\/it\/negozio-di-salute\/vitamine-e-integratori\/ashwaganda-120-pezzi\/","url":"https:\/\/dutchmicrodosing.com\/it\/negozio-di-salute\/vitamine-e-integratori\/ashwaganda-120-pezzi\/","name":"Ashwaganda - 120 pezzi - Dutchmicrodosing","isPartOf":{"@id":"https:\/\/dutchmicrodosing.com\/it\/#website"},"primaryImageOfPage":{"@id":"https:\/\/dutchmicrodosing.com\/it\/negozio-di-salute\/vitamine-e-integratori\/ashwaganda-120-pezzi\/#primaryimage"},"image":{"@id":"https:\/\/dutchmicrodosing.com\/it\/negozio-di-salute\/vitamine-e-integratori\/ashwaganda-120-pezzi\/#primaryimage"},"thumbnailUrl":"https:\/\/dutchmicrodosing.com\/wp-content\/uploads\/2025\/05\/Ashwaganda-1.jpg","datePublished":"2025-05-23T10:24:01+00:00","dateModified":"2025-11-09T14:14:57+00:00","breadcrumb":{"@id":"https:\/\/dutchmicrodosing.com\/it\/negozio-di-salute\/vitamine-e-integratori\/ashwaganda-120-pezzi\/#breadcrumb"},"inLanguage":"it-IT","potentialAction":[{"@type":"ReadAction","target":["https:\/\/dutchmicrodosing.com\/it\/negozio-di-salute\/vitamine-e-integratori\/ashwaganda-120-pezzi\/"]}]},{"@type":"ImageObject","inLanguage":"it-IT","@id":"https:\/\/dutchmicrodosing.com\/it\/negozio-di-salute\/vitamine-e-integratori\/ashwaganda-120-pezzi\/#primaryimage","url":"https:\/\/dutchmicrodosing.com\/wp-content\/uploads\/2025\/05\/Ashwaganda-1.jpg","contentUrl":"https:\/\/dutchmicrodosing.com\/wp-content\/uploads\/2025\/05\/Ashwaganda-1.jpg","width":1000,"height":1000},{"@type":"BreadcrumbList","@id":"https:\/\/dutchmicrodosing.com\/it\/negozio-di-salute\/vitamine-e-integratori\/ashwaganda-120-pezzi\/#breadcrumb","itemListElement":[{"@type":"ListItem","position":1,"name":"Home","item":"https:\/\/dutchmicrodosing.com\/it\/"},{"@type":"ListItem","position":2,"name":"Negozio","item":"https:\/\/dutchmicrodosing.com\/it\/negozio\/"},{"@type":"ListItem","position":3,"name":"Ashwaganda &#8211; 120 pezzi"}]},{"@type":"WebSite","@id":"https:\/\/dutchmicrodosing.com\/it\/#website","url":"https:\/\/dutchmicrodosing.com\/it\/","name":"Dutchmicrodosing","description":"","publisher":{"@id":"https:\/\/dutchmicrodosing.com\/it\/#organization"},"potentialAction":[{"@type":"SearchAction","target":{"@type":"EntryPoint","urlTemplate":"https:\/\/dutchmicrodosing.com\/it\/?s={search_term_string}"},"query-input":{"@type":"PropertyValueSpecification","valueRequired":true,"valueName":"search_term_string"}}],"inLanguage":"it-IT"},{"@type":"Organization","@id":"https:\/\/dutchmicrodosing.com\/it\/#organization","name":"Dutchmicrodosing","url":"https:\/\/dutchmicrodosing.com\/it\/","logo":{"@type":"ImageObject","inLanguage":"it-IT","@id":"https:\/\/dutchmicrodosing.com\/it\/#\/schema\/logo\/image\/","url":"https:\/\/dutchmicrodosing.com\/wp-content\/uploads\/2021\/01\/microdosing-categorie-pic-nieuw.jpg","contentUrl":"https:\/\/dutchmicrodosing.com\/wp-content\/uploads\/2021\/01\/microdosing-categorie-pic-nieuw.jpg","width":500,"height":500,"caption":"Dutchmicrodosing"},"image":{"@id":"https:\/\/dutchmicrodosing.com\/it\/#\/schema\/logo\/image\/"},"sameAs":["https:\/\/www.facebook.com\/Dutchmicrodosingxp\/","https:\/\/www.instagram.com\/dutchmicrodosing\/"]}]},"product_price_currency":"EUR","og_availability":"instock","product_availability":"instock","product_retailer_item_id":"5205861","product_condition":"new"},"_links":{"self":[{"href":"https:\/\/dutchmicrodosing.com\/it\/wp-json\/wp\/v2\/product\/48214","targetHints":{"allow":["GET"]}}],"collection":[{"href":"https:\/\/dutchmicrodosing.com\/it\/wp-json\/wp\/v2\/product"}],"about":[{"href":"https:\/\/dutchmicrodosing.com\/it\/wp-json\/wp\/v2\/types\/product"}],"replies":[{"embeddable":true,"href":"https:\/\/dutchmicrodosing.com\/it\/wp-json\/wp\/v2\/comments?post=48214"}],"version-history":[{"count":1,"href":"https:\/\/dutchmicrodosing.com\/it\/wp-json\/wp\/v2\/product\/48214\/revisions"}],"predecessor-version":[{"id":61243,"href":"https:\/\/dutchmicrodosing.com\/it\/wp-json\/wp\/v2\/product\/48214\/revisions\/61243"}],"wp:featuredmedia":[{"embeddable":true,"href":"https:\/\/dutchmicrodosing.com\/it\/wp-json\/wp\/v2\/media\/48211"}],"wp:attachment":[{"href":"https:\/\/dutchmicrodosing.com\/it\/wp-json\/wp\/v2\/media?parent=48214"}],"wp:term":[{"taxonomy":"product_brand","embeddable":true,"href":"https:\/\/dutchmicrodosing.com\/it\/wp-json\/wp\/v2\/product_brand?post=48214"},{"taxonomy":"product_cat","embeddable":true,"href":"https:\/\/dutchmicrodosing.com\/it\/wp-json\/wp\/v2\/product_cat?post=48214"},{"taxonomy":"product_tag","embeddable":true,"href":"https:\/\/dutchmicrodosing.com\/it\/wp-json\/wp\/v2\/product_tag?post=48214"}],"curies":[{"name":"wp","href":"https:\/\/api.w.org\/{rel}","templated":true}]}}