{"id":48601,"date":"2025-06-13T09:20:25","date_gmt":"2025-06-13T07:20:25","guid":{"rendered":"https:\/\/dutchmicrodosing.com\/shop\/senza-categoria\/golden-teacher-paddo-broed\/"},"modified":"2025-11-11T16:12:50","modified_gmt":"2025-11-11T15:12:50","slug":"golden-teacher-paddo-broed","status":"publish","type":"product","link":"https:\/\/dutchmicrodosing.com\/it\/funghi-allucinogeni\/kit-di-coltivazione-speciali\/golden-teacher-paddo-broed\/","title":{"rendered":"Nidiata di funghi insegnanti d&#8217;oro"},"content":{"rendered":"<p><strong data-start=\"81\" data-end=\"111\">Golden Teacher Mushroom Brood<\/strong> \u00e8 perfetto per i coltivatori esperti che amano seguire la propria strada. Questa variet\u00e0 leggendaria \u00e8 nota per il suo aspetto sorprendente, la resa generosa e gli effetti potenti. Con sufficiente cura e dedizione, puoi coltivare funghi che crescono fino a 20 cm di altezza.<\/p>\n<h3>Che cos&#8217;\u00e8 una nidiata di Paddy?<\/h3>\n<p>Il Paddy spawn, noto anche come grain spawn, \u00e8 un cereale completamente cresciuto con il micelio. Questo costituisce la base per una coltivazione di funghi di successo. Nei kit di coltivazione gi\u00e0 pronti, questo substrato \u00e8 spesso gi\u00e0 mescolato con terriccio di cocco e vermiculite, confezionato in una quantit\u00e0 fissa. Un kit di coltivazione di questo tipo produce un raccolto limitato e non pu\u00f2 essere riutilizzato in seguito. Lavorare da solo con i funghi sfusi ti d\u00e0 molto pi\u00f9 controllo e flessibilit\u00e0. Puoi determinare facilmente le dimensioni della tua coltura e puoi anche propagare il micelio.<\/p>\n<p>In effetti, il micelio forte cresce rapidamente e vigorosamente: da un vasetto di funghi spontanei, puoi ricavare diverse nuove porzioni. \u00c8 cos\u00ec che puoi scalare la tua coltivazione da 1 a 10, fino a 100 vasi, il tutto in poche settimane. In questo modo non sarai pi\u00f9 bloccato da un kit di coltivazione standard da 250, 1200 o 2100 ml, ma potrai coltivare esattamente la quantit\u00e0 di funghi che desideri. E la parte migliore? Questo \u00e8 un obiettivo raggiungibile da tutti, semplicemente con gli oggetti di uso quotidiano che si trovano in casa.<\/p>\n<h3>Caratteristiche<\/h3>\n<ul>\n<li>Una variet\u00e0 di funghi potente e popolare<\/li>\n<li>Adatto agli utenti esperti<\/li>\n<li>Una resa molto pi\u00f9 elevata rispetto ai kit di coltivazione pronti all&#8217;uso<\/li>\n<li>Libert\u00e0 nella scelta delle dimensioni della tua coltivazione<\/li>\n<li>Include un manuale completo con istruzioni passo-passo<\/li>\n<li>Non \u00e8 richiesto un ambiente di lavoro sterile<\/li>\n<\/ul>\n<h3>Ingredienti e\/o composizione<\/h3>\n<ul>\n<li>382 mL di uova di cereali completamente cresciuti con il micelio Golden Teacher<\/li>\n<\/ul>\n<h3>Utilizzo<\/h3>\n<p>Usa le uova come base per il tuo progetto di allevamento. Aggiungi il tuo substrato (come terriccio di cocco e vermiculite) e scegli le dimensioni della tua coltivazione. Un vaso pu\u00f2 essere facilmente propagato in diversi nuovi vasi, grazie al suo potente micelio. Questo ti fornisce tutto ci\u00f2 che ti serve per avviare una coltivazione di funghi sostenibile e personale. Per ottenere risultati ottimali, segui attentamente il manuale fornito.<\/p>\n<p><strong>SCARICA QUI: <a href=\"https:\/\/dutchmicrodosing.com\/wp-content\/uploads\/2025\/07\/white-ENGELS-1.pdf\" target=\"_blank\" rel=\"noopener\">Istruzioni \/ Manuale Paddobrood<\/a><\/strong><\/p>\n<p>Suggerimenti importanti:<\/p>\n<ul>\n<li>Conserva la crema in frigorifero per un massimo di 3 mesi.<\/li>\n<li>Non aprire il barattolo fino a poco prima dell&#8217;uso.<\/li>\n<li>Leggi attentamente il manuale prima di iniziare<\/li>\n<\/ul>\n<h3>Contenuto<\/h3>\n<ul>\n<li>1 barattolo da 382 mL di Golden Teacher preparato<\/li>\n<li>Manuale completo con foto e istruzioni chiare<\/li>\n<\/ul>\n<h3>Importante<\/h3>\n<ul>\n<li>Conservare in frigorifero, fino a 3 mesi.<\/li>\n<li>Non aprire il barattolo prima dell&#8217;uso<\/li>\n<li>Leggi sempre prima il manuale fornito<\/li>\n<\/ul>\n","protected":false},"excerpt":{"rendered":"<p>Golden Teacher Mushroom Brood \u00e8 perfetto per i coltivatori esperti che amano seguire la propria strada. Questa variet\u00e0 leggendaria \u00e8 nota per il suo aspetto sorprendente, la resa generosa e gli effetti potenti. Con sufficiente cura e dedizione, puoi coltivare funghi che crescono fino a 20 cm di altezza. Che cos&#8217;\u00e8 una nidiata di Paddy? [&hellip;]<\/p>\n","protected":false},"featured_media":48585,"comment_status":"closed","ping_status":"closed","template":"","meta":[],"product_brand":[],"product_cat":[408],"product_tag":[],"class_list":{"0":"post-48601","1":"product","2":"type-product","3":"status-publish","4":"has-post-thumbnail","6":"product_cat-kit-di-coltivazione-speciali","8":"first","9":"instock","10":"taxable","11":"shipping-taxable","12":"purchasable","13":"product-type-simple"},"yoast_head":"<!-- This site is optimized with the Yoast SEO Premium plugin v26.4 (Yoast SEO v27.2) - https:\/\/yoast.com\/product\/yoast-seo-premium-wordpress\/ -->\n<title>Nidiata di funghi insegnanti d&#039;oro - Dutchmicrodosing<\/title>\n<meta name=\"description\" content=\"Golden Teacher Mushroom Brood \u00e8 ideale per i coltivatori esperti che cercano una variet\u00e0 potente con un&#039;alta resa e un aspetto sorprendente....\" \/>\n<meta name=\"robots\" content=\"index, follow, max-snippet:-1, max-image-preview:large, max-video-preview:-1\" \/>\n<link rel=\"canonical\" href=\"https:\/\/dutchmicrodosing.com\/it\/funghi-allucinogeni\/kit-di-coltivazione-speciali\/golden-teacher-paddo-broed\/\" \/>\n<meta property=\"og:locale\" content=\"it_IT\" \/>\n<meta property=\"og:type\" content=\"article\" \/>\n<meta property=\"og:title\" content=\"Nidiata di funghi insegnanti d&#039;oro\" \/>\n<meta property=\"og:description\" content=\"Golden Teacher Mushroom Brood \u00e8 perfetto per i coltivatori esperti che amano seguire la propria strada. Questa variet\u00e0 leggendaria \u00e8 nota per il suo\" \/>\n<meta property=\"og:url\" content=\"https:\/\/dutchmicrodosing.com\/it\/funghi-allucinogeni\/kit-di-coltivazione-speciali\/golden-teacher-paddo-broed\/\" \/>\n<meta property=\"og:site_name\" content=\"Dutchmicrodosing\" \/>\n<meta property=\"article:publisher\" content=\"https:\/\/www.facebook.com\/Dutchmicrodosingxp\/\" \/>\n<meta property=\"article:modified_time\" content=\"2025-11-11T15:12:50+00:00\" \/>\n<meta property=\"og:image\" content=\"https:\/\/dutchmicrodosing.com\/wp-content\/uploads\/2025\/06\/4113-5107-1.jpg\" \/>\n\t<meta property=\"og:image:width\" content=\"300\" \/>\n\t<meta property=\"og:image:height\" content=\"300\" \/>\n\t<meta property=\"og:image:type\" content=\"image\/jpeg\" \/>\n<meta name=\"twitter:card\" content=\"summary_large_image\" \/>\n<script type=\"application\/ld+json\" class=\"yoast-schema-graph\">{\"@context\":\"https:\/\/schema.org\",\"@graph\":[{\"@type\":\"WebPage\",\"@id\":\"https:\/\/dutchmicrodosing.com\/it\/funghi-allucinogeni\/kit-di-coltivazione-speciali\/golden-teacher-paddo-broed\/\",\"url\":\"https:\/\/dutchmicrodosing.com\/it\/funghi-allucinogeni\/kit-di-coltivazione-speciali\/golden-teacher-paddo-broed\/\",\"name\":\"Nidiata di funghi insegnanti d'oro - Dutchmicrodosing\",\"isPartOf\":{\"@id\":\"https:\/\/dutchmicrodosing.com\/it\/#website\"},\"primaryImageOfPage\":{\"@id\":\"https:\/\/dutchmicrodosing.com\/it\/funghi-allucinogeni\/kit-di-coltivazione-speciali\/golden-teacher-paddo-broed\/#primaryimage\"},\"image\":{\"@id\":\"https:\/\/dutchmicrodosing.com\/it\/funghi-allucinogeni\/kit-di-coltivazione-speciali\/golden-teacher-paddo-broed\/#primaryimage\"},\"thumbnailUrl\":\"https:\/\/dutchmicrodosing.com\/wp-content\/uploads\/2025\/06\/4113-5107-1.jpg\",\"datePublished\":\"2025-06-13T07:20:25+00:00\",\"dateModified\":\"2025-11-11T15:12:50+00:00\",\"description\":\"Golden Teacher Mushroom Brood \u00e8 ideale per i coltivatori esperti che cercano una variet\u00e0 potente con un'alta resa e un aspetto sorprendente....\",\"breadcrumb\":{\"@id\":\"https:\/\/dutchmicrodosing.com\/it\/funghi-allucinogeni\/kit-di-coltivazione-speciali\/golden-teacher-paddo-broed\/#breadcrumb\"},\"inLanguage\":\"it-IT\",\"potentialAction\":[{\"@type\":\"ReadAction\",\"target\":[\"https:\/\/dutchmicrodosing.com\/it\/funghi-allucinogeni\/kit-di-coltivazione-speciali\/golden-teacher-paddo-broed\/\"]}]},{\"@type\":\"ImageObject\",\"inLanguage\":\"it-IT\",\"@id\":\"https:\/\/dutchmicrodosing.com\/it\/funghi-allucinogeni\/kit-di-coltivazione-speciali\/golden-teacher-paddo-broed\/#primaryimage\",\"url\":\"https:\/\/dutchmicrodosing.com\/wp-content\/uploads\/2025\/06\/4113-5107-1.jpg\",\"contentUrl\":\"https:\/\/dutchmicrodosing.com\/wp-content\/uploads\/2025\/06\/4113-5107-1.jpg\",\"width\":300,\"height\":300},{\"@type\":\"BreadcrumbList\",\"@id\":\"https:\/\/dutchmicrodosing.com\/it\/funghi-allucinogeni\/kit-di-coltivazione-speciali\/golden-teacher-paddo-broed\/#breadcrumb\",\"itemListElement\":[{\"@type\":\"ListItem\",\"position\":1,\"name\":\"Home\",\"item\":\"https:\/\/dutchmicrodosing.com\/it\/\"},{\"@type\":\"ListItem\",\"position\":2,\"name\":\"Negozio\",\"item\":\"https:\/\/dutchmicrodosing.com\/it\/negozio\/\"},{\"@type\":\"ListItem\",\"position\":3,\"name\":\"Nidiata di funghi insegnanti d&#8217;oro\"}]},{\"@type\":\"WebSite\",\"@id\":\"https:\/\/dutchmicrodosing.com\/it\/#website\",\"url\":\"https:\/\/dutchmicrodosing.com\/it\/\",\"name\":\"Dutchmicrodosing\",\"description\":\"\",\"publisher\":{\"@id\":\"https:\/\/dutchmicrodosing.com\/it\/#organization\"},\"potentialAction\":[{\"@type\":\"SearchAction\",\"target\":{\"@type\":\"EntryPoint\",\"urlTemplate\":\"https:\/\/dutchmicrodosing.com\/it\/?s={search_term_string}\"},\"query-input\":{\"@type\":\"PropertyValueSpecification\",\"valueRequired\":true,\"valueName\":\"search_term_string\"}}],\"inLanguage\":\"it-IT\"},{\"@type\":\"Organization\",\"@id\":\"https:\/\/dutchmicrodosing.com\/it\/#organization\",\"name\":\"Dutchmicrodosing\",\"url\":\"https:\/\/dutchmicrodosing.com\/it\/\",\"logo\":{\"@type\":\"ImageObject\",\"inLanguage\":\"it-IT\",\"@id\":\"https:\/\/dutchmicrodosing.com\/it\/#\/schema\/logo\/image\/\",\"url\":\"https:\/\/dutchmicrodosing.com\/wp-content\/uploads\/2021\/01\/microdosing-categorie-pic-nieuw.jpg\",\"contentUrl\":\"https:\/\/dutchmicrodosing.com\/wp-content\/uploads\/2021\/01\/microdosing-categorie-pic-nieuw.jpg\",\"width\":500,\"height\":500,\"caption\":\"Dutchmicrodosing\"},\"image\":{\"@id\":\"https:\/\/dutchmicrodosing.com\/it\/#\/schema\/logo\/image\/\"},\"sameAs\":[\"https:\/\/www.facebook.com\/Dutchmicrodosingxp\/\",\"https:\/\/www.instagram.com\/dutchmicrodosing\/\"]}]}<\/script>\n<meta property=\"product:price:amount\" content=\"24.95\" \/>\n<meta property=\"product:price:currency\" content=\"EUR\" \/>\n<meta property=\"og:availability\" content=\"instock\" \/>\n<meta property=\"product:availability\" content=\"instock\" \/>\n<meta property=\"product:retailer_item_id\" content=\"5205652\" \/>\n<meta property=\"product:condition\" content=\"new\" \/>\n<!-- \/ Yoast SEO Premium plugin. -->","yoast_head_json":{"title":"Nidiata di funghi insegnanti d'oro - Dutchmicrodosing","description":"Golden Teacher Mushroom Brood \u00e8 ideale per i coltivatori esperti che cercano una variet\u00e0 potente con un'alta resa e un aspetto sorprendente....","robots":{"index":"index","follow":"follow","max-snippet":"max-snippet:-1","max-image-preview":"max-image-preview:large","max-video-preview":"max-video-preview:-1"},"canonical":"https:\/\/dutchmicrodosing.com\/it\/funghi-allucinogeni\/kit-di-coltivazione-speciali\/golden-teacher-paddo-broed\/","og_locale":"it_IT","og_type":"article","og_title":"Nidiata di funghi insegnanti d'oro","og_description":"Golden Teacher Mushroom Brood \u00e8 perfetto per i coltivatori esperti che amano seguire la propria strada. Questa variet\u00e0 leggendaria \u00e8 nota per il suo","og_url":"https:\/\/dutchmicrodosing.com\/it\/funghi-allucinogeni\/kit-di-coltivazione-speciali\/golden-teacher-paddo-broed\/","og_site_name":"Dutchmicrodosing","article_publisher":"https:\/\/www.facebook.com\/Dutchmicrodosingxp\/","article_modified_time":"2025-11-11T15:12:50+00:00","og_image":[{"width":300,"height":300,"url":"https:\/\/dutchmicrodosing.com\/wp-content\/uploads\/2025\/06\/4113-5107-1.jpg","type":"image\/jpeg"}],"twitter_card":"summary_large_image","schema":{"@context":"https:\/\/schema.org","@graph":[{"@type":"WebPage","@id":"https:\/\/dutchmicrodosing.com\/it\/funghi-allucinogeni\/kit-di-coltivazione-speciali\/golden-teacher-paddo-broed\/","url":"https:\/\/dutchmicrodosing.com\/it\/funghi-allucinogeni\/kit-di-coltivazione-speciali\/golden-teacher-paddo-broed\/","name":"Nidiata di funghi insegnanti d'oro - Dutchmicrodosing","isPartOf":{"@id":"https:\/\/dutchmicrodosing.com\/it\/#website"},"primaryImageOfPage":{"@id":"https:\/\/dutchmicrodosing.com\/it\/funghi-allucinogeni\/kit-di-coltivazione-speciali\/golden-teacher-paddo-broed\/#primaryimage"},"image":{"@id":"https:\/\/dutchmicrodosing.com\/it\/funghi-allucinogeni\/kit-di-coltivazione-speciali\/golden-teacher-paddo-broed\/#primaryimage"},"thumbnailUrl":"https:\/\/dutchmicrodosing.com\/wp-content\/uploads\/2025\/06\/4113-5107-1.jpg","datePublished":"2025-06-13T07:20:25+00:00","dateModified":"2025-11-11T15:12:50+00:00","description":"Golden Teacher Mushroom Brood \u00e8 ideale per i coltivatori esperti che cercano una variet\u00e0 potente con un'alta resa e un aspetto sorprendente....","breadcrumb":{"@id":"https:\/\/dutchmicrodosing.com\/it\/funghi-allucinogeni\/kit-di-coltivazione-speciali\/golden-teacher-paddo-broed\/#breadcrumb"},"inLanguage":"it-IT","potentialAction":[{"@type":"ReadAction","target":["https:\/\/dutchmicrodosing.com\/it\/funghi-allucinogeni\/kit-di-coltivazione-speciali\/golden-teacher-paddo-broed\/"]}]},{"@type":"ImageObject","inLanguage":"it-IT","@id":"https:\/\/dutchmicrodosing.com\/it\/funghi-allucinogeni\/kit-di-coltivazione-speciali\/golden-teacher-paddo-broed\/#primaryimage","url":"https:\/\/dutchmicrodosing.com\/wp-content\/uploads\/2025\/06\/4113-5107-1.jpg","contentUrl":"https:\/\/dutchmicrodosing.com\/wp-content\/uploads\/2025\/06\/4113-5107-1.jpg","width":300,"height":300},{"@type":"BreadcrumbList","@id":"https:\/\/dutchmicrodosing.com\/it\/funghi-allucinogeni\/kit-di-coltivazione-speciali\/golden-teacher-paddo-broed\/#breadcrumb","itemListElement":[{"@type":"ListItem","position":1,"name":"Home","item":"https:\/\/dutchmicrodosing.com\/it\/"},{"@type":"ListItem","position":2,"name":"Negozio","item":"https:\/\/dutchmicrodosing.com\/it\/negozio\/"},{"@type":"ListItem","position":3,"name":"Nidiata di funghi insegnanti d&#8217;oro"}]},{"@type":"WebSite","@id":"https:\/\/dutchmicrodosing.com\/it\/#website","url":"https:\/\/dutchmicrodosing.com\/it\/","name":"Dutchmicrodosing","description":"","publisher":{"@id":"https:\/\/dutchmicrodosing.com\/it\/#organization"},"potentialAction":[{"@type":"SearchAction","target":{"@type":"EntryPoint","urlTemplate":"https:\/\/dutchmicrodosing.com\/it\/?s={search_term_string}"},"query-input":{"@type":"PropertyValueSpecification","valueRequired":true,"valueName":"search_term_string"}}],"inLanguage":"it-IT"},{"@type":"Organization","@id":"https:\/\/dutchmicrodosing.com\/it\/#organization","name":"Dutchmicrodosing","url":"https:\/\/dutchmicrodosing.com\/it\/","logo":{"@type":"ImageObject","inLanguage":"it-IT","@id":"https:\/\/dutchmicrodosing.com\/it\/#\/schema\/logo\/image\/","url":"https:\/\/dutchmicrodosing.com\/wp-content\/uploads\/2021\/01\/microdosing-categorie-pic-nieuw.jpg","contentUrl":"https:\/\/dutchmicrodosing.com\/wp-content\/uploads\/2021\/01\/microdosing-categorie-pic-nieuw.jpg","width":500,"height":500,"caption":"Dutchmicrodosing"},"image":{"@id":"https:\/\/dutchmicrodosing.com\/it\/#\/schema\/logo\/image\/"},"sameAs":["https:\/\/www.facebook.com\/Dutchmicrodosingxp\/","https:\/\/www.instagram.com\/dutchmicrodosing\/"]}]},"product_price_amount":"24.95","product_price_currency":"EUR","og_availability":"instock","product_availability":"instock","product_retailer_item_id":"5205652","product_condition":"new"},"_links":{"self":[{"href":"https:\/\/dutchmicrodosing.com\/it\/wp-json\/wp\/v2\/product\/48601","targetHints":{"allow":["GET"]}}],"collection":[{"href":"https:\/\/dutchmicrodosing.com\/it\/wp-json\/wp\/v2\/product"}],"about":[{"href":"https:\/\/dutchmicrodosing.com\/it\/wp-json\/wp\/v2\/types\/product"}],"replies":[{"embeddable":true,"href":"https:\/\/dutchmicrodosing.com\/it\/wp-json\/wp\/v2\/comments?post=48601"}],"version-history":[{"count":1,"href":"https:\/\/dutchmicrodosing.com\/it\/wp-json\/wp\/v2\/product\/48601\/revisions"}],"predecessor-version":[{"id":61631,"href":"https:\/\/dutchmicrodosing.com\/it\/wp-json\/wp\/v2\/product\/48601\/revisions\/61631"}],"wp:featuredmedia":[{"embeddable":true,"href":"https:\/\/dutchmicrodosing.com\/it\/wp-json\/wp\/v2\/media\/48585"}],"wp:attachment":[{"href":"https:\/\/dutchmicrodosing.com\/it\/wp-json\/wp\/v2\/media?parent=48601"}],"wp:term":[{"taxonomy":"product_brand","embeddable":true,"href":"https:\/\/dutchmicrodosing.com\/it\/wp-json\/wp\/v2\/product_brand?post=48601"},{"taxonomy":"product_cat","embeddable":true,"href":"https:\/\/dutchmicrodosing.com\/it\/wp-json\/wp\/v2\/product_cat?post=48601"},{"taxonomy":"product_tag","embeddable":true,"href":"https:\/\/dutchmicrodosing.com\/it\/wp-json\/wp\/v2\/product_tag?post=48601"}],"curies":[{"name":"wp","href":"https:\/\/api.w.org\/{rel}","templated":true}]}}