{"id":48630,"date":"2025-06-13T09:39:20","date_gmt":"2025-06-13T07:39:20","guid":{"rendered":"https:\/\/dutchmicrodosing.com\/shop\/senza-categoria\/white-rabbit-paddo-broed\/"},"modified":"2025-11-12T10:32:47","modified_gmt":"2025-11-12T09:32:47","slug":"white-rabbit-paddo-broed","status":"publish","type":"product","link":"https:\/\/dutchmicrodosing.com\/it\/funghi-allucinogeni\/kit-di-coltivazione-speciali\/white-rabbit-paddo-broed\/","title":{"rendered":"Funghi di coniglio bianco"},"content":{"rendered":"<p>Il <strong data-start=\"71\" data-end=\"99\">fungo White Rabbit<\/strong> \u00e8 una rara variet\u00e0 albina di Psilocybe Cubensis, nata dall&#8217;incrocio di due specie molto note: Albino Penis Envy e Moby Dick. Questo fungo unico nel suo genere si distingue per il cappello e il gambo grandi e bianchi, anche se a volte \u00e8 presente un po&#8217; di pigmento. Con una potenza media, questa variet\u00e0 \u00e8 ideale per i coltivatori alle prime armi e per i consumatori curiosi che desiderano un&#8217;introduzione delicata ai funghi magici.<\/p>\n<h3>Che cos&#8217;\u00e8 una nidiata di Paddy?<\/h3>\n<p>Il Paddy spawn, noto anche come grain spawn, \u00e8 un cereale completamente cresciuto con il micelio. Questo costituisce la base per una coltivazione di funghi di successo. Nei kit di coltivazione gi\u00e0 pronti, questo substrato \u00e8 spesso gi\u00e0 mescolato con terriccio di cocco e vermiculite, confezionato in una quantit\u00e0 fissa. Un kit di coltivazione di questo tipo produce un raccolto limitato e non pu\u00f2 essere riutilizzato in seguito. Lavorare da solo con i funghi sfusi ti d\u00e0 molto pi\u00f9 controllo e flessibilit\u00e0. Puoi determinare facilmente le dimensioni della tua coltura e puoi anche propagare il micelio.<\/p>\n<p>In effetti, il micelio forte cresce rapidamente e vigorosamente: da un vasetto di funghi spontanei, puoi ricavare diverse nuove porzioni. \u00c8 cos\u00ec che puoi scalare la tua coltivazione da 1 a 10, fino a 100 vasi, il tutto in poche settimane. In questo modo non sarai pi\u00f9 bloccato da un kit di coltivazione standard da 250, 1200 o 2100 ml, ma potrai coltivare esattamente la quantit\u00e0 di funghi che desideri. E la parte migliore? Questo \u00e8 un obiettivo raggiungibile da tutti, semplicemente con gli oggetti di uso quotidiano che si trovano in casa.<\/p>\n<h3>Caratteristiche<\/h3>\n<ul>\n<li>Albino Psilocybe Cubensis (incrocio tra Albino Penis Envy e Moby Dick)<\/li>\n<li>Cresce in grandi funghi bianchi<\/li>\n<li>Forza media, ideale per i principianti<\/li>\n<li>Pi\u00f9 libert\u00e0 rispetto a un kit di coltivazione standard<\/li>\n<li>Il micelio cresce in modo esponenziale: infinite possibilit\u00e0 di coltivazione<\/li>\n<\/ul>\n<h3>Ingredienti e composizione<\/h3>\n<ul>\n<li>382 ml di fungo di terra (fungo di grano) da White Rabbit<\/li>\n<li>Micelio a base di cereali<\/li>\n<\/ul>\n<h3>Utilizzo<\/h3>\n<p>Il fungo White Rabbit \u00e8 pensato per il coltivatore domestico che vuole controllare le dimensioni della sua coltivazione. A differenza dei kit di coltivazione fissi, la cova ti d\u00e0 la libert\u00e0 di decidere quanto sar\u00e0 grande la tua coltivazione e con quale frequenza moltiplicarla. Puoi gi\u00e0 iniziare con semplici utensili domestici, senza la necessit\u00e0 di essere sterili. Ogni vaso \u00e8 corredato da un chiaro manuale, ricco di foto e piani passo-passo per diversi metodi di coltivazione.<\/p>\n<p><strong>SCARICA QUI: <a href=\"https:\/\/dutchmicrodosing.com\/wp-content\/uploads\/2025\/07\/white-ENGELS-1.pdf\" target=\"_blank\" rel=\"noopener\">Istruzioni \/ Manuale Paddobrood<\/a><\/strong><\/p>\n<h3>Contenuto<\/h3>\n<ul>\n<li>382 ml di fungo bianco di coniglio<\/li>\n<li>Manuale di coltivazione completo<\/li>\n<\/ul>\n<h3>Importante<\/h3>\n<ul>\n<li>Conservare in frigorifero, fino a 3 mesi.<\/li>\n<li>Non aprire il barattolo prima dell&#8217;uso<\/li>\n<li>Leggi sempre prima il manuale fornito<\/li>\n<\/ul>\n","protected":false},"excerpt":{"rendered":"<p>Il fungo White Rabbit \u00e8 una rara variet\u00e0 albina di Psilocybe Cubensis, nata dall&#8217;incrocio di due specie molto note: Albino Penis Envy e Moby Dick. Questo fungo unico nel suo genere si distingue per il cappello e il gambo grandi e bianchi, anche se a volte \u00e8 presente un po&#8217; di pigmento. Con una potenza [&hellip;]<\/p>\n","protected":false},"featured_media":48623,"comment_status":"closed","ping_status":"closed","template":"","meta":[],"product_brand":[],"product_cat":[408],"product_tag":[],"class_list":{"0":"post-48630","1":"product","2":"type-product","3":"status-publish","4":"has-post-thumbnail","6":"product_cat-kit-di-coltivazione-speciali","8":"first","9":"outofstock","10":"taxable","11":"shipping-taxable","12":"purchasable","13":"product-type-simple"},"yoast_head":"<!-- This site is optimized with the Yoast SEO Premium plugin v26.4 (Yoast SEO v27.2) - https:\/\/yoast.com\/product\/yoast-seo-premium-wordpress\/ -->\n<title>Funghi di coniglio bianco - Dutchmicrodosing<\/title>\n<meta name=\"description\" content=\"White Rabbit Mushroom Brood \u00e8 perfetta per i coltivatori seri che desiderano una variet\u00e0 unica con rese elevate ed effetti potenti. Con la giusta cura, otterrai.\" \/>\n<meta name=\"robots\" content=\"index, follow, max-snippet:-1, max-image-preview:large, max-video-preview:-1\" \/>\n<link rel=\"canonical\" href=\"https:\/\/dutchmicrodosing.com\/it\/funghi-allucinogeni\/kit-di-coltivazione-speciali\/white-rabbit-paddo-broed\/\" \/>\n<meta property=\"og:locale\" content=\"it_IT\" \/>\n<meta property=\"og:type\" content=\"article\" \/>\n<meta property=\"og:title\" content=\"Funghi di coniglio bianco\" \/>\n<meta property=\"og:description\" content=\"Il fungo White Rabbit \u00e8 una rara variet\u00e0 albina di Psilocybe Cubensis, nata dall&#039;incrocio di due specie molto note: Albino Penis Envy e Moby Dick. Questo\" \/>\n<meta property=\"og:url\" content=\"https:\/\/dutchmicrodosing.com\/it\/funghi-allucinogeni\/kit-di-coltivazione-speciali\/white-rabbit-paddo-broed\/\" \/>\n<meta property=\"og:site_name\" content=\"Dutchmicrodosing\" \/>\n<meta property=\"article:publisher\" content=\"https:\/\/www.facebook.com\/Dutchmicrodosingxp\/\" \/>\n<meta property=\"article:modified_time\" content=\"2025-11-12T09:32:47+00:00\" \/>\n<meta property=\"og:image\" content=\"https:\/\/dutchmicrodosing.com\/wp-content\/uploads\/2025\/06\/3997-5091-1.jpg\" \/>\n\t<meta property=\"og:image:width\" content=\"300\" \/>\n\t<meta property=\"og:image:height\" content=\"300\" \/>\n\t<meta property=\"og:image:type\" content=\"image\/jpeg\" \/>\n<meta name=\"twitter:card\" content=\"summary_large_image\" \/>\n<script type=\"application\/ld+json\" class=\"yoast-schema-graph\">{\"@context\":\"https:\/\/schema.org\",\"@graph\":[{\"@type\":\"WebPage\",\"@id\":\"https:\/\/dutchmicrodosing.com\/it\/funghi-allucinogeni\/kit-di-coltivazione-speciali\/white-rabbit-paddo-broed\/\",\"url\":\"https:\/\/dutchmicrodosing.com\/it\/funghi-allucinogeni\/kit-di-coltivazione-speciali\/white-rabbit-paddo-broed\/\",\"name\":\"Funghi di coniglio bianco - Dutchmicrodosing\",\"isPartOf\":{\"@id\":\"https:\/\/dutchmicrodosing.com\/it\/#website\"},\"primaryImageOfPage\":{\"@id\":\"https:\/\/dutchmicrodosing.com\/it\/funghi-allucinogeni\/kit-di-coltivazione-speciali\/white-rabbit-paddo-broed\/#primaryimage\"},\"image\":{\"@id\":\"https:\/\/dutchmicrodosing.com\/it\/funghi-allucinogeni\/kit-di-coltivazione-speciali\/white-rabbit-paddo-broed\/#primaryimage\"},\"thumbnailUrl\":\"https:\/\/dutchmicrodosing.com\/wp-content\/uploads\/2025\/06\/3997-5091-1.jpg\",\"datePublished\":\"2025-06-13T07:39:20+00:00\",\"dateModified\":\"2025-11-12T09:32:47+00:00\",\"description\":\"White Rabbit Mushroom Brood \u00e8 perfetta per i coltivatori seri che desiderano una variet\u00e0 unica con rese elevate ed effetti potenti. Con la giusta cura, otterrai.\",\"breadcrumb\":{\"@id\":\"https:\/\/dutchmicrodosing.com\/it\/funghi-allucinogeni\/kit-di-coltivazione-speciali\/white-rabbit-paddo-broed\/#breadcrumb\"},\"inLanguage\":\"it-IT\",\"potentialAction\":[{\"@type\":\"ReadAction\",\"target\":[\"https:\/\/dutchmicrodosing.com\/it\/funghi-allucinogeni\/kit-di-coltivazione-speciali\/white-rabbit-paddo-broed\/\"]}]},{\"@type\":\"ImageObject\",\"inLanguage\":\"it-IT\",\"@id\":\"https:\/\/dutchmicrodosing.com\/it\/funghi-allucinogeni\/kit-di-coltivazione-speciali\/white-rabbit-paddo-broed\/#primaryimage\",\"url\":\"https:\/\/dutchmicrodosing.com\/wp-content\/uploads\/2025\/06\/3997-5091-1.jpg\",\"contentUrl\":\"https:\/\/dutchmicrodosing.com\/wp-content\/uploads\/2025\/06\/3997-5091-1.jpg\",\"width\":300,\"height\":300},{\"@type\":\"BreadcrumbList\",\"@id\":\"https:\/\/dutchmicrodosing.com\/it\/funghi-allucinogeni\/kit-di-coltivazione-speciali\/white-rabbit-paddo-broed\/#breadcrumb\",\"itemListElement\":[{\"@type\":\"ListItem\",\"position\":1,\"name\":\"Home\",\"item\":\"https:\/\/dutchmicrodosing.com\/it\/\"},{\"@type\":\"ListItem\",\"position\":2,\"name\":\"Negozio\",\"item\":\"https:\/\/dutchmicrodosing.com\/it\/negozio\/\"},{\"@type\":\"ListItem\",\"position\":3,\"name\":\"Funghi di coniglio bianco\"}]},{\"@type\":\"WebSite\",\"@id\":\"https:\/\/dutchmicrodosing.com\/it\/#website\",\"url\":\"https:\/\/dutchmicrodosing.com\/it\/\",\"name\":\"Dutchmicrodosing\",\"description\":\"\",\"publisher\":{\"@id\":\"https:\/\/dutchmicrodosing.com\/it\/#organization\"},\"potentialAction\":[{\"@type\":\"SearchAction\",\"target\":{\"@type\":\"EntryPoint\",\"urlTemplate\":\"https:\/\/dutchmicrodosing.com\/it\/?s={search_term_string}\"},\"query-input\":{\"@type\":\"PropertyValueSpecification\",\"valueRequired\":true,\"valueName\":\"search_term_string\"}}],\"inLanguage\":\"it-IT\"},{\"@type\":\"Organization\",\"@id\":\"https:\/\/dutchmicrodosing.com\/it\/#organization\",\"name\":\"Dutchmicrodosing\",\"url\":\"https:\/\/dutchmicrodosing.com\/it\/\",\"logo\":{\"@type\":\"ImageObject\",\"inLanguage\":\"it-IT\",\"@id\":\"https:\/\/dutchmicrodosing.com\/it\/#\/schema\/logo\/image\/\",\"url\":\"https:\/\/dutchmicrodosing.com\/wp-content\/uploads\/2021\/01\/microdosing-categorie-pic-nieuw.jpg\",\"contentUrl\":\"https:\/\/dutchmicrodosing.com\/wp-content\/uploads\/2021\/01\/microdosing-categorie-pic-nieuw.jpg\",\"width\":500,\"height\":500,\"caption\":\"Dutchmicrodosing\"},\"image\":{\"@id\":\"https:\/\/dutchmicrodosing.com\/it\/#\/schema\/logo\/image\/\"},\"sameAs\":[\"https:\/\/www.facebook.com\/Dutchmicrodosingxp\/\",\"https:\/\/www.instagram.com\/dutchmicrodosing\/\"]}]}<\/script>\n<meta property=\"product:price:amount\" content=\"24.95\" \/>\n<meta property=\"product:price:currency\" content=\"EUR\" \/>\n<meta property=\"og:availability\" content=\"out of stock\" \/>\n<meta property=\"product:availability\" content=\"out of stock\" \/>\n<meta property=\"product:retailer_item_id\" content=\"5201165\" \/>\n<meta property=\"product:condition\" content=\"new\" \/>\n<!-- \/ Yoast SEO Premium plugin. -->","yoast_head_json":{"title":"Funghi di coniglio bianco - Dutchmicrodosing","description":"White Rabbit Mushroom Brood \u00e8 perfetta per i coltivatori seri che desiderano una variet\u00e0 unica con rese elevate ed effetti potenti. Con la giusta cura, otterrai.","robots":{"index":"index","follow":"follow","max-snippet":"max-snippet:-1","max-image-preview":"max-image-preview:large","max-video-preview":"max-video-preview:-1"},"canonical":"https:\/\/dutchmicrodosing.com\/it\/funghi-allucinogeni\/kit-di-coltivazione-speciali\/white-rabbit-paddo-broed\/","og_locale":"it_IT","og_type":"article","og_title":"Funghi di coniglio bianco","og_description":"Il fungo White Rabbit \u00e8 una rara variet\u00e0 albina di Psilocybe Cubensis, nata dall'incrocio di due specie molto note: Albino Penis Envy e Moby Dick. Questo","og_url":"https:\/\/dutchmicrodosing.com\/it\/funghi-allucinogeni\/kit-di-coltivazione-speciali\/white-rabbit-paddo-broed\/","og_site_name":"Dutchmicrodosing","article_publisher":"https:\/\/www.facebook.com\/Dutchmicrodosingxp\/","article_modified_time":"2025-11-12T09:32:47+00:00","og_image":[{"width":300,"height":300,"url":"https:\/\/dutchmicrodosing.com\/wp-content\/uploads\/2025\/06\/3997-5091-1.jpg","type":"image\/jpeg"}],"twitter_card":"summary_large_image","schema":{"@context":"https:\/\/schema.org","@graph":[{"@type":"WebPage","@id":"https:\/\/dutchmicrodosing.com\/it\/funghi-allucinogeni\/kit-di-coltivazione-speciali\/white-rabbit-paddo-broed\/","url":"https:\/\/dutchmicrodosing.com\/it\/funghi-allucinogeni\/kit-di-coltivazione-speciali\/white-rabbit-paddo-broed\/","name":"Funghi di coniglio bianco - Dutchmicrodosing","isPartOf":{"@id":"https:\/\/dutchmicrodosing.com\/it\/#website"},"primaryImageOfPage":{"@id":"https:\/\/dutchmicrodosing.com\/it\/funghi-allucinogeni\/kit-di-coltivazione-speciali\/white-rabbit-paddo-broed\/#primaryimage"},"image":{"@id":"https:\/\/dutchmicrodosing.com\/it\/funghi-allucinogeni\/kit-di-coltivazione-speciali\/white-rabbit-paddo-broed\/#primaryimage"},"thumbnailUrl":"https:\/\/dutchmicrodosing.com\/wp-content\/uploads\/2025\/06\/3997-5091-1.jpg","datePublished":"2025-06-13T07:39:20+00:00","dateModified":"2025-11-12T09:32:47+00:00","description":"White Rabbit Mushroom Brood \u00e8 perfetta per i coltivatori seri che desiderano una variet\u00e0 unica con rese elevate ed effetti potenti. Con la giusta cura, otterrai.","breadcrumb":{"@id":"https:\/\/dutchmicrodosing.com\/it\/funghi-allucinogeni\/kit-di-coltivazione-speciali\/white-rabbit-paddo-broed\/#breadcrumb"},"inLanguage":"it-IT","potentialAction":[{"@type":"ReadAction","target":["https:\/\/dutchmicrodosing.com\/it\/funghi-allucinogeni\/kit-di-coltivazione-speciali\/white-rabbit-paddo-broed\/"]}]},{"@type":"ImageObject","inLanguage":"it-IT","@id":"https:\/\/dutchmicrodosing.com\/it\/funghi-allucinogeni\/kit-di-coltivazione-speciali\/white-rabbit-paddo-broed\/#primaryimage","url":"https:\/\/dutchmicrodosing.com\/wp-content\/uploads\/2025\/06\/3997-5091-1.jpg","contentUrl":"https:\/\/dutchmicrodosing.com\/wp-content\/uploads\/2025\/06\/3997-5091-1.jpg","width":300,"height":300},{"@type":"BreadcrumbList","@id":"https:\/\/dutchmicrodosing.com\/it\/funghi-allucinogeni\/kit-di-coltivazione-speciali\/white-rabbit-paddo-broed\/#breadcrumb","itemListElement":[{"@type":"ListItem","position":1,"name":"Home","item":"https:\/\/dutchmicrodosing.com\/it\/"},{"@type":"ListItem","position":2,"name":"Negozio","item":"https:\/\/dutchmicrodosing.com\/it\/negozio\/"},{"@type":"ListItem","position":3,"name":"Funghi di coniglio bianco"}]},{"@type":"WebSite","@id":"https:\/\/dutchmicrodosing.com\/it\/#website","url":"https:\/\/dutchmicrodosing.com\/it\/","name":"Dutchmicrodosing","description":"","publisher":{"@id":"https:\/\/dutchmicrodosing.com\/it\/#organization"},"potentialAction":[{"@type":"SearchAction","target":{"@type":"EntryPoint","urlTemplate":"https:\/\/dutchmicrodosing.com\/it\/?s={search_term_string}"},"query-input":{"@type":"PropertyValueSpecification","valueRequired":true,"valueName":"search_term_string"}}],"inLanguage":"it-IT"},{"@type":"Organization","@id":"https:\/\/dutchmicrodosing.com\/it\/#organization","name":"Dutchmicrodosing","url":"https:\/\/dutchmicrodosing.com\/it\/","logo":{"@type":"ImageObject","inLanguage":"it-IT","@id":"https:\/\/dutchmicrodosing.com\/it\/#\/schema\/logo\/image\/","url":"https:\/\/dutchmicrodosing.com\/wp-content\/uploads\/2021\/01\/microdosing-categorie-pic-nieuw.jpg","contentUrl":"https:\/\/dutchmicrodosing.com\/wp-content\/uploads\/2021\/01\/microdosing-categorie-pic-nieuw.jpg","width":500,"height":500,"caption":"Dutchmicrodosing"},"image":{"@id":"https:\/\/dutchmicrodosing.com\/it\/#\/schema\/logo\/image\/"},"sameAs":["https:\/\/www.facebook.com\/Dutchmicrodosingxp\/","https:\/\/www.instagram.com\/dutchmicrodosing\/"]}]},"product_price_amount":"24.95","product_price_currency":"EUR","og_availability":"out of stock","product_availability":"out of stock","product_retailer_item_id":"5201165","product_condition":"new"},"_links":{"self":[{"href":"https:\/\/dutchmicrodosing.com\/it\/wp-json\/wp\/v2\/product\/48630","targetHints":{"allow":["GET"]}}],"collection":[{"href":"https:\/\/dutchmicrodosing.com\/it\/wp-json\/wp\/v2\/product"}],"about":[{"href":"https:\/\/dutchmicrodosing.com\/it\/wp-json\/wp\/v2\/types\/product"}],"replies":[{"embeddable":true,"href":"https:\/\/dutchmicrodosing.com\/it\/wp-json\/wp\/v2\/comments?post=48630"}],"version-history":[{"count":1,"href":"https:\/\/dutchmicrodosing.com\/it\/wp-json\/wp\/v2\/product\/48630\/revisions"}],"predecessor-version":[{"id":61771,"href":"https:\/\/dutchmicrodosing.com\/it\/wp-json\/wp\/v2\/product\/48630\/revisions\/61771"}],"wp:featuredmedia":[{"embeddable":true,"href":"https:\/\/dutchmicrodosing.com\/it\/wp-json\/wp\/v2\/media\/48623"}],"wp:attachment":[{"href":"https:\/\/dutchmicrodosing.com\/it\/wp-json\/wp\/v2\/media?parent=48630"}],"wp:term":[{"taxonomy":"product_brand","embeddable":true,"href":"https:\/\/dutchmicrodosing.com\/it\/wp-json\/wp\/v2\/product_brand?post=48630"},{"taxonomy":"product_cat","embeddable":true,"href":"https:\/\/dutchmicrodosing.com\/it\/wp-json\/wp\/v2\/product_cat?post=48630"},{"taxonomy":"product_tag","embeddable":true,"href":"https:\/\/dutchmicrodosing.com\/it\/wp-json\/wp\/v2\/product_tag?post=48630"}],"curies":[{"name":"wp","href":"https:\/\/api.w.org\/{rel}","templated":true}]}}