{"id":48959,"date":"2025-06-19T13:36:35","date_gmt":"2025-06-19T11:36:35","guid":{"rendered":"https:\/\/dutchmicrodosing.com\/shop\/senza-categoria\/maeng-da-kratom-white\/"},"modified":"2025-08-01T16:54:11","modified_gmt":"2025-08-01T14:54:11","slug":"maeng-da-kratom-white","status":"publish","type":"product","link":"https:\/\/dutchmicrodosing.com\/it\/erbe-botaniche\/kratom\/maeng-da-kratom-white\/","title":{"rendered":"Maeng Da Bianco"},"content":{"rendered":"<p>Il <strong>Maeng Da <\/strong><strong>Kratom<\/strong> <strong>White <\/strong>\u00e8 una potente variet\u00e0 di kratom bianco proveniente dal sud-est asiatico, nota per la sua natura stimolante ed edificante. Questa variet\u00e0 \u00e8 spesso scelta da persone che hanno bisogno di una nuova concentrazione e di un umore positivo.<\/p>\n<h3>Caratteristiche<\/h3>\n<ul>\n<li>Ceppo di kratom bianco con un effetto luminoso ed energetico<\/li>\n<li>Spesso utilizzato per l&#8217;umore positivo e l&#8217;acutezza mentale<\/li>\n<li>Contiene alti livelli di mitraginina e pi\u00f9 di 25 alcaloidi<\/li>\n<li>Adatto per i momenti in cui si ha bisogno di maggiore concentrazione o motivazione.<\/li>\n<\/ul>\n<h3>Ingredienti e\/o composizione<\/h3>\n<p>100% foglie macinate dell&#8217;albero Mitragyna Speciosa (Maeng Da White Vein)<\/p>\n<h3>Usa<\/h3>\n<p>Il Kratom bianco Maeng Da pu\u00f2 essere sciolto in acqua, usato per preparare il t\u00e8 o mescolato in un frullato. Molti utenti optano per il metodo &#8220;butta e lava&#8221;: bere un sorso d&#8217;acqua, aggiungere un cucchiaio di kratom e lavare immediatamente con un altro sorso d&#8217;acqua.<\/p>\n<p><strong>Dosaggio con acqua<\/strong><\/p>\n<ul>\n<li>2 grammi: leggero<\/li>\n<li>4 grammi: delicato<\/li>\n<li>6 grammi: forte<\/li>\n<li>8 grammi: molto forte<\/li>\n<\/ul>\n<p><strong>Dosaggio per la preparazione del t\u00e8<\/strong><\/p>\n<ul>\n<li>1 grammo: leggero<\/li>\n<li>3 grammi: moderato<\/li>\n<li>5 grammi: normale<\/li>\n<li>10 grammi: forte<\/li>\n<li>15+ grammi: molto forte<\/li>\n<\/ul>\n<p>Lasciare bollire dolcemente il kratom per 10-15 minuti e poi versarlo attraverso un colino in una tazza. Iniziare preferibilmente con una dose bassa, soprattutto a stomaco vuoto, per valutare correttamente la reazione.<\/p>\n<h3>Contenuto<\/h3>\n<p>Disponibile in confezioni da 25 o 100 grammi.<\/p>\n<h3>Disclaimer<\/h3>\n<p><em>Il contenuto di questo testo ha uno scopo puramente informativo e non sostituisce una consulenza professionale. Questo prodotto non \u00e8 un farmaco e non \u00e8 destinato a diagnosticare, trattare o curare alcuna condizione medica. Per qualsiasi domanda specifica sull&#8217;uso di questo prodotto, consulta uno specialista. Alcuni studi scientifici sugli effetti di questo prodotto sono in corso e non tutte le affermazioni sono state definitivamente confermate.<\/em><\/p>\n","protected":false},"excerpt":{"rendered":"<p>Il Maeng Da Kratom White \u00e8 una potente variet\u00e0 di kratom bianco proveniente dal sud-est asiatico, nota per la sua natura stimolante ed edificante. Questa variet\u00e0 \u00e8 spesso scelta da persone che hanno bisogno di una nuova concentrazione e di un umore positivo. Caratteristiche Ceppo di kratom bianco con un effetto luminoso ed energetico Spesso [&hellip;]<\/p>\n","protected":false},"featured_media":48956,"comment_status":"closed","ping_status":"closed","template":"","meta":[],"product_brand":[],"product_cat":[416],"product_tag":[],"class_list":{"0":"post-48959","1":"product","2":"type-product","3":"status-publish","4":"has-post-thumbnail","6":"product_cat-kratom","8":"first","9":"instock","10":"taxable","11":"shipping-taxable","12":"purchasable","13":"product-type-variable"},"yoast_head":"<!-- This site is optimized with the Yoast SEO Premium plugin v26.4 (Yoast SEO v27.2) - https:\/\/yoast.com\/product\/yoast-seo-premium-wordpress\/ -->\n<title>Maeng Da Bianco - Dutchmicrodosing<\/title>\n<meta name=\"description\" content=\"Maeng Da White Kratom, potente variet\u00e0 di kratom bianco dall&#039;effetto energizzante ed edificante. Per concentrarsi e fare chiarezza. Disponibile in 25 o 100 grammi.\" \/>\n<meta name=\"robots\" content=\"index, follow, max-snippet:-1, max-image-preview:large, max-video-preview:-1\" \/>\n<link rel=\"canonical\" href=\"https:\/\/dutchmicrodosing.com\/it\/erbe-botaniche\/kratom\/maeng-da-kratom-white\/\" \/>\n<meta property=\"og:locale\" content=\"it_IT\" \/>\n<meta property=\"og:type\" content=\"article\" \/>\n<meta property=\"og:title\" content=\"Maeng Da Bianco\" \/>\n<meta property=\"og:description\" content=\"Il Maeng Da Kratom White \u00e8 una potente variet\u00e0 di kratom bianco proveniente dal sud-est asiatico, nota per la sua natura stimolante ed edificante. Questa\" \/>\n<meta property=\"og:url\" content=\"https:\/\/dutchmicrodosing.com\/it\/erbe-botaniche\/kratom\/maeng-da-kratom-white\/\" \/>\n<meta property=\"og:site_name\" content=\"Dutchmicrodosing\" \/>\n<meta property=\"article:publisher\" content=\"https:\/\/www.facebook.com\/Dutchmicrodosingxp\/\" \/>\n<meta property=\"article:modified_time\" content=\"2025-08-01T14:54:11+00:00\" \/>\n<meta property=\"og:image\" content=\"https:\/\/dutchmicrodosing.com\/wp-content\/uploads\/2025\/06\/2676-3609.jpg\" \/>\n\t<meta property=\"og:image:width\" content=\"300\" \/>\n\t<meta property=\"og:image:height\" content=\"300\" \/>\n\t<meta property=\"og:image:type\" content=\"image\/jpeg\" \/>\n<meta name=\"twitter:card\" content=\"summary_large_image\" \/>\n<script type=\"application\/ld+json\" class=\"yoast-schema-graph\">{\"@context\":\"https:\/\/schema.org\",\"@graph\":[{\"@type\":\"WebPage\",\"@id\":\"https:\/\/dutchmicrodosing.com\/it\/erbe-botaniche\/kratom\/maeng-da-kratom-white\/\",\"url\":\"https:\/\/dutchmicrodosing.com\/it\/erbe-botaniche\/kratom\/maeng-da-kratom-white\/\",\"name\":\"Maeng Da Bianco - Dutchmicrodosing\",\"isPartOf\":{\"@id\":\"https:\/\/dutchmicrodosing.com\/it\/#website\"},\"primaryImageOfPage\":{\"@id\":\"https:\/\/dutchmicrodosing.com\/it\/erbe-botaniche\/kratom\/maeng-da-kratom-white\/#primaryimage\"},\"image\":{\"@id\":\"https:\/\/dutchmicrodosing.com\/it\/erbe-botaniche\/kratom\/maeng-da-kratom-white\/#primaryimage\"},\"thumbnailUrl\":\"https:\/\/dutchmicrodosing.com\/wp-content\/uploads\/2025\/06\/2676-3609.jpg\",\"datePublished\":\"2025-06-19T11:36:35+00:00\",\"dateModified\":\"2025-08-01T14:54:11+00:00\",\"description\":\"Maeng Da White Kratom, potente variet\u00e0 di kratom bianco dall'effetto energizzante ed edificante. Per concentrarsi e fare chiarezza. Disponibile in 25 o 100 grammi.\",\"breadcrumb\":{\"@id\":\"https:\/\/dutchmicrodosing.com\/it\/erbe-botaniche\/kratom\/maeng-da-kratom-white\/#breadcrumb\"},\"inLanguage\":\"it-IT\",\"potentialAction\":[{\"@type\":\"ReadAction\",\"target\":[\"https:\/\/dutchmicrodosing.com\/it\/erbe-botaniche\/kratom\/maeng-da-kratom-white\/\"]}]},{\"@type\":\"ImageObject\",\"inLanguage\":\"it-IT\",\"@id\":\"https:\/\/dutchmicrodosing.com\/it\/erbe-botaniche\/kratom\/maeng-da-kratom-white\/#primaryimage\",\"url\":\"https:\/\/dutchmicrodosing.com\/wp-content\/uploads\/2025\/06\/2676-3609.jpg\",\"contentUrl\":\"https:\/\/dutchmicrodosing.com\/wp-content\/uploads\/2025\/06\/2676-3609.jpg\",\"width\":300,\"height\":300},{\"@type\":\"BreadcrumbList\",\"@id\":\"https:\/\/dutchmicrodosing.com\/it\/erbe-botaniche\/kratom\/maeng-da-kratom-white\/#breadcrumb\",\"itemListElement\":[{\"@type\":\"ListItem\",\"position\":1,\"name\":\"Home\",\"item\":\"https:\/\/dutchmicrodosing.com\/it\/\"},{\"@type\":\"ListItem\",\"position\":2,\"name\":\"Negozio\",\"item\":\"https:\/\/dutchmicrodosing.com\/it\/negozio\/\"},{\"@type\":\"ListItem\",\"position\":3,\"name\":\"Maeng Da Bianco\"}]},{\"@type\":\"WebSite\",\"@id\":\"https:\/\/dutchmicrodosing.com\/it\/#website\",\"url\":\"https:\/\/dutchmicrodosing.com\/it\/\",\"name\":\"Dutchmicrodosing\",\"description\":\"\",\"publisher\":{\"@id\":\"https:\/\/dutchmicrodosing.com\/it\/#organization\"},\"potentialAction\":[{\"@type\":\"SearchAction\",\"target\":{\"@type\":\"EntryPoint\",\"urlTemplate\":\"https:\/\/dutchmicrodosing.com\/it\/?s={search_term_string}\"},\"query-input\":{\"@type\":\"PropertyValueSpecification\",\"valueRequired\":true,\"valueName\":\"search_term_string\"}}],\"inLanguage\":\"it-IT\"},{\"@type\":\"Organization\",\"@id\":\"https:\/\/dutchmicrodosing.com\/it\/#organization\",\"name\":\"Dutchmicrodosing\",\"url\":\"https:\/\/dutchmicrodosing.com\/it\/\",\"logo\":{\"@type\":\"ImageObject\",\"inLanguage\":\"it-IT\",\"@id\":\"https:\/\/dutchmicrodosing.com\/it\/#\/schema\/logo\/image\/\",\"url\":\"https:\/\/dutchmicrodosing.com\/wp-content\/uploads\/2021\/01\/microdosing-categorie-pic-nieuw.jpg\",\"contentUrl\":\"https:\/\/dutchmicrodosing.com\/wp-content\/uploads\/2021\/01\/microdosing-categorie-pic-nieuw.jpg\",\"width\":500,\"height\":500,\"caption\":\"Dutchmicrodosing\"},\"image\":{\"@id\":\"https:\/\/dutchmicrodosing.com\/it\/#\/schema\/logo\/image\/\"},\"sameAs\":[\"https:\/\/www.facebook.com\/Dutchmicrodosingxp\/\",\"https:\/\/www.instagram.com\/dutchmicrodosing\/\"]}]}<\/script>\n<meta property=\"og:availability\" content=\"instock\" \/>\n<meta property=\"product:availability\" content=\"instock\" \/>\n<meta property=\"product:condition\" content=\"new\" \/>\n<!-- \/ Yoast SEO Premium plugin. -->","yoast_head_json":{"title":"Maeng Da Bianco - Dutchmicrodosing","description":"Maeng Da White Kratom, potente variet\u00e0 di kratom bianco dall'effetto energizzante ed edificante. Per concentrarsi e fare chiarezza. Disponibile in 25 o 100 grammi.","robots":{"index":"index","follow":"follow","max-snippet":"max-snippet:-1","max-image-preview":"max-image-preview:large","max-video-preview":"max-video-preview:-1"},"canonical":"https:\/\/dutchmicrodosing.com\/it\/erbe-botaniche\/kratom\/maeng-da-kratom-white\/","og_locale":"it_IT","og_type":"article","og_title":"Maeng Da Bianco","og_description":"Il Maeng Da Kratom White \u00e8 una potente variet\u00e0 di kratom bianco proveniente dal sud-est asiatico, nota per la sua natura stimolante ed edificante. Questa","og_url":"https:\/\/dutchmicrodosing.com\/it\/erbe-botaniche\/kratom\/maeng-da-kratom-white\/","og_site_name":"Dutchmicrodosing","article_publisher":"https:\/\/www.facebook.com\/Dutchmicrodosingxp\/","article_modified_time":"2025-08-01T14:54:11+00:00","og_image":[{"width":300,"height":300,"url":"https:\/\/dutchmicrodosing.com\/wp-content\/uploads\/2025\/06\/2676-3609.jpg","type":"image\/jpeg"}],"twitter_card":"summary_large_image","schema":{"@context":"https:\/\/schema.org","@graph":[{"@type":"WebPage","@id":"https:\/\/dutchmicrodosing.com\/it\/erbe-botaniche\/kratom\/maeng-da-kratom-white\/","url":"https:\/\/dutchmicrodosing.com\/it\/erbe-botaniche\/kratom\/maeng-da-kratom-white\/","name":"Maeng Da Bianco - Dutchmicrodosing","isPartOf":{"@id":"https:\/\/dutchmicrodosing.com\/it\/#website"},"primaryImageOfPage":{"@id":"https:\/\/dutchmicrodosing.com\/it\/erbe-botaniche\/kratom\/maeng-da-kratom-white\/#primaryimage"},"image":{"@id":"https:\/\/dutchmicrodosing.com\/it\/erbe-botaniche\/kratom\/maeng-da-kratom-white\/#primaryimage"},"thumbnailUrl":"https:\/\/dutchmicrodosing.com\/wp-content\/uploads\/2025\/06\/2676-3609.jpg","datePublished":"2025-06-19T11:36:35+00:00","dateModified":"2025-08-01T14:54:11+00:00","description":"Maeng Da White Kratom, potente variet\u00e0 di kratom bianco dall'effetto energizzante ed edificante. Per concentrarsi e fare chiarezza. Disponibile in 25 o 100 grammi.","breadcrumb":{"@id":"https:\/\/dutchmicrodosing.com\/it\/erbe-botaniche\/kratom\/maeng-da-kratom-white\/#breadcrumb"},"inLanguage":"it-IT","potentialAction":[{"@type":"ReadAction","target":["https:\/\/dutchmicrodosing.com\/it\/erbe-botaniche\/kratom\/maeng-da-kratom-white\/"]}]},{"@type":"ImageObject","inLanguage":"it-IT","@id":"https:\/\/dutchmicrodosing.com\/it\/erbe-botaniche\/kratom\/maeng-da-kratom-white\/#primaryimage","url":"https:\/\/dutchmicrodosing.com\/wp-content\/uploads\/2025\/06\/2676-3609.jpg","contentUrl":"https:\/\/dutchmicrodosing.com\/wp-content\/uploads\/2025\/06\/2676-3609.jpg","width":300,"height":300},{"@type":"BreadcrumbList","@id":"https:\/\/dutchmicrodosing.com\/it\/erbe-botaniche\/kratom\/maeng-da-kratom-white\/#breadcrumb","itemListElement":[{"@type":"ListItem","position":1,"name":"Home","item":"https:\/\/dutchmicrodosing.com\/it\/"},{"@type":"ListItem","position":2,"name":"Negozio","item":"https:\/\/dutchmicrodosing.com\/it\/negozio\/"},{"@type":"ListItem","position":3,"name":"Maeng Da Bianco"}]},{"@type":"WebSite","@id":"https:\/\/dutchmicrodosing.com\/it\/#website","url":"https:\/\/dutchmicrodosing.com\/it\/","name":"Dutchmicrodosing","description":"","publisher":{"@id":"https:\/\/dutchmicrodosing.com\/it\/#organization"},"potentialAction":[{"@type":"SearchAction","target":{"@type":"EntryPoint","urlTemplate":"https:\/\/dutchmicrodosing.com\/it\/?s={search_term_string}"},"query-input":{"@type":"PropertyValueSpecification","valueRequired":true,"valueName":"search_term_string"}}],"inLanguage":"it-IT"},{"@type":"Organization","@id":"https:\/\/dutchmicrodosing.com\/it\/#organization","name":"Dutchmicrodosing","url":"https:\/\/dutchmicrodosing.com\/it\/","logo":{"@type":"ImageObject","inLanguage":"it-IT","@id":"https:\/\/dutchmicrodosing.com\/it\/#\/schema\/logo\/image\/","url":"https:\/\/dutchmicrodosing.com\/wp-content\/uploads\/2021\/01\/microdosing-categorie-pic-nieuw.jpg","contentUrl":"https:\/\/dutchmicrodosing.com\/wp-content\/uploads\/2021\/01\/microdosing-categorie-pic-nieuw.jpg","width":500,"height":500,"caption":"Dutchmicrodosing"},"image":{"@id":"https:\/\/dutchmicrodosing.com\/it\/#\/schema\/logo\/image\/"},"sameAs":["https:\/\/www.facebook.com\/Dutchmicrodosingxp\/","https:\/\/www.instagram.com\/dutchmicrodosing\/"]}]},"og_availability":"instock","product_availability":"instock","product_condition":"new"},"_links":{"self":[{"href":"https:\/\/dutchmicrodosing.com\/it\/wp-json\/wp\/v2\/product\/48959","targetHints":{"allow":["GET"]}}],"collection":[{"href":"https:\/\/dutchmicrodosing.com\/it\/wp-json\/wp\/v2\/product"}],"about":[{"href":"https:\/\/dutchmicrodosing.com\/it\/wp-json\/wp\/v2\/types\/product"}],"replies":[{"embeddable":true,"href":"https:\/\/dutchmicrodosing.com\/it\/wp-json\/wp\/v2\/comments?post=48959"}],"version-history":[{"count":0,"href":"https:\/\/dutchmicrodosing.com\/it\/wp-json\/wp\/v2\/product\/48959\/revisions"}],"wp:featuredmedia":[{"embeddable":true,"href":"https:\/\/dutchmicrodosing.com\/it\/wp-json\/wp\/v2\/media\/48956"}],"wp:attachment":[{"href":"https:\/\/dutchmicrodosing.com\/it\/wp-json\/wp\/v2\/media?parent=48959"}],"wp:term":[{"taxonomy":"product_brand","embeddable":true,"href":"https:\/\/dutchmicrodosing.com\/it\/wp-json\/wp\/v2\/product_brand?post=48959"},{"taxonomy":"product_cat","embeddable":true,"href":"https:\/\/dutchmicrodosing.com\/it\/wp-json\/wp\/v2\/product_cat?post=48959"},{"taxonomy":"product_tag","embeddable":true,"href":"https:\/\/dutchmicrodosing.com\/it\/wp-json\/wp\/v2\/product_tag?post=48959"}],"curies":[{"name":"wp","href":"https:\/\/api.w.org\/{rel}","templated":true}]}}