{"id":48994,"date":"2025-06-20T13:00:10","date_gmt":"2025-06-20T11:00:10","guid":{"rendered":"https:\/\/dutchmicrodosing.com\/shop\/senza-categoria\/thai-kratom-red\/"},"modified":"2025-08-02T09:56:54","modified_gmt":"2025-08-02T07:56:54","slug":"thai-kratom-red","status":"publish","type":"product","link":"https:\/\/dutchmicrodosing.com\/it\/erbe-botaniche\/kratom\/thai-kratom-red\/","title":{"rendered":"Rosso Thai"},"content":{"rendered":"<p data-start=\"126\" data-end=\"613\">Il <strong data-start=\"126\" data-end=\"166\">Kratom rosso tailandese <\/strong>(Mitragyna speciosa) \u00e8 un&#8217;erba potente e rilassante che viene utilizzata da migliaia di anni per le sue propriet\u00e0 medicinali e leggermente psichedeliche. Questa variet\u00e0 rossa tailandese contiene fino al 66% di mitraginina e pi\u00f9 di 25 alcaloidi. Il nome di questa specie deriva dal caratteristico colore rosso degli steli e delle venature delle foglie. Il colore rosso fornisce anche una protezione naturale contro le influenze esterne, rendendo questa variet\u00e0 di kratom molto adatta alla coltivazione.<\/p>\n<p data-start=\"615\" data-end=\"883\">Il Thai Red Kratom \u00e8 noto per i suoi effetti positivi, calmanti e leggermente euforici. Mentre il kratom thailandese bianco \u00e8 principalmente stimolante e migliora l&#8217;umore, e la variante verde offre un equilibrio tra i due, la variante rossa si concentra principalmente sul relax.<\/p>\n<h3>Ingredienti<\/h3>\n<p>Kratom rosso tailandese (Mitragyna Speciosa)<\/p>\n<h3>Effetti<\/h3>\n<p>Miglioratore dell&#8217;umore<br \/>\nFortemente rilassato<br \/>\nCalmante<br \/>\nLeggermente euforico<\/p>\n<h3>Usa<\/h3>\n<p>Il Thai Kratom pu\u00f2 essere sciolto in acqua, si pu\u00f2 preparare un t\u00e8, si pu\u00f2 masticare o fumare. Per ottenere risultati ottimali, \u00e8 consigliabile assumere il Kratom a stomaco vuoto.<\/p>\n<p><strong>Sciogliere in acqua<\/strong>:<\/p>\n<p>Il Kratom ha un sapore leggermente amaro e non si scioglie facilmente in acqua. Se intendi assumere il Kratom con l \u201cacqua, \u00e8 meglio bere un sorso d\u201d acqua e tenerlo in bocca. Metti met\u00e0 della dose su un cucchiaio, prendila e lavala immediatamente con un altro sorso d&#8217;acqua.<\/p>\n<ul>\n<li>2 grammi: effetto luce<\/li>\n<li>4 grammi: effetto lieve<\/li>\n<li>6 grammi: effetto forte<\/li>\n<li>8 grammi: effetto molto forte<\/li>\n<\/ul>\n<p><strong>Preparare il t\u00e8:<\/strong><\/p>\n<p>Aggiungi la quantit\u00e0 desiderata di Kratom all&#8217;acqua bollente e fai bollire dolcemente per 10-15 minuti vicino al punto di ebollizione. Metti un colino su una tazza e versaci il t\u00e8 di Kratom direttamente dalla pentola. Il residuo nel setaccio pu\u00f2 essere scartato.<\/p>\n<ul>\n<li>1 grammo: effetto luce<\/li>\n<li>3 grammi: effetto moderato<\/li>\n<li>5 grammi: effetto da normale a forte<\/li>\n<li>10 grammi: effetto forte<\/li>\n<li>15+ grammi: effetto molto forte<\/li>\n<\/ul>\n<h3>Consigli per lo stoccaggio<\/h3>\n<p>Conservare il prodotto in un luogo fresco e buio, come un armadio da cucina, e fuori dalla portata dei bambini.<\/p>\n<h3>Contenuto<\/h3>\n<p>Kratom Thai Rosso Mitragyna Speciosa &#8211; 25 o 100 grammi.<\/p>\n<h3>Avvertenze<\/h3>\n<p>Il kratom pu\u00f2 essere pericoloso per la salute se associato ad alcune droghe, all&#8217;alcol o agli IMAO. Sta prendendo dei farmaci? Consultate sempre prima il vostro medico e leggete il foglietto illustrativo del vostro farmaco per evitare rischi per la salute. Inoltre, non usare il Kratom in caso di gravidanza o allattamento. Non partecipare al traffico durante l&#8217;utilizzo.<\/p>\n","protected":false},"excerpt":{"rendered":"<p>Il Kratom rosso tailandese (Mitragyna speciosa) \u00e8 un&#8217;erba potente e rilassante che viene utilizzata da migliaia di anni per le sue propriet\u00e0 medicinali e leggermente psichedeliche. Questa variet\u00e0 rossa tailandese contiene fino al 66% di mitraginina e pi\u00f9 di 25 alcaloidi. Il nome di questa specie deriva dal caratteristico colore rosso degli steli e delle [&hellip;]<\/p>\n","protected":false},"featured_media":48988,"comment_status":"closed","ping_status":"closed","template":"","meta":[],"product_brand":[],"product_cat":[416],"product_tag":[],"class_list":{"0":"post-48994","1":"product","2":"type-product","3":"status-publish","4":"has-post-thumbnail","6":"product_cat-kratom","8":"first","9":"instock","10":"taxable","11":"shipping-taxable","12":"purchasable","13":"product-type-variable"},"yoast_head":"<!-- This site is optimized with the Yoast SEO Premium plugin v26.4 (Yoast SEO v27.4) - https:\/\/yoast.com\/product\/yoast-seo-premium-wordpress\/ -->\n<title>Rosso Thai - Dutchmicrodosing<\/title>\n<meta name=\"robots\" content=\"index, follow, max-snippet:-1, max-image-preview:large, max-video-preview:-1\" \/>\n<link rel=\"canonical\" href=\"https:\/\/dutchmicrodosing.com\/it\/erbe-botaniche\/kratom\/thai-kratom-red\/\" \/>\n<meta property=\"og:locale\" content=\"it_IT\" \/>\n<meta property=\"og:type\" content=\"article\" \/>\n<meta property=\"og:title\" content=\"Rosso Thai\" \/>\n<meta property=\"og:description\" content=\"Il Kratom rosso tailandese (Mitragyna speciosa) \u00e8 un&#039;erba potente e rilassante che viene utilizzata da migliaia di anni per le sue propriet\u00e0 medicinali e\" \/>\n<meta property=\"og:url\" content=\"https:\/\/dutchmicrodosing.com\/it\/erbe-botaniche\/kratom\/thai-kratom-red\/\" \/>\n<meta property=\"og:site_name\" content=\"Dutchmicrodosing\" \/>\n<meta property=\"article:publisher\" content=\"https:\/\/www.facebook.com\/Dutchmicrodosingxp\/\" \/>\n<meta property=\"article:modified_time\" content=\"2025-08-02T07:56:54+00:00\" \/>\n<meta property=\"og:image\" content=\"https:\/\/dutchmicrodosing.com\/wp-content\/uploads\/2025\/06\/2701-3607.jpg\" \/>\n\t<meta property=\"og:image:width\" content=\"300\" \/>\n\t<meta property=\"og:image:height\" content=\"300\" \/>\n\t<meta property=\"og:image:type\" content=\"image\/jpeg\" \/>\n<meta name=\"twitter:card\" content=\"summary_large_image\" \/>\n<script type=\"application\/ld+json\" class=\"yoast-schema-graph\">{\"@context\":\"https:\\\/\\\/schema.org\",\"@graph\":[{\"@type\":\"WebPage\",\"@id\":\"https:\\\/\\\/dutchmicrodosing.com\\\/it\\\/erbe-botaniche\\\/kratom\\\/thai-kratom-red\\\/\",\"url\":\"https:\\\/\\\/dutchmicrodosing.com\\\/it\\\/erbe-botaniche\\\/kratom\\\/thai-kratom-red\\\/\",\"name\":\"Rosso Thai - Dutchmicrodosing\",\"isPartOf\":{\"@id\":\"https:\\\/\\\/dutchmicrodosing.com\\\/it\\\/#website\"},\"primaryImageOfPage\":{\"@id\":\"https:\\\/\\\/dutchmicrodosing.com\\\/it\\\/erbe-botaniche\\\/kratom\\\/thai-kratom-red\\\/#primaryimage\"},\"image\":{\"@id\":\"https:\\\/\\\/dutchmicrodosing.com\\\/it\\\/erbe-botaniche\\\/kratom\\\/thai-kratom-red\\\/#primaryimage\"},\"thumbnailUrl\":\"https:\\\/\\\/dutchmicrodosing.com\\\/wp-content\\\/uploads\\\/2025\\\/06\\\/2701-3607.jpg\",\"datePublished\":\"2025-06-20T11:00:10+00:00\",\"dateModified\":\"2025-08-02T07:56:54+00:00\",\"breadcrumb\":{\"@id\":\"https:\\\/\\\/dutchmicrodosing.com\\\/it\\\/erbe-botaniche\\\/kratom\\\/thai-kratom-red\\\/#breadcrumb\"},\"inLanguage\":\"it-IT\",\"potentialAction\":[{\"@type\":\"ReadAction\",\"target\":[\"https:\\\/\\\/dutchmicrodosing.com\\\/it\\\/erbe-botaniche\\\/kratom\\\/thai-kratom-red\\\/\"]}]},{\"@type\":\"ImageObject\",\"inLanguage\":\"it-IT\",\"@id\":\"https:\\\/\\\/dutchmicrodosing.com\\\/it\\\/erbe-botaniche\\\/kratom\\\/thai-kratom-red\\\/#primaryimage\",\"url\":\"https:\\\/\\\/dutchmicrodosing.com\\\/wp-content\\\/uploads\\\/2025\\\/06\\\/2701-3607.jpg\",\"contentUrl\":\"https:\\\/\\\/dutchmicrodosing.com\\\/wp-content\\\/uploads\\\/2025\\\/06\\\/2701-3607.jpg\",\"width\":300,\"height\":300},{\"@type\":\"BreadcrumbList\",\"@id\":\"https:\\\/\\\/dutchmicrodosing.com\\\/it\\\/erbe-botaniche\\\/kratom\\\/thai-kratom-red\\\/#breadcrumb\",\"itemListElement\":[{\"@type\":\"ListItem\",\"position\":1,\"name\":\"Home\",\"item\":\"https:\\\/\\\/dutchmicrodosing.com\\\/it\\\/\"},{\"@type\":\"ListItem\",\"position\":2,\"name\":\"Negozio\",\"item\":\"https:\\\/\\\/dutchmicrodosing.com\\\/it\\\/negozio\\\/\"},{\"@type\":\"ListItem\",\"position\":3,\"name\":\"Rosso Thai\"}]},{\"@type\":\"WebSite\",\"@id\":\"https:\\\/\\\/dutchmicrodosing.com\\\/it\\\/#website\",\"url\":\"https:\\\/\\\/dutchmicrodosing.com\\\/it\\\/\",\"name\":\"Dutchmicrodosing\",\"description\":\"\",\"publisher\":{\"@id\":\"https:\\\/\\\/dutchmicrodosing.com\\\/it\\\/#organization\"},\"potentialAction\":[{\"@type\":\"SearchAction\",\"target\":{\"@type\":\"EntryPoint\",\"urlTemplate\":\"https:\\\/\\\/dutchmicrodosing.com\\\/it\\\/?s={search_term_string}\"},\"query-input\":{\"@type\":\"PropertyValueSpecification\",\"valueRequired\":true,\"valueName\":\"search_term_string\"}}],\"inLanguage\":\"it-IT\"},{\"@type\":\"Organization\",\"@id\":\"https:\\\/\\\/dutchmicrodosing.com\\\/it\\\/#organization\",\"name\":\"Dutchmicrodosing\",\"url\":\"https:\\\/\\\/dutchmicrodosing.com\\\/it\\\/\",\"logo\":{\"@type\":\"ImageObject\",\"inLanguage\":\"it-IT\",\"@id\":\"https:\\\/\\\/dutchmicrodosing.com\\\/it\\\/#\\\/schema\\\/logo\\\/image\\\/\",\"url\":\"https:\\\/\\\/dutchmicrodosing.com\\\/wp-content\\\/uploads\\\/2021\\\/01\\\/microdosing-categorie-pic-nieuw.jpg\",\"contentUrl\":\"https:\\\/\\\/dutchmicrodosing.com\\\/wp-content\\\/uploads\\\/2021\\\/01\\\/microdosing-categorie-pic-nieuw.jpg\",\"width\":500,\"height\":500,\"caption\":\"Dutchmicrodosing\"},\"image\":{\"@id\":\"https:\\\/\\\/dutchmicrodosing.com\\\/it\\\/#\\\/schema\\\/logo\\\/image\\\/\"},\"sameAs\":[\"https:\\\/\\\/www.facebook.com\\\/Dutchmicrodosingxp\\\/\",\"https:\\\/\\\/www.instagram.com\\\/dutchmicrodosing\\\/\"]}]}<\/script>\n<meta property=\"og:availability\" content=\"instock\" \/>\n<meta property=\"product:availability\" content=\"instock\" \/>\n<meta property=\"product:condition\" content=\"new\" \/>\n<!-- \/ Yoast SEO Premium plugin. -->","yoast_head_json":{"title":"Rosso Thai - Dutchmicrodosing","robots":{"index":"index","follow":"follow","max-snippet":"max-snippet:-1","max-image-preview":"max-image-preview:large","max-video-preview":"max-video-preview:-1"},"canonical":"https:\/\/dutchmicrodosing.com\/it\/erbe-botaniche\/kratom\/thai-kratom-red\/","og_locale":"it_IT","og_type":"article","og_title":"Rosso Thai","og_description":"Il Kratom rosso tailandese (Mitragyna speciosa) \u00e8 un'erba potente e rilassante che viene utilizzata da migliaia di anni per le sue propriet\u00e0 medicinali e","og_url":"https:\/\/dutchmicrodosing.com\/it\/erbe-botaniche\/kratom\/thai-kratom-red\/","og_site_name":"Dutchmicrodosing","article_publisher":"https:\/\/www.facebook.com\/Dutchmicrodosingxp\/","article_modified_time":"2025-08-02T07:56:54+00:00","og_image":[{"width":300,"height":300,"url":"https:\/\/dutchmicrodosing.com\/wp-content\/uploads\/2025\/06\/2701-3607.jpg","type":"image\/jpeg"}],"twitter_card":"summary_large_image","schema":{"@context":"https:\/\/schema.org","@graph":[{"@type":"WebPage","@id":"https:\/\/dutchmicrodosing.com\/it\/erbe-botaniche\/kratom\/thai-kratom-red\/","url":"https:\/\/dutchmicrodosing.com\/it\/erbe-botaniche\/kratom\/thai-kratom-red\/","name":"Rosso Thai - Dutchmicrodosing","isPartOf":{"@id":"https:\/\/dutchmicrodosing.com\/it\/#website"},"primaryImageOfPage":{"@id":"https:\/\/dutchmicrodosing.com\/it\/erbe-botaniche\/kratom\/thai-kratom-red\/#primaryimage"},"image":{"@id":"https:\/\/dutchmicrodosing.com\/it\/erbe-botaniche\/kratom\/thai-kratom-red\/#primaryimage"},"thumbnailUrl":"https:\/\/dutchmicrodosing.com\/wp-content\/uploads\/2025\/06\/2701-3607.jpg","datePublished":"2025-06-20T11:00:10+00:00","dateModified":"2025-08-02T07:56:54+00:00","breadcrumb":{"@id":"https:\/\/dutchmicrodosing.com\/it\/erbe-botaniche\/kratom\/thai-kratom-red\/#breadcrumb"},"inLanguage":"it-IT","potentialAction":[{"@type":"ReadAction","target":["https:\/\/dutchmicrodosing.com\/it\/erbe-botaniche\/kratom\/thai-kratom-red\/"]}]},{"@type":"ImageObject","inLanguage":"it-IT","@id":"https:\/\/dutchmicrodosing.com\/it\/erbe-botaniche\/kratom\/thai-kratom-red\/#primaryimage","url":"https:\/\/dutchmicrodosing.com\/wp-content\/uploads\/2025\/06\/2701-3607.jpg","contentUrl":"https:\/\/dutchmicrodosing.com\/wp-content\/uploads\/2025\/06\/2701-3607.jpg","width":300,"height":300},{"@type":"BreadcrumbList","@id":"https:\/\/dutchmicrodosing.com\/it\/erbe-botaniche\/kratom\/thai-kratom-red\/#breadcrumb","itemListElement":[{"@type":"ListItem","position":1,"name":"Home","item":"https:\/\/dutchmicrodosing.com\/it\/"},{"@type":"ListItem","position":2,"name":"Negozio","item":"https:\/\/dutchmicrodosing.com\/it\/negozio\/"},{"@type":"ListItem","position":3,"name":"Rosso Thai"}]},{"@type":"WebSite","@id":"https:\/\/dutchmicrodosing.com\/it\/#website","url":"https:\/\/dutchmicrodosing.com\/it\/","name":"Dutchmicrodosing","description":"","publisher":{"@id":"https:\/\/dutchmicrodosing.com\/it\/#organization"},"potentialAction":[{"@type":"SearchAction","target":{"@type":"EntryPoint","urlTemplate":"https:\/\/dutchmicrodosing.com\/it\/?s={search_term_string}"},"query-input":{"@type":"PropertyValueSpecification","valueRequired":true,"valueName":"search_term_string"}}],"inLanguage":"it-IT"},{"@type":"Organization","@id":"https:\/\/dutchmicrodosing.com\/it\/#organization","name":"Dutchmicrodosing","url":"https:\/\/dutchmicrodosing.com\/it\/","logo":{"@type":"ImageObject","inLanguage":"it-IT","@id":"https:\/\/dutchmicrodosing.com\/it\/#\/schema\/logo\/image\/","url":"https:\/\/dutchmicrodosing.com\/wp-content\/uploads\/2021\/01\/microdosing-categorie-pic-nieuw.jpg","contentUrl":"https:\/\/dutchmicrodosing.com\/wp-content\/uploads\/2021\/01\/microdosing-categorie-pic-nieuw.jpg","width":500,"height":500,"caption":"Dutchmicrodosing"},"image":{"@id":"https:\/\/dutchmicrodosing.com\/it\/#\/schema\/logo\/image\/"},"sameAs":["https:\/\/www.facebook.com\/Dutchmicrodosingxp\/","https:\/\/www.instagram.com\/dutchmicrodosing\/"]}]},"og_availability":"instock","product_availability":"instock","product_condition":"new"},"_links":{"self":[{"href":"https:\/\/dutchmicrodosing.com\/it\/wp-json\/wp\/v2\/product\/48994","targetHints":{"allow":["GET"]}}],"collection":[{"href":"https:\/\/dutchmicrodosing.com\/it\/wp-json\/wp\/v2\/product"}],"about":[{"href":"https:\/\/dutchmicrodosing.com\/it\/wp-json\/wp\/v2\/types\/product"}],"replies":[{"embeddable":true,"href":"https:\/\/dutchmicrodosing.com\/it\/wp-json\/wp\/v2\/comments?post=48994"}],"version-history":[{"count":0,"href":"https:\/\/dutchmicrodosing.com\/it\/wp-json\/wp\/v2\/product\/48994\/revisions"}],"wp:featuredmedia":[{"embeddable":true,"href":"https:\/\/dutchmicrodosing.com\/it\/wp-json\/wp\/v2\/media\/48988"}],"wp:attachment":[{"href":"https:\/\/dutchmicrodosing.com\/it\/wp-json\/wp\/v2\/media?parent=48994"}],"wp:term":[{"taxonomy":"product_brand","embeddable":true,"href":"https:\/\/dutchmicrodosing.com\/it\/wp-json\/wp\/v2\/product_brand?post=48994"},{"taxonomy":"product_cat","embeddable":true,"href":"https:\/\/dutchmicrodosing.com\/it\/wp-json\/wp\/v2\/product_cat?post=48994"},{"taxonomy":"product_tag","embeddable":true,"href":"https:\/\/dutchmicrodosing.com\/it\/wp-json\/wp\/v2\/product_tag?post=48994"}],"curies":[{"name":"wp","href":"https:\/\/api.w.org\/{rel}","templated":true}]}}