{"id":49007,"date":"2025-06-20T13:19:38","date_gmt":"2025-06-20T11:19:38","guid":{"rendered":"https:\/\/dutchmicrodosing.com\/shop\/senza-categoria\/thai-kratom-white\/"},"modified":"2025-08-02T15:34:36","modified_gmt":"2025-08-02T13:34:36","slug":"thai-kratom-white","status":"publish","type":"product","link":"https:\/\/dutchmicrodosing.com\/it\/erbe-botaniche\/kratom\/thai-kratom-white\/","title":{"rendered":"Bianco Thai"},"content":{"rendered":"<p>Il <strong>Thai Kratom <\/strong><strong>White <\/strong>\u00e8 una variet\u00e0 di kratom bianco proveniente dalla Thailandia ed \u00e8 noto per il suo carattere potente e stimolante. Con venature brillanti nelle foglie e una struttura alcaloide unica, questa \u00e8 una variet\u00e0 popolare tra i consumatori esperti che cercano concentrazione e una spinta edificante.<\/p>\n<h3>Caratteristiche<\/h3>\n<ul>\n<li>Kratom thailandese bianco con un profilo energetico<\/li>\n<li>Spesso viene utilizzato per chiarire la mentalit\u00e0 e la motivazione<\/li>\n<li>Conosciuto per il suo carattere stimolante e leggermente euforico<\/li>\n<li>Adatto a diversi tipi di preparazione<\/li>\n<\/ul>\n<h3>Ingredienti e\/o composizione<\/h3>\n<p>100% foglie macinate dell&#8217;albero Mitragyna Speciosa (vena bianca tailandese)<\/p>\n<h3>Usa<\/h3>\n<p>Il Thai White Kratom pu\u00f2 essere preparato in diversi modi. I metodi pi\u00f9 diffusi includono la miscelazione con acqua, la preparazione di t\u00e8 o l&#8217;incorporazione in un frullato. Il sapore \u00e8 amaro; pertanto, molte persone scelgono di ingerirlo in un&#8217;unica soluzione con acqua.<\/p>\n<p><strong>Dosaggio in caso di miscelazione con acqua<\/strong><\/p>\n<ul>\n<li>2 grammi: leggero<\/li>\n<li>4 grammi: delicato<\/li>\n<li>6 grammi: forte<\/li>\n<li>8 grammi: molto forte<\/li>\n<\/ul>\n<p><strong>Dosaggio per la preparazione del t\u00e8<\/strong><\/p>\n<ul>\n<li>1 grammo: leggero<\/li>\n<li>3 grammi: moderato<\/li>\n<li>5 grammi: normale<\/li>\n<li>10 grammi: forte<\/li>\n<li>15+ grammi: molto forte<\/li>\n<\/ul>\n<p>Per il t\u00e8: far bollire delicatamente la quantit\u00e0 desiderata di kratom in acqua per 10-15 minuti. Usare un colino quando si versa.<\/p>\n<p>\u00c8 preferibile iniziare con una dose bassa, soprattutto a stomaco vuoto, per sperimentare correttamente l&#8217;effetto.<\/p>\n<h3>Contenuto<\/h3>\n<p>Disponibile in confezioni da 25 o 100 grammi.<\/p>\n<h3>Disclaimer<\/h3>\n<p><em>Il contenuto di questo testo ha uno scopo puramente informativo e non sostituisce una consulenza professionale. Questo prodotto non \u00e8 un farmaco e non \u00e8 destinato a diagnosticare, trattare o curare alcuna condizione medica. Per qualsiasi domanda specifica sull&#8217;uso di questo prodotto, consulta uno specialista. Alcuni studi scientifici sugli effetti di questo prodotto sono in corso e non tutte le affermazioni sono state definitivamente confermate.<\/em><\/p>\n","protected":false},"excerpt":{"rendered":"<p>Il Thai Kratom White \u00e8 una variet\u00e0 di kratom bianco proveniente dalla Thailandia ed \u00e8 noto per il suo carattere potente e stimolante. Con venature brillanti nelle foglie e una struttura alcaloide unica, questa \u00e8 una variet\u00e0 popolare tra i consumatori esperti che cercano concentrazione e una spinta edificante. Caratteristiche Kratom thailandese bianco con un [&hellip;]<\/p>\n","protected":false},"featured_media":49001,"comment_status":"closed","ping_status":"closed","template":"","meta":[],"product_brand":[],"product_cat":[416],"product_tag":[],"class_list":{"0":"post-49007","1":"product","2":"type-product","3":"status-publish","4":"has-post-thumbnail","6":"product_cat-kratom","8":"first","9":"instock","10":"taxable","11":"shipping-taxable","12":"purchasable","13":"product-type-variable"},"yoast_head":"<!-- This site is optimized with the Yoast SEO Premium plugin v26.4 (Yoast SEO v27.4) - https:\/\/yoast.com\/product\/yoast-seo-premium-wordpress\/ -->\n<title>Bianco Thai - Dutchmicrodosing<\/title>\n<meta name=\"description\" content=\"Thai White Kratom, potente kratom bianco proveniente dalla Thailandia con un effetto brillante e stimolante. Per la concentrazione e l&#039;energia. Disponibile in 25 o 100 grammi.\" \/>\n<meta name=\"robots\" content=\"index, follow, max-snippet:-1, max-image-preview:large, max-video-preview:-1\" \/>\n<link rel=\"canonical\" href=\"https:\/\/dutchmicrodosing.com\/it\/erbe-botaniche\/kratom\/thai-kratom-white\/\" \/>\n<meta property=\"og:locale\" content=\"it_IT\" \/>\n<meta property=\"og:type\" content=\"article\" \/>\n<meta property=\"og:title\" content=\"Bianco Thai\" \/>\n<meta property=\"og:description\" content=\"Il Thai Kratom White \u00e8 una variet\u00e0 di kratom bianco proveniente dalla Thailandia ed \u00e8 noto per il suo carattere potente e stimolante. Con venature\" \/>\n<meta property=\"og:url\" content=\"https:\/\/dutchmicrodosing.com\/it\/erbe-botaniche\/kratom\/thai-kratom-white\/\" \/>\n<meta property=\"og:site_name\" content=\"Dutchmicrodosing\" \/>\n<meta property=\"article:publisher\" content=\"https:\/\/www.facebook.com\/Dutchmicrodosingxp\/\" \/>\n<meta property=\"article:modified_time\" content=\"2025-08-02T13:34:36+00:00\" \/>\n<meta property=\"og:image\" content=\"https:\/\/dutchmicrodosing.com\/wp-content\/uploads\/2025\/06\/2703-3606.jpg\" \/>\n\t<meta property=\"og:image:width\" content=\"300\" \/>\n\t<meta property=\"og:image:height\" content=\"300\" \/>\n\t<meta property=\"og:image:type\" content=\"image\/jpeg\" \/>\n<meta name=\"twitter:card\" content=\"summary_large_image\" \/>\n<script type=\"application\/ld+json\" class=\"yoast-schema-graph\">{\"@context\":\"https:\\\/\\\/schema.org\",\"@graph\":[{\"@type\":\"WebPage\",\"@id\":\"https:\\\/\\\/dutchmicrodosing.com\\\/it\\\/erbe-botaniche\\\/kratom\\\/thai-kratom-white\\\/\",\"url\":\"https:\\\/\\\/dutchmicrodosing.com\\\/it\\\/erbe-botaniche\\\/kratom\\\/thai-kratom-white\\\/\",\"name\":\"Bianco Thai - Dutchmicrodosing\",\"isPartOf\":{\"@id\":\"https:\\\/\\\/dutchmicrodosing.com\\\/it\\\/#website\"},\"primaryImageOfPage\":{\"@id\":\"https:\\\/\\\/dutchmicrodosing.com\\\/it\\\/erbe-botaniche\\\/kratom\\\/thai-kratom-white\\\/#primaryimage\"},\"image\":{\"@id\":\"https:\\\/\\\/dutchmicrodosing.com\\\/it\\\/erbe-botaniche\\\/kratom\\\/thai-kratom-white\\\/#primaryimage\"},\"thumbnailUrl\":\"https:\\\/\\\/dutchmicrodosing.com\\\/wp-content\\\/uploads\\\/2025\\\/06\\\/2703-3606.jpg\",\"datePublished\":\"2025-06-20T11:19:38+00:00\",\"dateModified\":\"2025-08-02T13:34:36+00:00\",\"description\":\"Thai White Kratom, potente kratom bianco proveniente dalla Thailandia con un effetto brillante e stimolante. Per la concentrazione e l'energia. Disponibile in 25 o 100 grammi.\",\"breadcrumb\":{\"@id\":\"https:\\\/\\\/dutchmicrodosing.com\\\/it\\\/erbe-botaniche\\\/kratom\\\/thai-kratom-white\\\/#breadcrumb\"},\"inLanguage\":\"it-IT\",\"potentialAction\":[{\"@type\":\"ReadAction\",\"target\":[\"https:\\\/\\\/dutchmicrodosing.com\\\/it\\\/erbe-botaniche\\\/kratom\\\/thai-kratom-white\\\/\"]}]},{\"@type\":\"ImageObject\",\"inLanguage\":\"it-IT\",\"@id\":\"https:\\\/\\\/dutchmicrodosing.com\\\/it\\\/erbe-botaniche\\\/kratom\\\/thai-kratom-white\\\/#primaryimage\",\"url\":\"https:\\\/\\\/dutchmicrodosing.com\\\/wp-content\\\/uploads\\\/2025\\\/06\\\/2703-3606.jpg\",\"contentUrl\":\"https:\\\/\\\/dutchmicrodosing.com\\\/wp-content\\\/uploads\\\/2025\\\/06\\\/2703-3606.jpg\",\"width\":300,\"height\":300},{\"@type\":\"BreadcrumbList\",\"@id\":\"https:\\\/\\\/dutchmicrodosing.com\\\/it\\\/erbe-botaniche\\\/kratom\\\/thai-kratom-white\\\/#breadcrumb\",\"itemListElement\":[{\"@type\":\"ListItem\",\"position\":1,\"name\":\"Home\",\"item\":\"https:\\\/\\\/dutchmicrodosing.com\\\/it\\\/\"},{\"@type\":\"ListItem\",\"position\":2,\"name\":\"Negozio\",\"item\":\"https:\\\/\\\/dutchmicrodosing.com\\\/it\\\/negozio\\\/\"},{\"@type\":\"ListItem\",\"position\":3,\"name\":\"Bianco Thai\"}]},{\"@type\":\"WebSite\",\"@id\":\"https:\\\/\\\/dutchmicrodosing.com\\\/it\\\/#website\",\"url\":\"https:\\\/\\\/dutchmicrodosing.com\\\/it\\\/\",\"name\":\"Dutchmicrodosing\",\"description\":\"\",\"publisher\":{\"@id\":\"https:\\\/\\\/dutchmicrodosing.com\\\/it\\\/#organization\"},\"potentialAction\":[{\"@type\":\"SearchAction\",\"target\":{\"@type\":\"EntryPoint\",\"urlTemplate\":\"https:\\\/\\\/dutchmicrodosing.com\\\/it\\\/?s={search_term_string}\"},\"query-input\":{\"@type\":\"PropertyValueSpecification\",\"valueRequired\":true,\"valueName\":\"search_term_string\"}}],\"inLanguage\":\"it-IT\"},{\"@type\":\"Organization\",\"@id\":\"https:\\\/\\\/dutchmicrodosing.com\\\/it\\\/#organization\",\"name\":\"Dutchmicrodosing\",\"url\":\"https:\\\/\\\/dutchmicrodosing.com\\\/it\\\/\",\"logo\":{\"@type\":\"ImageObject\",\"inLanguage\":\"it-IT\",\"@id\":\"https:\\\/\\\/dutchmicrodosing.com\\\/it\\\/#\\\/schema\\\/logo\\\/image\\\/\",\"url\":\"https:\\\/\\\/dutchmicrodosing.com\\\/wp-content\\\/uploads\\\/2021\\\/01\\\/microdosing-categorie-pic-nieuw.jpg\",\"contentUrl\":\"https:\\\/\\\/dutchmicrodosing.com\\\/wp-content\\\/uploads\\\/2021\\\/01\\\/microdosing-categorie-pic-nieuw.jpg\",\"width\":500,\"height\":500,\"caption\":\"Dutchmicrodosing\"},\"image\":{\"@id\":\"https:\\\/\\\/dutchmicrodosing.com\\\/it\\\/#\\\/schema\\\/logo\\\/image\\\/\"},\"sameAs\":[\"https:\\\/\\\/www.facebook.com\\\/Dutchmicrodosingxp\\\/\",\"https:\\\/\\\/www.instagram.com\\\/dutchmicrodosing\\\/\"]}]}<\/script>\n<meta property=\"og:availability\" content=\"instock\" \/>\n<meta property=\"product:availability\" content=\"instock\" \/>\n<meta property=\"product:condition\" content=\"new\" \/>\n<!-- \/ Yoast SEO Premium plugin. -->","yoast_head_json":{"title":"Bianco Thai - Dutchmicrodosing","description":"Thai White Kratom, potente kratom bianco proveniente dalla Thailandia con un effetto brillante e stimolante. Per la concentrazione e l'energia. Disponibile in 25 o 100 grammi.","robots":{"index":"index","follow":"follow","max-snippet":"max-snippet:-1","max-image-preview":"max-image-preview:large","max-video-preview":"max-video-preview:-1"},"canonical":"https:\/\/dutchmicrodosing.com\/it\/erbe-botaniche\/kratom\/thai-kratom-white\/","og_locale":"it_IT","og_type":"article","og_title":"Bianco Thai","og_description":"Il Thai Kratom White \u00e8 una variet\u00e0 di kratom bianco proveniente dalla Thailandia ed \u00e8 noto per il suo carattere potente e stimolante. Con venature","og_url":"https:\/\/dutchmicrodosing.com\/it\/erbe-botaniche\/kratom\/thai-kratom-white\/","og_site_name":"Dutchmicrodosing","article_publisher":"https:\/\/www.facebook.com\/Dutchmicrodosingxp\/","article_modified_time":"2025-08-02T13:34:36+00:00","og_image":[{"width":300,"height":300,"url":"https:\/\/dutchmicrodosing.com\/wp-content\/uploads\/2025\/06\/2703-3606.jpg","type":"image\/jpeg"}],"twitter_card":"summary_large_image","schema":{"@context":"https:\/\/schema.org","@graph":[{"@type":"WebPage","@id":"https:\/\/dutchmicrodosing.com\/it\/erbe-botaniche\/kratom\/thai-kratom-white\/","url":"https:\/\/dutchmicrodosing.com\/it\/erbe-botaniche\/kratom\/thai-kratom-white\/","name":"Bianco Thai - Dutchmicrodosing","isPartOf":{"@id":"https:\/\/dutchmicrodosing.com\/it\/#website"},"primaryImageOfPage":{"@id":"https:\/\/dutchmicrodosing.com\/it\/erbe-botaniche\/kratom\/thai-kratom-white\/#primaryimage"},"image":{"@id":"https:\/\/dutchmicrodosing.com\/it\/erbe-botaniche\/kratom\/thai-kratom-white\/#primaryimage"},"thumbnailUrl":"https:\/\/dutchmicrodosing.com\/wp-content\/uploads\/2025\/06\/2703-3606.jpg","datePublished":"2025-06-20T11:19:38+00:00","dateModified":"2025-08-02T13:34:36+00:00","description":"Thai White Kratom, potente kratom bianco proveniente dalla Thailandia con un effetto brillante e stimolante. Per la concentrazione e l'energia. Disponibile in 25 o 100 grammi.","breadcrumb":{"@id":"https:\/\/dutchmicrodosing.com\/it\/erbe-botaniche\/kratom\/thai-kratom-white\/#breadcrumb"},"inLanguage":"it-IT","potentialAction":[{"@type":"ReadAction","target":["https:\/\/dutchmicrodosing.com\/it\/erbe-botaniche\/kratom\/thai-kratom-white\/"]}]},{"@type":"ImageObject","inLanguage":"it-IT","@id":"https:\/\/dutchmicrodosing.com\/it\/erbe-botaniche\/kratom\/thai-kratom-white\/#primaryimage","url":"https:\/\/dutchmicrodosing.com\/wp-content\/uploads\/2025\/06\/2703-3606.jpg","contentUrl":"https:\/\/dutchmicrodosing.com\/wp-content\/uploads\/2025\/06\/2703-3606.jpg","width":300,"height":300},{"@type":"BreadcrumbList","@id":"https:\/\/dutchmicrodosing.com\/it\/erbe-botaniche\/kratom\/thai-kratom-white\/#breadcrumb","itemListElement":[{"@type":"ListItem","position":1,"name":"Home","item":"https:\/\/dutchmicrodosing.com\/it\/"},{"@type":"ListItem","position":2,"name":"Negozio","item":"https:\/\/dutchmicrodosing.com\/it\/negozio\/"},{"@type":"ListItem","position":3,"name":"Bianco Thai"}]},{"@type":"WebSite","@id":"https:\/\/dutchmicrodosing.com\/it\/#website","url":"https:\/\/dutchmicrodosing.com\/it\/","name":"Dutchmicrodosing","description":"","publisher":{"@id":"https:\/\/dutchmicrodosing.com\/it\/#organization"},"potentialAction":[{"@type":"SearchAction","target":{"@type":"EntryPoint","urlTemplate":"https:\/\/dutchmicrodosing.com\/it\/?s={search_term_string}"},"query-input":{"@type":"PropertyValueSpecification","valueRequired":true,"valueName":"search_term_string"}}],"inLanguage":"it-IT"},{"@type":"Organization","@id":"https:\/\/dutchmicrodosing.com\/it\/#organization","name":"Dutchmicrodosing","url":"https:\/\/dutchmicrodosing.com\/it\/","logo":{"@type":"ImageObject","inLanguage":"it-IT","@id":"https:\/\/dutchmicrodosing.com\/it\/#\/schema\/logo\/image\/","url":"https:\/\/dutchmicrodosing.com\/wp-content\/uploads\/2021\/01\/microdosing-categorie-pic-nieuw.jpg","contentUrl":"https:\/\/dutchmicrodosing.com\/wp-content\/uploads\/2021\/01\/microdosing-categorie-pic-nieuw.jpg","width":500,"height":500,"caption":"Dutchmicrodosing"},"image":{"@id":"https:\/\/dutchmicrodosing.com\/it\/#\/schema\/logo\/image\/"},"sameAs":["https:\/\/www.facebook.com\/Dutchmicrodosingxp\/","https:\/\/www.instagram.com\/dutchmicrodosing\/"]}]},"og_availability":"instock","product_availability":"instock","product_condition":"new"},"_links":{"self":[{"href":"https:\/\/dutchmicrodosing.com\/it\/wp-json\/wp\/v2\/product\/49007","targetHints":{"allow":["GET"]}}],"collection":[{"href":"https:\/\/dutchmicrodosing.com\/it\/wp-json\/wp\/v2\/product"}],"about":[{"href":"https:\/\/dutchmicrodosing.com\/it\/wp-json\/wp\/v2\/types\/product"}],"replies":[{"embeddable":true,"href":"https:\/\/dutchmicrodosing.com\/it\/wp-json\/wp\/v2\/comments?post=49007"}],"version-history":[{"count":0,"href":"https:\/\/dutchmicrodosing.com\/it\/wp-json\/wp\/v2\/product\/49007\/revisions"}],"wp:featuredmedia":[{"embeddable":true,"href":"https:\/\/dutchmicrodosing.com\/it\/wp-json\/wp\/v2\/media\/49001"}],"wp:attachment":[{"href":"https:\/\/dutchmicrodosing.com\/it\/wp-json\/wp\/v2\/media?parent=49007"}],"wp:term":[{"taxonomy":"product_brand","embeddable":true,"href":"https:\/\/dutchmicrodosing.com\/it\/wp-json\/wp\/v2\/product_brand?post=49007"},{"taxonomy":"product_cat","embeddable":true,"href":"https:\/\/dutchmicrodosing.com\/it\/wp-json\/wp\/v2\/product_cat?post=49007"},{"taxonomy":"product_tag","embeddable":true,"href":"https:\/\/dutchmicrodosing.com\/it\/wp-json\/wp\/v2\/product_tag?post=49007"}],"curies":[{"name":"wp","href":"https:\/\/api.w.org\/{rel}","templated":true}]}}