{"id":49046,"date":"2025-06-23T09:23:43","date_gmt":"2025-06-23T07:23:43","guid":{"rendered":"https:\/\/dutchmicrodosing.com\/shop\/senza-categoria\/bali-red\/"},"modified":"2025-07-31T12:52:24","modified_gmt":"2025-07-31T10:52:24","slug":"bali-red","status":"publish","type":"product","link":"https:\/\/dutchmicrodosing.com\/it\/erbe-botaniche\/kratom\/bali-red\/","title":{"rendered":"Rosso Bali"},"content":{"rendered":"<p>Il <strong>Bali <\/strong><strong>Red <\/strong>Kratom \u00e8 una variet\u00e0 di kratom popolare tra gli intenditori, originaria dell&#8217;isola tropicale di Bali. Nota per i suoi potenti effetti attivanti, questa variet\u00e0 rossa \u00e8 spesso apprezzata per la sensazione di energia ed euforia che pu\u00f2 dare.<\/p>\n<h3>Caratteristiche<\/h3>\n<ul>\n<li>Ceppo di kratom rosso di alta qualit\u00e0<\/li>\n<li>Spesso viene scelto per dare una spinta energizzante<\/li>\n<li>Amato per il suo carattere stimolante e allegro<\/li>\n<li>Equilibrio tra forza e rilassamento<\/li>\n<\/ul>\n<h3>Ingredienti e\/o composizione<\/h3>\n<p>100% foglie macinate dell&#8217;albero Mitragyna Speciosa (Vena Rossa)<\/p>\n<h3>Usa<\/h3>\n<p>Il Red Bali Kratom \u00e8 facile da usare. Per esempio, mescolare la polvere con t\u00e8 caldo, caff\u00e8 o incorporarla in un frullato. Un po&#8217; di miele rende il sapore pi\u00f9 gradevole. Il dosaggio abituale \u00e8 compreso tra 1 e 4 grammi. Gli effetti sono generalmente percepibili entro 30-60 minuti e durano per diverse ore. Iniziate sempre con una dose bassa per scoprire ci\u00f2 che pi\u00f9 vi si addice.<\/p>\n<h3>Contenuto<\/h3>\n<p>Disponibile in confezioni da 25, 100 o 1.000 grammi.<\/p>\n<h3>Disclaimer<\/h3>\n<p><em>Il contenuto di questo testo ha uno scopo puramente informativo e non sostituisce una consulenza professionale. Questo prodotto non \u00e8 un farmaco e non \u00e8 destinato a diagnosticare, trattare o curare alcuna condizione medica. Per qualsiasi domanda specifica sull&#8217;uso di questo prodotto, consulta uno specialista. Alcuni studi scientifici sugli effetti di questo prodotto sono in corso e non tutte le affermazioni sono state definitivamente confermate.<\/em><\/p>\n","protected":false},"excerpt":{"rendered":"<p>Il Bali Red Kratom \u00e8 una variet\u00e0 di kratom popolare tra gli intenditori, originaria dell&#8217;isola tropicale di Bali. Nota per i suoi potenti effetti attivanti, questa variet\u00e0 rossa \u00e8 spesso apprezzata per la sensazione di energia ed euforia che pu\u00f2 dare. Caratteristiche Ceppo di kratom rosso di alta qualit\u00e0 Spesso viene scelto per dare una [&hellip;]<\/p>\n","protected":false},"featured_media":49042,"comment_status":"closed","ping_status":"closed","template":"","meta":[],"product_brand":[],"product_cat":[416],"product_tag":[],"class_list":{"0":"post-49046","1":"product","2":"type-product","3":"status-publish","4":"has-post-thumbnail","6":"product_cat-kratom","8":"first","9":"instock","10":"taxable","11":"shipping-taxable","12":"purchasable","13":"product-type-variable"},"yoast_head":"<!-- This site is optimized with the Yoast SEO Premium plugin v26.4 (Yoast SEO v27.4) - https:\/\/yoast.com\/product\/yoast-seo-premium-wordpress\/ -->\n<title>Rosso Bali - Dutchmicrodosing<\/title>\n<meta name=\"description\" content=\"Red Bali Kratom, potente variet\u00e0 di kratom rosso di alta qualit\u00e0 con effetti stimolanti ed euforici. Disponibile in 25, 100 o 1000 grammi.\" \/>\n<meta name=\"robots\" content=\"index, follow, max-snippet:-1, max-image-preview:large, max-video-preview:-1\" \/>\n<link rel=\"canonical\" href=\"https:\/\/dutchmicrodosing.com\/it\/erbe-botaniche\/kratom\/bali-red\/\" \/>\n<meta property=\"og:locale\" content=\"it_IT\" \/>\n<meta property=\"og:type\" content=\"article\" \/>\n<meta property=\"og:title\" content=\"Rosso Bali\" \/>\n<meta property=\"og:description\" content=\"Il Bali Red Kratom \u00e8 una variet\u00e0 di kratom popolare tra gli intenditori, originaria dell&#039;isola tropicale di Bali. Nota per i suoi potenti effetti\" \/>\n<meta property=\"og:url\" content=\"https:\/\/dutchmicrodosing.com\/it\/erbe-botaniche\/kratom\/bali-red\/\" \/>\n<meta property=\"og:site_name\" content=\"Dutchmicrodosing\" \/>\n<meta property=\"article:publisher\" content=\"https:\/\/www.facebook.com\/Dutchmicrodosingxp\/\" \/>\n<meta property=\"article:modified_time\" content=\"2025-07-31T10:52:24+00:00\" \/>\n<meta property=\"og:image\" content=\"https:\/\/dutchmicrodosing.com\/wp-content\/uploads\/2025\/06\/3290-3599-1.jpg\" \/>\n\t<meta property=\"og:image:width\" content=\"300\" \/>\n\t<meta property=\"og:image:height\" content=\"300\" \/>\n\t<meta property=\"og:image:type\" content=\"image\/jpeg\" \/>\n<meta name=\"twitter:card\" content=\"summary_large_image\" \/>\n<script type=\"application\/ld+json\" class=\"yoast-schema-graph\">{\"@context\":\"https:\\\/\\\/schema.org\",\"@graph\":[{\"@type\":\"WebPage\",\"@id\":\"https:\\\/\\\/dutchmicrodosing.com\\\/it\\\/erbe-botaniche\\\/kratom\\\/bali-red\\\/\",\"url\":\"https:\\\/\\\/dutchmicrodosing.com\\\/it\\\/erbe-botaniche\\\/kratom\\\/bali-red\\\/\",\"name\":\"Rosso Bali - Dutchmicrodosing\",\"isPartOf\":{\"@id\":\"https:\\\/\\\/dutchmicrodosing.com\\\/it\\\/#website\"},\"primaryImageOfPage\":{\"@id\":\"https:\\\/\\\/dutchmicrodosing.com\\\/it\\\/erbe-botaniche\\\/kratom\\\/bali-red\\\/#primaryimage\"},\"image\":{\"@id\":\"https:\\\/\\\/dutchmicrodosing.com\\\/it\\\/erbe-botaniche\\\/kratom\\\/bali-red\\\/#primaryimage\"},\"thumbnailUrl\":\"https:\\\/\\\/dutchmicrodosing.com\\\/wp-content\\\/uploads\\\/2025\\\/06\\\/3290-3599-1.jpg\",\"datePublished\":\"2025-06-23T07:23:43+00:00\",\"dateModified\":\"2025-07-31T10:52:24+00:00\",\"description\":\"Red Bali Kratom, potente variet\u00e0 di kratom rosso di alta qualit\u00e0 con effetti stimolanti ed euforici. Disponibile in 25, 100 o 1000 grammi.\",\"breadcrumb\":{\"@id\":\"https:\\\/\\\/dutchmicrodosing.com\\\/it\\\/erbe-botaniche\\\/kratom\\\/bali-red\\\/#breadcrumb\"},\"inLanguage\":\"it-IT\",\"potentialAction\":[{\"@type\":\"ReadAction\",\"target\":[\"https:\\\/\\\/dutchmicrodosing.com\\\/it\\\/erbe-botaniche\\\/kratom\\\/bali-red\\\/\"]}]},{\"@type\":\"ImageObject\",\"inLanguage\":\"it-IT\",\"@id\":\"https:\\\/\\\/dutchmicrodosing.com\\\/it\\\/erbe-botaniche\\\/kratom\\\/bali-red\\\/#primaryimage\",\"url\":\"https:\\\/\\\/dutchmicrodosing.com\\\/wp-content\\\/uploads\\\/2025\\\/06\\\/3290-3599-1.jpg\",\"contentUrl\":\"https:\\\/\\\/dutchmicrodosing.com\\\/wp-content\\\/uploads\\\/2025\\\/06\\\/3290-3599-1.jpg\",\"width\":300,\"height\":300},{\"@type\":\"BreadcrumbList\",\"@id\":\"https:\\\/\\\/dutchmicrodosing.com\\\/it\\\/erbe-botaniche\\\/kratom\\\/bali-red\\\/#breadcrumb\",\"itemListElement\":[{\"@type\":\"ListItem\",\"position\":1,\"name\":\"Home\",\"item\":\"https:\\\/\\\/dutchmicrodosing.com\\\/it\\\/\"},{\"@type\":\"ListItem\",\"position\":2,\"name\":\"Negozio\",\"item\":\"https:\\\/\\\/dutchmicrodosing.com\\\/it\\\/negozio\\\/\"},{\"@type\":\"ListItem\",\"position\":3,\"name\":\"Rosso Bali\"}]},{\"@type\":\"WebSite\",\"@id\":\"https:\\\/\\\/dutchmicrodosing.com\\\/it\\\/#website\",\"url\":\"https:\\\/\\\/dutchmicrodosing.com\\\/it\\\/\",\"name\":\"Dutchmicrodosing\",\"description\":\"\",\"publisher\":{\"@id\":\"https:\\\/\\\/dutchmicrodosing.com\\\/it\\\/#organization\"},\"potentialAction\":[{\"@type\":\"SearchAction\",\"target\":{\"@type\":\"EntryPoint\",\"urlTemplate\":\"https:\\\/\\\/dutchmicrodosing.com\\\/it\\\/?s={search_term_string}\"},\"query-input\":{\"@type\":\"PropertyValueSpecification\",\"valueRequired\":true,\"valueName\":\"search_term_string\"}}],\"inLanguage\":\"it-IT\"},{\"@type\":\"Organization\",\"@id\":\"https:\\\/\\\/dutchmicrodosing.com\\\/it\\\/#organization\",\"name\":\"Dutchmicrodosing\",\"url\":\"https:\\\/\\\/dutchmicrodosing.com\\\/it\\\/\",\"logo\":{\"@type\":\"ImageObject\",\"inLanguage\":\"it-IT\",\"@id\":\"https:\\\/\\\/dutchmicrodosing.com\\\/it\\\/#\\\/schema\\\/logo\\\/image\\\/\",\"url\":\"https:\\\/\\\/dutchmicrodosing.com\\\/wp-content\\\/uploads\\\/2021\\\/01\\\/microdosing-categorie-pic-nieuw.jpg\",\"contentUrl\":\"https:\\\/\\\/dutchmicrodosing.com\\\/wp-content\\\/uploads\\\/2021\\\/01\\\/microdosing-categorie-pic-nieuw.jpg\",\"width\":500,\"height\":500,\"caption\":\"Dutchmicrodosing\"},\"image\":{\"@id\":\"https:\\\/\\\/dutchmicrodosing.com\\\/it\\\/#\\\/schema\\\/logo\\\/image\\\/\"},\"sameAs\":[\"https:\\\/\\\/www.facebook.com\\\/Dutchmicrodosingxp\\\/\",\"https:\\\/\\\/www.instagram.com\\\/dutchmicrodosing\\\/\"]}]}<\/script>\n<meta property=\"og:availability\" content=\"instock\" \/>\n<meta property=\"product:availability\" content=\"instock\" \/>\n<meta property=\"product:condition\" content=\"new\" \/>\n<!-- \/ Yoast SEO Premium plugin. -->","yoast_head_json":{"title":"Rosso Bali - Dutchmicrodosing","description":"Red Bali Kratom, potente variet\u00e0 di kratom rosso di alta qualit\u00e0 con effetti stimolanti ed euforici. Disponibile in 25, 100 o 1000 grammi.","robots":{"index":"index","follow":"follow","max-snippet":"max-snippet:-1","max-image-preview":"max-image-preview:large","max-video-preview":"max-video-preview:-1"},"canonical":"https:\/\/dutchmicrodosing.com\/it\/erbe-botaniche\/kratom\/bali-red\/","og_locale":"it_IT","og_type":"article","og_title":"Rosso Bali","og_description":"Il Bali Red Kratom \u00e8 una variet\u00e0 di kratom popolare tra gli intenditori, originaria dell'isola tropicale di Bali. Nota per i suoi potenti effetti","og_url":"https:\/\/dutchmicrodosing.com\/it\/erbe-botaniche\/kratom\/bali-red\/","og_site_name":"Dutchmicrodosing","article_publisher":"https:\/\/www.facebook.com\/Dutchmicrodosingxp\/","article_modified_time":"2025-07-31T10:52:24+00:00","og_image":[{"width":300,"height":300,"url":"https:\/\/dutchmicrodosing.com\/wp-content\/uploads\/2025\/06\/3290-3599-1.jpg","type":"image\/jpeg"}],"twitter_card":"summary_large_image","schema":{"@context":"https:\/\/schema.org","@graph":[{"@type":"WebPage","@id":"https:\/\/dutchmicrodosing.com\/it\/erbe-botaniche\/kratom\/bali-red\/","url":"https:\/\/dutchmicrodosing.com\/it\/erbe-botaniche\/kratom\/bali-red\/","name":"Rosso Bali - Dutchmicrodosing","isPartOf":{"@id":"https:\/\/dutchmicrodosing.com\/it\/#website"},"primaryImageOfPage":{"@id":"https:\/\/dutchmicrodosing.com\/it\/erbe-botaniche\/kratom\/bali-red\/#primaryimage"},"image":{"@id":"https:\/\/dutchmicrodosing.com\/it\/erbe-botaniche\/kratom\/bali-red\/#primaryimage"},"thumbnailUrl":"https:\/\/dutchmicrodosing.com\/wp-content\/uploads\/2025\/06\/3290-3599-1.jpg","datePublished":"2025-06-23T07:23:43+00:00","dateModified":"2025-07-31T10:52:24+00:00","description":"Red Bali Kratom, potente variet\u00e0 di kratom rosso di alta qualit\u00e0 con effetti stimolanti ed euforici. Disponibile in 25, 100 o 1000 grammi.","breadcrumb":{"@id":"https:\/\/dutchmicrodosing.com\/it\/erbe-botaniche\/kratom\/bali-red\/#breadcrumb"},"inLanguage":"it-IT","potentialAction":[{"@type":"ReadAction","target":["https:\/\/dutchmicrodosing.com\/it\/erbe-botaniche\/kratom\/bali-red\/"]}]},{"@type":"ImageObject","inLanguage":"it-IT","@id":"https:\/\/dutchmicrodosing.com\/it\/erbe-botaniche\/kratom\/bali-red\/#primaryimage","url":"https:\/\/dutchmicrodosing.com\/wp-content\/uploads\/2025\/06\/3290-3599-1.jpg","contentUrl":"https:\/\/dutchmicrodosing.com\/wp-content\/uploads\/2025\/06\/3290-3599-1.jpg","width":300,"height":300},{"@type":"BreadcrumbList","@id":"https:\/\/dutchmicrodosing.com\/it\/erbe-botaniche\/kratom\/bali-red\/#breadcrumb","itemListElement":[{"@type":"ListItem","position":1,"name":"Home","item":"https:\/\/dutchmicrodosing.com\/it\/"},{"@type":"ListItem","position":2,"name":"Negozio","item":"https:\/\/dutchmicrodosing.com\/it\/negozio\/"},{"@type":"ListItem","position":3,"name":"Rosso Bali"}]},{"@type":"WebSite","@id":"https:\/\/dutchmicrodosing.com\/it\/#website","url":"https:\/\/dutchmicrodosing.com\/it\/","name":"Dutchmicrodosing","description":"","publisher":{"@id":"https:\/\/dutchmicrodosing.com\/it\/#organization"},"potentialAction":[{"@type":"SearchAction","target":{"@type":"EntryPoint","urlTemplate":"https:\/\/dutchmicrodosing.com\/it\/?s={search_term_string}"},"query-input":{"@type":"PropertyValueSpecification","valueRequired":true,"valueName":"search_term_string"}}],"inLanguage":"it-IT"},{"@type":"Organization","@id":"https:\/\/dutchmicrodosing.com\/it\/#organization","name":"Dutchmicrodosing","url":"https:\/\/dutchmicrodosing.com\/it\/","logo":{"@type":"ImageObject","inLanguage":"it-IT","@id":"https:\/\/dutchmicrodosing.com\/it\/#\/schema\/logo\/image\/","url":"https:\/\/dutchmicrodosing.com\/wp-content\/uploads\/2021\/01\/microdosing-categorie-pic-nieuw.jpg","contentUrl":"https:\/\/dutchmicrodosing.com\/wp-content\/uploads\/2021\/01\/microdosing-categorie-pic-nieuw.jpg","width":500,"height":500,"caption":"Dutchmicrodosing"},"image":{"@id":"https:\/\/dutchmicrodosing.com\/it\/#\/schema\/logo\/image\/"},"sameAs":["https:\/\/www.facebook.com\/Dutchmicrodosingxp\/","https:\/\/www.instagram.com\/dutchmicrodosing\/"]}]},"og_availability":"instock","product_availability":"instock","product_condition":"new"},"_links":{"self":[{"href":"https:\/\/dutchmicrodosing.com\/it\/wp-json\/wp\/v2\/product\/49046","targetHints":{"allow":["GET"]}}],"collection":[{"href":"https:\/\/dutchmicrodosing.com\/it\/wp-json\/wp\/v2\/product"}],"about":[{"href":"https:\/\/dutchmicrodosing.com\/it\/wp-json\/wp\/v2\/types\/product"}],"replies":[{"embeddable":true,"href":"https:\/\/dutchmicrodosing.com\/it\/wp-json\/wp\/v2\/comments?post=49046"}],"version-history":[{"count":0,"href":"https:\/\/dutchmicrodosing.com\/it\/wp-json\/wp\/v2\/product\/49046\/revisions"}],"wp:featuredmedia":[{"embeddable":true,"href":"https:\/\/dutchmicrodosing.com\/it\/wp-json\/wp\/v2\/media\/49042"}],"wp:attachment":[{"href":"https:\/\/dutchmicrodosing.com\/it\/wp-json\/wp\/v2\/media?parent=49046"}],"wp:term":[{"taxonomy":"product_brand","embeddable":true,"href":"https:\/\/dutchmicrodosing.com\/it\/wp-json\/wp\/v2\/product_brand?post=49046"},{"taxonomy":"product_cat","embeddable":true,"href":"https:\/\/dutchmicrodosing.com\/it\/wp-json\/wp\/v2\/product_cat?post=49046"},{"taxonomy":"product_tag","embeddable":true,"href":"https:\/\/dutchmicrodosing.com\/it\/wp-json\/wp\/v2\/product_tag?post=49046"}],"curies":[{"name":"wp","href":"https:\/\/api.w.org\/{rel}","templated":true}]}}