{"id":49131,"date":"2025-06-23T14:57:37","date_gmt":"2025-06-23T12:57:37","guid":{"rendered":"https:\/\/dutchmicrodosing.com\/?post_type=product&#038;p=49131"},"modified":"2025-11-11T17:03:29","modified_gmt":"2025-11-11T16:03:29","slug":"borneo-red","status":"publish","type":"product","link":"https:\/\/dutchmicrodosing.com\/it\/erbe-botaniche\/kratom\/borneo-red\/","title":{"rendered":"Rosso Borneo"},"content":{"rendered":"<p>Il Kratom<strong>rosso <\/strong><strong>del Borneo <\/strong> \u00e8 una scelta popolare per chi cerca energia naturale e concentrazione. Questa variet\u00e0 rossa \u00e8 nota come la pi\u00f9 stimolante tra le specie di cratomi del Borneo. Ideale per le giornate impegnative in cui si desidera rimanere luminosi e attivi.<\/p>\n<h3>Caratteristiche<\/h3>\n<ul>\n<li>Variet\u00e0 di kratom rosso con effetti potenti e stimolanti<\/li>\n<li>Spesso utilizzato per favorire la concentrazione<\/li>\n<li>Amato per la sua atmosfera energica e luminosa<\/li>\n<li>Versatile nell&#8217;uso e facile da abbinare a bevande calde o frullati<\/li>\n<\/ul>\n<h3>Ingredienti e\/o composizione<\/h3>\n<p>100% foglie macinate dell&#8217;albero Mitragyna Speciosa (Vena Rossa)<\/p>\n<h3>Usa<\/h3>\n<p>Il Kratom del Borneo Rosso pu\u00f2 essere mescolato a bevande calde come t\u00e8 o caff\u00e8, o incorporato in un frullato. Un po&#8217; di miele pu\u00f2 attenuare il sapore. Il dosaggio consigliato \u00e8 compreso tra 1 e 4 grammi. I primi effetti si notano solitamente entro 30-60 minuti e durano per alcune ore. Iniziate preferibilmente con una dose bassa per scoprire cosa vi fa sentire a vostro agio.<\/p>\n<h3>Contenuto<\/h3>\n<p>Disponibile in confezioni da 25, 100 o 1.000 grammi.<\/p>\n<h3>Disclaimer<\/h3>\n<p><em>Il contenuto di questo testo ha uno scopo puramente informativo e non sostituisce una consulenza professionale. Questo prodotto non \u00e8 un farmaco e non \u00e8 destinato a diagnosticare, trattare o curare alcuna condizione medica. Per qualsiasi domanda specifica sull&#8217;uso di questo prodotto, consulta uno specialista. Alcuni studi scientifici sugli effetti di questo prodotto sono in corso e non tutte le affermazioni sono state definitivamente confermate.<\/em><\/p>\n","protected":false},"excerpt":{"rendered":"<p>Il Kratomrosso del Borneo \u00e8 una scelta popolare per chi cerca energia naturale e concentrazione. Questa variet\u00e0 rossa \u00e8 nota come la pi\u00f9 stimolante tra le specie di cratomi del Borneo. Ideale per le giornate impegnative in cui si desidera rimanere luminosi e attivi. Caratteristiche Variet\u00e0 di kratom rosso con effetti potenti e stimolanti Spesso [&hellip;]<\/p>\n","protected":false},"featured_media":49118,"comment_status":"closed","ping_status":"closed","template":"","meta":[],"product_brand":[],"product_cat":[416],"product_tag":[],"class_list":{"0":"post-49131","1":"product","2":"type-product","3":"status-publish","4":"has-post-thumbnail","6":"product_cat-kratom","8":"first","9":"instock","10":"taxable","11":"shipping-taxable","12":"purchasable","13":"product-type-variable"},"yoast_head":"<!-- This site is optimized with the Yoast SEO Premium plugin v26.4 (Yoast SEO v27.2) - https:\/\/yoast.com\/product\/yoast-seo-premium-wordpress\/ -->\n<title>Rosso Borneo - Dutchmicrodosing<\/title>\n<meta name=\"description\" content=\"Red Borneo Kratom - potente variet\u00e0 di kratom rosso con effetto stimolante. Per chi cerca energia naturale e concentrazione mentale.\" \/>\n<meta name=\"robots\" content=\"index, follow, max-snippet:-1, max-image-preview:large, max-video-preview:-1\" \/>\n<link rel=\"canonical\" href=\"https:\/\/dutchmicrodosing.com\/it\/erbe-botaniche\/kratom\/borneo-red\/\" \/>\n<meta property=\"og:locale\" content=\"it_IT\" \/>\n<meta property=\"og:type\" content=\"article\" \/>\n<meta property=\"og:title\" content=\"Rosso Borneo\" \/>\n<meta property=\"og:description\" content=\"Il Kratomrosso del Borneo \u00e8 una scelta popolare per chi cerca energia naturale e concentrazione. Questa variet\u00e0 rossa \u00e8 nota come la pi\u00f9 stimolante tra le\" \/>\n<meta property=\"og:url\" content=\"https:\/\/dutchmicrodosing.com\/it\/erbe-botaniche\/kratom\/borneo-red\/\" \/>\n<meta property=\"og:site_name\" content=\"Dutchmicrodosing\" \/>\n<meta property=\"article:publisher\" content=\"https:\/\/www.facebook.com\/Dutchmicrodosingxp\/\" \/>\n<meta property=\"article:modified_time\" content=\"2025-11-11T16:03:29+00:00\" \/>\n<meta property=\"og:image\" content=\"https:\/\/dutchmicrodosing.com\/wp-content\/uploads\/2025\/06\/3278-3603.jpg\" \/>\n\t<meta property=\"og:image:width\" content=\"300\" \/>\n\t<meta property=\"og:image:height\" content=\"300\" \/>\n\t<meta property=\"og:image:type\" content=\"image\/jpeg\" \/>\n<meta name=\"twitter:card\" content=\"summary_large_image\" \/>\n<script type=\"application\/ld+json\" class=\"yoast-schema-graph\">{\"@context\":\"https:\/\/schema.org\",\"@graph\":[{\"@type\":\"WebPage\",\"@id\":\"https:\/\/dutchmicrodosing.com\/it\/erbe-botaniche\/kratom\/borneo-red\/\",\"url\":\"https:\/\/dutchmicrodosing.com\/it\/erbe-botaniche\/kratom\/borneo-red\/\",\"name\":\"Rosso Borneo - Dutchmicrodosing\",\"isPartOf\":{\"@id\":\"https:\/\/dutchmicrodosing.com\/it\/#website\"},\"primaryImageOfPage\":{\"@id\":\"https:\/\/dutchmicrodosing.com\/it\/erbe-botaniche\/kratom\/borneo-red\/#primaryimage\"},\"image\":{\"@id\":\"https:\/\/dutchmicrodosing.com\/it\/erbe-botaniche\/kratom\/borneo-red\/#primaryimage\"},\"thumbnailUrl\":\"https:\/\/dutchmicrodosing.com\/wp-content\/uploads\/2025\/06\/3278-3603.jpg\",\"datePublished\":\"2025-06-23T12:57:37+00:00\",\"dateModified\":\"2025-11-11T16:03:29+00:00\",\"description\":\"Red Borneo Kratom - potente variet\u00e0 di kratom rosso con effetto stimolante. Per chi cerca energia naturale e concentrazione mentale.\",\"breadcrumb\":{\"@id\":\"https:\/\/dutchmicrodosing.com\/it\/erbe-botaniche\/kratom\/borneo-red\/#breadcrumb\"},\"inLanguage\":\"it-IT\",\"potentialAction\":[{\"@type\":\"ReadAction\",\"target\":[\"https:\/\/dutchmicrodosing.com\/it\/erbe-botaniche\/kratom\/borneo-red\/\"]}]},{\"@type\":\"ImageObject\",\"inLanguage\":\"it-IT\",\"@id\":\"https:\/\/dutchmicrodosing.com\/it\/erbe-botaniche\/kratom\/borneo-red\/#primaryimage\",\"url\":\"https:\/\/dutchmicrodosing.com\/wp-content\/uploads\/2025\/06\/3278-3603.jpg\",\"contentUrl\":\"https:\/\/dutchmicrodosing.com\/wp-content\/uploads\/2025\/06\/3278-3603.jpg\",\"width\":300,\"height\":300},{\"@type\":\"BreadcrumbList\",\"@id\":\"https:\/\/dutchmicrodosing.com\/it\/erbe-botaniche\/kratom\/borneo-red\/#breadcrumb\",\"itemListElement\":[{\"@type\":\"ListItem\",\"position\":1,\"name\":\"Home\",\"item\":\"https:\/\/dutchmicrodosing.com\/it\/\"},{\"@type\":\"ListItem\",\"position\":2,\"name\":\"Negozio\",\"item\":\"https:\/\/dutchmicrodosing.com\/it\/negozio\/\"},{\"@type\":\"ListItem\",\"position\":3,\"name\":\"Rosso Borneo\"}]},{\"@type\":\"WebSite\",\"@id\":\"https:\/\/dutchmicrodosing.com\/it\/#website\",\"url\":\"https:\/\/dutchmicrodosing.com\/it\/\",\"name\":\"Dutchmicrodosing\",\"description\":\"\",\"publisher\":{\"@id\":\"https:\/\/dutchmicrodosing.com\/it\/#organization\"},\"potentialAction\":[{\"@type\":\"SearchAction\",\"target\":{\"@type\":\"EntryPoint\",\"urlTemplate\":\"https:\/\/dutchmicrodosing.com\/it\/?s={search_term_string}\"},\"query-input\":{\"@type\":\"PropertyValueSpecification\",\"valueRequired\":true,\"valueName\":\"search_term_string\"}}],\"inLanguage\":\"it-IT\"},{\"@type\":\"Organization\",\"@id\":\"https:\/\/dutchmicrodosing.com\/it\/#organization\",\"name\":\"Dutchmicrodosing\",\"url\":\"https:\/\/dutchmicrodosing.com\/it\/\",\"logo\":{\"@type\":\"ImageObject\",\"inLanguage\":\"it-IT\",\"@id\":\"https:\/\/dutchmicrodosing.com\/it\/#\/schema\/logo\/image\/\",\"url\":\"https:\/\/dutchmicrodosing.com\/wp-content\/uploads\/2021\/01\/microdosing-categorie-pic-nieuw.jpg\",\"contentUrl\":\"https:\/\/dutchmicrodosing.com\/wp-content\/uploads\/2021\/01\/microdosing-categorie-pic-nieuw.jpg\",\"width\":500,\"height\":500,\"caption\":\"Dutchmicrodosing\"},\"image\":{\"@id\":\"https:\/\/dutchmicrodosing.com\/it\/#\/schema\/logo\/image\/\"},\"sameAs\":[\"https:\/\/www.facebook.com\/Dutchmicrodosingxp\/\",\"https:\/\/www.instagram.com\/dutchmicrodosing\/\"]}]}<\/script>\n<meta property=\"og:availability\" content=\"instock\" \/>\n<meta property=\"product:availability\" content=\"instock\" \/>\n<meta property=\"product:condition\" content=\"new\" \/>\n<!-- \/ Yoast SEO Premium plugin. -->","yoast_head_json":{"title":"Rosso Borneo - Dutchmicrodosing","description":"Red Borneo Kratom - potente variet\u00e0 di kratom rosso con effetto stimolante. Per chi cerca energia naturale e concentrazione mentale.","robots":{"index":"index","follow":"follow","max-snippet":"max-snippet:-1","max-image-preview":"max-image-preview:large","max-video-preview":"max-video-preview:-1"},"canonical":"https:\/\/dutchmicrodosing.com\/it\/erbe-botaniche\/kratom\/borneo-red\/","og_locale":"it_IT","og_type":"article","og_title":"Rosso Borneo","og_description":"Il Kratomrosso del Borneo \u00e8 una scelta popolare per chi cerca energia naturale e concentrazione. Questa variet\u00e0 rossa \u00e8 nota come la pi\u00f9 stimolante tra le","og_url":"https:\/\/dutchmicrodosing.com\/it\/erbe-botaniche\/kratom\/borneo-red\/","og_site_name":"Dutchmicrodosing","article_publisher":"https:\/\/www.facebook.com\/Dutchmicrodosingxp\/","article_modified_time":"2025-11-11T16:03:29+00:00","og_image":[{"width":300,"height":300,"url":"https:\/\/dutchmicrodosing.com\/wp-content\/uploads\/2025\/06\/3278-3603.jpg","type":"image\/jpeg"}],"twitter_card":"summary_large_image","schema":{"@context":"https:\/\/schema.org","@graph":[{"@type":"WebPage","@id":"https:\/\/dutchmicrodosing.com\/it\/erbe-botaniche\/kratom\/borneo-red\/","url":"https:\/\/dutchmicrodosing.com\/it\/erbe-botaniche\/kratom\/borneo-red\/","name":"Rosso Borneo - Dutchmicrodosing","isPartOf":{"@id":"https:\/\/dutchmicrodosing.com\/it\/#website"},"primaryImageOfPage":{"@id":"https:\/\/dutchmicrodosing.com\/it\/erbe-botaniche\/kratom\/borneo-red\/#primaryimage"},"image":{"@id":"https:\/\/dutchmicrodosing.com\/it\/erbe-botaniche\/kratom\/borneo-red\/#primaryimage"},"thumbnailUrl":"https:\/\/dutchmicrodosing.com\/wp-content\/uploads\/2025\/06\/3278-3603.jpg","datePublished":"2025-06-23T12:57:37+00:00","dateModified":"2025-11-11T16:03:29+00:00","description":"Red Borneo Kratom - potente variet\u00e0 di kratom rosso con effetto stimolante. Per chi cerca energia naturale e concentrazione mentale.","breadcrumb":{"@id":"https:\/\/dutchmicrodosing.com\/it\/erbe-botaniche\/kratom\/borneo-red\/#breadcrumb"},"inLanguage":"it-IT","potentialAction":[{"@type":"ReadAction","target":["https:\/\/dutchmicrodosing.com\/it\/erbe-botaniche\/kratom\/borneo-red\/"]}]},{"@type":"ImageObject","inLanguage":"it-IT","@id":"https:\/\/dutchmicrodosing.com\/it\/erbe-botaniche\/kratom\/borneo-red\/#primaryimage","url":"https:\/\/dutchmicrodosing.com\/wp-content\/uploads\/2025\/06\/3278-3603.jpg","contentUrl":"https:\/\/dutchmicrodosing.com\/wp-content\/uploads\/2025\/06\/3278-3603.jpg","width":300,"height":300},{"@type":"BreadcrumbList","@id":"https:\/\/dutchmicrodosing.com\/it\/erbe-botaniche\/kratom\/borneo-red\/#breadcrumb","itemListElement":[{"@type":"ListItem","position":1,"name":"Home","item":"https:\/\/dutchmicrodosing.com\/it\/"},{"@type":"ListItem","position":2,"name":"Negozio","item":"https:\/\/dutchmicrodosing.com\/it\/negozio\/"},{"@type":"ListItem","position":3,"name":"Rosso Borneo"}]},{"@type":"WebSite","@id":"https:\/\/dutchmicrodosing.com\/it\/#website","url":"https:\/\/dutchmicrodosing.com\/it\/","name":"Dutchmicrodosing","description":"","publisher":{"@id":"https:\/\/dutchmicrodosing.com\/it\/#organization"},"potentialAction":[{"@type":"SearchAction","target":{"@type":"EntryPoint","urlTemplate":"https:\/\/dutchmicrodosing.com\/it\/?s={search_term_string}"},"query-input":{"@type":"PropertyValueSpecification","valueRequired":true,"valueName":"search_term_string"}}],"inLanguage":"it-IT"},{"@type":"Organization","@id":"https:\/\/dutchmicrodosing.com\/it\/#organization","name":"Dutchmicrodosing","url":"https:\/\/dutchmicrodosing.com\/it\/","logo":{"@type":"ImageObject","inLanguage":"it-IT","@id":"https:\/\/dutchmicrodosing.com\/it\/#\/schema\/logo\/image\/","url":"https:\/\/dutchmicrodosing.com\/wp-content\/uploads\/2021\/01\/microdosing-categorie-pic-nieuw.jpg","contentUrl":"https:\/\/dutchmicrodosing.com\/wp-content\/uploads\/2021\/01\/microdosing-categorie-pic-nieuw.jpg","width":500,"height":500,"caption":"Dutchmicrodosing"},"image":{"@id":"https:\/\/dutchmicrodosing.com\/it\/#\/schema\/logo\/image\/"},"sameAs":["https:\/\/www.facebook.com\/Dutchmicrodosingxp\/","https:\/\/www.instagram.com\/dutchmicrodosing\/"]}]},"og_availability":"instock","product_availability":"instock","product_condition":"new"},"_links":{"self":[{"href":"https:\/\/dutchmicrodosing.com\/it\/wp-json\/wp\/v2\/product\/49131","targetHints":{"allow":["GET"]}}],"collection":[{"href":"https:\/\/dutchmicrodosing.com\/it\/wp-json\/wp\/v2\/product"}],"about":[{"href":"https:\/\/dutchmicrodosing.com\/it\/wp-json\/wp\/v2\/types\/product"}],"replies":[{"embeddable":true,"href":"https:\/\/dutchmicrodosing.com\/it\/wp-json\/wp\/v2\/comments?post=49131"}],"version-history":[{"count":1,"href":"https:\/\/dutchmicrodosing.com\/it\/wp-json\/wp\/v2\/product\/49131\/revisions"}],"predecessor-version":[{"id":61679,"href":"https:\/\/dutchmicrodosing.com\/it\/wp-json\/wp\/v2\/product\/49131\/revisions\/61679"}],"wp:featuredmedia":[{"embeddable":true,"href":"https:\/\/dutchmicrodosing.com\/it\/wp-json\/wp\/v2\/media\/49118"}],"wp:attachment":[{"href":"https:\/\/dutchmicrodosing.com\/it\/wp-json\/wp\/v2\/media?parent=49131"}],"wp:term":[{"taxonomy":"product_brand","embeddable":true,"href":"https:\/\/dutchmicrodosing.com\/it\/wp-json\/wp\/v2\/product_brand?post=49131"},{"taxonomy":"product_cat","embeddable":true,"href":"https:\/\/dutchmicrodosing.com\/it\/wp-json\/wp\/v2\/product_cat?post=49131"},{"taxonomy":"product_tag","embeddable":true,"href":"https:\/\/dutchmicrodosing.com\/it\/wp-json\/wp\/v2\/product_tag?post=49131"}],"curies":[{"name":"wp","href":"https:\/\/api.w.org\/{rel}","templated":true}]}}