{"id":49132,"date":"2025-06-23T15:03:39","date_gmt":"2025-06-23T13:03:39","guid":{"rendered":"https:\/\/dutchmicrodosing.com\/shop\/senza-categoria\/borneo-white\/"},"modified":"2025-07-31T13:10:06","modified_gmt":"2025-07-31T11:10:06","slug":"borneo-white","status":"publish","type":"product","link":"https:\/\/dutchmicrodosing.com\/it\/erbe-botaniche\/kratom\/borneo-white\/","title":{"rendered":"Borneo Bianco"},"content":{"rendered":"<p>Il <strong>Borneo <\/strong><strong>White <\/strong>Kratom proviene dalla verde isola del Borneo, dove la Mitragyna Speciosa prospera nel clima tropicale e nella fitta giungla. Questa variante bianca \u00e8 nota per il suo carattere fresco e attivante, amato dagli utenti che cercano un leggero stimolo per il corpo e la mente.<\/p>\n<h3>Caratteristiche<\/h3>\n<ul>\n<li>Variet\u00e0 di kratom bianco con effetto rinfrescante ed edificante<\/li>\n<li>Spesso viene scelto per sentirsi energici e avere una mentalit\u00e0 chiara<\/li>\n<li>Facile da miscelare con bevande o frullati<\/li>\n<li>Conosciuto per il suo carattere morbido ed equilibrato<\/li>\n<\/ul>\n<h3>Ingredienti e\/o composizione<\/h3>\n<p>100% foglie macinate dell&#8217;albero Mitragyna Speciosa (Vena Bianca)<\/p>\n<h3>Usa<\/h3>\n<p>Il Kratom del Borneo bianco pu\u00f2 essere mescolato a bevande calde come t\u00e8 o caff\u00e8, o aggiunto a un frullato, per esempio. Per un sapore pi\u00f9 delicato, si pu\u00f2 aggiungere del miele. Il dosaggio consigliato \u00e8 compreso tra 1 e 4 grammi. Gli effetti si manifestano solitamente entro 30-60 minuti e durano alcune ore. Iniziate con una dose bassa per scoprire la vostra sensibilit\u00e0 personale.<\/p>\n<h3>Contenuto<\/h3>\n<p>Disponibile in confezioni da 25, 100 o 1.000 grammi.<\/p>\n<h3>Disclaimer<\/h3>\n<p><em>Il contenuto di questo testo ha uno scopo puramente informativo e non sostituisce una consulenza professionale. Questo prodotto non \u00e8 un farmaco e non \u00e8 destinato a diagnosticare, trattare o curare alcuna condizione medica. Per qualsiasi domanda specifica sull&#8217;uso di questo prodotto, consulta uno specialista. Alcuni studi scientifici sugli effetti di questo prodotto sono in corso e non tutte le affermazioni sono state definitivamente confermate.<\/em><\/p>\n","protected":false},"excerpt":{"rendered":"<p>Il Borneo White Kratom proviene dalla verde isola del Borneo, dove la Mitragyna Speciosa prospera nel clima tropicale e nella fitta giungla. Questa variante bianca \u00e8 nota per il suo carattere fresco e attivante, amato dagli utenti che cercano un leggero stimolo per il corpo e la mente. Caratteristiche Variet\u00e0 di kratom bianco con effetto [&hellip;]<\/p>\n","protected":false},"featured_media":49126,"comment_status":"closed","ping_status":"closed","template":"","meta":[],"product_brand":[],"product_cat":[416],"product_tag":[],"class_list":{"0":"post-49132","1":"product","2":"type-product","3":"status-publish","4":"has-post-thumbnail","6":"product_cat-kratom","8":"first","9":"instock","10":"taxable","11":"shipping-taxable","12":"purchasable","13":"product-type-variable"},"yoast_head":"<!-- This site is optimized with the Yoast SEO Premium plugin v26.4 (Yoast SEO v27.2) - https:\/\/yoast.com\/product\/yoast-seo-premium-wordpress\/ -->\n<title>Borneo Bianco - Dutchmicrodosing<\/title>\n<meta name=\"description\" content=\"White Borneo Kratom - una variet\u00e0 di kratom edificante proveniente dalle giungle del Borneo, con un chiaro e lieve effetto stimolante. Disponibile in 25, 100 o 1000 grammi.\" \/>\n<meta name=\"robots\" content=\"index, follow, max-snippet:-1, max-image-preview:large, max-video-preview:-1\" \/>\n<link rel=\"canonical\" href=\"https:\/\/dutchmicrodosing.com\/it\/erbe-botaniche\/kratom\/borneo-white\/\" \/>\n<meta property=\"og:locale\" content=\"it_IT\" \/>\n<meta property=\"og:type\" content=\"article\" \/>\n<meta property=\"og:title\" content=\"Borneo Bianco\" \/>\n<meta property=\"og:description\" content=\"Il Borneo White Kratom proviene dalla verde isola del Borneo, dove la Mitragyna Speciosa prospera nel clima tropicale e nella fitta giungla. Questa\" \/>\n<meta property=\"og:url\" content=\"https:\/\/dutchmicrodosing.com\/it\/erbe-botaniche\/kratom\/borneo-white\/\" \/>\n<meta property=\"og:site_name\" content=\"Dutchmicrodosing\" \/>\n<meta property=\"article:publisher\" content=\"https:\/\/www.facebook.com\/Dutchmicrodosingxp\/\" \/>\n<meta property=\"article:modified_time\" content=\"2025-07-31T11:10:06+00:00\" \/>\n<meta property=\"og:image\" content=\"https:\/\/dutchmicrodosing.com\/wp-content\/uploads\/2025\/06\/3281-3602.jpg\" \/>\n\t<meta property=\"og:image:width\" content=\"300\" \/>\n\t<meta property=\"og:image:height\" content=\"300\" \/>\n\t<meta property=\"og:image:type\" content=\"image\/jpeg\" \/>\n<meta name=\"twitter:card\" content=\"summary_large_image\" \/>\n<script type=\"application\/ld+json\" class=\"yoast-schema-graph\">{\"@context\":\"https:\/\/schema.org\",\"@graph\":[{\"@type\":\"WebPage\",\"@id\":\"https:\/\/dutchmicrodosing.com\/it\/erbe-botaniche\/kratom\/borneo-white\/\",\"url\":\"https:\/\/dutchmicrodosing.com\/it\/erbe-botaniche\/kratom\/borneo-white\/\",\"name\":\"Borneo Bianco - Dutchmicrodosing\",\"isPartOf\":{\"@id\":\"https:\/\/dutchmicrodosing.com\/it\/#website\"},\"primaryImageOfPage\":{\"@id\":\"https:\/\/dutchmicrodosing.com\/it\/erbe-botaniche\/kratom\/borneo-white\/#primaryimage\"},\"image\":{\"@id\":\"https:\/\/dutchmicrodosing.com\/it\/erbe-botaniche\/kratom\/borneo-white\/#primaryimage\"},\"thumbnailUrl\":\"https:\/\/dutchmicrodosing.com\/wp-content\/uploads\/2025\/06\/3281-3602.jpg\",\"datePublished\":\"2025-06-23T13:03:39+00:00\",\"dateModified\":\"2025-07-31T11:10:06+00:00\",\"description\":\"White Borneo Kratom - una variet\u00e0 di kratom edificante proveniente dalle giungle del Borneo, con un chiaro e lieve effetto stimolante. Disponibile in 25, 100 o 1000 grammi.\",\"breadcrumb\":{\"@id\":\"https:\/\/dutchmicrodosing.com\/it\/erbe-botaniche\/kratom\/borneo-white\/#breadcrumb\"},\"inLanguage\":\"it-IT\",\"potentialAction\":[{\"@type\":\"ReadAction\",\"target\":[\"https:\/\/dutchmicrodosing.com\/it\/erbe-botaniche\/kratom\/borneo-white\/\"]}]},{\"@type\":\"ImageObject\",\"inLanguage\":\"it-IT\",\"@id\":\"https:\/\/dutchmicrodosing.com\/it\/erbe-botaniche\/kratom\/borneo-white\/#primaryimage\",\"url\":\"https:\/\/dutchmicrodosing.com\/wp-content\/uploads\/2025\/06\/3281-3602.jpg\",\"contentUrl\":\"https:\/\/dutchmicrodosing.com\/wp-content\/uploads\/2025\/06\/3281-3602.jpg\",\"width\":300,\"height\":300},{\"@type\":\"BreadcrumbList\",\"@id\":\"https:\/\/dutchmicrodosing.com\/it\/erbe-botaniche\/kratom\/borneo-white\/#breadcrumb\",\"itemListElement\":[{\"@type\":\"ListItem\",\"position\":1,\"name\":\"Home\",\"item\":\"https:\/\/dutchmicrodosing.com\/it\/\"},{\"@type\":\"ListItem\",\"position\":2,\"name\":\"Negozio\",\"item\":\"https:\/\/dutchmicrodosing.com\/it\/negozio\/\"},{\"@type\":\"ListItem\",\"position\":3,\"name\":\"Borneo Bianco\"}]},{\"@type\":\"WebSite\",\"@id\":\"https:\/\/dutchmicrodosing.com\/it\/#website\",\"url\":\"https:\/\/dutchmicrodosing.com\/it\/\",\"name\":\"Dutchmicrodosing\",\"description\":\"\",\"publisher\":{\"@id\":\"https:\/\/dutchmicrodosing.com\/it\/#organization\"},\"potentialAction\":[{\"@type\":\"SearchAction\",\"target\":{\"@type\":\"EntryPoint\",\"urlTemplate\":\"https:\/\/dutchmicrodosing.com\/it\/?s={search_term_string}\"},\"query-input\":{\"@type\":\"PropertyValueSpecification\",\"valueRequired\":true,\"valueName\":\"search_term_string\"}}],\"inLanguage\":\"it-IT\"},{\"@type\":\"Organization\",\"@id\":\"https:\/\/dutchmicrodosing.com\/it\/#organization\",\"name\":\"Dutchmicrodosing\",\"url\":\"https:\/\/dutchmicrodosing.com\/it\/\",\"logo\":{\"@type\":\"ImageObject\",\"inLanguage\":\"it-IT\",\"@id\":\"https:\/\/dutchmicrodosing.com\/it\/#\/schema\/logo\/image\/\",\"url\":\"https:\/\/dutchmicrodosing.com\/wp-content\/uploads\/2021\/01\/microdosing-categorie-pic-nieuw.jpg\",\"contentUrl\":\"https:\/\/dutchmicrodosing.com\/wp-content\/uploads\/2021\/01\/microdosing-categorie-pic-nieuw.jpg\",\"width\":500,\"height\":500,\"caption\":\"Dutchmicrodosing\"},\"image\":{\"@id\":\"https:\/\/dutchmicrodosing.com\/it\/#\/schema\/logo\/image\/\"},\"sameAs\":[\"https:\/\/www.facebook.com\/Dutchmicrodosingxp\/\",\"https:\/\/www.instagram.com\/dutchmicrodosing\/\"]}]}<\/script>\n<meta property=\"og:availability\" content=\"instock\" \/>\n<meta property=\"product:availability\" content=\"instock\" \/>\n<meta property=\"product:condition\" content=\"new\" \/>\n<!-- \/ Yoast SEO Premium plugin. -->","yoast_head_json":{"title":"Borneo Bianco - Dutchmicrodosing","description":"White Borneo Kratom - una variet\u00e0 di kratom edificante proveniente dalle giungle del Borneo, con un chiaro e lieve effetto stimolante. Disponibile in 25, 100 o 1000 grammi.","robots":{"index":"index","follow":"follow","max-snippet":"max-snippet:-1","max-image-preview":"max-image-preview:large","max-video-preview":"max-video-preview:-1"},"canonical":"https:\/\/dutchmicrodosing.com\/it\/erbe-botaniche\/kratom\/borneo-white\/","og_locale":"it_IT","og_type":"article","og_title":"Borneo Bianco","og_description":"Il Borneo White Kratom proviene dalla verde isola del Borneo, dove la Mitragyna Speciosa prospera nel clima tropicale e nella fitta giungla. Questa","og_url":"https:\/\/dutchmicrodosing.com\/it\/erbe-botaniche\/kratom\/borneo-white\/","og_site_name":"Dutchmicrodosing","article_publisher":"https:\/\/www.facebook.com\/Dutchmicrodosingxp\/","article_modified_time":"2025-07-31T11:10:06+00:00","og_image":[{"width":300,"height":300,"url":"https:\/\/dutchmicrodosing.com\/wp-content\/uploads\/2025\/06\/3281-3602.jpg","type":"image\/jpeg"}],"twitter_card":"summary_large_image","schema":{"@context":"https:\/\/schema.org","@graph":[{"@type":"WebPage","@id":"https:\/\/dutchmicrodosing.com\/it\/erbe-botaniche\/kratom\/borneo-white\/","url":"https:\/\/dutchmicrodosing.com\/it\/erbe-botaniche\/kratom\/borneo-white\/","name":"Borneo Bianco - Dutchmicrodosing","isPartOf":{"@id":"https:\/\/dutchmicrodosing.com\/it\/#website"},"primaryImageOfPage":{"@id":"https:\/\/dutchmicrodosing.com\/it\/erbe-botaniche\/kratom\/borneo-white\/#primaryimage"},"image":{"@id":"https:\/\/dutchmicrodosing.com\/it\/erbe-botaniche\/kratom\/borneo-white\/#primaryimage"},"thumbnailUrl":"https:\/\/dutchmicrodosing.com\/wp-content\/uploads\/2025\/06\/3281-3602.jpg","datePublished":"2025-06-23T13:03:39+00:00","dateModified":"2025-07-31T11:10:06+00:00","description":"White Borneo Kratom - una variet\u00e0 di kratom edificante proveniente dalle giungle del Borneo, con un chiaro e lieve effetto stimolante. Disponibile in 25, 100 o 1000 grammi.","breadcrumb":{"@id":"https:\/\/dutchmicrodosing.com\/it\/erbe-botaniche\/kratom\/borneo-white\/#breadcrumb"},"inLanguage":"it-IT","potentialAction":[{"@type":"ReadAction","target":["https:\/\/dutchmicrodosing.com\/it\/erbe-botaniche\/kratom\/borneo-white\/"]}]},{"@type":"ImageObject","inLanguage":"it-IT","@id":"https:\/\/dutchmicrodosing.com\/it\/erbe-botaniche\/kratom\/borneo-white\/#primaryimage","url":"https:\/\/dutchmicrodosing.com\/wp-content\/uploads\/2025\/06\/3281-3602.jpg","contentUrl":"https:\/\/dutchmicrodosing.com\/wp-content\/uploads\/2025\/06\/3281-3602.jpg","width":300,"height":300},{"@type":"BreadcrumbList","@id":"https:\/\/dutchmicrodosing.com\/it\/erbe-botaniche\/kratom\/borneo-white\/#breadcrumb","itemListElement":[{"@type":"ListItem","position":1,"name":"Home","item":"https:\/\/dutchmicrodosing.com\/it\/"},{"@type":"ListItem","position":2,"name":"Negozio","item":"https:\/\/dutchmicrodosing.com\/it\/negozio\/"},{"@type":"ListItem","position":3,"name":"Borneo Bianco"}]},{"@type":"WebSite","@id":"https:\/\/dutchmicrodosing.com\/it\/#website","url":"https:\/\/dutchmicrodosing.com\/it\/","name":"Dutchmicrodosing","description":"","publisher":{"@id":"https:\/\/dutchmicrodosing.com\/it\/#organization"},"potentialAction":[{"@type":"SearchAction","target":{"@type":"EntryPoint","urlTemplate":"https:\/\/dutchmicrodosing.com\/it\/?s={search_term_string}"},"query-input":{"@type":"PropertyValueSpecification","valueRequired":true,"valueName":"search_term_string"}}],"inLanguage":"it-IT"},{"@type":"Organization","@id":"https:\/\/dutchmicrodosing.com\/it\/#organization","name":"Dutchmicrodosing","url":"https:\/\/dutchmicrodosing.com\/it\/","logo":{"@type":"ImageObject","inLanguage":"it-IT","@id":"https:\/\/dutchmicrodosing.com\/it\/#\/schema\/logo\/image\/","url":"https:\/\/dutchmicrodosing.com\/wp-content\/uploads\/2021\/01\/microdosing-categorie-pic-nieuw.jpg","contentUrl":"https:\/\/dutchmicrodosing.com\/wp-content\/uploads\/2021\/01\/microdosing-categorie-pic-nieuw.jpg","width":500,"height":500,"caption":"Dutchmicrodosing"},"image":{"@id":"https:\/\/dutchmicrodosing.com\/it\/#\/schema\/logo\/image\/"},"sameAs":["https:\/\/www.facebook.com\/Dutchmicrodosingxp\/","https:\/\/www.instagram.com\/dutchmicrodosing\/"]}]},"og_availability":"instock","product_availability":"instock","product_condition":"new"},"_links":{"self":[{"href":"https:\/\/dutchmicrodosing.com\/it\/wp-json\/wp\/v2\/product\/49132","targetHints":{"allow":["GET"]}}],"collection":[{"href":"https:\/\/dutchmicrodosing.com\/it\/wp-json\/wp\/v2\/product"}],"about":[{"href":"https:\/\/dutchmicrodosing.com\/it\/wp-json\/wp\/v2\/types\/product"}],"replies":[{"embeddable":true,"href":"https:\/\/dutchmicrodosing.com\/it\/wp-json\/wp\/v2\/comments?post=49132"}],"version-history":[{"count":0,"href":"https:\/\/dutchmicrodosing.com\/it\/wp-json\/wp\/v2\/product\/49132\/revisions"}],"wp:featuredmedia":[{"embeddable":true,"href":"https:\/\/dutchmicrodosing.com\/it\/wp-json\/wp\/v2\/media\/49126"}],"wp:attachment":[{"href":"https:\/\/dutchmicrodosing.com\/it\/wp-json\/wp\/v2\/media?parent=49132"}],"wp:term":[{"taxonomy":"product_brand","embeddable":true,"href":"https:\/\/dutchmicrodosing.com\/it\/wp-json\/wp\/v2\/product_brand?post=49132"},{"taxonomy":"product_cat","embeddable":true,"href":"https:\/\/dutchmicrodosing.com\/it\/wp-json\/wp\/v2\/product_cat?post=49132"},{"taxonomy":"product_tag","embeddable":true,"href":"https:\/\/dutchmicrodosing.com\/it\/wp-json\/wp\/v2\/product_tag?post=49132"}],"curies":[{"name":"wp","href":"https:\/\/api.w.org\/{rel}","templated":true}]}}