{"id":50378,"date":"2025-07-04T15:12:09","date_gmt":"2025-07-04T13:12:09","guid":{"rendered":"https:\/\/dutchmicrodosing.com\/shop\/senza-categoria\/royale-flush-golden-bluey-vuitton-growkit\/"},"modified":"2025-08-18T16:53:10","modified_gmt":"2025-08-18T14:53:10","slug":"royale-flush-golden-bluey-vuitton-growkit","status":"publish","type":"product","link":"https:\/\/dutchmicrodosing.com\/it\/funghi-allucinogeni\/kit-di-coltivazione-speciali\/royale-flush-golden-bluey-vuitton-growkit\/","title":{"rendered":"Growkit Royale Flush Golden Bluey Vuitton"},"content":{"rendered":"<p>Il <strong>Royale Flush Golden Bluey Vuitton Growkit<\/strong> \u00e8 la scelta giusta per chi cerca un&#8217;esperienza di coltivazione di funghi allucinogeni straordinaria con il minimo sforzo. Grazie alla combinazione di genetica esclusiva e tecnica di coltivazione avanzata, questo set \u00e8 perfetto sia per i principianti che per i coltivatori esperti che apprezzano la qualit\u00e0 e la praticit\u00e0.<\/p>\n<h3>Specie rara con propriet\u00e0 sorprendenti<\/h3>\n<p>Il Golden Bluey Vuitton \u00e8 nato da una mutazione unica dell&#8217;originale Bluey Vuitton. Ci\u00f2 che rende questa specie cos\u00ec speciale sono le spore dorate estremamente rare, una caratteristica che si trova a malapena in tutto il mondo. La potente combinazione genetica di Panama e MVP garantisce un ciclo di crescita affidabile e robusto.<\/p>\n<h3>Coltivare senza problemi grazie a intelligenti innovazioni<\/h3>\n<p>Questo growkit \u00e8 progettato per rendere la coltivazione semplice ed efficace. Il substrato contiene tutti i nutrienti essenziali e, con il flush booster e l&#8217;idrogel inclusi, hai tutto il necessario per una coltivazione di successo. Il manuale multilingue, corredato di chiare foto e video, ti guida passo dopo passo, indipendentemente dalla tua esperienza.<\/p>\n<h3>Caratteristiche principali<\/h3>\n<ul>\n<li><strong>Resa:<\/strong> da 400 a 800 grammi di funghi freschi<\/li>\n<li><strong>Tempo di crescita:<\/strong> circa 4-5 settimane<\/li>\n<li><strong>Potenza:<\/strong> molto intensa<\/li>\n<li><strong>Conservabilit\u00e0:<\/strong><br \/>\n\u2013 Fino a 6 settimane fuori dal frigorifero (max. 21\u00b0C)<br \/>\n\u2013 Fino a 6 mesi in frigorifero (\u00b1 3\u00b0C)<\/li>\n<\/ul>\n<h3>Cosa contiene esattamente?<\/h3>\n<p>Il kit contiene una miscela di substrato completamente cresciuta a base di segale, vermiculite, perlite e il potente ceppo Golden Bluey Vuitton. Tutto \u00e8 pronto per l&#8217;uso, cos\u00ec puoi iniziare subito.<\/p>\n<h3>Come si usa il set?<\/h3>\n<p>Posiziona il growkit nel sacchetto di coltivazione incluso, mantieni l&#8217;umidit\u00e0 e posiziona il set in un luogo luminoso e caldo (evita la luce solare diretta). I primi funghi appariranno entro due o tre settimane. Per ottenere i migliori risultati, segui le istruzioni nella confezione o visualizzale online tramite questo <span style=\"color: #0000ff\"><a style=\"text-decoration: underline;color: #0000ff\" href=\"https:\/\/royaleflush.nl\/en\/growguide\/?v=1a13105b7e4e\">link<\/a><\/span>.<\/p>\n<h3>Contenuto della confezione<\/h3>\n<ul>\n<li>Growkit da 1200 cc con substrato completamente colonizzato<\/li>\n<li>Sacchetto di coltivazione con filtri dell&#8217;aria<\/li>\n<li>Flush booster per una resa extra<\/li>\n<li>Idrogel per un&#8217;umidit\u00e0 ottimale<\/li>\n<li>Manuale multilingue chiaro con foto e video<\/li>\n<\/ul>\n","protected":false},"excerpt":{"rendered":"<p>Il Royale Flush Golden Bluey Vuitton Growkit \u00e8 la scelta giusta per chi cerca un&#8217;esperienza di coltivazione di funghi allucinogeni straordinaria con il minimo sforzo. Grazie alla combinazione di genetica esclusiva e tecnica di coltivazione avanzata, questo set \u00e8 perfetto sia per i principianti che per i coltivatori esperti che apprezzano la qualit\u00e0 e la [&hellip;]<\/p>\n","protected":false},"featured_media":50335,"comment_status":"closed","ping_status":"closed","template":"","meta":[],"product_brand":[],"product_cat":[408],"product_tag":[],"class_list":{"0":"post-50378","1":"product","2":"type-product","3":"status-publish","4":"has-post-thumbnail","6":"product_cat-kit-di-coltivazione-speciali","8":"first","9":"instock","10":"taxable","11":"shipping-taxable","12":"purchasable","13":"product-type-simple"},"yoast_head":"<!-- This site is optimized with the Yoast SEO Premium plugin v26.4 (Yoast SEO v27.2) - https:\/\/yoast.com\/product\/yoast-seo-premium-wordpress\/ -->\n<title>Growkit Royale Flush Golden Bluey Vuitton - Dutchmicrodosing<\/title>\n<meta name=\"robots\" content=\"index, follow, max-snippet:-1, max-image-preview:large, max-video-preview:-1\" \/>\n<link rel=\"canonical\" href=\"https:\/\/dutchmicrodosing.com\/it\/funghi-allucinogeni\/kit-di-coltivazione-speciali\/royale-flush-golden-bluey-vuitton-growkit\/\" \/>\n<meta property=\"og:locale\" content=\"it_IT\" \/>\n<meta property=\"og:type\" content=\"article\" \/>\n<meta property=\"og:title\" content=\"Growkit Royale Flush Golden Bluey Vuitton\" \/>\n<meta property=\"og:description\" content=\"Il Royale Flush Golden Bluey Vuitton Growkit \u00e8 la scelta giusta per chi cerca un&#039;esperienza di coltivazione di funghi allucinogeni straordinaria con il\" \/>\n<meta property=\"og:url\" content=\"https:\/\/dutchmicrodosing.com\/it\/funghi-allucinogeni\/kit-di-coltivazione-speciali\/royale-flush-golden-bluey-vuitton-growkit\/\" \/>\n<meta property=\"og:site_name\" content=\"Dutchmicrodosing\" \/>\n<meta property=\"article:publisher\" content=\"https:\/\/www.facebook.com\/Dutchmicrodosingxp\/\" \/>\n<meta property=\"article:modified_time\" content=\"2025-08-18T14:53:10+00:00\" \/>\n<meta property=\"og:image\" content=\"https:\/\/dutchmicrodosing.com\/wp-content\/uploads\/2025\/07\/edfd04fa-0edb-4ba6-9c25-1345d528c386.jpg\" \/>\n\t<meta property=\"og:image:width\" content=\"600\" \/>\n\t<meta property=\"og:image:height\" content=\"399\" \/>\n\t<meta property=\"og:image:type\" content=\"image\/jpeg\" \/>\n<meta name=\"twitter:card\" content=\"summary_large_image\" \/>\n<script type=\"application\/ld+json\" class=\"yoast-schema-graph\">{\"@context\":\"https:\/\/schema.org\",\"@graph\":[{\"@type\":\"WebPage\",\"@id\":\"https:\/\/dutchmicrodosing.com\/it\/funghi-allucinogeni\/kit-di-coltivazione-speciali\/royale-flush-golden-bluey-vuitton-growkit\/\",\"url\":\"https:\/\/dutchmicrodosing.com\/it\/funghi-allucinogeni\/kit-di-coltivazione-speciali\/royale-flush-golden-bluey-vuitton-growkit\/\",\"name\":\"Growkit Royale Flush Golden Bluey Vuitton - Dutchmicrodosing\",\"isPartOf\":{\"@id\":\"https:\/\/dutchmicrodosing.com\/it\/#website\"},\"primaryImageOfPage\":{\"@id\":\"https:\/\/dutchmicrodosing.com\/it\/funghi-allucinogeni\/kit-di-coltivazione-speciali\/royale-flush-golden-bluey-vuitton-growkit\/#primaryimage\"},\"image\":{\"@id\":\"https:\/\/dutchmicrodosing.com\/it\/funghi-allucinogeni\/kit-di-coltivazione-speciali\/royale-flush-golden-bluey-vuitton-growkit\/#primaryimage\"},\"thumbnailUrl\":\"https:\/\/dutchmicrodosing.com\/wp-content\/uploads\/2025\/07\/edfd04fa-0edb-4ba6-9c25-1345d528c386.jpg\",\"datePublished\":\"2025-07-04T13:12:09+00:00\",\"dateModified\":\"2025-08-18T14:53:10+00:00\",\"breadcrumb\":{\"@id\":\"https:\/\/dutchmicrodosing.com\/it\/funghi-allucinogeni\/kit-di-coltivazione-speciali\/royale-flush-golden-bluey-vuitton-growkit\/#breadcrumb\"},\"inLanguage\":\"it-IT\",\"potentialAction\":[{\"@type\":\"ReadAction\",\"target\":[\"https:\/\/dutchmicrodosing.com\/it\/funghi-allucinogeni\/kit-di-coltivazione-speciali\/royale-flush-golden-bluey-vuitton-growkit\/\"]}]},{\"@type\":\"ImageObject\",\"inLanguage\":\"it-IT\",\"@id\":\"https:\/\/dutchmicrodosing.com\/it\/funghi-allucinogeni\/kit-di-coltivazione-speciali\/royale-flush-golden-bluey-vuitton-growkit\/#primaryimage\",\"url\":\"https:\/\/dutchmicrodosing.com\/wp-content\/uploads\/2025\/07\/edfd04fa-0edb-4ba6-9c25-1345d528c386.jpg\",\"contentUrl\":\"https:\/\/dutchmicrodosing.com\/wp-content\/uploads\/2025\/07\/edfd04fa-0edb-4ba6-9c25-1345d528c386.jpg\",\"width\":600,\"height\":399},{\"@type\":\"BreadcrumbList\",\"@id\":\"https:\/\/dutchmicrodosing.com\/it\/funghi-allucinogeni\/kit-di-coltivazione-speciali\/royale-flush-golden-bluey-vuitton-growkit\/#breadcrumb\",\"itemListElement\":[{\"@type\":\"ListItem\",\"position\":1,\"name\":\"Home\",\"item\":\"https:\/\/dutchmicrodosing.com\/it\/\"},{\"@type\":\"ListItem\",\"position\":2,\"name\":\"Negozio\",\"item\":\"https:\/\/dutchmicrodosing.com\/it\/negozio\/\"},{\"@type\":\"ListItem\",\"position\":3,\"name\":\"Growkit Royale Flush Golden Bluey Vuitton\"}]},{\"@type\":\"WebSite\",\"@id\":\"https:\/\/dutchmicrodosing.com\/it\/#website\",\"url\":\"https:\/\/dutchmicrodosing.com\/it\/\",\"name\":\"Dutchmicrodosing\",\"description\":\"\",\"publisher\":{\"@id\":\"https:\/\/dutchmicrodosing.com\/it\/#organization\"},\"potentialAction\":[{\"@type\":\"SearchAction\",\"target\":{\"@type\":\"EntryPoint\",\"urlTemplate\":\"https:\/\/dutchmicrodosing.com\/it\/?s={search_term_string}\"},\"query-input\":{\"@type\":\"PropertyValueSpecification\",\"valueRequired\":true,\"valueName\":\"search_term_string\"}}],\"inLanguage\":\"it-IT\"},{\"@type\":\"Organization\",\"@id\":\"https:\/\/dutchmicrodosing.com\/it\/#organization\",\"name\":\"Dutchmicrodosing\",\"url\":\"https:\/\/dutchmicrodosing.com\/it\/\",\"logo\":{\"@type\":\"ImageObject\",\"inLanguage\":\"it-IT\",\"@id\":\"https:\/\/dutchmicrodosing.com\/it\/#\/schema\/logo\/image\/\",\"url\":\"https:\/\/dutchmicrodosing.com\/wp-content\/uploads\/2021\/01\/microdosing-categorie-pic-nieuw.jpg\",\"contentUrl\":\"https:\/\/dutchmicrodosing.com\/wp-content\/uploads\/2021\/01\/microdosing-categorie-pic-nieuw.jpg\",\"width\":500,\"height\":500,\"caption\":\"Dutchmicrodosing\"},\"image\":{\"@id\":\"https:\/\/dutchmicrodosing.com\/it\/#\/schema\/logo\/image\/\"},\"sameAs\":[\"https:\/\/www.facebook.com\/Dutchmicrodosingxp\/\",\"https:\/\/www.instagram.com\/dutchmicrodosing\/\"]}]}<\/script>\n<meta property=\"product:price:amount\" content=\"37.50\" \/>\n<meta property=\"product:price:currency\" content=\"EUR\" \/>\n<meta property=\"og:availability\" content=\"instock\" \/>\n<meta property=\"product:availability\" content=\"instock\" \/>\n<meta property=\"product:retailer_item_id\" content=\"5207755\" \/>\n<meta property=\"product:condition\" content=\"new\" \/>\n<!-- \/ Yoast SEO Premium plugin. -->","yoast_head_json":{"title":"Growkit Royale Flush Golden Bluey Vuitton - Dutchmicrodosing","robots":{"index":"index","follow":"follow","max-snippet":"max-snippet:-1","max-image-preview":"max-image-preview:large","max-video-preview":"max-video-preview:-1"},"canonical":"https:\/\/dutchmicrodosing.com\/it\/funghi-allucinogeni\/kit-di-coltivazione-speciali\/royale-flush-golden-bluey-vuitton-growkit\/","og_locale":"it_IT","og_type":"article","og_title":"Growkit Royale Flush Golden Bluey Vuitton","og_description":"Il Royale Flush Golden Bluey Vuitton Growkit \u00e8 la scelta giusta per chi cerca un'esperienza di coltivazione di funghi allucinogeni straordinaria con il","og_url":"https:\/\/dutchmicrodosing.com\/it\/funghi-allucinogeni\/kit-di-coltivazione-speciali\/royale-flush-golden-bluey-vuitton-growkit\/","og_site_name":"Dutchmicrodosing","article_publisher":"https:\/\/www.facebook.com\/Dutchmicrodosingxp\/","article_modified_time":"2025-08-18T14:53:10+00:00","og_image":[{"width":600,"height":399,"url":"https:\/\/dutchmicrodosing.com\/wp-content\/uploads\/2025\/07\/edfd04fa-0edb-4ba6-9c25-1345d528c386.jpg","type":"image\/jpeg"}],"twitter_card":"summary_large_image","schema":{"@context":"https:\/\/schema.org","@graph":[{"@type":"WebPage","@id":"https:\/\/dutchmicrodosing.com\/it\/funghi-allucinogeni\/kit-di-coltivazione-speciali\/royale-flush-golden-bluey-vuitton-growkit\/","url":"https:\/\/dutchmicrodosing.com\/it\/funghi-allucinogeni\/kit-di-coltivazione-speciali\/royale-flush-golden-bluey-vuitton-growkit\/","name":"Growkit Royale Flush Golden Bluey Vuitton - Dutchmicrodosing","isPartOf":{"@id":"https:\/\/dutchmicrodosing.com\/it\/#website"},"primaryImageOfPage":{"@id":"https:\/\/dutchmicrodosing.com\/it\/funghi-allucinogeni\/kit-di-coltivazione-speciali\/royale-flush-golden-bluey-vuitton-growkit\/#primaryimage"},"image":{"@id":"https:\/\/dutchmicrodosing.com\/it\/funghi-allucinogeni\/kit-di-coltivazione-speciali\/royale-flush-golden-bluey-vuitton-growkit\/#primaryimage"},"thumbnailUrl":"https:\/\/dutchmicrodosing.com\/wp-content\/uploads\/2025\/07\/edfd04fa-0edb-4ba6-9c25-1345d528c386.jpg","datePublished":"2025-07-04T13:12:09+00:00","dateModified":"2025-08-18T14:53:10+00:00","breadcrumb":{"@id":"https:\/\/dutchmicrodosing.com\/it\/funghi-allucinogeni\/kit-di-coltivazione-speciali\/royale-flush-golden-bluey-vuitton-growkit\/#breadcrumb"},"inLanguage":"it-IT","potentialAction":[{"@type":"ReadAction","target":["https:\/\/dutchmicrodosing.com\/it\/funghi-allucinogeni\/kit-di-coltivazione-speciali\/royale-flush-golden-bluey-vuitton-growkit\/"]}]},{"@type":"ImageObject","inLanguage":"it-IT","@id":"https:\/\/dutchmicrodosing.com\/it\/funghi-allucinogeni\/kit-di-coltivazione-speciali\/royale-flush-golden-bluey-vuitton-growkit\/#primaryimage","url":"https:\/\/dutchmicrodosing.com\/wp-content\/uploads\/2025\/07\/edfd04fa-0edb-4ba6-9c25-1345d528c386.jpg","contentUrl":"https:\/\/dutchmicrodosing.com\/wp-content\/uploads\/2025\/07\/edfd04fa-0edb-4ba6-9c25-1345d528c386.jpg","width":600,"height":399},{"@type":"BreadcrumbList","@id":"https:\/\/dutchmicrodosing.com\/it\/funghi-allucinogeni\/kit-di-coltivazione-speciali\/royale-flush-golden-bluey-vuitton-growkit\/#breadcrumb","itemListElement":[{"@type":"ListItem","position":1,"name":"Home","item":"https:\/\/dutchmicrodosing.com\/it\/"},{"@type":"ListItem","position":2,"name":"Negozio","item":"https:\/\/dutchmicrodosing.com\/it\/negozio\/"},{"@type":"ListItem","position":3,"name":"Growkit Royale Flush Golden Bluey Vuitton"}]},{"@type":"WebSite","@id":"https:\/\/dutchmicrodosing.com\/it\/#website","url":"https:\/\/dutchmicrodosing.com\/it\/","name":"Dutchmicrodosing","description":"","publisher":{"@id":"https:\/\/dutchmicrodosing.com\/it\/#organization"},"potentialAction":[{"@type":"SearchAction","target":{"@type":"EntryPoint","urlTemplate":"https:\/\/dutchmicrodosing.com\/it\/?s={search_term_string}"},"query-input":{"@type":"PropertyValueSpecification","valueRequired":true,"valueName":"search_term_string"}}],"inLanguage":"it-IT"},{"@type":"Organization","@id":"https:\/\/dutchmicrodosing.com\/it\/#organization","name":"Dutchmicrodosing","url":"https:\/\/dutchmicrodosing.com\/it\/","logo":{"@type":"ImageObject","inLanguage":"it-IT","@id":"https:\/\/dutchmicrodosing.com\/it\/#\/schema\/logo\/image\/","url":"https:\/\/dutchmicrodosing.com\/wp-content\/uploads\/2021\/01\/microdosing-categorie-pic-nieuw.jpg","contentUrl":"https:\/\/dutchmicrodosing.com\/wp-content\/uploads\/2021\/01\/microdosing-categorie-pic-nieuw.jpg","width":500,"height":500,"caption":"Dutchmicrodosing"},"image":{"@id":"https:\/\/dutchmicrodosing.com\/it\/#\/schema\/logo\/image\/"},"sameAs":["https:\/\/www.facebook.com\/Dutchmicrodosingxp\/","https:\/\/www.instagram.com\/dutchmicrodosing\/"]}]},"product_price_amount":"37.50","product_price_currency":"EUR","og_availability":"instock","product_availability":"instock","product_retailer_item_id":"5207755","product_condition":"new"},"_links":{"self":[{"href":"https:\/\/dutchmicrodosing.com\/it\/wp-json\/wp\/v2\/product\/50378","targetHints":{"allow":["GET"]}}],"collection":[{"href":"https:\/\/dutchmicrodosing.com\/it\/wp-json\/wp\/v2\/product"}],"about":[{"href":"https:\/\/dutchmicrodosing.com\/it\/wp-json\/wp\/v2\/types\/product"}],"replies":[{"embeddable":true,"href":"https:\/\/dutchmicrodosing.com\/it\/wp-json\/wp\/v2\/comments?post=50378"}],"version-history":[{"count":0,"href":"https:\/\/dutchmicrodosing.com\/it\/wp-json\/wp\/v2\/product\/50378\/revisions"}],"wp:featuredmedia":[{"embeddable":true,"href":"https:\/\/dutchmicrodosing.com\/it\/wp-json\/wp\/v2\/media\/50335"}],"wp:attachment":[{"href":"https:\/\/dutchmicrodosing.com\/it\/wp-json\/wp\/v2\/media?parent=50378"}],"wp:term":[{"taxonomy":"product_brand","embeddable":true,"href":"https:\/\/dutchmicrodosing.com\/it\/wp-json\/wp\/v2\/product_brand?post=50378"},{"taxonomy":"product_cat","embeddable":true,"href":"https:\/\/dutchmicrodosing.com\/it\/wp-json\/wp\/v2\/product_cat?post=50378"},{"taxonomy":"product_tag","embeddable":true,"href":"https:\/\/dutchmicrodosing.com\/it\/wp-json\/wp\/v2\/product_tag?post=50378"}],"curies":[{"name":"wp","href":"https:\/\/api.w.org\/{rel}","templated":true}]}}