{"id":50423,"date":"2025-07-07T10:30:58","date_gmt":"2025-07-07T08:30:58","guid":{"rendered":"https:\/\/dutchmicrodosing.com\/shop\/senza-categoria\/royale-flush-iceberg-growkit\/"},"modified":"2025-08-18T16:53:16","modified_gmt":"2025-08-18T14:53:16","slug":"royale-flush-iceberg-growkit","status":"publish","type":"product","link":"https:\/\/dutchmicrodosing.com\/it\/funghi-allucinogeni\/kit-di-coltivazione-speciali\/royale-flush-iceberg-growkit\/","title":{"rendered":"Kit di coltivazione Royale Flush Iceberg"},"content":{"rendered":"<p>Con il <strong>Royale Flush Iceberg Growkit<\/strong> porti a casa una variet\u00e0 di funghi allucinogeni speciale e potente. Questo kit di coltivazione \u00e8 stato sviluppato appositamente per una coltivazione semplice e di successo, indipendentemente dalla tua esperienza. L&#8217;Iceberg \u00e8 una rara variante albina che si distingue per il suo aspetto unico ed \u00e8 apprezzata per i suoi effetti equilibrati.<\/p>\n<h3>Speciale fungo allucinogeno albino con crescita affidabile<\/h3>\n<p>L&#8217;Iceberg \u00e8 una variante albina del Thai Lipa Yai, una specie originaria della Thailandia. Grazie ad anni di coltivazione selettiva, questa variante \u00e8 diventata una specie di fungo allucinogeno coerente con un aspetto impressionante: cappelli pallidi e frastagliati con un aspetto quasi ghiacciato. Una scelta popolare tra gli intenditori di specie particolari.<\/p>\n<h3>Coltivazione facile e senza preoccupazioni<\/h3>\n<p>Grazie alla tecnologia intelligente di Royale Flush, questo kit di coltivazione \u00e8 molto facile da usare. Il substrato \u00e8 pieno di sostanze nutritive e la base genetica \u00e8 di alta qualit\u00e0. Anche senza esperienza di coltivazione, puoi ottenere ottimi risultati con questo kit. L&#8217;Iceberg richiede una cura minima e offre un raccolto abbondante.<\/p>\n<h3>Specifiche importanti<\/h3>\n<ul>\n<li><strong>Resa:<\/strong> 400 &#8211; 800 grammi<\/li>\n<li><strong>Tempo di crescita:<\/strong> da 2 a 3 settimane<\/li>\n<li><strong>Potenza:<\/strong> Media<\/li>\n<li><strong>Conservabilit\u00e0:<\/strong><br \/>\n\u2013 Non refrigerato: fino a 6 settimane (max. 21\u00b0C)<br \/>\n\u2013 In frigorifero: fino a 6 mesi (a 3\u00b0C)<\/li>\n<\/ul>\n<h3>Ingredienti e composizione<\/h3>\n<p>Il set contiene un substrato completamente sviluppato, composto da segale, perlite, vermiculite e spore attive del fungo allucinogeno Iceberg. \u00c8 gi\u00e0 tutto preparato, cos\u00ec puoi iniziare subito.<\/p>\n<h3>Manuale d&#8217;uso<\/h3>\n<p>Posiziona il kit di coltivazione nel sacchetto di coltivazione in dotazione e assicurati che ci sia sufficiente umidit\u00e0. Metti il kit in un luogo luminoso e caldo (evita la luce solare diretta). I primi funghi allucinogeni appariranno entro 2-3 settimane. Per ottenere i migliori risultati, segui il manuale (incluso o disponibile online tramite questo link: <span style=\"text-decoration: underline;color: #0000ff\"><a style=\"color: #0000ff;text-decoration: underline\" href=\"https:\/\/royaleflush.nl\/growguide\/?v=1a13105b7e4e\">Manuale<\/a><\/span>) con istruzioni chiare e foto.<\/p>\n<h3>Cosa c&#8217;\u00e8 nella scatola?<\/h3>\n<ul>\n<li>Growkit da 1200 cc con substrato completamente sviluppato<\/li>\n<li>Sacchetto di coltivazione con filtri dell&#8217;aria<\/li>\n<li>Flush booster<\/li>\n<li>Idrogel per un equilibrio idrico ottimale<\/li>\n<li>Manuale in diverse lingue<\/li>\n<\/ul>\n","protected":false},"excerpt":{"rendered":"<p>Con il Royale Flush Iceberg Growkit porti a casa una variet\u00e0 di funghi allucinogeni speciale e potente. Questo kit di coltivazione \u00e8 stato sviluppato appositamente per una coltivazione semplice e di successo, indipendentemente dalla tua esperienza. L&#8217;Iceberg \u00e8 una rara variante albina che si distingue per il suo aspetto unico ed \u00e8 apprezzata per i [&hellip;]<\/p>\n","protected":false},"featured_media":50406,"comment_status":"closed","ping_status":"closed","template":"","meta":[],"product_brand":[],"product_cat":[408],"product_tag":[],"class_list":{"0":"post-50423","1":"product","2":"type-product","3":"status-publish","4":"has-post-thumbnail","6":"product_cat-kit-di-coltivazione-speciali","8":"first","9":"instock","10":"taxable","11":"shipping-taxable","12":"purchasable","13":"product-type-simple"},"yoast_head":"<!-- This site is optimized with the Yoast SEO Premium plugin v26.4 (Yoast SEO v27.2) - https:\/\/yoast.com\/product\/yoast-seo-premium-wordpress\/ -->\n<title>Kit di coltivazione Royale Flush Iceberg - Dutchmicrodosing<\/title>\n<meta name=\"description\" content=\"Scopri l&#039;esclusivo Growkit Royale Flush Iceberg! Coltivazione semplice, resa elevata (400\u2013800 g) e pronto all&#039;uso. Ideale per principianti ed esperti.\" \/>\n<meta name=\"robots\" content=\"index, follow, max-snippet:-1, max-image-preview:large, max-video-preview:-1\" \/>\n<link rel=\"canonical\" href=\"https:\/\/dutchmicrodosing.com\/it\/funghi-allucinogeni\/kit-di-coltivazione-speciali\/royale-flush-iceberg-growkit\/\" \/>\n<meta property=\"og:locale\" content=\"it_IT\" \/>\n<meta property=\"og:type\" content=\"article\" \/>\n<meta property=\"og:title\" content=\"Kit di coltivazione Royale Flush Iceberg\" \/>\n<meta property=\"og:description\" content=\"Con il Royale Flush Iceberg Growkit porti a casa una variet\u00e0 di funghi allucinogeni speciale e potente. Questo kit di coltivazione \u00e8 stato sviluppato\" \/>\n<meta property=\"og:url\" content=\"https:\/\/dutchmicrodosing.com\/it\/funghi-allucinogeni\/kit-di-coltivazione-speciali\/royale-flush-iceberg-growkit\/\" \/>\n<meta property=\"og:site_name\" content=\"Dutchmicrodosing\" \/>\n<meta property=\"article:publisher\" content=\"https:\/\/www.facebook.com\/Dutchmicrodosingxp\/\" \/>\n<meta property=\"article:modified_time\" content=\"2025-08-18T14:53:16+00:00\" \/>\n<meta property=\"og:image\" content=\"https:\/\/dutchmicrodosing.com\/wp-content\/uploads\/2025\/07\/RoyaleFlush1200ccgrowkit-600x400-1.jpg\" \/>\n\t<meta property=\"og:image:width\" content=\"600\" \/>\n\t<meta property=\"og:image:height\" content=\"400\" \/>\n\t<meta property=\"og:image:type\" content=\"image\/jpeg\" \/>\n<meta name=\"twitter:card\" content=\"summary_large_image\" \/>\n<script type=\"application\/ld+json\" class=\"yoast-schema-graph\">{\"@context\":\"https:\/\/schema.org\",\"@graph\":[{\"@type\":\"WebPage\",\"@id\":\"https:\/\/dutchmicrodosing.com\/it\/funghi-allucinogeni\/kit-di-coltivazione-speciali\/royale-flush-iceberg-growkit\/\",\"url\":\"https:\/\/dutchmicrodosing.com\/it\/funghi-allucinogeni\/kit-di-coltivazione-speciali\/royale-flush-iceberg-growkit\/\",\"name\":\"Kit di coltivazione Royale Flush Iceberg - Dutchmicrodosing\",\"isPartOf\":{\"@id\":\"https:\/\/dutchmicrodosing.com\/it\/#website\"},\"primaryImageOfPage\":{\"@id\":\"https:\/\/dutchmicrodosing.com\/it\/funghi-allucinogeni\/kit-di-coltivazione-speciali\/royale-flush-iceberg-growkit\/#primaryimage\"},\"image\":{\"@id\":\"https:\/\/dutchmicrodosing.com\/it\/funghi-allucinogeni\/kit-di-coltivazione-speciali\/royale-flush-iceberg-growkit\/#primaryimage\"},\"thumbnailUrl\":\"https:\/\/dutchmicrodosing.com\/wp-content\/uploads\/2025\/07\/RoyaleFlush1200ccgrowkit-600x400-1.jpg\",\"datePublished\":\"2025-07-07T08:30:58+00:00\",\"dateModified\":\"2025-08-18T14:53:16+00:00\",\"description\":\"Scopri l'esclusivo Growkit Royale Flush Iceberg! Coltivazione semplice, resa elevata (400\u2013800 g) e pronto all'uso. Ideale per principianti ed esperti.\",\"breadcrumb\":{\"@id\":\"https:\/\/dutchmicrodosing.com\/it\/funghi-allucinogeni\/kit-di-coltivazione-speciali\/royale-flush-iceberg-growkit\/#breadcrumb\"},\"inLanguage\":\"it-IT\",\"potentialAction\":[{\"@type\":\"ReadAction\",\"target\":[\"https:\/\/dutchmicrodosing.com\/it\/funghi-allucinogeni\/kit-di-coltivazione-speciali\/royale-flush-iceberg-growkit\/\"]}]},{\"@type\":\"ImageObject\",\"inLanguage\":\"it-IT\",\"@id\":\"https:\/\/dutchmicrodosing.com\/it\/funghi-allucinogeni\/kit-di-coltivazione-speciali\/royale-flush-iceberg-growkit\/#primaryimage\",\"url\":\"https:\/\/dutchmicrodosing.com\/wp-content\/uploads\/2025\/07\/RoyaleFlush1200ccgrowkit-600x400-1.jpg\",\"contentUrl\":\"https:\/\/dutchmicrodosing.com\/wp-content\/uploads\/2025\/07\/RoyaleFlush1200ccgrowkit-600x400-1.jpg\",\"width\":600,\"height\":400},{\"@type\":\"BreadcrumbList\",\"@id\":\"https:\/\/dutchmicrodosing.com\/it\/funghi-allucinogeni\/kit-di-coltivazione-speciali\/royale-flush-iceberg-growkit\/#breadcrumb\",\"itemListElement\":[{\"@type\":\"ListItem\",\"position\":1,\"name\":\"Home\",\"item\":\"https:\/\/dutchmicrodosing.com\/it\/\"},{\"@type\":\"ListItem\",\"position\":2,\"name\":\"Negozio\",\"item\":\"https:\/\/dutchmicrodosing.com\/it\/negozio\/\"},{\"@type\":\"ListItem\",\"position\":3,\"name\":\"Kit di coltivazione Royale Flush Iceberg\"}]},{\"@type\":\"WebSite\",\"@id\":\"https:\/\/dutchmicrodosing.com\/it\/#website\",\"url\":\"https:\/\/dutchmicrodosing.com\/it\/\",\"name\":\"Dutchmicrodosing\",\"description\":\"\",\"publisher\":{\"@id\":\"https:\/\/dutchmicrodosing.com\/it\/#organization\"},\"potentialAction\":[{\"@type\":\"SearchAction\",\"target\":{\"@type\":\"EntryPoint\",\"urlTemplate\":\"https:\/\/dutchmicrodosing.com\/it\/?s={search_term_string}\"},\"query-input\":{\"@type\":\"PropertyValueSpecification\",\"valueRequired\":true,\"valueName\":\"search_term_string\"}}],\"inLanguage\":\"it-IT\"},{\"@type\":\"Organization\",\"@id\":\"https:\/\/dutchmicrodosing.com\/it\/#organization\",\"name\":\"Dutchmicrodosing\",\"url\":\"https:\/\/dutchmicrodosing.com\/it\/\",\"logo\":{\"@type\":\"ImageObject\",\"inLanguage\":\"it-IT\",\"@id\":\"https:\/\/dutchmicrodosing.com\/it\/#\/schema\/logo\/image\/\",\"url\":\"https:\/\/dutchmicrodosing.com\/wp-content\/uploads\/2021\/01\/microdosing-categorie-pic-nieuw.jpg\",\"contentUrl\":\"https:\/\/dutchmicrodosing.com\/wp-content\/uploads\/2021\/01\/microdosing-categorie-pic-nieuw.jpg\",\"width\":500,\"height\":500,\"caption\":\"Dutchmicrodosing\"},\"image\":{\"@id\":\"https:\/\/dutchmicrodosing.com\/it\/#\/schema\/logo\/image\/\"},\"sameAs\":[\"https:\/\/www.facebook.com\/Dutchmicrodosingxp\/\",\"https:\/\/www.instagram.com\/dutchmicrodosing\/\"]}]}<\/script>\n<meta property=\"product:price:amount\" content=\"37.50\" \/>\n<meta property=\"product:price:currency\" content=\"EUR\" \/>\n<meta property=\"og:availability\" content=\"instock\" \/>\n<meta property=\"product:availability\" content=\"instock\" \/>\n<meta property=\"product:retailer_item_id\" content=\"5207189\" \/>\n<meta property=\"product:condition\" content=\"new\" \/>\n<!-- \/ Yoast SEO Premium plugin. -->","yoast_head_json":{"title":"Kit di coltivazione Royale Flush Iceberg - Dutchmicrodosing","description":"Scopri l'esclusivo Growkit Royale Flush Iceberg! Coltivazione semplice, resa elevata (400\u2013800 g) e pronto all'uso. Ideale per principianti ed esperti.","robots":{"index":"index","follow":"follow","max-snippet":"max-snippet:-1","max-image-preview":"max-image-preview:large","max-video-preview":"max-video-preview:-1"},"canonical":"https:\/\/dutchmicrodosing.com\/it\/funghi-allucinogeni\/kit-di-coltivazione-speciali\/royale-flush-iceberg-growkit\/","og_locale":"it_IT","og_type":"article","og_title":"Kit di coltivazione Royale Flush Iceberg","og_description":"Con il Royale Flush Iceberg Growkit porti a casa una variet\u00e0 di funghi allucinogeni speciale e potente. Questo kit di coltivazione \u00e8 stato sviluppato","og_url":"https:\/\/dutchmicrodosing.com\/it\/funghi-allucinogeni\/kit-di-coltivazione-speciali\/royale-flush-iceberg-growkit\/","og_site_name":"Dutchmicrodosing","article_publisher":"https:\/\/www.facebook.com\/Dutchmicrodosingxp\/","article_modified_time":"2025-08-18T14:53:16+00:00","og_image":[{"width":600,"height":400,"url":"https:\/\/dutchmicrodosing.com\/wp-content\/uploads\/2025\/07\/RoyaleFlush1200ccgrowkit-600x400-1.jpg","type":"image\/jpeg"}],"twitter_card":"summary_large_image","schema":{"@context":"https:\/\/schema.org","@graph":[{"@type":"WebPage","@id":"https:\/\/dutchmicrodosing.com\/it\/funghi-allucinogeni\/kit-di-coltivazione-speciali\/royale-flush-iceberg-growkit\/","url":"https:\/\/dutchmicrodosing.com\/it\/funghi-allucinogeni\/kit-di-coltivazione-speciali\/royale-flush-iceberg-growkit\/","name":"Kit di coltivazione Royale Flush Iceberg - Dutchmicrodosing","isPartOf":{"@id":"https:\/\/dutchmicrodosing.com\/it\/#website"},"primaryImageOfPage":{"@id":"https:\/\/dutchmicrodosing.com\/it\/funghi-allucinogeni\/kit-di-coltivazione-speciali\/royale-flush-iceberg-growkit\/#primaryimage"},"image":{"@id":"https:\/\/dutchmicrodosing.com\/it\/funghi-allucinogeni\/kit-di-coltivazione-speciali\/royale-flush-iceberg-growkit\/#primaryimage"},"thumbnailUrl":"https:\/\/dutchmicrodosing.com\/wp-content\/uploads\/2025\/07\/RoyaleFlush1200ccgrowkit-600x400-1.jpg","datePublished":"2025-07-07T08:30:58+00:00","dateModified":"2025-08-18T14:53:16+00:00","description":"Scopri l'esclusivo Growkit Royale Flush Iceberg! Coltivazione semplice, resa elevata (400\u2013800 g) e pronto all'uso. Ideale per principianti ed esperti.","breadcrumb":{"@id":"https:\/\/dutchmicrodosing.com\/it\/funghi-allucinogeni\/kit-di-coltivazione-speciali\/royale-flush-iceberg-growkit\/#breadcrumb"},"inLanguage":"it-IT","potentialAction":[{"@type":"ReadAction","target":["https:\/\/dutchmicrodosing.com\/it\/funghi-allucinogeni\/kit-di-coltivazione-speciali\/royale-flush-iceberg-growkit\/"]}]},{"@type":"ImageObject","inLanguage":"it-IT","@id":"https:\/\/dutchmicrodosing.com\/it\/funghi-allucinogeni\/kit-di-coltivazione-speciali\/royale-flush-iceberg-growkit\/#primaryimage","url":"https:\/\/dutchmicrodosing.com\/wp-content\/uploads\/2025\/07\/RoyaleFlush1200ccgrowkit-600x400-1.jpg","contentUrl":"https:\/\/dutchmicrodosing.com\/wp-content\/uploads\/2025\/07\/RoyaleFlush1200ccgrowkit-600x400-1.jpg","width":600,"height":400},{"@type":"BreadcrumbList","@id":"https:\/\/dutchmicrodosing.com\/it\/funghi-allucinogeni\/kit-di-coltivazione-speciali\/royale-flush-iceberg-growkit\/#breadcrumb","itemListElement":[{"@type":"ListItem","position":1,"name":"Home","item":"https:\/\/dutchmicrodosing.com\/it\/"},{"@type":"ListItem","position":2,"name":"Negozio","item":"https:\/\/dutchmicrodosing.com\/it\/negozio\/"},{"@type":"ListItem","position":3,"name":"Kit di coltivazione Royale Flush Iceberg"}]},{"@type":"WebSite","@id":"https:\/\/dutchmicrodosing.com\/it\/#website","url":"https:\/\/dutchmicrodosing.com\/it\/","name":"Dutchmicrodosing","description":"","publisher":{"@id":"https:\/\/dutchmicrodosing.com\/it\/#organization"},"potentialAction":[{"@type":"SearchAction","target":{"@type":"EntryPoint","urlTemplate":"https:\/\/dutchmicrodosing.com\/it\/?s={search_term_string}"},"query-input":{"@type":"PropertyValueSpecification","valueRequired":true,"valueName":"search_term_string"}}],"inLanguage":"it-IT"},{"@type":"Organization","@id":"https:\/\/dutchmicrodosing.com\/it\/#organization","name":"Dutchmicrodosing","url":"https:\/\/dutchmicrodosing.com\/it\/","logo":{"@type":"ImageObject","inLanguage":"it-IT","@id":"https:\/\/dutchmicrodosing.com\/it\/#\/schema\/logo\/image\/","url":"https:\/\/dutchmicrodosing.com\/wp-content\/uploads\/2021\/01\/microdosing-categorie-pic-nieuw.jpg","contentUrl":"https:\/\/dutchmicrodosing.com\/wp-content\/uploads\/2021\/01\/microdosing-categorie-pic-nieuw.jpg","width":500,"height":500,"caption":"Dutchmicrodosing"},"image":{"@id":"https:\/\/dutchmicrodosing.com\/it\/#\/schema\/logo\/image\/"},"sameAs":["https:\/\/www.facebook.com\/Dutchmicrodosingxp\/","https:\/\/www.instagram.com\/dutchmicrodosing\/"]}]},"product_price_amount":"37.50","product_price_currency":"EUR","og_availability":"instock","product_availability":"instock","product_retailer_item_id":"5207189","product_condition":"new"},"_links":{"self":[{"href":"https:\/\/dutchmicrodosing.com\/it\/wp-json\/wp\/v2\/product\/50423","targetHints":{"allow":["GET"]}}],"collection":[{"href":"https:\/\/dutchmicrodosing.com\/it\/wp-json\/wp\/v2\/product"}],"about":[{"href":"https:\/\/dutchmicrodosing.com\/it\/wp-json\/wp\/v2\/types\/product"}],"replies":[{"embeddable":true,"href":"https:\/\/dutchmicrodosing.com\/it\/wp-json\/wp\/v2\/comments?post=50423"}],"version-history":[{"count":0,"href":"https:\/\/dutchmicrodosing.com\/it\/wp-json\/wp\/v2\/product\/50423\/revisions"}],"wp:featuredmedia":[{"embeddable":true,"href":"https:\/\/dutchmicrodosing.com\/it\/wp-json\/wp\/v2\/media\/50406"}],"wp:attachment":[{"href":"https:\/\/dutchmicrodosing.com\/it\/wp-json\/wp\/v2\/media?parent=50423"}],"wp:term":[{"taxonomy":"product_brand","embeddable":true,"href":"https:\/\/dutchmicrodosing.com\/it\/wp-json\/wp\/v2\/product_brand?post=50423"},{"taxonomy":"product_cat","embeddable":true,"href":"https:\/\/dutchmicrodosing.com\/it\/wp-json\/wp\/v2\/product_cat?post=50423"},{"taxonomy":"product_tag","embeddable":true,"href":"https:\/\/dutchmicrodosing.com\/it\/wp-json\/wp\/v2\/product_tag?post=50423"}],"curies":[{"name":"wp","href":"https:\/\/api.w.org\/{rel}","templated":true}]}}