{"id":55164,"date":"2025-05-21T20:32:17","date_gmt":"2025-05-21T18:32:17","guid":{"rendered":"https:\/\/dutchmicrodosing.com\/shop\/senza-categoria\/micro-boost-start-coaching\/"},"modified":"2025-09-01T18:00:26","modified_gmt":"2025-09-01T16:00:26","slug":"micro-boost-start-coaching","status":"publish","type":"product","link":"https:\/\/dutchmicrodosing.com\/it\/microdosaggio\/micro-boost-start-coaching\/","title":{"rendered":"Micro Boost Start &#8211; Coaching"},"content":{"rendered":"<p><strong>Micro Boost Start<\/strong> \u00e8 stato appositamente studiato per tutti coloro che desiderano saperne di pi\u00f9 sul microdosaggio e scoprire cosa pu\u00f2 fare per loro in modo accessibile. In una sessione di circa 40 minuti, vi verranno presentate le basi del microdosaggio e il modo in cui pu\u00f2 sostenere lo sviluppo personale se combinato con il coaching.<\/p>\n<p>Questa sessione \u00e8 ideale se siete curiosi di conoscere il microdosaggio, ma volete prima esplorare con calma se questo approccio \u00e8 adatto a voi, senza intraprendere immediatamente un percorso a lungo termine.<\/p>\n<h3>Caratteristiche<\/h3>\n<ul>\n<li>Micro Boost Start spiega chiaramente cosa comporta il microdosaggio.<\/li>\n<li>Sessione personale individuale di circa 40 minuti con un coach esperto<\/li>\n<li>Spazio per domande, esplorazione e approfondimenti pratici<\/li>\n<li>Nessun obbligo: non vincolante e accessibile<\/li>\n<\/ul>\n<h3>Contenuto<\/h3>\n<p>Il corso consiste in una sessione introduttiva; introduzione al microdosaggio e all&#8217;uso consapevole dell&#8217;obiettivo, integrata da consigli personalizzati.<\/p>\n","protected":false},"excerpt":{"rendered":"<p>Micro Boost Start \u00e8 stato appositamente studiato per tutti coloro che desiderano saperne di pi\u00f9 sul microdosaggio e scoprire cosa pu\u00f2 fare per loro in modo accessibile. In una sessione di circa 40 minuti, vi verranno presentate le basi del microdosaggio e il modo in cui pu\u00f2 sostenere lo sviluppo personale se combinato con il [&hellip;]<\/p>\n","protected":false},"featured_media":54955,"comment_status":"closed","ping_status":"closed","template":"","meta":[],"product_brand":[],"product_cat":[174],"product_tag":[],"class_list":{"0":"post-55164","1":"product","2":"type-product","3":"status-publish","4":"has-post-thumbnail","6":"product_cat-microdosaggio","8":"first","9":"instock","10":"downloadable","11":"virtual","12":"taxable","13":"purchasable","14":"product-type-simple"},"yoast_head":"<!-- This site is optimized with the Yoast SEO Premium plugin v26.4 (Yoast SEO v27.2) - https:\/\/yoast.com\/product\/yoast-seo-premium-wordpress\/ -->\n<title>Micro Boost Start - Iniziare il coaching con intuizione e concentrazione<\/title>\n<meta name=\"description\" content=\"Iniziate il vostro percorso di crescita personale con un coaching 1-on-1 di 40 minuti. Chiarezza, direzione e un primo passo verso la trasformazione con il microdosaggio.\" \/>\n<meta name=\"robots\" content=\"index, follow, max-snippet:-1, max-image-preview:large, max-video-preview:-1\" \/>\n<link rel=\"canonical\" href=\"https:\/\/dutchmicrodosing.com\/it\/microdosaggio\/micro-boost-start-coaching\/\" \/>\n<meta property=\"og:locale\" content=\"it_IT\" \/>\n<meta property=\"og:type\" content=\"article\" \/>\n<meta property=\"og:title\" content=\"Micro Boost Start - Coaching\" \/>\n<meta property=\"og:description\" content=\"Micro Boost Start \u00e8 stato appositamente studiato per tutti coloro che desiderano saperne di pi\u00f9 sul microdosaggio e scoprire cosa pu\u00f2 fare per loro in\" \/>\n<meta property=\"og:url\" content=\"https:\/\/dutchmicrodosing.com\/it\/microdosaggio\/micro-boost-start-coaching\/\" \/>\n<meta property=\"og:site_name\" content=\"Dutchmicrodosing\" \/>\n<meta property=\"article:publisher\" content=\"https:\/\/www.facebook.com\/Dutchmicrodosingxp\/\" \/>\n<meta property=\"article:modified_time\" content=\"2025-09-01T16:00:26+00:00\" \/>\n<meta property=\"og:image\" content=\"https:\/\/dutchmicrodosing.com\/wp-content\/uploads\/2025\/08\/b282d6d2-5229-42be-b568-458c20ca5a11.png\" \/>\n\t<meta property=\"og:image:width\" content=\"1024\" \/>\n\t<meta property=\"og:image:height\" content=\"1024\" \/>\n\t<meta property=\"og:image:type\" content=\"image\/png\" \/>\n<meta name=\"twitter:card\" content=\"summary_large_image\" \/>\n<script type=\"application\/ld+json\" class=\"yoast-schema-graph\">{\"@context\":\"https:\/\/schema.org\",\"@graph\":[{\"@type\":\"WebPage\",\"@id\":\"https:\/\/dutchmicrodosing.com\/it\/microdosaggio\/micro-boost-start-coaching\/\",\"url\":\"https:\/\/dutchmicrodosing.com\/it\/microdosaggio\/micro-boost-start-coaching\/\",\"name\":\"Micro Boost Start - Iniziare il coaching con intuizione e concentrazione\",\"isPartOf\":{\"@id\":\"https:\/\/dutchmicrodosing.com\/it\/#website\"},\"primaryImageOfPage\":{\"@id\":\"https:\/\/dutchmicrodosing.com\/it\/microdosaggio\/micro-boost-start-coaching\/#primaryimage\"},\"image\":{\"@id\":\"https:\/\/dutchmicrodosing.com\/it\/microdosaggio\/micro-boost-start-coaching\/#primaryimage\"},\"thumbnailUrl\":\"https:\/\/dutchmicrodosing.com\/wp-content\/uploads\/2025\/08\/b282d6d2-5229-42be-b568-458c20ca5a11.png\",\"datePublished\":\"2025-05-21T18:32:17+00:00\",\"dateModified\":\"2025-09-01T16:00:26+00:00\",\"description\":\"Iniziate il vostro percorso di crescita personale con un coaching 1-on-1 di 40 minuti. Chiarezza, direzione e un primo passo verso la trasformazione con il microdosaggio.\",\"breadcrumb\":{\"@id\":\"https:\/\/dutchmicrodosing.com\/it\/microdosaggio\/micro-boost-start-coaching\/#breadcrumb\"},\"inLanguage\":\"it-IT\",\"potentialAction\":[{\"@type\":\"ReadAction\",\"target\":[\"https:\/\/dutchmicrodosing.com\/it\/microdosaggio\/micro-boost-start-coaching\/\"]}]},{\"@type\":\"ImageObject\",\"inLanguage\":\"it-IT\",\"@id\":\"https:\/\/dutchmicrodosing.com\/it\/microdosaggio\/micro-boost-start-coaching\/#primaryimage\",\"url\":\"https:\/\/dutchmicrodosing.com\/wp-content\/uploads\/2025\/08\/b282d6d2-5229-42be-b568-458c20ca5a11.png\",\"contentUrl\":\"https:\/\/dutchmicrodosing.com\/wp-content\/uploads\/2025\/08\/b282d6d2-5229-42be-b568-458c20ca5a11.png\",\"width\":1024,\"height\":1024,\"caption\":\"inizio microdosaggio\"},{\"@type\":\"BreadcrumbList\",\"@id\":\"https:\/\/dutchmicrodosing.com\/it\/microdosaggio\/micro-boost-start-coaching\/#breadcrumb\",\"itemListElement\":[{\"@type\":\"ListItem\",\"position\":1,\"name\":\"Home\",\"item\":\"https:\/\/dutchmicrodosing.com\/it\/\"},{\"@type\":\"ListItem\",\"position\":2,\"name\":\"Negozio\",\"item\":\"https:\/\/dutchmicrodosing.com\/it\/negozio\/\"},{\"@type\":\"ListItem\",\"position\":3,\"name\":\"Micro Boost Start &#8211; Coaching\"}]},{\"@type\":\"WebSite\",\"@id\":\"https:\/\/dutchmicrodosing.com\/it\/#website\",\"url\":\"https:\/\/dutchmicrodosing.com\/it\/\",\"name\":\"Dutchmicrodosing\",\"description\":\"\",\"publisher\":{\"@id\":\"https:\/\/dutchmicrodosing.com\/it\/#organization\"},\"potentialAction\":[{\"@type\":\"SearchAction\",\"target\":{\"@type\":\"EntryPoint\",\"urlTemplate\":\"https:\/\/dutchmicrodosing.com\/it\/?s={search_term_string}\"},\"query-input\":{\"@type\":\"PropertyValueSpecification\",\"valueRequired\":true,\"valueName\":\"search_term_string\"}}],\"inLanguage\":\"it-IT\"},{\"@type\":\"Organization\",\"@id\":\"https:\/\/dutchmicrodosing.com\/it\/#organization\",\"name\":\"Dutchmicrodosing\",\"url\":\"https:\/\/dutchmicrodosing.com\/it\/\",\"logo\":{\"@type\":\"ImageObject\",\"inLanguage\":\"it-IT\",\"@id\":\"https:\/\/dutchmicrodosing.com\/it\/#\/schema\/logo\/image\/\",\"url\":\"https:\/\/dutchmicrodosing.com\/wp-content\/uploads\/2021\/01\/microdosing-categorie-pic-nieuw.jpg\",\"contentUrl\":\"https:\/\/dutchmicrodosing.com\/wp-content\/uploads\/2021\/01\/microdosing-categorie-pic-nieuw.jpg\",\"width\":500,\"height\":500,\"caption\":\"Dutchmicrodosing\"},\"image\":{\"@id\":\"https:\/\/dutchmicrodosing.com\/it\/#\/schema\/logo\/image\/\"},\"sameAs\":[\"https:\/\/www.facebook.com\/Dutchmicrodosingxp\/\",\"https:\/\/www.instagram.com\/dutchmicrodosing\/\"]}]}<\/script>\n<meta property=\"product:price:amount\" content=\"75.00\" \/>\n<meta property=\"product:price:currency\" content=\"EUR\" \/>\n<meta property=\"og:availability\" content=\"instock\" \/>\n<meta property=\"product:availability\" content=\"instock\" \/>\n<meta property=\"product:retailer_item_id\" content=\"5208782\" \/>\n<meta property=\"product:condition\" content=\"new\" \/>\n<!-- \/ Yoast SEO Premium plugin. -->","yoast_head_json":{"title":"Micro Boost Start - Iniziare il coaching con intuizione e concentrazione","description":"Iniziate il vostro percorso di crescita personale con un coaching 1-on-1 di 40 minuti. Chiarezza, direzione e un primo passo verso la trasformazione con il microdosaggio.","robots":{"index":"index","follow":"follow","max-snippet":"max-snippet:-1","max-image-preview":"max-image-preview:large","max-video-preview":"max-video-preview:-1"},"canonical":"https:\/\/dutchmicrodosing.com\/it\/microdosaggio\/micro-boost-start-coaching\/","og_locale":"it_IT","og_type":"article","og_title":"Micro Boost Start - Coaching","og_description":"Micro Boost Start \u00e8 stato appositamente studiato per tutti coloro che desiderano saperne di pi\u00f9 sul microdosaggio e scoprire cosa pu\u00f2 fare per loro in","og_url":"https:\/\/dutchmicrodosing.com\/it\/microdosaggio\/micro-boost-start-coaching\/","og_site_name":"Dutchmicrodosing","article_publisher":"https:\/\/www.facebook.com\/Dutchmicrodosingxp\/","article_modified_time":"2025-09-01T16:00:26+00:00","og_image":[{"width":1024,"height":1024,"url":"https:\/\/dutchmicrodosing.com\/wp-content\/uploads\/2025\/08\/b282d6d2-5229-42be-b568-458c20ca5a11.png","type":"image\/png"}],"twitter_card":"summary_large_image","schema":{"@context":"https:\/\/schema.org","@graph":[{"@type":"WebPage","@id":"https:\/\/dutchmicrodosing.com\/it\/microdosaggio\/micro-boost-start-coaching\/","url":"https:\/\/dutchmicrodosing.com\/it\/microdosaggio\/micro-boost-start-coaching\/","name":"Micro Boost Start - Iniziare il coaching con intuizione e concentrazione","isPartOf":{"@id":"https:\/\/dutchmicrodosing.com\/it\/#website"},"primaryImageOfPage":{"@id":"https:\/\/dutchmicrodosing.com\/it\/microdosaggio\/micro-boost-start-coaching\/#primaryimage"},"image":{"@id":"https:\/\/dutchmicrodosing.com\/it\/microdosaggio\/micro-boost-start-coaching\/#primaryimage"},"thumbnailUrl":"https:\/\/dutchmicrodosing.com\/wp-content\/uploads\/2025\/08\/b282d6d2-5229-42be-b568-458c20ca5a11.png","datePublished":"2025-05-21T18:32:17+00:00","dateModified":"2025-09-01T16:00:26+00:00","description":"Iniziate il vostro percorso di crescita personale con un coaching 1-on-1 di 40 minuti. Chiarezza, direzione e un primo passo verso la trasformazione con il microdosaggio.","breadcrumb":{"@id":"https:\/\/dutchmicrodosing.com\/it\/microdosaggio\/micro-boost-start-coaching\/#breadcrumb"},"inLanguage":"it-IT","potentialAction":[{"@type":"ReadAction","target":["https:\/\/dutchmicrodosing.com\/it\/microdosaggio\/micro-boost-start-coaching\/"]}]},{"@type":"ImageObject","inLanguage":"it-IT","@id":"https:\/\/dutchmicrodosing.com\/it\/microdosaggio\/micro-boost-start-coaching\/#primaryimage","url":"https:\/\/dutchmicrodosing.com\/wp-content\/uploads\/2025\/08\/b282d6d2-5229-42be-b568-458c20ca5a11.png","contentUrl":"https:\/\/dutchmicrodosing.com\/wp-content\/uploads\/2025\/08\/b282d6d2-5229-42be-b568-458c20ca5a11.png","width":1024,"height":1024,"caption":"inizio microdosaggio"},{"@type":"BreadcrumbList","@id":"https:\/\/dutchmicrodosing.com\/it\/microdosaggio\/micro-boost-start-coaching\/#breadcrumb","itemListElement":[{"@type":"ListItem","position":1,"name":"Home","item":"https:\/\/dutchmicrodosing.com\/it\/"},{"@type":"ListItem","position":2,"name":"Negozio","item":"https:\/\/dutchmicrodosing.com\/it\/negozio\/"},{"@type":"ListItem","position":3,"name":"Micro Boost Start &#8211; Coaching"}]},{"@type":"WebSite","@id":"https:\/\/dutchmicrodosing.com\/it\/#website","url":"https:\/\/dutchmicrodosing.com\/it\/","name":"Dutchmicrodosing","description":"","publisher":{"@id":"https:\/\/dutchmicrodosing.com\/it\/#organization"},"potentialAction":[{"@type":"SearchAction","target":{"@type":"EntryPoint","urlTemplate":"https:\/\/dutchmicrodosing.com\/it\/?s={search_term_string}"},"query-input":{"@type":"PropertyValueSpecification","valueRequired":true,"valueName":"search_term_string"}}],"inLanguage":"it-IT"},{"@type":"Organization","@id":"https:\/\/dutchmicrodosing.com\/it\/#organization","name":"Dutchmicrodosing","url":"https:\/\/dutchmicrodosing.com\/it\/","logo":{"@type":"ImageObject","inLanguage":"it-IT","@id":"https:\/\/dutchmicrodosing.com\/it\/#\/schema\/logo\/image\/","url":"https:\/\/dutchmicrodosing.com\/wp-content\/uploads\/2021\/01\/microdosing-categorie-pic-nieuw.jpg","contentUrl":"https:\/\/dutchmicrodosing.com\/wp-content\/uploads\/2021\/01\/microdosing-categorie-pic-nieuw.jpg","width":500,"height":500,"caption":"Dutchmicrodosing"},"image":{"@id":"https:\/\/dutchmicrodosing.com\/it\/#\/schema\/logo\/image\/"},"sameAs":["https:\/\/www.facebook.com\/Dutchmicrodosingxp\/","https:\/\/www.instagram.com\/dutchmicrodosing\/"]}]},"product_price_amount":"75.00","product_price_currency":"EUR","og_availability":"instock","product_availability":"instock","product_retailer_item_id":"5208782","product_condition":"new"},"_links":{"self":[{"href":"https:\/\/dutchmicrodosing.com\/it\/wp-json\/wp\/v2\/product\/55164","targetHints":{"allow":["GET"]}}],"collection":[{"href":"https:\/\/dutchmicrodosing.com\/it\/wp-json\/wp\/v2\/product"}],"about":[{"href":"https:\/\/dutchmicrodosing.com\/it\/wp-json\/wp\/v2\/types\/product"}],"replies":[{"embeddable":true,"href":"https:\/\/dutchmicrodosing.com\/it\/wp-json\/wp\/v2\/comments?post=55164"}],"version-history":[{"count":0,"href":"https:\/\/dutchmicrodosing.com\/it\/wp-json\/wp\/v2\/product\/55164\/revisions"}],"wp:featuredmedia":[{"embeddable":true,"href":"https:\/\/dutchmicrodosing.com\/it\/wp-json\/wp\/v2\/media\/54955"}],"wp:attachment":[{"href":"https:\/\/dutchmicrodosing.com\/it\/wp-json\/wp\/v2\/media?parent=55164"}],"wp:term":[{"taxonomy":"product_brand","embeddable":true,"href":"https:\/\/dutchmicrodosing.com\/it\/wp-json\/wp\/v2\/product_brand?post=55164"},{"taxonomy":"product_cat","embeddable":true,"href":"https:\/\/dutchmicrodosing.com\/it\/wp-json\/wp\/v2\/product_cat?post=55164"},{"taxonomy":"product_tag","embeddable":true,"href":"https:\/\/dutchmicrodosing.com\/it\/wp-json\/wp\/v2\/product_tag?post=55164"}],"curies":[{"name":"wp","href":"https:\/\/api.w.org\/{rel}","templated":true}]}}