{"id":58538,"date":"2025-10-17T13:56:30","date_gmt":"2025-10-17T11:56:30","guid":{"rendered":"https:\/\/dutchmicrodosing.com\/shop\/senza-categoria\/cioccolatini-date-night\/"},"modified":"2026-01-08T11:53:04","modified_gmt":"2026-01-08T10:53:04","slug":"cioccolatini-date-night","status":"publish","type":"product","link":"https:\/\/dutchmicrodosing.com\/it\/negozio-di-salute\/vitamine-e-integratori\/cioccolatini-date-night\/","title":{"rendered":"Cioccolatini Date Night"},"content":{"rendered":"<p>Scopri la magia di godervi insieme con questi speciali <strong>cioccolatini Date Night<\/strong>, realizzati con ingredienti naturali come maca, ginseng, arginina e damiana. Questa combinazione unica regala un&#8217;esperienza calda, giocosa e romantica.<\/p>\n<p>Il mix di cioccolato fondente con fragola e una sottile sensazione scoppiettante stimola i sensi e ti far\u00e0 sorridere. In ogni confezione troverai inoltre una carta Truth or Dare e una playlist d&#8217;amore appositamente creata \u2013 tutto ci\u00f2 di cui hai bisogno per una serata piacevole e intima insieme.<\/p>\n<p>Il cioccolato \u00e8 completamente naturale e privo di additivi artificiali. Il cioccolato fondente \u00e8 noto per il suo sapore ricco e l&#8217;aggiunta di ingredienti botanici accuratamente selezionati rende il tutto ancora pi\u00f9 speciale.<\/p>\n<h3>Composizione naturale<\/h3>\n<p>La maca \u00e8 nota per le sue propriet\u00e0 di supporto per la vitalit\u00e0 e l&#8217;equilibrio.<br \/>\nIl Panax ginseng \u00e8 tradizionalmente usato per energia extra e resilienza.<br \/>\nLa damiana \u00e8 amata da secoli per il suo carattere rilassante e suggestivo.<\/p>\n<p>Questi ingredienti naturali si completano a vicenda e creano una combinazione armoniosa che si adatta perfettamente a un&#8217;atmosfera rilassata e amorevole.<\/p>\n<h3>Prodotto in sicurezza<\/h3>\n<p>I cioccolatini Date Night sono prodotti con cura in Europa in stabilimenti certificati, con attenzione alla qualit\u00e0 e all&#8217;origine di ogni ingrediente.<\/p>\n<h3>Ingredienti<\/h3>\n<p>Cioccolato fondente (massa di cacao, zucchero di canna, burro di cacao), fragole liofilizzate, caramelle scoppiettanti (zucchero, lattosio, latte, glucosio, anidride carbonica), maca gialla, peperoncino di Cayenna, panax ginseng, estratto di damiana, arginina.<\/p>\n<p>Pu\u00f2 contenere tracce di frutta a guscio, arachidi, grano, soia e uova.<\/p>\n<h3>Contenuto della confezione<\/h3>\n<p>Quattro porzioni di cioccolato e una carta da gioco Truth or Dare.<\/p>\n","protected":false},"excerpt":{"rendered":"<p>Scopri la magia di godervi insieme con questi speciali cioccolatini Date Night, realizzati con ingredienti naturali come maca, ginseng, arginina e damiana. Questa combinazione unica regala un&#8217;esperienza calda, giocosa e romantica. Il mix di cioccolato fondente con fragola e una sottile sensazione scoppiettante stimola i sensi e ti far\u00e0 sorridere. In ogni confezione troverai inoltre [&hellip;]<\/p>\n","protected":false},"featured_media":58539,"comment_status":"closed","ping_status":"closed","template":"","meta":[],"product_brand":[],"product_cat":[651,173],"product_tag":[],"class_list":{"0":"post-58538","1":"product","2":"type-product","3":"status-publish","4":"has-post-thumbnail","6":"product_cat-erbe-afrodisiache-naturali","7":"product_cat-vitamine-e-integratori","9":"first","10":"instock","11":"taxable","12":"shipping-taxable","13":"purchasable","14":"product-type-simple"},"yoast_head":"<!-- This site is optimized with the Yoast SEO Premium plugin v26.4 (Yoast SEO v27.2) - https:\/\/yoast.com\/product\/yoast-seo-premium-wordpress\/ -->\n<title>Cioccolatini Date Night - Dutchmicrodosing<\/title>\n<meta name=\"robots\" content=\"index, follow, max-snippet:-1, max-image-preview:large, max-video-preview:-1\" \/>\n<link rel=\"canonical\" href=\"https:\/\/dutchmicrodosing.com\/it\/negozio-di-salute\/vitamine-e-integratori\/cioccolatini-date-night\/\" \/>\n<meta property=\"og:locale\" content=\"it_IT\" \/>\n<meta property=\"og:type\" content=\"article\" \/>\n<meta property=\"og:title\" content=\"Cioccolatini Date Night\" \/>\n<meta property=\"og:description\" content=\"Scopri la magia di godervi insieme con questi speciali cioccolatini Date Night, realizzati con ingredienti naturali come maca, ginseng, arginina e\" \/>\n<meta property=\"og:url\" content=\"https:\/\/dutchmicrodosing.com\/it\/negozio-di-salute\/vitamine-e-integratori\/cioccolatini-date-night\/\" \/>\n<meta property=\"og:site_name\" content=\"Dutchmicrodosing\" \/>\n<meta property=\"article:publisher\" content=\"https:\/\/www.facebook.com\/Dutchmicrodosingxp\/\" \/>\n<meta property=\"article:modified_time\" content=\"2026-01-08T10:53:04+00:00\" \/>\n<meta property=\"og:image\" content=\"https:\/\/dutchmicrodosing.com\/wp-content\/uploads\/2025\/10\/date-night-choco.jpg\" \/>\n\t<meta property=\"og:image:width\" content=\"600\" \/>\n\t<meta property=\"og:image:height\" content=\"600\" \/>\n\t<meta property=\"og:image:type\" content=\"image\/jpeg\" \/>\n<meta name=\"twitter:card\" content=\"summary_large_image\" \/>\n<script type=\"application\/ld+json\" class=\"yoast-schema-graph\">{\"@context\":\"https:\/\/schema.org\",\"@graph\":[{\"@type\":\"WebPage\",\"@id\":\"https:\/\/dutchmicrodosing.com\/it\/negozio-di-salute\/vitamine-e-integratori\/cioccolatini-date-night\/\",\"url\":\"https:\/\/dutchmicrodosing.com\/it\/negozio-di-salute\/vitamine-e-integratori\/cioccolatini-date-night\/\",\"name\":\"Cioccolatini Date Night - Dutchmicrodosing\",\"isPartOf\":{\"@id\":\"https:\/\/dutchmicrodosing.com\/it\/#website\"},\"primaryImageOfPage\":{\"@id\":\"https:\/\/dutchmicrodosing.com\/it\/negozio-di-salute\/vitamine-e-integratori\/cioccolatini-date-night\/#primaryimage\"},\"image\":{\"@id\":\"https:\/\/dutchmicrodosing.com\/it\/negozio-di-salute\/vitamine-e-integratori\/cioccolatini-date-night\/#primaryimage\"},\"thumbnailUrl\":\"https:\/\/dutchmicrodosing.com\/wp-content\/uploads\/2025\/10\/date-night-choco.jpg\",\"datePublished\":\"2025-10-17T11:56:30+00:00\",\"dateModified\":\"2026-01-08T10:53:04+00:00\",\"breadcrumb\":{\"@id\":\"https:\/\/dutchmicrodosing.com\/it\/negozio-di-salute\/vitamine-e-integratori\/cioccolatini-date-night\/#breadcrumb\"},\"inLanguage\":\"it-IT\",\"potentialAction\":[{\"@type\":\"ReadAction\",\"target\":[\"https:\/\/dutchmicrodosing.com\/it\/negozio-di-salute\/vitamine-e-integratori\/cioccolatini-date-night\/\"]}]},{\"@type\":\"ImageObject\",\"inLanguage\":\"it-IT\",\"@id\":\"https:\/\/dutchmicrodosing.com\/it\/negozio-di-salute\/vitamine-e-integratori\/cioccolatini-date-night\/#primaryimage\",\"url\":\"https:\/\/dutchmicrodosing.com\/wp-content\/uploads\/2025\/10\/date-night-choco.jpg\",\"contentUrl\":\"https:\/\/dutchmicrodosing.com\/wp-content\/uploads\/2025\/10\/date-night-choco.jpg\",\"width\":600,\"height\":600},{\"@type\":\"BreadcrumbList\",\"@id\":\"https:\/\/dutchmicrodosing.com\/it\/negozio-di-salute\/vitamine-e-integratori\/cioccolatini-date-night\/#breadcrumb\",\"itemListElement\":[{\"@type\":\"ListItem\",\"position\":1,\"name\":\"Home\",\"item\":\"https:\/\/dutchmicrodosing.com\/it\/\"},{\"@type\":\"ListItem\",\"position\":2,\"name\":\"Negozio\",\"item\":\"https:\/\/dutchmicrodosing.com\/it\/negozio\/\"},{\"@type\":\"ListItem\",\"position\":3,\"name\":\"Cioccolatini Date Night\"}]},{\"@type\":\"WebSite\",\"@id\":\"https:\/\/dutchmicrodosing.com\/it\/#website\",\"url\":\"https:\/\/dutchmicrodosing.com\/it\/\",\"name\":\"Dutchmicrodosing\",\"description\":\"\",\"publisher\":{\"@id\":\"https:\/\/dutchmicrodosing.com\/it\/#organization\"},\"potentialAction\":[{\"@type\":\"SearchAction\",\"target\":{\"@type\":\"EntryPoint\",\"urlTemplate\":\"https:\/\/dutchmicrodosing.com\/it\/?s={search_term_string}\"},\"query-input\":{\"@type\":\"PropertyValueSpecification\",\"valueRequired\":true,\"valueName\":\"search_term_string\"}}],\"inLanguage\":\"it-IT\"},{\"@type\":\"Organization\",\"@id\":\"https:\/\/dutchmicrodosing.com\/it\/#organization\",\"name\":\"Dutchmicrodosing\",\"url\":\"https:\/\/dutchmicrodosing.com\/it\/\",\"logo\":{\"@type\":\"ImageObject\",\"inLanguage\":\"it-IT\",\"@id\":\"https:\/\/dutchmicrodosing.com\/it\/#\/schema\/logo\/image\/\",\"url\":\"https:\/\/dutchmicrodosing.com\/wp-content\/uploads\/2021\/01\/microdosing-categorie-pic-nieuw.jpg\",\"contentUrl\":\"https:\/\/dutchmicrodosing.com\/wp-content\/uploads\/2021\/01\/microdosing-categorie-pic-nieuw.jpg\",\"width\":500,\"height\":500,\"caption\":\"Dutchmicrodosing\"},\"image\":{\"@id\":\"https:\/\/dutchmicrodosing.com\/it\/#\/schema\/logo\/image\/\"},\"sameAs\":[\"https:\/\/www.facebook.com\/Dutchmicrodosingxp\/\",\"https:\/\/www.instagram.com\/dutchmicrodosing\/\"]}]}<\/script>\n<meta property=\"product:price:amount\" content=\"19.95\" \/>\n<meta property=\"product:price:currency\" content=\"EUR\" \/>\n<meta property=\"og:availability\" content=\"instock\" \/>\n<meta property=\"product:availability\" content=\"instock\" \/>\n<meta property=\"product:retailer_item_id\" content=\"5210245\" \/>\n<meta property=\"product:condition\" content=\"new\" \/>\n<!-- \/ Yoast SEO Premium plugin. -->","yoast_head_json":{"title":"Cioccolatini Date Night - Dutchmicrodosing","robots":{"index":"index","follow":"follow","max-snippet":"max-snippet:-1","max-image-preview":"max-image-preview:large","max-video-preview":"max-video-preview:-1"},"canonical":"https:\/\/dutchmicrodosing.com\/it\/negozio-di-salute\/vitamine-e-integratori\/cioccolatini-date-night\/","og_locale":"it_IT","og_type":"article","og_title":"Cioccolatini Date Night","og_description":"Scopri la magia di godervi insieme con questi speciali cioccolatini Date Night, realizzati con ingredienti naturali come maca, ginseng, arginina e","og_url":"https:\/\/dutchmicrodosing.com\/it\/negozio-di-salute\/vitamine-e-integratori\/cioccolatini-date-night\/","og_site_name":"Dutchmicrodosing","article_publisher":"https:\/\/www.facebook.com\/Dutchmicrodosingxp\/","article_modified_time":"2026-01-08T10:53:04+00:00","og_image":[{"width":600,"height":600,"url":"https:\/\/dutchmicrodosing.com\/wp-content\/uploads\/2025\/10\/date-night-choco.jpg","type":"image\/jpeg"}],"twitter_card":"summary_large_image","schema":{"@context":"https:\/\/schema.org","@graph":[{"@type":"WebPage","@id":"https:\/\/dutchmicrodosing.com\/it\/negozio-di-salute\/vitamine-e-integratori\/cioccolatini-date-night\/","url":"https:\/\/dutchmicrodosing.com\/it\/negozio-di-salute\/vitamine-e-integratori\/cioccolatini-date-night\/","name":"Cioccolatini Date Night - Dutchmicrodosing","isPartOf":{"@id":"https:\/\/dutchmicrodosing.com\/it\/#website"},"primaryImageOfPage":{"@id":"https:\/\/dutchmicrodosing.com\/it\/negozio-di-salute\/vitamine-e-integratori\/cioccolatini-date-night\/#primaryimage"},"image":{"@id":"https:\/\/dutchmicrodosing.com\/it\/negozio-di-salute\/vitamine-e-integratori\/cioccolatini-date-night\/#primaryimage"},"thumbnailUrl":"https:\/\/dutchmicrodosing.com\/wp-content\/uploads\/2025\/10\/date-night-choco.jpg","datePublished":"2025-10-17T11:56:30+00:00","dateModified":"2026-01-08T10:53:04+00:00","breadcrumb":{"@id":"https:\/\/dutchmicrodosing.com\/it\/negozio-di-salute\/vitamine-e-integratori\/cioccolatini-date-night\/#breadcrumb"},"inLanguage":"it-IT","potentialAction":[{"@type":"ReadAction","target":["https:\/\/dutchmicrodosing.com\/it\/negozio-di-salute\/vitamine-e-integratori\/cioccolatini-date-night\/"]}]},{"@type":"ImageObject","inLanguage":"it-IT","@id":"https:\/\/dutchmicrodosing.com\/it\/negozio-di-salute\/vitamine-e-integratori\/cioccolatini-date-night\/#primaryimage","url":"https:\/\/dutchmicrodosing.com\/wp-content\/uploads\/2025\/10\/date-night-choco.jpg","contentUrl":"https:\/\/dutchmicrodosing.com\/wp-content\/uploads\/2025\/10\/date-night-choco.jpg","width":600,"height":600},{"@type":"BreadcrumbList","@id":"https:\/\/dutchmicrodosing.com\/it\/negozio-di-salute\/vitamine-e-integratori\/cioccolatini-date-night\/#breadcrumb","itemListElement":[{"@type":"ListItem","position":1,"name":"Home","item":"https:\/\/dutchmicrodosing.com\/it\/"},{"@type":"ListItem","position":2,"name":"Negozio","item":"https:\/\/dutchmicrodosing.com\/it\/negozio\/"},{"@type":"ListItem","position":3,"name":"Cioccolatini Date Night"}]},{"@type":"WebSite","@id":"https:\/\/dutchmicrodosing.com\/it\/#website","url":"https:\/\/dutchmicrodosing.com\/it\/","name":"Dutchmicrodosing","description":"","publisher":{"@id":"https:\/\/dutchmicrodosing.com\/it\/#organization"},"potentialAction":[{"@type":"SearchAction","target":{"@type":"EntryPoint","urlTemplate":"https:\/\/dutchmicrodosing.com\/it\/?s={search_term_string}"},"query-input":{"@type":"PropertyValueSpecification","valueRequired":true,"valueName":"search_term_string"}}],"inLanguage":"it-IT"},{"@type":"Organization","@id":"https:\/\/dutchmicrodosing.com\/it\/#organization","name":"Dutchmicrodosing","url":"https:\/\/dutchmicrodosing.com\/it\/","logo":{"@type":"ImageObject","inLanguage":"it-IT","@id":"https:\/\/dutchmicrodosing.com\/it\/#\/schema\/logo\/image\/","url":"https:\/\/dutchmicrodosing.com\/wp-content\/uploads\/2021\/01\/microdosing-categorie-pic-nieuw.jpg","contentUrl":"https:\/\/dutchmicrodosing.com\/wp-content\/uploads\/2021\/01\/microdosing-categorie-pic-nieuw.jpg","width":500,"height":500,"caption":"Dutchmicrodosing"},"image":{"@id":"https:\/\/dutchmicrodosing.com\/it\/#\/schema\/logo\/image\/"},"sameAs":["https:\/\/www.facebook.com\/Dutchmicrodosingxp\/","https:\/\/www.instagram.com\/dutchmicrodosing\/"]}]},"product_price_amount":"19.95","product_price_currency":"EUR","og_availability":"instock","product_availability":"instock","product_retailer_item_id":"5210245","product_condition":"new"},"_links":{"self":[{"href":"https:\/\/dutchmicrodosing.com\/it\/wp-json\/wp\/v2\/product\/58538","targetHints":{"allow":["GET"]}}],"collection":[{"href":"https:\/\/dutchmicrodosing.com\/it\/wp-json\/wp\/v2\/product"}],"about":[{"href":"https:\/\/dutchmicrodosing.com\/it\/wp-json\/wp\/v2\/types\/product"}],"replies":[{"embeddable":true,"href":"https:\/\/dutchmicrodosing.com\/it\/wp-json\/wp\/v2\/comments?post=58538"}],"version-history":[{"count":1,"href":"https:\/\/dutchmicrodosing.com\/it\/wp-json\/wp\/v2\/product\/58538\/revisions"}],"predecessor-version":[{"id":59428,"href":"https:\/\/dutchmicrodosing.com\/it\/wp-json\/wp\/v2\/product\/58538\/revisions\/59428"}],"wp:featuredmedia":[{"embeddable":true,"href":"https:\/\/dutchmicrodosing.com\/it\/wp-json\/wp\/v2\/media\/58539"}],"wp:attachment":[{"href":"https:\/\/dutchmicrodosing.com\/it\/wp-json\/wp\/v2\/media?parent=58538"}],"wp:term":[{"taxonomy":"product_brand","embeddable":true,"href":"https:\/\/dutchmicrodosing.com\/it\/wp-json\/wp\/v2\/product_brand?post=58538"},{"taxonomy":"product_cat","embeddable":true,"href":"https:\/\/dutchmicrodosing.com\/it\/wp-json\/wp\/v2\/product_cat?post=58538"},{"taxonomy":"product_tag","embeddable":true,"href":"https:\/\/dutchmicrodosing.com\/it\/wp-json\/wp\/v2\/product_tag?post=58538"}],"curies":[{"name":"wp","href":"https:\/\/api.w.org\/{rel}","templated":true}]}}