{"id":59474,"date":"2025-10-31T08:12:41","date_gmt":"2025-10-31T07:12:41","guid":{"rendered":"https:\/\/dutchmicrodosing.com\/shop\/senza-categoria\/muira-puama-60-capsule\/"},"modified":"2025-11-11T15:16:22","modified_gmt":"2025-11-11T14:16:22","slug":"muira-puama-60-capsule","status":"publish","type":"product","link":"https:\/\/dutchmicrodosing.com\/it\/erbe-botaniche\/erbe-afrodisiache-naturali\/muira-puama-60-capsule\/","title":{"rendered":"Muira Puama &#8211; 60 capsule"},"content":{"rendered":"<p><strong>Muira Puama &#8211; 60 capsule <\/strong>del marchio Indian Elements<strong>,<\/strong> \u00e8 anche conosciuta come legno della potenza e proviene dalle foreste pluviali tropicali dell&#8217;Amazzonia. Questa pianta speciale \u00e8 stata usata per generazioni per il suo carattere stimolante ed \u00e8 spesso scelta da persone che cercano energia extra ed esperienze in modo naturale.<\/p>\n<h3>Caratteristiche<\/h3>\n<p>La Muira Puama \u00e8 popolare come afrodisiaco naturale ed \u00e8 nota per le sue propriet\u00e0 rilassanti e leggermente stimolanti. Ideale durante i momenti intimi o quando hai bisogno di una spinta in pi\u00f9. Le capsule possono anche essere combinate bene con la Damiana per un effetto potenziante.<\/p>\n<h3>Ingredienti e\/o composizione<\/h3>\n<p>Estratto puro di Muira Puama (Ptychopetalum Olacoides)<\/p>\n<h3>Utilizzo<\/h3>\n<p>Assumi una capsula al giorno con un bicchiere d&#8217;acqua o succo. A seconda delle tue preferenze personali, puoi aumentare gradualmente il dosaggio.<\/p>\n<h3>Contenuto<\/h3>\n<p>60 capsule di Muira Puama di Indian Elements<\/p>\n<h3>Disclaimer<\/h3>\n<p><em>Il contenuto di questo testo ha uno scopo puramente informativo e non sostituisce una consulenza professionale. Questo prodotto non \u00e8 un farmaco e non \u00e8 destinato a diagnosticare, trattare o curare alcuna condizione medica.<\/em><\/p>\n","protected":false},"excerpt":{"rendered":"<p>Muira Puama &#8211; 60 capsule del marchio Indian Elements, \u00e8 anche conosciuta come legno della potenza e proviene dalle foreste pluviali tropicali dell&#8217;Amazzonia. Questa pianta speciale \u00e8 stata usata per generazioni per il suo carattere stimolante ed \u00e8 spesso scelta da persone che cercano energia extra ed esperienze in modo naturale. Caratteristiche La Muira Puama [&hellip;]<\/p>\n","protected":false},"featured_media":59475,"comment_status":"closed","ping_status":"closed","template":"","meta":[],"product_brand":[],"product_cat":[651],"product_tag":[],"class_list":{"0":"post-59474","1":"product","2":"type-product","3":"status-publish","4":"has-post-thumbnail","6":"product_cat-erbe-afrodisiache-naturali","8":"first","9":"instock","10":"taxable","11":"shipping-taxable","12":"purchasable","13":"product-type-simple"},"yoast_head":"<!-- This site is optimized with the Yoast SEO Premium plugin v26.4 (Yoast SEO v27.2) - https:\/\/yoast.com\/product\/yoast-seo-premium-wordpress\/ -->\n<title>Muira Puama - 60 capsule - Dutchmicrodosing<\/title>\n<meta name=\"robots\" content=\"index, follow, max-snippet:-1, max-image-preview:large, max-video-preview:-1\" \/>\n<link rel=\"canonical\" href=\"https:\/\/dutchmicrodosing.com\/it\/erbe-botaniche\/erbe-afrodisiache-naturali\/muira-puama-60-capsule\/\" \/>\n<meta property=\"og:locale\" content=\"it_IT\" \/>\n<meta property=\"og:type\" content=\"article\" \/>\n<meta property=\"og:title\" content=\"Muira Puama - 60 capsule\" \/>\n<meta property=\"og:description\" content=\"Muira Puama - 60 capsule del marchio Indian Elements, \u00e8 anche conosciuta come legno della potenza e proviene dalle foreste pluviali tropicali\" \/>\n<meta property=\"og:url\" content=\"https:\/\/dutchmicrodosing.com\/it\/erbe-botaniche\/erbe-afrodisiache-naturali\/muira-puama-60-capsule\/\" \/>\n<meta property=\"og:site_name\" content=\"Dutchmicrodosing\" \/>\n<meta property=\"article:publisher\" content=\"https:\/\/www.facebook.com\/Dutchmicrodosingxp\/\" \/>\n<meta property=\"article:modified_time\" content=\"2025-11-11T14:16:22+00:00\" \/>\n<meta property=\"og:image\" content=\"https:\/\/dutchmicrodosing.com\/wp-content\/uploads\/2025\/10\/Muira-Puama-Capsules.jpg\" \/>\n\t<meta property=\"og:image:width\" content=\"1000\" \/>\n\t<meta property=\"og:image:height\" content=\"1000\" \/>\n\t<meta property=\"og:image:type\" content=\"image\/jpeg\" \/>\n<meta name=\"twitter:card\" content=\"summary_large_image\" \/>\n<script type=\"application\/ld+json\" class=\"yoast-schema-graph\">{\"@context\":\"https:\/\/schema.org\",\"@graph\":[{\"@type\":\"WebPage\",\"@id\":\"https:\/\/dutchmicrodosing.com\/it\/erbe-botaniche\/erbe-afrodisiache-naturali\/muira-puama-60-capsule\/\",\"url\":\"https:\/\/dutchmicrodosing.com\/it\/erbe-botaniche\/erbe-afrodisiache-naturali\/muira-puama-60-capsule\/\",\"name\":\"Muira Puama - 60 capsule - Dutchmicrodosing\",\"isPartOf\":{\"@id\":\"https:\/\/dutchmicrodosing.com\/it\/#website\"},\"primaryImageOfPage\":{\"@id\":\"https:\/\/dutchmicrodosing.com\/it\/erbe-botaniche\/erbe-afrodisiache-naturali\/muira-puama-60-capsule\/#primaryimage\"},\"image\":{\"@id\":\"https:\/\/dutchmicrodosing.com\/it\/erbe-botaniche\/erbe-afrodisiache-naturali\/muira-puama-60-capsule\/#primaryimage\"},\"thumbnailUrl\":\"https:\/\/dutchmicrodosing.com\/wp-content\/uploads\/2025\/10\/Muira-Puama-Capsules.jpg\",\"datePublished\":\"2025-10-31T07:12:41+00:00\",\"dateModified\":\"2025-11-11T14:16:22+00:00\",\"breadcrumb\":{\"@id\":\"https:\/\/dutchmicrodosing.com\/it\/erbe-botaniche\/erbe-afrodisiache-naturali\/muira-puama-60-capsule\/#breadcrumb\"},\"inLanguage\":\"it-IT\",\"potentialAction\":[{\"@type\":\"ReadAction\",\"target\":[\"https:\/\/dutchmicrodosing.com\/it\/erbe-botaniche\/erbe-afrodisiache-naturali\/muira-puama-60-capsule\/\"]}]},{\"@type\":\"ImageObject\",\"inLanguage\":\"it-IT\",\"@id\":\"https:\/\/dutchmicrodosing.com\/it\/erbe-botaniche\/erbe-afrodisiache-naturali\/muira-puama-60-capsule\/#primaryimage\",\"url\":\"https:\/\/dutchmicrodosing.com\/wp-content\/uploads\/2025\/10\/Muira-Puama-Capsules.jpg\",\"contentUrl\":\"https:\/\/dutchmicrodosing.com\/wp-content\/uploads\/2025\/10\/Muira-Puama-Capsules.jpg\",\"width\":1000,\"height\":1000},{\"@type\":\"BreadcrumbList\",\"@id\":\"https:\/\/dutchmicrodosing.com\/it\/erbe-botaniche\/erbe-afrodisiache-naturali\/muira-puama-60-capsule\/#breadcrumb\",\"itemListElement\":[{\"@type\":\"ListItem\",\"position\":1,\"name\":\"Home\",\"item\":\"https:\/\/dutchmicrodosing.com\/it\/\"},{\"@type\":\"ListItem\",\"position\":2,\"name\":\"Negozio\",\"item\":\"https:\/\/dutchmicrodosing.com\/it\/negozio\/\"},{\"@type\":\"ListItem\",\"position\":3,\"name\":\"Muira Puama &#8211; 60 capsule\"}]},{\"@type\":\"WebSite\",\"@id\":\"https:\/\/dutchmicrodosing.com\/it\/#website\",\"url\":\"https:\/\/dutchmicrodosing.com\/it\/\",\"name\":\"Dutchmicrodosing\",\"description\":\"\",\"publisher\":{\"@id\":\"https:\/\/dutchmicrodosing.com\/it\/#organization\"},\"potentialAction\":[{\"@type\":\"SearchAction\",\"target\":{\"@type\":\"EntryPoint\",\"urlTemplate\":\"https:\/\/dutchmicrodosing.com\/it\/?s={search_term_string}\"},\"query-input\":{\"@type\":\"PropertyValueSpecification\",\"valueRequired\":true,\"valueName\":\"search_term_string\"}}],\"inLanguage\":\"it-IT\"},{\"@type\":\"Organization\",\"@id\":\"https:\/\/dutchmicrodosing.com\/it\/#organization\",\"name\":\"Dutchmicrodosing\",\"url\":\"https:\/\/dutchmicrodosing.com\/it\/\",\"logo\":{\"@type\":\"ImageObject\",\"inLanguage\":\"it-IT\",\"@id\":\"https:\/\/dutchmicrodosing.com\/it\/#\/schema\/logo\/image\/\",\"url\":\"https:\/\/dutchmicrodosing.com\/wp-content\/uploads\/2021\/01\/microdosing-categorie-pic-nieuw.jpg\",\"contentUrl\":\"https:\/\/dutchmicrodosing.com\/wp-content\/uploads\/2021\/01\/microdosing-categorie-pic-nieuw.jpg\",\"width\":500,\"height\":500,\"caption\":\"Dutchmicrodosing\"},\"image\":{\"@id\":\"https:\/\/dutchmicrodosing.com\/it\/#\/schema\/logo\/image\/\"},\"sameAs\":[\"https:\/\/www.facebook.com\/Dutchmicrodosingxp\/\",\"https:\/\/www.instagram.com\/dutchmicrodosing\/\"]}]}<\/script>\n<meta property=\"product:price:amount\" content=\"11.95\" \/>\n<meta property=\"product:price:currency\" content=\"EUR\" \/>\n<meta property=\"og:availability\" content=\"instock\" \/>\n<meta property=\"product:availability\" content=\"instock\" \/>\n<meta property=\"product:retailer_item_id\" content=\"8101926\" \/>\n<meta property=\"product:condition\" content=\"new\" \/>\n<!-- \/ Yoast SEO Premium plugin. -->","yoast_head_json":{"title":"Muira Puama - 60 capsule - Dutchmicrodosing","robots":{"index":"index","follow":"follow","max-snippet":"max-snippet:-1","max-image-preview":"max-image-preview:large","max-video-preview":"max-video-preview:-1"},"canonical":"https:\/\/dutchmicrodosing.com\/it\/erbe-botaniche\/erbe-afrodisiache-naturali\/muira-puama-60-capsule\/","og_locale":"it_IT","og_type":"article","og_title":"Muira Puama - 60 capsule","og_description":"Muira Puama - 60 capsule del marchio Indian Elements, \u00e8 anche conosciuta come legno della potenza e proviene dalle foreste pluviali tropicali","og_url":"https:\/\/dutchmicrodosing.com\/it\/erbe-botaniche\/erbe-afrodisiache-naturali\/muira-puama-60-capsule\/","og_site_name":"Dutchmicrodosing","article_publisher":"https:\/\/www.facebook.com\/Dutchmicrodosingxp\/","article_modified_time":"2025-11-11T14:16:22+00:00","og_image":[{"width":1000,"height":1000,"url":"https:\/\/dutchmicrodosing.com\/wp-content\/uploads\/2025\/10\/Muira-Puama-Capsules.jpg","type":"image\/jpeg"}],"twitter_card":"summary_large_image","schema":{"@context":"https:\/\/schema.org","@graph":[{"@type":"WebPage","@id":"https:\/\/dutchmicrodosing.com\/it\/erbe-botaniche\/erbe-afrodisiache-naturali\/muira-puama-60-capsule\/","url":"https:\/\/dutchmicrodosing.com\/it\/erbe-botaniche\/erbe-afrodisiache-naturali\/muira-puama-60-capsule\/","name":"Muira Puama - 60 capsule - Dutchmicrodosing","isPartOf":{"@id":"https:\/\/dutchmicrodosing.com\/it\/#website"},"primaryImageOfPage":{"@id":"https:\/\/dutchmicrodosing.com\/it\/erbe-botaniche\/erbe-afrodisiache-naturali\/muira-puama-60-capsule\/#primaryimage"},"image":{"@id":"https:\/\/dutchmicrodosing.com\/it\/erbe-botaniche\/erbe-afrodisiache-naturali\/muira-puama-60-capsule\/#primaryimage"},"thumbnailUrl":"https:\/\/dutchmicrodosing.com\/wp-content\/uploads\/2025\/10\/Muira-Puama-Capsules.jpg","datePublished":"2025-10-31T07:12:41+00:00","dateModified":"2025-11-11T14:16:22+00:00","breadcrumb":{"@id":"https:\/\/dutchmicrodosing.com\/it\/erbe-botaniche\/erbe-afrodisiache-naturali\/muira-puama-60-capsule\/#breadcrumb"},"inLanguage":"it-IT","potentialAction":[{"@type":"ReadAction","target":["https:\/\/dutchmicrodosing.com\/it\/erbe-botaniche\/erbe-afrodisiache-naturali\/muira-puama-60-capsule\/"]}]},{"@type":"ImageObject","inLanguage":"it-IT","@id":"https:\/\/dutchmicrodosing.com\/it\/erbe-botaniche\/erbe-afrodisiache-naturali\/muira-puama-60-capsule\/#primaryimage","url":"https:\/\/dutchmicrodosing.com\/wp-content\/uploads\/2025\/10\/Muira-Puama-Capsules.jpg","contentUrl":"https:\/\/dutchmicrodosing.com\/wp-content\/uploads\/2025\/10\/Muira-Puama-Capsules.jpg","width":1000,"height":1000},{"@type":"BreadcrumbList","@id":"https:\/\/dutchmicrodosing.com\/it\/erbe-botaniche\/erbe-afrodisiache-naturali\/muira-puama-60-capsule\/#breadcrumb","itemListElement":[{"@type":"ListItem","position":1,"name":"Home","item":"https:\/\/dutchmicrodosing.com\/it\/"},{"@type":"ListItem","position":2,"name":"Negozio","item":"https:\/\/dutchmicrodosing.com\/it\/negozio\/"},{"@type":"ListItem","position":3,"name":"Muira Puama &#8211; 60 capsule"}]},{"@type":"WebSite","@id":"https:\/\/dutchmicrodosing.com\/it\/#website","url":"https:\/\/dutchmicrodosing.com\/it\/","name":"Dutchmicrodosing","description":"","publisher":{"@id":"https:\/\/dutchmicrodosing.com\/it\/#organization"},"potentialAction":[{"@type":"SearchAction","target":{"@type":"EntryPoint","urlTemplate":"https:\/\/dutchmicrodosing.com\/it\/?s={search_term_string}"},"query-input":{"@type":"PropertyValueSpecification","valueRequired":true,"valueName":"search_term_string"}}],"inLanguage":"it-IT"},{"@type":"Organization","@id":"https:\/\/dutchmicrodosing.com\/it\/#organization","name":"Dutchmicrodosing","url":"https:\/\/dutchmicrodosing.com\/it\/","logo":{"@type":"ImageObject","inLanguage":"it-IT","@id":"https:\/\/dutchmicrodosing.com\/it\/#\/schema\/logo\/image\/","url":"https:\/\/dutchmicrodosing.com\/wp-content\/uploads\/2021\/01\/microdosing-categorie-pic-nieuw.jpg","contentUrl":"https:\/\/dutchmicrodosing.com\/wp-content\/uploads\/2021\/01\/microdosing-categorie-pic-nieuw.jpg","width":500,"height":500,"caption":"Dutchmicrodosing"},"image":{"@id":"https:\/\/dutchmicrodosing.com\/it\/#\/schema\/logo\/image\/"},"sameAs":["https:\/\/www.facebook.com\/Dutchmicrodosingxp\/","https:\/\/www.instagram.com\/dutchmicrodosing\/"]}]},"product_price_amount":"11.95","product_price_currency":"EUR","og_availability":"instock","product_availability":"instock","product_retailer_item_id":"8101926","product_condition":"new"},"_links":{"self":[{"href":"https:\/\/dutchmicrodosing.com\/it\/wp-json\/wp\/v2\/product\/59474","targetHints":{"allow":["GET"]}}],"collection":[{"href":"https:\/\/dutchmicrodosing.com\/it\/wp-json\/wp\/v2\/product"}],"about":[{"href":"https:\/\/dutchmicrodosing.com\/it\/wp-json\/wp\/v2\/types\/product"}],"replies":[{"embeddable":true,"href":"https:\/\/dutchmicrodosing.com\/it\/wp-json\/wp\/v2\/comments?post=59474"}],"version-history":[{"count":1,"href":"https:\/\/dutchmicrodosing.com\/it\/wp-json\/wp\/v2\/product\/59474\/revisions"}],"predecessor-version":[{"id":61580,"href":"https:\/\/dutchmicrodosing.com\/it\/wp-json\/wp\/v2\/product\/59474\/revisions\/61580"}],"wp:featuredmedia":[{"embeddable":true,"href":"https:\/\/dutchmicrodosing.com\/it\/wp-json\/wp\/v2\/media\/59475"}],"wp:attachment":[{"href":"https:\/\/dutchmicrodosing.com\/it\/wp-json\/wp\/v2\/media?parent=59474"}],"wp:term":[{"taxonomy":"product_brand","embeddable":true,"href":"https:\/\/dutchmicrodosing.com\/it\/wp-json\/wp\/v2\/product_brand?post=59474"},{"taxonomy":"product_cat","embeddable":true,"href":"https:\/\/dutchmicrodosing.com\/it\/wp-json\/wp\/v2\/product_cat?post=59474"},{"taxonomy":"product_tag","embeddable":true,"href":"https:\/\/dutchmicrodosing.com\/it\/wp-json\/wp\/v2\/product_tag?post=59474"}],"curies":[{"name":"wp","href":"https:\/\/api.w.org\/{rel}","templated":true}]}}