{"id":59488,"date":"2025-10-31T08:29:08","date_gmt":"2025-10-31T07:29:08","guid":{"rendered":"https:\/\/dutchmicrodosing.com\/shop\/senza-categoria\/aphroditemix-50-grammi\/"},"modified":"2026-01-24T10:21:51","modified_gmt":"2026-01-24T09:21:51","slug":"aphroditemix-50-grammi","status":"publish","type":"product","link":"https:\/\/dutchmicrodosing.com\/it\/erbe-botaniche\/erbe-afrodisiache-naturali\/aphroditemix-50-grammi\/","title":{"rendered":"Aphroditemix &#8211; 50 grammi"},"content":{"rendered":"<p><strong>Aphroditemix &#8211; 50 grammi<\/strong> del marchio Indian Elements<strong>,<\/strong> \u00e8 una miscela di erbe sensuali, ispirata alla dea dell&#8217;amore. Questa speciale miscela combina fiori e foglie profumati in un t\u00e8 che ti invita a sperimentare pi\u00f9 passione, calore e connessione. Una scelta deliziosa per i momenti intimi o quando vuoi concederti un po&#8217; di amore in pi\u00f9.<\/p>\n<h3>Caratteristiche<\/h3>\n<p>L&#8217;Aphrodite Mix contiene una combinazione equilibrata di Damiana, Menta piperita, Arancia e fiori di Gelsomino. Queste erbe sono note per le loro propriet\u00e0 rilassanti e sensuali. Il profumo \u00e8 raffinato, il sapore leggermente amaro con una nota fresca e floreale. Ideale da bere quando hai bisogno di pi\u00f9 dolcezza e romanticismo nella tua giornata.<\/p>\n<h3>Ingredienti e\/o composizione<\/h3>\n<p>Damiana, foglie di menta piperita, arancia e fiori di gelsomino<\/p>\n<h3>Utilizzo<\/h3>\n<p>Prepara facilmente un t\u00e8 con questa miscela di erbe:<br \/>\nAggiungi da 1 a 2 cucchiai a acqua leggermente bollente e lascia in infusione per 5 minuti. Filtra il t\u00e8 e bevilo preferibilmente a stomaco vuoto. Aggiungi un po&#8217; di miele se lo desideri per un sapore pi\u00f9 delicato.<\/p>\n<h3>Contenuto<\/h3>\n<p>50 grammi di AphroditeMix, confezionato da Indian Elements<\/p>\n<h3>Disclaimer<\/h3>\n<p><em>Il contenuto di questo testo ha uno scopo puramente informativo e non sostituisce una consulenza professionale. Questo prodotto non \u00e8 un farmaco e non \u00e8 destinato a diagnosticare, trattare o curare alcuna condizione medica.  <\/em><\/p>\n","protected":false},"excerpt":{"rendered":"<p>Aphroditemix &#8211; 50 grammi del marchio Indian Elements, \u00e8 una miscela di erbe sensuali, ispirata alla dea dell&#8217;amore. Questa speciale miscela combina fiori e foglie profumati in un t\u00e8 che ti invita a sperimentare pi\u00f9 passione, calore e connessione. Una scelta deliziosa per i momenti intimi o quando vuoi concederti un po&#8217; di amore in [&hellip;]<\/p>\n","protected":false},"featured_media":59490,"comment_status":"closed","ping_status":"closed","template":"","meta":[],"product_brand":[],"product_cat":[651],"product_tag":[],"class_list":{"0":"post-59488","1":"product","2":"type-product","3":"status-publish","4":"has-post-thumbnail","6":"product_cat-erbe-afrodisiache-naturali","8":"first","9":"instock","10":"taxable","11":"shipping-taxable","12":"purchasable","13":"product-type-simple"},"yoast_head":"<!-- This site is optimized with the Yoast SEO Premium plugin v26.4 (Yoast SEO v27.2) - https:\/\/yoast.com\/product\/yoast-seo-premium-wordpress\/ -->\n<title>Aphroditemix - 50 grammi - Dutchmicrodosing<\/title>\n<meta name=\"description\" content=\"Aphrodite Mix - 50 grammi, \u00e8 una miscela di erbe sensuali con Damiana, Menta piperita, Arancia e Gelsomino. Per un t\u00e8 rilassante, pieno di romanticismo e calore.\" \/>\n<meta name=\"robots\" content=\"index, follow, max-snippet:-1, max-image-preview:large, max-video-preview:-1\" \/>\n<link rel=\"canonical\" href=\"https:\/\/dutchmicrodosing.com\/it\/erbe-botaniche\/erbe-afrodisiache-naturali\/aphroditemix-50-grammi\/\" \/>\n<meta property=\"og:locale\" content=\"it_IT\" \/>\n<meta property=\"og:type\" content=\"article\" \/>\n<meta property=\"og:title\" content=\"Aphroditemix - 50 grammi\" \/>\n<meta property=\"og:description\" content=\"Aphroditemix - 50 grammi del marchio Indian Elements, \u00e8 una miscela di erbe sensuali, ispirata alla dea dell&#039;amore. Questa speciale miscela combina fiori\" \/>\n<meta property=\"og:url\" content=\"https:\/\/dutchmicrodosing.com\/it\/erbe-botaniche\/erbe-afrodisiache-naturali\/aphroditemix-50-grammi\/\" \/>\n<meta property=\"og:site_name\" content=\"Dutchmicrodosing\" \/>\n<meta property=\"article:publisher\" content=\"https:\/\/www.facebook.com\/Dutchmicrodosingxp\/\" \/>\n<meta property=\"article:modified_time\" content=\"2026-01-24T09:21:51+00:00\" \/>\n<meta property=\"og:image\" content=\"https:\/\/dutchmicrodosing.com\/wp-content\/uploads\/2025\/10\/Aphrodite-Mix.jpg\" \/>\n\t<meta property=\"og:image:width\" content=\"1000\" \/>\n\t<meta property=\"og:image:height\" content=\"1000\" \/>\n\t<meta property=\"og:image:type\" content=\"image\/jpeg\" \/>\n<meta name=\"twitter:card\" content=\"summary_large_image\" \/>\n<script type=\"application\/ld+json\" class=\"yoast-schema-graph\">{\"@context\":\"https:\/\/schema.org\",\"@graph\":[{\"@type\":\"WebPage\",\"@id\":\"https:\/\/dutchmicrodosing.com\/it\/erbe-botaniche\/erbe-afrodisiache-naturali\/aphroditemix-50-grammi\/\",\"url\":\"https:\/\/dutchmicrodosing.com\/it\/erbe-botaniche\/erbe-afrodisiache-naturali\/aphroditemix-50-grammi\/\",\"name\":\"Aphroditemix - 50 grammi - Dutchmicrodosing\",\"isPartOf\":{\"@id\":\"https:\/\/dutchmicrodosing.com\/it\/#website\"},\"primaryImageOfPage\":{\"@id\":\"https:\/\/dutchmicrodosing.com\/it\/erbe-botaniche\/erbe-afrodisiache-naturali\/aphroditemix-50-grammi\/#primaryimage\"},\"image\":{\"@id\":\"https:\/\/dutchmicrodosing.com\/it\/erbe-botaniche\/erbe-afrodisiache-naturali\/aphroditemix-50-grammi\/#primaryimage\"},\"thumbnailUrl\":\"https:\/\/dutchmicrodosing.com\/wp-content\/uploads\/2025\/10\/Aphrodite-Mix.jpg\",\"datePublished\":\"2025-10-31T07:29:08+00:00\",\"dateModified\":\"2026-01-24T09:21:51+00:00\",\"description\":\"Aphrodite Mix - 50 grammi, \u00e8 una miscela di erbe sensuali con Damiana, Menta piperita, Arancia e Gelsomino. Per un t\u00e8 rilassante, pieno di romanticismo e calore.\",\"breadcrumb\":{\"@id\":\"https:\/\/dutchmicrodosing.com\/it\/erbe-botaniche\/erbe-afrodisiache-naturali\/aphroditemix-50-grammi\/#breadcrumb\"},\"inLanguage\":\"it-IT\",\"potentialAction\":[{\"@type\":\"ReadAction\",\"target\":[\"https:\/\/dutchmicrodosing.com\/it\/erbe-botaniche\/erbe-afrodisiache-naturali\/aphroditemix-50-grammi\/\"]}]},{\"@type\":\"ImageObject\",\"inLanguage\":\"it-IT\",\"@id\":\"https:\/\/dutchmicrodosing.com\/it\/erbe-botaniche\/erbe-afrodisiache-naturali\/aphroditemix-50-grammi\/#primaryimage\",\"url\":\"https:\/\/dutchmicrodosing.com\/wp-content\/uploads\/2025\/10\/Aphrodite-Mix.jpg\",\"contentUrl\":\"https:\/\/dutchmicrodosing.com\/wp-content\/uploads\/2025\/10\/Aphrodite-Mix.jpg\",\"width\":1000,\"height\":1000},{\"@type\":\"BreadcrumbList\",\"@id\":\"https:\/\/dutchmicrodosing.com\/it\/erbe-botaniche\/erbe-afrodisiache-naturali\/aphroditemix-50-grammi\/#breadcrumb\",\"itemListElement\":[{\"@type\":\"ListItem\",\"position\":1,\"name\":\"Home\",\"item\":\"https:\/\/dutchmicrodosing.com\/it\/\"},{\"@type\":\"ListItem\",\"position\":2,\"name\":\"Negozio\",\"item\":\"https:\/\/dutchmicrodosing.com\/it\/negozio\/\"},{\"@type\":\"ListItem\",\"position\":3,\"name\":\"Aphroditemix &#8211; 50 grammi\"}]},{\"@type\":\"WebSite\",\"@id\":\"https:\/\/dutchmicrodosing.com\/it\/#website\",\"url\":\"https:\/\/dutchmicrodosing.com\/it\/\",\"name\":\"Dutchmicrodosing\",\"description\":\"\",\"publisher\":{\"@id\":\"https:\/\/dutchmicrodosing.com\/it\/#organization\"},\"potentialAction\":[{\"@type\":\"SearchAction\",\"target\":{\"@type\":\"EntryPoint\",\"urlTemplate\":\"https:\/\/dutchmicrodosing.com\/it\/?s={search_term_string}\"},\"query-input\":{\"@type\":\"PropertyValueSpecification\",\"valueRequired\":true,\"valueName\":\"search_term_string\"}}],\"inLanguage\":\"it-IT\"},{\"@type\":\"Organization\",\"@id\":\"https:\/\/dutchmicrodosing.com\/it\/#organization\",\"name\":\"Dutchmicrodosing\",\"url\":\"https:\/\/dutchmicrodosing.com\/it\/\",\"logo\":{\"@type\":\"ImageObject\",\"inLanguage\":\"it-IT\",\"@id\":\"https:\/\/dutchmicrodosing.com\/it\/#\/schema\/logo\/image\/\",\"url\":\"https:\/\/dutchmicrodosing.com\/wp-content\/uploads\/2021\/01\/microdosing-categorie-pic-nieuw.jpg\",\"contentUrl\":\"https:\/\/dutchmicrodosing.com\/wp-content\/uploads\/2021\/01\/microdosing-categorie-pic-nieuw.jpg\",\"width\":500,\"height\":500,\"caption\":\"Dutchmicrodosing\"},\"image\":{\"@id\":\"https:\/\/dutchmicrodosing.com\/it\/#\/schema\/logo\/image\/\"},\"sameAs\":[\"https:\/\/www.facebook.com\/Dutchmicrodosingxp\/\",\"https:\/\/www.instagram.com\/dutchmicrodosing\/\"]}]}<\/script>\n<meta property=\"product:price:amount\" content=\"7.95\" \/>\n<meta property=\"product:price:currency\" content=\"EUR\" \/>\n<meta property=\"og:availability\" content=\"instock\" \/>\n<meta property=\"product:availability\" content=\"instock\" \/>\n<meta property=\"product:retailer_item_id\" content=\"9109823\" \/>\n<meta property=\"product:condition\" content=\"new\" \/>\n<!-- \/ Yoast SEO Premium plugin. -->","yoast_head_json":{"title":"Aphroditemix - 50 grammi - Dutchmicrodosing","description":"Aphrodite Mix - 50 grammi, \u00e8 una miscela di erbe sensuali con Damiana, Menta piperita, Arancia e Gelsomino. Per un t\u00e8 rilassante, pieno di romanticismo e calore.","robots":{"index":"index","follow":"follow","max-snippet":"max-snippet:-1","max-image-preview":"max-image-preview:large","max-video-preview":"max-video-preview:-1"},"canonical":"https:\/\/dutchmicrodosing.com\/it\/erbe-botaniche\/erbe-afrodisiache-naturali\/aphroditemix-50-grammi\/","og_locale":"it_IT","og_type":"article","og_title":"Aphroditemix - 50 grammi","og_description":"Aphroditemix - 50 grammi del marchio Indian Elements, \u00e8 una miscela di erbe sensuali, ispirata alla dea dell'amore. Questa speciale miscela combina fiori","og_url":"https:\/\/dutchmicrodosing.com\/it\/erbe-botaniche\/erbe-afrodisiache-naturali\/aphroditemix-50-grammi\/","og_site_name":"Dutchmicrodosing","article_publisher":"https:\/\/www.facebook.com\/Dutchmicrodosingxp\/","article_modified_time":"2026-01-24T09:21:51+00:00","og_image":[{"width":1000,"height":1000,"url":"https:\/\/dutchmicrodosing.com\/wp-content\/uploads\/2025\/10\/Aphrodite-Mix.jpg","type":"image\/jpeg"}],"twitter_card":"summary_large_image","schema":{"@context":"https:\/\/schema.org","@graph":[{"@type":"WebPage","@id":"https:\/\/dutchmicrodosing.com\/it\/erbe-botaniche\/erbe-afrodisiache-naturali\/aphroditemix-50-grammi\/","url":"https:\/\/dutchmicrodosing.com\/it\/erbe-botaniche\/erbe-afrodisiache-naturali\/aphroditemix-50-grammi\/","name":"Aphroditemix - 50 grammi - Dutchmicrodosing","isPartOf":{"@id":"https:\/\/dutchmicrodosing.com\/it\/#website"},"primaryImageOfPage":{"@id":"https:\/\/dutchmicrodosing.com\/it\/erbe-botaniche\/erbe-afrodisiache-naturali\/aphroditemix-50-grammi\/#primaryimage"},"image":{"@id":"https:\/\/dutchmicrodosing.com\/it\/erbe-botaniche\/erbe-afrodisiache-naturali\/aphroditemix-50-grammi\/#primaryimage"},"thumbnailUrl":"https:\/\/dutchmicrodosing.com\/wp-content\/uploads\/2025\/10\/Aphrodite-Mix.jpg","datePublished":"2025-10-31T07:29:08+00:00","dateModified":"2026-01-24T09:21:51+00:00","description":"Aphrodite Mix - 50 grammi, \u00e8 una miscela di erbe sensuali con Damiana, Menta piperita, Arancia e Gelsomino. Per un t\u00e8 rilassante, pieno di romanticismo e calore.","breadcrumb":{"@id":"https:\/\/dutchmicrodosing.com\/it\/erbe-botaniche\/erbe-afrodisiache-naturali\/aphroditemix-50-grammi\/#breadcrumb"},"inLanguage":"it-IT","potentialAction":[{"@type":"ReadAction","target":["https:\/\/dutchmicrodosing.com\/it\/erbe-botaniche\/erbe-afrodisiache-naturali\/aphroditemix-50-grammi\/"]}]},{"@type":"ImageObject","inLanguage":"it-IT","@id":"https:\/\/dutchmicrodosing.com\/it\/erbe-botaniche\/erbe-afrodisiache-naturali\/aphroditemix-50-grammi\/#primaryimage","url":"https:\/\/dutchmicrodosing.com\/wp-content\/uploads\/2025\/10\/Aphrodite-Mix.jpg","contentUrl":"https:\/\/dutchmicrodosing.com\/wp-content\/uploads\/2025\/10\/Aphrodite-Mix.jpg","width":1000,"height":1000},{"@type":"BreadcrumbList","@id":"https:\/\/dutchmicrodosing.com\/it\/erbe-botaniche\/erbe-afrodisiache-naturali\/aphroditemix-50-grammi\/#breadcrumb","itemListElement":[{"@type":"ListItem","position":1,"name":"Home","item":"https:\/\/dutchmicrodosing.com\/it\/"},{"@type":"ListItem","position":2,"name":"Negozio","item":"https:\/\/dutchmicrodosing.com\/it\/negozio\/"},{"@type":"ListItem","position":3,"name":"Aphroditemix &#8211; 50 grammi"}]},{"@type":"WebSite","@id":"https:\/\/dutchmicrodosing.com\/it\/#website","url":"https:\/\/dutchmicrodosing.com\/it\/","name":"Dutchmicrodosing","description":"","publisher":{"@id":"https:\/\/dutchmicrodosing.com\/it\/#organization"},"potentialAction":[{"@type":"SearchAction","target":{"@type":"EntryPoint","urlTemplate":"https:\/\/dutchmicrodosing.com\/it\/?s={search_term_string}"},"query-input":{"@type":"PropertyValueSpecification","valueRequired":true,"valueName":"search_term_string"}}],"inLanguage":"it-IT"},{"@type":"Organization","@id":"https:\/\/dutchmicrodosing.com\/it\/#organization","name":"Dutchmicrodosing","url":"https:\/\/dutchmicrodosing.com\/it\/","logo":{"@type":"ImageObject","inLanguage":"it-IT","@id":"https:\/\/dutchmicrodosing.com\/it\/#\/schema\/logo\/image\/","url":"https:\/\/dutchmicrodosing.com\/wp-content\/uploads\/2021\/01\/microdosing-categorie-pic-nieuw.jpg","contentUrl":"https:\/\/dutchmicrodosing.com\/wp-content\/uploads\/2021\/01\/microdosing-categorie-pic-nieuw.jpg","width":500,"height":500,"caption":"Dutchmicrodosing"},"image":{"@id":"https:\/\/dutchmicrodosing.com\/it\/#\/schema\/logo\/image\/"},"sameAs":["https:\/\/www.facebook.com\/Dutchmicrodosingxp\/","https:\/\/www.instagram.com\/dutchmicrodosing\/"]}]},"product_price_amount":"7.95","product_price_currency":"EUR","og_availability":"instock","product_availability":"instock","product_retailer_item_id":"9109823","product_condition":"new"},"_links":{"self":[{"href":"https:\/\/dutchmicrodosing.com\/it\/wp-json\/wp\/v2\/product\/59488","targetHints":{"allow":["GET"]}}],"collection":[{"href":"https:\/\/dutchmicrodosing.com\/it\/wp-json\/wp\/v2\/product"}],"about":[{"href":"https:\/\/dutchmicrodosing.com\/it\/wp-json\/wp\/v2\/types\/product"}],"replies":[{"embeddable":true,"href":"https:\/\/dutchmicrodosing.com\/it\/wp-json\/wp\/v2\/comments?post=59488"}],"version-history":[{"count":1,"href":"https:\/\/dutchmicrodosing.com\/it\/wp-json\/wp\/v2\/product\/59488\/revisions"}],"predecessor-version":[{"id":61572,"href":"https:\/\/dutchmicrodosing.com\/it\/wp-json\/wp\/v2\/product\/59488\/revisions\/61572"}],"wp:featuredmedia":[{"embeddable":true,"href":"https:\/\/dutchmicrodosing.com\/it\/wp-json\/wp\/v2\/media\/59490"}],"wp:attachment":[{"href":"https:\/\/dutchmicrodosing.com\/it\/wp-json\/wp\/v2\/media?parent=59488"}],"wp:term":[{"taxonomy":"product_brand","embeddable":true,"href":"https:\/\/dutchmicrodosing.com\/it\/wp-json\/wp\/v2\/product_brand?post=59488"},{"taxonomy":"product_cat","embeddable":true,"href":"https:\/\/dutchmicrodosing.com\/it\/wp-json\/wp\/v2\/product_cat?post=59488"},{"taxonomy":"product_tag","embeddable":true,"href":"https:\/\/dutchmicrodosing.com\/it\/wp-json\/wp\/v2\/product_tag?post=59488"}],"curies":[{"name":"wp","href":"https:\/\/api.w.org\/{rel}","templated":true}]}}