{"id":60161,"date":"2025-10-31T13:04:13","date_gmt":"2025-10-31T12:04:13","guid":{"rendered":"https:\/\/dutchmicrodosing.com\/shop\/senza-categoria\/calea-zacatechichi-estratto-10x\/"},"modified":"2025-11-11T14:03:12","modified_gmt":"2025-11-11T13:03:12","slug":"calea-zacatechichi-estratto-10x","status":"publish","type":"product","link":"https:\/\/dutchmicrodosing.com\/it\/erbe-botaniche\/erbe-dei-sogni\/calea-zacatechichi-estratto-10x\/","title":{"rendered":"Calea Zacatechichi &#8211; Estratto 10X"},"content":{"rendered":"<p><strong>Calea Zacatechichi \u2013 Estratto 10x<\/strong> \u00e8 una forma concentrata della tradizionale erba dei sogni, utilizzata da secoli da popoli indigeni come i Maya Chontal in Messico. Questo estratto \u00e8 noto soprattutto per la sua intensa e naturale amarezza ed \u00e8 spesso scelto da persone curiose di sperimentare sogni pi\u00f9 consapevoli.<\/p>\n<h3>Caratteristiche<\/h3>\n<ul>\n<li>Estratto concentrato 10x dell&#8217;erba dei sogni<\/li>\n<li>Popolare tra gli amanti dei sogni lucidi<\/li>\n<li>Sapore naturale e amaro dovuto alle sostanze presenti<\/li>\n<li>Da usare come t\u00e8, capsula o in una miscela da fumare<\/li>\n<li>Elevata purezza e lavorato con cura<\/li>\n<\/ul>\n<h3>Ingredienti e\/o composizione<\/h3>\n<p>Estratto 10x di Calea Zacatechichi (polvere lavorata dell&#8217;erba dei sogni)<\/p>\n<h3>Utilizzo<\/h3>\n<p><strong>Come t\u00e8 o infuso<\/strong><br \/>\nUsa 200\u2013300 mg dell&#8217;estratto e lascialo in infusione per 10\u201315 minuti in acqua calda. Il sapore \u00e8 amaro, quindi puoi aggiungere menta o miele, se lo desideri. Gli utenti esperti a volte scelgono 500 mg.<\/p>\n<p><strong>Come capsula o polvere sfusa (orale)<\/strong><br \/>\nAssumi 200\u2013400 mg circa 30\u201360 minuti prima di coricarti. La quantit\u00e0 massima per volta \u00e8 di circa 500\u2013600 mg.<\/p>\n<p><strong>Fumare (opzionale)<\/strong><br \/>\nMescola 50\u2013100 mg con altre erbe come Damiana o Loto Blu. Tieni presente che fumare pu\u00f2 irritare la gola ed \u00e8 meno raccomandato.<\/p>\n<p>Usa l&#8217;estratto preferibilmente solo poche volte a settimana.<\/p>\n<h3>Contenuto<\/h3>\n<p>1 grammo di estratto 10x di Calea Zacatechichi in polvere<\/p>\n<h3>Disclaimer<\/h3>\n<p><em>Il contenuto di questo testo ha uno scopo puramente informativo e non sostituisce una consulenza professionale. Questo prodotto non \u00e8 un farmaco e non \u00e8 destinato a diagnosticare, trattare o curare alcuna condizione medica.  <\/em><\/p>\n","protected":false},"excerpt":{"rendered":"<p>Calea Zacatechichi \u2013 Estratto 10x \u00e8 una forma concentrata della tradizionale erba dei sogni, utilizzata da secoli da popoli indigeni come i Maya Chontal in Messico. Questo estratto \u00e8 noto soprattutto per la sua intensa e naturale amarezza ed \u00e8 spesso scelto da persone curiose di sperimentare sogni pi\u00f9 consapevoli. Caratteristiche Estratto concentrato 10x dell&#8217;erba [&hellip;]<\/p>\n","protected":false},"featured_media":60163,"comment_status":"closed","ping_status":"closed","template":"","meta":[],"product_brand":[],"product_cat":[646],"product_tag":[],"class_list":{"0":"post-60161","1":"product","2":"type-product","3":"status-publish","4":"has-post-thumbnail","6":"product_cat-erbe-dei-sogni","8":"first","9":"instock","10":"taxable","11":"shipping-taxable","12":"purchasable","13":"product-type-simple"},"yoast_head":"<!-- This site is optimized with the Yoast SEO Premium plugin v26.4 (Yoast SEO v27.4) - https:\/\/yoast.com\/product\/yoast-seo-premium-wordpress\/ -->\n<title>Calea Zacatechichi - Estratto 10X - Dutchmicrodosing<\/title>\n<meta name=\"description\" content=\"Scopri l&#039;Estratto 10x di Calea Zacatechichi, la tradizionale erba dei sogni per sogni lucidi e consapevoli. Adatto come t\u00e8, capsula o miscela da fumare.\" \/>\n<meta name=\"robots\" content=\"index, follow, max-snippet:-1, max-image-preview:large, max-video-preview:-1\" \/>\n<link rel=\"canonical\" href=\"https:\/\/dutchmicrodosing.com\/it\/erbe-botaniche\/erbe-dei-sogni\/calea-zacatechichi-estratto-10x\/\" \/>\n<meta property=\"og:locale\" content=\"it_IT\" \/>\n<meta property=\"og:type\" content=\"article\" \/>\n<meta property=\"og:title\" content=\"Calea Zacatechichi - Estratto 10X\" \/>\n<meta property=\"og:description\" content=\"Calea Zacatechichi \u2013 Estratto 10x \u00e8 una forma concentrata della tradizionale erba dei sogni, utilizzata da secoli da popoli indigeni come i Maya Chontal\" \/>\n<meta property=\"og:url\" content=\"https:\/\/dutchmicrodosing.com\/it\/erbe-botaniche\/erbe-dei-sogni\/calea-zacatechichi-estratto-10x\/\" \/>\n<meta property=\"og:site_name\" content=\"Dutchmicrodosing\" \/>\n<meta property=\"article:publisher\" content=\"https:\/\/www.facebook.com\/Dutchmicrodosingxp\/\" \/>\n<meta property=\"article:modified_time\" content=\"2025-11-11T13:03:12+00:00\" \/>\n<meta property=\"og:image\" content=\"https:\/\/dutchmicrodosing.com\/wp-content\/uploads\/2025\/10\/calea-zacatechichi-extract.jpg\" \/>\n\t<meta property=\"og:image:width\" content=\"500\" \/>\n\t<meta property=\"og:image:height\" content=\"500\" \/>\n\t<meta property=\"og:image:type\" content=\"image\/jpeg\" \/>\n<meta name=\"twitter:card\" content=\"summary_large_image\" \/>\n<script type=\"application\/ld+json\" class=\"yoast-schema-graph\">{\"@context\":\"https:\\\/\\\/schema.org\",\"@graph\":[{\"@type\":\"WebPage\",\"@id\":\"https:\\\/\\\/dutchmicrodosing.com\\\/it\\\/erbe-botaniche\\\/erbe-dei-sogni\\\/calea-zacatechichi-estratto-10x\\\/\",\"url\":\"https:\\\/\\\/dutchmicrodosing.com\\\/it\\\/erbe-botaniche\\\/erbe-dei-sogni\\\/calea-zacatechichi-estratto-10x\\\/\",\"name\":\"Calea Zacatechichi - Estratto 10X - Dutchmicrodosing\",\"isPartOf\":{\"@id\":\"https:\\\/\\\/dutchmicrodosing.com\\\/it\\\/#website\"},\"primaryImageOfPage\":{\"@id\":\"https:\\\/\\\/dutchmicrodosing.com\\\/it\\\/erbe-botaniche\\\/erbe-dei-sogni\\\/calea-zacatechichi-estratto-10x\\\/#primaryimage\"},\"image\":{\"@id\":\"https:\\\/\\\/dutchmicrodosing.com\\\/it\\\/erbe-botaniche\\\/erbe-dei-sogni\\\/calea-zacatechichi-estratto-10x\\\/#primaryimage\"},\"thumbnailUrl\":\"https:\\\/\\\/dutchmicrodosing.com\\\/wp-content\\\/uploads\\\/2025\\\/10\\\/calea-zacatechichi-extract.jpg\",\"datePublished\":\"2025-10-31T12:04:13+00:00\",\"dateModified\":\"2025-11-11T13:03:12+00:00\",\"description\":\"Scopri l'Estratto 10x di Calea Zacatechichi, la tradizionale erba dei sogni per sogni lucidi e consapevoli. Adatto come t\u00e8, capsula o miscela da fumare.\",\"breadcrumb\":{\"@id\":\"https:\\\/\\\/dutchmicrodosing.com\\\/it\\\/erbe-botaniche\\\/erbe-dei-sogni\\\/calea-zacatechichi-estratto-10x\\\/#breadcrumb\"},\"inLanguage\":\"it-IT\",\"potentialAction\":[{\"@type\":\"ReadAction\",\"target\":[\"https:\\\/\\\/dutchmicrodosing.com\\\/it\\\/erbe-botaniche\\\/erbe-dei-sogni\\\/calea-zacatechichi-estratto-10x\\\/\"]}]},{\"@type\":\"ImageObject\",\"inLanguage\":\"it-IT\",\"@id\":\"https:\\\/\\\/dutchmicrodosing.com\\\/it\\\/erbe-botaniche\\\/erbe-dei-sogni\\\/calea-zacatechichi-estratto-10x\\\/#primaryimage\",\"url\":\"https:\\\/\\\/dutchmicrodosing.com\\\/wp-content\\\/uploads\\\/2025\\\/10\\\/calea-zacatechichi-extract.jpg\",\"contentUrl\":\"https:\\\/\\\/dutchmicrodosing.com\\\/wp-content\\\/uploads\\\/2025\\\/10\\\/calea-zacatechichi-extract.jpg\",\"width\":500,\"height\":500},{\"@type\":\"BreadcrumbList\",\"@id\":\"https:\\\/\\\/dutchmicrodosing.com\\\/it\\\/erbe-botaniche\\\/erbe-dei-sogni\\\/calea-zacatechichi-estratto-10x\\\/#breadcrumb\",\"itemListElement\":[{\"@type\":\"ListItem\",\"position\":1,\"name\":\"Home\",\"item\":\"https:\\\/\\\/dutchmicrodosing.com\\\/it\\\/\"},{\"@type\":\"ListItem\",\"position\":2,\"name\":\"Negozio\",\"item\":\"https:\\\/\\\/dutchmicrodosing.com\\\/it\\\/negozio\\\/\"},{\"@type\":\"ListItem\",\"position\":3,\"name\":\"Calea Zacatechichi &#8211; Estratto 10X\"}]},{\"@type\":\"WebSite\",\"@id\":\"https:\\\/\\\/dutchmicrodosing.com\\\/it\\\/#website\",\"url\":\"https:\\\/\\\/dutchmicrodosing.com\\\/it\\\/\",\"name\":\"Dutchmicrodosing\",\"description\":\"\",\"publisher\":{\"@id\":\"https:\\\/\\\/dutchmicrodosing.com\\\/it\\\/#organization\"},\"potentialAction\":[{\"@type\":\"SearchAction\",\"target\":{\"@type\":\"EntryPoint\",\"urlTemplate\":\"https:\\\/\\\/dutchmicrodosing.com\\\/it\\\/?s={search_term_string}\"},\"query-input\":{\"@type\":\"PropertyValueSpecification\",\"valueRequired\":true,\"valueName\":\"search_term_string\"}}],\"inLanguage\":\"it-IT\"},{\"@type\":\"Organization\",\"@id\":\"https:\\\/\\\/dutchmicrodosing.com\\\/it\\\/#organization\",\"name\":\"Dutchmicrodosing\",\"url\":\"https:\\\/\\\/dutchmicrodosing.com\\\/it\\\/\",\"logo\":{\"@type\":\"ImageObject\",\"inLanguage\":\"it-IT\",\"@id\":\"https:\\\/\\\/dutchmicrodosing.com\\\/it\\\/#\\\/schema\\\/logo\\\/image\\\/\",\"url\":\"https:\\\/\\\/dutchmicrodosing.com\\\/wp-content\\\/uploads\\\/2021\\\/01\\\/microdosing-categorie-pic-nieuw.jpg\",\"contentUrl\":\"https:\\\/\\\/dutchmicrodosing.com\\\/wp-content\\\/uploads\\\/2021\\\/01\\\/microdosing-categorie-pic-nieuw.jpg\",\"width\":500,\"height\":500,\"caption\":\"Dutchmicrodosing\"},\"image\":{\"@id\":\"https:\\\/\\\/dutchmicrodosing.com\\\/it\\\/#\\\/schema\\\/logo\\\/image\\\/\"},\"sameAs\":[\"https:\\\/\\\/www.facebook.com\\\/Dutchmicrodosingxp\\\/\",\"https:\\\/\\\/www.instagram.com\\\/dutchmicrodosing\\\/\"]}]}<\/script>\n<meta property=\"product:price:amount\" content=\"8.95\" \/>\n<meta property=\"product:price:currency\" content=\"EUR\" \/>\n<meta property=\"og:availability\" content=\"instock\" \/>\n<meta property=\"product:availability\" content=\"instock\" \/>\n<meta property=\"product:retailer_item_id\" content=\"0205766\" \/>\n<meta property=\"product:condition\" content=\"new\" \/>\n<!-- \/ Yoast SEO Premium plugin. -->","yoast_head_json":{"title":"Calea Zacatechichi - Estratto 10X - Dutchmicrodosing","description":"Scopri l'Estratto 10x di Calea Zacatechichi, la tradizionale erba dei sogni per sogni lucidi e consapevoli. Adatto come t\u00e8, capsula o miscela da fumare.","robots":{"index":"index","follow":"follow","max-snippet":"max-snippet:-1","max-image-preview":"max-image-preview:large","max-video-preview":"max-video-preview:-1"},"canonical":"https:\/\/dutchmicrodosing.com\/it\/erbe-botaniche\/erbe-dei-sogni\/calea-zacatechichi-estratto-10x\/","og_locale":"it_IT","og_type":"article","og_title":"Calea Zacatechichi - Estratto 10X","og_description":"Calea Zacatechichi \u2013 Estratto 10x \u00e8 una forma concentrata della tradizionale erba dei sogni, utilizzata da secoli da popoli indigeni come i Maya Chontal","og_url":"https:\/\/dutchmicrodosing.com\/it\/erbe-botaniche\/erbe-dei-sogni\/calea-zacatechichi-estratto-10x\/","og_site_name":"Dutchmicrodosing","article_publisher":"https:\/\/www.facebook.com\/Dutchmicrodosingxp\/","article_modified_time":"2025-11-11T13:03:12+00:00","og_image":[{"width":500,"height":500,"url":"https:\/\/dutchmicrodosing.com\/wp-content\/uploads\/2025\/10\/calea-zacatechichi-extract.jpg","type":"image\/jpeg"}],"twitter_card":"summary_large_image","schema":{"@context":"https:\/\/schema.org","@graph":[{"@type":"WebPage","@id":"https:\/\/dutchmicrodosing.com\/it\/erbe-botaniche\/erbe-dei-sogni\/calea-zacatechichi-estratto-10x\/","url":"https:\/\/dutchmicrodosing.com\/it\/erbe-botaniche\/erbe-dei-sogni\/calea-zacatechichi-estratto-10x\/","name":"Calea Zacatechichi - Estratto 10X - Dutchmicrodosing","isPartOf":{"@id":"https:\/\/dutchmicrodosing.com\/it\/#website"},"primaryImageOfPage":{"@id":"https:\/\/dutchmicrodosing.com\/it\/erbe-botaniche\/erbe-dei-sogni\/calea-zacatechichi-estratto-10x\/#primaryimage"},"image":{"@id":"https:\/\/dutchmicrodosing.com\/it\/erbe-botaniche\/erbe-dei-sogni\/calea-zacatechichi-estratto-10x\/#primaryimage"},"thumbnailUrl":"https:\/\/dutchmicrodosing.com\/wp-content\/uploads\/2025\/10\/calea-zacatechichi-extract.jpg","datePublished":"2025-10-31T12:04:13+00:00","dateModified":"2025-11-11T13:03:12+00:00","description":"Scopri l'Estratto 10x di Calea Zacatechichi, la tradizionale erba dei sogni per sogni lucidi e consapevoli. Adatto come t\u00e8, capsula o miscela da fumare.","breadcrumb":{"@id":"https:\/\/dutchmicrodosing.com\/it\/erbe-botaniche\/erbe-dei-sogni\/calea-zacatechichi-estratto-10x\/#breadcrumb"},"inLanguage":"it-IT","potentialAction":[{"@type":"ReadAction","target":["https:\/\/dutchmicrodosing.com\/it\/erbe-botaniche\/erbe-dei-sogni\/calea-zacatechichi-estratto-10x\/"]}]},{"@type":"ImageObject","inLanguage":"it-IT","@id":"https:\/\/dutchmicrodosing.com\/it\/erbe-botaniche\/erbe-dei-sogni\/calea-zacatechichi-estratto-10x\/#primaryimage","url":"https:\/\/dutchmicrodosing.com\/wp-content\/uploads\/2025\/10\/calea-zacatechichi-extract.jpg","contentUrl":"https:\/\/dutchmicrodosing.com\/wp-content\/uploads\/2025\/10\/calea-zacatechichi-extract.jpg","width":500,"height":500},{"@type":"BreadcrumbList","@id":"https:\/\/dutchmicrodosing.com\/it\/erbe-botaniche\/erbe-dei-sogni\/calea-zacatechichi-estratto-10x\/#breadcrumb","itemListElement":[{"@type":"ListItem","position":1,"name":"Home","item":"https:\/\/dutchmicrodosing.com\/it\/"},{"@type":"ListItem","position":2,"name":"Negozio","item":"https:\/\/dutchmicrodosing.com\/it\/negozio\/"},{"@type":"ListItem","position":3,"name":"Calea Zacatechichi &#8211; Estratto 10X"}]},{"@type":"WebSite","@id":"https:\/\/dutchmicrodosing.com\/it\/#website","url":"https:\/\/dutchmicrodosing.com\/it\/","name":"Dutchmicrodosing","description":"","publisher":{"@id":"https:\/\/dutchmicrodosing.com\/it\/#organization"},"potentialAction":[{"@type":"SearchAction","target":{"@type":"EntryPoint","urlTemplate":"https:\/\/dutchmicrodosing.com\/it\/?s={search_term_string}"},"query-input":{"@type":"PropertyValueSpecification","valueRequired":true,"valueName":"search_term_string"}}],"inLanguage":"it-IT"},{"@type":"Organization","@id":"https:\/\/dutchmicrodosing.com\/it\/#organization","name":"Dutchmicrodosing","url":"https:\/\/dutchmicrodosing.com\/it\/","logo":{"@type":"ImageObject","inLanguage":"it-IT","@id":"https:\/\/dutchmicrodosing.com\/it\/#\/schema\/logo\/image\/","url":"https:\/\/dutchmicrodosing.com\/wp-content\/uploads\/2021\/01\/microdosing-categorie-pic-nieuw.jpg","contentUrl":"https:\/\/dutchmicrodosing.com\/wp-content\/uploads\/2021\/01\/microdosing-categorie-pic-nieuw.jpg","width":500,"height":500,"caption":"Dutchmicrodosing"},"image":{"@id":"https:\/\/dutchmicrodosing.com\/it\/#\/schema\/logo\/image\/"},"sameAs":["https:\/\/www.facebook.com\/Dutchmicrodosingxp\/","https:\/\/www.instagram.com\/dutchmicrodosing\/"]}]},"product_price_amount":"8.95","product_price_currency":"EUR","og_availability":"instock","product_availability":"instock","product_retailer_item_id":"0205766","product_condition":"new"},"_links":{"self":[{"href":"https:\/\/dutchmicrodosing.com\/it\/wp-json\/wp\/v2\/product\/60161","targetHints":{"allow":["GET"]}}],"collection":[{"href":"https:\/\/dutchmicrodosing.com\/it\/wp-json\/wp\/v2\/product"}],"about":[{"href":"https:\/\/dutchmicrodosing.com\/it\/wp-json\/wp\/v2\/types\/product"}],"replies":[{"embeddable":true,"href":"https:\/\/dutchmicrodosing.com\/it\/wp-json\/wp\/v2\/comments?post=60161"}],"version-history":[{"count":1,"href":"https:\/\/dutchmicrodosing.com\/it\/wp-json\/wp\/v2\/product\/60161\/revisions"}],"predecessor-version":[{"id":61475,"href":"https:\/\/dutchmicrodosing.com\/it\/wp-json\/wp\/v2\/product\/60161\/revisions\/61475"}],"wp:featuredmedia":[{"embeddable":true,"href":"https:\/\/dutchmicrodosing.com\/it\/wp-json\/wp\/v2\/media\/60163"}],"wp:attachment":[{"href":"https:\/\/dutchmicrodosing.com\/it\/wp-json\/wp\/v2\/media?parent=60161"}],"wp:term":[{"taxonomy":"product_brand","embeddable":true,"href":"https:\/\/dutchmicrodosing.com\/it\/wp-json\/wp\/v2\/product_brand?post=60161"},{"taxonomy":"product_cat","embeddable":true,"href":"https:\/\/dutchmicrodosing.com\/it\/wp-json\/wp\/v2\/product_cat?post=60161"},{"taxonomy":"product_tag","embeddable":true,"href":"https:\/\/dutchmicrodosing.com\/it\/wp-json\/wp\/v2\/product_tag?post=60161"}],"curies":[{"name":"wp","href":"https:\/\/api.w.org\/{rel}","templated":true}]}}