{"id":60181,"date":"2025-10-31T13:21:13","date_gmt":"2025-10-31T12:21:13","guid":{"rendered":"https:\/\/dutchmicrodosing.com\/shop\/senza-categoria\/african-dream-root-5-grammi\/"},"modified":"2025-11-24T16:43:15","modified_gmt":"2025-11-24T15:43:15","slug":"african-dream-root-5-grammi","status":"publish","type":"product","link":"https:\/\/dutchmicrodosing.com\/it\/erbe-botaniche\/erbe-dei-sogni\/african-dream-root-5-grammi\/","title":{"rendered":"African Dream Root &#8211; 5 grammi"},"content":{"rendered":"<p><strong>African Dream Root &#8211; 5 grammi<\/strong> (Silene Capensis) \u00e8 una pianta unica che da generazioni svolge un ruolo importante nelle tradizioni della trib\u00f9 Xhosa in Sudafrica. Questa particolare radice \u00e8 nota per il suo utilizzo durante i rituali spirituali in cui i sogni sono centrali. Molte persone apprezzano questa radice per le esperienze di sogno intense e spesso straordinarie che possono derivarne. Un&#8217;aggiunta affascinante per chi ama approfondire il mondo dei sogni lucidi.<\/p>\n<h3>Caratteristiche<\/h3>\n<ul>\n<li>Originaria del Sudafrica orientale<\/li>\n<li>Popolare tra gli appassionati di sogni lucidi o consapevoli<\/li>\n<li>Viene spesso utilizzata nei rituali serali prima di andare a dormire<\/li>\n<li>Pu\u00f2 contribuire a una connessione pi\u00f9 profonda con il mondo dei sogni<\/li>\n<\/ul>\n<h3>Ingredienti e\/o composizione<\/h3>\n<p>100% Radice Africana del Sogno (Silene Capensis)<br \/>\nContiene naturalmente saponine triterpenoidi<\/p>\n<h3>Utilizzo<\/h3>\n<p>Ci sono due modi tradizionali per utilizzare la radice dei sogni:<\/p>\n<ol>\n<li><strong>In capsule<\/strong><br \/>\nMacina la radice in polvere fine e riempi le capsule con essa. Il dosaggio raccomandato \u00e8 compreso tra 500 mg e 3 grammi al giorno, per 3-5 giorni consecutivi.<\/li>\n<li><strong>Come bevanda (metodo tradizionale)<\/strong><br \/>\nMacina la radice in polvere e aggiungi un cucchiaio a mezzo litro d&#8217;acqua. Sbatti questa miscela fino a farla diventare schiumosa. Quindi bevi lentamente la schiuma fino a quando non ti senti leggermente sazio. Il momento migliore per farlo \u00e8 a stomaco vuoto, appena prima di andare a dormire.<\/li>\n<\/ol>\n<p><strong>Attenzione:<\/strong> l&#8217;effetto non \u00e8 nel momento dell&#8217;assunzione appena prima di andare a dormire, ma nell&#8217;accumulo della sostanza nel tuo sistema. Quindi lo prendi al mattino, ma noti l&#8217;effetto soprattutto durante i sogni della notte.<\/p>\n<h3>Contenuto<\/h3>\n<p>5 grammi di African Dream Root (radice dei sogni) (Silene Capensis)<\/p>\n<h3>Disclaimer<\/h3>\n<p><em>Il contenuto di questo testo ha uno scopo puramente informativo e non sostituisce una consulenza professionale. Questo prodotto non \u00e8 un farmaco e non \u00e8 destinato a diagnosticare, trattare o curare alcuna condizione medica.<\/em><\/p>\n","protected":false},"excerpt":{"rendered":"<p>African Dream Root &#8211; 5 grammi (Silene Capensis) \u00e8 una pianta unica che da generazioni svolge un ruolo importante nelle tradizioni della trib\u00f9 Xhosa in Sudafrica. Questa particolare radice \u00e8 nota per il suo utilizzo durante i rituali spirituali in cui i sogni sono centrali. Molte persone apprezzano questa radice per le esperienze di sogno [&hellip;]<\/p>\n","protected":false},"featured_media":61487,"comment_status":"closed","ping_status":"closed","template":"","meta":[],"product_brand":[],"product_cat":[646],"product_tag":[],"class_list":{"0":"post-60181","1":"product","2":"type-product","3":"status-publish","4":"has-post-thumbnail","6":"product_cat-erbe-dei-sogni","8":"first","9":"instock","10":"taxable","11":"shipping-taxable","12":"purchasable","13":"product-type-simple"},"yoast_head":"<!-- This site is optimized with the Yoast SEO Premium plugin v26.4 (Yoast SEO v27.2) - https:\/\/yoast.com\/product\/yoast-seo-premium-wordpress\/ -->\n<title>African Dream Root - 5 grammi - Dutchmicrodosing<\/title>\n<meta name=\"description\" content=\"Scopri il potere dell&#039;African Dream Root (Silene Capensis). Deze traditionele Zuid-Afrikaanse wortel wordt gebruikt voor diepe, bewuste droomervaringen...\" \/>\n<meta name=\"robots\" content=\"index, follow, max-snippet:-1, max-image-preview:large, max-video-preview:-1\" \/>\n<link rel=\"canonical\" href=\"https:\/\/dutchmicrodosing.com\/it\/erbe-botaniche\/erbe-dei-sogni\/african-dream-root-5-grammi\/\" \/>\n<meta property=\"og:locale\" content=\"it_IT\" \/>\n<meta property=\"og:type\" content=\"article\" \/>\n<meta property=\"og:title\" content=\"African Dream Root - 5 grammi\" \/>\n<meta property=\"og:description\" content=\"African Dream Root - 5 grammi (Silene Capensis) \u00e8 una pianta unica che da generazioni svolge un ruolo importante nelle tradizioni della trib\u00f9 Xhosa in\" \/>\n<meta property=\"og:url\" content=\"https:\/\/dutchmicrodosing.com\/it\/erbe-botaniche\/erbe-dei-sogni\/african-dream-root-5-grammi\/\" \/>\n<meta property=\"og:site_name\" content=\"Dutchmicrodosing\" \/>\n<meta property=\"article:publisher\" content=\"https:\/\/www.facebook.com\/Dutchmicrodosingxp\/\" \/>\n<meta property=\"article:modified_time\" content=\"2025-11-24T15:43:15+00:00\" \/>\n<meta property=\"og:image\" content=\"https:\/\/dutchmicrodosing.com\/wp-content\/uploads\/2025\/10\/dreamherb.jpg\" \/>\n\t<meta property=\"og:image:width\" content=\"1024\" \/>\n\t<meta property=\"og:image:height\" content=\"1024\" \/>\n\t<meta property=\"og:image:type\" content=\"image\/jpeg\" \/>\n<meta name=\"twitter:card\" content=\"summary_large_image\" \/>\n<script type=\"application\/ld+json\" class=\"yoast-schema-graph\">{\"@context\":\"https:\/\/schema.org\",\"@graph\":[{\"@type\":\"WebPage\",\"@id\":\"https:\/\/dutchmicrodosing.com\/it\/erbe-botaniche\/erbe-dei-sogni\/african-dream-root-5-grammi\/\",\"url\":\"https:\/\/dutchmicrodosing.com\/it\/erbe-botaniche\/erbe-dei-sogni\/african-dream-root-5-grammi\/\",\"name\":\"African Dream Root - 5 grammi - Dutchmicrodosing\",\"isPartOf\":{\"@id\":\"https:\/\/dutchmicrodosing.com\/it\/#website\"},\"primaryImageOfPage\":{\"@id\":\"https:\/\/dutchmicrodosing.com\/it\/erbe-botaniche\/erbe-dei-sogni\/african-dream-root-5-grammi\/#primaryimage\"},\"image\":{\"@id\":\"https:\/\/dutchmicrodosing.com\/it\/erbe-botaniche\/erbe-dei-sogni\/african-dream-root-5-grammi\/#primaryimage\"},\"thumbnailUrl\":\"https:\/\/dutchmicrodosing.com\/wp-content\/uploads\/2025\/10\/dreamherb.jpg\",\"datePublished\":\"2025-10-31T12:21:13+00:00\",\"dateModified\":\"2025-11-24T15:43:15+00:00\",\"description\":\"Scopri il potere dell'African Dream Root (Silene Capensis). Deze traditionele Zuid-Afrikaanse wortel wordt gebruikt voor diepe, bewuste droomervaringen...\",\"breadcrumb\":{\"@id\":\"https:\/\/dutchmicrodosing.com\/it\/erbe-botaniche\/erbe-dei-sogni\/african-dream-root-5-grammi\/#breadcrumb\"},\"inLanguage\":\"it-IT\",\"potentialAction\":[{\"@type\":\"ReadAction\",\"target\":[\"https:\/\/dutchmicrodosing.com\/it\/erbe-botaniche\/erbe-dei-sogni\/african-dream-root-5-grammi\/\"]}]},{\"@type\":\"ImageObject\",\"inLanguage\":\"it-IT\",\"@id\":\"https:\/\/dutchmicrodosing.com\/it\/erbe-botaniche\/erbe-dei-sogni\/african-dream-root-5-grammi\/#primaryimage\",\"url\":\"https:\/\/dutchmicrodosing.com\/wp-content\/uploads\/2025\/10\/dreamherb.jpg\",\"contentUrl\":\"https:\/\/dutchmicrodosing.com\/wp-content\/uploads\/2025\/10\/dreamherb.jpg\",\"width\":1024,\"height\":1024},{\"@type\":\"BreadcrumbList\",\"@id\":\"https:\/\/dutchmicrodosing.com\/it\/erbe-botaniche\/erbe-dei-sogni\/african-dream-root-5-grammi\/#breadcrumb\",\"itemListElement\":[{\"@type\":\"ListItem\",\"position\":1,\"name\":\"Home\",\"item\":\"https:\/\/dutchmicrodosing.com\/it\/\"},{\"@type\":\"ListItem\",\"position\":2,\"name\":\"Negozio\",\"item\":\"https:\/\/dutchmicrodosing.com\/it\/negozio\/\"},{\"@type\":\"ListItem\",\"position\":3,\"name\":\"African Dream Root &#8211; 5 grammi\"}]},{\"@type\":\"WebSite\",\"@id\":\"https:\/\/dutchmicrodosing.com\/it\/#website\",\"url\":\"https:\/\/dutchmicrodosing.com\/it\/\",\"name\":\"Dutchmicrodosing\",\"description\":\"\",\"publisher\":{\"@id\":\"https:\/\/dutchmicrodosing.com\/it\/#organization\"},\"potentialAction\":[{\"@type\":\"SearchAction\",\"target\":{\"@type\":\"EntryPoint\",\"urlTemplate\":\"https:\/\/dutchmicrodosing.com\/it\/?s={search_term_string}\"},\"query-input\":{\"@type\":\"PropertyValueSpecification\",\"valueRequired\":true,\"valueName\":\"search_term_string\"}}],\"inLanguage\":\"it-IT\"},{\"@type\":\"Organization\",\"@id\":\"https:\/\/dutchmicrodosing.com\/it\/#organization\",\"name\":\"Dutchmicrodosing\",\"url\":\"https:\/\/dutchmicrodosing.com\/it\/\",\"logo\":{\"@type\":\"ImageObject\",\"inLanguage\":\"it-IT\",\"@id\":\"https:\/\/dutchmicrodosing.com\/it\/#\/schema\/logo\/image\/\",\"url\":\"https:\/\/dutchmicrodosing.com\/wp-content\/uploads\/2021\/01\/microdosing-categorie-pic-nieuw.jpg\",\"contentUrl\":\"https:\/\/dutchmicrodosing.com\/wp-content\/uploads\/2021\/01\/microdosing-categorie-pic-nieuw.jpg\",\"width\":500,\"height\":500,\"caption\":\"Dutchmicrodosing\"},\"image\":{\"@id\":\"https:\/\/dutchmicrodosing.com\/it\/#\/schema\/logo\/image\/\"},\"sameAs\":[\"https:\/\/www.facebook.com\/Dutchmicrodosingxp\/\",\"https:\/\/www.instagram.com\/dutchmicrodosing\/\"]}]}<\/script>\n<meta property=\"product:price:amount\" content=\"9.95\" \/>\n<meta property=\"product:price:currency\" content=\"EUR\" \/>\n<meta property=\"og:availability\" content=\"instock\" \/>\n<meta property=\"product:availability\" content=\"instock\" \/>\n<meta property=\"product:retailer_item_id\" content=\"0206647\" \/>\n<meta property=\"product:condition\" content=\"new\" \/>\n<!-- \/ Yoast SEO Premium plugin. -->","yoast_head_json":{"title":"African Dream Root - 5 grammi - Dutchmicrodosing","description":"Scopri il potere dell'African Dream Root (Silene Capensis). Deze traditionele Zuid-Afrikaanse wortel wordt gebruikt voor diepe, bewuste droomervaringen...","robots":{"index":"index","follow":"follow","max-snippet":"max-snippet:-1","max-image-preview":"max-image-preview:large","max-video-preview":"max-video-preview:-1"},"canonical":"https:\/\/dutchmicrodosing.com\/it\/erbe-botaniche\/erbe-dei-sogni\/african-dream-root-5-grammi\/","og_locale":"it_IT","og_type":"article","og_title":"African Dream Root - 5 grammi","og_description":"African Dream Root - 5 grammi (Silene Capensis) \u00e8 una pianta unica che da generazioni svolge un ruolo importante nelle tradizioni della trib\u00f9 Xhosa in","og_url":"https:\/\/dutchmicrodosing.com\/it\/erbe-botaniche\/erbe-dei-sogni\/african-dream-root-5-grammi\/","og_site_name":"Dutchmicrodosing","article_publisher":"https:\/\/www.facebook.com\/Dutchmicrodosingxp\/","article_modified_time":"2025-11-24T15:43:15+00:00","og_image":[{"width":1024,"height":1024,"url":"https:\/\/dutchmicrodosing.com\/wp-content\/uploads\/2025\/10\/dreamherb.jpg","type":"image\/jpeg"}],"twitter_card":"summary_large_image","schema":{"@context":"https:\/\/schema.org","@graph":[{"@type":"WebPage","@id":"https:\/\/dutchmicrodosing.com\/it\/erbe-botaniche\/erbe-dei-sogni\/african-dream-root-5-grammi\/","url":"https:\/\/dutchmicrodosing.com\/it\/erbe-botaniche\/erbe-dei-sogni\/african-dream-root-5-grammi\/","name":"African Dream Root - 5 grammi - Dutchmicrodosing","isPartOf":{"@id":"https:\/\/dutchmicrodosing.com\/it\/#website"},"primaryImageOfPage":{"@id":"https:\/\/dutchmicrodosing.com\/it\/erbe-botaniche\/erbe-dei-sogni\/african-dream-root-5-grammi\/#primaryimage"},"image":{"@id":"https:\/\/dutchmicrodosing.com\/it\/erbe-botaniche\/erbe-dei-sogni\/african-dream-root-5-grammi\/#primaryimage"},"thumbnailUrl":"https:\/\/dutchmicrodosing.com\/wp-content\/uploads\/2025\/10\/dreamherb.jpg","datePublished":"2025-10-31T12:21:13+00:00","dateModified":"2025-11-24T15:43:15+00:00","description":"Scopri il potere dell'African Dream Root (Silene Capensis). Deze traditionele Zuid-Afrikaanse wortel wordt gebruikt voor diepe, bewuste droomervaringen...","breadcrumb":{"@id":"https:\/\/dutchmicrodosing.com\/it\/erbe-botaniche\/erbe-dei-sogni\/african-dream-root-5-grammi\/#breadcrumb"},"inLanguage":"it-IT","potentialAction":[{"@type":"ReadAction","target":["https:\/\/dutchmicrodosing.com\/it\/erbe-botaniche\/erbe-dei-sogni\/african-dream-root-5-grammi\/"]}]},{"@type":"ImageObject","inLanguage":"it-IT","@id":"https:\/\/dutchmicrodosing.com\/it\/erbe-botaniche\/erbe-dei-sogni\/african-dream-root-5-grammi\/#primaryimage","url":"https:\/\/dutchmicrodosing.com\/wp-content\/uploads\/2025\/10\/dreamherb.jpg","contentUrl":"https:\/\/dutchmicrodosing.com\/wp-content\/uploads\/2025\/10\/dreamherb.jpg","width":1024,"height":1024},{"@type":"BreadcrumbList","@id":"https:\/\/dutchmicrodosing.com\/it\/erbe-botaniche\/erbe-dei-sogni\/african-dream-root-5-grammi\/#breadcrumb","itemListElement":[{"@type":"ListItem","position":1,"name":"Home","item":"https:\/\/dutchmicrodosing.com\/it\/"},{"@type":"ListItem","position":2,"name":"Negozio","item":"https:\/\/dutchmicrodosing.com\/it\/negozio\/"},{"@type":"ListItem","position":3,"name":"African Dream Root &#8211; 5 grammi"}]},{"@type":"WebSite","@id":"https:\/\/dutchmicrodosing.com\/it\/#website","url":"https:\/\/dutchmicrodosing.com\/it\/","name":"Dutchmicrodosing","description":"","publisher":{"@id":"https:\/\/dutchmicrodosing.com\/it\/#organization"},"potentialAction":[{"@type":"SearchAction","target":{"@type":"EntryPoint","urlTemplate":"https:\/\/dutchmicrodosing.com\/it\/?s={search_term_string}"},"query-input":{"@type":"PropertyValueSpecification","valueRequired":true,"valueName":"search_term_string"}}],"inLanguage":"it-IT"},{"@type":"Organization","@id":"https:\/\/dutchmicrodosing.com\/it\/#organization","name":"Dutchmicrodosing","url":"https:\/\/dutchmicrodosing.com\/it\/","logo":{"@type":"ImageObject","inLanguage":"it-IT","@id":"https:\/\/dutchmicrodosing.com\/it\/#\/schema\/logo\/image\/","url":"https:\/\/dutchmicrodosing.com\/wp-content\/uploads\/2021\/01\/microdosing-categorie-pic-nieuw.jpg","contentUrl":"https:\/\/dutchmicrodosing.com\/wp-content\/uploads\/2021\/01\/microdosing-categorie-pic-nieuw.jpg","width":500,"height":500,"caption":"Dutchmicrodosing"},"image":{"@id":"https:\/\/dutchmicrodosing.com\/it\/#\/schema\/logo\/image\/"},"sameAs":["https:\/\/www.facebook.com\/Dutchmicrodosingxp\/","https:\/\/www.instagram.com\/dutchmicrodosing\/"]}]},"product_price_amount":"9.95","product_price_currency":"EUR","og_availability":"instock","product_availability":"instock","product_retailer_item_id":"0206647","product_condition":"new"},"_links":{"self":[{"href":"https:\/\/dutchmicrodosing.com\/it\/wp-json\/wp\/v2\/product\/60181","targetHints":{"allow":["GET"]}}],"collection":[{"href":"https:\/\/dutchmicrodosing.com\/it\/wp-json\/wp\/v2\/product"}],"about":[{"href":"https:\/\/dutchmicrodosing.com\/it\/wp-json\/wp\/v2\/types\/product"}],"replies":[{"embeddable":true,"href":"https:\/\/dutchmicrodosing.com\/it\/wp-json\/wp\/v2\/comments?post=60181"}],"version-history":[{"count":1,"href":"https:\/\/dutchmicrodosing.com\/it\/wp-json\/wp\/v2\/product\/60181\/revisions"}],"predecessor-version":[{"id":61467,"href":"https:\/\/dutchmicrodosing.com\/it\/wp-json\/wp\/v2\/product\/60181\/revisions\/61467"}],"wp:featuredmedia":[{"embeddable":true,"href":"https:\/\/dutchmicrodosing.com\/it\/wp-json\/wp\/v2\/media\/61487"}],"wp:attachment":[{"href":"https:\/\/dutchmicrodosing.com\/it\/wp-json\/wp\/v2\/media?parent=60181"}],"wp:term":[{"taxonomy":"product_brand","embeddable":true,"href":"https:\/\/dutchmicrodosing.com\/it\/wp-json\/wp\/v2\/product_brand?post=60181"},{"taxonomy":"product_cat","embeddable":true,"href":"https:\/\/dutchmicrodosing.com\/it\/wp-json\/wp\/v2\/product_cat?post=60181"},{"taxonomy":"product_tag","embeddable":true,"href":"https:\/\/dutchmicrodosing.com\/it\/wp-json\/wp\/v2\/product_tag?post=60181"}],"curies":[{"name":"wp","href":"https:\/\/api.w.org\/{rel}","templated":true}]}}