{"id":61345,"date":"2025-11-10T09:30:55","date_gmt":"2025-11-10T08:30:55","guid":{"rendered":"https:\/\/dutchmicrodosing.com\/shop\/senza-categoria\/dragoncello-messicano-tagetes-lucida\/"},"modified":"2025-11-11T13:39:06","modified_gmt":"2025-11-11T12:39:06","slug":"dragoncello-messicano-tagetes-lucida","status":"publish","type":"product","link":"https:\/\/dutchmicrodosing.com\/it\/erbe-botaniche\/erbe-dei-sogni\/dragoncello-messicano-tagetes-lucida\/","title":{"rendered":"Dragoncello messicano &#8211; Tagetes lucida"},"content":{"rendered":"<p><strong>Il dragoncello messicano &#8211; Tagetes lucida<\/strong> \u00e8 un&#8217;erba aromatica proveniente dal Messico con un sapore di anice raffinato e dolce. Per secoli \u00e8 stato utilizzato sia nelle creazioni culinarie che nei rituali. Che tu stia preparando una tazza di t\u00e8 alle erbe profumato o che tu stia dando a un piatto quel qualcosa in pi\u00f9, questa erba aggiunge sempre qualcosa di speciale.<\/p>\n<h3>Caratteristiche<\/h3>\n<p>Il dragoncello messicano proviene dalla regione montuosa della Sierra Madre ed \u00e8 riconoscibile per i suoi fiori gialli e il profumo fresco. In cucina \u00e8 una sorprendente alternativa al dragoncello, con un sapore pi\u00f9 delicato. Grazie alla leggera nota di anice, si abbina perfettamente, ad esempio, a pesce, verdure o in una tisana rilassante. La combinazione di sapore, tradizione e profumo rende questa erba unica.<\/p>\n<h3>Ingredienti e\/o composizione<\/h3>\n<p>100% Tagetes lucida essiccata (dragoncello messicano).<\/p>\n<h3>Utilizzo<\/h3>\n<p>Utilizzare circa 1 cucchiaio di erba per tazza. Lasciare in infusione per circa 10 minuti in acqua calda, filtrare e bere caldo. Nei piatti si possono aggiungere piccole quantit\u00e0 per un sottile sapore di anice, particolarmente gustoso con ricette leggere e fresche.<\/p>\n<h4>T\u00e8 della buonanotte per indurre i sogni:<\/h4>\n<p>Prepara una tazza rilassante di tisana con dragoncello messicano:<\/p>\n<ul>\n<li>Utilizzare 1 cucchiaio di erba essiccata<\/li>\n<li>Lasciare in infusione per 10 minuti in acqua calda (non bollente)<\/li>\n<li>Filtrare e bere il t\u00e8 circa mezz&#8217;ora prima di andare a dormire<\/li>\n<\/ul>\n<p>Il dolce sapore di anice e l&#8217;aroma caldo rendono questo un bel momento per rilassarsi e guardarsi dentro.<\/p>\n<h3>Contenuto<\/h3>\n<p>20 grammi di Tagetes lucida essiccata, confezionati in un sacchetto richiudibile.<\/p>\n<h3>Disclaimer<\/h3>\n<p><em>Il contenuto di questo testo ha uno scopo puramente informativo e non sostituisce una consulenza professionale. Questo prodotto non \u00e8 un farmaco e non \u00e8 destinato a diagnosticare, trattare o curare alcuna condizione medica.  <\/em><\/p>\n","protected":false},"excerpt":{"rendered":"<p>Il dragoncello messicano &#8211; Tagetes lucida \u00e8 un&#8217;erba aromatica proveniente dal Messico con un sapore di anice raffinato e dolce. Per secoli \u00e8 stato utilizzato sia nelle creazioni culinarie che nei rituali. Che tu stia preparando una tazza di t\u00e8 alle erbe profumato o che tu stia dando a un piatto quel qualcosa in pi\u00f9, [&hellip;]<\/p>\n","protected":false},"featured_media":61346,"comment_status":"closed","ping_status":"closed","template":"","meta":[],"product_brand":[],"product_cat":[646,304],"product_tag":[],"class_list":{"0":"post-61345","1":"product","2":"type-product","3":"status-publish","4":"has-post-thumbnail","6":"product_cat-erbe-dei-sogni","7":"product_cat-integratori-relaxt","9":"first","10":"instock","11":"taxable","12":"shipping-taxable","13":"purchasable","14":"product-type-simple"},"yoast_head":"<!-- This site is optimized with the Yoast SEO Premium plugin v26.4 (Yoast SEO v27.2) - https:\/\/yoast.com\/product\/yoast-seo-premium-wordpress\/ -->\n<title>Dragoncello messicano - Tagetes lucida - Dutchmicrodosing<\/title>\n<meta name=\"description\" content=\"Scopri il dragoncello messicano: un&#039;erba con un dolce sapore di anice e una ricca tradizione messicana. Perfetto per il t\u00e8 o in cucina. 100% naturale, 20 grammi.\" \/>\n<meta name=\"robots\" content=\"index, follow, max-snippet:-1, max-image-preview:large, max-video-preview:-1\" \/>\n<link rel=\"canonical\" href=\"https:\/\/dutchmicrodosing.com\/it\/erbe-botaniche\/erbe-dei-sogni\/dragoncello-messicano-tagetes-lucida\/\" \/>\n<meta property=\"og:locale\" content=\"it_IT\" \/>\n<meta property=\"og:type\" content=\"article\" \/>\n<meta property=\"og:title\" content=\"Dragoncello messicano - Tagetes lucida\" \/>\n<meta property=\"og:description\" content=\"Il dragoncello messicano - Tagetes lucida \u00e8 un&#039;erba aromatica proveniente dal Messico con un sapore di anice raffinato e dolce. Per secoli \u00e8 stato\" \/>\n<meta property=\"og:url\" content=\"https:\/\/dutchmicrodosing.com\/it\/erbe-botaniche\/erbe-dei-sogni\/dragoncello-messicano-tagetes-lucida\/\" \/>\n<meta property=\"og:site_name\" content=\"Dutchmicrodosing\" \/>\n<meta property=\"article:publisher\" content=\"https:\/\/www.facebook.com\/Dutchmicrodosingxp\/\" \/>\n<meta property=\"article:modified_time\" content=\"2025-11-11T12:39:06+00:00\" \/>\n<meta property=\"og:image\" content=\"https:\/\/dutchmicrodosing.com\/wp-content\/uploads\/2025\/11\/mexican-tarragon-1.jpg\" \/>\n\t<meta property=\"og:image:width\" content=\"1468\" \/>\n\t<meta property=\"og:image:height\" content=\"1807\" \/>\n\t<meta property=\"og:image:type\" content=\"image\/jpeg\" \/>\n<meta name=\"twitter:card\" content=\"summary_large_image\" \/>\n<script type=\"application\/ld+json\" class=\"yoast-schema-graph\">{\"@context\":\"https:\/\/schema.org\",\"@graph\":[{\"@type\":\"WebPage\",\"@id\":\"https:\/\/dutchmicrodosing.com\/it\/erbe-botaniche\/erbe-dei-sogni\/dragoncello-messicano-tagetes-lucida\/\",\"url\":\"https:\/\/dutchmicrodosing.com\/it\/erbe-botaniche\/erbe-dei-sogni\/dragoncello-messicano-tagetes-lucida\/\",\"name\":\"Dragoncello messicano - Tagetes lucida - Dutchmicrodosing\",\"isPartOf\":{\"@id\":\"https:\/\/dutchmicrodosing.com\/it\/#website\"},\"primaryImageOfPage\":{\"@id\":\"https:\/\/dutchmicrodosing.com\/it\/erbe-botaniche\/erbe-dei-sogni\/dragoncello-messicano-tagetes-lucida\/#primaryimage\"},\"image\":{\"@id\":\"https:\/\/dutchmicrodosing.com\/it\/erbe-botaniche\/erbe-dei-sogni\/dragoncello-messicano-tagetes-lucida\/#primaryimage\"},\"thumbnailUrl\":\"https:\/\/dutchmicrodosing.com\/wp-content\/uploads\/2025\/11\/mexican-tarragon-1.jpg\",\"datePublished\":\"2025-11-10T08:30:55+00:00\",\"dateModified\":\"2025-11-11T12:39:06+00:00\",\"description\":\"Scopri il dragoncello messicano: un'erba con un dolce sapore di anice e una ricca tradizione messicana. Perfetto per il t\u00e8 o in cucina. 100% naturale, 20 grammi.\",\"breadcrumb\":{\"@id\":\"https:\/\/dutchmicrodosing.com\/it\/erbe-botaniche\/erbe-dei-sogni\/dragoncello-messicano-tagetes-lucida\/#breadcrumb\"},\"inLanguage\":\"it-IT\",\"potentialAction\":[{\"@type\":\"ReadAction\",\"target\":[\"https:\/\/dutchmicrodosing.com\/it\/erbe-botaniche\/erbe-dei-sogni\/dragoncello-messicano-tagetes-lucida\/\"]}]},{\"@type\":\"ImageObject\",\"inLanguage\":\"it-IT\",\"@id\":\"https:\/\/dutchmicrodosing.com\/it\/erbe-botaniche\/erbe-dei-sogni\/dragoncello-messicano-tagetes-lucida\/#primaryimage\",\"url\":\"https:\/\/dutchmicrodosing.com\/wp-content\/uploads\/2025\/11\/mexican-tarragon-1.jpg\",\"contentUrl\":\"https:\/\/dutchmicrodosing.com\/wp-content\/uploads\/2025\/11\/mexican-tarragon-1.jpg\",\"width\":1468,\"height\":1807},{\"@type\":\"BreadcrumbList\",\"@id\":\"https:\/\/dutchmicrodosing.com\/it\/erbe-botaniche\/erbe-dei-sogni\/dragoncello-messicano-tagetes-lucida\/#breadcrumb\",\"itemListElement\":[{\"@type\":\"ListItem\",\"position\":1,\"name\":\"Home\",\"item\":\"https:\/\/dutchmicrodosing.com\/it\/\"},{\"@type\":\"ListItem\",\"position\":2,\"name\":\"Negozio\",\"item\":\"https:\/\/dutchmicrodosing.com\/it\/negozio\/\"},{\"@type\":\"ListItem\",\"position\":3,\"name\":\"Dragoncello messicano &#8211; Tagetes lucida\"}]},{\"@type\":\"WebSite\",\"@id\":\"https:\/\/dutchmicrodosing.com\/it\/#website\",\"url\":\"https:\/\/dutchmicrodosing.com\/it\/\",\"name\":\"Dutchmicrodosing\",\"description\":\"\",\"publisher\":{\"@id\":\"https:\/\/dutchmicrodosing.com\/it\/#organization\"},\"potentialAction\":[{\"@type\":\"SearchAction\",\"target\":{\"@type\":\"EntryPoint\",\"urlTemplate\":\"https:\/\/dutchmicrodosing.com\/it\/?s={search_term_string}\"},\"query-input\":{\"@type\":\"PropertyValueSpecification\",\"valueRequired\":true,\"valueName\":\"search_term_string\"}}],\"inLanguage\":\"it-IT\"},{\"@type\":\"Organization\",\"@id\":\"https:\/\/dutchmicrodosing.com\/it\/#organization\",\"name\":\"Dutchmicrodosing\",\"url\":\"https:\/\/dutchmicrodosing.com\/it\/\",\"logo\":{\"@type\":\"ImageObject\",\"inLanguage\":\"it-IT\",\"@id\":\"https:\/\/dutchmicrodosing.com\/it\/#\/schema\/logo\/image\/\",\"url\":\"https:\/\/dutchmicrodosing.com\/wp-content\/uploads\/2021\/01\/microdosing-categorie-pic-nieuw.jpg\",\"contentUrl\":\"https:\/\/dutchmicrodosing.com\/wp-content\/uploads\/2021\/01\/microdosing-categorie-pic-nieuw.jpg\",\"width\":500,\"height\":500,\"caption\":\"Dutchmicrodosing\"},\"image\":{\"@id\":\"https:\/\/dutchmicrodosing.com\/it\/#\/schema\/logo\/image\/\"},\"sameAs\":[\"https:\/\/www.facebook.com\/Dutchmicrodosingxp\/\",\"https:\/\/www.instagram.com\/dutchmicrodosing\/\"]}]}<\/script>\n<meta property=\"product:price:amount\" content=\"6.95\" \/>\n<meta property=\"product:price:currency\" content=\"EUR\" \/>\n<meta property=\"og:availability\" content=\"instock\" \/>\n<meta property=\"product:availability\" content=\"instock\" \/>\n<meta property=\"product:retailer_item_id\" content=\"5211869\" \/>\n<meta property=\"product:condition\" content=\"new\" \/>\n<!-- \/ Yoast SEO Premium plugin. -->","yoast_head_json":{"title":"Dragoncello messicano - Tagetes lucida - Dutchmicrodosing","description":"Scopri il dragoncello messicano: un'erba con un dolce sapore di anice e una ricca tradizione messicana. Perfetto per il t\u00e8 o in cucina. 100% naturale, 20 grammi.","robots":{"index":"index","follow":"follow","max-snippet":"max-snippet:-1","max-image-preview":"max-image-preview:large","max-video-preview":"max-video-preview:-1"},"canonical":"https:\/\/dutchmicrodosing.com\/it\/erbe-botaniche\/erbe-dei-sogni\/dragoncello-messicano-tagetes-lucida\/","og_locale":"it_IT","og_type":"article","og_title":"Dragoncello messicano - Tagetes lucida","og_description":"Il dragoncello messicano - Tagetes lucida \u00e8 un'erba aromatica proveniente dal Messico con un sapore di anice raffinato e dolce. Per secoli \u00e8 stato","og_url":"https:\/\/dutchmicrodosing.com\/it\/erbe-botaniche\/erbe-dei-sogni\/dragoncello-messicano-tagetes-lucida\/","og_site_name":"Dutchmicrodosing","article_publisher":"https:\/\/www.facebook.com\/Dutchmicrodosingxp\/","article_modified_time":"2025-11-11T12:39:06+00:00","og_image":[{"width":1468,"height":1807,"url":"https:\/\/dutchmicrodosing.com\/wp-content\/uploads\/2025\/11\/mexican-tarragon-1.jpg","type":"image\/jpeg"}],"twitter_card":"summary_large_image","schema":{"@context":"https:\/\/schema.org","@graph":[{"@type":"WebPage","@id":"https:\/\/dutchmicrodosing.com\/it\/erbe-botaniche\/erbe-dei-sogni\/dragoncello-messicano-tagetes-lucida\/","url":"https:\/\/dutchmicrodosing.com\/it\/erbe-botaniche\/erbe-dei-sogni\/dragoncello-messicano-tagetes-lucida\/","name":"Dragoncello messicano - Tagetes lucida - Dutchmicrodosing","isPartOf":{"@id":"https:\/\/dutchmicrodosing.com\/it\/#website"},"primaryImageOfPage":{"@id":"https:\/\/dutchmicrodosing.com\/it\/erbe-botaniche\/erbe-dei-sogni\/dragoncello-messicano-tagetes-lucida\/#primaryimage"},"image":{"@id":"https:\/\/dutchmicrodosing.com\/it\/erbe-botaniche\/erbe-dei-sogni\/dragoncello-messicano-tagetes-lucida\/#primaryimage"},"thumbnailUrl":"https:\/\/dutchmicrodosing.com\/wp-content\/uploads\/2025\/11\/mexican-tarragon-1.jpg","datePublished":"2025-11-10T08:30:55+00:00","dateModified":"2025-11-11T12:39:06+00:00","description":"Scopri il dragoncello messicano: un'erba con un dolce sapore di anice e una ricca tradizione messicana. Perfetto per il t\u00e8 o in cucina. 100% naturale, 20 grammi.","breadcrumb":{"@id":"https:\/\/dutchmicrodosing.com\/it\/erbe-botaniche\/erbe-dei-sogni\/dragoncello-messicano-tagetes-lucida\/#breadcrumb"},"inLanguage":"it-IT","potentialAction":[{"@type":"ReadAction","target":["https:\/\/dutchmicrodosing.com\/it\/erbe-botaniche\/erbe-dei-sogni\/dragoncello-messicano-tagetes-lucida\/"]}]},{"@type":"ImageObject","inLanguage":"it-IT","@id":"https:\/\/dutchmicrodosing.com\/it\/erbe-botaniche\/erbe-dei-sogni\/dragoncello-messicano-tagetes-lucida\/#primaryimage","url":"https:\/\/dutchmicrodosing.com\/wp-content\/uploads\/2025\/11\/mexican-tarragon-1.jpg","contentUrl":"https:\/\/dutchmicrodosing.com\/wp-content\/uploads\/2025\/11\/mexican-tarragon-1.jpg","width":1468,"height":1807},{"@type":"BreadcrumbList","@id":"https:\/\/dutchmicrodosing.com\/it\/erbe-botaniche\/erbe-dei-sogni\/dragoncello-messicano-tagetes-lucida\/#breadcrumb","itemListElement":[{"@type":"ListItem","position":1,"name":"Home","item":"https:\/\/dutchmicrodosing.com\/it\/"},{"@type":"ListItem","position":2,"name":"Negozio","item":"https:\/\/dutchmicrodosing.com\/it\/negozio\/"},{"@type":"ListItem","position":3,"name":"Dragoncello messicano &#8211; Tagetes lucida"}]},{"@type":"WebSite","@id":"https:\/\/dutchmicrodosing.com\/it\/#website","url":"https:\/\/dutchmicrodosing.com\/it\/","name":"Dutchmicrodosing","description":"","publisher":{"@id":"https:\/\/dutchmicrodosing.com\/it\/#organization"},"potentialAction":[{"@type":"SearchAction","target":{"@type":"EntryPoint","urlTemplate":"https:\/\/dutchmicrodosing.com\/it\/?s={search_term_string}"},"query-input":{"@type":"PropertyValueSpecification","valueRequired":true,"valueName":"search_term_string"}}],"inLanguage":"it-IT"},{"@type":"Organization","@id":"https:\/\/dutchmicrodosing.com\/it\/#organization","name":"Dutchmicrodosing","url":"https:\/\/dutchmicrodosing.com\/it\/","logo":{"@type":"ImageObject","inLanguage":"it-IT","@id":"https:\/\/dutchmicrodosing.com\/it\/#\/schema\/logo\/image\/","url":"https:\/\/dutchmicrodosing.com\/wp-content\/uploads\/2021\/01\/microdosing-categorie-pic-nieuw.jpg","contentUrl":"https:\/\/dutchmicrodosing.com\/wp-content\/uploads\/2021\/01\/microdosing-categorie-pic-nieuw.jpg","width":500,"height":500,"caption":"Dutchmicrodosing"},"image":{"@id":"https:\/\/dutchmicrodosing.com\/it\/#\/schema\/logo\/image\/"},"sameAs":["https:\/\/www.facebook.com\/Dutchmicrodosingxp\/","https:\/\/www.instagram.com\/dutchmicrodosing\/"]}]},"product_price_amount":"6.95","product_price_currency":"EUR","og_availability":"instock","product_availability":"instock","product_retailer_item_id":"5211869","product_condition":"new"},"_links":{"self":[{"href":"https:\/\/dutchmicrodosing.com\/it\/wp-json\/wp\/v2\/product\/61345","targetHints":{"allow":["GET"]}}],"collection":[{"href":"https:\/\/dutchmicrodosing.com\/it\/wp-json\/wp\/v2\/product"}],"about":[{"href":"https:\/\/dutchmicrodosing.com\/it\/wp-json\/wp\/v2\/types\/product"}],"replies":[{"embeddable":true,"href":"https:\/\/dutchmicrodosing.com\/it\/wp-json\/wp\/v2\/comments?post=61345"}],"version-history":[{"count":1,"href":"https:\/\/dutchmicrodosing.com\/it\/wp-json\/wp\/v2\/product\/61345\/revisions"}],"predecessor-version":[{"id":61455,"href":"https:\/\/dutchmicrodosing.com\/it\/wp-json\/wp\/v2\/product\/61345\/revisions\/61455"}],"wp:featuredmedia":[{"embeddable":true,"href":"https:\/\/dutchmicrodosing.com\/it\/wp-json\/wp\/v2\/media\/61346"}],"wp:attachment":[{"href":"https:\/\/dutchmicrodosing.com\/it\/wp-json\/wp\/v2\/media?parent=61345"}],"wp:term":[{"taxonomy":"product_brand","embeddable":true,"href":"https:\/\/dutchmicrodosing.com\/it\/wp-json\/wp\/v2\/product_brand?post=61345"},{"taxonomy":"product_cat","embeddable":true,"href":"https:\/\/dutchmicrodosing.com\/it\/wp-json\/wp\/v2\/product_cat?post=61345"},{"taxonomy":"product_tag","embeddable":true,"href":"https:\/\/dutchmicrodosing.com\/it\/wp-json\/wp\/v2\/product_tag?post=61345"}],"curies":[{"name":"wp","href":"https:\/\/api.w.org\/{rel}","templated":true}]}}