{"id":61751,"date":"2025-11-12T10:21:39","date_gmt":"2025-11-12T09:21:39","guid":{"rendered":"https:\/\/dutchmicrodosing.com\/shop\/senza-categoria\/synaptolepis-kirkii-uvuma-omhlope\/"},"modified":"2025-11-24T16:40:31","modified_gmt":"2025-11-24T15:40:31","slug":"synaptolepis-kirkii-uvuma-omhlope","status":"publish","type":"product","link":"https:\/\/dutchmicrodosing.com\/it\/erbe-botaniche\/erbe-dei-sogni\/synaptolepis-kirkii-uvuma-omhlope\/","title":{"rendered":"Synaptolepis Kirkii &#8211; Uvuma omhlope"},"content":{"rendered":"<p><strong>Synaptolepis Kirkii &#8211; Uvuma omhlope<\/strong>, chiamata anche Kirkii, \u00e8 un&#8217;erba blu-verde sorprendente con radici bianche e un posto speciale all&#8217;interno della tradizione sudafricana. Come parte delle piante &#8216;Ubaluwa&#8217;, \u00e8 stata utilizzata per generazioni in rituali spirituali incentrati su sogni e consapevolezza. Ideale per chi cerca un&#8217;aggiunta mistica alla routine serale o vuole approfondire il viaggio notturno della mente.<\/p>\n<h3>Caratteristiche<\/h3>\n<ul>\n<li>Erba blu-verde con caratteristiche radici bianche<\/li>\n<li>Proveniente dalla tradizione dei popoli Zulu e Xhosa<\/li>\n<li>Parte della famiglia di erbe &#8216;Ubaluwa&#8217;<\/li>\n<li>Ampiamente utilizzato nei rituali che si concentrano su sogni e intuizione<\/li>\n<\/ul>\n<h3>Ingredienti e\/o composizione<\/h3>\n<p>Radice di Synaptolepis Kirkii essiccata al 100%.<\/p>\n<h3>Utilizzo<\/h3>\n<p>Kirkii viene tradizionalmente utilizzato come parte di un rituale o di una bevanda per sognare. Ad esempio, puoi prepararlo come un t\u00e8: lascia in infusione una piccola quantit\u00e0 (circa 0,25-0,5 grammi) in acqua calda. \u00c8 preferibile berlo la sera, come parte di un momento di relax. Inizia sempre con una bassa dose per scoprire come reagisce il tuo corpo. Non raccomandato per l&#8217;uso quotidiano.<\/p>\n<h3>Contenuto<\/h3>\n<p>3 grammi di radice di Synaptolepis Kirkii essiccata.<\/p>\n<h3>Disclaimer<\/h3>\n<p><em>Il contenuto di questo testo ha uno scopo puramente informativo e non sostituisce una consulenza professionale. Questo prodotto non \u00e8 un farmaco e non \u00e8 destinato a diagnosticare, trattare o curare alcuna condizione medica. Non raccomandato per donne in gravidanza, donne che allattano, bambini o persone con condizioni mediche senza previa consultazione con un medico.<\/em><\/p>\n","protected":false},"excerpt":{"rendered":"<p>Synaptolepis Kirkii &#8211; Uvuma omhlope, chiamata anche Kirkii, \u00e8 un&#8217;erba blu-verde sorprendente con radici bianche e un posto speciale all&#8217;interno della tradizione sudafricana. Come parte delle piante &#8216;Ubaluwa&#8217;, \u00e8 stata utilizzata per generazioni in rituali spirituali incentrati su sogni e consapevolezza. Ideale per chi cerca un&#8217;aggiunta mistica alla routine serale o vuole approfondire il viaggio [&hellip;]<\/p>\n","protected":false},"featured_media":61756,"comment_status":"closed","ping_status":"closed","template":"","meta":[],"product_brand":[],"product_cat":[646],"product_tag":[],"class_list":{"0":"post-61751","1":"product","2":"type-product","3":"status-publish","4":"has-post-thumbnail","6":"product_cat-erbe-dei-sogni","8":"first","9":"instock","10":"taxable","11":"shipping-taxable","12":"purchasable","13":"product-type-simple"},"yoast_head":"<!-- This site is optimized with the Yoast SEO Premium plugin v26.4 (Yoast SEO v27.2) - https:\/\/yoast.com\/product\/yoast-seo-premium-wordpress\/ -->\n<title>Synaptolepis Kirkii - Uvuma omhlope - Dutchmicrodosing<\/title>\n<meta name=\"description\" content=\"Erba dei sogni tradizionale sudafricana Synaptolepis Kirkii (Kirkii) \u2013 ideale per rituali spirituali e un&#039;aggiunta mistica alla tua routine serale...\" \/>\n<meta name=\"robots\" content=\"index, follow, max-snippet:-1, max-image-preview:large, max-video-preview:-1\" \/>\n<link rel=\"canonical\" href=\"https:\/\/dutchmicrodosing.com\/it\/erbe-botaniche\/erbe-dei-sogni\/synaptolepis-kirkii-uvuma-omhlope\/\" \/>\n<meta property=\"og:locale\" content=\"it_IT\" \/>\n<meta property=\"og:type\" content=\"article\" \/>\n<meta property=\"og:title\" content=\"Synaptolepis Kirkii - Uvuma omhlope\" \/>\n<meta property=\"og:description\" content=\"Synaptolepis Kirkii - Uvuma omhlope, chiamata anche Kirkii, \u00e8 un&#039;erba blu-verde sorprendente con radici bianche e un posto speciale all&#039;interno della\" \/>\n<meta property=\"og:url\" content=\"https:\/\/dutchmicrodosing.com\/it\/erbe-botaniche\/erbe-dei-sogni\/synaptolepis-kirkii-uvuma-omhlope\/\" \/>\n<meta property=\"og:site_name\" content=\"Dutchmicrodosing\" \/>\n<meta property=\"article:publisher\" content=\"https:\/\/www.facebook.com\/Dutchmicrodosingxp\/\" \/>\n<meta property=\"article:modified_time\" content=\"2025-11-24T15:40:31+00:00\" \/>\n<meta property=\"og:image\" content=\"https:\/\/dutchmicrodosing.com\/wp-content\/uploads\/2025\/11\/kirkii-synaptolepis-uvuma-omhlope-1.png\" \/>\n\t<meta property=\"og:image:width\" content=\"420\" \/>\n\t<meta property=\"og:image:height\" content=\"638\" \/>\n\t<meta property=\"og:image:type\" content=\"image\/png\" \/>\n<meta name=\"twitter:card\" content=\"summary_large_image\" \/>\n<script type=\"application\/ld+json\" class=\"yoast-schema-graph\">{\"@context\":\"https:\/\/schema.org\",\"@graph\":[{\"@type\":\"WebPage\",\"@id\":\"https:\/\/dutchmicrodosing.com\/it\/erbe-botaniche\/erbe-dei-sogni\/synaptolepis-kirkii-uvuma-omhlope\/\",\"url\":\"https:\/\/dutchmicrodosing.com\/it\/erbe-botaniche\/erbe-dei-sogni\/synaptolepis-kirkii-uvuma-omhlope\/\",\"name\":\"Synaptolepis Kirkii - Uvuma omhlope - Dutchmicrodosing\",\"isPartOf\":{\"@id\":\"https:\/\/dutchmicrodosing.com\/it\/#website\"},\"primaryImageOfPage\":{\"@id\":\"https:\/\/dutchmicrodosing.com\/it\/erbe-botaniche\/erbe-dei-sogni\/synaptolepis-kirkii-uvuma-omhlope\/#primaryimage\"},\"image\":{\"@id\":\"https:\/\/dutchmicrodosing.com\/it\/erbe-botaniche\/erbe-dei-sogni\/synaptolepis-kirkii-uvuma-omhlope\/#primaryimage\"},\"thumbnailUrl\":\"https:\/\/dutchmicrodosing.com\/wp-content\/uploads\/2025\/11\/kirkii-synaptolepis-uvuma-omhlope-1.png\",\"datePublished\":\"2025-11-12T09:21:39+00:00\",\"dateModified\":\"2025-11-24T15:40:31+00:00\",\"description\":\"Erba dei sogni tradizionale sudafricana Synaptolepis Kirkii (Kirkii) \u2013 ideale per rituali spirituali e un'aggiunta mistica alla tua routine serale...\",\"breadcrumb\":{\"@id\":\"https:\/\/dutchmicrodosing.com\/it\/erbe-botaniche\/erbe-dei-sogni\/synaptolepis-kirkii-uvuma-omhlope\/#breadcrumb\"},\"inLanguage\":\"it-IT\",\"potentialAction\":[{\"@type\":\"ReadAction\",\"target\":[\"https:\/\/dutchmicrodosing.com\/it\/erbe-botaniche\/erbe-dei-sogni\/synaptolepis-kirkii-uvuma-omhlope\/\"]}]},{\"@type\":\"ImageObject\",\"inLanguage\":\"it-IT\",\"@id\":\"https:\/\/dutchmicrodosing.com\/it\/erbe-botaniche\/erbe-dei-sogni\/synaptolepis-kirkii-uvuma-omhlope\/#primaryimage\",\"url\":\"https:\/\/dutchmicrodosing.com\/wp-content\/uploads\/2025\/11\/kirkii-synaptolepis-uvuma-omhlope-1.png\",\"contentUrl\":\"https:\/\/dutchmicrodosing.com\/wp-content\/uploads\/2025\/11\/kirkii-synaptolepis-uvuma-omhlope-1.png\",\"width\":420,\"height\":638},{\"@type\":\"BreadcrumbList\",\"@id\":\"https:\/\/dutchmicrodosing.com\/it\/erbe-botaniche\/erbe-dei-sogni\/synaptolepis-kirkii-uvuma-omhlope\/#breadcrumb\",\"itemListElement\":[{\"@type\":\"ListItem\",\"position\":1,\"name\":\"Home\",\"item\":\"https:\/\/dutchmicrodosing.com\/it\/\"},{\"@type\":\"ListItem\",\"position\":2,\"name\":\"Negozio\",\"item\":\"https:\/\/dutchmicrodosing.com\/it\/negozio\/\"},{\"@type\":\"ListItem\",\"position\":3,\"name\":\"Synaptolepis Kirkii &#8211; Uvuma omhlope\"}]},{\"@type\":\"WebSite\",\"@id\":\"https:\/\/dutchmicrodosing.com\/it\/#website\",\"url\":\"https:\/\/dutchmicrodosing.com\/it\/\",\"name\":\"Dutchmicrodosing\",\"description\":\"\",\"publisher\":{\"@id\":\"https:\/\/dutchmicrodosing.com\/it\/#organization\"},\"potentialAction\":[{\"@type\":\"SearchAction\",\"target\":{\"@type\":\"EntryPoint\",\"urlTemplate\":\"https:\/\/dutchmicrodosing.com\/it\/?s={search_term_string}\"},\"query-input\":{\"@type\":\"PropertyValueSpecification\",\"valueRequired\":true,\"valueName\":\"search_term_string\"}}],\"inLanguage\":\"it-IT\"},{\"@type\":\"Organization\",\"@id\":\"https:\/\/dutchmicrodosing.com\/it\/#organization\",\"name\":\"Dutchmicrodosing\",\"url\":\"https:\/\/dutchmicrodosing.com\/it\/\",\"logo\":{\"@type\":\"ImageObject\",\"inLanguage\":\"it-IT\",\"@id\":\"https:\/\/dutchmicrodosing.com\/it\/#\/schema\/logo\/image\/\",\"url\":\"https:\/\/dutchmicrodosing.com\/wp-content\/uploads\/2021\/01\/microdosing-categorie-pic-nieuw.jpg\",\"contentUrl\":\"https:\/\/dutchmicrodosing.com\/wp-content\/uploads\/2021\/01\/microdosing-categorie-pic-nieuw.jpg\",\"width\":500,\"height\":500,\"caption\":\"Dutchmicrodosing\"},\"image\":{\"@id\":\"https:\/\/dutchmicrodosing.com\/it\/#\/schema\/logo\/image\/\"},\"sameAs\":[\"https:\/\/www.facebook.com\/Dutchmicrodosingxp\/\",\"https:\/\/www.instagram.com\/dutchmicrodosing\/\"]}]}<\/script>\n<meta property=\"product:price:amount\" content=\"6.95\" \/>\n<meta property=\"product:price:currency\" content=\"EUR\" \/>\n<meta property=\"og:availability\" content=\"instock\" \/>\n<meta property=\"product:availability\" content=\"instock\" \/>\n<meta property=\"product:retailer_item_id\" content=\"5211733\" \/>\n<meta property=\"product:condition\" content=\"new\" \/>\n<!-- \/ Yoast SEO Premium plugin. -->","yoast_head_json":{"title":"Synaptolepis Kirkii - Uvuma omhlope - Dutchmicrodosing","description":"Erba dei sogni tradizionale sudafricana Synaptolepis Kirkii (Kirkii) \u2013 ideale per rituali spirituali e un'aggiunta mistica alla tua routine serale...","robots":{"index":"index","follow":"follow","max-snippet":"max-snippet:-1","max-image-preview":"max-image-preview:large","max-video-preview":"max-video-preview:-1"},"canonical":"https:\/\/dutchmicrodosing.com\/it\/erbe-botaniche\/erbe-dei-sogni\/synaptolepis-kirkii-uvuma-omhlope\/","og_locale":"it_IT","og_type":"article","og_title":"Synaptolepis Kirkii - Uvuma omhlope","og_description":"Synaptolepis Kirkii - Uvuma omhlope, chiamata anche Kirkii, \u00e8 un'erba blu-verde sorprendente con radici bianche e un posto speciale all'interno della","og_url":"https:\/\/dutchmicrodosing.com\/it\/erbe-botaniche\/erbe-dei-sogni\/synaptolepis-kirkii-uvuma-omhlope\/","og_site_name":"Dutchmicrodosing","article_publisher":"https:\/\/www.facebook.com\/Dutchmicrodosingxp\/","article_modified_time":"2025-11-24T15:40:31+00:00","og_image":[{"width":420,"height":638,"url":"https:\/\/dutchmicrodosing.com\/wp-content\/uploads\/2025\/11\/kirkii-synaptolepis-uvuma-omhlope-1.png","type":"image\/png"}],"twitter_card":"summary_large_image","schema":{"@context":"https:\/\/schema.org","@graph":[{"@type":"WebPage","@id":"https:\/\/dutchmicrodosing.com\/it\/erbe-botaniche\/erbe-dei-sogni\/synaptolepis-kirkii-uvuma-omhlope\/","url":"https:\/\/dutchmicrodosing.com\/it\/erbe-botaniche\/erbe-dei-sogni\/synaptolepis-kirkii-uvuma-omhlope\/","name":"Synaptolepis Kirkii - Uvuma omhlope - Dutchmicrodosing","isPartOf":{"@id":"https:\/\/dutchmicrodosing.com\/it\/#website"},"primaryImageOfPage":{"@id":"https:\/\/dutchmicrodosing.com\/it\/erbe-botaniche\/erbe-dei-sogni\/synaptolepis-kirkii-uvuma-omhlope\/#primaryimage"},"image":{"@id":"https:\/\/dutchmicrodosing.com\/it\/erbe-botaniche\/erbe-dei-sogni\/synaptolepis-kirkii-uvuma-omhlope\/#primaryimage"},"thumbnailUrl":"https:\/\/dutchmicrodosing.com\/wp-content\/uploads\/2025\/11\/kirkii-synaptolepis-uvuma-omhlope-1.png","datePublished":"2025-11-12T09:21:39+00:00","dateModified":"2025-11-24T15:40:31+00:00","description":"Erba dei sogni tradizionale sudafricana Synaptolepis Kirkii (Kirkii) \u2013 ideale per rituali spirituali e un'aggiunta mistica alla tua routine serale...","breadcrumb":{"@id":"https:\/\/dutchmicrodosing.com\/it\/erbe-botaniche\/erbe-dei-sogni\/synaptolepis-kirkii-uvuma-omhlope\/#breadcrumb"},"inLanguage":"it-IT","potentialAction":[{"@type":"ReadAction","target":["https:\/\/dutchmicrodosing.com\/it\/erbe-botaniche\/erbe-dei-sogni\/synaptolepis-kirkii-uvuma-omhlope\/"]}]},{"@type":"ImageObject","inLanguage":"it-IT","@id":"https:\/\/dutchmicrodosing.com\/it\/erbe-botaniche\/erbe-dei-sogni\/synaptolepis-kirkii-uvuma-omhlope\/#primaryimage","url":"https:\/\/dutchmicrodosing.com\/wp-content\/uploads\/2025\/11\/kirkii-synaptolepis-uvuma-omhlope-1.png","contentUrl":"https:\/\/dutchmicrodosing.com\/wp-content\/uploads\/2025\/11\/kirkii-synaptolepis-uvuma-omhlope-1.png","width":420,"height":638},{"@type":"BreadcrumbList","@id":"https:\/\/dutchmicrodosing.com\/it\/erbe-botaniche\/erbe-dei-sogni\/synaptolepis-kirkii-uvuma-omhlope\/#breadcrumb","itemListElement":[{"@type":"ListItem","position":1,"name":"Home","item":"https:\/\/dutchmicrodosing.com\/it\/"},{"@type":"ListItem","position":2,"name":"Negozio","item":"https:\/\/dutchmicrodosing.com\/it\/negozio\/"},{"@type":"ListItem","position":3,"name":"Synaptolepis Kirkii &#8211; Uvuma omhlope"}]},{"@type":"WebSite","@id":"https:\/\/dutchmicrodosing.com\/it\/#website","url":"https:\/\/dutchmicrodosing.com\/it\/","name":"Dutchmicrodosing","description":"","publisher":{"@id":"https:\/\/dutchmicrodosing.com\/it\/#organization"},"potentialAction":[{"@type":"SearchAction","target":{"@type":"EntryPoint","urlTemplate":"https:\/\/dutchmicrodosing.com\/it\/?s={search_term_string}"},"query-input":{"@type":"PropertyValueSpecification","valueRequired":true,"valueName":"search_term_string"}}],"inLanguage":"it-IT"},{"@type":"Organization","@id":"https:\/\/dutchmicrodosing.com\/it\/#organization","name":"Dutchmicrodosing","url":"https:\/\/dutchmicrodosing.com\/it\/","logo":{"@type":"ImageObject","inLanguage":"it-IT","@id":"https:\/\/dutchmicrodosing.com\/it\/#\/schema\/logo\/image\/","url":"https:\/\/dutchmicrodosing.com\/wp-content\/uploads\/2021\/01\/microdosing-categorie-pic-nieuw.jpg","contentUrl":"https:\/\/dutchmicrodosing.com\/wp-content\/uploads\/2021\/01\/microdosing-categorie-pic-nieuw.jpg","width":500,"height":500,"caption":"Dutchmicrodosing"},"image":{"@id":"https:\/\/dutchmicrodosing.com\/it\/#\/schema\/logo\/image\/"},"sameAs":["https:\/\/www.facebook.com\/Dutchmicrodosingxp\/","https:\/\/www.instagram.com\/dutchmicrodosing\/"]}]},"product_price_amount":"6.95","product_price_currency":"EUR","og_availability":"instock","product_availability":"instock","product_retailer_item_id":"5211733","product_condition":"new"},"_links":{"self":[{"href":"https:\/\/dutchmicrodosing.com\/it\/wp-json\/wp\/v2\/product\/61751","targetHints":{"allow":["GET"]}}],"collection":[{"href":"https:\/\/dutchmicrodosing.com\/it\/wp-json\/wp\/v2\/product"}],"about":[{"href":"https:\/\/dutchmicrodosing.com\/it\/wp-json\/wp\/v2\/types\/product"}],"replies":[{"embeddable":true,"href":"https:\/\/dutchmicrodosing.com\/it\/wp-json\/wp\/v2\/comments?post=61751"}],"version-history":[{"count":1,"href":"https:\/\/dutchmicrodosing.com\/it\/wp-json\/wp\/v2\/product\/61751\/revisions"}],"predecessor-version":[{"id":62743,"href":"https:\/\/dutchmicrodosing.com\/it\/wp-json\/wp\/v2\/product\/61751\/revisions\/62743"}],"wp:featuredmedia":[{"embeddable":true,"href":"https:\/\/dutchmicrodosing.com\/it\/wp-json\/wp\/v2\/media\/61756"}],"wp:attachment":[{"href":"https:\/\/dutchmicrodosing.com\/it\/wp-json\/wp\/v2\/media?parent=61751"}],"wp:term":[{"taxonomy":"product_brand","embeddable":true,"href":"https:\/\/dutchmicrodosing.com\/it\/wp-json\/wp\/v2\/product_brand?post=61751"},{"taxonomy":"product_cat","embeddable":true,"href":"https:\/\/dutchmicrodosing.com\/it\/wp-json\/wp\/v2\/product_cat?post=61751"},{"taxonomy":"product_tag","embeddable":true,"href":"https:\/\/dutchmicrodosing.com\/it\/wp-json\/wp\/v2\/product_tag?post=61751"}],"curies":[{"name":"wp","href":"https:\/\/api.w.org\/{rel}","templated":true}]}}