{"id":63927,"date":"2026-01-14T10:11:08","date_gmt":"2026-01-14T09:11:08","guid":{"rendered":"https:\/\/dutchmicrodosing.com\/shop\/senza-categoria\/barattolo-di-tartufi-magici\/"},"modified":"2026-04-13T15:03:46","modified_gmt":"2026-04-13T13:03:46","slug":"barattolo-di-tartufi-magici","status":"publish","type":"product","link":"https:\/\/dutchmicrodosing.com\/it\/tartufi-di-psilocibina\/tartufi-magici\/barattolo-di-tartufi-magici\/","title":{"rendered":"Barattolo di tartufi magici"},"content":{"rendered":"<p>Il <strong>Barattolo di tartufi magici<\/strong> offre un modo semplice e accessibile per coltivare da s\u00e9 i tartufi magici. Questo barattolo di coltivazione \u00e8 completamente pronto all&#8217;uso e sviluppato appositamente per chi desidera avvicinarsi al processo di coltivazione senza conoscenze tecniche. Non devi pesare o mescolare nulla; se ti prendi cura del barattolo, il micelio far\u00e0 il suo lavoro da solo.<\/p>\n<p>Il TruffleJar \u00e8 particolarmente adatto agli utenti curiosi che amano seguire da vicino il processo di crescita e decidere da soli quando e quanto raccogliere.<\/p>\n<blockquote><p>Il Barattolo di tartufi magici \u00e8 un barattolo di coltivazione pronto all&#8217;uso in cui il micelio forma automaticamente tartufi magici nelle giuste condizioni.<\/p><\/blockquote>\n<h2>Cos&#8217;\u00e8 il TruffleJar?<\/h2>\n<p>Il TruffleJar contiene micelio di funghi <em>Psilocybe Mexicana<\/em> completamente sviluppato. Nelle giuste condizioni, questo micelio forma tartufi magici (chiamati anche sclerozi) direttamente nel barattolo. Poich\u00e9 tutto \u00e8 gi\u00e0 stato preparato, questo metodo di coltivazione \u00e8 accessibile sia ai principianti che alle persone con una certa esperienza.<\/p>\n<h2>Come si usa il TruffleJar?<\/h2>\n<p>Il TruffleJar \u00e8 pronto per l&#8217;uso e non deve essere modificato. La cosa pi\u00f9 importante \u00e8 assicurarsi di fornire un ambiente adatto e dare tempo al processo di coltivazione.<\/p>\n<ul>\n<li>Metti il barattolo in un luogo a temperatura ambiente<\/li>\n<li>Evita la luce solare diretta<\/li>\n<li>Tieni il barattolo chiuso fino al momento del raccolto<\/li>\n<li>Non toccare il contenuto durante la crescita<\/li>\n<\/ul>\n<p>Il micelio continua a crescere da solo nel barattolo. Lasciando il TruffleJar indisturbato e seguendo le istruzioni, si crea un ambiente stabile in cui i tartufi possono svilupparsi gradualmente.<\/p>\n<p>Per chi desidera una panoramica chiara di tutti i passaggi, \u00e8 disponibile una guida completa alla coltivazione in formato PDF.<\/p>\n<p><a href=\"https:\/\/dutchmicrodosing.com\/wp-content\/uploads\/2026\/01\/Handleiding-TruffleJarss-ITALIAANS.pdf\">Consulta la guida completa alla coltivazione del TruffleJar (PDF)<\/a><\/p>\n<h2>Cosa puoi aspettarti da questi tartufi?<\/h2>\n<p>Questi tartufi sono spesso scelti per il loro carattere accessibile ed equilibrato. Gli utenti descrivono regolarmente l&#8217;esperienza come chiara ed energica, con lievi effetti visivi e un&#8217;atmosfera calda e positiva. Questo rende questa specie popolare tra i principianti, ma anche tra gli utenti esperti che cercano un&#8217;esperienza equilibrata.<\/p>\n<p>Come sempre, le esperienze variano da persona a persona e dipendono dal dosaggio, dall&#8217;ambiente e dalla sensibilit\u00e0 personale.<\/p>\n<h2>Dosaggio (indicativo)<\/h2>\n<ul>\n<li><strong>Dosaggio standard:<\/strong> 10\u201315 grammi<\/li>\n<li><strong>Microdosaggio:<\/strong> 1\u20132 grammi<\/li>\n<\/ul>\n<p>Molte persone iniziano con una quantit\u00e0 inferiore e la adattano in seguito alla propria esperienza.<\/p>\n<h2>Specifiche<\/h2>\n<ul>\n<li><strong>Specie:<\/strong> Psilocybe Mexicana<\/li>\n<li><strong>Resa media:<\/strong> \u00b1 50 grammi al mese<\/li>\n<li><strong>Resa massima:<\/strong> fino a \u00b1 180 grammi per barattolo<\/li>\n<\/ul>\n<h2>Ingredienti e composizione<\/h2>\n<p>Micelio di funghi a base di cereali, completamente sviluppato con micelio attivo di Psilocybe.<\/p>\n<h2>Contenuto della confezione<\/h2>\n<ul>\n<li>1068 mL di micelio di funghi<\/li>\n<li>Manuale di coltivazione completo<\/li>\n<\/ul>\n<h2>Aspetti importanti<\/h2>\n<ul>\n<li>Conserva il barattolo a temperatura ambiente<\/li>\n<li>Non esporre alla luce solare diretta<\/li>\n<li>Tieni il barattolo chiuso fino al momento del raccolto<\/li>\n<li>Leggi sempre prima il manuale<\/li>\n<\/ul>\n<h2>Domande frequenti sul Barattolo di tartufi magici<\/h2>\n<p>Quanto tempo ci vuole prima di poter raccogliere?<\/p>\n<p>In media, puoi raccogliere i primi tartufi dopo circa 4-6 settimane. Questo pu\u00f2 variare leggermente a seconda del barattolo e dell\u2019ambiente<\/p>\n<p>Devo aprire il barattolo durante la coltivazione?<\/p>\n<p>No, \u00e8 importante tenere il barattolo chiuso fino al momento del raccolto. Questo mantiene stabile il clima di coltivazione.<\/p>\n<p>Questo TruffleJar \u00e8 adatto ai principianti?<\/p>\n<p>S\u00ec, il TruffleJar \u00e8 stato progettato appositamente per le persone senza esperienza di coltivazione. Tutto \u00e8 preparato e devi solo seguire le istruzioni<\/p>\n","protected":false},"excerpt":{"rendered":"<p>Il Barattolo di tartufi magici offre un modo semplice e accessibile per coltivare da s\u00e9 i tartufi magici. Questo barattolo di coltivazione \u00e8 completamente pronto all&#8217;uso e sviluppato appositamente per chi desidera avvicinarsi al processo di coltivazione senza conoscenze tecniche. Non devi pesare o mescolare nulla; se ti prendi cura del barattolo, il micelio far\u00e0 [&hellip;]<\/p>\n","protected":false},"featured_media":64481,"comment_status":"closed","ping_status":"closed","template":"","meta":[],"product_brand":[],"product_cat":[203],"product_tag":[],"class_list":{"0":"post-63927","1":"product","2":"type-product","3":"status-publish","4":"has-post-thumbnail","6":"product_cat-tartufi-magici","8":"first","9":"instock","10":"taxable","11":"shipping-taxable","12":"purchasable","13":"product-type-simple"},"yoast_head":"<!-- This site is optimized with the Yoast SEO Premium plugin v26.4 (Yoast SEO v27.4) - https:\/\/yoast.com\/product\/yoast-seo-premium-wordpress\/ -->\n<title>Barattolo di tartufi magici - Dutchmicrodosing<\/title>\n<meta name=\"description\" content=\"Scopri come funziona la Magic Truffle Jar. Informazioni su tempi di raccolta, utilizzo, coltivazione, consigli utili e FAQ per principianti.\" \/>\n<meta name=\"robots\" content=\"index, follow, max-snippet:-1, max-image-preview:large, max-video-preview:-1\" \/>\n<link rel=\"canonical\" href=\"https:\/\/dutchmicrodosing.com\/it\/tartufi-di-psilocibina\/tartufi-magici\/barattolo-di-tartufi-magici\/\" \/>\n<meta property=\"og:locale\" content=\"it_IT\" \/>\n<meta property=\"og:type\" content=\"article\" \/>\n<meta property=\"og:title\" content=\"Barattolo di tartufi magici\" \/>\n<meta property=\"og:description\" content=\"Il Barattolo di tartufi magici offre un modo semplice e accessibile per coltivare da s\u00e9 i tartufi magici. Questo barattolo di coltivazione \u00e8 completamente\" \/>\n<meta property=\"og:url\" content=\"https:\/\/dutchmicrodosing.com\/it\/tartufi-di-psilocibina\/tartufi-magici\/barattolo-di-tartufi-magici\/\" \/>\n<meta property=\"og:site_name\" content=\"Dutchmicrodosing\" \/>\n<meta property=\"article:publisher\" content=\"https:\/\/www.facebook.com\/Dutchmicrodosingxp\/\" \/>\n<meta property=\"article:modified_time\" content=\"2026-04-13T13:03:46+00:00\" \/>\n<meta property=\"og:image\" content=\"https:\/\/dutchmicrodosing.com\/wp-content\/uploads\/2026\/01\/0e85503f-4984-49ef-b6c8-ef6e3a44e9af.png\" \/>\n\t<meta property=\"og:image:width\" content=\"1024\" \/>\n\t<meta property=\"og:image:height\" content=\"1536\" \/>\n\t<meta property=\"og:image:type\" content=\"image\/png\" \/>\n<meta name=\"twitter:card\" content=\"summary_large_image\" \/>\n<script type=\"application\/ld+json\" class=\"yoast-schema-graph\">{\"@context\":\"https:\\\/\\\/schema.org\",\"@graph\":[{\"@type\":\"WebPage\",\"@id\":\"https:\\\/\\\/dutchmicrodosing.com\\\/it\\\/tartufi-di-psilocibina\\\/tartufi-magici\\\/barattolo-di-tartufi-magici\\\/\",\"url\":\"https:\\\/\\\/dutchmicrodosing.com\\\/it\\\/tartufi-di-psilocibina\\\/tartufi-magici\\\/barattolo-di-tartufi-magici\\\/\",\"name\":\"Barattolo di tartufi magici - Dutchmicrodosing\",\"isPartOf\":{\"@id\":\"https:\\\/\\\/dutchmicrodosing.com\\\/it\\\/#website\"},\"primaryImageOfPage\":{\"@id\":\"https:\\\/\\\/dutchmicrodosing.com\\\/it\\\/tartufi-di-psilocibina\\\/tartufi-magici\\\/barattolo-di-tartufi-magici\\\/#primaryimage\"},\"image\":{\"@id\":\"https:\\\/\\\/dutchmicrodosing.com\\\/it\\\/tartufi-di-psilocibina\\\/tartufi-magici\\\/barattolo-di-tartufi-magici\\\/#primaryimage\"},\"thumbnailUrl\":\"https:\\\/\\\/dutchmicrodosing.com\\\/wp-content\\\/uploads\\\/2026\\\/01\\\/trufflejarss.jpg.webp\",\"datePublished\":\"2026-01-14T09:11:08+00:00\",\"dateModified\":\"2026-04-13T13:03:46+00:00\",\"description\":\"Scopri come funziona la Magic Truffle Jar. Informazioni su tempi di raccolta, utilizzo, coltivazione, consigli utili e FAQ per principianti.\",\"breadcrumb\":{\"@id\":\"https:\\\/\\\/dutchmicrodosing.com\\\/it\\\/tartufi-di-psilocibina\\\/tartufi-magici\\\/barattolo-di-tartufi-magici\\\/#breadcrumb\"},\"inLanguage\":\"it-IT\",\"potentialAction\":[{\"@type\":\"ReadAction\",\"target\":[\"https:\\\/\\\/dutchmicrodosing.com\\\/it\\\/tartufi-di-psilocibina\\\/tartufi-magici\\\/barattolo-di-tartufi-magici\\\/\"]}]},{\"@type\":\"ImageObject\",\"inLanguage\":\"it-IT\",\"@id\":\"https:\\\/\\\/dutchmicrodosing.com\\\/it\\\/tartufi-di-psilocibina\\\/tartufi-magici\\\/barattolo-di-tartufi-magici\\\/#primaryimage\",\"url\":\"https:\\\/\\\/dutchmicrodosing.com\\\/wp-content\\\/uploads\\\/2026\\\/01\\\/trufflejarss.jpg.webp\",\"contentUrl\":\"https:\\\/\\\/dutchmicrodosing.com\\\/wp-content\\\/uploads\\\/2026\\\/01\\\/trufflejarss.jpg.webp\",\"width\":1024,\"height\":1024},{\"@type\":\"BreadcrumbList\",\"@id\":\"https:\\\/\\\/dutchmicrodosing.com\\\/it\\\/tartufi-di-psilocibina\\\/tartufi-magici\\\/barattolo-di-tartufi-magici\\\/#breadcrumb\",\"itemListElement\":[{\"@type\":\"ListItem\",\"position\":1,\"name\":\"Home\",\"item\":\"https:\\\/\\\/dutchmicrodosing.com\\\/it\\\/\"},{\"@type\":\"ListItem\",\"position\":2,\"name\":\"Negozio\",\"item\":\"https:\\\/\\\/dutchmicrodosing.com\\\/it\\\/negozio\\\/\"},{\"@type\":\"ListItem\",\"position\":3,\"name\":\"Barattolo di tartufi magici\"}]},{\"@type\":\"WebSite\",\"@id\":\"https:\\\/\\\/dutchmicrodosing.com\\\/it\\\/#website\",\"url\":\"https:\\\/\\\/dutchmicrodosing.com\\\/it\\\/\",\"name\":\"Dutchmicrodosing\",\"description\":\"\",\"publisher\":{\"@id\":\"https:\\\/\\\/dutchmicrodosing.com\\\/it\\\/#organization\"},\"potentialAction\":[{\"@type\":\"SearchAction\",\"target\":{\"@type\":\"EntryPoint\",\"urlTemplate\":\"https:\\\/\\\/dutchmicrodosing.com\\\/it\\\/?s={search_term_string}\"},\"query-input\":{\"@type\":\"PropertyValueSpecification\",\"valueRequired\":true,\"valueName\":\"search_term_string\"}}],\"inLanguage\":\"it-IT\"},{\"@type\":\"Organization\",\"@id\":\"https:\\\/\\\/dutchmicrodosing.com\\\/it\\\/#organization\",\"name\":\"Dutchmicrodosing\",\"url\":\"https:\\\/\\\/dutchmicrodosing.com\\\/it\\\/\",\"logo\":{\"@type\":\"ImageObject\",\"inLanguage\":\"it-IT\",\"@id\":\"https:\\\/\\\/dutchmicrodosing.com\\\/it\\\/#\\\/schema\\\/logo\\\/image\\\/\",\"url\":\"https:\\\/\\\/dutchmicrodosing.com\\\/wp-content\\\/uploads\\\/2021\\\/01\\\/microdosing-categorie-pic-nieuw.jpg\",\"contentUrl\":\"https:\\\/\\\/dutchmicrodosing.com\\\/wp-content\\\/uploads\\\/2021\\\/01\\\/microdosing-categorie-pic-nieuw.jpg\",\"width\":500,\"height\":500,\"caption\":\"Dutchmicrodosing\"},\"image\":{\"@id\":\"https:\\\/\\\/dutchmicrodosing.com\\\/it\\\/#\\\/schema\\\/logo\\\/image\\\/\"},\"sameAs\":[\"https:\\\/\\\/www.facebook.com\\\/Dutchmicrodosingxp\\\/\",\"https:\\\/\\\/www.instagram.com\\\/dutchmicrodosing\\\/\"]}]}<\/script>\n<meta property=\"product:price:amount\" content=\"29.95\" \/>\n<meta property=\"product:price:currency\" content=\"EUR\" \/>\n<meta property=\"og:availability\" content=\"instock\" \/>\n<meta property=\"product:availability\" content=\"instock\" \/>\n<meta property=\"product:retailer_item_id\" content=\"6201855\" \/>\n<meta property=\"product:condition\" content=\"new\" \/>\n<!-- \/ Yoast SEO Premium plugin. -->","yoast_head_json":{"title":"Barattolo di tartufi magici - Dutchmicrodosing","description":"Scopri come funziona la Magic Truffle Jar. Informazioni su tempi di raccolta, utilizzo, coltivazione, consigli utili e FAQ per principianti.","robots":{"index":"index","follow":"follow","max-snippet":"max-snippet:-1","max-image-preview":"max-image-preview:large","max-video-preview":"max-video-preview:-1"},"canonical":"https:\/\/dutchmicrodosing.com\/it\/tartufi-di-psilocibina\/tartufi-magici\/barattolo-di-tartufi-magici\/","og_locale":"it_IT","og_type":"article","og_title":"Barattolo di tartufi magici","og_description":"Il Barattolo di tartufi magici offre un modo semplice e accessibile per coltivare da s\u00e9 i tartufi magici. Questo barattolo di coltivazione \u00e8 completamente","og_url":"https:\/\/dutchmicrodosing.com\/it\/tartufi-di-psilocibina\/tartufi-magici\/barattolo-di-tartufi-magici\/","og_site_name":"Dutchmicrodosing","article_publisher":"https:\/\/www.facebook.com\/Dutchmicrodosingxp\/","article_modified_time":"2026-04-13T13:03:46+00:00","og_image":[{"width":1024,"height":1536,"url":"https:\/\/dutchmicrodosing.com\/wp-content\/uploads\/2026\/01\/0e85503f-4984-49ef-b6c8-ef6e3a44e9af.png","type":"image\/png"}],"twitter_card":"summary_large_image","schema":{"@context":"https:\/\/schema.org","@graph":[{"@type":"WebPage","@id":"https:\/\/dutchmicrodosing.com\/it\/tartufi-di-psilocibina\/tartufi-magici\/barattolo-di-tartufi-magici\/","url":"https:\/\/dutchmicrodosing.com\/it\/tartufi-di-psilocibina\/tartufi-magici\/barattolo-di-tartufi-magici\/","name":"Barattolo di tartufi magici - Dutchmicrodosing","isPartOf":{"@id":"https:\/\/dutchmicrodosing.com\/it\/#website"},"primaryImageOfPage":{"@id":"https:\/\/dutchmicrodosing.com\/it\/tartufi-di-psilocibina\/tartufi-magici\/barattolo-di-tartufi-magici\/#primaryimage"},"image":{"@id":"https:\/\/dutchmicrodosing.com\/it\/tartufi-di-psilocibina\/tartufi-magici\/barattolo-di-tartufi-magici\/#primaryimage"},"thumbnailUrl":"https:\/\/dutchmicrodosing.com\/wp-content\/uploads\/2026\/01\/trufflejarss.jpg.webp","datePublished":"2026-01-14T09:11:08+00:00","dateModified":"2026-04-13T13:03:46+00:00","description":"Scopri come funziona la Magic Truffle Jar. Informazioni su tempi di raccolta, utilizzo, coltivazione, consigli utili e FAQ per principianti.","breadcrumb":{"@id":"https:\/\/dutchmicrodosing.com\/it\/tartufi-di-psilocibina\/tartufi-magici\/barattolo-di-tartufi-magici\/#breadcrumb"},"inLanguage":"it-IT","potentialAction":[{"@type":"ReadAction","target":["https:\/\/dutchmicrodosing.com\/it\/tartufi-di-psilocibina\/tartufi-magici\/barattolo-di-tartufi-magici\/"]}]},{"@type":"ImageObject","inLanguage":"it-IT","@id":"https:\/\/dutchmicrodosing.com\/it\/tartufi-di-psilocibina\/tartufi-magici\/barattolo-di-tartufi-magici\/#primaryimage","url":"https:\/\/dutchmicrodosing.com\/wp-content\/uploads\/2026\/01\/trufflejarss.jpg.webp","contentUrl":"https:\/\/dutchmicrodosing.com\/wp-content\/uploads\/2026\/01\/trufflejarss.jpg.webp","width":1024,"height":1024},{"@type":"BreadcrumbList","@id":"https:\/\/dutchmicrodosing.com\/it\/tartufi-di-psilocibina\/tartufi-magici\/barattolo-di-tartufi-magici\/#breadcrumb","itemListElement":[{"@type":"ListItem","position":1,"name":"Home","item":"https:\/\/dutchmicrodosing.com\/it\/"},{"@type":"ListItem","position":2,"name":"Negozio","item":"https:\/\/dutchmicrodosing.com\/it\/negozio\/"},{"@type":"ListItem","position":3,"name":"Barattolo di tartufi magici"}]},{"@type":"WebSite","@id":"https:\/\/dutchmicrodosing.com\/it\/#website","url":"https:\/\/dutchmicrodosing.com\/it\/","name":"Dutchmicrodosing","description":"","publisher":{"@id":"https:\/\/dutchmicrodosing.com\/it\/#organization"},"potentialAction":[{"@type":"SearchAction","target":{"@type":"EntryPoint","urlTemplate":"https:\/\/dutchmicrodosing.com\/it\/?s={search_term_string}"},"query-input":{"@type":"PropertyValueSpecification","valueRequired":true,"valueName":"search_term_string"}}],"inLanguage":"it-IT"},{"@type":"Organization","@id":"https:\/\/dutchmicrodosing.com\/it\/#organization","name":"Dutchmicrodosing","url":"https:\/\/dutchmicrodosing.com\/it\/","logo":{"@type":"ImageObject","inLanguage":"it-IT","@id":"https:\/\/dutchmicrodosing.com\/it\/#\/schema\/logo\/image\/","url":"https:\/\/dutchmicrodosing.com\/wp-content\/uploads\/2021\/01\/microdosing-categorie-pic-nieuw.jpg","contentUrl":"https:\/\/dutchmicrodosing.com\/wp-content\/uploads\/2021\/01\/microdosing-categorie-pic-nieuw.jpg","width":500,"height":500,"caption":"Dutchmicrodosing"},"image":{"@id":"https:\/\/dutchmicrodosing.com\/it\/#\/schema\/logo\/image\/"},"sameAs":["https:\/\/www.facebook.com\/Dutchmicrodosingxp\/","https:\/\/www.instagram.com\/dutchmicrodosing\/"]}]},"product_price_amount":"29.95","product_price_currency":"EUR","og_availability":"instock","product_availability":"instock","product_retailer_item_id":"6201855","product_condition":"new"},"_links":{"self":[{"href":"https:\/\/dutchmicrodosing.com\/it\/wp-json\/wp\/v2\/product\/63927","targetHints":{"allow":["GET"]}}],"collection":[{"href":"https:\/\/dutchmicrodosing.com\/it\/wp-json\/wp\/v2\/product"}],"about":[{"href":"https:\/\/dutchmicrodosing.com\/it\/wp-json\/wp\/v2\/types\/product"}],"replies":[{"embeddable":true,"href":"https:\/\/dutchmicrodosing.com\/it\/wp-json\/wp\/v2\/comments?post=63927"}],"version-history":[{"count":6,"href":"https:\/\/dutchmicrodosing.com\/it\/wp-json\/wp\/v2\/product\/63927\/revisions"}],"predecessor-version":[{"id":64101,"href":"https:\/\/dutchmicrodosing.com\/it\/wp-json\/wp\/v2\/product\/63927\/revisions\/64101"}],"wp:featuredmedia":[{"embeddable":true,"href":"https:\/\/dutchmicrodosing.com\/it\/wp-json\/wp\/v2\/media\/64481"}],"wp:attachment":[{"href":"https:\/\/dutchmicrodosing.com\/it\/wp-json\/wp\/v2\/media?parent=63927"}],"wp:term":[{"taxonomy":"product_brand","embeddable":true,"href":"https:\/\/dutchmicrodosing.com\/it\/wp-json\/wp\/v2\/product_brand?post=63927"},{"taxonomy":"product_cat","embeddable":true,"href":"https:\/\/dutchmicrodosing.com\/it\/wp-json\/wp\/v2\/product_cat?post=63927"},{"taxonomy":"product_tag","embeddable":true,"href":"https:\/\/dutchmicrodosing.com\/it\/wp-json\/wp\/v2\/product_tag?post=63927"}],"curies":[{"name":"wp","href":"https:\/\/api.w.org\/{rel}","templated":true}]}}