{"id":64125,"date":"2026-02-02T15:24:16","date_gmt":"2026-02-02T14:24:16","guid":{"rendered":"https:\/\/dutchmicrodosing.com\/shop\/senza-categoria\/growkit-royale-flush-melmac-116\/"},"modified":"2026-02-02T17:21:24","modified_gmt":"2026-02-02T16:21:24","slug":"growkit-royale-flush-melmac-116","status":"publish","type":"product","link":"https:\/\/dutchmicrodosing.com\/it\/funghi-allucinogeni\/kit-di-coltivazione-speciali\/growkit-royale-flush-melmac-116\/","title":{"rendered":"Growkit Royale Flush Melmac 116"},"content":{"rendered":"<p>Il <strong>Growkit Royale Flush Melmac 116<\/strong> \u00e8 una speciale variante di <em>Psilocybe cubensis<\/em> (fungo allucinogeno) nota per il suo forte modello di crescita e i funghi particolarmente grandi. Questa specie \u00e8 spesso scelta da coltivatori con un po&#8217; di esperienza che sono alla ricerca di una coltivazione caratteristica con risultati stabili e un aspetto impressionante.<\/p>\n<blockquote><p>Melmac 116 \u00e8 una variante di cubensis ulteriormente sviluppata dalla famiglia Melmac, apprezzata per la sua crescita vigorosa, i funghi robusti e le gettate consistenti.<\/p><\/blockquote>\n<h2>Cos&#8217;\u00e8 il growkit Melmac 116?<\/h2>\n<p>Melmac 116 appartiene alla famiglia delle <em>Psilocybe cubensis<\/em> ed \u00e8 nato da una rara selezione della genetica Melmac originale. Grazie a un ulteriore sviluppo mirato, questa variante \u00e8 stata ottimizzata per la forza di crescita e la resa. Ci\u00f2 si traduce in una coltivazione che produce funghi robusti e, con una buona cura, pu\u00f2 fornire diversi cicli di raccolta.<\/p>\n<h2>Caratteristiche e forma di crescita<\/h2>\n<p>Ci\u00f2 che rende immediatamente riconoscibile Melmac 116 \u00e8 la dimensione dei funghi. Crescono compatti e robusti, con steli spessi e cappelli larghi. Molti coltivatori scelgono questa specie per la combinazione di aspetto e resa.<\/p>\n<ul>\n<li>Grandi corpi fruttiferi con un aspetto massiccio<\/li>\n<li>Resa totale media di circa 400\u2013800 grammi<\/li>\n<li>Possibilit\u00e0 di pi\u00f9 gettate (di solito 2\u20133)<\/li>\n<li>Derivato dalla nota genetica Penis Envy<\/li>\n<\/ul>\n<h2>Cosa contiene il kit di coltivazione?<\/h2>\n<p>Questo growkit contiene un substrato accuratamente composto che \u00e8 completamente cresciuto con il micelio Melmac 116. Tutto \u00e8 preparato in modo sterile, quindi puoi iniziare senza ulteriori necessit\u00e0.<\/p>\n<ul>\n<li>Kit di coltivazione da 1200 cc<\/li>\n<li>Micelio Melmac 116 attivo<\/li>\n<li>Substrato selezionato per un processo di coltivazione stabile<\/li>\n<\/ul>\n<h2>Come si usa il growkit Melmac 116?<\/h2>\n<p>Il metodo di coltivazione \u00e8 in gran parte simile a quello di altri kit di coltivazione cubensis, ma richiede un po&#8217; pi\u00f9 di attenzione alle giuste condizioni. Pazienza e lavorare in modo pulito sono importanti qui.<\/p>\n<ul>\n<li>Metti il kit di coltivazione in un luogo pulito e tranquillo<\/li>\n<li>Temperatura consigliata: 20\u201325 \u00b0C<\/li>\n<li>Luce diurna sufficiente, nessuna luce solare diretta<\/li>\n<li>Fornire regolarmente aria fresca<\/li>\n<\/ul>\n<p>I primi funghi di solito si mostrano dopo circa 3-4 settimane. Dopo la raccolta, puoi riutilizzare il set per una successiva gettata. Per ottenere i migliori risultati, segui il manuale (incluso nel growkit o visualizzabile tramite: <span style=\"text-decoration: underline; color: #0000ff;\"><a style=\"text-decoration: underline; color: #0000ff;\" href=\"https:\/\/royaleflush.nl\/en\/growguide\/?v=1a13105b7e4e\">Manuale<\/a><\/span>) con spiegazioni chiare e foto.<\/p>\n<h2>Cosa puoi aspettarti da questa coltivazione?<\/h2>\n<p>Melmac 116 \u00e8 spesso scelto da coltivatori che apprezzano una resa solida e una forma di crescita pronunciata. In condizioni stabili, la coltivazione di solito procede in modo affidabile. I risultati finali variano a seconda dell&#8217;ambiente, dell&#8217;utente e della cura.<\/p>\n<h2>Per chi \u00e8 adatto Melmac 116?<\/h2>\n<p>Questo kit di coltivazione \u00e8 adatto a:<\/p>\n<ul>\n<li>Coltivatori con una certa esperienza<\/li>\n<li>Persone che cercano funghi grandi e robusti<\/li>\n<li>Utenti che vogliono ottenere pi\u00f9 gettate da un unico set<\/li>\n<\/ul>\n<p>Hai appena iniziato a coltivare? Allora una variante cubensis pi\u00f9 semplice a volte pu\u00f2 essere un primo passo pi\u00f9 piacevole.<\/p>\n<h2>Alternative e varianti<\/h2>\n<p>Oltre a Melmac 116, all&#8217;interno dell&#8217;assortimento sono disponibili anche altri kit di coltivazione <em>Psilocybe cubensis<\/em>, tra cui specie pi\u00f9 adatte ai principianti o varianti con una colonizzazione pi\u00f9 rapida. In questo modo puoi scegliere una coltivazione che si adatti alla tua esperienza e ai tuoi desideri.<\/p>\n<h2>Sicurezza e punti di attenzione<\/h2>\n<p>Assicurati sempre di lavorare in modo igienico e segui attentamente le istruzioni. Tieni il kit di coltivazione fuori dalla portata di bambini e animali domestici. Questo prodotto \u00e8 destinato a scopi educativi e di raccolta.<\/p>\n","protected":false},"excerpt":{"rendered":"<p>Il Growkit Royale Flush Melmac 116 \u00e8 una speciale variante di Psilocybe cubensis (fungo allucinogeno) nota per il suo forte modello di crescita e i funghi particolarmente grandi. Questa specie \u00e8 spesso scelta da coltivatori con un po&#8217; di esperienza che sono alla ricerca di una coltivazione caratteristica con risultati stabili e un aspetto impressionante. [&hellip;]<\/p>\n","protected":false},"featured_media":64123,"comment_status":"closed","ping_status":"closed","template":"","meta":[],"product_brand":[],"product_cat":[408],"product_tag":[],"class_list":{"0":"post-64125","1":"product","2":"type-product","3":"status-publish","4":"has-post-thumbnail","6":"product_cat-kit-di-coltivazione-speciali","8":"first","9":"instock","10":"taxable","11":"shipping-taxable","12":"purchasable","13":"product-type-simple"},"yoast_head":"<!-- This site is optimized with the Yoast SEO Premium plugin v26.4 (Yoast SEO v27.2) - https:\/\/yoast.com\/product\/yoast-seo-premium-wordpress\/ -->\n<title>Growkit Royale Flush Melmac 116 - Dutchmicrodosing<\/title>\n<meta name=\"description\" content=\"Scopri cos&#039;\u00e8 il growkit Melmac 116, come avviene la coltivazione, cosa puoi aspettarti e a chi \u00e8 adatta questa variante di cubensis. Include manuale in PDF!\" \/>\n<meta name=\"robots\" content=\"index, follow, max-snippet:-1, max-image-preview:large, max-video-preview:-1\" \/>\n<link rel=\"canonical\" href=\"https:\/\/dutchmicrodosing.com\/it\/funghi-allucinogeni\/kit-di-coltivazione-speciali\/growkit-royale-flush-melmac-116\/\" \/>\n<meta property=\"og:locale\" content=\"it_IT\" \/>\n<meta property=\"og:type\" content=\"article\" \/>\n<meta property=\"og:title\" content=\"Growkit Royale Flush Melmac 116\" \/>\n<meta property=\"og:description\" content=\"Il Growkit Royale Flush Melmac 116 \u00e8 una speciale variante di Psilocybe cubensis (fungo allucinogeno) nota per il suo forte modello di crescita e i funghi\" \/>\n<meta property=\"og:url\" content=\"https:\/\/dutchmicrodosing.com\/it\/funghi-allucinogeni\/kit-di-coltivazione-speciali\/growkit-royale-flush-melmac-116\/\" \/>\n<meta property=\"og:site_name\" content=\"Dutchmicrodosing\" \/>\n<meta property=\"article:publisher\" content=\"https:\/\/www.facebook.com\/Dutchmicrodosingxp\/\" \/>\n<meta property=\"article:modified_time\" content=\"2026-02-02T16:21:24+00:00\" \/>\n<meta property=\"og:image\" content=\"https:\/\/dutchmicrodosing.com\/wp-content\/uploads\/2026\/02\/RoyaleFlush1200ccgrowkit-nobg.webp\" \/>\n\t<meta property=\"og:image:width\" content=\"1548\" \/>\n\t<meta property=\"og:image:height\" content=\"1032\" \/>\n\t<meta property=\"og:image:type\" content=\"image\/webp\" \/>\n<meta name=\"twitter:card\" content=\"summary_large_image\" \/>\n<script type=\"application\/ld+json\" class=\"yoast-schema-graph\">{\"@context\":\"https:\/\/schema.org\",\"@graph\":[{\"@type\":\"WebPage\",\"@id\":\"https:\/\/dutchmicrodosing.com\/it\/funghi-allucinogeni\/kit-di-coltivazione-speciali\/growkit-royale-flush-melmac-116\/\",\"url\":\"https:\/\/dutchmicrodosing.com\/it\/funghi-allucinogeni\/kit-di-coltivazione-speciali\/growkit-royale-flush-melmac-116\/\",\"name\":\"Growkit Royale Flush Melmac 116 - Dutchmicrodosing\",\"isPartOf\":{\"@id\":\"https:\/\/dutchmicrodosing.com\/it\/#website\"},\"primaryImageOfPage\":{\"@id\":\"https:\/\/dutchmicrodosing.com\/it\/funghi-allucinogeni\/kit-di-coltivazione-speciali\/growkit-royale-flush-melmac-116\/#primaryimage\"},\"image\":{\"@id\":\"https:\/\/dutchmicrodosing.com\/it\/funghi-allucinogeni\/kit-di-coltivazione-speciali\/growkit-royale-flush-melmac-116\/#primaryimage\"},\"thumbnailUrl\":\"https:\/\/dutchmicrodosing.com\/wp-content\/uploads\/2026\/02\/RoyaleFlush1200ccgrowkit-nobg.webp\",\"datePublished\":\"2026-02-02T14:24:16+00:00\",\"dateModified\":\"2026-02-02T16:21:24+00:00\",\"description\":\"Scopri cos'\u00e8 il growkit Melmac 116, come avviene la coltivazione, cosa puoi aspettarti e a chi \u00e8 adatta questa variante di cubensis. Include manuale in PDF!\",\"breadcrumb\":{\"@id\":\"https:\/\/dutchmicrodosing.com\/it\/funghi-allucinogeni\/kit-di-coltivazione-speciali\/growkit-royale-flush-melmac-116\/#breadcrumb\"},\"inLanguage\":\"it-IT\",\"potentialAction\":[{\"@type\":\"ReadAction\",\"target\":[\"https:\/\/dutchmicrodosing.com\/it\/funghi-allucinogeni\/kit-di-coltivazione-speciali\/growkit-royale-flush-melmac-116\/\"]}]},{\"@type\":\"ImageObject\",\"inLanguage\":\"it-IT\",\"@id\":\"https:\/\/dutchmicrodosing.com\/it\/funghi-allucinogeni\/kit-di-coltivazione-speciali\/growkit-royale-flush-melmac-116\/#primaryimage\",\"url\":\"https:\/\/dutchmicrodosing.com\/wp-content\/uploads\/2026\/02\/RoyaleFlush1200ccgrowkit-nobg.webp\",\"contentUrl\":\"https:\/\/dutchmicrodosing.com\/wp-content\/uploads\/2026\/02\/RoyaleFlush1200ccgrowkit-nobg.webp\",\"width\":1548,\"height\":1032,\"caption\":\"Growkit Royale Flush Melmac 116\"},{\"@type\":\"BreadcrumbList\",\"@id\":\"https:\/\/dutchmicrodosing.com\/it\/funghi-allucinogeni\/kit-di-coltivazione-speciali\/growkit-royale-flush-melmac-116\/#breadcrumb\",\"itemListElement\":[{\"@type\":\"ListItem\",\"position\":1,\"name\":\"Home\",\"item\":\"https:\/\/dutchmicrodosing.com\/it\/\"},{\"@type\":\"ListItem\",\"position\":2,\"name\":\"Negozio\",\"item\":\"https:\/\/dutchmicrodosing.com\/it\/negozio\/\"},{\"@type\":\"ListItem\",\"position\":3,\"name\":\"Growkit Royale Flush Melmac 116\"}]},{\"@type\":\"WebSite\",\"@id\":\"https:\/\/dutchmicrodosing.com\/it\/#website\",\"url\":\"https:\/\/dutchmicrodosing.com\/it\/\",\"name\":\"Dutchmicrodosing\",\"description\":\"\",\"publisher\":{\"@id\":\"https:\/\/dutchmicrodosing.com\/it\/#organization\"},\"potentialAction\":[{\"@type\":\"SearchAction\",\"target\":{\"@type\":\"EntryPoint\",\"urlTemplate\":\"https:\/\/dutchmicrodosing.com\/it\/?s={search_term_string}\"},\"query-input\":{\"@type\":\"PropertyValueSpecification\",\"valueRequired\":true,\"valueName\":\"search_term_string\"}}],\"inLanguage\":\"it-IT\"},{\"@type\":\"Organization\",\"@id\":\"https:\/\/dutchmicrodosing.com\/it\/#organization\",\"name\":\"Dutchmicrodosing\",\"url\":\"https:\/\/dutchmicrodosing.com\/it\/\",\"logo\":{\"@type\":\"ImageObject\",\"inLanguage\":\"it-IT\",\"@id\":\"https:\/\/dutchmicrodosing.com\/it\/#\/schema\/logo\/image\/\",\"url\":\"https:\/\/dutchmicrodosing.com\/wp-content\/uploads\/2021\/01\/microdosing-categorie-pic-nieuw.jpg\",\"contentUrl\":\"https:\/\/dutchmicrodosing.com\/wp-content\/uploads\/2021\/01\/microdosing-categorie-pic-nieuw.jpg\",\"width\":500,\"height\":500,\"caption\":\"Dutchmicrodosing\"},\"image\":{\"@id\":\"https:\/\/dutchmicrodosing.com\/it\/#\/schema\/logo\/image\/\"},\"sameAs\":[\"https:\/\/www.facebook.com\/Dutchmicrodosingxp\/\",\"https:\/\/www.instagram.com\/dutchmicrodosing\/\"]}]}<\/script>\n<meta property=\"product:price:amount\" content=\"37.50\" \/>\n<meta property=\"product:price:currency\" content=\"EUR\" \/>\n<meta property=\"og:availability\" content=\"instock\" \/>\n<meta property=\"product:availability\" content=\"instock\" \/>\n<meta property=\"product:retailer_item_id\" content=\"6201703\" \/>\n<meta property=\"product:condition\" content=\"new\" \/>\n<!-- \/ Yoast SEO Premium plugin. -->","yoast_head_json":{"title":"Growkit Royale Flush Melmac 116 - Dutchmicrodosing","description":"Scopri cos'\u00e8 il growkit Melmac 116, come avviene la coltivazione, cosa puoi aspettarti e a chi \u00e8 adatta questa variante di cubensis. Include manuale in PDF!","robots":{"index":"index","follow":"follow","max-snippet":"max-snippet:-1","max-image-preview":"max-image-preview:large","max-video-preview":"max-video-preview:-1"},"canonical":"https:\/\/dutchmicrodosing.com\/it\/funghi-allucinogeni\/kit-di-coltivazione-speciali\/growkit-royale-flush-melmac-116\/","og_locale":"it_IT","og_type":"article","og_title":"Growkit Royale Flush Melmac 116","og_description":"Il Growkit Royale Flush Melmac 116 \u00e8 una speciale variante di Psilocybe cubensis (fungo allucinogeno) nota per il suo forte modello di crescita e i funghi","og_url":"https:\/\/dutchmicrodosing.com\/it\/funghi-allucinogeni\/kit-di-coltivazione-speciali\/growkit-royale-flush-melmac-116\/","og_site_name":"Dutchmicrodosing","article_publisher":"https:\/\/www.facebook.com\/Dutchmicrodosingxp\/","article_modified_time":"2026-02-02T16:21:24+00:00","og_image":[{"width":1548,"height":1032,"url":"https:\/\/dutchmicrodosing.com\/wp-content\/uploads\/2026\/02\/RoyaleFlush1200ccgrowkit-nobg.webp","type":"image\/webp"}],"twitter_card":"summary_large_image","schema":{"@context":"https:\/\/schema.org","@graph":[{"@type":"WebPage","@id":"https:\/\/dutchmicrodosing.com\/it\/funghi-allucinogeni\/kit-di-coltivazione-speciali\/growkit-royale-flush-melmac-116\/","url":"https:\/\/dutchmicrodosing.com\/it\/funghi-allucinogeni\/kit-di-coltivazione-speciali\/growkit-royale-flush-melmac-116\/","name":"Growkit Royale Flush Melmac 116 - Dutchmicrodosing","isPartOf":{"@id":"https:\/\/dutchmicrodosing.com\/it\/#website"},"primaryImageOfPage":{"@id":"https:\/\/dutchmicrodosing.com\/it\/funghi-allucinogeni\/kit-di-coltivazione-speciali\/growkit-royale-flush-melmac-116\/#primaryimage"},"image":{"@id":"https:\/\/dutchmicrodosing.com\/it\/funghi-allucinogeni\/kit-di-coltivazione-speciali\/growkit-royale-flush-melmac-116\/#primaryimage"},"thumbnailUrl":"https:\/\/dutchmicrodosing.com\/wp-content\/uploads\/2026\/02\/RoyaleFlush1200ccgrowkit-nobg.webp","datePublished":"2026-02-02T14:24:16+00:00","dateModified":"2026-02-02T16:21:24+00:00","description":"Scopri cos'\u00e8 il growkit Melmac 116, come avviene la coltivazione, cosa puoi aspettarti e a chi \u00e8 adatta questa variante di cubensis. Include manuale in PDF!","breadcrumb":{"@id":"https:\/\/dutchmicrodosing.com\/it\/funghi-allucinogeni\/kit-di-coltivazione-speciali\/growkit-royale-flush-melmac-116\/#breadcrumb"},"inLanguage":"it-IT","potentialAction":[{"@type":"ReadAction","target":["https:\/\/dutchmicrodosing.com\/it\/funghi-allucinogeni\/kit-di-coltivazione-speciali\/growkit-royale-flush-melmac-116\/"]}]},{"@type":"ImageObject","inLanguage":"it-IT","@id":"https:\/\/dutchmicrodosing.com\/it\/funghi-allucinogeni\/kit-di-coltivazione-speciali\/growkit-royale-flush-melmac-116\/#primaryimage","url":"https:\/\/dutchmicrodosing.com\/wp-content\/uploads\/2026\/02\/RoyaleFlush1200ccgrowkit-nobg.webp","contentUrl":"https:\/\/dutchmicrodosing.com\/wp-content\/uploads\/2026\/02\/RoyaleFlush1200ccgrowkit-nobg.webp","width":1548,"height":1032,"caption":"Growkit Royale Flush Melmac 116"},{"@type":"BreadcrumbList","@id":"https:\/\/dutchmicrodosing.com\/it\/funghi-allucinogeni\/kit-di-coltivazione-speciali\/growkit-royale-flush-melmac-116\/#breadcrumb","itemListElement":[{"@type":"ListItem","position":1,"name":"Home","item":"https:\/\/dutchmicrodosing.com\/it\/"},{"@type":"ListItem","position":2,"name":"Negozio","item":"https:\/\/dutchmicrodosing.com\/it\/negozio\/"},{"@type":"ListItem","position":3,"name":"Growkit Royale Flush Melmac 116"}]},{"@type":"WebSite","@id":"https:\/\/dutchmicrodosing.com\/it\/#website","url":"https:\/\/dutchmicrodosing.com\/it\/","name":"Dutchmicrodosing","description":"","publisher":{"@id":"https:\/\/dutchmicrodosing.com\/it\/#organization"},"potentialAction":[{"@type":"SearchAction","target":{"@type":"EntryPoint","urlTemplate":"https:\/\/dutchmicrodosing.com\/it\/?s={search_term_string}"},"query-input":{"@type":"PropertyValueSpecification","valueRequired":true,"valueName":"search_term_string"}}],"inLanguage":"it-IT"},{"@type":"Organization","@id":"https:\/\/dutchmicrodosing.com\/it\/#organization","name":"Dutchmicrodosing","url":"https:\/\/dutchmicrodosing.com\/it\/","logo":{"@type":"ImageObject","inLanguage":"it-IT","@id":"https:\/\/dutchmicrodosing.com\/it\/#\/schema\/logo\/image\/","url":"https:\/\/dutchmicrodosing.com\/wp-content\/uploads\/2021\/01\/microdosing-categorie-pic-nieuw.jpg","contentUrl":"https:\/\/dutchmicrodosing.com\/wp-content\/uploads\/2021\/01\/microdosing-categorie-pic-nieuw.jpg","width":500,"height":500,"caption":"Dutchmicrodosing"},"image":{"@id":"https:\/\/dutchmicrodosing.com\/it\/#\/schema\/logo\/image\/"},"sameAs":["https:\/\/www.facebook.com\/Dutchmicrodosingxp\/","https:\/\/www.instagram.com\/dutchmicrodosing\/"]}]},"product_price_amount":"37.50","product_price_currency":"EUR","og_availability":"instock","product_availability":"instock","product_retailer_item_id":"6201703","product_condition":"new"},"_links":{"self":[{"href":"https:\/\/dutchmicrodosing.com\/it\/wp-json\/wp\/v2\/product\/64125","targetHints":{"allow":["GET"]}}],"collection":[{"href":"https:\/\/dutchmicrodosing.com\/it\/wp-json\/wp\/v2\/product"}],"about":[{"href":"https:\/\/dutchmicrodosing.com\/it\/wp-json\/wp\/v2\/types\/product"}],"replies":[{"embeddable":true,"href":"https:\/\/dutchmicrodosing.com\/it\/wp-json\/wp\/v2\/comments?post=64125"}],"version-history":[{"count":0,"href":"https:\/\/dutchmicrodosing.com\/it\/wp-json\/wp\/v2\/product\/64125\/revisions"}],"wp:featuredmedia":[{"embeddable":true,"href":"https:\/\/dutchmicrodosing.com\/it\/wp-json\/wp\/v2\/media\/64123"}],"wp:attachment":[{"href":"https:\/\/dutchmicrodosing.com\/it\/wp-json\/wp\/v2\/media?parent=64125"}],"wp:term":[{"taxonomy":"product_brand","embeddable":true,"href":"https:\/\/dutchmicrodosing.com\/it\/wp-json\/wp\/v2\/product_brand?post=64125"},{"taxonomy":"product_cat","embeddable":true,"href":"https:\/\/dutchmicrodosing.com\/it\/wp-json\/wp\/v2\/product_cat?post=64125"},{"taxonomy":"product_tag","embeddable":true,"href":"https:\/\/dutchmicrodosing.com\/it\/wp-json\/wp\/v2\/product_tag?post=64125"}],"curies":[{"name":"wp","href":"https:\/\/api.w.org\/{rel}","templated":true}]}}