{"id":64155,"date":"2026-02-03T05:28:38","date_gmt":"2026-02-03T04:28:38","guid":{"rendered":"https:\/\/dutchmicrodosing.com\/shop\/senza-categoria\/kit-di-coltivazione-di-funghi-ape221-albino-penis-envy\/"},"modified":"2026-02-03T16:47:14","modified_gmt":"2026-02-03T15:47:14","slug":"kit-di-coltivazione-di-funghi-ape221-albino-penis-envy","status":"publish","type":"product","link":"https:\/\/dutchmicrodosing.com\/it\/funghi-allucinogeni\/kit-di-coltivazione-mystic-fungi\/kit-di-coltivazione-di-funghi-ape221-albino-penis-envy\/","title":{"rendered":"Kit di coltivazione di funghi APE221 (Albino Penis Envy)"},"content":{"rendered":"<p>Il kit di coltivazione di funghi allucinogeni <strong>APE221 (Albino Penis Envy)<\/strong> di Mystic Fungi ti offre tutto ci\u00f2 di cui hai bisogno per coltivare facilmente e con successo i tuoi funghi allucinogeni a casa. Questa speciale variante di Psilocybe cubensis, derivata dalla linea Albino Penis Envy, \u00e8 riconoscibile per i suoi gambi robusti, i cappelli chiari e l&#8217;aspetto distintivo. Ideale per i coltivatori che cercano qualcosa di speciale e potente.<\/p>\n<h2>Caratteristiche<\/h2>\n<ul>\n<li>Approccio di coltivazione innovativo con una resa superiore rispetto ai growkit standard<\/li>\n<li>Resa fino a circa 700 grammi di funghi allucinogeni freschi per set<\/li>\n<li>Non \u00e8 necessaria l&#8217;attenzione quotidiana: l&#8217;apertura o la nebulizzazione sono superflue<\/li>\n<li>\u00c8 richiesta solo sufficiente aria fresca<\/li>\n<li>Primo raccolto possibile dopo 2\u20133 settimane<\/li>\n<li>Fornito con una pratica clip per sacchetto \u2013 non \u00e8 necessario sigillare<\/li>\n<li>Adatto sia a coltivatori principianti che esperti<\/li>\n<\/ul>\n<h2>Ingredienti e\/o composizione<\/h2>\n<p>Il growkit \u00e8 composto da una robusta vaschetta di coltivazione con substrato completamente colonizzato, inoculato con il ceppo APE221 di Psilocybe cubensis. Inoltre, il set contiene un sacchetto di coltivazione e una clip per chiudere bene il sacchetto.<\/p>\n<h2>Utilizzo<\/h2>\n<p>Posiziona il growkit nel sacchetto di coltivazione in dotazione, chiudilo con la clip in dotazione e assicurati una sufficiente aerazione. Non sono necessarie ulteriori operazioni come la spruzzatura o l&#8217;apertura quotidiana. Dopo circa 2-3 settimane puoi aspettarti il primo raccolto. Per risultati ottimali, segui attentamente le istruzioni fornite.<\/p>\n<h2>Istruzioni per l&#8217;installazione del kit di coltivazione APE221<\/h2>\n<p>Assicurati di avere un ambiente di lavoro pulito per evitare la contaminazione da microrganismi indesiderati. Lavorare in modo igienico \u00e8 essenziale. Utilizza esclusivamente acqua di rubinetto pulita o acqua minerale quando nebulizzi e immergi il kit di coltivazione. L&#8217;acqua distillata o demineralizzata non \u00e8 adatta a questo scopo.<\/p>\n<ol>\n<li>Estrai il sacchetto dalla confezione e srotolalo completamente.<\/li>\n<li>Apri il sacchetto rimuovendo la clip ermetica nella parte superiore. Fai entrare delicatamente un po&#8217; di aria fresca nel sacchetto allungandolo delicatamente e richiudilo con la clip. Per limitare la crescita sui lati del substrato, puoi posizionare un elastico all&#8217;esterno del sacchetto, a circa 1,5 cm sotto il bordo superiore del substrato.<\/li>\n<li>Segui lo sviluppo: tieni d&#8217;occhio il sacchetto non appena i funghi iniziano a crescere. Durante i primi due cicli non \u00e8 necessario annaffiare. Quando i cappelli si aprono, \u00e8 arrivato il momento del raccolto. Attenzione: non tutte le specie formano un velo o lasciano cadere spore.<\/li>\n<li>Raccolta: assicurati un ambiente igienico disinfettando le mani con alcool e indossando preferibilmente dei guanti. Ruota delicatamente i funghi in senso orario per staccarli. Raccogli non appena i cappelli iniziano ad aprirsi per ottenere la massima potenza. A seconda delle condizioni e della specie, i funghi allucinogeni sono pronti per essere raccolti dopo due o quattro settimane.<\/li>\n<li>Manutenzione dopo il raccolto: dopo il secondo flush, aggiungi una piccola quantit\u00e0 di acqua (circa un terzo fino al livello del substrato). Chiudi nuovamente il sacchetto ermeticamente con la clip e fai entrare di nuovo aria fresca rimuovendo e riposizionando brevemente la clip. Elimina l&#8217;acqua in eccesso che non \u00e8 stata assorbita dopo dodici ore.<\/li>\n<li>Controllo della temperatura: mantieni la temperatura il pi\u00f9 costante possibile tra 20 e 25 gradi Celsius (68\u201377 \u00b0F) per una crescita ottimale. Evita grandi sbalzi di temperatura.<\/li>\n<li>Raccolti successivi: puoi contare su almeno due raccolti per sacchetto, ma a volte sono possibili anche tre o addirittura quattro cicli. Dopo ogni raccolto, richiudi il sacchetto e aggiungi acqua per stimolare una nuova crescita.<\/li>\n<\/ol>\n<h2>Contenuto<\/h2>\n<ul>\n<li>1\u00d7 Kit di coltivazione di funghi allucinogeni APE221<\/li>\n<li>1\u00d7 sacchetto di coltivazione con filtro<\/li>\n<li>1\u00d7 clip di chiusura<\/li>\n<li>Manuale dettagliato<\/li>\n<li>Resa: fino a 700 grammi di funghi allucinogeni freschi<\/li>\n<\/ul>\n<h2>Come conservare il kit di coltivazione<\/h2>\n<p>Per ottenere i migliori risultati, inizia a coltivare subito dopo aver ricevuto il set. Se vuoi iniziare pi\u00f9 tardi, cosa che pu\u00f2 influire sulla qualit\u00e0, puoi conservare il kit di coltivazione in frigorifero per un massimo di due settimane a una temperatura compresa tra 2 \u00b0C e 8 \u00b0C. Lascia il sacchetto di coltivazione con il micelio nella scatola originale e mettilo in un frigorifero pulito e privo di muffa. Per una maggiore protezione, puoi mettere il set in un sacchetto di plastica pulito o in un sacchetto di coltivazione aggiuntivo.<\/p>\n","protected":false},"excerpt":{"rendered":"<p>Il kit di coltivazione di funghi allucinogeni APE221 (Albino Penis Envy) di Mystic Fungi ti offre tutto ci\u00f2 di cui hai bisogno per coltivare facilmente e con successo i tuoi funghi allucinogeni a casa. Questa speciale variante di Psilocybe cubensis, derivata dalla linea Albino Penis Envy, \u00e8 riconoscibile per i suoi gambi robusti, i cappelli [&hellip;]<\/p>\n","protected":false},"featured_media":64149,"comment_status":"closed","ping_status":"closed","template":"","meta":[],"product_brand":[],"product_cat":[344],"product_tag":[],"class_list":{"0":"post-64155","1":"product","2":"type-product","3":"status-publish","4":"has-post-thumbnail","6":"product_cat-kit-di-coltivazione-mystic-fungi","8":"first","9":"instock","10":"taxable","11":"shipping-taxable","12":"purchasable","13":"product-type-simple"},"yoast_head":"<!-- This site is optimized with the Yoast SEO Premium plugin v26.4 (Yoast SEO v27.2) - https:\/\/yoast.com\/product\/yoast-seo-premium-wordpress\/ -->\n<title>Kit di coltivazione di funghi APE221 (Albino Penis Envy) - Dutchmicrodosing<\/title>\n<meta name=\"description\" content=\"Kit di coltivazione funghi APE221 (Albino Penis Envy) per uso domestico. Set completo, facile da installare e con poca manutenzione.\" \/>\n<meta name=\"robots\" content=\"index, follow, max-snippet:-1, max-image-preview:large, max-video-preview:-1\" \/>\n<link rel=\"canonical\" href=\"https:\/\/dutchmicrodosing.com\/it\/funghi-allucinogeni\/kit-di-coltivazione-mystic-fungi\/kit-di-coltivazione-di-funghi-ape221-albino-penis-envy\/\" \/>\n<meta property=\"og:locale\" content=\"it_IT\" \/>\n<meta property=\"og:type\" content=\"article\" \/>\n<meta property=\"og:title\" content=\"Kit di coltivazione di funghi APE221 (Albino Penis Envy)\" \/>\n<meta property=\"og:description\" content=\"Il kit di coltivazione di funghi allucinogeni APE221 (Albino Penis Envy) di Mystic Fungi ti offre tutto ci\u00f2 di cui hai bisogno per coltivare facilmente e\" \/>\n<meta property=\"og:url\" content=\"https:\/\/dutchmicrodosing.com\/it\/funghi-allucinogeni\/kit-di-coltivazione-mystic-fungi\/kit-di-coltivazione-di-funghi-ape221-albino-penis-envy\/\" \/>\n<meta property=\"og:site_name\" content=\"Dutchmicrodosing\" \/>\n<meta property=\"article:publisher\" content=\"https:\/\/www.facebook.com\/Dutchmicrodosingxp\/\" \/>\n<meta property=\"article:modified_time\" content=\"2026-02-03T15:47:14+00:00\" \/>\n<meta property=\"og:image\" content=\"https:\/\/dutchmicrodosing.com\/wp-content\/uploads\/2026\/02\/APE221-1-600x600-1.png\" \/>\n\t<meta property=\"og:image:width\" content=\"600\" \/>\n\t<meta property=\"og:image:height\" content=\"600\" \/>\n\t<meta property=\"og:image:type\" content=\"image\/png\" \/>\n<meta name=\"twitter:card\" content=\"summary_large_image\" \/>\n<script type=\"application\/ld+json\" class=\"yoast-schema-graph\">{\"@context\":\"https:\/\/schema.org\",\"@graph\":[{\"@type\":\"WebPage\",\"@id\":\"https:\/\/dutchmicrodosing.com\/it\/funghi-allucinogeni\/kit-di-coltivazione-mystic-fungi\/kit-di-coltivazione-di-funghi-ape221-albino-penis-envy\/\",\"url\":\"https:\/\/dutchmicrodosing.com\/it\/funghi-allucinogeni\/kit-di-coltivazione-mystic-fungi\/kit-di-coltivazione-di-funghi-ape221-albino-penis-envy\/\",\"name\":\"Kit di coltivazione di funghi APE221 (Albino Penis Envy) - Dutchmicrodosing\",\"isPartOf\":{\"@id\":\"https:\/\/dutchmicrodosing.com\/it\/#website\"},\"primaryImageOfPage\":{\"@id\":\"https:\/\/dutchmicrodosing.com\/it\/funghi-allucinogeni\/kit-di-coltivazione-mystic-fungi\/kit-di-coltivazione-di-funghi-ape221-albino-penis-envy\/#primaryimage\"},\"image\":{\"@id\":\"https:\/\/dutchmicrodosing.com\/it\/funghi-allucinogeni\/kit-di-coltivazione-mystic-fungi\/kit-di-coltivazione-di-funghi-ape221-albino-penis-envy\/#primaryimage\"},\"thumbnailUrl\":\"https:\/\/dutchmicrodosing.com\/wp-content\/uploads\/2026\/02\/APE221-1-600x600-1.png\",\"datePublished\":\"2026-02-03T04:28:38+00:00\",\"dateModified\":\"2026-02-03T15:47:14+00:00\",\"description\":\"Kit di coltivazione funghi APE221 (Albino Penis Envy) per uso domestico. Set completo, facile da installare e con poca manutenzione.\",\"breadcrumb\":{\"@id\":\"https:\/\/dutchmicrodosing.com\/it\/funghi-allucinogeni\/kit-di-coltivazione-mystic-fungi\/kit-di-coltivazione-di-funghi-ape221-albino-penis-envy\/#breadcrumb\"},\"inLanguage\":\"it-IT\",\"potentialAction\":[{\"@type\":\"ReadAction\",\"target\":[\"https:\/\/dutchmicrodosing.com\/it\/funghi-allucinogeni\/kit-di-coltivazione-mystic-fungi\/kit-di-coltivazione-di-funghi-ape221-albino-penis-envy\/\"]}]},{\"@type\":\"ImageObject\",\"inLanguage\":\"it-IT\",\"@id\":\"https:\/\/dutchmicrodosing.com\/it\/funghi-allucinogeni\/kit-di-coltivazione-mystic-fungi\/kit-di-coltivazione-di-funghi-ape221-albino-penis-envy\/#primaryimage\",\"url\":\"https:\/\/dutchmicrodosing.com\/wp-content\/uploads\/2026\/02\/APE221-1-600x600-1.png\",\"contentUrl\":\"https:\/\/dutchmicrodosing.com\/wp-content\/uploads\/2026\/02\/APE221-1-600x600-1.png\",\"width\":600,\"height\":600,\"caption\":\"Kit di coltivazione di funghi APE221 (Albino Penis Envy)\"},{\"@type\":\"BreadcrumbList\",\"@id\":\"https:\/\/dutchmicrodosing.com\/it\/funghi-allucinogeni\/kit-di-coltivazione-mystic-fungi\/kit-di-coltivazione-di-funghi-ape221-albino-penis-envy\/#breadcrumb\",\"itemListElement\":[{\"@type\":\"ListItem\",\"position\":1,\"name\":\"Home\",\"item\":\"https:\/\/dutchmicrodosing.com\/it\/\"},{\"@type\":\"ListItem\",\"position\":2,\"name\":\"Negozio\",\"item\":\"https:\/\/dutchmicrodosing.com\/it\/negozio\/\"},{\"@type\":\"ListItem\",\"position\":3,\"name\":\"Kit di coltivazione di funghi APE221 (Albino Penis Envy)\"}]},{\"@type\":\"WebSite\",\"@id\":\"https:\/\/dutchmicrodosing.com\/it\/#website\",\"url\":\"https:\/\/dutchmicrodosing.com\/it\/\",\"name\":\"Dutchmicrodosing\",\"description\":\"\",\"publisher\":{\"@id\":\"https:\/\/dutchmicrodosing.com\/it\/#organization\"},\"potentialAction\":[{\"@type\":\"SearchAction\",\"target\":{\"@type\":\"EntryPoint\",\"urlTemplate\":\"https:\/\/dutchmicrodosing.com\/it\/?s={search_term_string}\"},\"query-input\":{\"@type\":\"PropertyValueSpecification\",\"valueRequired\":true,\"valueName\":\"search_term_string\"}}],\"inLanguage\":\"it-IT\"},{\"@type\":\"Organization\",\"@id\":\"https:\/\/dutchmicrodosing.com\/it\/#organization\",\"name\":\"Dutchmicrodosing\",\"url\":\"https:\/\/dutchmicrodosing.com\/it\/\",\"logo\":{\"@type\":\"ImageObject\",\"inLanguage\":\"it-IT\",\"@id\":\"https:\/\/dutchmicrodosing.com\/it\/#\/schema\/logo\/image\/\",\"url\":\"https:\/\/dutchmicrodosing.com\/wp-content\/uploads\/2021\/01\/microdosing-categorie-pic-nieuw.jpg\",\"contentUrl\":\"https:\/\/dutchmicrodosing.com\/wp-content\/uploads\/2021\/01\/microdosing-categorie-pic-nieuw.jpg\",\"width\":500,\"height\":500,\"caption\":\"Dutchmicrodosing\"},\"image\":{\"@id\":\"https:\/\/dutchmicrodosing.com\/it\/#\/schema\/logo\/image\/\"},\"sameAs\":[\"https:\/\/www.facebook.com\/Dutchmicrodosingxp\/\",\"https:\/\/www.instagram.com\/dutchmicrodosing\/\"]}]}<\/script>\n<meta property=\"product:price:amount\" content=\"44.95\" \/>\n<meta property=\"product:price:currency\" content=\"EUR\" \/>\n<meta property=\"og:availability\" content=\"instock\" \/>\n<meta property=\"product:availability\" content=\"instock\" \/>\n<meta property=\"product:condition\" content=\"new\" \/>\n<!-- \/ Yoast SEO Premium plugin. -->","yoast_head_json":{"title":"Kit di coltivazione di funghi APE221 (Albino Penis Envy) - Dutchmicrodosing","description":"Kit di coltivazione funghi APE221 (Albino Penis Envy) per uso domestico. Set completo, facile da installare e con poca manutenzione.","robots":{"index":"index","follow":"follow","max-snippet":"max-snippet:-1","max-image-preview":"max-image-preview:large","max-video-preview":"max-video-preview:-1"},"canonical":"https:\/\/dutchmicrodosing.com\/it\/funghi-allucinogeni\/kit-di-coltivazione-mystic-fungi\/kit-di-coltivazione-di-funghi-ape221-albino-penis-envy\/","og_locale":"it_IT","og_type":"article","og_title":"Kit di coltivazione di funghi APE221 (Albino Penis Envy)","og_description":"Il kit di coltivazione di funghi allucinogeni APE221 (Albino Penis Envy) di Mystic Fungi ti offre tutto ci\u00f2 di cui hai bisogno per coltivare facilmente e","og_url":"https:\/\/dutchmicrodosing.com\/it\/funghi-allucinogeni\/kit-di-coltivazione-mystic-fungi\/kit-di-coltivazione-di-funghi-ape221-albino-penis-envy\/","og_site_name":"Dutchmicrodosing","article_publisher":"https:\/\/www.facebook.com\/Dutchmicrodosingxp\/","article_modified_time":"2026-02-03T15:47:14+00:00","og_image":[{"width":600,"height":600,"url":"https:\/\/dutchmicrodosing.com\/wp-content\/uploads\/2026\/02\/APE221-1-600x600-1.png","type":"image\/png"}],"twitter_card":"summary_large_image","schema":{"@context":"https:\/\/schema.org","@graph":[{"@type":"WebPage","@id":"https:\/\/dutchmicrodosing.com\/it\/funghi-allucinogeni\/kit-di-coltivazione-mystic-fungi\/kit-di-coltivazione-di-funghi-ape221-albino-penis-envy\/","url":"https:\/\/dutchmicrodosing.com\/it\/funghi-allucinogeni\/kit-di-coltivazione-mystic-fungi\/kit-di-coltivazione-di-funghi-ape221-albino-penis-envy\/","name":"Kit di coltivazione di funghi APE221 (Albino Penis Envy) - Dutchmicrodosing","isPartOf":{"@id":"https:\/\/dutchmicrodosing.com\/it\/#website"},"primaryImageOfPage":{"@id":"https:\/\/dutchmicrodosing.com\/it\/funghi-allucinogeni\/kit-di-coltivazione-mystic-fungi\/kit-di-coltivazione-di-funghi-ape221-albino-penis-envy\/#primaryimage"},"image":{"@id":"https:\/\/dutchmicrodosing.com\/it\/funghi-allucinogeni\/kit-di-coltivazione-mystic-fungi\/kit-di-coltivazione-di-funghi-ape221-albino-penis-envy\/#primaryimage"},"thumbnailUrl":"https:\/\/dutchmicrodosing.com\/wp-content\/uploads\/2026\/02\/APE221-1-600x600-1.png","datePublished":"2026-02-03T04:28:38+00:00","dateModified":"2026-02-03T15:47:14+00:00","description":"Kit di coltivazione funghi APE221 (Albino Penis Envy) per uso domestico. Set completo, facile da installare e con poca manutenzione.","breadcrumb":{"@id":"https:\/\/dutchmicrodosing.com\/it\/funghi-allucinogeni\/kit-di-coltivazione-mystic-fungi\/kit-di-coltivazione-di-funghi-ape221-albino-penis-envy\/#breadcrumb"},"inLanguage":"it-IT","potentialAction":[{"@type":"ReadAction","target":["https:\/\/dutchmicrodosing.com\/it\/funghi-allucinogeni\/kit-di-coltivazione-mystic-fungi\/kit-di-coltivazione-di-funghi-ape221-albino-penis-envy\/"]}]},{"@type":"ImageObject","inLanguage":"it-IT","@id":"https:\/\/dutchmicrodosing.com\/it\/funghi-allucinogeni\/kit-di-coltivazione-mystic-fungi\/kit-di-coltivazione-di-funghi-ape221-albino-penis-envy\/#primaryimage","url":"https:\/\/dutchmicrodosing.com\/wp-content\/uploads\/2026\/02\/APE221-1-600x600-1.png","contentUrl":"https:\/\/dutchmicrodosing.com\/wp-content\/uploads\/2026\/02\/APE221-1-600x600-1.png","width":600,"height":600,"caption":"Kit di coltivazione di funghi APE221 (Albino Penis Envy)"},{"@type":"BreadcrumbList","@id":"https:\/\/dutchmicrodosing.com\/it\/funghi-allucinogeni\/kit-di-coltivazione-mystic-fungi\/kit-di-coltivazione-di-funghi-ape221-albino-penis-envy\/#breadcrumb","itemListElement":[{"@type":"ListItem","position":1,"name":"Home","item":"https:\/\/dutchmicrodosing.com\/it\/"},{"@type":"ListItem","position":2,"name":"Negozio","item":"https:\/\/dutchmicrodosing.com\/it\/negozio\/"},{"@type":"ListItem","position":3,"name":"Kit di coltivazione di funghi APE221 (Albino Penis Envy)"}]},{"@type":"WebSite","@id":"https:\/\/dutchmicrodosing.com\/it\/#website","url":"https:\/\/dutchmicrodosing.com\/it\/","name":"Dutchmicrodosing","description":"","publisher":{"@id":"https:\/\/dutchmicrodosing.com\/it\/#organization"},"potentialAction":[{"@type":"SearchAction","target":{"@type":"EntryPoint","urlTemplate":"https:\/\/dutchmicrodosing.com\/it\/?s={search_term_string}"},"query-input":{"@type":"PropertyValueSpecification","valueRequired":true,"valueName":"search_term_string"}}],"inLanguage":"it-IT"},{"@type":"Organization","@id":"https:\/\/dutchmicrodosing.com\/it\/#organization","name":"Dutchmicrodosing","url":"https:\/\/dutchmicrodosing.com\/it\/","logo":{"@type":"ImageObject","inLanguage":"it-IT","@id":"https:\/\/dutchmicrodosing.com\/it\/#\/schema\/logo\/image\/","url":"https:\/\/dutchmicrodosing.com\/wp-content\/uploads\/2021\/01\/microdosing-categorie-pic-nieuw.jpg","contentUrl":"https:\/\/dutchmicrodosing.com\/wp-content\/uploads\/2021\/01\/microdosing-categorie-pic-nieuw.jpg","width":500,"height":500,"caption":"Dutchmicrodosing"},"image":{"@id":"https:\/\/dutchmicrodosing.com\/it\/#\/schema\/logo\/image\/"},"sameAs":["https:\/\/www.facebook.com\/Dutchmicrodosingxp\/","https:\/\/www.instagram.com\/dutchmicrodosing\/"]}]},"product_price_amount":"44.95","product_price_currency":"EUR","og_availability":"instock","product_availability":"instock","product_condition":"new"},"_links":{"self":[{"href":"https:\/\/dutchmicrodosing.com\/it\/wp-json\/wp\/v2\/product\/64155","targetHints":{"allow":["GET"]}}],"collection":[{"href":"https:\/\/dutchmicrodosing.com\/it\/wp-json\/wp\/v2\/product"}],"about":[{"href":"https:\/\/dutchmicrodosing.com\/it\/wp-json\/wp\/v2\/types\/product"}],"replies":[{"embeddable":true,"href":"https:\/\/dutchmicrodosing.com\/it\/wp-json\/wp\/v2\/comments?post=64155"}],"version-history":[{"count":1,"href":"https:\/\/dutchmicrodosing.com\/it\/wp-json\/wp\/v2\/product\/64155\/revisions"}],"predecessor-version":[{"id":64340,"href":"https:\/\/dutchmicrodosing.com\/it\/wp-json\/wp\/v2\/product\/64155\/revisions\/64340"}],"wp:featuredmedia":[{"embeddable":true,"href":"https:\/\/dutchmicrodosing.com\/it\/wp-json\/wp\/v2\/media\/64149"}],"wp:attachment":[{"href":"https:\/\/dutchmicrodosing.com\/it\/wp-json\/wp\/v2\/media?parent=64155"}],"wp:term":[{"taxonomy":"product_brand","embeddable":true,"href":"https:\/\/dutchmicrodosing.com\/it\/wp-json\/wp\/v2\/product_brand?post=64155"},{"taxonomy":"product_cat","embeddable":true,"href":"https:\/\/dutchmicrodosing.com\/it\/wp-json\/wp\/v2\/product_cat?post=64155"},{"taxonomy":"product_tag","embeddable":true,"href":"https:\/\/dutchmicrodosing.com\/it\/wp-json\/wp\/v2\/product_tag?post=64155"}],"curies":[{"name":"wp","href":"https:\/\/api.w.org\/{rel}","templated":true}]}}