{"id":64190,"date":"2026-02-03T05:21:10","date_gmt":"2026-02-03T04:21:10","guid":{"rendered":"https:\/\/dutchmicrodosing.com\/shop\/senza-categoria\/kit-di-coltivazione-per-funghi-allucinogeni-hillbilly-pumpkin\/"},"modified":"2026-02-13T12:05:59","modified_gmt":"2026-02-13T11:05:59","slug":"kit-di-coltivazione-per-funghi-allucinogeni-hillbilly-pumpkin","status":"publish","type":"product","link":"https:\/\/dutchmicrodosing.com\/it\/funghi-allucinogeni\/kit-di-coltivazione-mystic-fungi\/kit-di-coltivazione-per-funghi-allucinogeni-hillbilly-pumpkin\/","title":{"rendered":"Kit di coltivazione per funghi allucinogeni Hillbilly Pumpkin"},"content":{"rendered":"<p>Il <strong>Kit di coltivazione per funghi allucinogeni Hillbilly Pumpkin<\/strong> di Mystic Fungi \u00e8 un kit di coltivazione robusto e sorprendente con un carattere distintivo. Questa speciale versione dell&#8217;Hillbilly <em>Psilocybe cubensis<\/em> \u00e8 nota per i suoi steli spessi e i cappelli arancioni brillanti, che ricordano piccole zucche. Grazie al design intelligente e a bassa manutenzione e all&#8217;elevata resa, questo kit di coltivazione \u00e8 ideale sia per i coltivatori principianti che per gli appassionati esperti.<\/p>\n<h2>Caratteristiche<\/h2>\n<ul>\n<li>Nuovo concetto di coltivazione con una resa superiore rispetto ai growkit tradizionali<\/li>\n<li>Resa fino a circa 700 grammi di funghi allucinogeni freschi per set<\/li>\n<li>Manutenzione minima: non \u00e8 necessario aprire o spruzzare quotidianamente<\/li>\n<li>\u00c8 sufficiente un regolare apporto di aria fresca<\/li>\n<li>Viene fornito con una pratica clip per sacchetto, un sigillante \u00e8 superfluo<\/li>\n<li>Pronto per il primo raccolto entro 2-3 settimane<\/li>\n<li>Scelta eccellente per chi cerca una variet\u00e0 speciale con un aspetto unico<\/li>\n<\/ul>\n<h2>Ingredienti e composizione<\/h2>\n<p>Il kit di coltivazione contiene un substrato appositamente formulato che \u00e8 completamente colonizzato dal micelio dell&#8217;Hillbilly Pumpkin (<em>Psilocybe cubensis<\/em>). Il substrato \u00e8 confezionato in una vaschetta di coltivazione appositamente progettata. Inoltre, vengono forniti un sacchetto di coltivazione con filtro e una clip riutilizzabile per sacchetto.<\/p>\n<h2>Istruzioni per l&#8217;installazione del kit di coltivazione Hillbilly Pumpkin<\/h2>\n<p>Lavora sempre in un ambiente pulito per evitare la contaminazione da microrganismi indesiderati. Lavorare in modo igienico \u00e8 essenziale. Utilizza esclusivamente acqua di rubinetto pulita o acqua minerale per nebulizzare e immergere. L&#8217;acqua distillata o demineralizzata non \u00e8 adatta a questo scopo.<\/p>\n<ol>\n<li>Estrai il sacchetto di coltivazione dalla confezione e aprilo completamente.<\/li>\n<li>Apri il sacchetto rimuovendo la clip ermetica nella parte superiore. Fai entrare delicatamente un po&#8217; di aria fresca nel sacchetto allungandolo delicatamente e richiudilo con la clip. Per limitare la crescita laterale dei funghi, puoi posizionare un elastico attorno all&#8217;esterno del sacchetto, a circa 1,5 cm sotto la parte superiore del substrato.<\/li>\n<li>Segui il processo di crescita: tieni d&#8217;occhio il sacchetto non appena compaiono i funghi. Durante le prime due fasi di crescita non \u00e8 necessario annaffiare. Quando i cappelli iniziano ad aprirsi, \u00e8 arrivato il momento di raccogliere. Attenzione: non tutte le variet\u00e0 formano un velo o rilasciano spore.<\/li>\n<li>Raccolta: assicurati un ambiente di lavoro igienico disinfettando le mani e indossando preferibilmente dei guanti. Ruota delicatamente i funghi in senso orario per staccarli. Raccogli non appena i cappelli si aprono per ottenere i migliori risultati. A seconda delle circostanze, i funghi sono generalmente pronti per essere raccolti dopo due o quattro settimane.<\/li>\n<li>Cura dopo la raccolta: dopo il secondo flush, aggiungi una piccola quantit\u00e0 di acqua (circa un terzo fino al livello del substrato). Richiudi bene il sacchetto con la clip. Non dimenticare di aggiungere aria fresca di tanto in tanto. Eventuale acqua in eccesso che non \u00e8 stata assorbita dopo dodici ore pu\u00f2 essere scolata.<\/li>\n<li>Gestione della temperatura: mantieni la temperatura il pi\u00f9 costante possibile tra 20 e 25 \u00b0C per una crescita ottimale. Grandi sbalzi di temperatura possono influire negativamente sulla resa.<\/li>\n<li>Raccolti successivi: per sacchetto di coltivazione sono possibili almeno due raccolti, ma in condizioni favorevoli possono essere anche tre o quattro. Dopo ogni raccolto, richiudi il sacchetto e aggiungi acqua per stimolare una nuova crescita.<\/li>\n<\/ol>\n<h2>Contenuto della confezione<\/h2>\n<ul>\n<li>1 grow kit con substrato completamente colonizzato<\/li>\n<li>1 sacchetto di coltivazione con microfiltro<\/li>\n<li>1 clip riutilizzabile<\/li>\n<li>Manuale completo e chiaro<\/li>\n<\/ul>\n<h2>Come conservare il kit di coltivazione<\/h2>\n<p>\u00c8 consigliabile iniziare subito il processo di coltivazione non appena si riceve il kit di coltivazione. Se decidi di iniziare pi\u00f9 tardi, cosa che potrebbe influire sulla qualit\u00e0 del kit, puoi conservare il kit di coltivazione in frigorifero per un massimo di 2 settimane (a temperature comprese tra 2\u00b0C e 8\u00b0C). Puoi lasciare il sacchetto di coltivazione con il micelio nella scatola e metterlo in frigorifero. Assicurati che il tuo frigorifero sia pulito e privo di muffa. Come ulteriore precauzione, puoi riporre il set in un sacchetto di plastica pulito o in una busta per la coltivazione.<\/p>\n","protected":false},"excerpt":{"rendered":"<p>Il Kit di coltivazione per funghi allucinogeni Hillbilly Pumpkin di Mystic Fungi \u00e8 un kit di coltivazione robusto e sorprendente con un carattere distintivo. Questa speciale versione dell&#8217;Hillbilly Psilocybe cubensis \u00e8 nota per i suoi steli spessi e i cappelli arancioni brillanti, che ricordano piccole zucche. Grazie al design intelligente e a bassa manutenzione e [&hellip;]<\/p>\n","protected":false},"featured_media":64188,"comment_status":"closed","ping_status":"closed","template":"","meta":[],"product_brand":[],"product_cat":[344],"product_tag":[],"class_list":{"0":"post-64190","1":"product","2":"type-product","3":"status-publish","4":"has-post-thumbnail","6":"product_cat-kit-di-coltivazione-mystic-fungi","8":"first","9":"outofstock","10":"taxable","11":"shipping-taxable","12":"purchasable","13":"product-type-simple"},"yoast_head":"<!-- This site is optimized with the Yoast SEO Premium plugin v26.4 (Yoast SEO v27.2) - https:\/\/yoast.com\/product\/yoast-seo-premium-wordpress\/ -->\n<title>Kit di coltivazione per funghi allucinogeni Hillbilly Pumpkin - Dutchmicrodosing<\/title>\n<meta name=\"description\" content=\"Coltiva i tuoi funghi allucinogeni Hillbilly Pumpkin con questo kit di coltivazione completo di Mystic Fungi. Bassa manutenzione, resa elevata e risultati rapidi.\" \/>\n<meta name=\"robots\" content=\"index, follow, max-snippet:-1, max-image-preview:large, max-video-preview:-1\" \/>\n<link rel=\"canonical\" href=\"https:\/\/dutchmicrodosing.com\/it\/funghi-allucinogeni\/kit-di-coltivazione-mystic-fungi\/kit-di-coltivazione-per-funghi-allucinogeni-hillbilly-pumpkin\/\" \/>\n<meta property=\"og:locale\" content=\"it_IT\" \/>\n<meta property=\"og:type\" content=\"article\" \/>\n<meta property=\"og:title\" content=\"Kit di coltivazione per funghi allucinogeni Hillbilly Pumpkin\" \/>\n<meta property=\"og:description\" content=\"Il Kit di coltivazione per funghi allucinogeni Hillbilly Pumpkin di Mystic Fungi \u00e8 un kit di coltivazione robusto e sorprendente con un carattere\" \/>\n<meta property=\"og:url\" content=\"https:\/\/dutchmicrodosing.com\/it\/funghi-allucinogeni\/kit-di-coltivazione-mystic-fungi\/kit-di-coltivazione-per-funghi-allucinogeni-hillbilly-pumpkin\/\" \/>\n<meta property=\"og:site_name\" content=\"Dutchmicrodosing\" \/>\n<meta property=\"article:publisher\" content=\"https:\/\/www.facebook.com\/Dutchmicrodosingxp\/\" \/>\n<meta property=\"article:modified_time\" content=\"2026-02-13T11:05:59+00:00\" \/>\n<meta property=\"og:image\" content=\"https:\/\/dutchmicrodosing.com\/wp-content\/uploads\/2026\/02\/Hillbilly-Pumpkin1-600x600-1.png\" \/>\n\t<meta property=\"og:image:width\" content=\"600\" \/>\n\t<meta property=\"og:image:height\" content=\"600\" \/>\n\t<meta property=\"og:image:type\" content=\"image\/png\" \/>\n<meta name=\"twitter:card\" content=\"summary_large_image\" \/>\n<script type=\"application\/ld+json\" class=\"yoast-schema-graph\">{\"@context\":\"https:\/\/schema.org\",\"@graph\":[{\"@type\":\"WebPage\",\"@id\":\"https:\/\/dutchmicrodosing.com\/it\/funghi-allucinogeni\/kit-di-coltivazione-mystic-fungi\/kit-di-coltivazione-per-funghi-allucinogeni-hillbilly-pumpkin\/\",\"url\":\"https:\/\/dutchmicrodosing.com\/it\/funghi-allucinogeni\/kit-di-coltivazione-mystic-fungi\/kit-di-coltivazione-per-funghi-allucinogeni-hillbilly-pumpkin\/\",\"name\":\"Kit di coltivazione per funghi allucinogeni Hillbilly Pumpkin - Dutchmicrodosing\",\"isPartOf\":{\"@id\":\"https:\/\/dutchmicrodosing.com\/it\/#website\"},\"primaryImageOfPage\":{\"@id\":\"https:\/\/dutchmicrodosing.com\/it\/funghi-allucinogeni\/kit-di-coltivazione-mystic-fungi\/kit-di-coltivazione-per-funghi-allucinogeni-hillbilly-pumpkin\/#primaryimage\"},\"image\":{\"@id\":\"https:\/\/dutchmicrodosing.com\/it\/funghi-allucinogeni\/kit-di-coltivazione-mystic-fungi\/kit-di-coltivazione-per-funghi-allucinogeni-hillbilly-pumpkin\/#primaryimage\"},\"thumbnailUrl\":\"https:\/\/dutchmicrodosing.com\/wp-content\/uploads\/2026\/02\/Hillbilly-Pumpkin1-600x600-1.png\",\"datePublished\":\"2026-02-03T04:21:10+00:00\",\"dateModified\":\"2026-02-13T11:05:59+00:00\",\"description\":\"Coltiva i tuoi funghi allucinogeni Hillbilly Pumpkin con questo kit di coltivazione completo di Mystic Fungi. Bassa manutenzione, resa elevata e risultati rapidi.\",\"breadcrumb\":{\"@id\":\"https:\/\/dutchmicrodosing.com\/it\/funghi-allucinogeni\/kit-di-coltivazione-mystic-fungi\/kit-di-coltivazione-per-funghi-allucinogeni-hillbilly-pumpkin\/#breadcrumb\"},\"inLanguage\":\"it-IT\",\"potentialAction\":[{\"@type\":\"ReadAction\",\"target\":[\"https:\/\/dutchmicrodosing.com\/it\/funghi-allucinogeni\/kit-di-coltivazione-mystic-fungi\/kit-di-coltivazione-per-funghi-allucinogeni-hillbilly-pumpkin\/\"]}]},{\"@type\":\"ImageObject\",\"inLanguage\":\"it-IT\",\"@id\":\"https:\/\/dutchmicrodosing.com\/it\/funghi-allucinogeni\/kit-di-coltivazione-mystic-fungi\/kit-di-coltivazione-per-funghi-allucinogeni-hillbilly-pumpkin\/#primaryimage\",\"url\":\"https:\/\/dutchmicrodosing.com\/wp-content\/uploads\/2026\/02\/Hillbilly-Pumpkin1-600x600-1.png\",\"contentUrl\":\"https:\/\/dutchmicrodosing.com\/wp-content\/uploads\/2026\/02\/Hillbilly-Pumpkin1-600x600-1.png\",\"width\":600,\"height\":600,\"caption\":\"Kit di coltivazione per funghi allucinogeni Hillbilly Pumpkin | Mystic Fungi\"},{\"@type\":\"BreadcrumbList\",\"@id\":\"https:\/\/dutchmicrodosing.com\/it\/funghi-allucinogeni\/kit-di-coltivazione-mystic-fungi\/kit-di-coltivazione-per-funghi-allucinogeni-hillbilly-pumpkin\/#breadcrumb\",\"itemListElement\":[{\"@type\":\"ListItem\",\"position\":1,\"name\":\"Home\",\"item\":\"https:\/\/dutchmicrodosing.com\/it\/\"},{\"@type\":\"ListItem\",\"position\":2,\"name\":\"Negozio\",\"item\":\"https:\/\/dutchmicrodosing.com\/it\/negozio\/\"},{\"@type\":\"ListItem\",\"position\":3,\"name\":\"Kit di coltivazione per funghi allucinogeni Hillbilly Pumpkin\"}]},{\"@type\":\"WebSite\",\"@id\":\"https:\/\/dutchmicrodosing.com\/it\/#website\",\"url\":\"https:\/\/dutchmicrodosing.com\/it\/\",\"name\":\"Dutchmicrodosing\",\"description\":\"\",\"publisher\":{\"@id\":\"https:\/\/dutchmicrodosing.com\/it\/#organization\"},\"potentialAction\":[{\"@type\":\"SearchAction\",\"target\":{\"@type\":\"EntryPoint\",\"urlTemplate\":\"https:\/\/dutchmicrodosing.com\/it\/?s={search_term_string}\"},\"query-input\":{\"@type\":\"PropertyValueSpecification\",\"valueRequired\":true,\"valueName\":\"search_term_string\"}}],\"inLanguage\":\"it-IT\"},{\"@type\":\"Organization\",\"@id\":\"https:\/\/dutchmicrodosing.com\/it\/#organization\",\"name\":\"Dutchmicrodosing\",\"url\":\"https:\/\/dutchmicrodosing.com\/it\/\",\"logo\":{\"@type\":\"ImageObject\",\"inLanguage\":\"it-IT\",\"@id\":\"https:\/\/dutchmicrodosing.com\/it\/#\/schema\/logo\/image\/\",\"url\":\"https:\/\/dutchmicrodosing.com\/wp-content\/uploads\/2021\/01\/microdosing-categorie-pic-nieuw.jpg\",\"contentUrl\":\"https:\/\/dutchmicrodosing.com\/wp-content\/uploads\/2021\/01\/microdosing-categorie-pic-nieuw.jpg\",\"width\":500,\"height\":500,\"caption\":\"Dutchmicrodosing\"},\"image\":{\"@id\":\"https:\/\/dutchmicrodosing.com\/it\/#\/schema\/logo\/image\/\"},\"sameAs\":[\"https:\/\/www.facebook.com\/Dutchmicrodosingxp\/\",\"https:\/\/www.instagram.com\/dutchmicrodosing\/\"]}]}<\/script>\n<meta property=\"product:price:amount\" content=\"44.95\" \/>\n<meta property=\"product:price:currency\" content=\"EUR\" \/>\n<meta property=\"og:availability\" content=\"out of stock\" \/>\n<meta property=\"product:availability\" content=\"out of stock\" \/>\n<meta property=\"product:retailer_item_id\" content=\"5212292\" \/>\n<meta property=\"product:condition\" content=\"new\" \/>\n<!-- \/ Yoast SEO Premium plugin. -->","yoast_head_json":{"title":"Kit di coltivazione per funghi allucinogeni Hillbilly Pumpkin - Dutchmicrodosing","description":"Coltiva i tuoi funghi allucinogeni Hillbilly Pumpkin con questo kit di coltivazione completo di Mystic Fungi. Bassa manutenzione, resa elevata e risultati rapidi.","robots":{"index":"index","follow":"follow","max-snippet":"max-snippet:-1","max-image-preview":"max-image-preview:large","max-video-preview":"max-video-preview:-1"},"canonical":"https:\/\/dutchmicrodosing.com\/it\/funghi-allucinogeni\/kit-di-coltivazione-mystic-fungi\/kit-di-coltivazione-per-funghi-allucinogeni-hillbilly-pumpkin\/","og_locale":"it_IT","og_type":"article","og_title":"Kit di coltivazione per funghi allucinogeni Hillbilly Pumpkin","og_description":"Il Kit di coltivazione per funghi allucinogeni Hillbilly Pumpkin di Mystic Fungi \u00e8 un kit di coltivazione robusto e sorprendente con un carattere","og_url":"https:\/\/dutchmicrodosing.com\/it\/funghi-allucinogeni\/kit-di-coltivazione-mystic-fungi\/kit-di-coltivazione-per-funghi-allucinogeni-hillbilly-pumpkin\/","og_site_name":"Dutchmicrodosing","article_publisher":"https:\/\/www.facebook.com\/Dutchmicrodosingxp\/","article_modified_time":"2026-02-13T11:05:59+00:00","og_image":[{"width":600,"height":600,"url":"https:\/\/dutchmicrodosing.com\/wp-content\/uploads\/2026\/02\/Hillbilly-Pumpkin1-600x600-1.png","type":"image\/png"}],"twitter_card":"summary_large_image","schema":{"@context":"https:\/\/schema.org","@graph":[{"@type":"WebPage","@id":"https:\/\/dutchmicrodosing.com\/it\/funghi-allucinogeni\/kit-di-coltivazione-mystic-fungi\/kit-di-coltivazione-per-funghi-allucinogeni-hillbilly-pumpkin\/","url":"https:\/\/dutchmicrodosing.com\/it\/funghi-allucinogeni\/kit-di-coltivazione-mystic-fungi\/kit-di-coltivazione-per-funghi-allucinogeni-hillbilly-pumpkin\/","name":"Kit di coltivazione per funghi allucinogeni Hillbilly Pumpkin - Dutchmicrodosing","isPartOf":{"@id":"https:\/\/dutchmicrodosing.com\/it\/#website"},"primaryImageOfPage":{"@id":"https:\/\/dutchmicrodosing.com\/it\/funghi-allucinogeni\/kit-di-coltivazione-mystic-fungi\/kit-di-coltivazione-per-funghi-allucinogeni-hillbilly-pumpkin\/#primaryimage"},"image":{"@id":"https:\/\/dutchmicrodosing.com\/it\/funghi-allucinogeni\/kit-di-coltivazione-mystic-fungi\/kit-di-coltivazione-per-funghi-allucinogeni-hillbilly-pumpkin\/#primaryimage"},"thumbnailUrl":"https:\/\/dutchmicrodosing.com\/wp-content\/uploads\/2026\/02\/Hillbilly-Pumpkin1-600x600-1.png","datePublished":"2026-02-03T04:21:10+00:00","dateModified":"2026-02-13T11:05:59+00:00","description":"Coltiva i tuoi funghi allucinogeni Hillbilly Pumpkin con questo kit di coltivazione completo di Mystic Fungi. Bassa manutenzione, resa elevata e risultati rapidi.","breadcrumb":{"@id":"https:\/\/dutchmicrodosing.com\/it\/funghi-allucinogeni\/kit-di-coltivazione-mystic-fungi\/kit-di-coltivazione-per-funghi-allucinogeni-hillbilly-pumpkin\/#breadcrumb"},"inLanguage":"it-IT","potentialAction":[{"@type":"ReadAction","target":["https:\/\/dutchmicrodosing.com\/it\/funghi-allucinogeni\/kit-di-coltivazione-mystic-fungi\/kit-di-coltivazione-per-funghi-allucinogeni-hillbilly-pumpkin\/"]}]},{"@type":"ImageObject","inLanguage":"it-IT","@id":"https:\/\/dutchmicrodosing.com\/it\/funghi-allucinogeni\/kit-di-coltivazione-mystic-fungi\/kit-di-coltivazione-per-funghi-allucinogeni-hillbilly-pumpkin\/#primaryimage","url":"https:\/\/dutchmicrodosing.com\/wp-content\/uploads\/2026\/02\/Hillbilly-Pumpkin1-600x600-1.png","contentUrl":"https:\/\/dutchmicrodosing.com\/wp-content\/uploads\/2026\/02\/Hillbilly-Pumpkin1-600x600-1.png","width":600,"height":600,"caption":"Kit di coltivazione per funghi allucinogeni Hillbilly Pumpkin | Mystic Fungi"},{"@type":"BreadcrumbList","@id":"https:\/\/dutchmicrodosing.com\/it\/funghi-allucinogeni\/kit-di-coltivazione-mystic-fungi\/kit-di-coltivazione-per-funghi-allucinogeni-hillbilly-pumpkin\/#breadcrumb","itemListElement":[{"@type":"ListItem","position":1,"name":"Home","item":"https:\/\/dutchmicrodosing.com\/it\/"},{"@type":"ListItem","position":2,"name":"Negozio","item":"https:\/\/dutchmicrodosing.com\/it\/negozio\/"},{"@type":"ListItem","position":3,"name":"Kit di coltivazione per funghi allucinogeni Hillbilly Pumpkin"}]},{"@type":"WebSite","@id":"https:\/\/dutchmicrodosing.com\/it\/#website","url":"https:\/\/dutchmicrodosing.com\/it\/","name":"Dutchmicrodosing","description":"","publisher":{"@id":"https:\/\/dutchmicrodosing.com\/it\/#organization"},"potentialAction":[{"@type":"SearchAction","target":{"@type":"EntryPoint","urlTemplate":"https:\/\/dutchmicrodosing.com\/it\/?s={search_term_string}"},"query-input":{"@type":"PropertyValueSpecification","valueRequired":true,"valueName":"search_term_string"}}],"inLanguage":"it-IT"},{"@type":"Organization","@id":"https:\/\/dutchmicrodosing.com\/it\/#organization","name":"Dutchmicrodosing","url":"https:\/\/dutchmicrodosing.com\/it\/","logo":{"@type":"ImageObject","inLanguage":"it-IT","@id":"https:\/\/dutchmicrodosing.com\/it\/#\/schema\/logo\/image\/","url":"https:\/\/dutchmicrodosing.com\/wp-content\/uploads\/2021\/01\/microdosing-categorie-pic-nieuw.jpg","contentUrl":"https:\/\/dutchmicrodosing.com\/wp-content\/uploads\/2021\/01\/microdosing-categorie-pic-nieuw.jpg","width":500,"height":500,"caption":"Dutchmicrodosing"},"image":{"@id":"https:\/\/dutchmicrodosing.com\/it\/#\/schema\/logo\/image\/"},"sameAs":["https:\/\/www.facebook.com\/Dutchmicrodosingxp\/","https:\/\/www.instagram.com\/dutchmicrodosing\/"]}]},"product_price_amount":"44.95","product_price_currency":"EUR","og_availability":"out of stock","product_availability":"out of stock","product_retailer_item_id":"5212292","product_condition":"new"},"_links":{"self":[{"href":"https:\/\/dutchmicrodosing.com\/it\/wp-json\/wp\/v2\/product\/64190","targetHints":{"allow":["GET"]}}],"collection":[{"href":"https:\/\/dutchmicrodosing.com\/it\/wp-json\/wp\/v2\/product"}],"about":[{"href":"https:\/\/dutchmicrodosing.com\/it\/wp-json\/wp\/v2\/types\/product"}],"replies":[{"embeddable":true,"href":"https:\/\/dutchmicrodosing.com\/it\/wp-json\/wp\/v2\/comments?post=64190"}],"version-history":[{"count":1,"href":"https:\/\/dutchmicrodosing.com\/it\/wp-json\/wp\/v2\/product\/64190\/revisions"}],"predecessor-version":[{"id":64196,"href":"https:\/\/dutchmicrodosing.com\/it\/wp-json\/wp\/v2\/product\/64190\/revisions\/64196"}],"wp:featuredmedia":[{"embeddable":true,"href":"https:\/\/dutchmicrodosing.com\/it\/wp-json\/wp\/v2\/media\/64188"}],"wp:attachment":[{"href":"https:\/\/dutchmicrodosing.com\/it\/wp-json\/wp\/v2\/media?parent=64190"}],"wp:term":[{"taxonomy":"product_brand","embeddable":true,"href":"https:\/\/dutchmicrodosing.com\/it\/wp-json\/wp\/v2\/product_brand?post=64190"},{"taxonomy":"product_cat","embeddable":true,"href":"https:\/\/dutchmicrodosing.com\/it\/wp-json\/wp\/v2\/product_cat?post=64190"},{"taxonomy":"product_tag","embeddable":true,"href":"https:\/\/dutchmicrodosing.com\/it\/wp-json\/wp\/v2\/product_tag?post=64190"}],"curies":[{"name":"wp","href":"https:\/\/api.w.org\/{rel}","templated":true}]}}