{"id":64212,"date":"2026-02-02T12:28:36","date_gmt":"2026-02-02T11:28:36","guid":{"rendered":"https:\/\/dutchmicrodosing.com\/shop\/senza-categoria\/substrato-sterilizzato-1200-cc\/"},"modified":"2026-03-09T15:54:03","modified_gmt":"2026-03-09T14:54:03","slug":"substrato-sterilizzato-1200-cc","status":"publish","type":"product","link":"https:\/\/dutchmicrodosing.com\/it\/funghi-allucinogeni\/accessori-per-la-coltivazione\/substrato-sterilizzato-1200-cc\/","title":{"rendered":"Substrato sterilizzato &#8211; 1200 cc"},"content":{"rendered":"<p><strong>Substrato sterilizzato \u2013 1200 cc<\/strong> \u00e8 la base ideale per iniziare a coltivare i tuoi funghi allucinogeni. Non devi pi\u00f9 preparare nulla: questo substrato \u00e8 gi\u00e0 completamente sterilizzato e pronto all&#8217;uso. Aggiungi solo le tue spore preferite o coltura liquida e sei pronto per la crescita!<\/p>\n<h3>Caratteristiche<\/h3>\n<p>Questo substrato \u00e8 perfetto per chi ama avere il controllo sul processo di coltivazione, senza il fastidio di mescolare o sterilizzare gli ingredienti da soli. La miscela contiene fiocchi d&#8217;avena, vermiculite, perlite e gesso, con un contenuto di umidit\u00e0 ottimale di circa il 60\u201365%. Ci\u00f2 consente al micelio di colonizzare in modo uniforme ed efficiente. Grazie alla tenda per l&#8217;umidit\u00e0 inclusa, puoi facilmente creare un ambiente ideale per la fruttificazione.<\/p>\n<h3>Ingredienti e\/o composizione<\/h3>\n<ul>\n<li>Fiocchi d&#8217;avena<\/li>\n<li>Vermiculite<\/li>\n<li>Perlite<\/li>\n<li>Gesso<\/li>\n<li>Contenuto di umidit\u00e0: circa 60\u201365%<\/li>\n<\/ul>\n<h3>Utilizzo<\/h3>\n<ol>\n<li><strong>Inoculazione:<\/strong>\n<ul>\n<li>Siringa di spore: 5 ml per 1200 cc<\/li>\n<li>Fiala di spore: mezza fiala per 1200 cc<\/li>\n<li>Coltura liquida: 2\u20135 ml per 1000 cc<\/li>\n<li>Coltura liquida fatta in casa: prima 2 ml di spore in fiala, lasciare maturare per 2 settimane, quindi utilizzare completamente<\/li>\n<\/ul>\n<\/li>\n<li><strong>Incubazione:<\/strong><br \/>\nPosizionare la vaschetta chiusa in un luogo buio e caldo (circa 23 \u00b0C). Utilizzare eventualmente un tappetino riscaldante.<\/li>\n<li><strong>Colonizzazione:<\/strong><br \/>\nLasciare il substrato completamente indisturbato finch\u00e9 tutto non \u00e8 bianco di micelio. Questo pu\u00f2 richiedere alcune settimane.<\/li>\n<li><strong>Preparazione alla fruttificazione:<\/strong><br \/>\nRiempire la vaschetta con acqua fredda, mettere in frigorifero per 24 ore e quindi scolare tutto.<\/li>\n<li><strong>Fruttificazione:<\/strong><br \/>\nPosizionare la vaschetta nella tenda per l&#8217;umidit\u00e0 con una temperatura compresa tra 23\u201328 \u00b0C, umidit\u00e0 sufficiente, un po&#8217; di luce diurna e aria fresca.<\/li>\n<li><strong>Cura quotidiana:<\/strong><br \/>\nAerare due volte al giorno e nebulizzare leggermente. I primi funghi di solito compaiono entro pochi giorni.<\/li>\n<li><strong>Nuove gettate:<\/strong><br \/>\nDopo il raccolto, puoi ripetere il processo. Spesso le gettate successive sono ancora pi\u00f9 produttive.<\/li>\n<\/ol>\n<h3>Contenuto<\/h3>\n<ul>\n<li>1\u00d7 vaschetta di coltivazione con substrato sterilizzato (1200 cc)<\/li>\n<li>1\u00d7 tenda per l&#8217;umidit\u00e0 \/ sacco di crescita<\/li>\n<li>1\u00d7 graffetta<\/li>\n<li>1\u00d7 salvietta imbevuta di alcol<\/li>\n<li>1\u00d7 porta di iniezione<\/li>\n<\/ul>\n","protected":false},"excerpt":{"rendered":"<p>Substrato sterilizzato \u2013 1200 cc \u00e8 la base ideale per iniziare a coltivare i tuoi funghi allucinogeni. Non devi pi\u00f9 preparare nulla: questo substrato \u00e8 gi\u00e0 completamente sterilizzato e pronto all&#8217;uso. Aggiungi solo le tue spore preferite o coltura liquida e sei pronto per la crescita! Caratteristiche Questo substrato \u00e8 perfetto per chi ama avere [&hellip;]<\/p>\n","protected":false},"featured_media":64211,"comment_status":"closed","ping_status":"closed","template":"","meta":[],"product_brand":[],"product_cat":[657],"product_tag":[],"class_list":{"0":"post-64212","1":"product","2":"type-product","3":"status-publish","4":"has-post-thumbnail","6":"product_cat-accessori-per-la-coltivazione","8":"first","9":"instock","10":"taxable","11":"shipping-taxable","12":"purchasable","13":"product-type-simple"},"yoast_head":"<!-- This site is optimized with the Yoast SEO Premium plugin v26.4 (Yoast SEO v27.2) - https:\/\/yoast.com\/product\/yoast-seo-premium-wordpress\/ -->\n<title>Substrato sterilizzato - 1200 cc - Dutchmicrodosing<\/title>\n<meta name=\"description\" content=\"Substrato sterilizzato pronto all&#039;uso per funghi allucinogeni (1200 cc) per coltivare facilmente i tuoi funghi. Ideale per coltivatori principianti ed esperti. Pronto per l&#039;inoculazione!\" \/>\n<meta name=\"robots\" content=\"index, follow, max-snippet:-1, max-image-preview:large, max-video-preview:-1\" \/>\n<link rel=\"canonical\" href=\"https:\/\/dutchmicrodosing.com\/it\/funghi-allucinogeni\/accessori-per-la-coltivazione\/substrato-sterilizzato-1200-cc\/\" \/>\n<meta property=\"og:locale\" content=\"it_IT\" \/>\n<meta property=\"og:type\" content=\"article\" \/>\n<meta property=\"og:title\" content=\"Substrato sterilizzato - 1200 cc\" \/>\n<meta property=\"og:description\" content=\"Substrato sterilizzato \u2013 1200 cc \u00e8 la base ideale per iniziare a coltivare i tuoi funghi allucinogeni. Non devi pi\u00f9 preparare nulla: questo substrato \u00e8\" \/>\n<meta property=\"og:url\" content=\"https:\/\/dutchmicrodosing.com\/it\/funghi-allucinogeni\/accessori-per-la-coltivazione\/substrato-sterilizzato-1200-cc\/\" \/>\n<meta property=\"og:site_name\" content=\"Dutchmicrodosing\" \/>\n<meta property=\"article:publisher\" content=\"https:\/\/www.facebook.com\/Dutchmicrodosingxp\/\" \/>\n<meta property=\"article:modified_time\" content=\"2026-03-09T14:54:03+00:00\" \/>\n<meta property=\"og:image\" content=\"https:\/\/dutchmicrodosing.com\/wp-content\/uploads\/2026\/02\/b9843ab9-982e-40a6-bf87-02636baab6ec.png\" \/>\n\t<meta property=\"og:image:width\" content=\"1536\" \/>\n\t<meta property=\"og:image:height\" content=\"1024\" \/>\n\t<meta property=\"og:image:type\" content=\"image\/png\" \/>\n<meta name=\"twitter:card\" content=\"summary_large_image\" \/>\n<script type=\"application\/ld+json\" class=\"yoast-schema-graph\">{\"@context\":\"https:\/\/schema.org\",\"@graph\":[{\"@type\":\"WebPage\",\"@id\":\"https:\/\/dutchmicrodosing.com\/it\/funghi-allucinogeni\/accessori-per-la-coltivazione\/substrato-sterilizzato-1200-cc\/\",\"url\":\"https:\/\/dutchmicrodosing.com\/it\/funghi-allucinogeni\/accessori-per-la-coltivazione\/substrato-sterilizzato-1200-cc\/\",\"name\":\"Substrato sterilizzato - 1200 cc - Dutchmicrodosing\",\"isPartOf\":{\"@id\":\"https:\/\/dutchmicrodosing.com\/it\/#website\"},\"primaryImageOfPage\":{\"@id\":\"https:\/\/dutchmicrodosing.com\/it\/funghi-allucinogeni\/accessori-per-la-coltivazione\/substrato-sterilizzato-1200-cc\/#primaryimage\"},\"image\":{\"@id\":\"https:\/\/dutchmicrodosing.com\/it\/funghi-allucinogeni\/accessori-per-la-coltivazione\/substrato-sterilizzato-1200-cc\/#primaryimage\"},\"thumbnailUrl\":\"https:\/\/dutchmicrodosing.com\/wp-content\/uploads\/2026\/02\/b9843ab9-982e-40a6-bf87-02636baab6ec.png\",\"datePublished\":\"2026-02-02T11:28:36+00:00\",\"dateModified\":\"2026-03-09T14:54:03+00:00\",\"description\":\"Substrato sterilizzato pronto all'uso per funghi allucinogeni (1200 cc) per coltivare facilmente i tuoi funghi. Ideale per coltivatori principianti ed esperti. Pronto per l'inoculazione!\",\"breadcrumb\":{\"@id\":\"https:\/\/dutchmicrodosing.com\/it\/funghi-allucinogeni\/accessori-per-la-coltivazione\/substrato-sterilizzato-1200-cc\/#breadcrumb\"},\"inLanguage\":\"it-IT\",\"potentialAction\":[{\"@type\":\"ReadAction\",\"target\":[\"https:\/\/dutchmicrodosing.com\/it\/funghi-allucinogeni\/accessori-per-la-coltivazione\/substrato-sterilizzato-1200-cc\/\"]}]},{\"@type\":\"ImageObject\",\"inLanguage\":\"it-IT\",\"@id\":\"https:\/\/dutchmicrodosing.com\/it\/funghi-allucinogeni\/accessori-per-la-coltivazione\/substrato-sterilizzato-1200-cc\/#primaryimage\",\"url\":\"https:\/\/dutchmicrodosing.com\/wp-content\/uploads\/2026\/02\/b9843ab9-982e-40a6-bf87-02636baab6ec.png\",\"contentUrl\":\"https:\/\/dutchmicrodosing.com\/wp-content\/uploads\/2026\/02\/b9843ab9-982e-40a6-bf87-02636baab6ec.png\",\"width\":1536,\"height\":1024,\"caption\":\"Substrato sterilizzato - 1200 cc\"},{\"@type\":\"BreadcrumbList\",\"@id\":\"https:\/\/dutchmicrodosing.com\/it\/funghi-allucinogeni\/accessori-per-la-coltivazione\/substrato-sterilizzato-1200-cc\/#breadcrumb\",\"itemListElement\":[{\"@type\":\"ListItem\",\"position\":1,\"name\":\"Home\",\"item\":\"https:\/\/dutchmicrodosing.com\/it\/\"},{\"@type\":\"ListItem\",\"position\":2,\"name\":\"Negozio\",\"item\":\"https:\/\/dutchmicrodosing.com\/it\/negozio\/\"},{\"@type\":\"ListItem\",\"position\":3,\"name\":\"Substrato sterilizzato &#8211; 1200 cc\"}]},{\"@type\":\"WebSite\",\"@id\":\"https:\/\/dutchmicrodosing.com\/it\/#website\",\"url\":\"https:\/\/dutchmicrodosing.com\/it\/\",\"name\":\"Dutchmicrodosing\",\"description\":\"\",\"publisher\":{\"@id\":\"https:\/\/dutchmicrodosing.com\/it\/#organization\"},\"potentialAction\":[{\"@type\":\"SearchAction\",\"target\":{\"@type\":\"EntryPoint\",\"urlTemplate\":\"https:\/\/dutchmicrodosing.com\/it\/?s={search_term_string}\"},\"query-input\":{\"@type\":\"PropertyValueSpecification\",\"valueRequired\":true,\"valueName\":\"search_term_string\"}}],\"inLanguage\":\"it-IT\"},{\"@type\":\"Organization\",\"@id\":\"https:\/\/dutchmicrodosing.com\/it\/#organization\",\"name\":\"Dutchmicrodosing\",\"url\":\"https:\/\/dutchmicrodosing.com\/it\/\",\"logo\":{\"@type\":\"ImageObject\",\"inLanguage\":\"it-IT\",\"@id\":\"https:\/\/dutchmicrodosing.com\/it\/#\/schema\/logo\/image\/\",\"url\":\"https:\/\/dutchmicrodosing.com\/wp-content\/uploads\/2021\/01\/microdosing-categorie-pic-nieuw.jpg\",\"contentUrl\":\"https:\/\/dutchmicrodosing.com\/wp-content\/uploads\/2021\/01\/microdosing-categorie-pic-nieuw.jpg\",\"width\":500,\"height\":500,\"caption\":\"Dutchmicrodosing\"},\"image\":{\"@id\":\"https:\/\/dutchmicrodosing.com\/it\/#\/schema\/logo\/image\/\"},\"sameAs\":[\"https:\/\/www.facebook.com\/Dutchmicrodosingxp\/\",\"https:\/\/www.instagram.com\/dutchmicrodosing\/\"]}]}<\/script>\n<meta property=\"product:price:amount\" content=\"19.95\" \/>\n<meta property=\"product:price:currency\" content=\"EUR\" \/>\n<meta property=\"og:availability\" content=\"instock\" \/>\n<meta property=\"product:availability\" content=\"instock\" \/>\n<meta property=\"product:retailer_item_id\" content=\"5210163\" \/>\n<meta property=\"product:condition\" content=\"new\" \/>\n<!-- \/ Yoast SEO Premium plugin. -->","yoast_head_json":{"title":"Substrato sterilizzato - 1200 cc - Dutchmicrodosing","description":"Substrato sterilizzato pronto all'uso per funghi allucinogeni (1200 cc) per coltivare facilmente i tuoi funghi. Ideale per coltivatori principianti ed esperti. Pronto per l'inoculazione!","robots":{"index":"index","follow":"follow","max-snippet":"max-snippet:-1","max-image-preview":"max-image-preview:large","max-video-preview":"max-video-preview:-1"},"canonical":"https:\/\/dutchmicrodosing.com\/it\/funghi-allucinogeni\/accessori-per-la-coltivazione\/substrato-sterilizzato-1200-cc\/","og_locale":"it_IT","og_type":"article","og_title":"Substrato sterilizzato - 1200 cc","og_description":"Substrato sterilizzato \u2013 1200 cc \u00e8 la base ideale per iniziare a coltivare i tuoi funghi allucinogeni. Non devi pi\u00f9 preparare nulla: questo substrato \u00e8","og_url":"https:\/\/dutchmicrodosing.com\/it\/funghi-allucinogeni\/accessori-per-la-coltivazione\/substrato-sterilizzato-1200-cc\/","og_site_name":"Dutchmicrodosing","article_publisher":"https:\/\/www.facebook.com\/Dutchmicrodosingxp\/","article_modified_time":"2026-03-09T14:54:03+00:00","og_image":[{"width":1536,"height":1024,"url":"https:\/\/dutchmicrodosing.com\/wp-content\/uploads\/2026\/02\/b9843ab9-982e-40a6-bf87-02636baab6ec.png","type":"image\/png"}],"twitter_card":"summary_large_image","schema":{"@context":"https:\/\/schema.org","@graph":[{"@type":"WebPage","@id":"https:\/\/dutchmicrodosing.com\/it\/funghi-allucinogeni\/accessori-per-la-coltivazione\/substrato-sterilizzato-1200-cc\/","url":"https:\/\/dutchmicrodosing.com\/it\/funghi-allucinogeni\/accessori-per-la-coltivazione\/substrato-sterilizzato-1200-cc\/","name":"Substrato sterilizzato - 1200 cc - Dutchmicrodosing","isPartOf":{"@id":"https:\/\/dutchmicrodosing.com\/it\/#website"},"primaryImageOfPage":{"@id":"https:\/\/dutchmicrodosing.com\/it\/funghi-allucinogeni\/accessori-per-la-coltivazione\/substrato-sterilizzato-1200-cc\/#primaryimage"},"image":{"@id":"https:\/\/dutchmicrodosing.com\/it\/funghi-allucinogeni\/accessori-per-la-coltivazione\/substrato-sterilizzato-1200-cc\/#primaryimage"},"thumbnailUrl":"https:\/\/dutchmicrodosing.com\/wp-content\/uploads\/2026\/02\/b9843ab9-982e-40a6-bf87-02636baab6ec.png","datePublished":"2026-02-02T11:28:36+00:00","dateModified":"2026-03-09T14:54:03+00:00","description":"Substrato sterilizzato pronto all'uso per funghi allucinogeni (1200 cc) per coltivare facilmente i tuoi funghi. Ideale per coltivatori principianti ed esperti. Pronto per l'inoculazione!","breadcrumb":{"@id":"https:\/\/dutchmicrodosing.com\/it\/funghi-allucinogeni\/accessori-per-la-coltivazione\/substrato-sterilizzato-1200-cc\/#breadcrumb"},"inLanguage":"it-IT","potentialAction":[{"@type":"ReadAction","target":["https:\/\/dutchmicrodosing.com\/it\/funghi-allucinogeni\/accessori-per-la-coltivazione\/substrato-sterilizzato-1200-cc\/"]}]},{"@type":"ImageObject","inLanguage":"it-IT","@id":"https:\/\/dutchmicrodosing.com\/it\/funghi-allucinogeni\/accessori-per-la-coltivazione\/substrato-sterilizzato-1200-cc\/#primaryimage","url":"https:\/\/dutchmicrodosing.com\/wp-content\/uploads\/2026\/02\/b9843ab9-982e-40a6-bf87-02636baab6ec.png","contentUrl":"https:\/\/dutchmicrodosing.com\/wp-content\/uploads\/2026\/02\/b9843ab9-982e-40a6-bf87-02636baab6ec.png","width":1536,"height":1024,"caption":"Substrato sterilizzato - 1200 cc"},{"@type":"BreadcrumbList","@id":"https:\/\/dutchmicrodosing.com\/it\/funghi-allucinogeni\/accessori-per-la-coltivazione\/substrato-sterilizzato-1200-cc\/#breadcrumb","itemListElement":[{"@type":"ListItem","position":1,"name":"Home","item":"https:\/\/dutchmicrodosing.com\/it\/"},{"@type":"ListItem","position":2,"name":"Negozio","item":"https:\/\/dutchmicrodosing.com\/it\/negozio\/"},{"@type":"ListItem","position":3,"name":"Substrato sterilizzato &#8211; 1200 cc"}]},{"@type":"WebSite","@id":"https:\/\/dutchmicrodosing.com\/it\/#website","url":"https:\/\/dutchmicrodosing.com\/it\/","name":"Dutchmicrodosing","description":"","publisher":{"@id":"https:\/\/dutchmicrodosing.com\/it\/#organization"},"potentialAction":[{"@type":"SearchAction","target":{"@type":"EntryPoint","urlTemplate":"https:\/\/dutchmicrodosing.com\/it\/?s={search_term_string}"},"query-input":{"@type":"PropertyValueSpecification","valueRequired":true,"valueName":"search_term_string"}}],"inLanguage":"it-IT"},{"@type":"Organization","@id":"https:\/\/dutchmicrodosing.com\/it\/#organization","name":"Dutchmicrodosing","url":"https:\/\/dutchmicrodosing.com\/it\/","logo":{"@type":"ImageObject","inLanguage":"it-IT","@id":"https:\/\/dutchmicrodosing.com\/it\/#\/schema\/logo\/image\/","url":"https:\/\/dutchmicrodosing.com\/wp-content\/uploads\/2021\/01\/microdosing-categorie-pic-nieuw.jpg","contentUrl":"https:\/\/dutchmicrodosing.com\/wp-content\/uploads\/2021\/01\/microdosing-categorie-pic-nieuw.jpg","width":500,"height":500,"caption":"Dutchmicrodosing"},"image":{"@id":"https:\/\/dutchmicrodosing.com\/it\/#\/schema\/logo\/image\/"},"sameAs":["https:\/\/www.facebook.com\/Dutchmicrodosingxp\/","https:\/\/www.instagram.com\/dutchmicrodosing\/"]}]},"product_price_amount":"19.95","product_price_currency":"EUR","og_availability":"instock","product_availability":"instock","product_retailer_item_id":"5210163","product_condition":"new"},"_links":{"self":[{"href":"https:\/\/dutchmicrodosing.com\/it\/wp-json\/wp\/v2\/product\/64212","targetHints":{"allow":["GET"]}}],"collection":[{"href":"https:\/\/dutchmicrodosing.com\/it\/wp-json\/wp\/v2\/product"}],"about":[{"href":"https:\/\/dutchmicrodosing.com\/it\/wp-json\/wp\/v2\/types\/product"}],"replies":[{"embeddable":true,"href":"https:\/\/dutchmicrodosing.com\/it\/wp-json\/wp\/v2\/comments?post=64212"}],"version-history":[{"count":0,"href":"https:\/\/dutchmicrodosing.com\/it\/wp-json\/wp\/v2\/product\/64212\/revisions"}],"wp:featuredmedia":[{"embeddable":true,"href":"https:\/\/dutchmicrodosing.com\/it\/wp-json\/wp\/v2\/media\/64211"}],"wp:attachment":[{"href":"https:\/\/dutchmicrodosing.com\/it\/wp-json\/wp\/v2\/media?parent=64212"}],"wp:term":[{"taxonomy":"product_brand","embeddable":true,"href":"https:\/\/dutchmicrodosing.com\/it\/wp-json\/wp\/v2\/product_brand?post=64212"},{"taxonomy":"product_cat","embeddable":true,"href":"https:\/\/dutchmicrodosing.com\/it\/wp-json\/wp\/v2\/product_cat?post=64212"},{"taxonomy":"product_tag","embeddable":true,"href":"https:\/\/dutchmicrodosing.com\/it\/wp-json\/wp\/v2\/product_tag?post=64212"}],"curies":[{"name":"wp","href":"https:\/\/api.w.org\/{rel}","templated":true}]}}