{"id":6450,"date":"2021-03-22T19:31:14","date_gmt":"2021-03-22T18:31:14","guid":{"rendered":"https:\/\/dutchmicrodosing.com\/shop\/niet-gecategoriseerd\/criniera-di-leone-hericium-erinaceus-120-caps\/"},"modified":"2026-01-09T12:53:29","modified_gmt":"2026-01-09T11:53:29","slug":"leone-mano-hericium-erinaceus-120-caps","status":"publish","type":"product","link":"https:\/\/dutchmicrodosing.com\/it\/funghi-medicinali\/leone-mano-hericium-erinaceus-120-caps\/","title":{"rendered":"Criniera di leone (Hericium erinaceus)-120 Caps"},"content":{"rendered":"<p>Lion&#8217;s Mane di McMyco \u00e8 un integratore alimentare utilizzato per sostenere la salute. Se vi imbatteste nel fungo della criniera del leone nella foresta, vedreste uno spettacolo impressionante: sembra una parrucca bianca, o la criniera di un leone, che cresce sul tronco di un albero.  Purtroppo, la possibilit\u00e0 di incontrarlo nel nostro paese non \u00e8 grande, \u00e8 una specie in pericolo.<\/p>\n<p>La criniera di leone si distingue anche perch\u00e9 pu\u00f2 aiutare a sostenere la salute. Potresti usarlo per rafforzare il tuo sistema immunitario, tra le altre cose. Ma la sua forza sta soprattutto nell&#8217;effetto protettivo che ha sul cervello.<\/p>\n<h2>Per cosa pu\u00f2 essere usato il Lion&#8217;s Mane<\/h2>\n<p>La criniera di leone \u00e8 stata usata in Asia per secoli, sia in cucina che per le sue propriet\u00e0 medicinali. Il fungo ha un sapore leggero e dolciastro, motivo per cui \u00e8 considerato una prelibatezza in Estremo Oriente. Vi si usa in tutti i tipi di piatti, anche come sostituto della carne.<\/p>\n<p>In Asia, il wigwam \u00e8 noto per le sue propriet\u00e0 protettive. Si dice che sia in grado di riportare il corpo e la mente in equilibrio e viene usato per l&#8217;irrequietezza, i problemi di sonno, l&#8217;ansia e lo stress. Potrebbe anche avere un effetto positivo sulla vostra concentrazione.<\/p>\n<p>Anche il mondo medico occidentale sta iniziando a scoprire sempre pi\u00f9 ci\u00f2 che i funghi medicinali hanno da offrire. Ci sono molte ricerche in corso sulle propriet\u00e0 medicinali dei funghi. Anche la canna di leone di McMyco pu\u00f2 contribuire alla buona salute. Potresti usare questo a:<\/p>\n<ul>\n<li>Disturbi allo stomaco e all&#8217;intestino<\/li>\n<li>Supporto del sistema immunitario<\/li>\n<li>Disturbi del sistema nervoso e del cervello<\/li>\n<\/ul>\n<h2>La criniera di leone e i suoi effetti sul corpo<\/h2>\n<h3>Il cervello<\/h3>\n<p>Con l&#8217;et\u00e0 arrivano i reclami, che di solito diamo per scontati. Lo notiamo soprattutto nel cattivo funzionamento del nostro cervello: le dimenticanze aumentano e non riusciamo a stare al passo con i tempi con la stessa facilit\u00e0. In casi gravi, gli anziani possono sviluppare il morbo di Alzheimer o di Parkinson. Con queste malattie, le cellule nervose sono danneggiate e non \u00e8 possibile alcun recupero.<\/p>\n<p>L&#8217;assunzione di Lion&#8217;s Mane pu\u00f2 avere un effetto positivo sul cervello e sui nervi. Questo fungo sembra essere in grado di promuovere la produzione di NGF (nerve growth factor) e contiene neuropeptidi, che sono coinvolti nella conservazione e nella crescita della mielina e delle cellule nervose. In questo modo la Wigweed ha un effetto protettivo sui nervi e potrebbe limitare gli effetti devastanti dell&#8217;Alzheimer e del Parkinson.<\/p>\n<h3>In caso di disturbi allo stomaco e all&#8217;intestino<\/h3>\n<p>McMyco&#8217;s Lion&#8217;s Mane pu\u00f2 aiutare con vari disturbi gastrointestinali. Si pu\u00f2 usare per infiammazioni, ulcere, infezioni batteriche e anche per il cancro allo stomaco. I problemi nel tratto gastrointestinale sono spesso causati da batteri, come l&#8217;H. Pylori. Questo particolare fungo pu\u00f2 inibire la crescita di questo batterio e allo stesso tempo ha un effetto protettivo sul rivestimento dello stomaco.<\/p>\n<h3>Supporto del sistema immunitario<\/h3>\n<p>Molti funghi contengono tutti i tipi di sostanze preziose. Per esempio, la criniera di leone \u00e8 ricca di polisaccaridi non lineari. Si tratta di antiossidanti che hanno un effetto di sostegno alla resistenza, perch\u00e9 il corpo ne ha bisogno come materiale da costruzione. Quindi puoi usare questo integratore per mantenere la tua resistenza e proteggerti da batteri, virus e altri parassiti.<\/p>\n<h3>McMyco&#8217;s Lion&#8217;s Mane facile da comprare online<\/h3>\n<p>Se vuoi usare la canna di leone per sostenere la tua salute, \u00e8 bene sapere che questo fungo \u00e8 sicuro da usare. Fate attenzione se avete allergie, in caso di gravidanza o allattamento. Allora \u00e8 consigliabile chiedere consiglio al proprio medico. Acquista questo integratore rapidamente e facilmente nel nostro negozio in una confezione da 120 capsule.<\/p>\n<p><strong>Ingredienti:<\/strong><\/p>\n<p>Per capsula vegetale: 400 mg di estratto organico di criniera di leone (hericium erinaceus) dal 100% del corpo fruttifero (fungo). \u00c8 un estratto completo ottenuto per mezzo di H2O ed etanolo. Questo per ottenere il massimo dai corpi fruttiferi. Contiene il 30% di polisaccaridi e beta-glucani.<\/p>\n<p>Eccipienti: citrato di magnesio e diossido di silicio<br \/>\nDosaggio: 2 volte al giorno 1 capsula durante i pasti con acqua.<br \/>\nContenuto: 120 capsule<\/p>\n","protected":false},"excerpt":{"rendered":"<p>Lion&#8217;s Mane di McMyco \u00e8 un integratore alimentare utilizzato per sostenere la salute. Se vi imbatteste nel fungo della criniera del leone nella foresta, vedreste uno spettacolo impressionante: sembra una parrucca bianca, o la criniera di un leone, che cresce sul tronco di un albero. Purtroppo, la possibilit\u00e0 di incontrarlo nel nostro paese non \u00e8 [&hellip;]<\/p>\n","protected":false},"featured_media":6451,"comment_status":"open","ping_status":"closed","template":"","meta":[],"product_brand":[],"product_cat":[175,296],"product_tag":[],"class_list":{"0":"post-6450","1":"product","2":"type-product","3":"status-publish","4":"has-post-thumbnail","6":"product_cat-funghi-medicinali","7":"product_cat-integratori-per-il-sistema-immunitario","9":"first","10":"instock","11":"taxable","12":"shipping-taxable","13":"purchasable","14":"product-type-simple"},"yoast_head":"<!-- This site is optimized with the Yoast SEO Premium plugin v26.4 (Yoast SEO v27.4) - https:\/\/yoast.com\/product\/yoast-seo-premium-wordpress\/ -->\n<title>Criniera di leone (Hericium erinaceus)-120 Caps - Dutchmicrodosing<\/title>\n<meta name=\"robots\" content=\"index, follow, max-snippet:-1, max-image-preview:large, max-video-preview:-1\" \/>\n<link rel=\"canonical\" href=\"https:\/\/dutchmicrodosing.com\/it\/funghi-medicinali\/leone-mano-hericium-erinaceus-120-caps\/\" \/>\n<meta property=\"og:locale\" content=\"it_IT\" \/>\n<meta property=\"og:type\" content=\"article\" \/>\n<meta property=\"og:title\" content=\"Criniera di leone (Hericium erinaceus)-120 Caps\" \/>\n<meta property=\"og:description\" content=\"Lion&#039;s Mane di McMyco \u00e8 un integratore alimentare utilizzato per sostenere la salute. Se vi imbatteste nel fungo della criniera del leone nella foresta,\" \/>\n<meta property=\"og:url\" content=\"https:\/\/dutchmicrodosing.com\/it\/funghi-medicinali\/leone-mano-hericium-erinaceus-120-caps\/\" \/>\n<meta property=\"og:site_name\" content=\"Dutchmicrodosing\" \/>\n<meta property=\"article:publisher\" content=\"https:\/\/www.facebook.com\/Dutchmicrodosingxp\/\" \/>\n<meta property=\"article:modified_time\" content=\"2026-01-09T11:53:29+00:00\" \/>\n<meta property=\"og:image\" content=\"https:\/\/dutchmicrodosing.com\/wp-content\/uploads\/2021\/03\/Lions-mane-2-1.jpg\" \/>\n\t<meta property=\"og:image:width\" content=\"1000\" \/>\n\t<meta property=\"og:image:height\" content=\"1000\" \/>\n\t<meta property=\"og:image:type\" content=\"image\/jpeg\" \/>\n<meta name=\"twitter:card\" content=\"summary_large_image\" \/>\n<script type=\"application\/ld+json\" class=\"yoast-schema-graph\">{\"@context\":\"https:\\\/\\\/schema.org\",\"@graph\":[{\"@type\":\"WebPage\",\"@id\":\"https:\\\/\\\/dutchmicrodosing.com\\\/it\\\/funghi-medicinali\\\/leone-mano-hericium-erinaceus-120-caps\\\/\",\"url\":\"https:\\\/\\\/dutchmicrodosing.com\\\/it\\\/funghi-medicinali\\\/leone-mano-hericium-erinaceus-120-caps\\\/\",\"name\":\"Criniera di leone (Hericium erinaceus)-120 Caps - Dutchmicrodosing\",\"isPartOf\":{\"@id\":\"https:\\\/\\\/dutchmicrodosing.com\\\/it\\\/#website\"},\"primaryImageOfPage\":{\"@id\":\"https:\\\/\\\/dutchmicrodosing.com\\\/it\\\/funghi-medicinali\\\/leone-mano-hericium-erinaceus-120-caps\\\/#primaryimage\"},\"image\":{\"@id\":\"https:\\\/\\\/dutchmicrodosing.com\\\/it\\\/funghi-medicinali\\\/leone-mano-hericium-erinaceus-120-caps\\\/#primaryimage\"},\"thumbnailUrl\":\"https:\\\/\\\/dutchmicrodosing.com\\\/wp-content\\\/uploads\\\/2021\\\/03\\\/Lions-mane-2-1.jpg\",\"datePublished\":\"2021-03-22T18:31:14+00:00\",\"dateModified\":\"2026-01-09T11:53:29+00:00\",\"breadcrumb\":{\"@id\":\"https:\\\/\\\/dutchmicrodosing.com\\\/it\\\/funghi-medicinali\\\/leone-mano-hericium-erinaceus-120-caps\\\/#breadcrumb\"},\"inLanguage\":\"it-IT\",\"potentialAction\":[{\"@type\":\"ReadAction\",\"target\":[\"https:\\\/\\\/dutchmicrodosing.com\\\/it\\\/funghi-medicinali\\\/leone-mano-hericium-erinaceus-120-caps\\\/\"]}]},{\"@type\":\"ImageObject\",\"inLanguage\":\"it-IT\",\"@id\":\"https:\\\/\\\/dutchmicrodosing.com\\\/it\\\/funghi-medicinali\\\/leone-mano-hericium-erinaceus-120-caps\\\/#primaryimage\",\"url\":\"https:\\\/\\\/dutchmicrodosing.com\\\/wp-content\\\/uploads\\\/2021\\\/03\\\/Lions-mane-2-1.jpg\",\"contentUrl\":\"https:\\\/\\\/dutchmicrodosing.com\\\/wp-content\\\/uploads\\\/2021\\\/03\\\/Lions-mane-2-1.jpg\",\"width\":1000,\"height\":1000},{\"@type\":\"BreadcrumbList\",\"@id\":\"https:\\\/\\\/dutchmicrodosing.com\\\/it\\\/funghi-medicinali\\\/leone-mano-hericium-erinaceus-120-caps\\\/#breadcrumb\",\"itemListElement\":[{\"@type\":\"ListItem\",\"position\":1,\"name\":\"Home\",\"item\":\"https:\\\/\\\/dutchmicrodosing.com\\\/it\\\/\"},{\"@type\":\"ListItem\",\"position\":2,\"name\":\"Negozio\",\"item\":\"https:\\\/\\\/dutchmicrodosing.com\\\/it\\\/negozio\\\/\"},{\"@type\":\"ListItem\",\"position\":3,\"name\":\"Criniera di leone (Hericium erinaceus)-120 Caps\"}]},{\"@type\":\"WebSite\",\"@id\":\"https:\\\/\\\/dutchmicrodosing.com\\\/it\\\/#website\",\"url\":\"https:\\\/\\\/dutchmicrodosing.com\\\/it\\\/\",\"name\":\"Dutchmicrodosing\",\"description\":\"\",\"publisher\":{\"@id\":\"https:\\\/\\\/dutchmicrodosing.com\\\/it\\\/#organization\"},\"potentialAction\":[{\"@type\":\"SearchAction\",\"target\":{\"@type\":\"EntryPoint\",\"urlTemplate\":\"https:\\\/\\\/dutchmicrodosing.com\\\/it\\\/?s={search_term_string}\"},\"query-input\":{\"@type\":\"PropertyValueSpecification\",\"valueRequired\":true,\"valueName\":\"search_term_string\"}}],\"inLanguage\":\"it-IT\"},{\"@type\":\"Organization\",\"@id\":\"https:\\\/\\\/dutchmicrodosing.com\\\/it\\\/#organization\",\"name\":\"Dutchmicrodosing\",\"url\":\"https:\\\/\\\/dutchmicrodosing.com\\\/it\\\/\",\"logo\":{\"@type\":\"ImageObject\",\"inLanguage\":\"it-IT\",\"@id\":\"https:\\\/\\\/dutchmicrodosing.com\\\/it\\\/#\\\/schema\\\/logo\\\/image\\\/\",\"url\":\"https:\\\/\\\/dutchmicrodosing.com\\\/wp-content\\\/uploads\\\/2021\\\/01\\\/microdosing-categorie-pic-nieuw.jpg\",\"contentUrl\":\"https:\\\/\\\/dutchmicrodosing.com\\\/wp-content\\\/uploads\\\/2021\\\/01\\\/microdosing-categorie-pic-nieuw.jpg\",\"width\":500,\"height\":500,\"caption\":\"Dutchmicrodosing\"},\"image\":{\"@id\":\"https:\\\/\\\/dutchmicrodosing.com\\\/it\\\/#\\\/schema\\\/logo\\\/image\\\/\"},\"sameAs\":[\"https:\\\/\\\/www.facebook.com\\\/Dutchmicrodosingxp\\\/\",\"https:\\\/\\\/www.instagram.com\\\/dutchmicrodosing\\\/\"]}]}<\/script>\n<meta property=\"product:price:amount\" content=\"34.95\" \/>\n<meta property=\"product:price:currency\" content=\"EUR\" \/>\n<meta property=\"og:availability\" content=\"instock\" \/>\n<meta property=\"product:availability\" content=\"instock\" \/>\n<meta property=\"product:retailer_item_id\" content=\"1203592\" \/>\n<meta property=\"product:condition\" content=\"new\" \/>\n<!-- \/ Yoast SEO Premium plugin. -->","yoast_head_json":{"title":"Criniera di leone (Hericium erinaceus)-120 Caps - Dutchmicrodosing","robots":{"index":"index","follow":"follow","max-snippet":"max-snippet:-1","max-image-preview":"max-image-preview:large","max-video-preview":"max-video-preview:-1"},"canonical":"https:\/\/dutchmicrodosing.com\/it\/funghi-medicinali\/leone-mano-hericium-erinaceus-120-caps\/","og_locale":"it_IT","og_type":"article","og_title":"Criniera di leone (Hericium erinaceus)-120 Caps","og_description":"Lion's Mane di McMyco \u00e8 un integratore alimentare utilizzato per sostenere la salute. Se vi imbatteste nel fungo della criniera del leone nella foresta,","og_url":"https:\/\/dutchmicrodosing.com\/it\/funghi-medicinali\/leone-mano-hericium-erinaceus-120-caps\/","og_site_name":"Dutchmicrodosing","article_publisher":"https:\/\/www.facebook.com\/Dutchmicrodosingxp\/","article_modified_time":"2026-01-09T11:53:29+00:00","og_image":[{"width":1000,"height":1000,"url":"https:\/\/dutchmicrodosing.com\/wp-content\/uploads\/2021\/03\/Lions-mane-2-1.jpg","type":"image\/jpeg"}],"twitter_card":"summary_large_image","schema":{"@context":"https:\/\/schema.org","@graph":[{"@type":"WebPage","@id":"https:\/\/dutchmicrodosing.com\/it\/funghi-medicinali\/leone-mano-hericium-erinaceus-120-caps\/","url":"https:\/\/dutchmicrodosing.com\/it\/funghi-medicinali\/leone-mano-hericium-erinaceus-120-caps\/","name":"Criniera di leone (Hericium erinaceus)-120 Caps - Dutchmicrodosing","isPartOf":{"@id":"https:\/\/dutchmicrodosing.com\/it\/#website"},"primaryImageOfPage":{"@id":"https:\/\/dutchmicrodosing.com\/it\/funghi-medicinali\/leone-mano-hericium-erinaceus-120-caps\/#primaryimage"},"image":{"@id":"https:\/\/dutchmicrodosing.com\/it\/funghi-medicinali\/leone-mano-hericium-erinaceus-120-caps\/#primaryimage"},"thumbnailUrl":"https:\/\/dutchmicrodosing.com\/wp-content\/uploads\/2021\/03\/Lions-mane-2-1.jpg","datePublished":"2021-03-22T18:31:14+00:00","dateModified":"2026-01-09T11:53:29+00:00","breadcrumb":{"@id":"https:\/\/dutchmicrodosing.com\/it\/funghi-medicinali\/leone-mano-hericium-erinaceus-120-caps\/#breadcrumb"},"inLanguage":"it-IT","potentialAction":[{"@type":"ReadAction","target":["https:\/\/dutchmicrodosing.com\/it\/funghi-medicinali\/leone-mano-hericium-erinaceus-120-caps\/"]}]},{"@type":"ImageObject","inLanguage":"it-IT","@id":"https:\/\/dutchmicrodosing.com\/it\/funghi-medicinali\/leone-mano-hericium-erinaceus-120-caps\/#primaryimage","url":"https:\/\/dutchmicrodosing.com\/wp-content\/uploads\/2021\/03\/Lions-mane-2-1.jpg","contentUrl":"https:\/\/dutchmicrodosing.com\/wp-content\/uploads\/2021\/03\/Lions-mane-2-1.jpg","width":1000,"height":1000},{"@type":"BreadcrumbList","@id":"https:\/\/dutchmicrodosing.com\/it\/funghi-medicinali\/leone-mano-hericium-erinaceus-120-caps\/#breadcrumb","itemListElement":[{"@type":"ListItem","position":1,"name":"Home","item":"https:\/\/dutchmicrodosing.com\/it\/"},{"@type":"ListItem","position":2,"name":"Negozio","item":"https:\/\/dutchmicrodosing.com\/it\/negozio\/"},{"@type":"ListItem","position":3,"name":"Criniera di leone (Hericium erinaceus)-120 Caps"}]},{"@type":"WebSite","@id":"https:\/\/dutchmicrodosing.com\/it\/#website","url":"https:\/\/dutchmicrodosing.com\/it\/","name":"Dutchmicrodosing","description":"","publisher":{"@id":"https:\/\/dutchmicrodosing.com\/it\/#organization"},"potentialAction":[{"@type":"SearchAction","target":{"@type":"EntryPoint","urlTemplate":"https:\/\/dutchmicrodosing.com\/it\/?s={search_term_string}"},"query-input":{"@type":"PropertyValueSpecification","valueRequired":true,"valueName":"search_term_string"}}],"inLanguage":"it-IT"},{"@type":"Organization","@id":"https:\/\/dutchmicrodosing.com\/it\/#organization","name":"Dutchmicrodosing","url":"https:\/\/dutchmicrodosing.com\/it\/","logo":{"@type":"ImageObject","inLanguage":"it-IT","@id":"https:\/\/dutchmicrodosing.com\/it\/#\/schema\/logo\/image\/","url":"https:\/\/dutchmicrodosing.com\/wp-content\/uploads\/2021\/01\/microdosing-categorie-pic-nieuw.jpg","contentUrl":"https:\/\/dutchmicrodosing.com\/wp-content\/uploads\/2021\/01\/microdosing-categorie-pic-nieuw.jpg","width":500,"height":500,"caption":"Dutchmicrodosing"},"image":{"@id":"https:\/\/dutchmicrodosing.com\/it\/#\/schema\/logo\/image\/"},"sameAs":["https:\/\/www.facebook.com\/Dutchmicrodosingxp\/","https:\/\/www.instagram.com\/dutchmicrodosing\/"]}]},"product_price_amount":"34.95","product_price_currency":"EUR","og_availability":"instock","product_availability":"instock","product_retailer_item_id":"1203592","product_condition":"new"},"_links":{"self":[{"href":"https:\/\/dutchmicrodosing.com\/it\/wp-json\/wp\/v2\/product\/6450","targetHints":{"allow":["GET"]}}],"collection":[{"href":"https:\/\/dutchmicrodosing.com\/it\/wp-json\/wp\/v2\/product"}],"about":[{"href":"https:\/\/dutchmicrodosing.com\/it\/wp-json\/wp\/v2\/types\/product"}],"replies":[{"embeddable":true,"href":"https:\/\/dutchmicrodosing.com\/it\/wp-json\/wp\/v2\/comments?post=6450"}],"version-history":[{"count":0,"href":"https:\/\/dutchmicrodosing.com\/it\/wp-json\/wp\/v2\/product\/6450\/revisions"}],"wp:featuredmedia":[{"embeddable":true,"href":"https:\/\/dutchmicrodosing.com\/it\/wp-json\/wp\/v2\/media\/6451"}],"wp:attachment":[{"href":"https:\/\/dutchmicrodosing.com\/it\/wp-json\/wp\/v2\/media?parent=6450"}],"wp:term":[{"taxonomy":"product_brand","embeddable":true,"href":"https:\/\/dutchmicrodosing.com\/it\/wp-json\/wp\/v2\/product_brand?post=6450"},{"taxonomy":"product_cat","embeddable":true,"href":"https:\/\/dutchmicrodosing.com\/it\/wp-json\/wp\/v2\/product_cat?post=6450"},{"taxonomy":"product_tag","embeddable":true,"href":"https:\/\/dutchmicrodosing.com\/it\/wp-json\/wp\/v2\/product_tag?post=6450"}],"curies":[{"name":"wp","href":"https:\/\/api.w.org\/{rel}","templated":true}]}}